{"id":720,"date":"2023-03-04T07:27:08","date_gmt":"2023-03-04T07:27:08","guid":{"rendered":"https:\/\/vieteco.com\/?post_type=product&#038;p=720"},"modified":"2025-02-10T08:02:16","modified_gmt":"2025-02-10T08:02:16","slug":"he-vat-canh-55-cua-lua","status":"publish","type":"product","link":"https:\/\/vieteco.com\/en\/product\/he-vat-canh-55-cua-lua\/","title":{"rendered":"Bevel edge 55 System - Sliding door"},"content":{"rendered":"<p>&#8211; \u0110\u1ed9 k\u00edn kh\u00edt tuy\u1ec7t v\u1eddi \u0111\u1ea3m b\u1ea3o c\u00e1ch \u00e2m, c\u00e1ch nhi\u1ec7t, ch\u1ecbu n\u01b0\u1edbc t\u1ed1t, h\u1ea1n ch\u1ebf r\u00f2 r\u1ec9 n\u01b0\u1edbc v\u00e0o b\u00ean trong.<\/p>\n<p>&#8211; Gi\u1ea3m t\u1ea3i tr\u1ecdng c\u00f4ng tr\u00ecnh, gia c\u1ed1 \u0111\u1ed9 b\u1ec1n cho ki\u1ebfn tr\u00fac hi\u1ec7u qu\u1ea3.<\/p>\n<p>&#8211; C\u00f3 kh\u1ea3 n\u0103ng ch\u1ecbu l\u1ef1c t\u1ed1t, h\u1ea1n ch\u1ebf b\u1ecb bi\u1ebfn d\u1ea1ng, xu\u1ed1ng c\u1ea5p.<\/p>\n<p>&#8211; C\u00f4ng ngh\u1ec7 gh\u00e9p g\u00f3c ti\u00ean ti\u1ebfn c\u00f3 kh\u1ea3 n\u0103ng ch\u1ed1ng \u1ed3n v\u00e0 ch\u1ecbu nhi\u1ec7t c\u1ef1c t\u1ed1t.<\/p>\n<p><img loading=\"lazy\" decoding=\"async\" class=\"alignnone size-full wp-image-2574\" src=\"https:\/\/vieteco.com\/wp-content\/uploads\/2023\/03\/VC-55-cua-lua-2-1086x1536-1.jpg\" alt=\"\" width=\"1086\" height=\"1536\" srcset=\"https:\/\/vieteco.com\/wp-content\/uploads\/2023\/03\/VC-55-cua-lua-2-1086x1536-1.jpg 1086w, https:\/\/vieteco.com\/wp-content\/uploads\/2023\/03\/VC-55-cua-lua-2-1086x1536-1-283x400.jpg 283w, https:\/\/vieteco.com\/wp-content\/uploads\/2023\/03\/VC-55-cua-lua-2-1086x1536-1-724x1024.jpg 724w, https:\/\/vieteco.com\/wp-content\/uploads\/2023\/03\/VC-55-cua-lua-2-1086x1536-1-318x450.jpg 318w, https:\/\/vieteco.com\/wp-content\/uploads\/2023\/03\/VC-55-cua-lua-2-1086x1536-1-768x1086.jpg 768w, https:\/\/vieteco.com\/wp-content\/uploads\/2023\/03\/VC-55-cua-lua-2-1086x1536-1-8x12.jpg 8w, https:\/\/vieteco.com\/wp-content\/uploads\/2023\/03\/VC-55-cua-lua-2-1086x1536-1-510x721.jpg 510w\" sizes=\"auto, (max-width: 1086px) 100vw, 1086px\" \/><img loading=\"lazy\" decoding=\"async\" class=\"alignnone size-full wp-image-2577\" src=\"https:\/\/vieteco.com\/wp-content\/uploads\/2023\/03\/1-1-1087x1536-1.jpg\" alt=\"\" width=\"1087\" height=\"1536\" srcset=\"https:\/\/vieteco.com\/wp-content\/uploads\/2023\/03\/1-1-1087x1536-1.jpg 1087w, https:\/\/vieteco.com\/wp-content\/uploads\/2023\/03\/1-1-1087x1536-1-283x400.jpg 283w, https:\/\/vieteco.com\/wp-content\/uploads\/2023\/03\/1-1-1087x1536-1-725x1024.jpg 725w, https:\/\/vieteco.com\/wp-content\/uploads\/2023\/03\/1-1-1087x1536-1-318x450.jpg 318w, https:\/\/vieteco.com\/wp-content\/uploads\/2023\/03\/1-1-1087x1536-1-768x1085.jpg 768w, https:\/\/vieteco.com\/wp-content\/uploads\/2023\/03\/1-1-1087x1536-1-8x12.jpg 8w, https:\/\/vieteco.com\/wp-content\/uploads\/2023\/03\/1-1-1087x1536-1-510x721.jpg 510w\" sizes=\"auto, (max-width: 1087px) 100vw, 1087px\" \/><img loading=\"lazy\" decoding=\"async\" class=\"alignnone size-full wp-image-2576\" src=\"https:\/\/vieteco.com\/wp-content\/uploads\/2023\/03\/2-1-1086x1536-1.jpg\" alt=\"\" width=\"1086\" height=\"1536\" srcset=\"https:\/\/vieteco.com\/wp-content\/uploads\/2023\/03\/2-1-1086x1536-1.jpg 1086w, https:\/\/vieteco.com\/wp-content\/uploads\/2023\/03\/2-1-1086x1536-1-283x400.jpg 283w, https:\/\/vieteco.com\/wp-content\/uploads\/2023\/03\/2-1-1086x1536-1-724x1024.jpg 724w, https:\/\/vieteco.com\/wp-content\/uploads\/2023\/03\/2-1-1086x1536-1-318x450.jpg 318w, https:\/\/vieteco.com\/wp-content\/uploads\/2023\/03\/2-1-1086x1536-1-768x1086.jpg 768w, https:\/\/vieteco.com\/wp-content\/uploads\/2023\/03\/2-1-1086x1536-1-8x12.jpg 8w, https:\/\/vieteco.com\/wp-content\/uploads\/2023\/03\/2-1-1086x1536-1-510x721.jpg 510w\" sizes=\"auto, (max-width: 1086px) 100vw, 1086px\" \/><img loading=\"lazy\" decoding=\"async\" class=\"alignnone size-full wp-image-2575\" src=\"https:\/\/vieteco.com\/wp-content\/uploads\/2023\/03\/Thong-so-cua-lua-1024x886-1.jpg\" alt=\"\" width=\"1024\" height=\"886\" srcset=\"https:\/\/vieteco.com\/wp-content\/uploads\/2023\/03\/Thong-so-cua-lua-1024x886-1.jpg 1024w, https:\/\/vieteco.com\/wp-content\/uploads\/2023\/03\/Thong-so-cua-lua-1024x886-1-400x346.jpg 400w, https:\/\/vieteco.com\/wp-content\/uploads\/2023\/03\/Thong-so-cua-lua-1024x886-1-450x389.jpg 450w, https:\/\/vieteco.com\/wp-content\/uploads\/2023\/03\/Thong-so-cua-lua-1024x886-1-768x665.jpg 768w, https:\/\/vieteco.com\/wp-content\/uploads\/2023\/03\/Thong-so-cua-lua-1024x886-1-14x12.jpg 14w, https:\/\/vieteco.com\/wp-content\/uploads\/2023\/03\/Thong-so-cua-lua-1024x886-1-510x441.jpg 510w\" sizes=\"auto, (max-width: 1024px) 100vw, 1024px\" \/><\/p>","protected":false},"excerpt":{"rendered":"<p>H\u1ec7 v\u00e1t c\u1ea1nh 55 c\u1eeda l\u00f9a l\u00e0 l\u1ef1a ch\u1ecdn l\u00fd t\u01b0\u1edfng cho nh\u1eefng ai \u0111ang t\u00ecm ki\u1ebfm m\u1ed9t lo\u1ea1i c\u1eeda c\u00f3 thi\u1ebft k\u1ebf \u0111\u1eb9p, \u0111\u1ed9 b\u1ec1n cao, gi\u00e1 th\u00e0nh h\u1ee3p l\u00fd v\u00e0 an to\u00e0n cho ng\u01b0\u1eddi s\u1eed d\u1ee5ng. H\u1ec7 c\u1eeda n\u00e0y c\u00f3 th\u1ec3 \u0111\u01b0\u1ee3c s\u1eed d\u1ee5ng cho nhi\u1ec1u kh\u00f4ng gian kh\u00e1c nhau nh\u01b0 nh\u00e0 \u1edf, v\u0103n ph\u00f2ng, c\u1eeda h\u00e0ng\u2026 v\u1edbi nhi\u1ec1u \u0111\u1eb7c t\u00ednh n\u1ed5i tr\u1ed9i<\/p>","protected":false},"featured_media":2578,"comment_status":"open","ping_status":"closed","template":"","meta":[],"product_brand":[],"product_cat":[47,66],"product_tag":[],"class_list":{"0":"post-720","1":"product","2":"type-product","3":"status-publish","4":"has-post-thumbnail","6":"product_cat-nhan-pae","7":"product_cat-he-vat-canh","9":"first","10":"instock","11":"shipping-taxable","12":"product-type-simple"},"yoast_head":"<!-- This site is optimized with the Yoast SEO plugin v24.9 - https:\/\/yoast.com\/wordpress\/plugins\/seo\/ -->\n<title>H\u1ec7 v\u00e1t c\u1ea1nh 55 c\u1eeda l\u00f9a - Chi\u1ebfn Th\u1eafng Trading Vietnam<\/title>\n<meta name=\"description\" content=\"H\u1ec7 v\u00e1t c\u1ea1nh 55 c\u1eeda l\u00f9a l\u00e0 l\u1ef1a ch\u1ecdn l\u00fd t\u01b0\u1edfng cho nh\u1eefng ai \u0111ang t\u00ecm ki\u1ebfm m\u1ed9t lo\u1ea1i c\u1eeda c\u00f3 thi\u1ebft k\u1ebf \u0111\u1eb9p, \u0111\u1ed9 b\u1ec1n cao, gi\u00e1 th\u00e0nh h\u1ee3p l\u00fd v\u00e0 an to\u00e0n cho ng\u01b0\u1eddi s\u1eed d\u1ee5ng.\" \/>\n<meta name=\"robots\" content=\"index, follow, max-snippet:-1, max-image-preview:large, max-video-preview:-1\" \/>\n<link rel=\"canonical\" href=\"https:\/\/vieteco.com\/en\/product\/he-vat-canh-55-cua-lua\/\" \/>\n<meta property=\"og:locale\" content=\"en_US\" \/>\n<meta property=\"og:type\" content=\"article\" \/>\n<meta property=\"og:title\" content=\"H\u1ec7 v\u00e1t c\u1ea1nh 55 c\u1eeda l\u00f9a - Chi\u1ebfn Th\u1eafng Trading Vietnam\" \/>\n<meta property=\"og:description\" content=\"H\u1ec7 v\u00e1t c\u1ea1nh 55 c\u1eeda l\u00f9a l\u00e0 l\u1ef1a ch\u1ecdn l\u00fd t\u01b0\u1edfng cho nh\u1eefng ai \u0111ang t\u00ecm ki\u1ebfm m\u1ed9t lo\u1ea1i c\u1eeda c\u00f3 thi\u1ebft k\u1ebf \u0111\u1eb9p, \u0111\u1ed9 b\u1ec1n cao, gi\u00e1 th\u00e0nh h\u1ee3p l\u00fd v\u00e0 an to\u00e0n cho ng\u01b0\u1eddi s\u1eed d\u1ee5ng.\" \/>\n<meta property=\"og:url\" content=\"https:\/\/vieteco.com\/en\/product\/he-vat-canh-55-cua-lua\/\" \/>\n<meta property=\"og:site_name\" content=\"C\u00d4NG TY TNHH ALUMINUM VI\u1ec6T ECO\" \/>\n<meta property=\"article:modified_time\" content=\"2025-02-10T08:02:16+00:00\" \/>\n<meta property=\"og:image\" content=\"https:\/\/vieteco.com\/wp-content\/uploads\/2023\/03\/He-vat-canh-55-cua-lua-1-scaled-1.jpg\" \/>\n\t<meta property=\"og:image:width\" content=\"2560\" \/>\n\t<meta property=\"og:image:height\" content=\"2560\" \/>\n\t<meta property=\"og:image:type\" content=\"image\/jpeg\" \/>\n<meta name=\"twitter:card\" content=\"summary_large_image\" \/>\n<meta name=\"twitter:label1\" content=\"Est. reading time\" \/>\n\t<meta name=\"twitter:data1\" content=\"2 minutes\" \/>\n<script type=\"application\/ld+json\" class=\"yoast-schema-graph\">{\"@context\":\"https:\/\/schema.org\",\"@graph\":[{\"@type\":\"WebPage\",\"@id\":\"https:\/\/vieteco.com\/san-pham\/he-vat-canh-55-cua-lua\/\",\"url\":\"https:\/\/vieteco.com\/san-pham\/he-vat-canh-55-cua-lua\/\",\"name\":\"H\u1ec7 v\u00e1t c\u1ea1nh 55 c\u1eeda l\u00f9a - Chi\u1ebfn Th\u1eafng Trading Vietnam\",\"isPartOf\":{\"@id\":\"https:\/\/vieteco.com\/#website\"},\"primaryImageOfPage\":{\"@id\":\"https:\/\/vieteco.com\/san-pham\/he-vat-canh-55-cua-lua\/#primaryimage\"},\"image\":{\"@id\":\"https:\/\/vieteco.com\/san-pham\/he-vat-canh-55-cua-lua\/#primaryimage\"},\"thumbnailUrl\":\"https:\/\/vieteco.com\/wp-content\/uploads\/2023\/03\/He-vat-canh-55-cua-lua-1-scaled-1.jpg\",\"datePublished\":\"2023-03-04T07:27:08+00:00\",\"dateModified\":\"2025-02-10T08:02:16+00:00\",\"description\":\"H\u1ec7 v\u00e1t c\u1ea1nh 55 c\u1eeda l\u00f9a l\u00e0 l\u1ef1a ch\u1ecdn l\u00fd t\u01b0\u1edfng cho nh\u1eefng ai \u0111ang t\u00ecm ki\u1ebfm m\u1ed9t lo\u1ea1i c\u1eeda c\u00f3 thi\u1ebft k\u1ebf \u0111\u1eb9p, \u0111\u1ed9 b\u1ec1n cao, gi\u00e1 th\u00e0nh h\u1ee3p l\u00fd v\u00e0 an to\u00e0n cho ng\u01b0\u1eddi s\u1eed d\u1ee5ng.\",\"breadcrumb\":{\"@id\":\"https:\/\/vieteco.com\/san-pham\/he-vat-canh-55-cua-lua\/#breadcrumb\"},\"inLanguage\":\"en-US\",\"potentialAction\":[{\"@type\":\"ReadAction\",\"target\":[\"https:\/\/vieteco.com\/san-pham\/he-vat-canh-55-cua-lua\/\"]}]},{\"@type\":\"ImageObject\",\"inLanguage\":\"en-US\",\"@id\":\"https:\/\/vieteco.com\/san-pham\/he-vat-canh-55-cua-lua\/#primaryimage\",\"url\":\"https:\/\/vieteco.com\/wp-content\/uploads\/2023\/03\/He-vat-canh-55-cua-lua-1-scaled-1.jpg\",\"contentUrl\":\"https:\/\/vieteco.com\/wp-content\/uploads\/2023\/03\/He-vat-canh-55-cua-lua-1-scaled-1.jpg\",\"width\":2560,\"height\":2560},{\"@type\":\"BreadcrumbList\",\"@id\":\"https:\/\/vieteco.com\/san-pham\/he-vat-canh-55-cua-lua\/#breadcrumb\",\"itemListElement\":[{\"@type\":\"ListItem\",\"position\":1,\"name\":\"Home\",\"item\":\"https:\/\/vieteco.com\/\"},{\"@type\":\"ListItem\",\"position\":2,\"name\":\"Shop\",\"item\":\"https:\/\/vieteco.com\/shop\/\"},{\"@type\":\"ListItem\",\"position\":3,\"name\":\"H\u1ec7 v\u00e1t c\u1ea1nh 55 c\u1eeda l\u00f9a\"}]},{\"@type\":\"WebSite\",\"@id\":\"https:\/\/vieteco.com\/#website\",\"url\":\"https:\/\/vieteco.com\/\",\"name\":\"C\u00d4NG TY TNHH ALUMINUM VI\u1ec6T ECO\",\"description\":\"\",\"publisher\":{\"@id\":\"https:\/\/vieteco.com\/#organization\"},\"potentialAction\":[{\"@type\":\"SearchAction\",\"target\":{\"@type\":\"EntryPoint\",\"urlTemplate\":\"https:\/\/vieteco.com\/?s={search_term_string}\"},\"query-input\":{\"@type\":\"PropertyValueSpecification\",\"valueRequired\":true,\"valueName\":\"search_term_string\"}}],\"inLanguage\":\"en-US\"},{\"@type\":\"Organization\",\"@id\":\"https:\/\/vieteco.com\/#organization\",\"name\":\"C\u00d4NG TY TNHH ALUMINUM VI\u1ec6T ECO\",\"url\":\"https:\/\/vieteco.com\/\",\"logo\":{\"@type\":\"ImageObject\",\"inLanguage\":\"en-US\",\"@id\":\"https:\/\/vieteco.com\/#\/schema\/logo\/image\/\",\"url\":\"https:\/\/vieteco.com\/wp-content\/uploads\/2025\/05\/cropped-Logo-VEC-doc-scaled-1.png\",\"contentUrl\":\"https:\/\/vieteco.com\/wp-content\/uploads\/2025\/05\/cropped-Logo-VEC-doc-scaled-1.png\",\"width\":512,\"height\":512,\"caption\":\"C\u00d4NG TY TNHH ALUMINUM VI\u1ec6T ECO\"},\"image\":{\"@id\":\"https:\/\/vieteco.com\/#\/schema\/logo\/image\/\"}}]}<\/script>\n<!-- \/ Yoast SEO plugin. -->","yoast_head_json":{"title":"H\u1ec7 v\u00e1t c\u1ea1nh 55 c\u1eeda l\u00f9a - Chi\u1ebfn Th\u1eafng Trading Vietnam","description":"H\u1ec7 v\u00e1t c\u1ea1nh 55 c\u1eeda l\u00f9a l\u00e0 l\u1ef1a ch\u1ecdn l\u00fd t\u01b0\u1edfng cho nh\u1eefng ai \u0111ang t\u00ecm ki\u1ebfm m\u1ed9t lo\u1ea1i c\u1eeda c\u00f3 thi\u1ebft k\u1ebf \u0111\u1eb9p, \u0111\u1ed9 b\u1ec1n cao, gi\u00e1 th\u00e0nh h\u1ee3p l\u00fd v\u00e0 an to\u00e0n cho ng\u01b0\u1eddi s\u1eed d\u1ee5ng.","robots":{"index":"index","follow":"follow","max-snippet":"max-snippet:-1","max-image-preview":"max-image-preview:large","max-video-preview":"max-video-preview:-1"},"canonical":"https:\/\/vieteco.com\/en\/product\/he-vat-canh-55-cua-lua\/","og_locale":"en_US","og_type":"article","og_title":"H\u1ec7 v\u00e1t c\u1ea1nh 55 c\u1eeda l\u00f9a - Chi\u1ebfn Th\u1eafng Trading Vietnam","og_description":"H\u1ec7 v\u00e1t c\u1ea1nh 55 c\u1eeda l\u00f9a l\u00e0 l\u1ef1a ch\u1ecdn l\u00fd t\u01b0\u1edfng cho nh\u1eefng ai \u0111ang t\u00ecm ki\u1ebfm m\u1ed9t lo\u1ea1i c\u1eeda c\u00f3 thi\u1ebft k\u1ebf \u0111\u1eb9p, \u0111\u1ed9 b\u1ec1n cao, gi\u00e1 th\u00e0nh h\u1ee3p l\u00fd v\u00e0 an to\u00e0n cho ng\u01b0\u1eddi s\u1eed d\u1ee5ng.","og_url":"https:\/\/vieteco.com\/en\/product\/he-vat-canh-55-cua-lua\/","og_site_name":"C\u00d4NG TY TNHH ALUMINUM VI\u1ec6T ECO","article_modified_time":"2025-02-10T08:02:16+00:00","og_image":[{"width":2560,"height":2560,"url":"https:\/\/vieteco.com\/wp-content\/uploads\/2023\/03\/He-vat-canh-55-cua-lua-1-scaled-1.jpg","type":"image\/jpeg"}],"twitter_card":"summary_large_image","twitter_misc":{"Est. reading time":"2 minutes"},"schema":{"@context":"https:\/\/schema.org","@graph":[{"@type":"WebPage","@id":"https:\/\/vieteco.com\/san-pham\/he-vat-canh-55-cua-lua\/","url":"https:\/\/vieteco.com\/san-pham\/he-vat-canh-55-cua-lua\/","name":"H\u1ec7 v\u00e1t c\u1ea1nh 55 c\u1eeda l\u00f9a - Chi\u1ebfn Th\u1eafng Trading Vietnam","isPartOf":{"@id":"https:\/\/vieteco.com\/#website"},"primaryImageOfPage":{"@id":"https:\/\/vieteco.com\/san-pham\/he-vat-canh-55-cua-lua\/#primaryimage"},"image":{"@id":"https:\/\/vieteco.com\/san-pham\/he-vat-canh-55-cua-lua\/#primaryimage"},"thumbnailUrl":"https:\/\/vieteco.com\/wp-content\/uploads\/2023\/03\/He-vat-canh-55-cua-lua-1-scaled-1.jpg","datePublished":"2023-03-04T07:27:08+00:00","dateModified":"2025-02-10T08:02:16+00:00","description":"H\u1ec7 v\u00e1t c\u1ea1nh 55 c\u1eeda l\u00f9a l\u00e0 l\u1ef1a ch\u1ecdn l\u00fd t\u01b0\u1edfng cho nh\u1eefng ai \u0111ang t\u00ecm ki\u1ebfm m\u1ed9t lo\u1ea1i c\u1eeda c\u00f3 thi\u1ebft k\u1ebf \u0111\u1eb9p, \u0111\u1ed9 b\u1ec1n cao, gi\u00e1 th\u00e0nh h\u1ee3p l\u00fd v\u00e0 an to\u00e0n cho ng\u01b0\u1eddi s\u1eed d\u1ee5ng.","breadcrumb":{"@id":"https:\/\/vieteco.com\/san-pham\/he-vat-canh-55-cua-lua\/#breadcrumb"},"inLanguage":"en-US","potentialAction":[{"@type":"ReadAction","target":["https:\/\/vieteco.com\/san-pham\/he-vat-canh-55-cua-lua\/"]}]},{"@type":"ImageObject","inLanguage":"en-US","@id":"https:\/\/vieteco.com\/san-pham\/he-vat-canh-55-cua-lua\/#primaryimage","url":"https:\/\/vieteco.com\/wp-content\/uploads\/2023\/03\/He-vat-canh-55-cua-lua-1-scaled-1.jpg","contentUrl":"https:\/\/vieteco.com\/wp-content\/uploads\/2023\/03\/He-vat-canh-55-cua-lua-1-scaled-1.jpg","width":2560,"height":2560},{"@type":"BreadcrumbList","@id":"https:\/\/vieteco.com\/san-pham\/he-vat-canh-55-cua-lua\/#breadcrumb","itemListElement":[{"@type":"ListItem","position":1,"name":"Home","item":"https:\/\/vieteco.com\/"},{"@type":"ListItem","position":2,"name":"Shop","item":"https:\/\/vieteco.com\/shop\/"},{"@type":"ListItem","position":3,"name":"H\u1ec7 v\u00e1t c\u1ea1nh 55 c\u1eeda l\u00f9a"}]},{"@type":"WebSite","@id":"https:\/\/vieteco.com\/#website","url":"https:\/\/vieteco.com\/","name":"C\u00d4NG TY TNHH ALUMINUM VI\u1ec6T ECO","description":"","publisher":{"@id":"https:\/\/vieteco.com\/#organization"},"potentialAction":[{"@type":"SearchAction","target":{"@type":"EntryPoint","urlTemplate":"https:\/\/vieteco.com\/?s={search_term_string}"},"query-input":{"@type":"PropertyValueSpecification","valueRequired":true,"valueName":"search_term_string"}}],"inLanguage":"en-US"},{"@type":"Organization","@id":"https:\/\/vieteco.com\/#organization","name":"C\u00d4NG TY TNHH ALUMINUM VI\u1ec6T ECO","url":"https:\/\/vieteco.com\/","logo":{"@type":"ImageObject","inLanguage":"en-US","@id":"https:\/\/vieteco.com\/#\/schema\/logo\/image\/","url":"https:\/\/vieteco.com\/wp-content\/uploads\/2025\/05\/cropped-Logo-VEC-doc-scaled-1.png","contentUrl":"https:\/\/vieteco.com\/wp-content\/uploads\/2025\/05\/cropped-Logo-VEC-doc-scaled-1.png","width":512,"height":512,"caption":"C\u00d4NG TY TNHH ALUMINUM VI\u1ec6T ECO"},"image":{"@id":"https:\/\/vieteco.com\/#\/schema\/logo\/image\/"}}]}},"_links":{"self":[{"href":"https:\/\/vieteco.com\/en\/wp-json\/wp\/v2\/product\/720","targetHints":{"allow":["GET"]}}],"collection":[{"href":"https:\/\/vieteco.com\/en\/wp-json\/wp\/v2\/product"}],"about":[{"href":"https:\/\/vieteco.com\/en\/wp-json\/wp\/v2\/types\/product"}],"replies":[{"embeddable":true,"href":"https:\/\/vieteco.com\/en\/wp-json\/wp\/v2\/comments?post=720"}],"wp:featuredmedia":[{"embeddable":true,"href":"https:\/\/vieteco.com\/en\/wp-json\/wp\/v2\/media\/2578"}],"wp:attachment":[{"href":"https:\/\/vieteco.com\/en\/wp-json\/wp\/v2\/media?parent=720"}],"wp:term":[{"taxonomy":"product_brand","embeddable":true,"href":"https:\/\/vieteco.com\/en\/wp-json\/wp\/v2\/product_brand?post=720"},{"taxonomy":"product_cat","embeddable":true,"href":"https:\/\/vieteco.com\/en\/wp-json\/wp\/v2\/product_cat?post=720"},{"taxonomy":"product_tag","embeddable":true,"href":"https:\/\/vieteco.com\/en\/wp-json\/wp\/v2\/product_tag?post=720"}],"curies":[{"name":"wp","href":"https:\/\/api.w.org\/{rel}","templated":true}]}}