{"id":709,"date":"2023-03-04T07:13:53","date_gmt":"2023-03-04T07:13:53","guid":{"rendered":"https:\/\/vieteco.com\/?post_type=product&#038;p=709"},"modified":"2025-02-10T08:12:42","modified_gmt":"2025-02-10T08:12:42","slug":"he-xingfa-xep-truot-63","status":"publish","type":"product","link":"https:\/\/vieteco.com\/en\/product\/he-xingfa-xep-truot-63\/","title":{"rendered":"Xingfa Folding Sliding System 63"},"content":{"rendered":"<p>Nh\u00e3n hi\u1ec7u: PAE<\/p>\n<p>The 63 sliding xingfa door system is favored by designers in a variety of architectural types: hotels, villas, houses, etc. This is a door line that helps save space optimally.<\/p>\n<p><strong>Th\u00f4ng s\u1ed1 k\u0129 thu\u1eadt:<\/strong><\/p>\n<p><img loading=\"lazy\" decoding=\"async\" class=\"alignnone size-full wp-image-2586\" src=\"https:\/\/vieteco.com\/wp-content\/uploads\/2023\/03\/3-3-scaled-1.jpg\" alt=\"\" width=\"1810\" height=\"2560\" srcset=\"https:\/\/vieteco.com\/wp-content\/uploads\/2023\/03\/3-3-scaled-1.jpg 1810w, https:\/\/vieteco.com\/wp-content\/uploads\/2023\/03\/3-3-scaled-1-283x400.jpg 283w, https:\/\/vieteco.com\/wp-content\/uploads\/2023\/03\/3-3-scaled-1-724x1024.jpg 724w, https:\/\/vieteco.com\/wp-content\/uploads\/2023\/03\/3-3-scaled-1-318x450.jpg 318w, https:\/\/vieteco.com\/wp-content\/uploads\/2023\/03\/3-3-scaled-1-768x1086.jpg 768w, https:\/\/vieteco.com\/wp-content\/uploads\/2023\/03\/3-3-scaled-1-1086x1536.jpg 1086w, https:\/\/vieteco.com\/wp-content\/uploads\/2023\/03\/3-3-scaled-1-1448x2048.jpg 1448w, https:\/\/vieteco.com\/wp-content\/uploads\/2023\/03\/3-3-scaled-1-8x12.jpg 8w, https:\/\/vieteco.com\/wp-content\/uploads\/2023\/03\/3-3-scaled-1-510x721.jpg 510w\" sizes=\"auto, (max-width: 1810px) 100vw, 1810px\" \/><img loading=\"lazy\" decoding=\"async\" class=\"alignnone size-full wp-image-2585\" src=\"https:\/\/vieteco.com\/wp-content\/uploads\/2023\/03\/1-3-scaled-1.jpg\" alt=\"\" width=\"1809\" height=\"2560\" srcset=\"https:\/\/vieteco.com\/wp-content\/uploads\/2023\/03\/1-3-scaled-1.jpg 1809w, https:\/\/vieteco.com\/wp-content\/uploads\/2023\/03\/1-3-scaled-1-283x400.jpg 283w, https:\/\/vieteco.com\/wp-content\/uploads\/2023\/03\/1-3-scaled-1-724x1024.jpg 724w, https:\/\/vieteco.com\/wp-content\/uploads\/2023\/03\/1-3-scaled-1-318x450.jpg 318w, https:\/\/vieteco.com\/wp-content\/uploads\/2023\/03\/1-3-scaled-1-768x1087.jpg 768w, https:\/\/vieteco.com\/wp-content\/uploads\/2023\/03\/1-3-scaled-1-1085x1536.jpg 1085w, https:\/\/vieteco.com\/wp-content\/uploads\/2023\/03\/1-3-scaled-1-1447x2048.jpg 1447w, https:\/\/vieteco.com\/wp-content\/uploads\/2023\/03\/1-3-scaled-1-8x12.jpg 8w, https:\/\/vieteco.com\/wp-content\/uploads\/2023\/03\/1-3-scaled-1-510x722.jpg 510w\" sizes=\"auto, (max-width: 1809px) 100vw, 1809px\" \/><\/p>\n<p>&nbsp;<\/p>\n<p><strong>Li\u00ean h\u1ec7:<\/strong><\/p>\n<p><em>\u00a0Nh\u00e0 m\u00e1y 1:<\/em>\u00a0\u0110\u01b0\u1eddng N1-1, KCN \u0110\u1ea1i \u0110\u1ed3ng \u2013 Ho\u00e0n S\u01a1n, X\u00e3 Ho\u00e0n S\u01a1n, Huy\u1ec7n Ti\u00ean Du, T\u1ec9nh B\u1eafc Ninh, Vi\u1ec7t Nam<\/p>\n<p><em>Nh\u00e0 m\u00e1y 2:<\/em>\u00a0L\u00f4 II-2.5, \u0110\u01b0\u1eddng N2, KCN Qu\u1ebf V\u00f5 II, X\u00e3 Ng\u1ecdc X\u00e1, Huy\u1ec7n Qu\u1ebf V\u00f5, T\u1ec9nh B\u1eafc Ninh, Vi\u1ec7t Nam<\/p>\n<p><em>Hotline:<\/em>\u00a0(+84) 915.665.693<\/p>\n<p><em>Email:<\/em>\u00a0info@chienthangtrading.com<\/p>","protected":false},"excerpt":{"rendered":"<p>H\u1ec7 Xingfa x\u1ebfp tr\u01b0\u1ee3t 63 &#8211; S\u1ea3n ph\u1ea9m d\u1eabn \u0111\u1ea7u, chi\u1ebfn tr\u1ecdn tin y\u00eau c\u1ee7a ng\u01b0\u1eddi s\u1eed d\u1ee5ng<\/p>\n<p>Nh\u00e3n hi\u1ec7u PAE \u0111\u01b0\u1ee3c s\u1ea3n xu\u1ea5t tr\u00ean d\u00e2y chuy\u1ec1n hi\u1ec7n \u0111\u1ea1i b\u1eadc nh\u1ea5t Vi\u1ec7t Nam, \u0111em \u0111\u1ebfn c\u00e1c s\u1ea3n ph\u1ea9m ch\u1ea5t l\u01b0\u1ee3ng cao \u2013 gi\u00e1 th\u00e0nh h\u1ee3p l\u00fd.<\/p>\n<p><strong>M\u00f4 t\u1ea3:<\/strong><\/p>\n<ul>\n<li>S\u1ea3n ph\u1ea9m an to\u00e0n, ch\u1ecbu \u0111\u01b0\u1ee3c nhi\u1ec1u lo\u1ea1i \u00e1p l\u1ef1c<\/li>\n<li>Sang tr\u1ecdng, tinh t\u1ebf<\/li>\n<li>\u0110\u01b0\u1ee3c s\u1ea3n xu\u1ea5t t\u1ea1i nh\u00e0 m\u00e1y Chi\u1ebfn Th\u1eafng \u2013 \u0110\u01a1n v\u1ecb uy t\u00edn, \u0111\u00e3 c\u00f3 kinh nghi\u1ec7m 25 n\u0103m trong ng\u00e0nh Nh\u00f4m<\/li>\n<\/ul>","protected":false},"featured_media":2587,"comment_status":"open","ping_status":"closed","template":"","meta":[],"product_brand":[],"product_cat":[47,168],"product_tag":[],"class_list":{"0":"post-709","1":"product","2":"type-product","3":"status-publish","4":"has-post-thumbnail","6":"product_cat-nhan-pae","7":"product_cat-he-xingfa-xep-truot-63","9":"first","10":"instock","11":"shipping-taxable","12":"product-type-simple"},"yoast_head":"<!-- This site is optimized with the Yoast SEO plugin v24.9 - https:\/\/yoast.com\/wordpress\/plugins\/seo\/ -->\n<title>H\u1ec7 Xingfa x\u1ebfp tr\u01b0\u1ee3t 63 - C\u00d4NG TY TNHH ALUMINUM VI\u1ec6T ECO<\/title>\n<meta name=\"robots\" content=\"index, follow, max-snippet:-1, max-image-preview:large, max-video-preview:-1\" \/>\n<link rel=\"canonical\" href=\"https:\/\/vieteco.com\/en\/product\/he-xingfa-xep-truot-63\/\" \/>\n<meta property=\"og:locale\" content=\"en_US\" \/>\n<meta property=\"og:type\" content=\"article\" \/>\n<meta property=\"og:title\" content=\"H\u1ec7 Xingfa x\u1ebfp tr\u01b0\u1ee3t 63 - C\u00d4NG TY TNHH ALUMINUM VI\u1ec6T ECO\" \/>\n<meta property=\"og:description\" content=\"H\u1ec7 Xingfa x\u1ebfp tr\u01b0\u1ee3t 63 - S\u1ea3n ph\u1ea9m d\u1eabn \u0111\u1ea7u, chi\u1ebfn tr\u1ecdn tin y\u00eau c\u1ee7a ng\u01b0\u1eddi s\u1eed d\u1ee5ng  Nh\u00e3n hi\u1ec7u PAE \u0111\u01b0\u1ee3c s\u1ea3n xu\u1ea5t tr\u00ean d\u00e2y chuy\u1ec1n hi\u1ec7n \u0111\u1ea1i b\u1eadc nh\u1ea5t Vi\u1ec7t Nam, \u0111em \u0111\u1ebfn c\u00e1c s\u1ea3n ph\u1ea9m ch\u1ea5t l\u01b0\u1ee3ng cao \u2013 gi\u00e1 th\u00e0nh h\u1ee3p l\u00fd.  M\u00f4 t\u1ea3:   S\u1ea3n ph\u1ea9m an to\u00e0n, ch\u1ecbu \u0111\u01b0\u1ee3c nhi\u1ec1u lo\u1ea1i \u00e1p l\u1ef1c  Sang tr\u1ecdng, tinh t\u1ebf  \u0110\u01b0\u1ee3c s\u1ea3n xu\u1ea5t t\u1ea1i nh\u00e0 m\u00e1y Chi\u1ebfn Th\u1eafng \u2013 \u0110\u01a1n v\u1ecb uy t\u00edn, \u0111\u00e3 c\u00f3 kinh nghi\u1ec7m 25 n\u0103m trong ng\u00e0nh Nh\u00f4m\" \/>\n<meta property=\"og:url\" content=\"https:\/\/vieteco.com\/en\/product\/he-xingfa-xep-truot-63\/\" \/>\n<meta property=\"og:site_name\" content=\"C\u00d4NG TY TNHH ALUMINUM VI\u1ec6T ECO\" \/>\n<meta property=\"article:modified_time\" content=\"2025-02-10T08:12:42+00:00\" \/>\n<meta property=\"og:image\" content=\"https:\/\/vieteco.com\/wp-content\/uploads\/2023\/03\/2-8-1.jpg\" \/>\n\t<meta property=\"og:image:width\" content=\"1732\" \/>\n\t<meta property=\"og:image:height\" content=\"1732\" \/>\n\t<meta property=\"og:image:type\" content=\"image\/jpeg\" \/>\n<meta name=\"twitter:card\" content=\"summary_large_image\" \/>\n<meta name=\"twitter:label1\" content=\"Est. reading time\" \/>\n\t<meta name=\"twitter:data1\" content=\"1 minute\" \/>\n<script type=\"application\/ld+json\" class=\"yoast-schema-graph\">{\"@context\":\"https:\/\/schema.org\",\"@graph\":[{\"@type\":\"WebPage\",\"@id\":\"https:\/\/vieteco.com\/san-pham\/he-xingfa-xep-truot-63\/\",\"url\":\"https:\/\/vieteco.com\/san-pham\/he-xingfa-xep-truot-63\/\",\"name\":\"H\u1ec7 Xingfa x\u1ebfp tr\u01b0\u1ee3t 63 - C\u00d4NG TY TNHH ALUMINUM VI\u1ec6T ECO\",\"isPartOf\":{\"@id\":\"https:\/\/vieteco.com\/#website\"},\"primaryImageOfPage\":{\"@id\":\"https:\/\/vieteco.com\/san-pham\/he-xingfa-xep-truot-63\/#primaryimage\"},\"image\":{\"@id\":\"https:\/\/vieteco.com\/san-pham\/he-xingfa-xep-truot-63\/#primaryimage\"},\"thumbnailUrl\":\"https:\/\/vieteco.com\/wp-content\/uploads\/2023\/03\/2-8-1.jpg\",\"datePublished\":\"2023-03-04T07:13:53+00:00\",\"dateModified\":\"2025-02-10T08:12:42+00:00\",\"breadcrumb\":{\"@id\":\"https:\/\/vieteco.com\/san-pham\/he-xingfa-xep-truot-63\/#breadcrumb\"},\"inLanguage\":\"en-US\",\"potentialAction\":[{\"@type\":\"ReadAction\",\"target\":[\"https:\/\/vieteco.com\/san-pham\/he-xingfa-xep-truot-63\/\"]}]},{\"@type\":\"ImageObject\",\"inLanguage\":\"en-US\",\"@id\":\"https:\/\/vieteco.com\/san-pham\/he-xingfa-xep-truot-63\/#primaryimage\",\"url\":\"https:\/\/vieteco.com\/wp-content\/uploads\/2023\/03\/2-8-1.jpg\",\"contentUrl\":\"https:\/\/vieteco.com\/wp-content\/uploads\/2023\/03\/2-8-1.jpg\",\"width\":1732,\"height\":1732},{\"@type\":\"BreadcrumbList\",\"@id\":\"https:\/\/vieteco.com\/san-pham\/he-xingfa-xep-truot-63\/#breadcrumb\",\"itemListElement\":[{\"@type\":\"ListItem\",\"position\":1,\"name\":\"Home\",\"item\":\"https:\/\/vieteco.com\/\"},{\"@type\":\"ListItem\",\"position\":2,\"name\":\"Shop\",\"item\":\"https:\/\/vieteco.com\/shop\/\"},{\"@type\":\"ListItem\",\"position\":3,\"name\":\"H\u1ec7 Xingfa x\u1ebfp tr\u01b0\u1ee3t 63\"}]},{\"@type\":\"WebSite\",\"@id\":\"https:\/\/vieteco.com\/#website\",\"url\":\"https:\/\/vieteco.com\/\",\"name\":\"C\u00d4NG TY TNHH ALUMINUM VI\u1ec6T ECO\",\"description\":\"\",\"publisher\":{\"@id\":\"https:\/\/vieteco.com\/#organization\"},\"potentialAction\":[{\"@type\":\"SearchAction\",\"target\":{\"@type\":\"EntryPoint\",\"urlTemplate\":\"https:\/\/vieteco.com\/?s={search_term_string}\"},\"query-input\":{\"@type\":\"PropertyValueSpecification\",\"valueRequired\":true,\"valueName\":\"search_term_string\"}}],\"inLanguage\":\"en-US\"},{\"@type\":\"Organization\",\"@id\":\"https:\/\/vieteco.com\/#organization\",\"name\":\"C\u00d4NG TY TNHH ALUMINUM VI\u1ec6T ECO\",\"url\":\"https:\/\/vieteco.com\/\",\"logo\":{\"@type\":\"ImageObject\",\"inLanguage\":\"en-US\",\"@id\":\"https:\/\/vieteco.com\/#\/schema\/logo\/image\/\",\"url\":\"https:\/\/vieteco.com\/wp-content\/uploads\/2025\/05\/cropped-Logo-VEC-doc-scaled-1.png\",\"contentUrl\":\"https:\/\/vieteco.com\/wp-content\/uploads\/2025\/05\/cropped-Logo-VEC-doc-scaled-1.png\",\"width\":512,\"height\":512,\"caption\":\"C\u00d4NG TY TNHH ALUMINUM VI\u1ec6T ECO\"},\"image\":{\"@id\":\"https:\/\/vieteco.com\/#\/schema\/logo\/image\/\"}}]}<\/script>\n<!-- \/ Yoast SEO plugin. -->","yoast_head_json":{"title":"H\u1ec7 Xingfa x\u1ebfp tr\u01b0\u1ee3t 63 - C\u00d4NG TY TNHH ALUMINUM VI\u1ec6T ECO","robots":{"index":"index","follow":"follow","max-snippet":"max-snippet:-1","max-image-preview":"max-image-preview:large","max-video-preview":"max-video-preview:-1"},"canonical":"https:\/\/vieteco.com\/en\/product\/he-xingfa-xep-truot-63\/","og_locale":"en_US","og_type":"article","og_title":"H\u1ec7 Xingfa x\u1ebfp tr\u01b0\u1ee3t 63 - C\u00d4NG TY TNHH ALUMINUM VI\u1ec6T ECO","og_description":"H\u1ec7 Xingfa x\u1ebfp tr\u01b0\u1ee3t 63 - S\u1ea3n ph\u1ea9m d\u1eabn \u0111\u1ea7u, chi\u1ebfn tr\u1ecdn tin y\u00eau c\u1ee7a ng\u01b0\u1eddi s\u1eed d\u1ee5ng  Nh\u00e3n hi\u1ec7u PAE \u0111\u01b0\u1ee3c s\u1ea3n xu\u1ea5t tr\u00ean d\u00e2y chuy\u1ec1n hi\u1ec7n \u0111\u1ea1i b\u1eadc nh\u1ea5t Vi\u1ec7t Nam, \u0111em \u0111\u1ebfn c\u00e1c s\u1ea3n ph\u1ea9m ch\u1ea5t l\u01b0\u1ee3ng cao \u2013 gi\u00e1 th\u00e0nh h\u1ee3p l\u00fd.  M\u00f4 t\u1ea3:   S\u1ea3n ph\u1ea9m an to\u00e0n, ch\u1ecbu \u0111\u01b0\u1ee3c nhi\u1ec1u lo\u1ea1i \u00e1p l\u1ef1c  Sang tr\u1ecdng, tinh t\u1ebf  \u0110\u01b0\u1ee3c s\u1ea3n xu\u1ea5t t\u1ea1i nh\u00e0 m\u00e1y Chi\u1ebfn Th\u1eafng \u2013 \u0110\u01a1n v\u1ecb uy t\u00edn, \u0111\u00e3 c\u00f3 kinh nghi\u1ec7m 25 n\u0103m trong ng\u00e0nh Nh\u00f4m","og_url":"https:\/\/vieteco.com\/en\/product\/he-xingfa-xep-truot-63\/","og_site_name":"C\u00d4NG TY TNHH ALUMINUM VI\u1ec6T ECO","article_modified_time":"2025-02-10T08:12:42+00:00","og_image":[{"width":1732,"height":1732,"url":"https:\/\/vieteco.com\/wp-content\/uploads\/2023\/03\/2-8-1.jpg","type":"image\/jpeg"}],"twitter_card":"summary_large_image","twitter_misc":{"Est. reading time":"1 minute"},"schema":{"@context":"https:\/\/schema.org","@graph":[{"@type":"WebPage","@id":"https:\/\/vieteco.com\/san-pham\/he-xingfa-xep-truot-63\/","url":"https:\/\/vieteco.com\/san-pham\/he-xingfa-xep-truot-63\/","name":"H\u1ec7 Xingfa x\u1ebfp tr\u01b0\u1ee3t 63 - C\u00d4NG TY TNHH ALUMINUM VI\u1ec6T ECO","isPartOf":{"@id":"https:\/\/vieteco.com\/#website"},"primaryImageOfPage":{"@id":"https:\/\/vieteco.com\/san-pham\/he-xingfa-xep-truot-63\/#primaryimage"},"image":{"@id":"https:\/\/vieteco.com\/san-pham\/he-xingfa-xep-truot-63\/#primaryimage"},"thumbnailUrl":"https:\/\/vieteco.com\/wp-content\/uploads\/2023\/03\/2-8-1.jpg","datePublished":"2023-03-04T07:13:53+00:00","dateModified":"2025-02-10T08:12:42+00:00","breadcrumb":{"@id":"https:\/\/vieteco.com\/san-pham\/he-xingfa-xep-truot-63\/#breadcrumb"},"inLanguage":"en-US","potentialAction":[{"@type":"ReadAction","target":["https:\/\/vieteco.com\/san-pham\/he-xingfa-xep-truot-63\/"]}]},{"@type":"ImageObject","inLanguage":"en-US","@id":"https:\/\/vieteco.com\/san-pham\/he-xingfa-xep-truot-63\/#primaryimage","url":"https:\/\/vieteco.com\/wp-content\/uploads\/2023\/03\/2-8-1.jpg","contentUrl":"https:\/\/vieteco.com\/wp-content\/uploads\/2023\/03\/2-8-1.jpg","width":1732,"height":1732},{"@type":"BreadcrumbList","@id":"https:\/\/vieteco.com\/san-pham\/he-xingfa-xep-truot-63\/#breadcrumb","itemListElement":[{"@type":"ListItem","position":1,"name":"Home","item":"https:\/\/vieteco.com\/"},{"@type":"ListItem","position":2,"name":"Shop","item":"https:\/\/vieteco.com\/shop\/"},{"@type":"ListItem","position":3,"name":"H\u1ec7 Xingfa x\u1ebfp tr\u01b0\u1ee3t 63"}]},{"@type":"WebSite","@id":"https:\/\/vieteco.com\/#website","url":"https:\/\/vieteco.com\/","name":"C\u00d4NG TY TNHH ALUMINUM VI\u1ec6T ECO","description":"","publisher":{"@id":"https:\/\/vieteco.com\/#organization"},"potentialAction":[{"@type":"SearchAction","target":{"@type":"EntryPoint","urlTemplate":"https:\/\/vieteco.com\/?s={search_term_string}"},"query-input":{"@type":"PropertyValueSpecification","valueRequired":true,"valueName":"search_term_string"}}],"inLanguage":"en-US"},{"@type":"Organization","@id":"https:\/\/vieteco.com\/#organization","name":"C\u00d4NG TY TNHH ALUMINUM VI\u1ec6T ECO","url":"https:\/\/vieteco.com\/","logo":{"@type":"ImageObject","inLanguage":"en-US","@id":"https:\/\/vieteco.com\/#\/schema\/logo\/image\/","url":"https:\/\/vieteco.com\/wp-content\/uploads\/2025\/05\/cropped-Logo-VEC-doc-scaled-1.png","contentUrl":"https:\/\/vieteco.com\/wp-content\/uploads\/2025\/05\/cropped-Logo-VEC-doc-scaled-1.png","width":512,"height":512,"caption":"C\u00d4NG TY TNHH ALUMINUM VI\u1ec6T ECO"},"image":{"@id":"https:\/\/vieteco.com\/#\/schema\/logo\/image\/"}}]}},"_links":{"self":[{"href":"https:\/\/vieteco.com\/en\/wp-json\/wp\/v2\/product\/709","targetHints":{"allow":["GET"]}}],"collection":[{"href":"https:\/\/vieteco.com\/en\/wp-json\/wp\/v2\/product"}],"about":[{"href":"https:\/\/vieteco.com\/en\/wp-json\/wp\/v2\/types\/product"}],"replies":[{"embeddable":true,"href":"https:\/\/vieteco.com\/en\/wp-json\/wp\/v2\/comments?post=709"}],"wp:featuredmedia":[{"embeddable":true,"href":"https:\/\/vieteco.com\/en\/wp-json\/wp\/v2\/media\/2587"}],"wp:attachment":[{"href":"https:\/\/vieteco.com\/en\/wp-json\/wp\/v2\/media?parent=709"}],"wp:term":[{"taxonomy":"product_brand","embeddable":true,"href":"https:\/\/vieteco.com\/en\/wp-json\/wp\/v2\/product_brand?post=709"},{"taxonomy":"product_cat","embeddable":true,"href":"https:\/\/vieteco.com\/en\/wp-json\/wp\/v2\/product_cat?post=709"},{"taxonomy":"product_tag","embeddable":true,"href":"https:\/\/vieteco.com\/en\/wp-json\/wp\/v2\/product_tag?post=709"}],"curies":[{"name":"wp","href":"https:\/\/api.w.org\/{rel}","templated":true}]}}