{"id":691,"date":"2023-03-04T06:23:52","date_gmt":"2023-03-04T06:23:52","guid":{"rendered":"https:\/\/vieteco.com\/?post_type=product&#038;p=691"},"modified":"2025-02-10T10:22:36","modified_gmt":"2025-02-10T10:22:36","slug":"he-thuy-luc","status":"publish","type":"product","link":"https:\/\/vieteco.com\/en\/product\/he-thuy-luc\/","title":{"rendered":"Hydraulic System"},"content":{"rendered":"<p><strong>\u01afU \u0110I\u1ec2M N\u1ed4I B\u1eacT:<\/strong><\/p>\n<p>\ud83d\udd36 C\u00e1c g\u00f3c c\u1ea1nh \u0111\u01b0\u1ee3c khung nh\u00f4m bao b\u1ecdc n\u00ean h\u1ea1n ch\u1ebf t\u1ed1i \u0111a t\u00ecnh tr\u1ea1ng va \u0111\u1eadp, v\u1ee1, g\u00e2y \u1ea3nh h\u01b0\u1edfng \u0111\u1ebfn ng\u01b0\u1eddi d\u00f9ng<\/p>\n<p>\ud83d\udd36 C\u1eeda c\u00f3 th\u1ec3 m\u1edf \u0111\u01b0\u1ee3c c\u1ea3 2 h\u01b0\u1edbng trong v\u00e0 ngo\u00e0i, r\u1ea5t ti\u1ec7n l\u1ee3i khi s\u1eed d\u1ee5ng<\/p>\n<p>\ud83d\udd36 Ph\u00e1t huy t\u1ed1i \u0111a kh\u1ea3 n\u0103ng l\u00e0m s\u00e1ng, tho\u00e1ng kh\u00f4ng gian b\u00ean trong<\/p>\n<p>\ud83d\udd36 C\u1eeda c\u00f3 th\u1ec3 t\u1ef1 \u0111\u00f3ng l\u1ea1i khi m\u1edf c\u1eeda ch\u01b0a \u0111\u1ea1t 90 \u0111\u1ed9, khi c\u1ea7n gi\u1eef c\u1eeda ch\u1ec9 c\u1ea7n m\u1edf \u0111\u1ebfn 90 \u0111\u1ed9 th\u00ec c\u00e1nh s\u1ebd gi\u1eef nguy\u00ean.<\/p>\n<p>\ud83d\udd36 C\u00f3 th\u1ec3 l\u1eafp \u0111\u1eb7t trong nhi\u1ec1u kh\u00f4ng gian, c\u00f4ng tr\u00ecnh kh\u00e1c nhau t\u1eeb c\u1eeda ch\u00ednh m\u1eb7t ti\u1ec1n, c\u1eeda ch\u00ednh \u0111\u1ea1i s\u1ea3nh, c\u1eeda v\u0103n ph\u00f2ng, c\u1eeda cho spa,\u2026<\/p>\n<p>\ud83d\udd36 K\u00edch th\u01b0\u1edbc b\u1ea3n c\u00e1nh 140mm v\u00e0 180mm t\u1ea1o s\u1ef1 ch\u1eafc ch\u1eafn khi l\u1eafp \u0111\u1eb7t, \u0111\u1ea3m b\u1ea3o an to\u00e0n cao nh\u1ea5t<\/p>\n<p>\ud83d\udd36 \u0110\u1ed9 d\u00e0y t\u1eeb 1,8 \u2013 2,0mm, c\u00f3 th\u1ec3 ch\u1ed1ng n\u00f3ng, ch\u1ed1ng \u1ed3n hi\u1ec7u qu\u1ea3 cao<\/p>\n<p>\ud83d\udd36 Nhi\u1ec1u m\u00e0u s\u1eafc t\u1eeb X\u00e1m \u0111\u00e1, tr\u1eafng s\u1ee9, \u0111en, n\u00e2u,\u2026 ph\u00f9 h\u1ee3p v\u1edbi c\u00e1c ki\u1ec3u thi\u1ebft k\u1ebf c\u00f4ng tr\u00ecnh kh\u00e1c nhau<\/p>\n<p><strong>TH\u00d4NG S\u1ed0 K\u1ef8 THU\u1eacT:<\/strong><\/p>\n<p><img loading=\"lazy\" decoding=\"async\" class=\"alignnone size-full wp-image-2610\" src=\"https:\/\/vieteco.com\/wp-content\/uploads\/2023\/03\/3-2-1086x1536-2.jpg\" alt=\"\" width=\"1086\" height=\"1536\" srcset=\"https:\/\/vieteco.com\/wp-content\/uploads\/2023\/03\/3-2-1086x1536-2.jpg 1086w, https:\/\/vieteco.com\/wp-content\/uploads\/2023\/03\/3-2-1086x1536-2-283x400.jpg 283w, https:\/\/vieteco.com\/wp-content\/uploads\/2023\/03\/3-2-1086x1536-2-724x1024.jpg 724w, https:\/\/vieteco.com\/wp-content\/uploads\/2023\/03\/3-2-1086x1536-2-318x450.jpg 318w, https:\/\/vieteco.com\/wp-content\/uploads\/2023\/03\/3-2-1086x1536-2-768x1086.jpg 768w, https:\/\/vieteco.com\/wp-content\/uploads\/2023\/03\/3-2-1086x1536-2-8x12.jpg 8w, https:\/\/vieteco.com\/wp-content\/uploads\/2023\/03\/3-2-1086x1536-2-510x721.jpg 510w\" sizes=\"auto, (max-width: 1086px) 100vw, 1086px\" \/><img loading=\"lazy\" decoding=\"async\" class=\"alignnone size-full wp-image-2604\" src=\"https:\/\/vieteco.com\/wp-content\/uploads\/2023\/03\/1-2-1088x1536-1.jpg\" alt=\"\" width=\"1088\" height=\"1536\" srcset=\"https:\/\/vieteco.com\/wp-content\/uploads\/2023\/03\/1-2-1088x1536-1.jpg 1088w, https:\/\/vieteco.com\/wp-content\/uploads\/2023\/03\/1-2-1088x1536-1-283x400.jpg 283w, https:\/\/vieteco.com\/wp-content\/uploads\/2023\/03\/1-2-1088x1536-1-725x1024.jpg 725w, https:\/\/vieteco.com\/wp-content\/uploads\/2023\/03\/1-2-1088x1536-1-319x450.jpg 319w, https:\/\/vieteco.com\/wp-content\/uploads\/2023\/03\/1-2-1088x1536-1-768x1084.jpg 768w, https:\/\/vieteco.com\/wp-content\/uploads\/2023\/03\/1-2-1088x1536-1-9x12.jpg 9w, https:\/\/vieteco.com\/wp-content\/uploads\/2023\/03\/1-2-1088x1536-1-510x720.jpg 510w\" sizes=\"auto, (max-width: 1088px) 100vw, 1088px\" \/><\/p>","protected":false},"excerpt":{"rendered":"<p>Hydraulic door system has outstanding advantages such as effective anti-warping, anti-termite, minimizing rust when used in outdoor spaces, so it is suitable for installation on main doors, entrance doors of large buildings, creating a luxurious and classy beauty.<\/p>\n<ul>\n<li>Th\u01b0\u01a1ng hi\u1ec7u: DIVIC<\/li>\n<li>M\u00e1c nh\u00f4m ti\u00eau chu\u1ea9n 6063:T5<\/li>\n<li>\u00c1p d\u1ee5ng ti\u00eau chu\u1ea9n xanh trong s\u1ea3n xu\u1ea5t \u0111\u1ea3m b\u1ea3o an to\u00e0n cho ng\u01b0\u1eddi s\u1ea3n xu\u1ea5t v\u00e0 ti\u00eau d\u00f9ng<\/li>\n<\/ul>","protected":false},"featured_media":2609,"comment_status":"open","ping_status":"closed","template":"","meta":[],"product_brand":[],"product_cat":[103,136],"product_tag":[152],"class_list":{"0":"post-691","1":"product","2":"type-product","3":"status-publish","4":"has-post-thumbnail","6":"product_cat-nhan-divic","7":"product_cat-he-thuy-luc-nhan-divic","8":"product_tag-he-thuy-luc","10":"first","11":"instock","12":"shipping-taxable","13":"product-type-simple"},"yoast_head":"<!-- This site is optimized with the Yoast SEO plugin v24.9 - https:\/\/yoast.com\/wordpress\/plugins\/seo\/ -->\n<title>H\u1ec7 th\u1ee7y l\u1ef1c - C\u00d4NG TY TNHH ALUMINUM VI\u1ec6T ECO<\/title>\n<meta name=\"description\" content=\"L\u00e0 h\u1ec7 c\u1eeda c\u00f3 th\u1ec3 m\u1edf c\u1ea3 v\u00e0o trong l\u1eabn ra ngo\u00e0i, h\u1ec7 th\u1ee7y l\u1ef1c th\u00edch h\u1ee3p cho c\u00e1c t\u00f2a nh\u00e0, trung t\u00e2m th\u01b0\u01a1ng m\u1ea1i nh\u1eb1m t\u1ea1o \u0111i\u1ec3m nh\u1ea5n sang tr\u1ecdng v\u00e0 \u1ea5n t\u01b0\u1ee3ng.\" \/>\n<meta name=\"robots\" content=\"index, follow, max-snippet:-1, max-image-preview:large, max-video-preview:-1\" \/>\n<link rel=\"canonical\" href=\"https:\/\/vieteco.com\/en\/product\/he-thuy-luc\/\" \/>\n<meta property=\"og:locale\" content=\"en_US\" \/>\n<meta property=\"og:type\" content=\"article\" \/>\n<meta property=\"og:title\" content=\"H\u1ec7 th\u1ee7y l\u1ef1c - C\u00d4NG TY TNHH ALUMINUM VI\u1ec6T ECO\" \/>\n<meta property=\"og:description\" content=\"L\u00e0 h\u1ec7 c\u1eeda c\u00f3 th\u1ec3 m\u1edf c\u1ea3 v\u00e0o trong l\u1eabn ra ngo\u00e0i, h\u1ec7 th\u1ee7y l\u1ef1c th\u00edch h\u1ee3p cho c\u00e1c t\u00f2a nh\u00e0, trung t\u00e2m th\u01b0\u01a1ng m\u1ea1i nh\u1eb1m t\u1ea1o \u0111i\u1ec3m nh\u1ea5n sang tr\u1ecdng v\u00e0 \u1ea5n t\u01b0\u1ee3ng.\" \/>\n<meta property=\"og:url\" content=\"https:\/\/vieteco.com\/en\/product\/he-thuy-luc\/\" \/>\n<meta property=\"og:site_name\" content=\"C\u00d4NG TY TNHH ALUMINUM VI\u1ec6T ECO\" \/>\n<meta property=\"article:modified_time\" content=\"2025-02-10T10:22:36+00:00\" \/>\n<meta property=\"og:image\" content=\"https:\/\/vieteco.com\/wp-content\/uploads\/2023\/03\/2-2.jpg\" \/>\n\t<meta property=\"og:image:width\" content=\"2246\" \/>\n\t<meta property=\"og:image:height\" content=\"2246\" \/>\n\t<meta property=\"og:image:type\" content=\"image\/jpeg\" \/>\n<meta name=\"twitter:card\" content=\"summary_large_image\" \/>\n<meta name=\"twitter:label1\" content=\"Est. reading time\" \/>\n\t<meta name=\"twitter:data1\" content=\"2 minutes\" \/>\n<script type=\"application\/ld+json\" class=\"yoast-schema-graph\">{\"@context\":\"https:\/\/schema.org\",\"@graph\":[{\"@type\":\"WebPage\",\"@id\":\"https:\/\/vieteco.com\/san-pham\/he-thuy-luc\/\",\"url\":\"https:\/\/vieteco.com\/san-pham\/he-thuy-luc\/\",\"name\":\"H\u1ec7 th\u1ee7y l\u1ef1c - C\u00d4NG TY TNHH ALUMINUM VI\u1ec6T ECO\",\"isPartOf\":{\"@id\":\"https:\/\/vieteco.com\/#website\"},\"primaryImageOfPage\":{\"@id\":\"https:\/\/vieteco.com\/san-pham\/he-thuy-luc\/#primaryimage\"},\"image\":{\"@id\":\"https:\/\/vieteco.com\/san-pham\/he-thuy-luc\/#primaryimage\"},\"thumbnailUrl\":\"https:\/\/vieteco.com\/wp-content\/uploads\/2023\/03\/2-2.jpg\",\"datePublished\":\"2023-03-04T06:23:52+00:00\",\"dateModified\":\"2025-02-10T10:22:36+00:00\",\"description\":\"L\u00e0 h\u1ec7 c\u1eeda c\u00f3 th\u1ec3 m\u1edf c\u1ea3 v\u00e0o trong l\u1eabn ra ngo\u00e0i, h\u1ec7 th\u1ee7y l\u1ef1c th\u00edch h\u1ee3p cho c\u00e1c t\u00f2a nh\u00e0, trung t\u00e2m th\u01b0\u01a1ng m\u1ea1i nh\u1eb1m t\u1ea1o \u0111i\u1ec3m nh\u1ea5n sang tr\u1ecdng v\u00e0 \u1ea5n t\u01b0\u1ee3ng.\",\"breadcrumb\":{\"@id\":\"https:\/\/vieteco.com\/san-pham\/he-thuy-luc\/#breadcrumb\"},\"inLanguage\":\"en-US\",\"potentialAction\":[{\"@type\":\"ReadAction\",\"target\":[\"https:\/\/vieteco.com\/san-pham\/he-thuy-luc\/\"]}]},{\"@type\":\"ImageObject\",\"inLanguage\":\"en-US\",\"@id\":\"https:\/\/vieteco.com\/san-pham\/he-thuy-luc\/#primaryimage\",\"url\":\"https:\/\/vieteco.com\/wp-content\/uploads\/2023\/03\/2-2.jpg\",\"contentUrl\":\"https:\/\/vieteco.com\/wp-content\/uploads\/2023\/03\/2-2.jpg\",\"width\":2246,\"height\":2246},{\"@type\":\"BreadcrumbList\",\"@id\":\"https:\/\/vieteco.com\/san-pham\/he-thuy-luc\/#breadcrumb\",\"itemListElement\":[{\"@type\":\"ListItem\",\"position\":1,\"name\":\"Home\",\"item\":\"https:\/\/vieteco.com\/\"},{\"@type\":\"ListItem\",\"position\":2,\"name\":\"Shop\",\"item\":\"https:\/\/vieteco.com\/shop\/\"},{\"@type\":\"ListItem\",\"position\":3,\"name\":\"H\u1ec7 th\u1ee7y l\u1ef1c\"}]},{\"@type\":\"WebSite\",\"@id\":\"https:\/\/vieteco.com\/#website\",\"url\":\"https:\/\/vieteco.com\/\",\"name\":\"C\u00d4NG TY TNHH ALUMINUM VI\u1ec6T ECO\",\"description\":\"\",\"publisher\":{\"@id\":\"https:\/\/vieteco.com\/#organization\"},\"potentialAction\":[{\"@type\":\"SearchAction\",\"target\":{\"@type\":\"EntryPoint\",\"urlTemplate\":\"https:\/\/vieteco.com\/?s={search_term_string}\"},\"query-input\":{\"@type\":\"PropertyValueSpecification\",\"valueRequired\":true,\"valueName\":\"search_term_string\"}}],\"inLanguage\":\"en-US\"},{\"@type\":\"Organization\",\"@id\":\"https:\/\/vieteco.com\/#organization\",\"name\":\"C\u00d4NG TY TNHH ALUMINUM VI\u1ec6T ECO\",\"url\":\"https:\/\/vieteco.com\/\",\"logo\":{\"@type\":\"ImageObject\",\"inLanguage\":\"en-US\",\"@id\":\"https:\/\/vieteco.com\/#\/schema\/logo\/image\/\",\"url\":\"https:\/\/vieteco.com\/wp-content\/uploads\/2025\/05\/cropped-Logo-VEC-doc-scaled-1.png\",\"contentUrl\":\"https:\/\/vieteco.com\/wp-content\/uploads\/2025\/05\/cropped-Logo-VEC-doc-scaled-1.png\",\"width\":512,\"height\":512,\"caption\":\"C\u00d4NG TY TNHH ALUMINUM VI\u1ec6T ECO\"},\"image\":{\"@id\":\"https:\/\/vieteco.com\/#\/schema\/logo\/image\/\"}}]}<\/script>\n<!-- \/ Yoast SEO plugin. -->","yoast_head_json":{"title":"H\u1ec7 th\u1ee7y l\u1ef1c - C\u00d4NG TY TNHH ALUMINUM VI\u1ec6T ECO","description":"L\u00e0 h\u1ec7 c\u1eeda c\u00f3 th\u1ec3 m\u1edf c\u1ea3 v\u00e0o trong l\u1eabn ra ngo\u00e0i, h\u1ec7 th\u1ee7y l\u1ef1c th\u00edch h\u1ee3p cho c\u00e1c t\u00f2a nh\u00e0, trung t\u00e2m th\u01b0\u01a1ng m\u1ea1i nh\u1eb1m t\u1ea1o \u0111i\u1ec3m nh\u1ea5n sang tr\u1ecdng v\u00e0 \u1ea5n t\u01b0\u1ee3ng.","robots":{"index":"index","follow":"follow","max-snippet":"max-snippet:-1","max-image-preview":"max-image-preview:large","max-video-preview":"max-video-preview:-1"},"canonical":"https:\/\/vieteco.com\/en\/product\/he-thuy-luc\/","og_locale":"en_US","og_type":"article","og_title":"H\u1ec7 th\u1ee7y l\u1ef1c - C\u00d4NG TY TNHH ALUMINUM VI\u1ec6T ECO","og_description":"L\u00e0 h\u1ec7 c\u1eeda c\u00f3 th\u1ec3 m\u1edf c\u1ea3 v\u00e0o trong l\u1eabn ra ngo\u00e0i, h\u1ec7 th\u1ee7y l\u1ef1c th\u00edch h\u1ee3p cho c\u00e1c t\u00f2a nh\u00e0, trung t\u00e2m th\u01b0\u01a1ng m\u1ea1i nh\u1eb1m t\u1ea1o \u0111i\u1ec3m nh\u1ea5n sang tr\u1ecdng v\u00e0 \u1ea5n t\u01b0\u1ee3ng.","og_url":"https:\/\/vieteco.com\/en\/product\/he-thuy-luc\/","og_site_name":"C\u00d4NG TY TNHH ALUMINUM VI\u1ec6T ECO","article_modified_time":"2025-02-10T10:22:36+00:00","og_image":[{"width":2246,"height":2246,"url":"https:\/\/vieteco.com\/wp-content\/uploads\/2023\/03\/2-2.jpg","type":"image\/jpeg"}],"twitter_card":"summary_large_image","twitter_misc":{"Est. reading time":"2 minutes"},"schema":{"@context":"https:\/\/schema.org","@graph":[{"@type":"WebPage","@id":"https:\/\/vieteco.com\/san-pham\/he-thuy-luc\/","url":"https:\/\/vieteco.com\/san-pham\/he-thuy-luc\/","name":"H\u1ec7 th\u1ee7y l\u1ef1c - C\u00d4NG TY TNHH ALUMINUM VI\u1ec6T ECO","isPartOf":{"@id":"https:\/\/vieteco.com\/#website"},"primaryImageOfPage":{"@id":"https:\/\/vieteco.com\/san-pham\/he-thuy-luc\/#primaryimage"},"image":{"@id":"https:\/\/vieteco.com\/san-pham\/he-thuy-luc\/#primaryimage"},"thumbnailUrl":"https:\/\/vieteco.com\/wp-content\/uploads\/2023\/03\/2-2.jpg","datePublished":"2023-03-04T06:23:52+00:00","dateModified":"2025-02-10T10:22:36+00:00","description":"L\u00e0 h\u1ec7 c\u1eeda c\u00f3 th\u1ec3 m\u1edf c\u1ea3 v\u00e0o trong l\u1eabn ra ngo\u00e0i, h\u1ec7 th\u1ee7y l\u1ef1c th\u00edch h\u1ee3p cho c\u00e1c t\u00f2a nh\u00e0, trung t\u00e2m th\u01b0\u01a1ng m\u1ea1i nh\u1eb1m t\u1ea1o \u0111i\u1ec3m nh\u1ea5n sang tr\u1ecdng v\u00e0 \u1ea5n t\u01b0\u1ee3ng.","breadcrumb":{"@id":"https:\/\/vieteco.com\/san-pham\/he-thuy-luc\/#breadcrumb"},"inLanguage":"en-US","potentialAction":[{"@type":"ReadAction","target":["https:\/\/vieteco.com\/san-pham\/he-thuy-luc\/"]}]},{"@type":"ImageObject","inLanguage":"en-US","@id":"https:\/\/vieteco.com\/san-pham\/he-thuy-luc\/#primaryimage","url":"https:\/\/vieteco.com\/wp-content\/uploads\/2023\/03\/2-2.jpg","contentUrl":"https:\/\/vieteco.com\/wp-content\/uploads\/2023\/03\/2-2.jpg","width":2246,"height":2246},{"@type":"BreadcrumbList","@id":"https:\/\/vieteco.com\/san-pham\/he-thuy-luc\/#breadcrumb","itemListElement":[{"@type":"ListItem","position":1,"name":"Home","item":"https:\/\/vieteco.com\/"},{"@type":"ListItem","position":2,"name":"Shop","item":"https:\/\/vieteco.com\/shop\/"},{"@type":"ListItem","position":3,"name":"H\u1ec7 th\u1ee7y l\u1ef1c"}]},{"@type":"WebSite","@id":"https:\/\/vieteco.com\/#website","url":"https:\/\/vieteco.com\/","name":"C\u00d4NG TY TNHH ALUMINUM VI\u1ec6T ECO","description":"","publisher":{"@id":"https:\/\/vieteco.com\/#organization"},"potentialAction":[{"@type":"SearchAction","target":{"@type":"EntryPoint","urlTemplate":"https:\/\/vieteco.com\/?s={search_term_string}"},"query-input":{"@type":"PropertyValueSpecification","valueRequired":true,"valueName":"search_term_string"}}],"inLanguage":"en-US"},{"@type":"Organization","@id":"https:\/\/vieteco.com\/#organization","name":"C\u00d4NG TY TNHH ALUMINUM VI\u1ec6T ECO","url":"https:\/\/vieteco.com\/","logo":{"@type":"ImageObject","inLanguage":"en-US","@id":"https:\/\/vieteco.com\/#\/schema\/logo\/image\/","url":"https:\/\/vieteco.com\/wp-content\/uploads\/2025\/05\/cropped-Logo-VEC-doc-scaled-1.png","contentUrl":"https:\/\/vieteco.com\/wp-content\/uploads\/2025\/05\/cropped-Logo-VEC-doc-scaled-1.png","width":512,"height":512,"caption":"C\u00d4NG TY TNHH ALUMINUM VI\u1ec6T ECO"},"image":{"@id":"https:\/\/vieteco.com\/#\/schema\/logo\/image\/"}}]}},"_links":{"self":[{"href":"https:\/\/vieteco.com\/en\/wp-json\/wp\/v2\/product\/691","targetHints":{"allow":["GET"]}}],"collection":[{"href":"https:\/\/vieteco.com\/en\/wp-json\/wp\/v2\/product"}],"about":[{"href":"https:\/\/vieteco.com\/en\/wp-json\/wp\/v2\/types\/product"}],"replies":[{"embeddable":true,"href":"https:\/\/vieteco.com\/en\/wp-json\/wp\/v2\/comments?post=691"}],"wp:featuredmedia":[{"embeddable":true,"href":"https:\/\/vieteco.com\/en\/wp-json\/wp\/v2\/media\/2609"}],"wp:attachment":[{"href":"https:\/\/vieteco.com\/en\/wp-json\/wp\/v2\/media?parent=691"}],"wp:term":[{"taxonomy":"product_brand","embeddable":true,"href":"https:\/\/vieteco.com\/en\/wp-json\/wp\/v2\/product_brand?post=691"},{"taxonomy":"product_cat","embeddable":true,"href":"https:\/\/vieteco.com\/en\/wp-json\/wp\/v2\/product_cat?post=691"},{"taxonomy":"product_tag","embeddable":true,"href":"https:\/\/vieteco.com\/en\/wp-json\/wp\/v2\/product_tag?post=691"}],"curies":[{"name":"wp","href":"https:\/\/api.w.org\/{rel}","templated":true}]}}