{"id":447,"date":"2023-02-01T03:47:44","date_gmt":"2023-02-01T03:47:44","guid":{"rendered":"https:\/\/vieteco.com\/san-pham\/de-vach-co-dinh\/"},"modified":"2025-02-11T03:42:56","modified_gmt":"2025-02-11T03:42:56","slug":"he-mo-quay-c55","status":"publish","type":"product","link":"https:\/\/vieteco.com\/en\/product\/he-mo-quay-c55\/","title":{"rendered":"H\u1ec6 M\u1ede QUAY C55"},"content":{"rendered":"<p><strong>Nh\u00e3n hi\u1ec7u:<\/strong>\u00a0 Seaaluk-I &#8211; Nh\u00f4m ti\u00eau chu\u1ea9n ch\u00e2u \u00c2u<\/p>\n<p><strong>Th\u00f4ng s\u1ed1 k\u0129 thu\u1eadt:<\/strong><\/p>\n<p><img loading=\"lazy\" decoding=\"async\" class=\"alignnone size-full wp-image-2625\" src=\"https:\/\/vieteco.com\/wp-content\/uploads\/2023\/02\/Chua-co-ten-1200-\u00d7-900-mm-1-768x1024-1.jpg\" alt=\"\" width=\"768\" height=\"1024\" srcset=\"https:\/\/vieteco.com\/wp-content\/uploads\/2023\/02\/Chua-co-ten-1200-\u00d7-900-mm-1-768x1024-1.jpg 768w, https:\/\/vieteco.com\/wp-content\/uploads\/2023\/02\/Chua-co-ten-1200-\u00d7-900-mm-1-768x1024-1-300x400.jpg 300w, https:\/\/vieteco.com\/wp-content\/uploads\/2023\/02\/Chua-co-ten-1200-\u00d7-900-mm-1-768x1024-1-338x450.jpg 338w, https:\/\/vieteco.com\/wp-content\/uploads\/2023\/02\/Chua-co-ten-1200-\u00d7-900-mm-1-768x1024-1-9x12.jpg 9w, https:\/\/vieteco.com\/wp-content\/uploads\/2023\/02\/Chua-co-ten-1200-\u00d7-900-mm-1-768x1024-1-510x680.jpg 510w\" sizes=\"auto, (max-width: 768px) 100vw, 768px\" \/><\/p>\n<p>&nbsp;<\/p>\n<p><strong>Li\u00ean h\u1ec7:<\/strong><\/p>\n<p><em>\u00a0Nh\u00e0 m\u00e1y 1:<\/em> \u0110\u01b0\u1eddng N1-1, KCN \u0110\u1ea1i \u0110\u1ed3ng &#8211; Ho\u00e0n S\u01a1n, X\u00e3 Ho\u00e0n S\u01a1n, Huy\u1ec7n Ti\u00ean Du, T\u1ec9nh B\u1eafc Ninh, Vi\u1ec7t Nam<\/p>\n<p><em>Nh\u00e0 m\u00e1y 2:<\/em> L\u00f4 II-2.5, \u0110\u01b0\u1eddng N2, KCN Qu\u1ebf V\u00f5 II, X\u00e3 Ng\u1ecdc X\u00e1, Huy\u1ec7n Qu\u1ebf V\u00f5, T\u1ec9nh B\u1eafc Ninh, Vi\u1ec7t Nam<\/p>\n<p><em>Hotline:<\/em> (+84) 915.665.693<\/p>\n<p><em>Email:<\/em> info@chienthangtrading.com<\/p>","protected":false},"excerpt":{"rendered":"<p>S\u1ea3n ph\u1ea9m \u0111\u01b0\u1ee3c \u1ee9ng d\u1ee5ng r\u1ed9ng r\u00e3i trong c\u00e1c c\u00f4ng tr\u00ecnh, nh\u00e0 \u1edf tr\u00ean to\u00e0n qu\u1ed1c.<\/p>\n<p>Nh\u00e3n hi\u1ec7u Seaaluk-I \u0111\u01b0\u1ee3c s\u1ea3n xu\u1ea5t theo ti\u00eau chu\u1ea9n Ch\u00e2u \u00c2u, \u0111\u00e1p \u1ee9ng \u0111\u1ea7y \u0111\u1ee7 nhu c\u1ea7u v\u1ec1 th\u1ea9m m\u1ef9 v\u00e0 \u0111\u1ed9 b\u1ec1n b\u1ec9 cho ng\u01b0\u1eddi s\u1eed d\u1ee5ng.<\/p>\n<p><strong>M\u00f4 t\u1ea3:<\/strong><\/p>\n<ul>\n<li>H\u1ec7 m\u1edf quay t\u00edch h\u1ee3p \u0111\u01b0\u1ee3c v\u1edbi nhi\u1ec1u kh\u00f4ng gian thi\u1ebft k\u1ebf<\/li>\n<li>C\u00e1c ph\u01b0\u01a1ng \u00e1n m\u1edf quay kh\u00e1c nhau<\/li>\n<li>\u0110\u01b0\u1ee3c s\u1ea3n xu\u1ea5t t\u1ea1i nh\u00e0 m\u00e1y Chi\u1ebfn Th\u1eafng &#8211; \u0110\u01a1n v\u1ecb uy t\u00edn, \u0111\u00e3 c\u00f3 kinh nghi\u1ec7m 25 n\u0103m trong ng\u00e0nh Nh\u00f4m<\/li>\n<\/ul>","protected":false},"featured_media":2626,"comment_status":"open","ping_status":"closed","template":"","meta":[],"product_brand":[],"product_cat":[46],"product_tag":[],"class_list":{"0":"post-447","1":"product","2":"type-product","3":"status-publish","4":"has-post-thumbnail","6":"product_cat-seaaluk","8":"first","9":"instock","10":"shipping-taxable","11":"product-type-simple"},"yoast_head":"<!-- This site is optimized with the Yoast SEO plugin v24.9 - https:\/\/yoast.com\/wordpress\/plugins\/seo\/ -->\n<title>H\u1ec6 M\u1ede QUAY C55 - C\u00d4NG TY TNHH ALUMINUM VI\u1ec6T ECO<\/title>\n<meta name=\"robots\" content=\"index, follow, max-snippet:-1, max-image-preview:large, max-video-preview:-1\" \/>\n<link rel=\"canonical\" href=\"https:\/\/vieteco.com\/en\/product\/he-mo-quay-c55\/\" \/>\n<meta property=\"og:locale\" content=\"en_US\" \/>\n<meta property=\"og:type\" content=\"article\" \/>\n<meta property=\"og:title\" content=\"H\u1ec6 M\u1ede QUAY C55 - C\u00d4NG TY TNHH ALUMINUM VI\u1ec6T ECO\" \/>\n<meta property=\"og:description\" content=\"S\u1ea3n ph\u1ea9m \u0111\u01b0\u1ee3c \u1ee9ng d\u1ee5ng r\u1ed9ng r\u00e3i trong c\u00e1c c\u00f4ng tr\u00ecnh, nh\u00e0 \u1edf tr\u00ean to\u00e0n qu\u1ed1c.  Nh\u00e3n hi\u1ec7u Seaaluk-I \u0111\u01b0\u1ee3c s\u1ea3n xu\u1ea5t theo ti\u00eau chu\u1ea9n Ch\u00e2u \u00c2u, \u0111\u00e1p \u1ee9ng \u0111\u1ea7y \u0111\u1ee7 nhu c\u1ea7u v\u1ec1 th\u1ea9m m\u1ef9 v\u00e0 \u0111\u1ed9 b\u1ec1n b\u1ec9 cho ng\u01b0\u1eddi s\u1eed d\u1ee5ng.  M\u00f4 t\u1ea3:   H\u1ec7 m\u1edf quay t\u00edch h\u1ee3p \u0111\u01b0\u1ee3c v\u1edbi nhi\u1ec1u kh\u00f4ng gian thi\u1ebft k\u1ebf  C\u00e1c ph\u01b0\u01a1ng \u00e1n m\u1edf quay kh\u00e1c nhau  \u0110\u01b0\u1ee3c s\u1ea3n xu\u1ea5t t\u1ea1i nh\u00e0 m\u00e1y Chi\u1ebfn Th\u1eafng - \u0110\u01a1n v\u1ecb uy t\u00edn, \u0111\u00e3 c\u00f3 kinh nghi\u1ec7m 25 n\u0103m trong ng\u00e0nh Nh\u00f4m\" \/>\n<meta property=\"og:url\" content=\"https:\/\/vieteco.com\/en\/product\/he-mo-quay-c55\/\" \/>\n<meta property=\"og:site_name\" content=\"C\u00d4NG TY TNHH ALUMINUM VI\u1ec6T ECO\" \/>\n<meta property=\"article:modified_time\" content=\"2025-02-11T03:42:56+00:00\" \/>\n<meta property=\"og:image\" content=\"https:\/\/vieteco.com\/wp-content\/uploads\/2023\/02\/Thiet-ke-chua-co-ten-scaled-1.jpg\" \/>\n\t<meta property=\"og:image:width\" content=\"2560\" \/>\n\t<meta property=\"og:image:height\" content=\"2560\" \/>\n\t<meta property=\"og:image:type\" content=\"image\/jpeg\" \/>\n<meta name=\"twitter:card\" content=\"summary_large_image\" \/>\n<meta name=\"twitter:label1\" content=\"Est. reading time\" \/>\n\t<meta name=\"twitter:data1\" content=\"1 minute\" \/>\n<script type=\"application\/ld+json\" class=\"yoast-schema-graph\">{\"@context\":\"https:\/\/schema.org\",\"@graph\":[{\"@type\":\"WebPage\",\"@id\":\"https:\/\/vieteco.com\/san-pham\/he-mo-quay-c55\/\",\"url\":\"https:\/\/vieteco.com\/san-pham\/he-mo-quay-c55\/\",\"name\":\"H\u1ec6 M\u1ede QUAY C55 - C\u00d4NG TY TNHH ALUMINUM VI\u1ec6T ECO\",\"isPartOf\":{\"@id\":\"https:\/\/vieteco.com\/#website\"},\"primaryImageOfPage\":{\"@id\":\"https:\/\/vieteco.com\/san-pham\/he-mo-quay-c55\/#primaryimage\"},\"image\":{\"@id\":\"https:\/\/vieteco.com\/san-pham\/he-mo-quay-c55\/#primaryimage\"},\"thumbnailUrl\":\"https:\/\/vieteco.com\/wp-content\/uploads\/2023\/02\/Thiet-ke-chua-co-ten-scaled-1.jpg\",\"datePublished\":\"2023-02-01T03:47:44+00:00\",\"dateModified\":\"2025-02-11T03:42:56+00:00\",\"breadcrumb\":{\"@id\":\"https:\/\/vieteco.com\/san-pham\/he-mo-quay-c55\/#breadcrumb\"},\"inLanguage\":\"en-US\",\"potentialAction\":[{\"@type\":\"ReadAction\",\"target\":[\"https:\/\/vieteco.com\/san-pham\/he-mo-quay-c55\/\"]}]},{\"@type\":\"ImageObject\",\"inLanguage\":\"en-US\",\"@id\":\"https:\/\/vieteco.com\/san-pham\/he-mo-quay-c55\/#primaryimage\",\"url\":\"https:\/\/vieteco.com\/wp-content\/uploads\/2023\/02\/Thiet-ke-chua-co-ten-scaled-1.jpg\",\"contentUrl\":\"https:\/\/vieteco.com\/wp-content\/uploads\/2023\/02\/Thiet-ke-chua-co-ten-scaled-1.jpg\",\"width\":2560,\"height\":2560},{\"@type\":\"BreadcrumbList\",\"@id\":\"https:\/\/vieteco.com\/san-pham\/he-mo-quay-c55\/#breadcrumb\",\"itemListElement\":[{\"@type\":\"ListItem\",\"position\":1,\"name\":\"Home\",\"item\":\"https:\/\/vieteco.com\/\"},{\"@type\":\"ListItem\",\"position\":2,\"name\":\"Shop\",\"item\":\"https:\/\/vieteco.com\/shop\/\"},{\"@type\":\"ListItem\",\"position\":3,\"name\":\"H\u1ec6 M\u1ede QUAY C55\"}]},{\"@type\":\"WebSite\",\"@id\":\"https:\/\/vieteco.com\/#website\",\"url\":\"https:\/\/vieteco.com\/\",\"name\":\"C\u00d4NG TY TNHH ALUMINUM VI\u1ec6T ECO\",\"description\":\"\",\"publisher\":{\"@id\":\"https:\/\/vieteco.com\/#organization\"},\"potentialAction\":[{\"@type\":\"SearchAction\",\"target\":{\"@type\":\"EntryPoint\",\"urlTemplate\":\"https:\/\/vieteco.com\/?s={search_term_string}\"},\"query-input\":{\"@type\":\"PropertyValueSpecification\",\"valueRequired\":true,\"valueName\":\"search_term_string\"}}],\"inLanguage\":\"en-US\"},{\"@type\":\"Organization\",\"@id\":\"https:\/\/vieteco.com\/#organization\",\"name\":\"C\u00d4NG TY TNHH ALUMINUM VI\u1ec6T ECO\",\"url\":\"https:\/\/vieteco.com\/\",\"logo\":{\"@type\":\"ImageObject\",\"inLanguage\":\"en-US\",\"@id\":\"https:\/\/vieteco.com\/#\/schema\/logo\/image\/\",\"url\":\"https:\/\/vieteco.com\/wp-content\/uploads\/2025\/05\/cropped-Logo-VEC-doc-scaled-1.png\",\"contentUrl\":\"https:\/\/vieteco.com\/wp-content\/uploads\/2025\/05\/cropped-Logo-VEC-doc-scaled-1.png\",\"width\":512,\"height\":512,\"caption\":\"C\u00d4NG TY TNHH ALUMINUM VI\u1ec6T ECO\"},\"image\":{\"@id\":\"https:\/\/vieteco.com\/#\/schema\/logo\/image\/\"}}]}<\/script>\n<!-- \/ Yoast SEO plugin. -->","yoast_head_json":{"title":"H\u1ec6 M\u1ede QUAY C55 - C\u00d4NG TY TNHH ALUMINUM VI\u1ec6T ECO","robots":{"index":"index","follow":"follow","max-snippet":"max-snippet:-1","max-image-preview":"max-image-preview:large","max-video-preview":"max-video-preview:-1"},"canonical":"https:\/\/vieteco.com\/en\/product\/he-mo-quay-c55\/","og_locale":"en_US","og_type":"article","og_title":"H\u1ec6 M\u1ede QUAY C55 - C\u00d4NG TY TNHH ALUMINUM VI\u1ec6T ECO","og_description":"S\u1ea3n ph\u1ea9m \u0111\u01b0\u1ee3c \u1ee9ng d\u1ee5ng r\u1ed9ng r\u00e3i trong c\u00e1c c\u00f4ng tr\u00ecnh, nh\u00e0 \u1edf tr\u00ean to\u00e0n qu\u1ed1c.  Nh\u00e3n hi\u1ec7u Seaaluk-I \u0111\u01b0\u1ee3c s\u1ea3n xu\u1ea5t theo ti\u00eau chu\u1ea9n Ch\u00e2u \u00c2u, \u0111\u00e1p \u1ee9ng \u0111\u1ea7y \u0111\u1ee7 nhu c\u1ea7u v\u1ec1 th\u1ea9m m\u1ef9 v\u00e0 \u0111\u1ed9 b\u1ec1n b\u1ec9 cho ng\u01b0\u1eddi s\u1eed d\u1ee5ng.  M\u00f4 t\u1ea3:   H\u1ec7 m\u1edf quay t\u00edch h\u1ee3p \u0111\u01b0\u1ee3c v\u1edbi nhi\u1ec1u kh\u00f4ng gian thi\u1ebft k\u1ebf  C\u00e1c ph\u01b0\u01a1ng \u00e1n m\u1edf quay kh\u00e1c nhau  \u0110\u01b0\u1ee3c s\u1ea3n xu\u1ea5t t\u1ea1i nh\u00e0 m\u00e1y Chi\u1ebfn Th\u1eafng - \u0110\u01a1n v\u1ecb uy t\u00edn, \u0111\u00e3 c\u00f3 kinh nghi\u1ec7m 25 n\u0103m trong ng\u00e0nh Nh\u00f4m","og_url":"https:\/\/vieteco.com\/en\/product\/he-mo-quay-c55\/","og_site_name":"C\u00d4NG TY TNHH ALUMINUM VI\u1ec6T ECO","article_modified_time":"2025-02-11T03:42:56+00:00","og_image":[{"width":2560,"height":2560,"url":"https:\/\/vieteco.com\/wp-content\/uploads\/2023\/02\/Thiet-ke-chua-co-ten-scaled-1.jpg","type":"image\/jpeg"}],"twitter_card":"summary_large_image","twitter_misc":{"Est. reading time":"1 minute"},"schema":{"@context":"https:\/\/schema.org","@graph":[{"@type":"WebPage","@id":"https:\/\/vieteco.com\/san-pham\/he-mo-quay-c55\/","url":"https:\/\/vieteco.com\/san-pham\/he-mo-quay-c55\/","name":"H\u1ec6 M\u1ede QUAY C55 - C\u00d4NG TY TNHH ALUMINUM VI\u1ec6T ECO","isPartOf":{"@id":"https:\/\/vieteco.com\/#website"},"primaryImageOfPage":{"@id":"https:\/\/vieteco.com\/san-pham\/he-mo-quay-c55\/#primaryimage"},"image":{"@id":"https:\/\/vieteco.com\/san-pham\/he-mo-quay-c55\/#primaryimage"},"thumbnailUrl":"https:\/\/vieteco.com\/wp-content\/uploads\/2023\/02\/Thiet-ke-chua-co-ten-scaled-1.jpg","datePublished":"2023-02-01T03:47:44+00:00","dateModified":"2025-02-11T03:42:56+00:00","breadcrumb":{"@id":"https:\/\/vieteco.com\/san-pham\/he-mo-quay-c55\/#breadcrumb"},"inLanguage":"en-US","potentialAction":[{"@type":"ReadAction","target":["https:\/\/vieteco.com\/san-pham\/he-mo-quay-c55\/"]}]},{"@type":"ImageObject","inLanguage":"en-US","@id":"https:\/\/vieteco.com\/san-pham\/he-mo-quay-c55\/#primaryimage","url":"https:\/\/vieteco.com\/wp-content\/uploads\/2023\/02\/Thiet-ke-chua-co-ten-scaled-1.jpg","contentUrl":"https:\/\/vieteco.com\/wp-content\/uploads\/2023\/02\/Thiet-ke-chua-co-ten-scaled-1.jpg","width":2560,"height":2560},{"@type":"BreadcrumbList","@id":"https:\/\/vieteco.com\/san-pham\/he-mo-quay-c55\/#breadcrumb","itemListElement":[{"@type":"ListItem","position":1,"name":"Home","item":"https:\/\/vieteco.com\/"},{"@type":"ListItem","position":2,"name":"Shop","item":"https:\/\/vieteco.com\/shop\/"},{"@type":"ListItem","position":3,"name":"H\u1ec6 M\u1ede QUAY C55"}]},{"@type":"WebSite","@id":"https:\/\/vieteco.com\/#website","url":"https:\/\/vieteco.com\/","name":"C\u00d4NG TY TNHH ALUMINUM VI\u1ec6T ECO","description":"","publisher":{"@id":"https:\/\/vieteco.com\/#organization"},"potentialAction":[{"@type":"SearchAction","target":{"@type":"EntryPoint","urlTemplate":"https:\/\/vieteco.com\/?s={search_term_string}"},"query-input":{"@type":"PropertyValueSpecification","valueRequired":true,"valueName":"search_term_string"}}],"inLanguage":"en-US"},{"@type":"Organization","@id":"https:\/\/vieteco.com\/#organization","name":"C\u00d4NG TY TNHH ALUMINUM VI\u1ec6T ECO","url":"https:\/\/vieteco.com\/","logo":{"@type":"ImageObject","inLanguage":"en-US","@id":"https:\/\/vieteco.com\/#\/schema\/logo\/image\/","url":"https:\/\/vieteco.com\/wp-content\/uploads\/2025\/05\/cropped-Logo-VEC-doc-scaled-1.png","contentUrl":"https:\/\/vieteco.com\/wp-content\/uploads\/2025\/05\/cropped-Logo-VEC-doc-scaled-1.png","width":512,"height":512,"caption":"C\u00d4NG TY TNHH ALUMINUM VI\u1ec6T ECO"},"image":{"@id":"https:\/\/vieteco.com\/#\/schema\/logo\/image\/"}}]}},"_links":{"self":[{"href":"https:\/\/vieteco.com\/en\/wp-json\/wp\/v2\/product\/447","targetHints":{"allow":["GET"]}}],"collection":[{"href":"https:\/\/vieteco.com\/en\/wp-json\/wp\/v2\/product"}],"about":[{"href":"https:\/\/vieteco.com\/en\/wp-json\/wp\/v2\/types\/product"}],"replies":[{"embeddable":true,"href":"https:\/\/vieteco.com\/en\/wp-json\/wp\/v2\/comments?post=447"}],"wp:featuredmedia":[{"embeddable":true,"href":"https:\/\/vieteco.com\/en\/wp-json\/wp\/v2\/media\/2626"}],"wp:attachment":[{"href":"https:\/\/vieteco.com\/en\/wp-json\/wp\/v2\/media?parent=447"}],"wp:term":[{"taxonomy":"product_brand","embeddable":true,"href":"https:\/\/vieteco.com\/en\/wp-json\/wp\/v2\/product_brand?post=447"},{"taxonomy":"product_cat","embeddable":true,"href":"https:\/\/vieteco.com\/en\/wp-json\/wp\/v2\/product_cat?post=447"},{"taxonomy":"product_tag","embeddable":true,"href":"https:\/\/vieteco.com\/en\/wp-json\/wp\/v2\/product_tag?post=447"}],"curies":[{"name":"wp","href":"https:\/\/api.w.org\/{rel}","templated":true}]}}