{"id":2684,"date":"2025-02-13T04:14:42","date_gmt":"2025-02-13T04:14:42","guid":{"rendered":"https:\/\/vieteco.com\/?post_type=product&#038;p=2684"},"modified":"2025-02-13T04:17:20","modified_gmt":"2025-02-13T04:17:20","slug":"he-lua-95-class-a","status":"publish","type":"product","link":"https:\/\/vieteco.com\/en\/product\/he-lua-95-class-a\/","title":{"rendered":"Class A Sliding 95 System"},"content":{"rendered":"<p>C\u00e1c \u01b0u \u0111i\u1ec3m c\u1ee7a c\u1eeda l\u00f9a H\u1ec7 l\u00f9a 95 Class A:<\/p>\n<p>\u26a1\ufe0f Ch\u1ea5t l\u01b0\u1ee3ng ti\u00eau chu\u1ea9n Ch\u00e2u \u00c2u: Nh\u00f4m Vi\u1ec7t Eco h\u1ec7 l\u00f9a 95 Class A c\u00f3 thi\u1ebft k\u1ebf r\u00e3nh C theo ti\u00eau chu\u1ea9n ch\u00e2u \u00c2u.<\/p>\n<p>\u26a1\ufe0f \u0110a d\u1ea1ng m\u00e0u s\u1eafc, b\u1ec1n b\u1ec9 th\u1eddi gian: S\u1eed d\u1ee5ng c\u00f4ng ngh\u1ec7 xi m\u1ea1 anode g\u1ed3m c\u00e1c m\u00e0u th\u1eddi th\u01b0\u1ee3ng nh\u01b0: X\u00e1m \u0111\u00e1, C\u00e0 ph\u00ea, V\u00e2n g\u1ed7\u2026t\u0103ng v\u1ebb \u0111\u1eb9p ng\u00f4i nh\u00e0 &#8211; ch\u1ed1ng ch\u1ecbu m\u00f4i tr\u01b0\u1eddng mu\u1ed1i bi\u1ec3n t\u1ed1t.<\/p>\n<p>\u26a1\ufe0f Kh\u1ea3 n\u0103ng c\u00e1ch \u00e2m, c\u00e1ch nhi\u1ec7t t\u1ed1t: Nh\u00f4m Vi\u1ec7t Eco h\u1ec7 l\u00f9a 95 Class A s\u1eed d\u1ee5ng gio\u0103ng EPDM cao c\u1ea5p k\u1ebft h\u1ee3p v\u1edbi gi\u1ea3i ph\u00e1p khung ng\u1eadm c\u00e1nh gi\u00fap kh\u1ea3 n\u0103ng c\u00e1ch \u00e2m, c\u00e1ch nhi\u1ec7t c\u0169ng nh\u01b0 ng\u0103n n\u01b0\u1edbc.<\/p>\n<p>\u26a1\ufe0f \u0110a d\u1ea1ng v\u1ec1 gi\u1ea3i ph\u00e1p c\u1eeda v\u00e0 k\u00ednh: Nh\u00f4m Vi\u1ec7t Eco h\u1ec7 l\u00f9a 95 Class A \u0111\u01b0\u1ee3c thi\u1ebft k\u1ebf c\u00f3 th\u1ec3 \u0111\u00e1p \u1ee9ng \u0111\u01b0\u1ee3c h\u1ea7u h\u1ebft c\u00e1c y\u00eau c\u1ea7u gi\u1ea3i ph\u00e1p v\u1ec1 c\u1eeda m\u1edf l\u00f9a tr\u00ean th\u1ecb tr\u01b0\u1eddng nh\u01b0: C\u1eeda k\u1ebft h\u1ee3p c\u00e1nh ch\u1ed1ng c\u00f4n tr\u00f9ng, c\u1eeda 1,2,3,4,5,6 ray, quay g\u00f3c, c\u00e1nh b\u00e1n slim\u2026Ngo\u00e0i ra c\u00f2n c\u00f3 th\u1ec3 \u0111\u00e1p \u1ee9ng gi\u1ea3i ph\u00e1p k\u00ednh t\u1ed1i \u0111a l\u00ean t\u1edbi 23mm.<\/p>\n<p>\u26a1\ufe0f Cao c\u1ea5p trong thi\u1ebft k\u1ebf: Thi\u1ebft k\u1ebf 1 khung 1 c\u00e1nh gi\u00fap gia c\u00f4ng s\u1ea3n xu\u1ea5t c\u00f3 th\u1ec3 d\u1ec5 d\u00e0ng v\u00e0 hi\u1ec7u qu\u1ea3. S\u1eed d\u1ee5ng ray inox l\u00e0m gi\u1ea3m ma s\u00e1t, v\u1eadn h\u00e0nh nh\u1eb9 nh\u00e0ng \u00eam \u00e1i v\u00e0 n\u00e2ng cao tu\u1ed5i th\u1ecd ph\u1ee5 ki\u1ec7n. S\u1eed d\u1ee5ng b\u00e1nh xe d\u1eabn h\u01b0\u1edbng ph\u00eda tr\u00ean v\u1eeba t\u00e1c d\u1ee5ng d\u1eabn h\u01b0\u1edbng v\u1eeba ch\u1ed1ng rung l\u1eafc c\u00e1nh cho b\u1ed9 c\u1eeda.<\/p>\n<p>\u26a1\ufe0f \u0110\u1ed9 an to\u00e0n cao: Nh\u00f4m Vi\u1ec7t Eco h\u1ec7 l\u00f9a 95 Class A c\u00f3 tu\u1ed5i th\u1ecd l\u00e2u d\u00e0i, \u0111\u1ed9 b\u1ec1n cao, ch\u1ecbu \u0111\u01b0\u1ee3c l\u1ef1c n\u00e9n, l\u1ef1c xo\u1eafn, l\u1ef1c va \u0111\u1eadp v\u00e0 \u00e1p su\u1ea5t gi\u00f3 l\u1edbn n\u00ean c\u00f3 h\u1ec7 s\u1ed1 an to\u00e0n cao trong x\u00e2y d\u1ef1ng.<\/p>\n<p>\u26a1\ufe0f B\u1ea3o v\u1ec7 m\u00f4i tr\u01b0\u1eddng: Nh\u00f4m Vi\u1ec7t Eco h\u1ec7 l\u00f9a 95 Class A l\u00e0 v\u1eadt li\u1ec7u c\u00f3 th\u1ec3 t\u00e1i ch\u1ebf, gi\u00fap gi\u1ea3m l\u01b0\u1ee3t r\u00e1c th\u1ea3i v\u00e0 kh\u00ed th\u1ea3i c\u00f4ng nghi\u1ec7p ra m\u00f4i tr\u01b0\u1eddng, \u0111\u01b0\u1ee3c nhi\u1ec1u doanh nghi\u1ec7p \u01b0a chu\u1ed9ng v\u00ec t\u00ednh th\u00e2n thi\u1ec7n v\u1edbi thi\u00ean nhi\u00ean.<\/p>","protected":false},"excerpt":{"rendered":"<p class=\"article-summary\">Different from common aluminum, Viet Eco factory aluminum Class A sliding system 95 has a standard thickness of 1.3-1.6mm, ensuring the strength and safety of your home.<\/p>\n<p>The 95 Class A sliding system can be integrated with all high-end C-groove accessory lines on the market such as: ROTO, CMECH, VPH, SKYLINE, SIGICO,...<\/p>","protected":false},"featured_media":2696,"comment_status":"open","ping_status":"closed","template":"","meta":[],"product_brand":[],"product_cat":[213,47],"product_tag":[],"class_list":{"0":"post-2684","1":"product","2":"type-product","3":"status-publish","4":"has-post-thumbnail","6":"product_cat-he-lua-95-class-a","7":"product_cat-nhan-pae","9":"first","10":"instock","11":"shipping-taxable","12":"product-type-simple"},"yoast_head":"<!-- This site is optimized with the Yoast SEO plugin v24.9 - https:\/\/yoast.com\/wordpress\/plugins\/seo\/ -->\n<title>H\u1ec7 l\u00f9a 95 Class A - C\u00d4NG TY TNHH ALUMINUM VI\u1ec6T ECO<\/title>\n<meta name=\"robots\" content=\"index, follow, max-snippet:-1, max-image-preview:large, max-video-preview:-1\" \/>\n<link rel=\"canonical\" href=\"https:\/\/vieteco.com\/en\/product\/he-lua-95-class-a\/\" \/>\n<meta property=\"og:locale\" content=\"en_US\" \/>\n<meta property=\"og:type\" content=\"article\" \/>\n<meta property=\"og:title\" content=\"H\u1ec7 l\u00f9a 95 Class A - C\u00d4NG TY TNHH ALUMINUM VI\u1ec6T ECO\" \/>\n<meta property=\"og:description\" content=\"Kh\u00e1c v\u1edbi nh\u00f4m ph\u1ed5 th\u00f4ng, nh\u00f4m nh\u00e0 m\u00e1y Vi\u1ec7t Eco h\u1ec7 l\u00f9a 95 Class A \u0111\u1ed9 d\u00e0y ti\u00eau chu\u1ea9n 1.3-1.6mm, \u0111\u1ea3m b\u1ea3o \u0111\u1ed9 ch\u1eafc ch\u1eafn v\u00e0 an to\u00e0n cho ng\u00f4i nh\u00e0 c\u1ee7a b\u1ea1n. H\u1ec7 l\u00f9a 95 Class A t\u00edch h\u1ee3p \u0111\u01b0\u1ee3c v\u1edbi t\u1ea5t c\u1ea3 c\u00e1c d\u00f2ng ph\u1ee5 ki\u1ec7n r\u00e3nh C cao c\u1ea5p tr\u00ean th\u1ecb tr\u01b0\u1eddng nh\u01b0: ROTO, CMECH, VPH, SKYLINE, SIGICO,\u2026\" \/>\n<meta property=\"og:url\" content=\"https:\/\/vieteco.com\/en\/product\/he-lua-95-class-a\/\" \/>\n<meta property=\"og:site_name\" content=\"C\u00d4NG TY TNHH ALUMINUM VI\u1ec6T ECO\" \/>\n<meta property=\"article:modified_time\" content=\"2025-02-13T04:17:20+00:00\" \/>\n<meta property=\"og:image\" content=\"https:\/\/vieteco.com\/wp-content\/uploads\/2025\/02\/18.jpg\" \/>\n\t<meta property=\"og:image:width\" content=\"940\" \/>\n\t<meta property=\"og:image:height\" content=\"788\" \/>\n\t<meta property=\"og:image:type\" content=\"image\/jpeg\" \/>\n<meta name=\"twitter:card\" content=\"summary_large_image\" \/>\n<meta name=\"twitter:label1\" content=\"Est. reading time\" \/>\n\t<meta name=\"twitter:data1\" content=\"2 minutes\" \/>\n<script type=\"application\/ld+json\" class=\"yoast-schema-graph\">{\"@context\":\"https:\/\/schema.org\",\"@graph\":[{\"@type\":\"WebPage\",\"@id\":\"https:\/\/vieteco.com\/san-pham\/he-lua-95-class-a\/\",\"url\":\"https:\/\/vieteco.com\/san-pham\/he-lua-95-class-a\/\",\"name\":\"H\u1ec7 l\u00f9a 95 Class A - C\u00d4NG TY TNHH ALUMINUM VI\u1ec6T ECO\",\"isPartOf\":{\"@id\":\"https:\/\/vieteco.com\/#website\"},\"primaryImageOfPage\":{\"@id\":\"https:\/\/vieteco.com\/san-pham\/he-lua-95-class-a\/#primaryimage\"},\"image\":{\"@id\":\"https:\/\/vieteco.com\/san-pham\/he-lua-95-class-a\/#primaryimage\"},\"thumbnailUrl\":\"https:\/\/vieteco.com\/wp-content\/uploads\/2025\/02\/18.jpg\",\"datePublished\":\"2025-02-13T04:14:42+00:00\",\"dateModified\":\"2025-02-13T04:17:20+00:00\",\"breadcrumb\":{\"@id\":\"https:\/\/vieteco.com\/san-pham\/he-lua-95-class-a\/#breadcrumb\"},\"inLanguage\":\"en-US\",\"potentialAction\":[{\"@type\":\"ReadAction\",\"target\":[\"https:\/\/vieteco.com\/san-pham\/he-lua-95-class-a\/\"]}]},{\"@type\":\"ImageObject\",\"inLanguage\":\"en-US\",\"@id\":\"https:\/\/vieteco.com\/san-pham\/he-lua-95-class-a\/#primaryimage\",\"url\":\"https:\/\/vieteco.com\/wp-content\/uploads\/2025\/02\/18.jpg\",\"contentUrl\":\"https:\/\/vieteco.com\/wp-content\/uploads\/2025\/02\/18.jpg\",\"width\":940,\"height\":788},{\"@type\":\"BreadcrumbList\",\"@id\":\"https:\/\/vieteco.com\/san-pham\/he-lua-95-class-a\/#breadcrumb\",\"itemListElement\":[{\"@type\":\"ListItem\",\"position\":1,\"name\":\"Home\",\"item\":\"https:\/\/vieteco.com\/\"},{\"@type\":\"ListItem\",\"position\":2,\"name\":\"Shop\",\"item\":\"https:\/\/vieteco.com\/shop\/\"},{\"@type\":\"ListItem\",\"position\":3,\"name\":\"H\u1ec7 l\u00f9a 95 Class A\"}]},{\"@type\":\"WebSite\",\"@id\":\"https:\/\/vieteco.com\/#website\",\"url\":\"https:\/\/vieteco.com\/\",\"name\":\"C\u00d4NG TY TNHH ALUMINUM VI\u1ec6T ECO\",\"description\":\"\",\"publisher\":{\"@id\":\"https:\/\/vieteco.com\/#organization\"},\"potentialAction\":[{\"@type\":\"SearchAction\",\"target\":{\"@type\":\"EntryPoint\",\"urlTemplate\":\"https:\/\/vieteco.com\/?s={search_term_string}\"},\"query-input\":{\"@type\":\"PropertyValueSpecification\",\"valueRequired\":true,\"valueName\":\"search_term_string\"}}],\"inLanguage\":\"en-US\"},{\"@type\":\"Organization\",\"@id\":\"https:\/\/vieteco.com\/#organization\",\"name\":\"C\u00d4NG TY TNHH ALUMINUM VI\u1ec6T ECO\",\"url\":\"https:\/\/vieteco.com\/\",\"logo\":{\"@type\":\"ImageObject\",\"inLanguage\":\"en-US\",\"@id\":\"https:\/\/vieteco.com\/#\/schema\/logo\/image\/\",\"url\":\"https:\/\/vieteco.com\/wp-content\/uploads\/2025\/05\/cropped-Logo-VEC-doc-scaled-1.png\",\"contentUrl\":\"https:\/\/vieteco.com\/wp-content\/uploads\/2025\/05\/cropped-Logo-VEC-doc-scaled-1.png\",\"width\":512,\"height\":512,\"caption\":\"C\u00d4NG TY TNHH ALUMINUM VI\u1ec6T ECO\"},\"image\":{\"@id\":\"https:\/\/vieteco.com\/#\/schema\/logo\/image\/\"}}]}<\/script>\n<!-- \/ Yoast SEO plugin. -->","yoast_head_json":{"title":"H\u1ec7 l\u00f9a 95 Class A - C\u00d4NG TY TNHH ALUMINUM VI\u1ec6T ECO","robots":{"index":"index","follow":"follow","max-snippet":"max-snippet:-1","max-image-preview":"max-image-preview:large","max-video-preview":"max-video-preview:-1"},"canonical":"https:\/\/vieteco.com\/en\/product\/he-lua-95-class-a\/","og_locale":"en_US","og_type":"article","og_title":"H\u1ec7 l\u00f9a 95 Class A - C\u00d4NG TY TNHH ALUMINUM VI\u1ec6T ECO","og_description":"Kh\u00e1c v\u1edbi nh\u00f4m ph\u1ed5 th\u00f4ng, nh\u00f4m nh\u00e0 m\u00e1y Vi\u1ec7t Eco h\u1ec7 l\u00f9a 95 Class A \u0111\u1ed9 d\u00e0y ti\u00eau chu\u1ea9n 1.3-1.6mm, \u0111\u1ea3m b\u1ea3o \u0111\u1ed9 ch\u1eafc ch\u1eafn v\u00e0 an to\u00e0n cho ng\u00f4i nh\u00e0 c\u1ee7a b\u1ea1n. H\u1ec7 l\u00f9a 95 Class A t\u00edch h\u1ee3p \u0111\u01b0\u1ee3c v\u1edbi t\u1ea5t c\u1ea3 c\u00e1c d\u00f2ng ph\u1ee5 ki\u1ec7n r\u00e3nh C cao c\u1ea5p tr\u00ean th\u1ecb tr\u01b0\u1eddng nh\u01b0: ROTO, CMECH, VPH, SKYLINE, SIGICO,\u2026","og_url":"https:\/\/vieteco.com\/en\/product\/he-lua-95-class-a\/","og_site_name":"C\u00d4NG TY TNHH ALUMINUM VI\u1ec6T ECO","article_modified_time":"2025-02-13T04:17:20+00:00","og_image":[{"width":940,"height":788,"url":"https:\/\/vieteco.com\/wp-content\/uploads\/2025\/02\/18.jpg","type":"image\/jpeg"}],"twitter_card":"summary_large_image","twitter_misc":{"Est. reading time":"2 minutes"},"schema":{"@context":"https:\/\/schema.org","@graph":[{"@type":"WebPage","@id":"https:\/\/vieteco.com\/san-pham\/he-lua-95-class-a\/","url":"https:\/\/vieteco.com\/san-pham\/he-lua-95-class-a\/","name":"H\u1ec7 l\u00f9a 95 Class A - C\u00d4NG TY TNHH ALUMINUM VI\u1ec6T ECO","isPartOf":{"@id":"https:\/\/vieteco.com\/#website"},"primaryImageOfPage":{"@id":"https:\/\/vieteco.com\/san-pham\/he-lua-95-class-a\/#primaryimage"},"image":{"@id":"https:\/\/vieteco.com\/san-pham\/he-lua-95-class-a\/#primaryimage"},"thumbnailUrl":"https:\/\/vieteco.com\/wp-content\/uploads\/2025\/02\/18.jpg","datePublished":"2025-02-13T04:14:42+00:00","dateModified":"2025-02-13T04:17:20+00:00","breadcrumb":{"@id":"https:\/\/vieteco.com\/san-pham\/he-lua-95-class-a\/#breadcrumb"},"inLanguage":"en-US","potentialAction":[{"@type":"ReadAction","target":["https:\/\/vieteco.com\/san-pham\/he-lua-95-class-a\/"]}]},{"@type":"ImageObject","inLanguage":"en-US","@id":"https:\/\/vieteco.com\/san-pham\/he-lua-95-class-a\/#primaryimage","url":"https:\/\/vieteco.com\/wp-content\/uploads\/2025\/02\/18.jpg","contentUrl":"https:\/\/vieteco.com\/wp-content\/uploads\/2025\/02\/18.jpg","width":940,"height":788},{"@type":"BreadcrumbList","@id":"https:\/\/vieteco.com\/san-pham\/he-lua-95-class-a\/#breadcrumb","itemListElement":[{"@type":"ListItem","position":1,"name":"Home","item":"https:\/\/vieteco.com\/"},{"@type":"ListItem","position":2,"name":"Shop","item":"https:\/\/vieteco.com\/shop\/"},{"@type":"ListItem","position":3,"name":"H\u1ec7 l\u00f9a 95 Class A"}]},{"@type":"WebSite","@id":"https:\/\/vieteco.com\/#website","url":"https:\/\/vieteco.com\/","name":"C\u00d4NG TY TNHH ALUMINUM VI\u1ec6T ECO","description":"","publisher":{"@id":"https:\/\/vieteco.com\/#organization"},"potentialAction":[{"@type":"SearchAction","target":{"@type":"EntryPoint","urlTemplate":"https:\/\/vieteco.com\/?s={search_term_string}"},"query-input":{"@type":"PropertyValueSpecification","valueRequired":true,"valueName":"search_term_string"}}],"inLanguage":"en-US"},{"@type":"Organization","@id":"https:\/\/vieteco.com\/#organization","name":"C\u00d4NG TY TNHH ALUMINUM VI\u1ec6T ECO","url":"https:\/\/vieteco.com\/","logo":{"@type":"ImageObject","inLanguage":"en-US","@id":"https:\/\/vieteco.com\/#\/schema\/logo\/image\/","url":"https:\/\/vieteco.com\/wp-content\/uploads\/2025\/05\/cropped-Logo-VEC-doc-scaled-1.png","contentUrl":"https:\/\/vieteco.com\/wp-content\/uploads\/2025\/05\/cropped-Logo-VEC-doc-scaled-1.png","width":512,"height":512,"caption":"C\u00d4NG TY TNHH ALUMINUM VI\u1ec6T ECO"},"image":{"@id":"https:\/\/vieteco.com\/#\/schema\/logo\/image\/"}}]}},"_links":{"self":[{"href":"https:\/\/vieteco.com\/en\/wp-json\/wp\/v2\/product\/2684","targetHints":{"allow":["GET"]}}],"collection":[{"href":"https:\/\/vieteco.com\/en\/wp-json\/wp\/v2\/product"}],"about":[{"href":"https:\/\/vieteco.com\/en\/wp-json\/wp\/v2\/types\/product"}],"replies":[{"embeddable":true,"href":"https:\/\/vieteco.com\/en\/wp-json\/wp\/v2\/comments?post=2684"}],"wp:featuredmedia":[{"embeddable":true,"href":"https:\/\/vieteco.com\/en\/wp-json\/wp\/v2\/media\/2696"}],"wp:attachment":[{"href":"https:\/\/vieteco.com\/en\/wp-json\/wp\/v2\/media?parent=2684"}],"wp:term":[{"taxonomy":"product_brand","embeddable":true,"href":"https:\/\/vieteco.com\/en\/wp-json\/wp\/v2\/product_brand?post=2684"},{"taxonomy":"product_cat","embeddable":true,"href":"https:\/\/vieteco.com\/en\/wp-json\/wp\/v2\/product_cat?post=2684"},{"taxonomy":"product_tag","embeddable":true,"href":"https:\/\/vieteco.com\/en\/wp-json\/wp\/v2\/product_tag?post=2684"}],"curies":[{"name":"wp","href":"https:\/\/api.w.org\/{rel}","templated":true}]}}