{"id":2674,"date":"2025-02-13T02:53:19","date_gmt":"2025-02-13T02:53:19","guid":{"rendered":"https:\/\/vieteco.com\/?post_type=product&#038;p=2674"},"modified":"2025-02-13T03:08:16","modified_gmt":"2025-02-13T03:08:16","slug":"he-xingfa-class-a","status":"publish","type":"product","link":"https:\/\/vieteco.com\/en\/product\/he-xingfa-class-a\/","title":{"rendered":"Xingfa Class A System"},"content":{"rendered":"<p>\u2705 High synchronization: All systems in Viet Eco's European standard system share 6 common lock codes, making it easy and optimal for the door manufacturing process.<\/p>\n<p>\u2705 S\u1eed d\u1ee5ng c\u00f4ng ngh\u1ec7 xi m\u1ea1 &#8211; anode s\u1ed1 1 Nh\u1eadt B\u1ea3n ch\u1ecbu \u0111\u01b0\u1ee3c m\u00f4i tr\u01b0\u1eddng kh\u1eafc nghi\u1ec7t v\u00f9ng ven bi\u1ec3n, m\u00e0u s\u1eafc \u0111a d\u1ea1ng th\u1ea9m m\u1ef9 cao nh\u01b0: v\u00e2n g\u1ed7, x\u00e1m \u0111\u00e1, n\u00e2u cafe.. l\u1edbp m\u1ea1 s\u00e1ng \u0111\u1eb9p, b\u1ec1n m\u00e0u<\/p>\n<p>\u2705 Good soundproofing and heat insulation: Xingfa Class A aluminum doors have a multi-chamber structure combined with 2 layers of high-quality EPDM gaskets, providing top soundproofing, heat insulation and water resistance on the market.<\/p>\n<p>\u2705 Diverse door and glass solutions: Xingfa Class A Aluminum System is designed to meet most of the requirements for swing door solutions on the market such as: windows, doors, walls... In addition, the wing design is up to 35mm, so Xingfa Class A System can meet glass solutions up to 35mm.<\/p>","protected":false},"excerpt":{"rendered":"<p class=\"article-summary\">Xingfa Class A system is an innovation of Viet Eco aluminum factory, part of the high-end aluminum profile line, with high durability thanks to the multi-chamber design with good resistance to external forces.<\/p>\n<div class=\"article-body-text content mt-8\">\n<p>Unlike common aluminum systems, the Xingfa Class A system has a standard thickness of 1.4mm for windows and 2.0mm for doors, ensuring the strength and safety of your home.<\/p>\n<\/div>","protected":false},"featured_media":2676,"comment_status":"open","ping_status":"closed","template":"","meta":[],"product_brand":[],"product_cat":[211,103],"product_tag":[],"class_list":{"0":"post-2674","1":"product","2":"type-product","3":"status-publish","4":"has-post-thumbnail","6":"product_cat-he-xingfa-class-a","7":"product_cat-nhan-divic","9":"first","10":"instock","11":"shipping-taxable","12":"product-type-simple"},"yoast_head":"<!-- This site is optimized with the Yoast SEO plugin v24.9 - https:\/\/yoast.com\/wordpress\/plugins\/seo\/ -->\n<title>H\u1ec7 Xingfa Class A - C\u00d4NG TY TNHH ALUMINUM VI\u1ec6T ECO<\/title>\n<meta name=\"robots\" content=\"index, follow, max-snippet:-1, max-image-preview:large, max-video-preview:-1\" \/>\n<link rel=\"canonical\" href=\"https:\/\/vieteco.com\/en\/product\/he-xingfa-class-a\/\" \/>\n<meta property=\"og:locale\" content=\"en_US\" \/>\n<meta property=\"og:type\" content=\"article\" \/>\n<meta property=\"og:title\" content=\"H\u1ec7 Xingfa Class A - C\u00d4NG TY TNHH ALUMINUM VI\u1ec6T ECO\" \/>\n<meta property=\"og:description\" content=\"H\u1ec7 xingfa Class A l\u00e0 m\u1ed9t c\u1ea3i ti\u1ebfn \u0111\u1ed9t ph\u00e1 c\u1ee7a nh\u00e0 m\u00e1y nh\u00f4m Vi\u1ec7t Eco, thu\u1ed9c d\u00f2ng nh\u00f4m thanh \u0111\u1ecbnh h\u00ecnh cao c\u1ea5p, c\u00f3 \u0111\u1ed9 b\u1ec1n cao nh\u1edd thi\u1ebft k\u1ebf \u0111a khoang c\u00f3 kh\u1ea3 n\u0103ng ch\u1ed1ng t\u00e1c \u0111\u1ed9ng ngo\u1ea1i l\u1ef1c t\u1ed1t.    Kh\u00e1c v\u1edbi c\u00e1c h\u1ec7 nh\u00f4m ph\u1ed5 th\u00f4ng, H\u1ec7 xingfa Class A c\u00f3 \u0111\u1ed9 d\u00e0y ti\u00eau chu\u1ea9n 1.4mm cho c\u1eeda s\u1ed5 v\u00e0 2.0mm cho c\u1eeda \u0111i, \u0111\u1ea3m b\u1ea3o \u0111\u1ed9 ch\u1eafc ch\u1eafn v\u00e0 an to\u00e0n cho ng\u00f4i nh\u00e0 c\u1ee7a b\u1ea1n.\" \/>\n<meta property=\"og:url\" content=\"https:\/\/vieteco.com\/en\/product\/he-xingfa-class-a\/\" \/>\n<meta property=\"og:site_name\" content=\"C\u00d4NG TY TNHH ALUMINUM VI\u1ec6T ECO\" \/>\n<meta property=\"article:modified_time\" content=\"2025-02-13T03:08:16+00:00\" \/>\n<meta property=\"og:image\" content=\"https:\/\/vieteco.com\/wp-content\/uploads\/2025\/02\/1.jpg\" \/>\n\t<meta property=\"og:image:width\" content=\"940\" \/>\n\t<meta property=\"og:image:height\" content=\"788\" \/>\n\t<meta property=\"og:image:type\" content=\"image\/jpeg\" \/>\n<meta name=\"twitter:card\" content=\"summary_large_image\" \/>\n<meta name=\"twitter:label1\" content=\"Est. reading time\" \/>\n\t<meta name=\"twitter:data1\" content=\"2 minutes\" \/>\n<script type=\"application\/ld+json\" class=\"yoast-schema-graph\">{\"@context\":\"https:\/\/schema.org\",\"@graph\":[{\"@type\":\"WebPage\",\"@id\":\"https:\/\/vieteco.com\/san-pham\/he-xingfa-class-a\/\",\"url\":\"https:\/\/vieteco.com\/san-pham\/he-xingfa-class-a\/\",\"name\":\"H\u1ec7 Xingfa Class A - C\u00d4NG TY TNHH ALUMINUM VI\u1ec6T ECO\",\"isPartOf\":{\"@id\":\"https:\/\/vieteco.com\/#website\"},\"primaryImageOfPage\":{\"@id\":\"https:\/\/vieteco.com\/san-pham\/he-xingfa-class-a\/#primaryimage\"},\"image\":{\"@id\":\"https:\/\/vieteco.com\/san-pham\/he-xingfa-class-a\/#primaryimage\"},\"thumbnailUrl\":\"https:\/\/vieteco.com\/wp-content\/uploads\/2025\/02\/1.jpg\",\"datePublished\":\"2025-02-13T02:53:19+00:00\",\"dateModified\":\"2025-02-13T03:08:16+00:00\",\"breadcrumb\":{\"@id\":\"https:\/\/vieteco.com\/san-pham\/he-xingfa-class-a\/#breadcrumb\"},\"inLanguage\":\"en-US\",\"potentialAction\":[{\"@type\":\"ReadAction\",\"target\":[\"https:\/\/vieteco.com\/san-pham\/he-xingfa-class-a\/\"]}]},{\"@type\":\"ImageObject\",\"inLanguage\":\"en-US\",\"@id\":\"https:\/\/vieteco.com\/san-pham\/he-xingfa-class-a\/#primaryimage\",\"url\":\"https:\/\/vieteco.com\/wp-content\/uploads\/2025\/02\/1.jpg\",\"contentUrl\":\"https:\/\/vieteco.com\/wp-content\/uploads\/2025\/02\/1.jpg\",\"width\":940,\"height\":788},{\"@type\":\"BreadcrumbList\",\"@id\":\"https:\/\/vieteco.com\/san-pham\/he-xingfa-class-a\/#breadcrumb\",\"itemListElement\":[{\"@type\":\"ListItem\",\"position\":1,\"name\":\"Home\",\"item\":\"https:\/\/vieteco.com\/\"},{\"@type\":\"ListItem\",\"position\":2,\"name\":\"Shop\",\"item\":\"https:\/\/vieteco.com\/shop\/\"},{\"@type\":\"ListItem\",\"position\":3,\"name\":\"H\u1ec7 Xingfa Class A\"}]},{\"@type\":\"WebSite\",\"@id\":\"https:\/\/vieteco.com\/#website\",\"url\":\"https:\/\/vieteco.com\/\",\"name\":\"C\u00d4NG TY TNHH ALUMINUM VI\u1ec6T ECO\",\"description\":\"\",\"publisher\":{\"@id\":\"https:\/\/vieteco.com\/#organization\"},\"potentialAction\":[{\"@type\":\"SearchAction\",\"target\":{\"@type\":\"EntryPoint\",\"urlTemplate\":\"https:\/\/vieteco.com\/?s={search_term_string}\"},\"query-input\":{\"@type\":\"PropertyValueSpecification\",\"valueRequired\":true,\"valueName\":\"search_term_string\"}}],\"inLanguage\":\"en-US\"},{\"@type\":\"Organization\",\"@id\":\"https:\/\/vieteco.com\/#organization\",\"name\":\"C\u00d4NG TY TNHH ALUMINUM VI\u1ec6T ECO\",\"url\":\"https:\/\/vieteco.com\/\",\"logo\":{\"@type\":\"ImageObject\",\"inLanguage\":\"en-US\",\"@id\":\"https:\/\/vieteco.com\/#\/schema\/logo\/image\/\",\"url\":\"https:\/\/vieteco.com\/wp-content\/uploads\/2025\/05\/cropped-Logo-VEC-doc-scaled-1.png\",\"contentUrl\":\"https:\/\/vieteco.com\/wp-content\/uploads\/2025\/05\/cropped-Logo-VEC-doc-scaled-1.png\",\"width\":512,\"height\":512,\"caption\":\"C\u00d4NG TY TNHH ALUMINUM VI\u1ec6T ECO\"},\"image\":{\"@id\":\"https:\/\/vieteco.com\/#\/schema\/logo\/image\/\"}}]}<\/script>\n<!-- \/ Yoast SEO plugin. -->","yoast_head_json":{"title":"H\u1ec7 Xingfa Class A - C\u00d4NG TY TNHH ALUMINUM VI\u1ec6T ECO","robots":{"index":"index","follow":"follow","max-snippet":"max-snippet:-1","max-image-preview":"max-image-preview:large","max-video-preview":"max-video-preview:-1"},"canonical":"https:\/\/vieteco.com\/en\/product\/he-xingfa-class-a\/","og_locale":"en_US","og_type":"article","og_title":"H\u1ec7 Xingfa Class A - C\u00d4NG TY TNHH ALUMINUM VI\u1ec6T ECO","og_description":"H\u1ec7 xingfa Class A l\u00e0 m\u1ed9t c\u1ea3i ti\u1ebfn \u0111\u1ed9t ph\u00e1 c\u1ee7a nh\u00e0 m\u00e1y nh\u00f4m Vi\u1ec7t Eco, thu\u1ed9c d\u00f2ng nh\u00f4m thanh \u0111\u1ecbnh h\u00ecnh cao c\u1ea5p, c\u00f3 \u0111\u1ed9 b\u1ec1n cao nh\u1edd thi\u1ebft k\u1ebf \u0111a khoang c\u00f3 kh\u1ea3 n\u0103ng ch\u1ed1ng t\u00e1c \u0111\u1ed9ng ngo\u1ea1i l\u1ef1c t\u1ed1t.    Kh\u00e1c v\u1edbi c\u00e1c h\u1ec7 nh\u00f4m ph\u1ed5 th\u00f4ng, H\u1ec7 xingfa Class A c\u00f3 \u0111\u1ed9 d\u00e0y ti\u00eau chu\u1ea9n 1.4mm cho c\u1eeda s\u1ed5 v\u00e0 2.0mm cho c\u1eeda \u0111i, \u0111\u1ea3m b\u1ea3o \u0111\u1ed9 ch\u1eafc ch\u1eafn v\u00e0 an to\u00e0n cho ng\u00f4i nh\u00e0 c\u1ee7a b\u1ea1n.","og_url":"https:\/\/vieteco.com\/en\/product\/he-xingfa-class-a\/","og_site_name":"C\u00d4NG TY TNHH ALUMINUM VI\u1ec6T ECO","article_modified_time":"2025-02-13T03:08:16+00:00","og_image":[{"width":940,"height":788,"url":"https:\/\/vieteco.com\/wp-content\/uploads\/2025\/02\/1.jpg","type":"image\/jpeg"}],"twitter_card":"summary_large_image","twitter_misc":{"Est. reading time":"2 minutes"},"schema":{"@context":"https:\/\/schema.org","@graph":[{"@type":"WebPage","@id":"https:\/\/vieteco.com\/san-pham\/he-xingfa-class-a\/","url":"https:\/\/vieteco.com\/san-pham\/he-xingfa-class-a\/","name":"H\u1ec7 Xingfa Class A - C\u00d4NG TY TNHH ALUMINUM VI\u1ec6T ECO","isPartOf":{"@id":"https:\/\/vieteco.com\/#website"},"primaryImageOfPage":{"@id":"https:\/\/vieteco.com\/san-pham\/he-xingfa-class-a\/#primaryimage"},"image":{"@id":"https:\/\/vieteco.com\/san-pham\/he-xingfa-class-a\/#primaryimage"},"thumbnailUrl":"https:\/\/vieteco.com\/wp-content\/uploads\/2025\/02\/1.jpg","datePublished":"2025-02-13T02:53:19+00:00","dateModified":"2025-02-13T03:08:16+00:00","breadcrumb":{"@id":"https:\/\/vieteco.com\/san-pham\/he-xingfa-class-a\/#breadcrumb"},"inLanguage":"en-US","potentialAction":[{"@type":"ReadAction","target":["https:\/\/vieteco.com\/san-pham\/he-xingfa-class-a\/"]}]},{"@type":"ImageObject","inLanguage":"en-US","@id":"https:\/\/vieteco.com\/san-pham\/he-xingfa-class-a\/#primaryimage","url":"https:\/\/vieteco.com\/wp-content\/uploads\/2025\/02\/1.jpg","contentUrl":"https:\/\/vieteco.com\/wp-content\/uploads\/2025\/02\/1.jpg","width":940,"height":788},{"@type":"BreadcrumbList","@id":"https:\/\/vieteco.com\/san-pham\/he-xingfa-class-a\/#breadcrumb","itemListElement":[{"@type":"ListItem","position":1,"name":"Home","item":"https:\/\/vieteco.com\/"},{"@type":"ListItem","position":2,"name":"Shop","item":"https:\/\/vieteco.com\/shop\/"},{"@type":"ListItem","position":3,"name":"H\u1ec7 Xingfa Class A"}]},{"@type":"WebSite","@id":"https:\/\/vieteco.com\/#website","url":"https:\/\/vieteco.com\/","name":"C\u00d4NG TY TNHH ALUMINUM VI\u1ec6T ECO","description":"","publisher":{"@id":"https:\/\/vieteco.com\/#organization"},"potentialAction":[{"@type":"SearchAction","target":{"@type":"EntryPoint","urlTemplate":"https:\/\/vieteco.com\/?s={search_term_string}"},"query-input":{"@type":"PropertyValueSpecification","valueRequired":true,"valueName":"search_term_string"}}],"inLanguage":"en-US"},{"@type":"Organization","@id":"https:\/\/vieteco.com\/#organization","name":"C\u00d4NG TY TNHH ALUMINUM VI\u1ec6T ECO","url":"https:\/\/vieteco.com\/","logo":{"@type":"ImageObject","inLanguage":"en-US","@id":"https:\/\/vieteco.com\/#\/schema\/logo\/image\/","url":"https:\/\/vieteco.com\/wp-content\/uploads\/2025\/05\/cropped-Logo-VEC-doc-scaled-1.png","contentUrl":"https:\/\/vieteco.com\/wp-content\/uploads\/2025\/05\/cropped-Logo-VEC-doc-scaled-1.png","width":512,"height":512,"caption":"C\u00d4NG TY TNHH ALUMINUM VI\u1ec6T ECO"},"image":{"@id":"https:\/\/vieteco.com\/#\/schema\/logo\/image\/"}}]}},"_links":{"self":[{"href":"https:\/\/vieteco.com\/en\/wp-json\/wp\/v2\/product\/2674","targetHints":{"allow":["GET"]}}],"collection":[{"href":"https:\/\/vieteco.com\/en\/wp-json\/wp\/v2\/product"}],"about":[{"href":"https:\/\/vieteco.com\/en\/wp-json\/wp\/v2\/types\/product"}],"replies":[{"embeddable":true,"href":"https:\/\/vieteco.com\/en\/wp-json\/wp\/v2\/comments?post=2674"}],"wp:featuredmedia":[{"embeddable":true,"href":"https:\/\/vieteco.com\/en\/wp-json\/wp\/v2\/media\/2676"}],"wp:attachment":[{"href":"https:\/\/vieteco.com\/en\/wp-json\/wp\/v2\/media?parent=2674"}],"wp:term":[{"taxonomy":"product_brand","embeddable":true,"href":"https:\/\/vieteco.com\/en\/wp-json\/wp\/v2\/product_brand?post=2674"},{"taxonomy":"product_cat","embeddable":true,"href":"https:\/\/vieteco.com\/en\/wp-json\/wp\/v2\/product_cat?post=2674"},{"taxonomy":"product_tag","embeddable":true,"href":"https:\/\/vieteco.com\/en\/wp-json\/wp\/v2\/product_tag?post=2674"}],"curies":[{"name":"wp","href":"https:\/\/api.w.org\/{rel}","templated":true}]}}