{"id":2079,"date":"2024-07-03T10:32:59","date_gmt":"2024-07-03T10:32:59","guid":{"rendered":"https:\/\/vieteco.com\/?post_type=product&#038;p=2079"},"modified":"2025-02-07T09:36:34","modified_gmt":"2025-02-07T09:36:34","slug":"he-mat-dung-52-lo-do-2","status":"publish","type":"product","link":"https:\/\/vieteco.com\/en\/product\/he-mat-dung-52-lo-do-2\/","title":{"rendered":"Revealing Rail Facade 52 System"},"content":{"rendered":"<p>\u0110\u1eb7c \u0111i\u1ec3m n\u1ed5i b\u1eadt c\u1ee7a h\u1ec7 m\u1eb7t d\u1ef1ng 52 l\u1ed9 \u0111\u1ed1:<\/p>\n<p>\ud83d\udd36Ph\u00f9 h\u1ee3p cho v\u1edbi c\u1ea3 c\u00f4ng tr\u00ecnh l\u1edbn y\u00eau c\u1ea7u k\u1ef9 thu\u1eadt cao nh\u01b0 trung t\u00e2m th\u01b0\u01a1ng m\u1ea1i, t\u00f2a nh\u00e0 cao t\u1ea7ng b\u1edfi kh\u1ea3 n\u0103ng tr\u1ecdng t\u1ea3i nh\u1eb9, ch\u1ecbu l\u1ef1c t\u1ed1t v\u00e0 \u0111\u1ed9 b\u1ec1n cao.<\/p>\n<p>\ud83d\udd36H\u1ec7 m\u1eb7t d\u1ef1ng 52 l\u1ed9 \u0111\u1ed1 kh\u00f4ng ch\u1ec9 mang \u0111\u1ebfn v\u1ebb \u0111\u1eb9p sang tr\u1ecdng, hi\u1ec7n \u0111\u1ea1i cho c\u00f4ng tr\u00ecnh m\u00e0 c\u00f2n \u0111\u1ea3m b\u1ea3o \u0111\u1ed9 b\u1ec1n cao v\u00e0 kh\u1ea3 n\u0103ng ch\u1ecbu l\u1ef1c t\u1ed1t, \u0111\u00e1p \u1ee9ng m\u1ecdi y\u00eau c\u1ea7u kh\u1eaft khe nh\u1ea5t.<\/p>\n<p>\ud83d\udd36Nh\u1edd c\u1ea5u t\u1ea1o t\u1eeb profile nh\u00f4m cao c\u1ea5p m\u00e1c nh\u00f4m ti\u00eau chu\u1ea9n 6063 &#8211; T5 \u0111\u1ea3m b\u1ea3o \u0111\u1ed9 c\u1ee9ng 11-13 v\u1ea1ch, h\u1ec7 m\u1eb7t d\u1ef1ng kh\u00f4ng b\u1ecb co ng\u00f3t hay cong v\u00eanh theo th\u1eddi gian, \u0111\u1ea3m b\u1ea3o an to\u00e0n v\u00e0 \u0111\u1ed9 \u1ed5n \u0111\u1ecbnh l\u00e2u d\u00e0i cho m\u1ecdi c\u00f4ng tr\u00ecnh.<\/p>\n<p>\ud83d\udd36Thanh profile nh\u00f4m \u0111\u01b0\u1ee3c trang b\u1ecb d\u00e3y Polyamit c\u00e1ch nhi\u1ec7t k\u1ebft h\u1ee3p h\u1ec7 gio\u0103ng EPDM v\u00e0 ph\u1ee5 ki\u1ec7n kim kh\u00ed \u0111\u1ed3ng b\u1ed9. Nh\u1edd v\u1eady, t\u0103ng kh\u1ea3 n\u0103ng c\u00e1ch \u00e2m, c\u00e1ch nhi\u1ec7t hi\u1ec7u qu\u1ea3 cho c\u00f4ng tr\u00ecnh.<\/p>\n<p><strong>TH\u00d4NG S\u1ed0 K\u1ef8 THU\u1eacT<\/strong><\/p>\n<p>&nbsp;<\/p>\n<p><img loading=\"lazy\" decoding=\"async\" class=\"alignnone size-full wp-image-2469\" src=\"https:\/\/vieteco.com\/wp-content\/uploads\/2024\/07\/1-12-1086x1536-1.jpg\" alt=\"\" width=\"1086\" height=\"1536\" srcset=\"https:\/\/vieteco.com\/wp-content\/uploads\/2024\/07\/1-12-1086x1536-1.jpg 1086w, https:\/\/vieteco.com\/wp-content\/uploads\/2024\/07\/1-12-1086x1536-1-283x400.jpg 283w, https:\/\/vieteco.com\/wp-content\/uploads\/2024\/07\/1-12-1086x1536-1-724x1024.jpg 724w, https:\/\/vieteco.com\/wp-content\/uploads\/2024\/07\/1-12-1086x1536-1-318x450.jpg 318w, https:\/\/vieteco.com\/wp-content\/uploads\/2024\/07\/1-12-1086x1536-1-768x1086.jpg 768w, https:\/\/vieteco.com\/wp-content\/uploads\/2024\/07\/1-12-1086x1536-1-8x12.jpg 8w, https:\/\/vieteco.com\/wp-content\/uploads\/2024\/07\/1-12-1086x1536-1-510x721.jpg 510w\" sizes=\"auto, (max-width: 1086px) 100vw, 1086px\" \/><img loading=\"lazy\" decoding=\"async\" class=\"alignnone size-full wp-image-2470\" src=\"https:\/\/vieteco.com\/wp-content\/uploads\/2024\/07\/52-lo-do-2-1086x1536-1.jpg\" alt=\"\" width=\"1086\" height=\"1536\" srcset=\"https:\/\/vieteco.com\/wp-content\/uploads\/2024\/07\/52-lo-do-2-1086x1536-1.jpg 1086w, https:\/\/vieteco.com\/wp-content\/uploads\/2024\/07\/52-lo-do-2-1086x1536-1-283x400.jpg 283w, https:\/\/vieteco.com\/wp-content\/uploads\/2024\/07\/52-lo-do-2-1086x1536-1-724x1024.jpg 724w, https:\/\/vieteco.com\/wp-content\/uploads\/2024\/07\/52-lo-do-2-1086x1536-1-318x450.jpg 318w, https:\/\/vieteco.com\/wp-content\/uploads\/2024\/07\/52-lo-do-2-1086x1536-1-768x1086.jpg 768w, https:\/\/vieteco.com\/wp-content\/uploads\/2024\/07\/52-lo-do-2-1086x1536-1-8x12.jpg 8w, https:\/\/vieteco.com\/wp-content\/uploads\/2024\/07\/52-lo-do-2-1086x1536-1-510x721.jpg 510w\" sizes=\"auto, (max-width: 1086px) 100vw, 1086px\" \/><\/p>","protected":false},"excerpt":{"rendered":"<p>H\u1ec7 m\u1eb7t d\u1ef1ng 52 l\u1ed9 \u0111\u1ed1 l\u00e0 h\u1ec7 th\u1ed1ng m\u1eb7t d\u1ef1ng s\u1eed d\u1ee5ng c\u00e1c thanh \u0111\u1ed1 nh\u00f4m,n\u1eb9p ngang l\u1ed9 ra b\u00ean ngo\u00e0i \u0111\u1ec3 k\u1ebft n\u1ed1i c\u00e1c t\u1ea5m k\u00ednh, t\u1ea1o th\u00e0nh khung c\u1eeda ho\u1eb7c v\u00e1ch ng\u0103n cho c\u00f4ng tr\u00ecnh. S\u1ea3n ph\u1ea9m \u0111\u01b0\u1ee3c \u0111\u00e1nh gi\u00e1 cao b\u1edfi t\u00ednh ch\u1eafc ch\u1eafn v\u00e0 hi\u1ec7u qu\u1ea3 th\u1ea9m m\u1ef9, v\u00e0 an to\u00e0n cho c\u00f4ng tr\u00ecnh.<\/p>\n<ul>\n<li>Th\u01b0\u01a1ng hi\u1ec7u: DIVIC<\/li>\n<li>M\u00e1c nh\u00f4m ti\u00eau chu\u1ea9n 6063:T5<\/li>\n<li>\u00c1p d\u1ee5ng ti\u00eau chu\u1ea9n xanh trong s\u1ea3n xu\u1ea5t \u0111\u1ea3m b\u1ea3o an to\u00e0n cho ng\u01b0\u1eddi s\u1ea3n xu\u1ea5t v\u00e0 ti\u00eau d\u00f9ng<\/li>\n<\/ul>","protected":false},"featured_media":2464,"comment_status":"open","ping_status":"closed","template":"","meta":[],"product_brand":[],"product_cat":[103,133],"product_tag":[166,180],"class_list":{"0":"post-2079","1":"product","2":"type-product","3":"status-publish","4":"has-post-thumbnail","6":"product_cat-nhan-divic","7":"product_cat-he-mat-dung-nhan-divic","8":"product_tag-he-mat-dung","9":"product_tag-he-mat-dung-52-lo-do","11":"first","12":"instock","13":"shipping-taxable","14":"product-type-simple"},"yoast_head":"<!-- This site is optimized with the Yoast SEO plugin v24.9 - https:\/\/yoast.com\/wordpress\/plugins\/seo\/ -->\n<title>H\u1ec7 m\u1eb7t d\u1ef1ng 52 l\u1ed9 \u0111\u1ed1 - C\u00d4NG TY TNHH ALUMINUM VI\u1ec6T ECO<\/title>\n<meta name=\"robots\" content=\"index, follow, max-snippet:-1, max-image-preview:large, max-video-preview:-1\" \/>\n<link rel=\"canonical\" href=\"https:\/\/vieteco.com\/en\/product\/he-mat-dung-52-lo-do-2\/\" \/>\n<meta property=\"og:locale\" content=\"en_US\" \/>\n<meta property=\"og:type\" content=\"article\" \/>\n<meta property=\"og:title\" content=\"H\u1ec7 m\u1eb7t d\u1ef1ng 52 l\u1ed9 \u0111\u1ed1 - C\u00d4NG TY TNHH ALUMINUM VI\u1ec6T ECO\" \/>\n<meta property=\"og:description\" content=\"H\u1ec7 m\u1eb7t d\u1ef1ng 52 l\u1ed9 \u0111\u1ed1 l\u00e0 h\u1ec7 th\u1ed1ng m\u1eb7t d\u1ef1ng s\u1eed d\u1ee5ng c\u00e1c thanh \u0111\u1ed1 nh\u00f4m,n\u1eb9p ngang l\u1ed9 ra b\u00ean ngo\u00e0i \u0111\u1ec3 k\u1ebft n\u1ed1i c\u00e1c t\u1ea5m k\u00ednh, t\u1ea1o th\u00e0nh khung c\u1eeda ho\u1eb7c v\u00e1ch ng\u0103n cho c\u00f4ng tr\u00ecnh. S\u1ea3n ph\u1ea9m \u0111\u01b0\u1ee3c \u0111\u00e1nh gi\u00e1 cao b\u1edfi t\u00ednh ch\u1eafc ch\u1eafn v\u00e0 hi\u1ec7u qu\u1ea3 th\u1ea9m m\u1ef9, v\u00e0 an to\u00e0n cho c\u00f4ng tr\u00ecnh.   Th\u01b0\u01a1ng hi\u1ec7u: DIVIC  M\u00e1c nh\u00f4m ti\u00eau chu\u1ea9n 6063:T5  \u00c1p d\u1ee5ng ti\u00eau chu\u1ea9n xanh trong s\u1ea3n xu\u1ea5t \u0111\u1ea3m b\u1ea3o an to\u00e0n cho ng\u01b0\u1eddi s\u1ea3n xu\u1ea5t v\u00e0 ti\u00eau d\u00f9ng\" \/>\n<meta property=\"og:url\" content=\"https:\/\/vieteco.com\/en\/product\/he-mat-dung-52-lo-do-2\/\" \/>\n<meta property=\"og:site_name\" content=\"C\u00d4NG TY TNHH ALUMINUM VI\u1ec6T ECO\" \/>\n<meta property=\"article:modified_time\" content=\"2025-02-07T09:36:34+00:00\" \/>\n<meta property=\"og:image\" content=\"https:\/\/vieteco.com\/wp-content\/uploads\/2024\/07\/52-lo-do-510x610-1.jpg\" \/>\n\t<meta property=\"og:image:width\" content=\"510\" \/>\n\t<meta property=\"og:image:height\" content=\"610\" \/>\n\t<meta property=\"og:image:type\" content=\"image\/jpeg\" \/>\n<meta name=\"twitter:card\" content=\"summary_large_image\" \/>\n<meta name=\"twitter:label1\" content=\"Est. reading time\" \/>\n\t<meta name=\"twitter:data1\" content=\"2 minutes\" \/>\n<script type=\"application\/ld+json\" class=\"yoast-schema-graph\">{\"@context\":\"https:\/\/schema.org\",\"@graph\":[{\"@type\":\"WebPage\",\"@id\":\"https:\/\/vieteco.com\/san-pham\/he-mat-dung-52-lo-do-2\/\",\"url\":\"https:\/\/vieteco.com\/san-pham\/he-mat-dung-52-lo-do-2\/\",\"name\":\"H\u1ec7 m\u1eb7t d\u1ef1ng 52 l\u1ed9 \u0111\u1ed1 - C\u00d4NG TY TNHH ALUMINUM VI\u1ec6T ECO\",\"isPartOf\":{\"@id\":\"https:\/\/vieteco.com\/#website\"},\"primaryImageOfPage\":{\"@id\":\"https:\/\/vieteco.com\/san-pham\/he-mat-dung-52-lo-do-2\/#primaryimage\"},\"image\":{\"@id\":\"https:\/\/vieteco.com\/san-pham\/he-mat-dung-52-lo-do-2\/#primaryimage\"},\"thumbnailUrl\":\"https:\/\/vieteco.com\/wp-content\/uploads\/2024\/07\/52-lo-do-510x610-1.jpg\",\"datePublished\":\"2024-07-03T10:32:59+00:00\",\"dateModified\":\"2025-02-07T09:36:34+00:00\",\"breadcrumb\":{\"@id\":\"https:\/\/vieteco.com\/san-pham\/he-mat-dung-52-lo-do-2\/#breadcrumb\"},\"inLanguage\":\"en-US\",\"potentialAction\":[{\"@type\":\"ReadAction\",\"target\":[\"https:\/\/vieteco.com\/san-pham\/he-mat-dung-52-lo-do-2\/\"]}]},{\"@type\":\"ImageObject\",\"inLanguage\":\"en-US\",\"@id\":\"https:\/\/vieteco.com\/san-pham\/he-mat-dung-52-lo-do-2\/#primaryimage\",\"url\":\"https:\/\/vieteco.com\/wp-content\/uploads\/2024\/07\/52-lo-do-510x610-1.jpg\",\"contentUrl\":\"https:\/\/vieteco.com\/wp-content\/uploads\/2024\/07\/52-lo-do-510x610-1.jpg\",\"width\":510,\"height\":610},{\"@type\":\"BreadcrumbList\",\"@id\":\"https:\/\/vieteco.com\/san-pham\/he-mat-dung-52-lo-do-2\/#breadcrumb\",\"itemListElement\":[{\"@type\":\"ListItem\",\"position\":1,\"name\":\"Home\",\"item\":\"https:\/\/vieteco.com\/\"},{\"@type\":\"ListItem\",\"position\":2,\"name\":\"Shop\",\"item\":\"https:\/\/vieteco.com\/shop\/\"},{\"@type\":\"ListItem\",\"position\":3,\"name\":\"H\u1ec7 m\u1eb7t d\u1ef1ng 52 l\u1ed9 \u0111\u1ed1\"}]},{\"@type\":\"WebSite\",\"@id\":\"https:\/\/vieteco.com\/#website\",\"url\":\"https:\/\/vieteco.com\/\",\"name\":\"C\u00d4NG TY TNHH ALUMINUM VI\u1ec6T ECO\",\"description\":\"\",\"publisher\":{\"@id\":\"https:\/\/vieteco.com\/#organization\"},\"potentialAction\":[{\"@type\":\"SearchAction\",\"target\":{\"@type\":\"EntryPoint\",\"urlTemplate\":\"https:\/\/vieteco.com\/?s={search_term_string}\"},\"query-input\":{\"@type\":\"PropertyValueSpecification\",\"valueRequired\":true,\"valueName\":\"search_term_string\"}}],\"inLanguage\":\"en-US\"},{\"@type\":\"Organization\",\"@id\":\"https:\/\/vieteco.com\/#organization\",\"name\":\"C\u00d4NG TY TNHH ALUMINUM VI\u1ec6T ECO\",\"url\":\"https:\/\/vieteco.com\/\",\"logo\":{\"@type\":\"ImageObject\",\"inLanguage\":\"en-US\",\"@id\":\"https:\/\/vieteco.com\/#\/schema\/logo\/image\/\",\"url\":\"https:\/\/vieteco.com\/wp-content\/uploads\/2025\/05\/cropped-Logo-VEC-doc-scaled-1.png\",\"contentUrl\":\"https:\/\/vieteco.com\/wp-content\/uploads\/2025\/05\/cropped-Logo-VEC-doc-scaled-1.png\",\"width\":512,\"height\":512,\"caption\":\"C\u00d4NG TY TNHH ALUMINUM VI\u1ec6T ECO\"},\"image\":{\"@id\":\"https:\/\/vieteco.com\/#\/schema\/logo\/image\/\"}}]}<\/script>\n<!-- \/ Yoast SEO plugin. -->","yoast_head_json":{"title":"H\u1ec7 m\u1eb7t d\u1ef1ng 52 l\u1ed9 \u0111\u1ed1 - C\u00d4NG TY TNHH ALUMINUM VI\u1ec6T ECO","robots":{"index":"index","follow":"follow","max-snippet":"max-snippet:-1","max-image-preview":"max-image-preview:large","max-video-preview":"max-video-preview:-1"},"canonical":"https:\/\/vieteco.com\/en\/product\/he-mat-dung-52-lo-do-2\/","og_locale":"en_US","og_type":"article","og_title":"H\u1ec7 m\u1eb7t d\u1ef1ng 52 l\u1ed9 \u0111\u1ed1 - C\u00d4NG TY TNHH ALUMINUM VI\u1ec6T ECO","og_description":"H\u1ec7 m\u1eb7t d\u1ef1ng 52 l\u1ed9 \u0111\u1ed1 l\u00e0 h\u1ec7 th\u1ed1ng m\u1eb7t d\u1ef1ng s\u1eed d\u1ee5ng c\u00e1c thanh \u0111\u1ed1 nh\u00f4m,n\u1eb9p ngang l\u1ed9 ra b\u00ean ngo\u00e0i \u0111\u1ec3 k\u1ebft n\u1ed1i c\u00e1c t\u1ea5m k\u00ednh, t\u1ea1o th\u00e0nh khung c\u1eeda ho\u1eb7c v\u00e1ch ng\u0103n cho c\u00f4ng tr\u00ecnh. S\u1ea3n ph\u1ea9m \u0111\u01b0\u1ee3c \u0111\u00e1nh gi\u00e1 cao b\u1edfi t\u00ednh ch\u1eafc ch\u1eafn v\u00e0 hi\u1ec7u qu\u1ea3 th\u1ea9m m\u1ef9, v\u00e0 an to\u00e0n cho c\u00f4ng tr\u00ecnh.   Th\u01b0\u01a1ng hi\u1ec7u: DIVIC  M\u00e1c nh\u00f4m ti\u00eau chu\u1ea9n 6063:T5  \u00c1p d\u1ee5ng ti\u00eau chu\u1ea9n xanh trong s\u1ea3n xu\u1ea5t \u0111\u1ea3m b\u1ea3o an to\u00e0n cho ng\u01b0\u1eddi s\u1ea3n xu\u1ea5t v\u00e0 ti\u00eau d\u00f9ng","og_url":"https:\/\/vieteco.com\/en\/product\/he-mat-dung-52-lo-do-2\/","og_site_name":"C\u00d4NG TY TNHH ALUMINUM VI\u1ec6T ECO","article_modified_time":"2025-02-07T09:36:34+00:00","og_image":[{"width":510,"height":610,"url":"https:\/\/vieteco.com\/wp-content\/uploads\/2024\/07\/52-lo-do-510x610-1.jpg","type":"image\/jpeg"}],"twitter_card":"summary_large_image","twitter_misc":{"Est. reading time":"2 minutes"},"schema":{"@context":"https:\/\/schema.org","@graph":[{"@type":"WebPage","@id":"https:\/\/vieteco.com\/san-pham\/he-mat-dung-52-lo-do-2\/","url":"https:\/\/vieteco.com\/san-pham\/he-mat-dung-52-lo-do-2\/","name":"H\u1ec7 m\u1eb7t d\u1ef1ng 52 l\u1ed9 \u0111\u1ed1 - C\u00d4NG TY TNHH ALUMINUM VI\u1ec6T ECO","isPartOf":{"@id":"https:\/\/vieteco.com\/#website"},"primaryImageOfPage":{"@id":"https:\/\/vieteco.com\/san-pham\/he-mat-dung-52-lo-do-2\/#primaryimage"},"image":{"@id":"https:\/\/vieteco.com\/san-pham\/he-mat-dung-52-lo-do-2\/#primaryimage"},"thumbnailUrl":"https:\/\/vieteco.com\/wp-content\/uploads\/2024\/07\/52-lo-do-510x610-1.jpg","datePublished":"2024-07-03T10:32:59+00:00","dateModified":"2025-02-07T09:36:34+00:00","breadcrumb":{"@id":"https:\/\/vieteco.com\/san-pham\/he-mat-dung-52-lo-do-2\/#breadcrumb"},"inLanguage":"en-US","potentialAction":[{"@type":"ReadAction","target":["https:\/\/vieteco.com\/san-pham\/he-mat-dung-52-lo-do-2\/"]}]},{"@type":"ImageObject","inLanguage":"en-US","@id":"https:\/\/vieteco.com\/san-pham\/he-mat-dung-52-lo-do-2\/#primaryimage","url":"https:\/\/vieteco.com\/wp-content\/uploads\/2024\/07\/52-lo-do-510x610-1.jpg","contentUrl":"https:\/\/vieteco.com\/wp-content\/uploads\/2024\/07\/52-lo-do-510x610-1.jpg","width":510,"height":610},{"@type":"BreadcrumbList","@id":"https:\/\/vieteco.com\/san-pham\/he-mat-dung-52-lo-do-2\/#breadcrumb","itemListElement":[{"@type":"ListItem","position":1,"name":"Home","item":"https:\/\/vieteco.com\/"},{"@type":"ListItem","position":2,"name":"Shop","item":"https:\/\/vieteco.com\/shop\/"},{"@type":"ListItem","position":3,"name":"H\u1ec7 m\u1eb7t d\u1ef1ng 52 l\u1ed9 \u0111\u1ed1"}]},{"@type":"WebSite","@id":"https:\/\/vieteco.com\/#website","url":"https:\/\/vieteco.com\/","name":"C\u00d4NG TY TNHH ALUMINUM VI\u1ec6T ECO","description":"","publisher":{"@id":"https:\/\/vieteco.com\/#organization"},"potentialAction":[{"@type":"SearchAction","target":{"@type":"EntryPoint","urlTemplate":"https:\/\/vieteco.com\/?s={search_term_string}"},"query-input":{"@type":"PropertyValueSpecification","valueRequired":true,"valueName":"search_term_string"}}],"inLanguage":"en-US"},{"@type":"Organization","@id":"https:\/\/vieteco.com\/#organization","name":"C\u00d4NG TY TNHH ALUMINUM VI\u1ec6T ECO","url":"https:\/\/vieteco.com\/","logo":{"@type":"ImageObject","inLanguage":"en-US","@id":"https:\/\/vieteco.com\/#\/schema\/logo\/image\/","url":"https:\/\/vieteco.com\/wp-content\/uploads\/2025\/05\/cropped-Logo-VEC-doc-scaled-1.png","contentUrl":"https:\/\/vieteco.com\/wp-content\/uploads\/2025\/05\/cropped-Logo-VEC-doc-scaled-1.png","width":512,"height":512,"caption":"C\u00d4NG TY TNHH ALUMINUM VI\u1ec6T ECO"},"image":{"@id":"https:\/\/vieteco.com\/#\/schema\/logo\/image\/"}}]}},"_links":{"self":[{"href":"https:\/\/vieteco.com\/en\/wp-json\/wp\/v2\/product\/2079","targetHints":{"allow":["GET"]}}],"collection":[{"href":"https:\/\/vieteco.com\/en\/wp-json\/wp\/v2\/product"}],"about":[{"href":"https:\/\/vieteco.com\/en\/wp-json\/wp\/v2\/types\/product"}],"replies":[{"embeddable":true,"href":"https:\/\/vieteco.com\/en\/wp-json\/wp\/v2\/comments?post=2079"}],"wp:featuredmedia":[{"embeddable":true,"href":"https:\/\/vieteco.com\/en\/wp-json\/wp\/v2\/media\/2464"}],"wp:attachment":[{"href":"https:\/\/vieteco.com\/en\/wp-json\/wp\/v2\/media?parent=2079"}],"wp:term":[{"taxonomy":"product_brand","embeddable":true,"href":"https:\/\/vieteco.com\/en\/wp-json\/wp\/v2\/product_brand?post=2079"},{"taxonomy":"product_cat","embeddable":true,"href":"https:\/\/vieteco.com\/en\/wp-json\/wp\/v2\/product_cat?post=2079"},{"taxonomy":"product_tag","embeddable":true,"href":"https:\/\/vieteco.com\/en\/wp-json\/wp\/v2\/product_tag?post=2079"}],"curies":[{"name":"wp","href":"https:\/\/api.w.org\/{rel}","templated":true}]}}