{"id":2029,"date":"2024-07-03T04:58:11","date_gmt":"2024-07-03T04:58:11","guid":{"rendered":"https:\/\/vieteco.com\/?post_type=product&#038;p=2029"},"modified":"2025-02-07T10:19:15","modified_gmt":"2025-02-07T10:19:15","slug":"he-yangli","status":"publish","type":"product","link":"https:\/\/vieteco.com\/en\/product\/he-yangli\/","title":{"rendered":"Yangli System"},"content":{"rendered":"<p><img loading=\"lazy\" decoding=\"async\" class=\"alignnone size-full wp-image-2483\" src=\"https:\/\/vieteco.com\/wp-content\/uploads\/2024\/07\/Yangli-cua-di-2-scaled-1.jpg\" alt=\"\" width=\"1810\" height=\"2560\" srcset=\"https:\/\/vieteco.com\/wp-content\/uploads\/2024\/07\/Yangli-cua-di-2-scaled-1.jpg 1810w, https:\/\/vieteco.com\/wp-content\/uploads\/2024\/07\/Yangli-cua-di-2-scaled-1-283x400.jpg 283w, https:\/\/vieteco.com\/wp-content\/uploads\/2024\/07\/Yangli-cua-di-2-scaled-1-724x1024.jpg 724w, https:\/\/vieteco.com\/wp-content\/uploads\/2024\/07\/Yangli-cua-di-2-scaled-1-318x450.jpg 318w, https:\/\/vieteco.com\/wp-content\/uploads\/2024\/07\/Yangli-cua-di-2-scaled-1-768x1086.jpg 768w, https:\/\/vieteco.com\/wp-content\/uploads\/2024\/07\/Yangli-cua-di-2-scaled-1-1086x1536.jpg 1086w, https:\/\/vieteco.com\/wp-content\/uploads\/2024\/07\/Yangli-cua-di-2-scaled-1-1448x2048.jpg 1448w, https:\/\/vieteco.com\/wp-content\/uploads\/2024\/07\/Yangli-cua-di-2-scaled-1-8x12.jpg 8w, https:\/\/vieteco.com\/wp-content\/uploads\/2024\/07\/Yangli-cua-di-2-scaled-1-510x721.jpg 510w\" sizes=\"auto, (max-width: 1810px) 100vw, 1810px\" \/><img loading=\"lazy\" decoding=\"async\" class=\"alignnone size-full wp-image-2484\" src=\"https:\/\/vieteco.com\/wp-content\/uploads\/2024\/07\/Yangli-2-cua-lua-2-scaled-1.jpg\" alt=\"\" width=\"1810\" height=\"2560\" srcset=\"https:\/\/vieteco.com\/wp-content\/uploads\/2024\/07\/Yangli-2-cua-lua-2-scaled-1.jpg 1810w, https:\/\/vieteco.com\/wp-content\/uploads\/2024\/07\/Yangli-2-cua-lua-2-scaled-1-283x400.jpg 283w, https:\/\/vieteco.com\/wp-content\/uploads\/2024\/07\/Yangli-2-cua-lua-2-scaled-1-724x1024.jpg 724w, https:\/\/vieteco.com\/wp-content\/uploads\/2024\/07\/Yangli-2-cua-lua-2-scaled-1-318x450.jpg 318w, https:\/\/vieteco.com\/wp-content\/uploads\/2024\/07\/Yangli-2-cua-lua-2-scaled-1-768x1086.jpg 768w, https:\/\/vieteco.com\/wp-content\/uploads\/2024\/07\/Yangli-2-cua-lua-2-scaled-1-1086x1536.jpg 1086w, https:\/\/vieteco.com\/wp-content\/uploads\/2024\/07\/Yangli-2-cua-lua-2-scaled-1-1448x2048.jpg 1448w, https:\/\/vieteco.com\/wp-content\/uploads\/2024\/07\/Yangli-2-cua-lua-2-scaled-1-8x12.jpg 8w, https:\/\/vieteco.com\/wp-content\/uploads\/2024\/07\/Yangli-2-cua-lua-2-scaled-1-510x721.jpg 510w\" sizes=\"auto, (max-width: 1810px) 100vw, 1810px\" \/><img loading=\"lazy\" decoding=\"async\" class=\"alignnone size-full wp-image-2485\" src=\"https:\/\/vieteco.com\/wp-content\/uploads\/2024\/07\/1-8-1086x1536-1.jpg\" alt=\"\" width=\"1086\" height=\"1536\" srcset=\"https:\/\/vieteco.com\/wp-content\/uploads\/2024\/07\/1-8-1086x1536-1.jpg 1086w, https:\/\/vieteco.com\/wp-content\/uploads\/2024\/07\/1-8-1086x1536-1-283x400.jpg 283w, https:\/\/vieteco.com\/wp-content\/uploads\/2024\/07\/1-8-1086x1536-1-724x1024.jpg 724w, https:\/\/vieteco.com\/wp-content\/uploads\/2024\/07\/1-8-1086x1536-1-318x450.jpg 318w, https:\/\/vieteco.com\/wp-content\/uploads\/2024\/07\/1-8-1086x1536-1-768x1086.jpg 768w, https:\/\/vieteco.com\/wp-content\/uploads\/2024\/07\/1-8-1086x1536-1-8x12.jpg 8w, https:\/\/vieteco.com\/wp-content\/uploads\/2024\/07\/1-8-1086x1536-1-510x721.jpg 510w\" sizes=\"auto, (max-width: 1086px) 100vw, 1086px\" \/><img loading=\"lazy\" decoding=\"async\" class=\"alignnone size-full wp-image-2486\" src=\"https:\/\/vieteco.com\/wp-content\/uploads\/2024\/07\/2-9-1086x1536-1.jpg\" alt=\"\" width=\"1086\" height=\"1536\" srcset=\"https:\/\/vieteco.com\/wp-content\/uploads\/2024\/07\/2-9-1086x1536-1.jpg 1086w, https:\/\/vieteco.com\/wp-content\/uploads\/2024\/07\/2-9-1086x1536-1-283x400.jpg 283w, https:\/\/vieteco.com\/wp-content\/uploads\/2024\/07\/2-9-1086x1536-1-724x1024.jpg 724w, https:\/\/vieteco.com\/wp-content\/uploads\/2024\/07\/2-9-1086x1536-1-318x450.jpg 318w, https:\/\/vieteco.com\/wp-content\/uploads\/2024\/07\/2-9-1086x1536-1-768x1086.jpg 768w, https:\/\/vieteco.com\/wp-content\/uploads\/2024\/07\/2-9-1086x1536-1-8x12.jpg 8w, https:\/\/vieteco.com\/wp-content\/uploads\/2024\/07\/2-9-1086x1536-1-510x721.jpg 510w\" sizes=\"auto, (max-width: 1086px) 100vw, 1086px\" \/><\/p>","protected":false},"excerpt":{"rendered":"<div class=\"product-title-container is-xsmall\"><strong style=\"color: #555555; font-size: 14.4px;\">H\u1ec7 c\u1eeda Yangli<\/strong><span style=\"color: #555555; font-size: 14.4px;\">\u00a0\u0111\u01b0\u1ee3c s\u1ea3n xu\u1ea5t t\u1eeb h\u1ee3p kim nh\u00f4m cao c\u1ea5p 6063 T5, \u0111\u1ea3m b\u1ea3o \u0111\u1ed9 b\u1ec1n b\u1ec9, ch\u1eafc ch\u1eafn v\u00e0 kh\u1ea3 n\u0103ng ch\u1ecbu l\u1ef1c v\u01b0\u1ee3t tr\u1ed9i c\u00f9ng v\u1edbi thi\u1ebft k\u1ebf sang tr\u1ecdng, hi\u1ec7n \u0111\u1ea1i<\/span><\/div>\n<div class=\"product-short-description\">\n<ul>\n<li>Th\u01b0\u01a1ng hi\u1ec7u: DIVIC<\/li>\n<li>M\u00e1c nh\u00f4m ti\u00eau chu\u1ea9n 6063:T5<\/li>\n<li>\u00c1p d\u1ee5ng ti\u00eau chu\u1ea9n xanh trong s\u1ea3n xu\u1ea5t \u0111\u1ea3m b\u1ea3o an to\u00e0n cho ng\u01b0\u1eddi s\u1ea3n xu\u1ea5t v\u00e0 ti\u00eau d\u00f9n<\/li>\n<\/ul>\n<\/div>","protected":false},"featured_media":2482,"comment_status":"open","ping_status":"closed","template":"","meta":[],"product_brand":[],"product_cat":[103,139],"product_tag":[],"class_list":{"0":"post-2029","1":"product","2":"type-product","3":"status-publish","4":"has-post-thumbnail","6":"product_cat-nhan-divic","7":"product_cat-he-yangli-nhan-divic","9":"first","10":"instock","11":"shipping-taxable","12":"product-type-simple"},"yoast_head":"<!-- This site is optimized with the Yoast SEO plugin v24.9 - https:\/\/yoast.com\/wordpress\/plugins\/seo\/ -->\n<title>H\u1ec7 Yangli - C\u00d4NG TY TNHH ALUMINUM VI\u1ec6T ECO<\/title>\n<meta name=\"robots\" content=\"index, follow, max-snippet:-1, max-image-preview:large, max-video-preview:-1\" \/>\n<link rel=\"canonical\" href=\"https:\/\/vieteco.com\/en\/product\/he-yangli\/\" \/>\n<meta property=\"og:locale\" content=\"en_US\" \/>\n<meta property=\"og:type\" content=\"article\" \/>\n<meta property=\"og:title\" content=\"H\u1ec7 Yangli - C\u00d4NG TY TNHH ALUMINUM VI\u1ec6T ECO\" \/>\n<meta property=\"og:description\" content=\"H\u1ec7 c\u1eeda Yangli\u00a0\u0111\u01b0\u1ee3c s\u1ea3n xu\u1ea5t t\u1eeb h\u1ee3p kim nh\u00f4m cao c\u1ea5p 6063 T5, \u0111\u1ea3m b\u1ea3o \u0111\u1ed9 b\u1ec1n b\u1ec9, ch\u1eafc ch\u1eafn v\u00e0 kh\u1ea3 n\u0103ng ch\u1ecbu l\u1ef1c v\u01b0\u1ee3t tr\u1ed9i c\u00f9ng v\u1edbi thi\u1ebft k\u1ebf sang tr\u1ecdng, hi\u1ec7n \u0111\u1ea1i    Th\u01b0\u01a1ng hi\u1ec7u: DIVIC  M\u00e1c nh\u00f4m ti\u00eau chu\u1ea9n 6063:T5  \u00c1p d\u1ee5ng ti\u00eau chu\u1ea9n xanh trong s\u1ea3n xu\u1ea5t \u0111\u1ea3m b\u1ea3o an to\u00e0n cho ng\u01b0\u1eddi s\u1ea3n xu\u1ea5t v\u00e0 ti\u00eau d\u00f9n\" \/>\n<meta property=\"og:url\" content=\"https:\/\/vieteco.com\/en\/product\/he-yangli\/\" \/>\n<meta property=\"og:site_name\" content=\"C\u00d4NG TY TNHH ALUMINUM VI\u1ec6T ECO\" \/>\n<meta property=\"article:modified_time\" content=\"2025-02-07T10:19:15+00:00\" \/>\n<meta property=\"og:image\" content=\"https:\/\/vieteco.com\/wp-content\/uploads\/2024\/07\/Yangli-2-cua-lua.jpg\" \/>\n\t<meta property=\"og:image:width\" content=\"2442\" \/>\n\t<meta property=\"og:image:height\" content=\"2442\" \/>\n\t<meta property=\"og:image:type\" content=\"image\/jpeg\" \/>\n<meta name=\"twitter:card\" content=\"summary_large_image\" \/>\n<meta name=\"twitter:label1\" content=\"Est. reading time\" \/>\n\t<meta name=\"twitter:data1\" content=\"1 minute\" \/>\n<script type=\"application\/ld+json\" class=\"yoast-schema-graph\">{\"@context\":\"https:\/\/schema.org\",\"@graph\":[{\"@type\":\"WebPage\",\"@id\":\"https:\/\/vieteco.com\/san-pham\/he-yangli\/\",\"url\":\"https:\/\/vieteco.com\/san-pham\/he-yangli\/\",\"name\":\"H\u1ec7 Yangli - C\u00d4NG TY TNHH ALUMINUM VI\u1ec6T ECO\",\"isPartOf\":{\"@id\":\"https:\/\/vieteco.com\/#website\"},\"primaryImageOfPage\":{\"@id\":\"https:\/\/vieteco.com\/san-pham\/he-yangli\/#primaryimage\"},\"image\":{\"@id\":\"https:\/\/vieteco.com\/san-pham\/he-yangli\/#primaryimage\"},\"thumbnailUrl\":\"https:\/\/vieteco.com\/wp-content\/uploads\/2024\/07\/Yangli-2-cua-lua.jpg\",\"datePublished\":\"2024-07-03T04:58:11+00:00\",\"dateModified\":\"2025-02-07T10:19:15+00:00\",\"breadcrumb\":{\"@id\":\"https:\/\/vieteco.com\/san-pham\/he-yangli\/#breadcrumb\"},\"inLanguage\":\"en-US\",\"potentialAction\":[{\"@type\":\"ReadAction\",\"target\":[\"https:\/\/vieteco.com\/san-pham\/he-yangli\/\"]}]},{\"@type\":\"ImageObject\",\"inLanguage\":\"en-US\",\"@id\":\"https:\/\/vieteco.com\/san-pham\/he-yangli\/#primaryimage\",\"url\":\"https:\/\/vieteco.com\/wp-content\/uploads\/2024\/07\/Yangli-2-cua-lua.jpg\",\"contentUrl\":\"https:\/\/vieteco.com\/wp-content\/uploads\/2024\/07\/Yangli-2-cua-lua.jpg\",\"width\":2442,\"height\":2442},{\"@type\":\"BreadcrumbList\",\"@id\":\"https:\/\/vieteco.com\/san-pham\/he-yangli\/#breadcrumb\",\"itemListElement\":[{\"@type\":\"ListItem\",\"position\":1,\"name\":\"Home\",\"item\":\"https:\/\/vieteco.com\/\"},{\"@type\":\"ListItem\",\"position\":2,\"name\":\"Shop\",\"item\":\"https:\/\/vieteco.com\/shop\/\"},{\"@type\":\"ListItem\",\"position\":3,\"name\":\"H\u1ec7 Yangli\"}]},{\"@type\":\"WebSite\",\"@id\":\"https:\/\/vieteco.com\/#website\",\"url\":\"https:\/\/vieteco.com\/\",\"name\":\"C\u00d4NG TY TNHH ALUMINUM VI\u1ec6T ECO\",\"description\":\"\",\"publisher\":{\"@id\":\"https:\/\/vieteco.com\/#organization\"},\"potentialAction\":[{\"@type\":\"SearchAction\",\"target\":{\"@type\":\"EntryPoint\",\"urlTemplate\":\"https:\/\/vieteco.com\/?s={search_term_string}\"},\"query-input\":{\"@type\":\"PropertyValueSpecification\",\"valueRequired\":true,\"valueName\":\"search_term_string\"}}],\"inLanguage\":\"en-US\"},{\"@type\":\"Organization\",\"@id\":\"https:\/\/vieteco.com\/#organization\",\"name\":\"C\u00d4NG TY TNHH ALUMINUM VI\u1ec6T ECO\",\"url\":\"https:\/\/vieteco.com\/\",\"logo\":{\"@type\":\"ImageObject\",\"inLanguage\":\"en-US\",\"@id\":\"https:\/\/vieteco.com\/#\/schema\/logo\/image\/\",\"url\":\"https:\/\/vieteco.com\/wp-content\/uploads\/2025\/05\/cropped-Logo-VEC-doc-scaled-1.png\",\"contentUrl\":\"https:\/\/vieteco.com\/wp-content\/uploads\/2025\/05\/cropped-Logo-VEC-doc-scaled-1.png\",\"width\":512,\"height\":512,\"caption\":\"C\u00d4NG TY TNHH ALUMINUM VI\u1ec6T ECO\"},\"image\":{\"@id\":\"https:\/\/vieteco.com\/#\/schema\/logo\/image\/\"}}]}<\/script>\n<!-- \/ Yoast SEO plugin. -->","yoast_head_json":{"title":"H\u1ec7 Yangli - C\u00d4NG TY TNHH ALUMINUM VI\u1ec6T ECO","robots":{"index":"index","follow":"follow","max-snippet":"max-snippet:-1","max-image-preview":"max-image-preview:large","max-video-preview":"max-video-preview:-1"},"canonical":"https:\/\/vieteco.com\/en\/product\/he-yangli\/","og_locale":"en_US","og_type":"article","og_title":"H\u1ec7 Yangli - C\u00d4NG TY TNHH ALUMINUM VI\u1ec6T ECO","og_description":"H\u1ec7 c\u1eeda Yangli\u00a0\u0111\u01b0\u1ee3c s\u1ea3n xu\u1ea5t t\u1eeb h\u1ee3p kim nh\u00f4m cao c\u1ea5p 6063 T5, \u0111\u1ea3m b\u1ea3o \u0111\u1ed9 b\u1ec1n b\u1ec9, ch\u1eafc ch\u1eafn v\u00e0 kh\u1ea3 n\u0103ng ch\u1ecbu l\u1ef1c v\u01b0\u1ee3t tr\u1ed9i c\u00f9ng v\u1edbi thi\u1ebft k\u1ebf sang tr\u1ecdng, hi\u1ec7n \u0111\u1ea1i    Th\u01b0\u01a1ng hi\u1ec7u: DIVIC  M\u00e1c nh\u00f4m ti\u00eau chu\u1ea9n 6063:T5  \u00c1p d\u1ee5ng ti\u00eau chu\u1ea9n xanh trong s\u1ea3n xu\u1ea5t \u0111\u1ea3m b\u1ea3o an to\u00e0n cho ng\u01b0\u1eddi s\u1ea3n xu\u1ea5t v\u00e0 ti\u00eau d\u00f9n","og_url":"https:\/\/vieteco.com\/en\/product\/he-yangli\/","og_site_name":"C\u00d4NG TY TNHH ALUMINUM VI\u1ec6T ECO","article_modified_time":"2025-02-07T10:19:15+00:00","og_image":[{"width":2442,"height":2442,"url":"https:\/\/vieteco.com\/wp-content\/uploads\/2024\/07\/Yangli-2-cua-lua.jpg","type":"image\/jpeg"}],"twitter_card":"summary_large_image","twitter_misc":{"Est. reading time":"1 minute"},"schema":{"@context":"https:\/\/schema.org","@graph":[{"@type":"WebPage","@id":"https:\/\/vieteco.com\/san-pham\/he-yangli\/","url":"https:\/\/vieteco.com\/san-pham\/he-yangli\/","name":"H\u1ec7 Yangli - C\u00d4NG TY TNHH ALUMINUM VI\u1ec6T ECO","isPartOf":{"@id":"https:\/\/vieteco.com\/#website"},"primaryImageOfPage":{"@id":"https:\/\/vieteco.com\/san-pham\/he-yangli\/#primaryimage"},"image":{"@id":"https:\/\/vieteco.com\/san-pham\/he-yangli\/#primaryimage"},"thumbnailUrl":"https:\/\/vieteco.com\/wp-content\/uploads\/2024\/07\/Yangli-2-cua-lua.jpg","datePublished":"2024-07-03T04:58:11+00:00","dateModified":"2025-02-07T10:19:15+00:00","breadcrumb":{"@id":"https:\/\/vieteco.com\/san-pham\/he-yangli\/#breadcrumb"},"inLanguage":"en-US","potentialAction":[{"@type":"ReadAction","target":["https:\/\/vieteco.com\/san-pham\/he-yangli\/"]}]},{"@type":"ImageObject","inLanguage":"en-US","@id":"https:\/\/vieteco.com\/san-pham\/he-yangli\/#primaryimage","url":"https:\/\/vieteco.com\/wp-content\/uploads\/2024\/07\/Yangli-2-cua-lua.jpg","contentUrl":"https:\/\/vieteco.com\/wp-content\/uploads\/2024\/07\/Yangli-2-cua-lua.jpg","width":2442,"height":2442},{"@type":"BreadcrumbList","@id":"https:\/\/vieteco.com\/san-pham\/he-yangli\/#breadcrumb","itemListElement":[{"@type":"ListItem","position":1,"name":"Home","item":"https:\/\/vieteco.com\/"},{"@type":"ListItem","position":2,"name":"Shop","item":"https:\/\/vieteco.com\/shop\/"},{"@type":"ListItem","position":3,"name":"H\u1ec7 Yangli"}]},{"@type":"WebSite","@id":"https:\/\/vieteco.com\/#website","url":"https:\/\/vieteco.com\/","name":"C\u00d4NG TY TNHH ALUMINUM VI\u1ec6T ECO","description":"","publisher":{"@id":"https:\/\/vieteco.com\/#organization"},"potentialAction":[{"@type":"SearchAction","target":{"@type":"EntryPoint","urlTemplate":"https:\/\/vieteco.com\/?s={search_term_string}"},"query-input":{"@type":"PropertyValueSpecification","valueRequired":true,"valueName":"search_term_string"}}],"inLanguage":"en-US"},{"@type":"Organization","@id":"https:\/\/vieteco.com\/#organization","name":"C\u00d4NG TY TNHH ALUMINUM VI\u1ec6T ECO","url":"https:\/\/vieteco.com\/","logo":{"@type":"ImageObject","inLanguage":"en-US","@id":"https:\/\/vieteco.com\/#\/schema\/logo\/image\/","url":"https:\/\/vieteco.com\/wp-content\/uploads\/2025\/05\/cropped-Logo-VEC-doc-scaled-1.png","contentUrl":"https:\/\/vieteco.com\/wp-content\/uploads\/2025\/05\/cropped-Logo-VEC-doc-scaled-1.png","width":512,"height":512,"caption":"C\u00d4NG TY TNHH ALUMINUM VI\u1ec6T ECO"},"image":{"@id":"https:\/\/vieteco.com\/#\/schema\/logo\/image\/"}}]}},"_links":{"self":[{"href":"https:\/\/vieteco.com\/en\/wp-json\/wp\/v2\/product\/2029","targetHints":{"allow":["GET"]}}],"collection":[{"href":"https:\/\/vieteco.com\/en\/wp-json\/wp\/v2\/product"}],"about":[{"href":"https:\/\/vieteco.com\/en\/wp-json\/wp\/v2\/types\/product"}],"replies":[{"embeddable":true,"href":"https:\/\/vieteco.com\/en\/wp-json\/wp\/v2\/comments?post=2029"}],"wp:featuredmedia":[{"embeddable":true,"href":"https:\/\/vieteco.com\/en\/wp-json\/wp\/v2\/media\/2482"}],"wp:attachment":[{"href":"https:\/\/vieteco.com\/en\/wp-json\/wp\/v2\/media?parent=2029"}],"wp:term":[{"taxonomy":"product_brand","embeddable":true,"href":"https:\/\/vieteco.com\/en\/wp-json\/wp\/v2\/product_brand?post=2029"},{"taxonomy":"product_cat","embeddable":true,"href":"https:\/\/vieteco.com\/en\/wp-json\/wp\/v2\/product_cat?post=2029"},{"taxonomy":"product_tag","embeddable":true,"href":"https:\/\/vieteco.com\/en\/wp-json\/wp\/v2\/product_tag?post=2029"}],"curies":[{"name":"wp","href":"https:\/\/api.w.org\/{rel}","templated":true}]}}