{"id":1968,"date":"2024-07-03T03:25:42","date_gmt":"2024-07-03T03:25:42","guid":{"rendered":"https:\/\/vieteco.com\/?post_type=product&#038;p=1968"},"modified":"2025-02-10T07:03:15","modified_gmt":"2025-02-10T07:03:15","slug":"he-xingfa-xep-truot-63-2","status":"publish","type":"product","link":"https:\/\/vieteco.com\/en\/product\/he-xingfa-xep-truot-63-2\/","title":{"rendered":"Xingfa Folding System 63"},"content":{"rendered":"<p>The 63 sliding xingfa door system is favored by designers in a variety of architectural types: hotels, villas, houses, etc. This is a door line that helps save space optimally.<\/p>\n<p><img loading=\"lazy\" decoding=\"async\" class=\"alignnone size-full wp-image-2558\" src=\"https:\/\/vieteco.com\/wp-content\/uploads\/2024\/07\/3-3-scaled-2.jpg\" alt=\"\" width=\"1810\" height=\"2560\" srcset=\"https:\/\/vieteco.com\/wp-content\/uploads\/2024\/07\/3-3-scaled-2.jpg 1810w, https:\/\/vieteco.com\/wp-content\/uploads\/2024\/07\/3-3-scaled-2-283x400.jpg 283w, https:\/\/vieteco.com\/wp-content\/uploads\/2024\/07\/3-3-scaled-2-724x1024.jpg 724w, https:\/\/vieteco.com\/wp-content\/uploads\/2024\/07\/3-3-scaled-2-318x450.jpg 318w, https:\/\/vieteco.com\/wp-content\/uploads\/2024\/07\/3-3-scaled-2-768x1086.jpg 768w, https:\/\/vieteco.com\/wp-content\/uploads\/2024\/07\/3-3-scaled-2-1086x1536.jpg 1086w, https:\/\/vieteco.com\/wp-content\/uploads\/2024\/07\/3-3-scaled-2-1448x2048.jpg 1448w, https:\/\/vieteco.com\/wp-content\/uploads\/2024\/07\/3-3-scaled-2-8x12.jpg 8w, https:\/\/vieteco.com\/wp-content\/uploads\/2024\/07\/3-3-scaled-2-510x721.jpg 510w\" sizes=\"auto, (max-width: 1810px) 100vw, 1810px\" \/> <img loading=\"lazy\" decoding=\"async\" class=\"alignnone size-full wp-image-2557\" src=\"https:\/\/vieteco.com\/wp-content\/uploads\/2024\/07\/1-3-scaled-1.jpg\" alt=\"\" width=\"1809\" height=\"2560\" srcset=\"https:\/\/vieteco.com\/wp-content\/uploads\/2024\/07\/1-3-scaled-1.jpg 1809w, https:\/\/vieteco.com\/wp-content\/uploads\/2024\/07\/1-3-scaled-1-283x400.jpg 283w, https:\/\/vieteco.com\/wp-content\/uploads\/2024\/07\/1-3-scaled-1-724x1024.jpg 724w, https:\/\/vieteco.com\/wp-content\/uploads\/2024\/07\/1-3-scaled-1-318x450.jpg 318w, https:\/\/vieteco.com\/wp-content\/uploads\/2024\/07\/1-3-scaled-1-768x1087.jpg 768w, https:\/\/vieteco.com\/wp-content\/uploads\/2024\/07\/1-3-scaled-1-1085x1536.jpg 1085w, https:\/\/vieteco.com\/wp-content\/uploads\/2024\/07\/1-3-scaled-1-1447x2048.jpg 1447w, https:\/\/vieteco.com\/wp-content\/uploads\/2024\/07\/1-3-scaled-1-8x12.jpg 8w, https:\/\/vieteco.com\/wp-content\/uploads\/2024\/07\/1-3-scaled-1-510x722.jpg 510w\" sizes=\"auto, (max-width: 1809px) 100vw, 1809px\" \/><\/p>","protected":false},"excerpt":{"rendered":"<p>The 63 sliding xingfa door system is favored by designers in a variety of architectural types: hotels, villas, houses, etc. This is a door line that helps save space optimally.<\/p>","protected":false},"featured_media":2555,"comment_status":"open","ping_status":"closed","template":"","meta":[],"product_brand":[],"product_cat":[168],"product_tag":[],"class_list":{"0":"post-1968","1":"product","2":"type-product","3":"status-publish","4":"has-post-thumbnail","6":"product_cat-he-xingfa-xep-truot-63","8":"first","9":"instock","10":"shipping-taxable","11":"product-type-simple"},"yoast_head":"<!-- This site is optimized with the Yoast SEO plugin v24.9 - https:\/\/yoast.com\/wordpress\/plugins\/seo\/ -->\n<title>H\u1ec7 xingfa x\u1ebfp tr\u01b0\u1ee3t 63 - C\u00d4NG TY TNHH ALUMINUM VI\u1ec6T ECO<\/title>\n<meta name=\"robots\" content=\"index, follow, max-snippet:-1, max-image-preview:large, max-video-preview:-1\" \/>\n<link rel=\"canonical\" href=\"https:\/\/vieteco.com\/en\/product\/he-xingfa-xep-truot-63-2\/\" \/>\n<meta property=\"og:locale\" content=\"en_US\" \/>\n<meta property=\"og:type\" content=\"article\" \/>\n<meta property=\"og:title\" content=\"H\u1ec7 xingfa x\u1ebfp tr\u01b0\u1ee3t 63 - C\u00d4NG TY TNHH ALUMINUM VI\u1ec6T ECO\" \/>\n<meta property=\"og:description\" content=\"H\u1ec7 c\u1eeda xingfa x\u1ebfp tr\u01b0\u1ee3t 63 \u0111\u01b0\u1ee3c c\u00e1c nh\u00e0 thi\u1ebft k\u1ebf \u01b0a chu\u1ed9ng s\u1eed d\u1ee5ng \u0111a d\u1ea1ng trong c\u00e1c lo\u1ea1i h\u00ecnh ki\u1ebfn tr\u00fac: kh\u00e1ch s\u1ea1n, bi\u1ec7t th\u1ef1, nh\u00e0 \u1edf,\u2026 \u0110\u00e2y l\u00e0 m\u1ed9t d\u00f2ng c\u1eeda gi\u00fap ti\u1ebft ki\u1ec7m kh\u00f4ng gian t\u1ed1i \u01b0u.\" \/>\n<meta property=\"og:url\" content=\"https:\/\/vieteco.com\/en\/product\/he-xingfa-xep-truot-63-2\/\" \/>\n<meta property=\"og:site_name\" content=\"C\u00d4NG TY TNHH ALUMINUM VI\u1ec6T ECO\" \/>\n<meta property=\"article:modified_time\" content=\"2025-02-10T07:03:15+00:00\" \/>\n<meta property=\"og:image\" content=\"https:\/\/vieteco.com\/wp-content\/uploads\/2024\/07\/2-8.jpg\" \/>\n\t<meta property=\"og:image:width\" content=\"1732\" \/>\n\t<meta property=\"og:image:height\" content=\"1732\" \/>\n\t<meta property=\"og:image:type\" content=\"image\/jpeg\" \/>\n<meta name=\"twitter:card\" content=\"summary_large_image\" \/>\n<meta name=\"twitter:label1\" content=\"Est. reading time\" \/>\n\t<meta name=\"twitter:data1\" content=\"1 minute\" \/>\n<script type=\"application\/ld+json\" class=\"yoast-schema-graph\">{\"@context\":\"https:\/\/schema.org\",\"@graph\":[{\"@type\":\"WebPage\",\"@id\":\"https:\/\/vieteco.com\/san-pham\/he-xingfa-xep-truot-63-2\/\",\"url\":\"https:\/\/vieteco.com\/san-pham\/he-xingfa-xep-truot-63-2\/\",\"name\":\"H\u1ec7 xingfa x\u1ebfp tr\u01b0\u1ee3t 63 - C\u00d4NG TY TNHH ALUMINUM VI\u1ec6T ECO\",\"isPartOf\":{\"@id\":\"https:\/\/vieteco.com\/#website\"},\"primaryImageOfPage\":{\"@id\":\"https:\/\/vieteco.com\/san-pham\/he-xingfa-xep-truot-63-2\/#primaryimage\"},\"image\":{\"@id\":\"https:\/\/vieteco.com\/san-pham\/he-xingfa-xep-truot-63-2\/#primaryimage\"},\"thumbnailUrl\":\"https:\/\/vieteco.com\/wp-content\/uploads\/2024\/07\/2-8.jpg\",\"datePublished\":\"2024-07-03T03:25:42+00:00\",\"dateModified\":\"2025-02-10T07:03:15+00:00\",\"breadcrumb\":{\"@id\":\"https:\/\/vieteco.com\/san-pham\/he-xingfa-xep-truot-63-2\/#breadcrumb\"},\"inLanguage\":\"en-US\",\"potentialAction\":[{\"@type\":\"ReadAction\",\"target\":[\"https:\/\/vieteco.com\/san-pham\/he-xingfa-xep-truot-63-2\/\"]}]},{\"@type\":\"ImageObject\",\"inLanguage\":\"en-US\",\"@id\":\"https:\/\/vieteco.com\/san-pham\/he-xingfa-xep-truot-63-2\/#primaryimage\",\"url\":\"https:\/\/vieteco.com\/wp-content\/uploads\/2024\/07\/2-8.jpg\",\"contentUrl\":\"https:\/\/vieteco.com\/wp-content\/uploads\/2024\/07\/2-8.jpg\",\"width\":1732,\"height\":1732},{\"@type\":\"BreadcrumbList\",\"@id\":\"https:\/\/vieteco.com\/san-pham\/he-xingfa-xep-truot-63-2\/#breadcrumb\",\"itemListElement\":[{\"@type\":\"ListItem\",\"position\":1,\"name\":\"Home\",\"item\":\"https:\/\/vieteco.com\/\"},{\"@type\":\"ListItem\",\"position\":2,\"name\":\"Shop\",\"item\":\"https:\/\/vieteco.com\/shop\/\"},{\"@type\":\"ListItem\",\"position\":3,\"name\":\"H\u1ec7 xingfa x\u1ebfp tr\u01b0\u1ee3t 63\"}]},{\"@type\":\"WebSite\",\"@id\":\"https:\/\/vieteco.com\/#website\",\"url\":\"https:\/\/vieteco.com\/\",\"name\":\"C\u00d4NG TY TNHH ALUMINUM VI\u1ec6T ECO\",\"description\":\"\",\"publisher\":{\"@id\":\"https:\/\/vieteco.com\/#organization\"},\"potentialAction\":[{\"@type\":\"SearchAction\",\"target\":{\"@type\":\"EntryPoint\",\"urlTemplate\":\"https:\/\/vieteco.com\/?s={search_term_string}\"},\"query-input\":{\"@type\":\"PropertyValueSpecification\",\"valueRequired\":true,\"valueName\":\"search_term_string\"}}],\"inLanguage\":\"en-US\"},{\"@type\":\"Organization\",\"@id\":\"https:\/\/vieteco.com\/#organization\",\"name\":\"C\u00d4NG TY TNHH ALUMINUM VI\u1ec6T ECO\",\"url\":\"https:\/\/vieteco.com\/\",\"logo\":{\"@type\":\"ImageObject\",\"inLanguage\":\"en-US\",\"@id\":\"https:\/\/vieteco.com\/#\/schema\/logo\/image\/\",\"url\":\"https:\/\/vieteco.com\/wp-content\/uploads\/2025\/05\/cropped-Logo-VEC-doc-scaled-1.png\",\"contentUrl\":\"https:\/\/vieteco.com\/wp-content\/uploads\/2025\/05\/cropped-Logo-VEC-doc-scaled-1.png\",\"width\":512,\"height\":512,\"caption\":\"C\u00d4NG TY TNHH ALUMINUM VI\u1ec6T ECO\"},\"image\":{\"@id\":\"https:\/\/vieteco.com\/#\/schema\/logo\/image\/\"}}]}<\/script>\n<!-- \/ Yoast SEO plugin. -->","yoast_head_json":{"title":"H\u1ec7 xingfa x\u1ebfp tr\u01b0\u1ee3t 63 - C\u00d4NG TY TNHH ALUMINUM VI\u1ec6T ECO","robots":{"index":"index","follow":"follow","max-snippet":"max-snippet:-1","max-image-preview":"max-image-preview:large","max-video-preview":"max-video-preview:-1"},"canonical":"https:\/\/vieteco.com\/en\/product\/he-xingfa-xep-truot-63-2\/","og_locale":"en_US","og_type":"article","og_title":"H\u1ec7 xingfa x\u1ebfp tr\u01b0\u1ee3t 63 - C\u00d4NG TY TNHH ALUMINUM VI\u1ec6T ECO","og_description":"H\u1ec7 c\u1eeda xingfa x\u1ebfp tr\u01b0\u1ee3t 63 \u0111\u01b0\u1ee3c c\u00e1c nh\u00e0 thi\u1ebft k\u1ebf \u01b0a chu\u1ed9ng s\u1eed d\u1ee5ng \u0111a d\u1ea1ng trong c\u00e1c lo\u1ea1i h\u00ecnh ki\u1ebfn tr\u00fac: kh\u00e1ch s\u1ea1n, bi\u1ec7t th\u1ef1, nh\u00e0 \u1edf,\u2026 \u0110\u00e2y l\u00e0 m\u1ed9t d\u00f2ng c\u1eeda gi\u00fap ti\u1ebft ki\u1ec7m kh\u00f4ng gian t\u1ed1i \u01b0u.","og_url":"https:\/\/vieteco.com\/en\/product\/he-xingfa-xep-truot-63-2\/","og_site_name":"C\u00d4NG TY TNHH ALUMINUM VI\u1ec6T ECO","article_modified_time":"2025-02-10T07:03:15+00:00","og_image":[{"width":1732,"height":1732,"url":"https:\/\/vieteco.com\/wp-content\/uploads\/2024\/07\/2-8.jpg","type":"image\/jpeg"}],"twitter_card":"summary_large_image","twitter_misc":{"Est. reading time":"1 minute"},"schema":{"@context":"https:\/\/schema.org","@graph":[{"@type":"WebPage","@id":"https:\/\/vieteco.com\/san-pham\/he-xingfa-xep-truot-63-2\/","url":"https:\/\/vieteco.com\/san-pham\/he-xingfa-xep-truot-63-2\/","name":"H\u1ec7 xingfa x\u1ebfp tr\u01b0\u1ee3t 63 - C\u00d4NG TY TNHH ALUMINUM VI\u1ec6T ECO","isPartOf":{"@id":"https:\/\/vieteco.com\/#website"},"primaryImageOfPage":{"@id":"https:\/\/vieteco.com\/san-pham\/he-xingfa-xep-truot-63-2\/#primaryimage"},"image":{"@id":"https:\/\/vieteco.com\/san-pham\/he-xingfa-xep-truot-63-2\/#primaryimage"},"thumbnailUrl":"https:\/\/vieteco.com\/wp-content\/uploads\/2024\/07\/2-8.jpg","datePublished":"2024-07-03T03:25:42+00:00","dateModified":"2025-02-10T07:03:15+00:00","breadcrumb":{"@id":"https:\/\/vieteco.com\/san-pham\/he-xingfa-xep-truot-63-2\/#breadcrumb"},"inLanguage":"en-US","potentialAction":[{"@type":"ReadAction","target":["https:\/\/vieteco.com\/san-pham\/he-xingfa-xep-truot-63-2\/"]}]},{"@type":"ImageObject","inLanguage":"en-US","@id":"https:\/\/vieteco.com\/san-pham\/he-xingfa-xep-truot-63-2\/#primaryimage","url":"https:\/\/vieteco.com\/wp-content\/uploads\/2024\/07\/2-8.jpg","contentUrl":"https:\/\/vieteco.com\/wp-content\/uploads\/2024\/07\/2-8.jpg","width":1732,"height":1732},{"@type":"BreadcrumbList","@id":"https:\/\/vieteco.com\/san-pham\/he-xingfa-xep-truot-63-2\/#breadcrumb","itemListElement":[{"@type":"ListItem","position":1,"name":"Home","item":"https:\/\/vieteco.com\/"},{"@type":"ListItem","position":2,"name":"Shop","item":"https:\/\/vieteco.com\/shop\/"},{"@type":"ListItem","position":3,"name":"H\u1ec7 xingfa x\u1ebfp tr\u01b0\u1ee3t 63"}]},{"@type":"WebSite","@id":"https:\/\/vieteco.com\/#website","url":"https:\/\/vieteco.com\/","name":"C\u00d4NG TY TNHH ALUMINUM VI\u1ec6T ECO","description":"","publisher":{"@id":"https:\/\/vieteco.com\/#organization"},"potentialAction":[{"@type":"SearchAction","target":{"@type":"EntryPoint","urlTemplate":"https:\/\/vieteco.com\/?s={search_term_string}"},"query-input":{"@type":"PropertyValueSpecification","valueRequired":true,"valueName":"search_term_string"}}],"inLanguage":"en-US"},{"@type":"Organization","@id":"https:\/\/vieteco.com\/#organization","name":"C\u00d4NG TY TNHH ALUMINUM VI\u1ec6T ECO","url":"https:\/\/vieteco.com\/","logo":{"@type":"ImageObject","inLanguage":"en-US","@id":"https:\/\/vieteco.com\/#\/schema\/logo\/image\/","url":"https:\/\/vieteco.com\/wp-content\/uploads\/2025\/05\/cropped-Logo-VEC-doc-scaled-1.png","contentUrl":"https:\/\/vieteco.com\/wp-content\/uploads\/2025\/05\/cropped-Logo-VEC-doc-scaled-1.png","width":512,"height":512,"caption":"C\u00d4NG TY TNHH ALUMINUM VI\u1ec6T ECO"},"image":{"@id":"https:\/\/vieteco.com\/#\/schema\/logo\/image\/"}}]}},"_links":{"self":[{"href":"https:\/\/vieteco.com\/en\/wp-json\/wp\/v2\/product\/1968","targetHints":{"allow":["GET"]}}],"collection":[{"href":"https:\/\/vieteco.com\/en\/wp-json\/wp\/v2\/product"}],"about":[{"href":"https:\/\/vieteco.com\/en\/wp-json\/wp\/v2\/types\/product"}],"replies":[{"embeddable":true,"href":"https:\/\/vieteco.com\/en\/wp-json\/wp\/v2\/comments?post=1968"}],"wp:featuredmedia":[{"embeddable":true,"href":"https:\/\/vieteco.com\/en\/wp-json\/wp\/v2\/media\/2555"}],"wp:attachment":[{"href":"https:\/\/vieteco.com\/en\/wp-json\/wp\/v2\/media?parent=1968"}],"wp:term":[{"taxonomy":"product_brand","embeddable":true,"href":"https:\/\/vieteco.com\/en\/wp-json\/wp\/v2\/product_brand?post=1968"},{"taxonomy":"product_cat","embeddable":true,"href":"https:\/\/vieteco.com\/en\/wp-json\/wp\/v2\/product_cat?post=1968"},{"taxonomy":"product_tag","embeddable":true,"href":"https:\/\/vieteco.com\/en\/wp-json\/wp\/v2\/product_tag?post=1968"}],"curies":[{"name":"wp","href":"https:\/\/api.w.org\/{rel}","templated":true}]}}