{"id":1853,"date":"2024-07-02T06:50:47","date_gmt":"2024-07-02T06:50:47","guid":{"rendered":"https:\/\/vieteco.com\/?post_type=product&#038;p=1853"},"modified":"2025-03-03T03:23:14","modified_gmt":"2025-03-03T03:23:14","slug":"chan-song-phi-nhat","status":"publish","type":"product","link":"https:\/\/vieteco.com\/en\/product\/chan-song-phi-nhat\/","title":{"rendered":"Bar System"},"content":{"rendered":"<p><span style=\"font-weight: 400;\">H\u1ec7 c\u1eeda ch\u1ea5n song Nh\u00f4m DIVIC c\u00f3 \u01b0u \u0111i\u1ec3m v\u01b0\u1ee3t tr\u1ed9i nh\u01b0:\u00a0<\/span><\/p>\n<p><span style=\"font-weight: 400;\">\ud83d\udd36<strong>Thi\u1ebft k\u1ebf t\u1ed1i \u01b0u:<\/strong> L\u1eafp \u0111\u1eb7t d\u1ec5 d\u00e0ng v\u1edbi khung nh\u00f4m bao c\u00f3 th\u1ec3 l\u1eafp cho t\u01b0\u1eddng dao \u0111\u1ed9ng t\u1eeb 100-200mm.<\/span><\/p>\n<p><span style=\"font-weight: 400;\">\ud83d\udd36 <strong>T\u00ednh linh ho\u1ea1t:<\/strong> K\u1ebft h\u1ee3p \u0111a d\u1ea1ng ph\u1ee5 ki\u1ec7n, thay th\u1ebf nan hoa s\u1eaft\/inox truy\u1ec1n th\u1ed1ng m\u00e0 v\u1eabn \u0111\u1ea3m b\u1ea3o v\u1eefng ch\u1eafc v\u00e0 an to\u00e0n cho m\u1ecdi gia \u0111\u00ecnh v\u00e0 c\u00f4ng tr\u00ecnh<\/span><\/p>\n<p><span style=\"font-weight: 400;\">\ud83d\udd36<strong> Th\u1ea9m m\u1ef9 cao:<\/strong> M\u00e0u v\u00e2n g\u1ed7 mang \u0111\u1ebfn v\u1ebb \u0111\u1eb9p sang tr\u1ecdng, \u1ea5m c\u00fang cho ng\u00f4i nh\u00e0<\/span><\/p>\n<p><span style=\"font-weight: 400;\">\ud83d\udd36 <strong>\u0110\u1ed9 b\u1ec1n cao:<\/strong> B\u1ec1 m\u1eb7t \u0111\u01b0\u1ee3c ph\u1ee7 l\u1edbp s\u01a1n t\u0129nh h\u1ea1n ch\u1ebf tr\u1ea7y x\u01b0\u1edbc, hoen g\u1ec9 do c\u00e1c t\u00e1c \u0111\u1ed9ng t\u1eeb m\u00f4i tr\u01b0\u1eddng<\/span><\/p>\n<p>&nbsp;<\/p>","protected":false},"excerpt":{"rendered":"<p>H\u1ec7 c\u1eeda ch\u1ea5n song phi nh\u1eadt\u00a0 \u0111ang d\u1ea7n tr\u1edf th\u00e0nh m\u1ed9t l\u1ef1a ch\u1ecdn \u01b0a th\u00edch trong vi\u1ec7c m\u1ed9t kh\u00f4ng gian s\u1ed1ng hi\u1ec7n \u0111\u1ea1i, sang tr\u1ecdng v\u00e0 an to\u00e0n. V\u1edbi thi\u1ebft k\u1ebf th\u00f4ng minh v\u00e0 t\u00ednh n\u0103ng \u01b0u vi\u1ec7t, h\u1ec7 c\u1eeda n\u00e0y kh\u00f4ng ch\u1ec9 mang l\u1ea1i s\u1ef1 b\u1ea3o v\u1ec7 ch\u1eafc ch\u1eafn m\u00e0 c\u00f2n mang \u0111\u1ebfn v\u1ebb \u0111\u1eb9p th\u1ea9m m\u1ef9 \u0111\u1eb7c bi\u1ec7t cho m\u1ecdi ng\u00f4i nh\u00e0.<\/p>\n<ul>\n<li>Th\u01b0\u01a1ng hi\u1ec7u: DIVIC<\/li>\n<li>M\u00e1c nh\u00f4m ti\u00eau chu\u1ea9n 6063:T5<\/li>\n<li>\u00c1p d\u1ee5ng ti\u00eau chu\u1ea9n xanh trong s\u1ea3n xu\u1ea5t \u0111\u1ea3m b\u1ea3o an to\u00e0n cho ng\u01b0\u1eddi s\u1ea3n xu\u1ea5t v\u00e0 ti\u00eau d\u00f9ng<\/li>\n<\/ul>","protected":false},"featured_media":2704,"comment_status":"open","ping_status":"closed","template":"","meta":[],"product_brand":[],"product_cat":[103,104],"product_tag":[],"class_list":{"0":"post-1853","1":"product","2":"type-product","3":"status-publish","4":"has-post-thumbnail","6":"product_cat-nhan-divic","7":"product_cat-he-chan-song-nhan-divic","9":"first","10":"instock","11":"shipping-taxable","12":"product-type-simple"},"yoast_head":"<!-- This site is optimized with the Yoast SEO plugin v24.9 - https:\/\/yoast.com\/wordpress\/plugins\/seo\/ -->\n<title>H\u1ec7 ch\u1ea5n song - C\u00d4NG TY TNHH ALUMINUM VI\u1ec6T ECO<\/title>\n<meta name=\"robots\" content=\"index, follow, max-snippet:-1, max-image-preview:large, max-video-preview:-1\" \/>\n<link rel=\"canonical\" href=\"https:\/\/vieteco.com\/en\/product\/chan-song-phi-nhat\/\" \/>\n<meta property=\"og:locale\" content=\"en_US\" \/>\n<meta property=\"og:type\" content=\"article\" \/>\n<meta property=\"og:title\" content=\"H\u1ec7 ch\u1ea5n song - C\u00d4NG TY TNHH ALUMINUM VI\u1ec6T ECO\" \/>\n<meta property=\"og:description\" content=\"H\u1ec7 c\u1eeda ch\u1ea5n song phi nh\u1eadt\u00a0 \u0111ang d\u1ea7n tr\u1edf th\u00e0nh m\u1ed9t l\u1ef1a ch\u1ecdn \u01b0a th\u00edch trong vi\u1ec7c m\u1ed9t kh\u00f4ng gian s\u1ed1ng hi\u1ec7n \u0111\u1ea1i, sang tr\u1ecdng v\u00e0 an to\u00e0n. V\u1edbi thi\u1ebft k\u1ebf th\u00f4ng minh v\u00e0 t\u00ednh n\u0103ng \u01b0u vi\u1ec7t, h\u1ec7 c\u1eeda n\u00e0y kh\u00f4ng ch\u1ec9 mang l\u1ea1i s\u1ef1 b\u1ea3o v\u1ec7 ch\u1eafc ch\u1eafn m\u00e0 c\u00f2n mang \u0111\u1ebfn v\u1ebb \u0111\u1eb9p th\u1ea9m m\u1ef9 \u0111\u1eb7c bi\u1ec7t cho m\u1ecdi ng\u00f4i nh\u00e0.   Th\u01b0\u01a1ng hi\u1ec7u: DIVIC  M\u00e1c nh\u00f4m ti\u00eau chu\u1ea9n 6063:T5  \u00c1p d\u1ee5ng ti\u00eau chu\u1ea9n xanh trong s\u1ea3n xu\u1ea5t \u0111\u1ea3m b\u1ea3o an to\u00e0n cho ng\u01b0\u1eddi s\u1ea3n xu\u1ea5t v\u00e0 ti\u00eau d\u00f9ng\" \/>\n<meta property=\"og:url\" content=\"https:\/\/vieteco.com\/en\/product\/chan-song-phi-nhat\/\" \/>\n<meta property=\"og:site_name\" content=\"C\u00d4NG TY TNHH ALUMINUM VI\u1ec6T ECO\" \/>\n<meta property=\"article:modified_time\" content=\"2025-03-03T03:23:14+00:00\" \/>\n<meta property=\"og:image\" content=\"https:\/\/vieteco.com\/wp-content\/uploads\/2024\/07\/93dbe162-77e1-4bfe-addd-d4fcc5caf291.jpg\" \/>\n\t<meta property=\"og:image:width\" content=\"1280\" \/>\n\t<meta property=\"og:image:height\" content=\"1280\" \/>\n\t<meta property=\"og:image:type\" content=\"image\/jpeg\" \/>\n<meta name=\"twitter:card\" content=\"summary_large_image\" \/>\n<meta name=\"twitter:label1\" content=\"Est. reading time\" \/>\n\t<meta name=\"twitter:data1\" content=\"1 minute\" \/>\n<script type=\"application\/ld+json\" class=\"yoast-schema-graph\">{\"@context\":\"https:\/\/schema.org\",\"@graph\":[{\"@type\":\"WebPage\",\"@id\":\"https:\/\/vieteco.com\/san-pham\/chan-song-phi-nhat\/\",\"url\":\"https:\/\/vieteco.com\/san-pham\/chan-song-phi-nhat\/\",\"name\":\"H\u1ec7 ch\u1ea5n song - C\u00d4NG TY TNHH ALUMINUM VI\u1ec6T ECO\",\"isPartOf\":{\"@id\":\"https:\/\/vieteco.com\/#website\"},\"primaryImageOfPage\":{\"@id\":\"https:\/\/vieteco.com\/san-pham\/chan-song-phi-nhat\/#primaryimage\"},\"image\":{\"@id\":\"https:\/\/vieteco.com\/san-pham\/chan-song-phi-nhat\/#primaryimage\"},\"thumbnailUrl\":\"https:\/\/vieteco.com\/wp-content\/uploads\/2024\/07\/93dbe162-77e1-4bfe-addd-d4fcc5caf291.jpg\",\"datePublished\":\"2024-07-02T06:50:47+00:00\",\"dateModified\":\"2025-03-03T03:23:14+00:00\",\"breadcrumb\":{\"@id\":\"https:\/\/vieteco.com\/san-pham\/chan-song-phi-nhat\/#breadcrumb\"},\"inLanguage\":\"en-US\",\"potentialAction\":[{\"@type\":\"ReadAction\",\"target\":[\"https:\/\/vieteco.com\/san-pham\/chan-song-phi-nhat\/\"]}]},{\"@type\":\"ImageObject\",\"inLanguage\":\"en-US\",\"@id\":\"https:\/\/vieteco.com\/san-pham\/chan-song-phi-nhat\/#primaryimage\",\"url\":\"https:\/\/vieteco.com\/wp-content\/uploads\/2024\/07\/93dbe162-77e1-4bfe-addd-d4fcc5caf291.jpg\",\"contentUrl\":\"https:\/\/vieteco.com\/wp-content\/uploads\/2024\/07\/93dbe162-77e1-4bfe-addd-d4fcc5caf291.jpg\",\"width\":1280,\"height\":1280},{\"@type\":\"BreadcrumbList\",\"@id\":\"https:\/\/vieteco.com\/san-pham\/chan-song-phi-nhat\/#breadcrumb\",\"itemListElement\":[{\"@type\":\"ListItem\",\"position\":1,\"name\":\"Home\",\"item\":\"https:\/\/vieteco.com\/\"},{\"@type\":\"ListItem\",\"position\":2,\"name\":\"Shop\",\"item\":\"https:\/\/vieteco.com\/shop\/\"},{\"@type\":\"ListItem\",\"position\":3,\"name\":\"H\u1ec7 ch\u1ea5n song\"}]},{\"@type\":\"WebSite\",\"@id\":\"https:\/\/vieteco.com\/#website\",\"url\":\"https:\/\/vieteco.com\/\",\"name\":\"C\u00d4NG TY TNHH ALUMINUM VI\u1ec6T ECO\",\"description\":\"\",\"publisher\":{\"@id\":\"https:\/\/vieteco.com\/#organization\"},\"potentialAction\":[{\"@type\":\"SearchAction\",\"target\":{\"@type\":\"EntryPoint\",\"urlTemplate\":\"https:\/\/vieteco.com\/?s={search_term_string}\"},\"query-input\":{\"@type\":\"PropertyValueSpecification\",\"valueRequired\":true,\"valueName\":\"search_term_string\"}}],\"inLanguage\":\"en-US\"},{\"@type\":\"Organization\",\"@id\":\"https:\/\/vieteco.com\/#organization\",\"name\":\"C\u00d4NG TY TNHH ALUMINUM VI\u1ec6T ECO\",\"url\":\"https:\/\/vieteco.com\/\",\"logo\":{\"@type\":\"ImageObject\",\"inLanguage\":\"en-US\",\"@id\":\"https:\/\/vieteco.com\/#\/schema\/logo\/image\/\",\"url\":\"https:\/\/vieteco.com\/wp-content\/uploads\/2025\/05\/cropped-Logo-VEC-doc-scaled-1.png\",\"contentUrl\":\"https:\/\/vieteco.com\/wp-content\/uploads\/2025\/05\/cropped-Logo-VEC-doc-scaled-1.png\",\"width\":512,\"height\":512,\"caption\":\"C\u00d4NG TY TNHH ALUMINUM VI\u1ec6T ECO\"},\"image\":{\"@id\":\"https:\/\/vieteco.com\/#\/schema\/logo\/image\/\"}}]}<\/script>\n<!-- \/ Yoast SEO plugin. -->","yoast_head_json":{"title":"H\u1ec7 ch\u1ea5n song - C\u00d4NG TY TNHH ALUMINUM VI\u1ec6T ECO","robots":{"index":"index","follow":"follow","max-snippet":"max-snippet:-1","max-image-preview":"max-image-preview:large","max-video-preview":"max-video-preview:-1"},"canonical":"https:\/\/vieteco.com\/en\/product\/chan-song-phi-nhat\/","og_locale":"en_US","og_type":"article","og_title":"H\u1ec7 ch\u1ea5n song - C\u00d4NG TY TNHH ALUMINUM VI\u1ec6T ECO","og_description":"H\u1ec7 c\u1eeda ch\u1ea5n song phi nh\u1eadt\u00a0 \u0111ang d\u1ea7n tr\u1edf th\u00e0nh m\u1ed9t l\u1ef1a ch\u1ecdn \u01b0a th\u00edch trong vi\u1ec7c m\u1ed9t kh\u00f4ng gian s\u1ed1ng hi\u1ec7n \u0111\u1ea1i, sang tr\u1ecdng v\u00e0 an to\u00e0n. V\u1edbi thi\u1ebft k\u1ebf th\u00f4ng minh v\u00e0 t\u00ednh n\u0103ng \u01b0u vi\u1ec7t, h\u1ec7 c\u1eeda n\u00e0y kh\u00f4ng ch\u1ec9 mang l\u1ea1i s\u1ef1 b\u1ea3o v\u1ec7 ch\u1eafc ch\u1eafn m\u00e0 c\u00f2n mang \u0111\u1ebfn v\u1ebb \u0111\u1eb9p th\u1ea9m m\u1ef9 \u0111\u1eb7c bi\u1ec7t cho m\u1ecdi ng\u00f4i nh\u00e0.   Th\u01b0\u01a1ng hi\u1ec7u: DIVIC  M\u00e1c nh\u00f4m ti\u00eau chu\u1ea9n 6063:T5  \u00c1p d\u1ee5ng ti\u00eau chu\u1ea9n xanh trong s\u1ea3n xu\u1ea5t \u0111\u1ea3m b\u1ea3o an to\u00e0n cho ng\u01b0\u1eddi s\u1ea3n xu\u1ea5t v\u00e0 ti\u00eau d\u00f9ng","og_url":"https:\/\/vieteco.com\/en\/product\/chan-song-phi-nhat\/","og_site_name":"C\u00d4NG TY TNHH ALUMINUM VI\u1ec6T ECO","article_modified_time":"2025-03-03T03:23:14+00:00","og_image":[{"width":1280,"height":1280,"url":"https:\/\/vieteco.com\/wp-content\/uploads\/2024\/07\/93dbe162-77e1-4bfe-addd-d4fcc5caf291.jpg","type":"image\/jpeg"}],"twitter_card":"summary_large_image","twitter_misc":{"Est. reading time":"1 minute"},"schema":{"@context":"https:\/\/schema.org","@graph":[{"@type":"WebPage","@id":"https:\/\/vieteco.com\/san-pham\/chan-song-phi-nhat\/","url":"https:\/\/vieteco.com\/san-pham\/chan-song-phi-nhat\/","name":"H\u1ec7 ch\u1ea5n song - C\u00d4NG TY TNHH ALUMINUM VI\u1ec6T ECO","isPartOf":{"@id":"https:\/\/vieteco.com\/#website"},"primaryImageOfPage":{"@id":"https:\/\/vieteco.com\/san-pham\/chan-song-phi-nhat\/#primaryimage"},"image":{"@id":"https:\/\/vieteco.com\/san-pham\/chan-song-phi-nhat\/#primaryimage"},"thumbnailUrl":"https:\/\/vieteco.com\/wp-content\/uploads\/2024\/07\/93dbe162-77e1-4bfe-addd-d4fcc5caf291.jpg","datePublished":"2024-07-02T06:50:47+00:00","dateModified":"2025-03-03T03:23:14+00:00","breadcrumb":{"@id":"https:\/\/vieteco.com\/san-pham\/chan-song-phi-nhat\/#breadcrumb"},"inLanguage":"en-US","potentialAction":[{"@type":"ReadAction","target":["https:\/\/vieteco.com\/san-pham\/chan-song-phi-nhat\/"]}]},{"@type":"ImageObject","inLanguage":"en-US","@id":"https:\/\/vieteco.com\/san-pham\/chan-song-phi-nhat\/#primaryimage","url":"https:\/\/vieteco.com\/wp-content\/uploads\/2024\/07\/93dbe162-77e1-4bfe-addd-d4fcc5caf291.jpg","contentUrl":"https:\/\/vieteco.com\/wp-content\/uploads\/2024\/07\/93dbe162-77e1-4bfe-addd-d4fcc5caf291.jpg","width":1280,"height":1280},{"@type":"BreadcrumbList","@id":"https:\/\/vieteco.com\/san-pham\/chan-song-phi-nhat\/#breadcrumb","itemListElement":[{"@type":"ListItem","position":1,"name":"Home","item":"https:\/\/vieteco.com\/"},{"@type":"ListItem","position":2,"name":"Shop","item":"https:\/\/vieteco.com\/shop\/"},{"@type":"ListItem","position":3,"name":"H\u1ec7 ch\u1ea5n song"}]},{"@type":"WebSite","@id":"https:\/\/vieteco.com\/#website","url":"https:\/\/vieteco.com\/","name":"C\u00d4NG TY TNHH ALUMINUM VI\u1ec6T ECO","description":"","publisher":{"@id":"https:\/\/vieteco.com\/#organization"},"potentialAction":[{"@type":"SearchAction","target":{"@type":"EntryPoint","urlTemplate":"https:\/\/vieteco.com\/?s={search_term_string}"},"query-input":{"@type":"PropertyValueSpecification","valueRequired":true,"valueName":"search_term_string"}}],"inLanguage":"en-US"},{"@type":"Organization","@id":"https:\/\/vieteco.com\/#organization","name":"C\u00d4NG TY TNHH ALUMINUM VI\u1ec6T ECO","url":"https:\/\/vieteco.com\/","logo":{"@type":"ImageObject","inLanguage":"en-US","@id":"https:\/\/vieteco.com\/#\/schema\/logo\/image\/","url":"https:\/\/vieteco.com\/wp-content\/uploads\/2025\/05\/cropped-Logo-VEC-doc-scaled-1.png","contentUrl":"https:\/\/vieteco.com\/wp-content\/uploads\/2025\/05\/cropped-Logo-VEC-doc-scaled-1.png","width":512,"height":512,"caption":"C\u00d4NG TY TNHH ALUMINUM VI\u1ec6T ECO"},"image":{"@id":"https:\/\/vieteco.com\/#\/schema\/logo\/image\/"}}]}},"_links":{"self":[{"href":"https:\/\/vieteco.com\/en\/wp-json\/wp\/v2\/product\/1853","targetHints":{"allow":["GET"]}}],"collection":[{"href":"https:\/\/vieteco.com\/en\/wp-json\/wp\/v2\/product"}],"about":[{"href":"https:\/\/vieteco.com\/en\/wp-json\/wp\/v2\/types\/product"}],"replies":[{"embeddable":true,"href":"https:\/\/vieteco.com\/en\/wp-json\/wp\/v2\/comments?post=1853"}],"wp:featuredmedia":[{"embeddable":true,"href":"https:\/\/vieteco.com\/en\/wp-json\/wp\/v2\/media\/2704"}],"wp:attachment":[{"href":"https:\/\/vieteco.com\/en\/wp-json\/wp\/v2\/media?parent=1853"}],"wp:term":[{"taxonomy":"product_brand","embeddable":true,"href":"https:\/\/vieteco.com\/en\/wp-json\/wp\/v2\/product_brand?post=1853"},{"taxonomy":"product_cat","embeddable":true,"href":"https:\/\/vieteco.com\/en\/wp-json\/wp\/v2\/product_cat?post=1853"},{"taxonomy":"product_tag","embeddable":true,"href":"https:\/\/vieteco.com\/en\/wp-json\/wp\/v2\/product_tag?post=1853"}],"curies":[{"name":"wp","href":"https:\/\/api.w.org\/{rel}","templated":true}]}}