{"id":1811,"date":"2024-06-29T10:24:19","date_gmt":"2024-06-29T10:24:19","guid":{"rendered":"https:\/\/vieteco.com\/?post_type=product&#038;p=1811"},"modified":"2025-02-08T04:46:18","modified_gmt":"2025-02-08T04:46:18","slug":"xingfa-phang-ban-canh-tieu-chuan","status":"publish","type":"product","link":"https:\/\/vieteco.com\/en\/product\/xingfa-phang-ban-canh-tieu-chuan\/","title":{"rendered":"Xingfa ph\u1eb3ng &#8211; B\u1ea3n c\u00e1nh ti\u00eau chu\u1ea9n"},"content":{"rendered":"<p>H\u1ec7 Xingfa ph\u1eb3ng b\u1ea3n c\u00e1nh ti\u00eau chu\u1ea9n kh\u00f4ng ch\u1ec9 l\u00e0 l\u1ef1a ch\u1ecdn h\u00e0ng \u0111\u1ea7u cho c\u00e1c c\u00f4ng tr\u00ecnh d\u00e2n d\u1ee5ng nh\u01b0 bi\u1ec7t th\u1ef1, c\u0103n h\u1ed9 cao c\u1ea5p m\u00e0 c\u00f2n ph\u00f9 h\u1ee3p v\u1edbi c\u00e1c d\u1ef1 \u00e1n th\u01b0\u01a1ng m\u1ea1i, v\u0103n ph\u00f2ng v\u00e0 kh\u00e1ch s\u1ea1n.<\/p>\n<p><strong>T\u00cdNH N\u0102NG S\u1ea2N PH\u1ea8M:<\/strong><\/p>\n<p>\ud83d\udd36 T\u00ednh th\u1ea9m m\u1ef9 cao, s\u1eed d\u1ee5ng linh ho\u1ea1t, khi \u0111\u00f3ng m\u1edf th\u00ec r\u1ea5t nh\u1eb9 nh\u00e0ng, kh\u00f4ng t\u1ea1o ti\u1ebfng \u1ed3n l\u1edbn v\u00e0 \u0111\u1ed9 b\u1ec1n c\u1ef1c cao n\u00ean b\u1ea1n ho\u00e0n to\u00e0n kh\u00f4ng ph\u1ea3i lo l\u1eafng c\u1eeda b\u1ecb h\u01b0 h\u1ecfng hay ph\u1ea3i b\u1ea3o tr\u00ec th\u01b0\u1eddng xuy\u00ean khi s\u1eed d\u1ee5ng.<\/p>\n<p>\ud83d\udd36 H\u1ec7 XF 55 b\u1ea3n c\u00e1nh ti\u00eau chu\u1ea9n s\u1eed d\u1ee5ng k\u00ednh \u0111\u1ee5c c\u00f3 thi\u1ebft k\u1ebf \u0111\u1eb9p, th\u1ea9m m\u1ef9 t\u1ea1o v\u1ebb sang tr\u1ecdng cho m\u1ecdi c\u00f4ng tr\u00ecnh, c\u00f3 th\u1ec3 \u1ee9ng d\u1ee5ng \u0111\u1ec3 l\u00e0m c\u1eeda ch\u00ednh, c\u1eeda th\u00f4ng ph\u00f2ng, c\u1eeda s\u1ed5 cho nh\u00e0 \u1edf hay bi\u1ec7t th\u1ef1, kh\u00e1ch s\u1ea1n, chung c\u01b0, nh\u00e0 h\u00e0ng&#8230;<\/p>\n<p>\ud83d\udd36\u00a0C\u1eeda c\u00f3 t\u00ednh c\u00e1ch nhi\u1ec7t v\u00e0 c\u00e1ch \u00e2m c\u1ef1c k\u1ef3 t\u1ed1t n\u00ean \u0111\u1ea3m b\u1ea3o s\u1ef1 tho\u00e1i m\u00e1i t\u1ed1i \u0111a cho gia ch\u1ee7 khi s\u1eed d\u1ee5ng.<\/p>\n<p>\ud83d\udd36 \u0110a d\u1ea1ng c\u00e1c m\u00e0u s\u01a1n t\u0129nh \u0111i\u1ec7n nh\u01b0 X\u00e1m \u0111\u00e1, N\u00e2u cafe, Tr\u1eafng s\u1ee9, c\u00f9ng c\u00e1c m\u00e0u v\u00e2n g\u1ed7 \u0111\u01b0\u1ee3c kh\u00e1ch h\u00e0ng s\u0103n \u0111\u00f3n, ph\u00f9 h\u1ee3p v\u1edbi nhi\u1ec1u phong c\u00e1ch c\u00f4ng tr\u00ecnh, ki\u1ebfn tr\u00fac kh\u00e1c nhau<\/p>\n<p><strong>TH\u00d4NG S\u1ed0 K\u1ef8 THU\u1eacT:<\/strong><\/p>\n<p><img loading=\"lazy\" decoding=\"async\" class=\"alignnone size-full wp-image-2522\" src=\"https:\/\/vieteco.com\/wp-content\/uploads\/2024\/06\/ban-canh-tieu-chuan-1024x934-1.jpg\" alt=\"\" width=\"1024\" height=\"934\" srcset=\"https:\/\/vieteco.com\/wp-content\/uploads\/2024\/06\/ban-canh-tieu-chuan-1024x934-1.jpg 1024w, https:\/\/vieteco.com\/wp-content\/uploads\/2024\/06\/ban-canh-tieu-chuan-1024x934-1-400x365.jpg 400w, https:\/\/vieteco.com\/wp-content\/uploads\/2024\/06\/ban-canh-tieu-chuan-1024x934-1-450x410.jpg 450w, https:\/\/vieteco.com\/wp-content\/uploads\/2024\/06\/ban-canh-tieu-chuan-1024x934-1-768x701.jpg 768w, https:\/\/vieteco.com\/wp-content\/uploads\/2024\/06\/ban-canh-tieu-chuan-1024x934-1-13x12.jpg 13w, https:\/\/vieteco.com\/wp-content\/uploads\/2024\/06\/ban-canh-tieu-chuan-1024x934-1-510x465.jpg 510w\" sizes=\"auto, (max-width: 1024px) 100vw, 1024px\" \/><\/p>\n<p>&nbsp;<\/p>","protected":false},"excerpt":{"rendered":"<p>Xingfa ph\u1eb3ng &#8211; B\u1ea3n c\u00e1nh ti\u00eau chu\u1ea9n s\u1eed d\u1ee5ng s\u01a1n b\u1ea3o h\u00e0nh 20 n\u0103m mang nh\u00e3n hi\u1ec7u DIVIC l\u00e0 d\u00f2ng c\u1eeda nh\u00f4m cao c\u1ea5p v\u1edbi ch\u1ea5t l\u01b0\u1ee3ng v\u01b0\u1ee3t tr\u1ed9i c\u00f9ng nhi\u1ec1u t\u00ednh n\u0103ng \u01b0u vi\u1ec7t, l\u00e0 l\u1ef1a ch\u1ecdn h\u00e0ng \u0111\u1ea7u c\u1ee7a kh\u00e1ch h\u00e0ng cho c\u00e1c lo\u1ea1i c\u1eeda m\u1edf quay.<\/p>\n<ul>\n<li>Th\u01b0\u01a1ng hi\u1ec7u: DIVIC<\/li>\n<li>M\u00e1c nh\u00f4m 6063:T5<\/li>\n<li>\u00c1p d\u1ee5ng ti\u00eau chu\u1ea9n xanh trong s\u1ea3n xu\u1ea5t \u0111\u1ea3m b\u1ea3o an to\u00e0n cho ng\u01b0\u1eddi s\u1ea3n xu\u1ea5t v\u00e0 ti\u00eau d\u00f9ng<\/li>\n<\/ul>","protected":false},"featured_media":2519,"comment_status":"open","ping_status":"closed","template":"","meta":[],"product_brand":[],"product_cat":[103,142],"product_tag":[165,164,162],"class_list":{"0":"post-1811","1":"product","2":"type-product","3":"status-publish","4":"has-post-thumbnail","6":"product_cat-nhan-divic","7":"product_cat-he-xingfa-55-nhan-divic","8":"product_tag-ban-canh-tieu-chuan","9":"product_tag-he-xingfa","10":"product_tag-xingfa-phang","12":"first","13":"instock","14":"shipping-taxable","15":"product-type-simple"},"yoast_head":"<!-- This site is optimized with the Yoast SEO plugin v24.9 - https:\/\/yoast.com\/wordpress\/plugins\/seo\/ -->\n<title>Xingfa ph\u1eb3ng - B\u1ea3n c\u00e1nh ti\u00eau chu\u1ea9n - C\u00d4NG TY TNHH ALUMINUM VI\u1ec6T ECO<\/title>\n<meta name=\"robots\" content=\"index, follow, max-snippet:-1, max-image-preview:large, max-video-preview:-1\" \/>\n<link rel=\"canonical\" href=\"https:\/\/vieteco.com\/en\/product\/xingfa-phang-ban-canh-tieu-chuan\/\" \/>\n<meta property=\"og:locale\" content=\"en_US\" \/>\n<meta property=\"og:type\" content=\"article\" \/>\n<meta property=\"og:title\" content=\"Xingfa ph\u1eb3ng - B\u1ea3n c\u00e1nh ti\u00eau chu\u1ea9n - C\u00d4NG TY TNHH ALUMINUM VI\u1ec6T ECO\" \/>\n<meta property=\"og:description\" content=\"Xingfa ph\u1eb3ng - B\u1ea3n c\u00e1nh ti\u00eau chu\u1ea9n s\u1eed d\u1ee5ng s\u01a1n b\u1ea3o h\u00e0nh 20 n\u0103m mang nh\u00e3n hi\u1ec7u DIVIC l\u00e0 d\u00f2ng c\u1eeda nh\u00f4m cao c\u1ea5p v\u1edbi ch\u1ea5t l\u01b0\u1ee3ng v\u01b0\u1ee3t tr\u1ed9i c\u00f9ng nhi\u1ec1u t\u00ednh n\u0103ng \u01b0u vi\u1ec7t, l\u00e0 l\u1ef1a ch\u1ecdn h\u00e0ng \u0111\u1ea7u c\u1ee7a kh\u00e1ch h\u00e0ng cho c\u00e1c lo\u1ea1i c\u1eeda m\u1edf quay.   Th\u01b0\u01a1ng hi\u1ec7u: DIVIC  M\u00e1c nh\u00f4m 6063:T5  \u00c1p d\u1ee5ng ti\u00eau chu\u1ea9n xanh trong s\u1ea3n xu\u1ea5t \u0111\u1ea3m b\u1ea3o an to\u00e0n cho ng\u01b0\u1eddi s\u1ea3n xu\u1ea5t v\u00e0 ti\u00eau d\u00f9ng\" \/>\n<meta property=\"og:url\" content=\"https:\/\/vieteco.com\/en\/product\/xingfa-phang-ban-canh-tieu-chuan\/\" \/>\n<meta property=\"og:site_name\" content=\"C\u00d4NG TY TNHH ALUMINUM VI\u1ec6T ECO\" \/>\n<meta property=\"article:modified_time\" content=\"2025-02-08T04:46:18+00:00\" \/>\n<meta property=\"og:image\" content=\"https:\/\/vieteco.com\/wp-content\/uploads\/2024\/06\/DSC00531-scaled-1.jpg\" \/>\n\t<meta property=\"og:image:width\" content=\"2560\" \/>\n\t<meta property=\"og:image:height\" content=\"1707\" \/>\n\t<meta property=\"og:image:type\" content=\"image\/jpeg\" \/>\n<meta name=\"twitter:card\" content=\"summary_large_image\" \/>\n<meta name=\"twitter:label1\" content=\"Est. reading time\" \/>\n\t<meta name=\"twitter:data1\" content=\"2 minutes\" \/>\n<script type=\"application\/ld+json\" class=\"yoast-schema-graph\">{\"@context\":\"https:\/\/schema.org\",\"@graph\":[{\"@type\":\"WebPage\",\"@id\":\"https:\/\/vieteco.com\/san-pham\/xingfa-phang-ban-canh-tieu-chuan\/\",\"url\":\"https:\/\/vieteco.com\/san-pham\/xingfa-phang-ban-canh-tieu-chuan\/\",\"name\":\"Xingfa ph\u1eb3ng - B\u1ea3n c\u00e1nh ti\u00eau chu\u1ea9n - C\u00d4NG TY TNHH ALUMINUM VI\u1ec6T ECO\",\"isPartOf\":{\"@id\":\"https:\/\/vieteco.com\/#website\"},\"primaryImageOfPage\":{\"@id\":\"https:\/\/vieteco.com\/san-pham\/xingfa-phang-ban-canh-tieu-chuan\/#primaryimage\"},\"image\":{\"@id\":\"https:\/\/vieteco.com\/san-pham\/xingfa-phang-ban-canh-tieu-chuan\/#primaryimage\"},\"thumbnailUrl\":\"https:\/\/vieteco.com\/wp-content\/uploads\/2024\/06\/DSC00531-scaled-1.jpg\",\"datePublished\":\"2024-06-29T10:24:19+00:00\",\"dateModified\":\"2025-02-08T04:46:18+00:00\",\"breadcrumb\":{\"@id\":\"https:\/\/vieteco.com\/san-pham\/xingfa-phang-ban-canh-tieu-chuan\/#breadcrumb\"},\"inLanguage\":\"en-US\",\"potentialAction\":[{\"@type\":\"ReadAction\",\"target\":[\"https:\/\/vieteco.com\/san-pham\/xingfa-phang-ban-canh-tieu-chuan\/\"]}]},{\"@type\":\"ImageObject\",\"inLanguage\":\"en-US\",\"@id\":\"https:\/\/vieteco.com\/san-pham\/xingfa-phang-ban-canh-tieu-chuan\/#primaryimage\",\"url\":\"https:\/\/vieteco.com\/wp-content\/uploads\/2024\/06\/DSC00531-scaled-1.jpg\",\"contentUrl\":\"https:\/\/vieteco.com\/wp-content\/uploads\/2024\/06\/DSC00531-scaled-1.jpg\",\"width\":2560,\"height\":1707},{\"@type\":\"BreadcrumbList\",\"@id\":\"https:\/\/vieteco.com\/san-pham\/xingfa-phang-ban-canh-tieu-chuan\/#breadcrumb\",\"itemListElement\":[{\"@type\":\"ListItem\",\"position\":1,\"name\":\"Home\",\"item\":\"https:\/\/vieteco.com\/\"},{\"@type\":\"ListItem\",\"position\":2,\"name\":\"Shop\",\"item\":\"https:\/\/vieteco.com\/shop\/\"},{\"@type\":\"ListItem\",\"position\":3,\"name\":\"Xingfa ph\u1eb3ng &#8211; B\u1ea3n c\u00e1nh ti\u00eau chu\u1ea9n\"}]},{\"@type\":\"WebSite\",\"@id\":\"https:\/\/vieteco.com\/#website\",\"url\":\"https:\/\/vieteco.com\/\",\"name\":\"C\u00d4NG TY TNHH ALUMINUM VI\u1ec6T ECO\",\"description\":\"\",\"publisher\":{\"@id\":\"https:\/\/vieteco.com\/#organization\"},\"potentialAction\":[{\"@type\":\"SearchAction\",\"target\":{\"@type\":\"EntryPoint\",\"urlTemplate\":\"https:\/\/vieteco.com\/?s={search_term_string}\"},\"query-input\":{\"@type\":\"PropertyValueSpecification\",\"valueRequired\":true,\"valueName\":\"search_term_string\"}}],\"inLanguage\":\"en-US\"},{\"@type\":\"Organization\",\"@id\":\"https:\/\/vieteco.com\/#organization\",\"name\":\"C\u00d4NG TY TNHH ALUMINUM VI\u1ec6T ECO\",\"url\":\"https:\/\/vieteco.com\/\",\"logo\":{\"@type\":\"ImageObject\",\"inLanguage\":\"en-US\",\"@id\":\"https:\/\/vieteco.com\/#\/schema\/logo\/image\/\",\"url\":\"https:\/\/vieteco.com\/wp-content\/uploads\/2025\/05\/cropped-Logo-VEC-doc-scaled-1.png\",\"contentUrl\":\"https:\/\/vieteco.com\/wp-content\/uploads\/2025\/05\/cropped-Logo-VEC-doc-scaled-1.png\",\"width\":512,\"height\":512,\"caption\":\"C\u00d4NG TY TNHH ALUMINUM VI\u1ec6T ECO\"},\"image\":{\"@id\":\"https:\/\/vieteco.com\/#\/schema\/logo\/image\/\"}}]}<\/script>\n<!-- \/ Yoast SEO plugin. -->","yoast_head_json":{"title":"Xingfa ph\u1eb3ng - B\u1ea3n c\u00e1nh ti\u00eau chu\u1ea9n - C\u00d4NG TY TNHH ALUMINUM VI\u1ec6T ECO","robots":{"index":"index","follow":"follow","max-snippet":"max-snippet:-1","max-image-preview":"max-image-preview:large","max-video-preview":"max-video-preview:-1"},"canonical":"https:\/\/vieteco.com\/en\/product\/xingfa-phang-ban-canh-tieu-chuan\/","og_locale":"en_US","og_type":"article","og_title":"Xingfa ph\u1eb3ng - B\u1ea3n c\u00e1nh ti\u00eau chu\u1ea9n - C\u00d4NG TY TNHH ALUMINUM VI\u1ec6T ECO","og_description":"Xingfa ph\u1eb3ng - B\u1ea3n c\u00e1nh ti\u00eau chu\u1ea9n s\u1eed d\u1ee5ng s\u01a1n b\u1ea3o h\u00e0nh 20 n\u0103m mang nh\u00e3n hi\u1ec7u DIVIC l\u00e0 d\u00f2ng c\u1eeda nh\u00f4m cao c\u1ea5p v\u1edbi ch\u1ea5t l\u01b0\u1ee3ng v\u01b0\u1ee3t tr\u1ed9i c\u00f9ng nhi\u1ec1u t\u00ednh n\u0103ng \u01b0u vi\u1ec7t, l\u00e0 l\u1ef1a ch\u1ecdn h\u00e0ng \u0111\u1ea7u c\u1ee7a kh\u00e1ch h\u00e0ng cho c\u00e1c lo\u1ea1i c\u1eeda m\u1edf quay.   Th\u01b0\u01a1ng hi\u1ec7u: DIVIC  M\u00e1c nh\u00f4m 6063:T5  \u00c1p d\u1ee5ng ti\u00eau chu\u1ea9n xanh trong s\u1ea3n xu\u1ea5t \u0111\u1ea3m b\u1ea3o an to\u00e0n cho ng\u01b0\u1eddi s\u1ea3n xu\u1ea5t v\u00e0 ti\u00eau d\u00f9ng","og_url":"https:\/\/vieteco.com\/en\/product\/xingfa-phang-ban-canh-tieu-chuan\/","og_site_name":"C\u00d4NG TY TNHH ALUMINUM VI\u1ec6T ECO","article_modified_time":"2025-02-08T04:46:18+00:00","og_image":[{"width":2560,"height":1707,"url":"https:\/\/vieteco.com\/wp-content\/uploads\/2024\/06\/DSC00531-scaled-1.jpg","type":"image\/jpeg"}],"twitter_card":"summary_large_image","twitter_misc":{"Est. reading time":"2 minutes"},"schema":{"@context":"https:\/\/schema.org","@graph":[{"@type":"WebPage","@id":"https:\/\/vieteco.com\/san-pham\/xingfa-phang-ban-canh-tieu-chuan\/","url":"https:\/\/vieteco.com\/san-pham\/xingfa-phang-ban-canh-tieu-chuan\/","name":"Xingfa ph\u1eb3ng - B\u1ea3n c\u00e1nh ti\u00eau chu\u1ea9n - C\u00d4NG TY TNHH ALUMINUM VI\u1ec6T ECO","isPartOf":{"@id":"https:\/\/vieteco.com\/#website"},"primaryImageOfPage":{"@id":"https:\/\/vieteco.com\/san-pham\/xingfa-phang-ban-canh-tieu-chuan\/#primaryimage"},"image":{"@id":"https:\/\/vieteco.com\/san-pham\/xingfa-phang-ban-canh-tieu-chuan\/#primaryimage"},"thumbnailUrl":"https:\/\/vieteco.com\/wp-content\/uploads\/2024\/06\/DSC00531-scaled-1.jpg","datePublished":"2024-06-29T10:24:19+00:00","dateModified":"2025-02-08T04:46:18+00:00","breadcrumb":{"@id":"https:\/\/vieteco.com\/san-pham\/xingfa-phang-ban-canh-tieu-chuan\/#breadcrumb"},"inLanguage":"en-US","potentialAction":[{"@type":"ReadAction","target":["https:\/\/vieteco.com\/san-pham\/xingfa-phang-ban-canh-tieu-chuan\/"]}]},{"@type":"ImageObject","inLanguage":"en-US","@id":"https:\/\/vieteco.com\/san-pham\/xingfa-phang-ban-canh-tieu-chuan\/#primaryimage","url":"https:\/\/vieteco.com\/wp-content\/uploads\/2024\/06\/DSC00531-scaled-1.jpg","contentUrl":"https:\/\/vieteco.com\/wp-content\/uploads\/2024\/06\/DSC00531-scaled-1.jpg","width":2560,"height":1707},{"@type":"BreadcrumbList","@id":"https:\/\/vieteco.com\/san-pham\/xingfa-phang-ban-canh-tieu-chuan\/#breadcrumb","itemListElement":[{"@type":"ListItem","position":1,"name":"Home","item":"https:\/\/vieteco.com\/"},{"@type":"ListItem","position":2,"name":"Shop","item":"https:\/\/vieteco.com\/shop\/"},{"@type":"ListItem","position":3,"name":"Xingfa ph\u1eb3ng &#8211; B\u1ea3n c\u00e1nh ti\u00eau chu\u1ea9n"}]},{"@type":"WebSite","@id":"https:\/\/vieteco.com\/#website","url":"https:\/\/vieteco.com\/","name":"C\u00d4NG TY TNHH ALUMINUM VI\u1ec6T ECO","description":"","publisher":{"@id":"https:\/\/vieteco.com\/#organization"},"potentialAction":[{"@type":"SearchAction","target":{"@type":"EntryPoint","urlTemplate":"https:\/\/vieteco.com\/?s={search_term_string}"},"query-input":{"@type":"PropertyValueSpecification","valueRequired":true,"valueName":"search_term_string"}}],"inLanguage":"en-US"},{"@type":"Organization","@id":"https:\/\/vieteco.com\/#organization","name":"C\u00d4NG TY TNHH ALUMINUM VI\u1ec6T ECO","url":"https:\/\/vieteco.com\/","logo":{"@type":"ImageObject","inLanguage":"en-US","@id":"https:\/\/vieteco.com\/#\/schema\/logo\/image\/","url":"https:\/\/vieteco.com\/wp-content\/uploads\/2025\/05\/cropped-Logo-VEC-doc-scaled-1.png","contentUrl":"https:\/\/vieteco.com\/wp-content\/uploads\/2025\/05\/cropped-Logo-VEC-doc-scaled-1.png","width":512,"height":512,"caption":"C\u00d4NG TY TNHH ALUMINUM VI\u1ec6T ECO"},"image":{"@id":"https:\/\/vieteco.com\/#\/schema\/logo\/image\/"}}]}},"_links":{"self":[{"href":"https:\/\/vieteco.com\/en\/wp-json\/wp\/v2\/product\/1811","targetHints":{"allow":["GET"]}}],"collection":[{"href":"https:\/\/vieteco.com\/en\/wp-json\/wp\/v2\/product"}],"about":[{"href":"https:\/\/vieteco.com\/en\/wp-json\/wp\/v2\/types\/product"}],"replies":[{"embeddable":true,"href":"https:\/\/vieteco.com\/en\/wp-json\/wp\/v2\/comments?post=1811"}],"wp:featuredmedia":[{"embeddable":true,"href":"https:\/\/vieteco.com\/en\/wp-json\/wp\/v2\/media\/2519"}],"wp:attachment":[{"href":"https:\/\/vieteco.com\/en\/wp-json\/wp\/v2\/media?parent=1811"}],"wp:term":[{"taxonomy":"product_brand","embeddable":true,"href":"https:\/\/vieteco.com\/en\/wp-json\/wp\/v2\/product_brand?post=1811"},{"taxonomy":"product_cat","embeddable":true,"href":"https:\/\/vieteco.com\/en\/wp-json\/wp\/v2\/product_cat?post=1811"},{"taxonomy":"product_tag","embeddable":true,"href":"https:\/\/vieteco.com\/en\/wp-json\/wp\/v2\/product_tag?post=1811"}],"curies":[{"name":"wp","href":"https:\/\/api.w.org\/{rel}","templated":true}]}}