{"id":1810,"date":"2024-06-29T09:57:40","date_gmt":"2024-06-29T09:57:40","guid":{"rendered":"https:\/\/vieteco.com\/?post_type=product&#038;p=1810"},"modified":"2025-02-08T04:52:54","modified_gmt":"2025-02-08T04:52:54","slug":"xingfa-phang-ban-canh-lon-140","status":"publish","type":"product","link":"https:\/\/vieteco.com\/en\/product\/xingfa-phang-ban-canh-lon-140\/","title":{"rendered":"Xingfa ph\u1eb3ng &#8211; B\u1ea3n c\u00e1nh l\u1edbn 140"},"content":{"rendered":"<p><strong>T\u00cdNH N\u0102NG S\u1ea2N PH\u1ea8M<\/strong><\/p>\n<p>H\u1ec7 c\u1eeda Xingfa b\u1ea3n c\u00e1nh l\u1edbn 140 l\u00e0 l\u1ef1a ch\u1ecdn h\u00e0ng \u0111\u1ea7u cho c\u00e1c c\u00f4ng tr\u00ecnh ki\u1ebfn tr\u00fac hi\u1ec7n \u0111\u1ea1i b\u1edfi nh\u1eefng \u01b0u \u0111i\u1ec3m v\u01b0\u1ee3t tr\u1ed9i v\u1ec1 t\u00ednh n\u0103ng v\u00e0 th\u1ea9m m\u1ef9.<\/p>\n<p>\ud83d\udd36 C\u1eeda nh\u00f4m xingfa m\u1edf quay l\u00e0 c\u00f3 th\u1ec3 m\u1edf t\u1ed1i \u0111a di\u1ec7n t\u00edch khung ch\u1edd.<\/p>\n<p>\ud83d\udd36 Ho\u1ea1t \u0111\u1ed9ng di chuy\u1ec3n qua l\u1ea1i c\u1ef1c k\u1ef3 thu\u1eadn ti\u1ec7n.<\/p>\n<p>\ud83d\udd36 \u0110\u1ea3m b\u1ea3o an to\u00e0n v\u1ec1 \u0111\u1ed9 k\u00edn kh\u00edt, c\u00e1ch \u00e2m c\u00e1ch nhi\u1ec7t t\u1ed1t nh\u1edd h\u1ec7 gio\u0103ng c\u0169ng nh\u01b0 k\u1ebft c\u1ea5u thanh profile.<\/p>\n<p>\ud83d\udd36\u00a0Ti\u1ebft ki\u1ec7m \u0111i\u1ec7n n\u0103ng khi s\u1eed d\u1ee5ng \u0111i\u1ec1u h\u00f2a.<\/p>\n<p>\ud83d\udd36\u00a0\u0110a d\u1ea1ng \u0111\u1ed9 d\u00e0y<\/p>\n<p>\ud83d\udd36 C\u00f3 nhi\u1ec1u m\u00e3 d\u00f9ng chung v\u1edbi c\u00e1c h\u1ec7 kh\u00e1c (s\u1eadp d\u00f9ng chung v\u1edbi h\u1ec7 th\u1ee7y l\u1ef1c, ph\u00e0o \u1ed1p d\u00f9ng chung v\u1edbi h\u1ec7 ch\u1ea5n song\u2026)<\/p>\n<p>\ud83d\udd36\u00a0Nhi\u1ec1u m\u00e3 c\u1ea3i ti\u1ebfn d\u00f9ng chung \u0111\u1ec3 gi\u1ea3m thi\u1ec3u \u0111\u1ec1 x\u00ea 2903\u2026<\/p>\n<p>\ud83d\udd36\u00a0Xingfa ph\u1eb3ng gi\u1ea3m b\u00e1m b\u1ee5i d\u1ec5 v\u1ec7 sinh<\/p>\n<p>\ud83d\udd36Xingfa b\u1ea3n c\u00e1nh 140 v\u1eabn d\u00f9ng chung s\u1eadp v\u1edbi xingfa th\u00f4ng th\u01b0\u1eddng (l\u1eafp \u0111\u01b0\u1ee3c kh\u00f3a \u0111i\u1ec7n t\u1eed b\u1ea3n to)<\/p>\n<p>\ud83d\udd36\u00a0C\u00f3 h\u1ec7 l\u00f9a 3 c\u00e2y (c\u1ee9ng c\u00e1p, gi\u1ea3m \u0111\u1ec1 x\u00ea)<\/p>\n<p><strong>TH\u00d4NG S\u1ed0 K\u1ef8 THU\u1eacT:<\/strong><\/p>\n<p><img loading=\"lazy\" decoding=\"async\" class=\"alignnone size-full wp-image-2531\" src=\"https:\/\/vieteco.com\/wp-content\/uploads\/2024\/06\/ban-canh-140-2-1086x1536-1.jpg\" alt=\"\" width=\"1086\" height=\"1536\" srcset=\"https:\/\/vieteco.com\/wp-content\/uploads\/2024\/06\/ban-canh-140-2-1086x1536-1.jpg 1086w, https:\/\/vieteco.com\/wp-content\/uploads\/2024\/06\/ban-canh-140-2-1086x1536-1-283x400.jpg 283w, https:\/\/vieteco.com\/wp-content\/uploads\/2024\/06\/ban-canh-140-2-1086x1536-1-724x1024.jpg 724w, https:\/\/vieteco.com\/wp-content\/uploads\/2024\/06\/ban-canh-140-2-1086x1536-1-318x450.jpg 318w, https:\/\/vieteco.com\/wp-content\/uploads\/2024\/06\/ban-canh-140-2-1086x1536-1-768x1086.jpg 768w, https:\/\/vieteco.com\/wp-content\/uploads\/2024\/06\/ban-canh-140-2-1086x1536-1-8x12.jpg 8w, https:\/\/vieteco.com\/wp-content\/uploads\/2024\/06\/ban-canh-140-2-1086x1536-1-510x721.jpg 510w\" sizes=\"auto, (max-width: 1086px) 100vw, 1086px\" \/> <img loading=\"lazy\" decoding=\"async\" class=\"alignnone size-full wp-image-2530\" src=\"https:\/\/vieteco.com\/wp-content\/uploads\/2024\/06\/DSC00636-scaled-1.jpg\" alt=\"\" width=\"1707\" height=\"2560\" srcset=\"https:\/\/vieteco.com\/wp-content\/uploads\/2024\/06\/DSC00636-scaled-1.jpg 1707w, https:\/\/vieteco.com\/wp-content\/uploads\/2024\/06\/DSC00636-scaled-1-267x400.jpg 267w, https:\/\/vieteco.com\/wp-content\/uploads\/2024\/06\/DSC00636-scaled-1-683x1024.jpg 683w, https:\/\/vieteco.com\/wp-content\/uploads\/2024\/06\/DSC00636-scaled-1-300x450.jpg 300w, https:\/\/vieteco.com\/wp-content\/uploads\/2024\/06\/DSC00636-scaled-1-768x1152.jpg 768w, https:\/\/vieteco.com\/wp-content\/uploads\/2024\/06\/DSC00636-scaled-1-1024x1536.jpg 1024w, https:\/\/vieteco.com\/wp-content\/uploads\/2024\/06\/DSC00636-scaled-1-1366x2048.jpg 1366w, https:\/\/vieteco.com\/wp-content\/uploads\/2024\/06\/DSC00636-scaled-1-8x12.jpg 8w, https:\/\/vieteco.com\/wp-content\/uploads\/2024\/06\/DSC00636-scaled-1-510x765.jpg 510w\" sizes=\"auto, (max-width: 1707px) 100vw, 1707px\" \/> <img loading=\"lazy\" decoding=\"async\" class=\"alignnone size-full wp-image-2529\" src=\"https:\/\/vieteco.com\/wp-content\/uploads\/2024\/06\/2-2-1086x1536-1.jpg\" alt=\"\" width=\"1086\" height=\"1536\" srcset=\"https:\/\/vieteco.com\/wp-content\/uploads\/2024\/06\/2-2-1086x1536-1.jpg 1086w, https:\/\/vieteco.com\/wp-content\/uploads\/2024\/06\/2-2-1086x1536-1-283x400.jpg 283w, https:\/\/vieteco.com\/wp-content\/uploads\/2024\/06\/2-2-1086x1536-1-724x1024.jpg 724w, https:\/\/vieteco.com\/wp-content\/uploads\/2024\/06\/2-2-1086x1536-1-318x450.jpg 318w, https:\/\/vieteco.com\/wp-content\/uploads\/2024\/06\/2-2-1086x1536-1-768x1086.jpg 768w, https:\/\/vieteco.com\/wp-content\/uploads\/2024\/06\/2-2-1086x1536-1-8x12.jpg 8w, https:\/\/vieteco.com\/wp-content\/uploads\/2024\/06\/2-2-1086x1536-1-510x721.jpg 510w\" sizes=\"auto, (max-width: 1086px) 100vw, 1086px\" \/><\/p>\n<p>&nbsp;<\/p>","protected":false},"excerpt":{"rendered":"<p>Xingfa ph\u1eb3ng &#8211; B\u1ea3n c\u00e1nh 140 l\u00e0 d\u00f2ng c\u1eeda nh\u00f4m cao c\u1ea5p mang nh\u00e3n hi\u1ec7u DIVIC v\u1edbi ch\u1ea5t l\u01b0\u1ee3ng v\u01b0\u1ee3t tr\u1ed9i c\u00f9ng nhi\u1ec1u t\u00ednh n\u0103ng \u01b0u vi\u1ec7t, l\u00e0 l\u1ef1a ch\u1ecdn h\u00e0ng \u0111\u1ea7u c\u1ee7a kh\u00e1ch h\u00e0ng cho c\u00e1c lo\u1ea1i c\u1eeda m\u1edf quay. H\u1ec7 XF 55 b\u1ea3n c\u00e1nh 140 c\u00f3 t\u00ednh th\u1ea9m m\u1ef9 cao, s\u1eed d\u1ee5ng linh ho\u1ea1t, khi \u0111\u00f3ng m\u1edf th\u00ec r\u1ea5t nh\u1eb9 nh\u00e0ng, kh\u00f4ng t\u1ea1o ti\u1ebfng \u1ed3n l\u1edbn v\u00e0 \u0111\u1ed9 b\u1ec1n c\u1ef1c cao n\u00ean b\u1ea1n ho\u00e0n to\u00e0n kh\u00f4ng ph\u1ea3i lo l\u1eafng c\u1eeda b\u1ecb h\u01b0 h\u1ecfng hay ph\u1ea3i b\u1ea3o tr\u00ec. \u0110\u1eb7c bi\u1ec7t c\u00f3 th\u1ec3 l\u1eafp \u0111\u01b0\u1ee3c kh\u00f3a \u0111i\u1ec7n t\u1eed b\u1ea3n l\u1edbn.<\/p>","protected":false},"featured_media":2528,"comment_status":"open","ping_status":"closed","template":"","meta":[],"product_brand":[],"product_cat":[103,142],"product_tag":[161,162,163],"class_list":{"0":"post-1810","1":"product","2":"type-product","3":"status-publish","4":"has-post-thumbnail","6":"product_cat-nhan-divic","7":"product_cat-he-xingfa-55-nhan-divic","8":"product_tag-xingfa","9":"product_tag-xingfa-phang","10":"product_tag-xingfa-phang-ban-canh-lon","12":"first","13":"instock","14":"shipping-taxable","15":"product-type-simple"},"yoast_head":"<!-- This site is optimized with the Yoast SEO plugin v24.9 - https:\/\/yoast.com\/wordpress\/plugins\/seo\/ -->\n<title>Xingfa ph\u1eb3ng - B\u1ea3n c\u00e1nh l\u1edbn 140 - C\u00d4NG TY TNHH ALUMINUM VI\u1ec6T ECO<\/title>\n<meta name=\"robots\" content=\"index, follow, max-snippet:-1, max-image-preview:large, max-video-preview:-1\" \/>\n<link rel=\"canonical\" href=\"https:\/\/vieteco.com\/en\/product\/xingfa-phang-ban-canh-lon-140\/\" \/>\n<meta property=\"og:locale\" content=\"en_US\" \/>\n<meta property=\"og:type\" content=\"article\" \/>\n<meta property=\"og:title\" content=\"Xingfa ph\u1eb3ng - B\u1ea3n c\u00e1nh l\u1edbn 140 - C\u00d4NG TY TNHH ALUMINUM VI\u1ec6T ECO\" \/>\n<meta property=\"og:description\" content=\"Xingfa ph\u1eb3ng - B\u1ea3n c\u00e1nh 140 l\u00e0 d\u00f2ng c\u1eeda nh\u00f4m cao c\u1ea5p mang nh\u00e3n hi\u1ec7u DIVIC v\u1edbi ch\u1ea5t l\u01b0\u1ee3ng v\u01b0\u1ee3t tr\u1ed9i c\u00f9ng nhi\u1ec1u t\u00ednh n\u0103ng \u01b0u vi\u1ec7t, l\u00e0 l\u1ef1a ch\u1ecdn h\u00e0ng \u0111\u1ea7u c\u1ee7a kh\u00e1ch h\u00e0ng cho c\u00e1c lo\u1ea1i c\u1eeda m\u1edf quay. H\u1ec7 XF 55 b\u1ea3n c\u00e1nh 140 c\u00f3 t\u00ednh th\u1ea9m m\u1ef9 cao, s\u1eed d\u1ee5ng linh ho\u1ea1t, khi \u0111\u00f3ng m\u1edf th\u00ec r\u1ea5t nh\u1eb9 nh\u00e0ng, kh\u00f4ng t\u1ea1o ti\u1ebfng \u1ed3n l\u1edbn v\u00e0 \u0111\u1ed9 b\u1ec1n c\u1ef1c cao n\u00ean b\u1ea1n ho\u00e0n to\u00e0n kh\u00f4ng ph\u1ea3i lo l\u1eafng c\u1eeda b\u1ecb h\u01b0 h\u1ecfng hay ph\u1ea3i b\u1ea3o tr\u00ec. \u0110\u1eb7c bi\u1ec7t c\u00f3 th\u1ec3 l\u1eafp \u0111\u01b0\u1ee3c kh\u00f3a \u0111i\u1ec7n t\u1eed b\u1ea3n l\u1edbn.\" \/>\n<meta property=\"og:url\" content=\"https:\/\/vieteco.com\/en\/product\/xingfa-phang-ban-canh-lon-140\/\" \/>\n<meta property=\"og:site_name\" content=\"C\u00d4NG TY TNHH ALUMINUM VI\u1ec6T ECO\" \/>\n<meta property=\"article:modified_time\" content=\"2025-02-08T04:52:54+00:00\" \/>\n<meta property=\"og:image\" content=\"https:\/\/vieteco.com\/wp-content\/uploads\/2024\/06\/ban-canh-140.jpg\" \/>\n\t<meta property=\"og:image:width\" content=\"2419\" \/>\n\t<meta property=\"og:image:height\" content=\"2419\" \/>\n\t<meta property=\"og:image:type\" content=\"image\/jpeg\" \/>\n<meta name=\"twitter:card\" content=\"summary_large_image\" \/>\n<meta name=\"twitter:label1\" content=\"Est. reading time\" \/>\n\t<meta name=\"twitter:data1\" content=\"2 minutes\" \/>\n<script type=\"application\/ld+json\" class=\"yoast-schema-graph\">{\"@context\":\"https:\/\/schema.org\",\"@graph\":[{\"@type\":\"WebPage\",\"@id\":\"https:\/\/vieteco.com\/san-pham\/xingfa-phang-ban-canh-lon-140\/\",\"url\":\"https:\/\/vieteco.com\/san-pham\/xingfa-phang-ban-canh-lon-140\/\",\"name\":\"Xingfa ph\u1eb3ng - B\u1ea3n c\u00e1nh l\u1edbn 140 - C\u00d4NG TY TNHH ALUMINUM VI\u1ec6T ECO\",\"isPartOf\":{\"@id\":\"https:\/\/vieteco.com\/#website\"},\"primaryImageOfPage\":{\"@id\":\"https:\/\/vieteco.com\/san-pham\/xingfa-phang-ban-canh-lon-140\/#primaryimage\"},\"image\":{\"@id\":\"https:\/\/vieteco.com\/san-pham\/xingfa-phang-ban-canh-lon-140\/#primaryimage\"},\"thumbnailUrl\":\"https:\/\/vieteco.com\/wp-content\/uploads\/2024\/06\/ban-canh-140.jpg\",\"datePublished\":\"2024-06-29T09:57:40+00:00\",\"dateModified\":\"2025-02-08T04:52:54+00:00\",\"breadcrumb\":{\"@id\":\"https:\/\/vieteco.com\/san-pham\/xingfa-phang-ban-canh-lon-140\/#breadcrumb\"},\"inLanguage\":\"en-US\",\"potentialAction\":[{\"@type\":\"ReadAction\",\"target\":[\"https:\/\/vieteco.com\/san-pham\/xingfa-phang-ban-canh-lon-140\/\"]}]},{\"@type\":\"ImageObject\",\"inLanguage\":\"en-US\",\"@id\":\"https:\/\/vieteco.com\/san-pham\/xingfa-phang-ban-canh-lon-140\/#primaryimage\",\"url\":\"https:\/\/vieteco.com\/wp-content\/uploads\/2024\/06\/ban-canh-140.jpg\",\"contentUrl\":\"https:\/\/vieteco.com\/wp-content\/uploads\/2024\/06\/ban-canh-140.jpg\",\"width\":2419,\"height\":2419},{\"@type\":\"BreadcrumbList\",\"@id\":\"https:\/\/vieteco.com\/san-pham\/xingfa-phang-ban-canh-lon-140\/#breadcrumb\",\"itemListElement\":[{\"@type\":\"ListItem\",\"position\":1,\"name\":\"Home\",\"item\":\"https:\/\/vieteco.com\/\"},{\"@type\":\"ListItem\",\"position\":2,\"name\":\"Shop\",\"item\":\"https:\/\/vieteco.com\/shop\/\"},{\"@type\":\"ListItem\",\"position\":3,\"name\":\"Xingfa ph\u1eb3ng &#8211; B\u1ea3n c\u00e1nh l\u1edbn 140\"}]},{\"@type\":\"WebSite\",\"@id\":\"https:\/\/vieteco.com\/#website\",\"url\":\"https:\/\/vieteco.com\/\",\"name\":\"C\u00d4NG TY TNHH ALUMINUM VI\u1ec6T ECO\",\"description\":\"\",\"publisher\":{\"@id\":\"https:\/\/vieteco.com\/#organization\"},\"potentialAction\":[{\"@type\":\"SearchAction\",\"target\":{\"@type\":\"EntryPoint\",\"urlTemplate\":\"https:\/\/vieteco.com\/?s={search_term_string}\"},\"query-input\":{\"@type\":\"PropertyValueSpecification\",\"valueRequired\":true,\"valueName\":\"search_term_string\"}}],\"inLanguage\":\"en-US\"},{\"@type\":\"Organization\",\"@id\":\"https:\/\/vieteco.com\/#organization\",\"name\":\"C\u00d4NG TY TNHH ALUMINUM VI\u1ec6T ECO\",\"url\":\"https:\/\/vieteco.com\/\",\"logo\":{\"@type\":\"ImageObject\",\"inLanguage\":\"en-US\",\"@id\":\"https:\/\/vieteco.com\/#\/schema\/logo\/image\/\",\"url\":\"https:\/\/vieteco.com\/wp-content\/uploads\/2025\/05\/cropped-Logo-VEC-doc-scaled-1.png\",\"contentUrl\":\"https:\/\/vieteco.com\/wp-content\/uploads\/2025\/05\/cropped-Logo-VEC-doc-scaled-1.png\",\"width\":512,\"height\":512,\"caption\":\"C\u00d4NG TY TNHH ALUMINUM VI\u1ec6T ECO\"},\"image\":{\"@id\":\"https:\/\/vieteco.com\/#\/schema\/logo\/image\/\"}}]}<\/script>\n<!-- \/ Yoast SEO plugin. -->","yoast_head_json":{"title":"Xingfa ph\u1eb3ng - B\u1ea3n c\u00e1nh l\u1edbn 140 - C\u00d4NG TY TNHH ALUMINUM VI\u1ec6T ECO","robots":{"index":"index","follow":"follow","max-snippet":"max-snippet:-1","max-image-preview":"max-image-preview:large","max-video-preview":"max-video-preview:-1"},"canonical":"https:\/\/vieteco.com\/en\/product\/xingfa-phang-ban-canh-lon-140\/","og_locale":"en_US","og_type":"article","og_title":"Xingfa ph\u1eb3ng - B\u1ea3n c\u00e1nh l\u1edbn 140 - C\u00d4NG TY TNHH ALUMINUM VI\u1ec6T ECO","og_description":"Xingfa ph\u1eb3ng - B\u1ea3n c\u00e1nh 140 l\u00e0 d\u00f2ng c\u1eeda nh\u00f4m cao c\u1ea5p mang nh\u00e3n hi\u1ec7u DIVIC v\u1edbi ch\u1ea5t l\u01b0\u1ee3ng v\u01b0\u1ee3t tr\u1ed9i c\u00f9ng nhi\u1ec1u t\u00ednh n\u0103ng \u01b0u vi\u1ec7t, l\u00e0 l\u1ef1a ch\u1ecdn h\u00e0ng \u0111\u1ea7u c\u1ee7a kh\u00e1ch h\u00e0ng cho c\u00e1c lo\u1ea1i c\u1eeda m\u1edf quay. H\u1ec7 XF 55 b\u1ea3n c\u00e1nh 140 c\u00f3 t\u00ednh th\u1ea9m m\u1ef9 cao, s\u1eed d\u1ee5ng linh ho\u1ea1t, khi \u0111\u00f3ng m\u1edf th\u00ec r\u1ea5t nh\u1eb9 nh\u00e0ng, kh\u00f4ng t\u1ea1o ti\u1ebfng \u1ed3n l\u1edbn v\u00e0 \u0111\u1ed9 b\u1ec1n c\u1ef1c cao n\u00ean b\u1ea1n ho\u00e0n to\u00e0n kh\u00f4ng ph\u1ea3i lo l\u1eafng c\u1eeda b\u1ecb h\u01b0 h\u1ecfng hay ph\u1ea3i b\u1ea3o tr\u00ec. \u0110\u1eb7c bi\u1ec7t c\u00f3 th\u1ec3 l\u1eafp \u0111\u01b0\u1ee3c kh\u00f3a \u0111i\u1ec7n t\u1eed b\u1ea3n l\u1edbn.","og_url":"https:\/\/vieteco.com\/en\/product\/xingfa-phang-ban-canh-lon-140\/","og_site_name":"C\u00d4NG TY TNHH ALUMINUM VI\u1ec6T ECO","article_modified_time":"2025-02-08T04:52:54+00:00","og_image":[{"width":2419,"height":2419,"url":"https:\/\/vieteco.com\/wp-content\/uploads\/2024\/06\/ban-canh-140.jpg","type":"image\/jpeg"}],"twitter_card":"summary_large_image","twitter_misc":{"Est. reading time":"2 minutes"},"schema":{"@context":"https:\/\/schema.org","@graph":[{"@type":"WebPage","@id":"https:\/\/vieteco.com\/san-pham\/xingfa-phang-ban-canh-lon-140\/","url":"https:\/\/vieteco.com\/san-pham\/xingfa-phang-ban-canh-lon-140\/","name":"Xingfa ph\u1eb3ng - B\u1ea3n c\u00e1nh l\u1edbn 140 - C\u00d4NG TY TNHH ALUMINUM VI\u1ec6T ECO","isPartOf":{"@id":"https:\/\/vieteco.com\/#website"},"primaryImageOfPage":{"@id":"https:\/\/vieteco.com\/san-pham\/xingfa-phang-ban-canh-lon-140\/#primaryimage"},"image":{"@id":"https:\/\/vieteco.com\/san-pham\/xingfa-phang-ban-canh-lon-140\/#primaryimage"},"thumbnailUrl":"https:\/\/vieteco.com\/wp-content\/uploads\/2024\/06\/ban-canh-140.jpg","datePublished":"2024-06-29T09:57:40+00:00","dateModified":"2025-02-08T04:52:54+00:00","breadcrumb":{"@id":"https:\/\/vieteco.com\/san-pham\/xingfa-phang-ban-canh-lon-140\/#breadcrumb"},"inLanguage":"en-US","potentialAction":[{"@type":"ReadAction","target":["https:\/\/vieteco.com\/san-pham\/xingfa-phang-ban-canh-lon-140\/"]}]},{"@type":"ImageObject","inLanguage":"en-US","@id":"https:\/\/vieteco.com\/san-pham\/xingfa-phang-ban-canh-lon-140\/#primaryimage","url":"https:\/\/vieteco.com\/wp-content\/uploads\/2024\/06\/ban-canh-140.jpg","contentUrl":"https:\/\/vieteco.com\/wp-content\/uploads\/2024\/06\/ban-canh-140.jpg","width":2419,"height":2419},{"@type":"BreadcrumbList","@id":"https:\/\/vieteco.com\/san-pham\/xingfa-phang-ban-canh-lon-140\/#breadcrumb","itemListElement":[{"@type":"ListItem","position":1,"name":"Home","item":"https:\/\/vieteco.com\/"},{"@type":"ListItem","position":2,"name":"Shop","item":"https:\/\/vieteco.com\/shop\/"},{"@type":"ListItem","position":3,"name":"Xingfa ph\u1eb3ng &#8211; B\u1ea3n c\u00e1nh l\u1edbn 140"}]},{"@type":"WebSite","@id":"https:\/\/vieteco.com\/#website","url":"https:\/\/vieteco.com\/","name":"C\u00d4NG TY TNHH ALUMINUM VI\u1ec6T ECO","description":"","publisher":{"@id":"https:\/\/vieteco.com\/#organization"},"potentialAction":[{"@type":"SearchAction","target":{"@type":"EntryPoint","urlTemplate":"https:\/\/vieteco.com\/?s={search_term_string}"},"query-input":{"@type":"PropertyValueSpecification","valueRequired":true,"valueName":"search_term_string"}}],"inLanguage":"en-US"},{"@type":"Organization","@id":"https:\/\/vieteco.com\/#organization","name":"C\u00d4NG TY TNHH ALUMINUM VI\u1ec6T ECO","url":"https:\/\/vieteco.com\/","logo":{"@type":"ImageObject","inLanguage":"en-US","@id":"https:\/\/vieteco.com\/#\/schema\/logo\/image\/","url":"https:\/\/vieteco.com\/wp-content\/uploads\/2025\/05\/cropped-Logo-VEC-doc-scaled-1.png","contentUrl":"https:\/\/vieteco.com\/wp-content\/uploads\/2025\/05\/cropped-Logo-VEC-doc-scaled-1.png","width":512,"height":512,"caption":"C\u00d4NG TY TNHH ALUMINUM VI\u1ec6T ECO"},"image":{"@id":"https:\/\/vieteco.com\/#\/schema\/logo\/image\/"}}]}},"_links":{"self":[{"href":"https:\/\/vieteco.com\/en\/wp-json\/wp\/v2\/product\/1810","targetHints":{"allow":["GET"]}}],"collection":[{"href":"https:\/\/vieteco.com\/en\/wp-json\/wp\/v2\/product"}],"about":[{"href":"https:\/\/vieteco.com\/en\/wp-json\/wp\/v2\/types\/product"}],"replies":[{"embeddable":true,"href":"https:\/\/vieteco.com\/en\/wp-json\/wp\/v2\/comments?post=1810"}],"wp:featuredmedia":[{"embeddable":true,"href":"https:\/\/vieteco.com\/en\/wp-json\/wp\/v2\/media\/2528"}],"wp:attachment":[{"href":"https:\/\/vieteco.com\/en\/wp-json\/wp\/v2\/media?parent=1810"}],"wp:term":[{"taxonomy":"product_brand","embeddable":true,"href":"https:\/\/vieteco.com\/en\/wp-json\/wp\/v2\/product_brand?post=1810"},{"taxonomy":"product_cat","embeddable":true,"href":"https:\/\/vieteco.com\/en\/wp-json\/wp\/v2\/product_cat?post=1810"},{"taxonomy":"product_tag","embeddable":true,"href":"https:\/\/vieteco.com\/en\/wp-json\/wp\/v2\/product_tag?post=1810"}],"curies":[{"name":"wp","href":"https:\/\/api.w.org\/{rel}","templated":true}]}}