{"id":1807,"date":"2024-06-29T08:07:09","date_gmt":"2024-06-29T08:07:09","guid":{"rendered":"https:\/\/vieteco.com\/?post_type=product&#038;p=1807"},"modified":"2025-02-07T10:27:00","modified_gmt":"2025-02-07T10:27:00","slug":"cua-di-mo-quay-divic-plus","status":"publish","type":"product","link":"https:\/\/vieteco.com\/en\/product\/cua-di-mo-quay-divic-plus\/","title":{"rendered":"Rotary Door"},"content":{"rendered":"<p>H\u1ec7 Divic Plus &#8211; c\u1eeda \u0111i m\u1edf quay l\u00e0 gi\u1ea3i ph\u00e1p ti\u00ean ti\u1ebfn d\u1ef1a tr\u00ean c\u00f4ng ngh\u1ec7 r\u00e3nh C, mang \u0111\u1ebfn nhi\u1ec1u \u01b0u \u0111i\u1ec3m v\u01b0\u1ee3t tr\u1ed9i cho kh\u00f4ng gian s\u1ed1ng hi\u1ec7n \u0111\u1ea1i.<\/p>\n<p><strong>\ud83d\udd36 V\u1eadn h\u00e0nh \u00eam \u00e1i v\u00e0 tr\u01a1n chu<\/strong>: V\u1edbi thi\u1ebft k\u1ebf th\u00f4ng minh v\u00e0 s\u1eed d\u1ee5ng c\u00f4ng ngh\u1ec7 r\u00e3nh C, c\u1eeda \u0111i m\u1edf quay h\u1ec7 DIVIC plus \u0111\u1ea3m b\u1ea3o ho\u1ea1t \u0111\u1ed9ng m\u01b0\u1ee3t m\u00e0, \u00edt ma s\u00e1t, gi\u00fap cho vi\u1ec7c m\u1edf v\u00e0 \u0111\u00f3ng c\u1eeda tr\u1edf n\u00ean nh\u1eb9 nh\u00e0ng h\u01a1n bao gi\u1edd h\u1ebft.<\/p>\n<p><strong>\ud83d\udd36 L\u1eafp \u0111\u1eb7t linh ho\u1ea1t cho kh\u00f4ng gian l\u1edbn v\u00e0 cao<\/strong>: H\u1ec7 Divic Plus c\u00f3 kh\u1ea3 n\u0103ng l\u1eafp \u0111\u1eb7t \u0111\u01b0\u1ee3c cho c\u00e1c kh\u00f4ng gian c\u00f3 k\u00edch th\u01b0\u1edbc l\u1edbn v\u00e0 cao, \u0111\u1ea3m b\u1ea3o t\u00ednh th\u1ea9m m\u1ef9 v\u00e0 ti\u1ec7n d\u1ee5ng cho m\u1ecdi nhu c\u1ea7u ki\u1ebfn tr\u00fac.<\/p>\n<p><strong>\ud83d\udd36 \u0110a d\u1ea1ng ph\u1ee5 ki\u1ec7n t\u1eeb c\u00e1c h\u00e3ng h\u00e0ng \u0111\u1ea7u<\/strong>: V\u1edbi kh\u1ea3 n\u0103ng l\u1eafp \u0111\u1eb7t nhi\u1ec1u lo\u1ea1i ph\u1ee5 ki\u1ec7n t\u1eeb c\u00e1c h\u00e3ng uy t\u00edn tr\u00ean th\u1ecb tr\u01b0\u1eddng, h\u1ec7 Divic Plus cho ph\u00e9p t\u00f9y bi\u1ebfn linh ho\u1ea1t theo y\u00eau c\u1ea7u c\u1ee5 th\u1ec3 c\u1ee7a t\u1eebng d\u1ef1 \u00e1n.<\/p>\n<p><strong>\ud83d\udd36 Ti\u1ebft ki\u1ec7m chi ph\u00ed v\u1edbi s\u1ed1 l\u01b0\u1ee3ng m\u00e3 c\u00e2y t\u1ed1i \u01b0u<\/strong>: S\u1ea3n ph\u1ea9m \u0111\u01b0\u1ee3c t\u1ed1i \u01b0u h\u00f3a s\u1ed1 l\u01b0\u1ee3ng m\u00e3 c\u00e2y, gi\u1ea3m thi\u1ec3u \u0111\u1ec1 xu\u1ea5t t\u1eeb ng\u01b0\u1eddi th\u1ee3 v\u00e0 gi\u00fap ti\u1ebft ki\u1ec7m chi ph\u00ed \u0111\u00e1ng k\u1ec3 trong qu\u00e1 tr\u00ecnh l\u1eafp \u0111\u1eb7t.<\/p>\n<p>H\u1ec7 Divic Plus &#8211; c\u1eeda \u0111i m\u1edf m\u1edf quay kh\u00f4ng ch\u1ec9 \u0111\u00e1p \u1ee9ng m\u1ecdi ti\u00eau chu\u1ea9n v\u1ec1 hi\u1ec7u su\u1ea5t v\u00e0 ti\u1ec7n \u00edch m\u00e0 c\u00f2n l\u00e0 l\u1ef1a ch\u1ecdn th\u00f4ng minh cho c\u00e1c d\u1ef1 \u00e1n x\u00e2y d\u1ef1ng v\u00e0 n\u00e2ng c\u1ea5p kh\u00f4ng gian s\u1ed1ng. H\u00e3y li\u00ean h\u1ec7 v\u1edbi ch\u00fang t\u00f4i \u0111\u1ec3 \u0111\u01b0\u1ee3c t\u01b0 v\u1ea5n chi ti\u1ebft v\u00e0 l\u1ef1a ch\u1ecdn s\u1ea3n ph\u1ea9m ph\u00f9 h\u1ee3p nh\u1ea5t cho ng\u00f4i nh\u00e0 c\u1ee7a b\u1ea1n.<\/p>\n<p>TH\u00d4NG S\u1ed0 K\u1ef8 THU\u1eacT:<\/p>\n<p><img loading=\"lazy\" decoding=\"async\" class=\"alignnone size-full wp-image-2494\" src=\"https:\/\/vieteco.com\/wp-content\/uploads\/2024\/06\/3-scaled-1.jpg\" alt=\"\" width=\"1810\" height=\"2560\" srcset=\"https:\/\/vieteco.com\/wp-content\/uploads\/2024\/06\/3-scaled-1.jpg 1810w, https:\/\/vieteco.com\/wp-content\/uploads\/2024\/06\/3-scaled-1-283x400.jpg 283w, https:\/\/vieteco.com\/wp-content\/uploads\/2024\/06\/3-scaled-1-724x1024.jpg 724w, https:\/\/vieteco.com\/wp-content\/uploads\/2024\/06\/3-scaled-1-318x450.jpg 318w, https:\/\/vieteco.com\/wp-content\/uploads\/2024\/06\/3-scaled-1-768x1086.jpg 768w, https:\/\/vieteco.com\/wp-content\/uploads\/2024\/06\/3-scaled-1-1086x1536.jpg 1086w, https:\/\/vieteco.com\/wp-content\/uploads\/2024\/06\/3-scaled-1-1448x2048.jpg 1448w, https:\/\/vieteco.com\/wp-content\/uploads\/2024\/06\/3-scaled-1-8x12.jpg 8w, https:\/\/vieteco.com\/wp-content\/uploads\/2024\/06\/3-scaled-1-510x721.jpg 510w\" sizes=\"auto, (max-width: 1810px) 100vw, 1810px\" \/><img loading=\"lazy\" decoding=\"async\" class=\"alignnone size-full wp-image-2496\" src=\"https:\/\/vieteco.com\/wp-content\/uploads\/2024\/06\/1-1-1086x1536-1.jpg\" alt=\"\" width=\"1086\" height=\"1536\" srcset=\"https:\/\/vieteco.com\/wp-content\/uploads\/2024\/06\/1-1-1086x1536-1.jpg 1086w, https:\/\/vieteco.com\/wp-content\/uploads\/2024\/06\/1-1-1086x1536-1-283x400.jpg 283w, https:\/\/vieteco.com\/wp-content\/uploads\/2024\/06\/1-1-1086x1536-1-724x1024.jpg 724w, https:\/\/vieteco.com\/wp-content\/uploads\/2024\/06\/1-1-1086x1536-1-318x450.jpg 318w, https:\/\/vieteco.com\/wp-content\/uploads\/2024\/06\/1-1-1086x1536-1-768x1086.jpg 768w, https:\/\/vieteco.com\/wp-content\/uploads\/2024\/06\/1-1-1086x1536-1-8x12.jpg 8w, https:\/\/vieteco.com\/wp-content\/uploads\/2024\/06\/1-1-1086x1536-1-510x721.jpg 510w\" sizes=\"auto, (max-width: 1086px) 100vw, 1086px\" \/> <img loading=\"lazy\" decoding=\"async\" class=\"alignnone size-full wp-image-2497\" src=\"https:\/\/vieteco.com\/wp-content\/uploads\/2024\/06\/4-1086x1536-1.jpg\" alt=\"\" width=\"1086\" height=\"1536\" srcset=\"https:\/\/vieteco.com\/wp-content\/uploads\/2024\/06\/4-1086x1536-1.jpg 1086w, https:\/\/vieteco.com\/wp-content\/uploads\/2024\/06\/4-1086x1536-1-283x400.jpg 283w, https:\/\/vieteco.com\/wp-content\/uploads\/2024\/06\/4-1086x1536-1-724x1024.jpg 724w, https:\/\/vieteco.com\/wp-content\/uploads\/2024\/06\/4-1086x1536-1-318x450.jpg 318w, https:\/\/vieteco.com\/wp-content\/uploads\/2024\/06\/4-1086x1536-1-768x1086.jpg 768w, https:\/\/vieteco.com\/wp-content\/uploads\/2024\/06\/4-1086x1536-1-8x12.jpg 8w, https:\/\/vieteco.com\/wp-content\/uploads\/2024\/06\/4-1086x1536-1-510x721.jpg 510w\" sizes=\"auto, (max-width: 1086px) 100vw, 1086px\" \/><\/p>\n<p>&nbsp;<\/p>","protected":false},"excerpt":{"rendered":"<p>H\u1ec7 DIVIC plus &#8211; c\u1eeda \u0111i m\u1edf quay c\u00f3 th\u1ec3 m\u1edf g\u00f3c g\u1ea7n 180 \u0111\u1ed9, s\u1eed d\u1ee5ng h\u1ec7 th\u1ed1ng ch\u1ed1t \u0111a \u0111i\u1ec3m v\u00e0 h\u1ec7 gio\u0103ng k\u00e9p. khi \u0111\u00f3ng c\u1eeda h\u1ec7 th\u1ed1ng ch\u1ed1t \u0111a \u0111i\u1ec3m s\u1ebd \u00e9p ch\u1eb7t khu\u00f4n c\u1eeda v\u00e0 khung c\u00e1nh v\u1edbi nhau t\u1ea1o \u0111\u1ed9 k\u00edn kh\u00edt v\u00e0 kh\u1ea3 n\u0103ng c\u00e1ch \u00e2m, c\u00e1ch nhi\u1ec7t cao.<\/p>\n<ul>\n<li>Th\u01b0\u01a1ng hi\u1ec7u: DIVIC<\/li>\n<li>M\u00e1c nh\u00f4m 6063:T5<\/li>\n<li>\u00c1p d\u1ee5ng ti\u00eau chu\u1ea9n xanh trong s\u1ea3n xu\u1ea5t \u0111\u1ea3m b\u1ea3o an to\u00e0n cho ng\u01b0\u1eddi s\u1ea3n xu\u1ea5t v\u00e0 ti\u00eau d\u00f9ng<\/li>\n<\/ul>\n<p>&nbsp;<\/p>","protected":false},"featured_media":2493,"comment_status":"open","ping_status":"closed","template":"","meta":[],"product_brand":[],"product_cat":[103,122],"product_tag":[159,158],"class_list":{"0":"post-1807","1":"product","2":"type-product","3":"status-publish","4":"has-post-thumbnail","6":"product_cat-nhan-divic","7":"product_cat-he-divic-plus-nhan-divic","8":"product_tag-cua-di-mo-quay","9":"product_tag-he-divic-plus","11":"first","12":"instock","13":"shipping-taxable","14":"product-type-simple"},"yoast_head":"<!-- This site is optimized with the Yoast SEO plugin v24.9 - https:\/\/yoast.com\/wordpress\/plugins\/seo\/ -->\n<title>C\u1eeda \u0111i m\u1edf quay - C\u00d4NG TY TNHH ALUMINUM VI\u1ec6T ECO<\/title>\n<meta name=\"description\" content=\"H\u1ec7 DIVIC plus - c\u1eeda \u0111i m\u1edf quay c\u00f3 th\u1ec3 m\u1edf g\u00f3c g\u1ea7n 180 \u0111\u1ed9, s\u1eed d\u1ee5ng h\u1ec7 th\u1ed1ng ch\u1ed1t \u0111a \u0111i\u1ec3m v\u00e0 h\u1ec7 gio\u0103ng k\u00e9p. khi \u0111\u00f3ng c\u1eeda h\u1ec7 th\u1ed1ng ch\u1ed1t \u0111a \u0111i\u1ec3m s\u1ebd \u00e9p ch\u1eb7t khu\u00f4n c\u1eeda v\u00e0 khung c\u00e1nh v\u1edbi nhau t\u1ea1o \u0111\u1ed9 k\u00edn kh\u00edt v\u00e0 kh\u1ea3 n\u0103ng c\u00e1ch \u00e2m, c\u00e1ch nhi\u1ec7t cao.\" \/>\n<meta name=\"robots\" content=\"index, follow, max-snippet:-1, max-image-preview:large, max-video-preview:-1\" \/>\n<link rel=\"canonical\" href=\"https:\/\/vieteco.com\/en\/product\/cua-di-mo-quay-divic-plus\/\" \/>\n<meta property=\"og:locale\" content=\"en_US\" \/>\n<meta property=\"og:type\" content=\"article\" \/>\n<meta property=\"og:title\" content=\"C\u1eeda \u0111i m\u1edf quay - C\u00d4NG TY TNHH ALUMINUM VI\u1ec6T ECO\" \/>\n<meta property=\"og:description\" content=\"H\u1ec7 DIVIC plus - c\u1eeda \u0111i m\u1edf quay c\u00f3 th\u1ec3 m\u1edf g\u00f3c g\u1ea7n 180 \u0111\u1ed9, s\u1eed d\u1ee5ng h\u1ec7 th\u1ed1ng ch\u1ed1t \u0111a \u0111i\u1ec3m v\u00e0 h\u1ec7 gio\u0103ng k\u00e9p. khi \u0111\u00f3ng c\u1eeda h\u1ec7 th\u1ed1ng ch\u1ed1t \u0111a \u0111i\u1ec3m s\u1ebd \u00e9p ch\u1eb7t khu\u00f4n c\u1eeda v\u00e0 khung c\u00e1nh v\u1edbi nhau t\u1ea1o \u0111\u1ed9 k\u00edn kh\u00edt v\u00e0 kh\u1ea3 n\u0103ng c\u00e1ch \u00e2m, c\u00e1ch nhi\u1ec7t cao.\" \/>\n<meta property=\"og:url\" content=\"https:\/\/vieteco.com\/en\/product\/cua-di-mo-quay-divic-plus\/\" \/>\n<meta property=\"og:site_name\" content=\"C\u00d4NG TY TNHH ALUMINUM VI\u1ec6T ECO\" \/>\n<meta property=\"article:modified_time\" content=\"2025-02-07T10:27:00+00:00\" \/>\n<meta property=\"og:image\" content=\"https:\/\/vieteco.com\/wp-content\/uploads\/2024\/06\/2-1.jpg\" \/>\n\t<meta property=\"og:image:width\" content=\"1946\" \/>\n\t<meta property=\"og:image:height\" content=\"1946\" \/>\n\t<meta property=\"og:image:type\" content=\"image\/jpeg\" \/>\n<meta name=\"twitter:card\" content=\"summary_large_image\" \/>\n<meta name=\"twitter:label1\" content=\"Est. reading time\" \/>\n\t<meta name=\"twitter:data1\" content=\"3 minutes\" \/>\n<script type=\"application\/ld+json\" class=\"yoast-schema-graph\">{\"@context\":\"https:\/\/schema.org\",\"@graph\":[{\"@type\":\"WebPage\",\"@id\":\"https:\/\/vieteco.com\/san-pham\/cua-di-mo-quay-divic-plus\/\",\"url\":\"https:\/\/vieteco.com\/san-pham\/cua-di-mo-quay-divic-plus\/\",\"name\":\"C\u1eeda \u0111i m\u1edf quay - C\u00d4NG TY TNHH ALUMINUM VI\u1ec6T ECO\",\"isPartOf\":{\"@id\":\"https:\/\/vieteco.com\/#website\"},\"primaryImageOfPage\":{\"@id\":\"https:\/\/vieteco.com\/san-pham\/cua-di-mo-quay-divic-plus\/#primaryimage\"},\"image\":{\"@id\":\"https:\/\/vieteco.com\/san-pham\/cua-di-mo-quay-divic-plus\/#primaryimage\"},\"thumbnailUrl\":\"https:\/\/vieteco.com\/wp-content\/uploads\/2024\/06\/2-1.jpg\",\"datePublished\":\"2024-06-29T08:07:09+00:00\",\"dateModified\":\"2025-02-07T10:27:00+00:00\",\"description\":\"H\u1ec7 DIVIC plus - c\u1eeda \u0111i m\u1edf quay c\u00f3 th\u1ec3 m\u1edf g\u00f3c g\u1ea7n 180 \u0111\u1ed9, s\u1eed d\u1ee5ng h\u1ec7 th\u1ed1ng ch\u1ed1t \u0111a \u0111i\u1ec3m v\u00e0 h\u1ec7 gio\u0103ng k\u00e9p. khi \u0111\u00f3ng c\u1eeda h\u1ec7 th\u1ed1ng ch\u1ed1t \u0111a \u0111i\u1ec3m s\u1ebd \u00e9p ch\u1eb7t khu\u00f4n c\u1eeda v\u00e0 khung c\u00e1nh v\u1edbi nhau t\u1ea1o \u0111\u1ed9 k\u00edn kh\u00edt v\u00e0 kh\u1ea3 n\u0103ng c\u00e1ch \u00e2m, c\u00e1ch nhi\u1ec7t cao.\",\"breadcrumb\":{\"@id\":\"https:\/\/vieteco.com\/san-pham\/cua-di-mo-quay-divic-plus\/#breadcrumb\"},\"inLanguage\":\"en-US\",\"potentialAction\":[{\"@type\":\"ReadAction\",\"target\":[\"https:\/\/vieteco.com\/san-pham\/cua-di-mo-quay-divic-plus\/\"]}]},{\"@type\":\"ImageObject\",\"inLanguage\":\"en-US\",\"@id\":\"https:\/\/vieteco.com\/san-pham\/cua-di-mo-quay-divic-plus\/#primaryimage\",\"url\":\"https:\/\/vieteco.com\/wp-content\/uploads\/2024\/06\/2-1.jpg\",\"contentUrl\":\"https:\/\/vieteco.com\/wp-content\/uploads\/2024\/06\/2-1.jpg\",\"width\":1946,\"height\":1946},{\"@type\":\"BreadcrumbList\",\"@id\":\"https:\/\/vieteco.com\/san-pham\/cua-di-mo-quay-divic-plus\/#breadcrumb\",\"itemListElement\":[{\"@type\":\"ListItem\",\"position\":1,\"name\":\"Home\",\"item\":\"https:\/\/vieteco.com\/\"},{\"@type\":\"ListItem\",\"position\":2,\"name\":\"Shop\",\"item\":\"https:\/\/vieteco.com\/shop\/\"},{\"@type\":\"ListItem\",\"position\":3,\"name\":\"C\u1eeda \u0111i m\u1edf quay\"}]},{\"@type\":\"WebSite\",\"@id\":\"https:\/\/vieteco.com\/#website\",\"url\":\"https:\/\/vieteco.com\/\",\"name\":\"C\u00d4NG TY TNHH ALUMINUM VI\u1ec6T ECO\",\"description\":\"\",\"publisher\":{\"@id\":\"https:\/\/vieteco.com\/#organization\"},\"potentialAction\":[{\"@type\":\"SearchAction\",\"target\":{\"@type\":\"EntryPoint\",\"urlTemplate\":\"https:\/\/vieteco.com\/?s={search_term_string}\"},\"query-input\":{\"@type\":\"PropertyValueSpecification\",\"valueRequired\":true,\"valueName\":\"search_term_string\"}}],\"inLanguage\":\"en-US\"},{\"@type\":\"Organization\",\"@id\":\"https:\/\/vieteco.com\/#organization\",\"name\":\"C\u00d4NG TY TNHH ALUMINUM VI\u1ec6T ECO\",\"url\":\"https:\/\/vieteco.com\/\",\"logo\":{\"@type\":\"ImageObject\",\"inLanguage\":\"en-US\",\"@id\":\"https:\/\/vieteco.com\/#\/schema\/logo\/image\/\",\"url\":\"https:\/\/vieteco.com\/wp-content\/uploads\/2025\/05\/cropped-Logo-VEC-doc-scaled-1.png\",\"contentUrl\":\"https:\/\/vieteco.com\/wp-content\/uploads\/2025\/05\/cropped-Logo-VEC-doc-scaled-1.png\",\"width\":512,\"height\":512,\"caption\":\"C\u00d4NG TY TNHH ALUMINUM VI\u1ec6T ECO\"},\"image\":{\"@id\":\"https:\/\/vieteco.com\/#\/schema\/logo\/image\/\"}}]}<\/script>\n<!-- \/ Yoast SEO plugin. -->","yoast_head_json":{"title":"C\u1eeda \u0111i m\u1edf quay - C\u00d4NG TY TNHH ALUMINUM VI\u1ec6T ECO","description":"H\u1ec7 DIVIC plus - c\u1eeda \u0111i m\u1edf quay c\u00f3 th\u1ec3 m\u1edf g\u00f3c g\u1ea7n 180 \u0111\u1ed9, s\u1eed d\u1ee5ng h\u1ec7 th\u1ed1ng ch\u1ed1t \u0111a \u0111i\u1ec3m v\u00e0 h\u1ec7 gio\u0103ng k\u00e9p. khi \u0111\u00f3ng c\u1eeda h\u1ec7 th\u1ed1ng ch\u1ed1t \u0111a \u0111i\u1ec3m s\u1ebd \u00e9p ch\u1eb7t khu\u00f4n c\u1eeda v\u00e0 khung c\u00e1nh v\u1edbi nhau t\u1ea1o \u0111\u1ed9 k\u00edn kh\u00edt v\u00e0 kh\u1ea3 n\u0103ng c\u00e1ch \u00e2m, c\u00e1ch nhi\u1ec7t cao.","robots":{"index":"index","follow":"follow","max-snippet":"max-snippet:-1","max-image-preview":"max-image-preview:large","max-video-preview":"max-video-preview:-1"},"canonical":"https:\/\/vieteco.com\/en\/product\/cua-di-mo-quay-divic-plus\/","og_locale":"en_US","og_type":"article","og_title":"C\u1eeda \u0111i m\u1edf quay - C\u00d4NG TY TNHH ALUMINUM VI\u1ec6T ECO","og_description":"H\u1ec7 DIVIC plus - c\u1eeda \u0111i m\u1edf quay c\u00f3 th\u1ec3 m\u1edf g\u00f3c g\u1ea7n 180 \u0111\u1ed9, s\u1eed d\u1ee5ng h\u1ec7 th\u1ed1ng ch\u1ed1t \u0111a \u0111i\u1ec3m v\u00e0 h\u1ec7 gio\u0103ng k\u00e9p. khi \u0111\u00f3ng c\u1eeda h\u1ec7 th\u1ed1ng ch\u1ed1t \u0111a \u0111i\u1ec3m s\u1ebd \u00e9p ch\u1eb7t khu\u00f4n c\u1eeda v\u00e0 khung c\u00e1nh v\u1edbi nhau t\u1ea1o \u0111\u1ed9 k\u00edn kh\u00edt v\u00e0 kh\u1ea3 n\u0103ng c\u00e1ch \u00e2m, c\u00e1ch nhi\u1ec7t cao.","og_url":"https:\/\/vieteco.com\/en\/product\/cua-di-mo-quay-divic-plus\/","og_site_name":"C\u00d4NG TY TNHH ALUMINUM VI\u1ec6T ECO","article_modified_time":"2025-02-07T10:27:00+00:00","og_image":[{"width":1946,"height":1946,"url":"https:\/\/vieteco.com\/wp-content\/uploads\/2024\/06\/2-1.jpg","type":"image\/jpeg"}],"twitter_card":"summary_large_image","twitter_misc":{"Est. reading time":"3 minutes"},"schema":{"@context":"https:\/\/schema.org","@graph":[{"@type":"WebPage","@id":"https:\/\/vieteco.com\/san-pham\/cua-di-mo-quay-divic-plus\/","url":"https:\/\/vieteco.com\/san-pham\/cua-di-mo-quay-divic-plus\/","name":"C\u1eeda \u0111i m\u1edf quay - C\u00d4NG TY TNHH ALUMINUM VI\u1ec6T ECO","isPartOf":{"@id":"https:\/\/vieteco.com\/#website"},"primaryImageOfPage":{"@id":"https:\/\/vieteco.com\/san-pham\/cua-di-mo-quay-divic-plus\/#primaryimage"},"image":{"@id":"https:\/\/vieteco.com\/san-pham\/cua-di-mo-quay-divic-plus\/#primaryimage"},"thumbnailUrl":"https:\/\/vieteco.com\/wp-content\/uploads\/2024\/06\/2-1.jpg","datePublished":"2024-06-29T08:07:09+00:00","dateModified":"2025-02-07T10:27:00+00:00","description":"H\u1ec7 DIVIC plus - c\u1eeda \u0111i m\u1edf quay c\u00f3 th\u1ec3 m\u1edf g\u00f3c g\u1ea7n 180 \u0111\u1ed9, s\u1eed d\u1ee5ng h\u1ec7 th\u1ed1ng ch\u1ed1t \u0111a \u0111i\u1ec3m v\u00e0 h\u1ec7 gio\u0103ng k\u00e9p. khi \u0111\u00f3ng c\u1eeda h\u1ec7 th\u1ed1ng ch\u1ed1t \u0111a \u0111i\u1ec3m s\u1ebd \u00e9p ch\u1eb7t khu\u00f4n c\u1eeda v\u00e0 khung c\u00e1nh v\u1edbi nhau t\u1ea1o \u0111\u1ed9 k\u00edn kh\u00edt v\u00e0 kh\u1ea3 n\u0103ng c\u00e1ch \u00e2m, c\u00e1ch nhi\u1ec7t cao.","breadcrumb":{"@id":"https:\/\/vieteco.com\/san-pham\/cua-di-mo-quay-divic-plus\/#breadcrumb"},"inLanguage":"en-US","potentialAction":[{"@type":"ReadAction","target":["https:\/\/vieteco.com\/san-pham\/cua-di-mo-quay-divic-plus\/"]}]},{"@type":"ImageObject","inLanguage":"en-US","@id":"https:\/\/vieteco.com\/san-pham\/cua-di-mo-quay-divic-plus\/#primaryimage","url":"https:\/\/vieteco.com\/wp-content\/uploads\/2024\/06\/2-1.jpg","contentUrl":"https:\/\/vieteco.com\/wp-content\/uploads\/2024\/06\/2-1.jpg","width":1946,"height":1946},{"@type":"BreadcrumbList","@id":"https:\/\/vieteco.com\/san-pham\/cua-di-mo-quay-divic-plus\/#breadcrumb","itemListElement":[{"@type":"ListItem","position":1,"name":"Home","item":"https:\/\/vieteco.com\/"},{"@type":"ListItem","position":2,"name":"Shop","item":"https:\/\/vieteco.com\/shop\/"},{"@type":"ListItem","position":3,"name":"C\u1eeda \u0111i m\u1edf quay"}]},{"@type":"WebSite","@id":"https:\/\/vieteco.com\/#website","url":"https:\/\/vieteco.com\/","name":"C\u00d4NG TY TNHH ALUMINUM VI\u1ec6T ECO","description":"","publisher":{"@id":"https:\/\/vieteco.com\/#organization"},"potentialAction":[{"@type":"SearchAction","target":{"@type":"EntryPoint","urlTemplate":"https:\/\/vieteco.com\/?s={search_term_string}"},"query-input":{"@type":"PropertyValueSpecification","valueRequired":true,"valueName":"search_term_string"}}],"inLanguage":"en-US"},{"@type":"Organization","@id":"https:\/\/vieteco.com\/#organization","name":"C\u00d4NG TY TNHH ALUMINUM VI\u1ec6T ECO","url":"https:\/\/vieteco.com\/","logo":{"@type":"ImageObject","inLanguage":"en-US","@id":"https:\/\/vieteco.com\/#\/schema\/logo\/image\/","url":"https:\/\/vieteco.com\/wp-content\/uploads\/2025\/05\/cropped-Logo-VEC-doc-scaled-1.png","contentUrl":"https:\/\/vieteco.com\/wp-content\/uploads\/2025\/05\/cropped-Logo-VEC-doc-scaled-1.png","width":512,"height":512,"caption":"C\u00d4NG TY TNHH ALUMINUM VI\u1ec6T ECO"},"image":{"@id":"https:\/\/vieteco.com\/#\/schema\/logo\/image\/"}}]}},"_links":{"self":[{"href":"https:\/\/vieteco.com\/en\/wp-json\/wp\/v2\/product\/1807","targetHints":{"allow":["GET"]}}],"collection":[{"href":"https:\/\/vieteco.com\/en\/wp-json\/wp\/v2\/product"}],"about":[{"href":"https:\/\/vieteco.com\/en\/wp-json\/wp\/v2\/types\/product"}],"replies":[{"embeddable":true,"href":"https:\/\/vieteco.com\/en\/wp-json\/wp\/v2\/comments?post=1807"}],"wp:featuredmedia":[{"embeddable":true,"href":"https:\/\/vieteco.com\/en\/wp-json\/wp\/v2\/media\/2493"}],"wp:attachment":[{"href":"https:\/\/vieteco.com\/en\/wp-json\/wp\/v2\/media?parent=1807"}],"wp:term":[{"taxonomy":"product_brand","embeddable":true,"href":"https:\/\/vieteco.com\/en\/wp-json\/wp\/v2\/product_brand?post=1807"},{"taxonomy":"product_cat","embeddable":true,"href":"https:\/\/vieteco.com\/en\/wp-json\/wp\/v2\/product_cat?post=1807"},{"taxonomy":"product_tag","embeddable":true,"href":"https:\/\/vieteco.com\/en\/wp-json\/wp\/v2\/product_tag?post=1807"}],"curies":[{"name":"wp","href":"https:\/\/api.w.org\/{rel}","templated":true}]}}