{"id":1806,"date":"2024-06-29T07:31:30","date_gmt":"2024-06-29T07:31:30","guid":{"rendered":"https:\/\/vieteco.com\/?post_type=product&#038;p=1806"},"modified":"2025-02-10T07:16:09","modified_gmt":"2025-02-10T07:16:09","slug":"he-vat-canh-55-cua-so-chien-thang-trading","status":"publish","type":"product","link":"https:\/\/vieteco.com\/en\/product\/he-vat-canh-55-cua-so-chien-thang-trading\/","title":{"rendered":"Bevel edge 55 System - Window"},"content":{"rendered":"<p>H\u1ec7 v\u00e1t c\u1ea1nh 55 c\u1eeda s\u1ed5 l\u00e0 m\u1ed9t trong nh\u1eefng gi\u1ea3i ph\u00e1p ti\u00ean ti\u1ebfn nh\u1ea5t hi\u1ec7n nay cho kh\u00f4ng gian s\u1ed1ng hi\u1ec7n \u0111\u1ea1i. \u0110\u01b0\u1ee3c thi\u1ebft k\u1ebf \u0111\u1eb7c bi\u1ec7t \u0111\u1ec3 mang l\u1ea1i s\u1ef1 ti\u1ec7n l\u1ee3i v\u00e0 \u0111\u1eb3ng c\u1ea5p, s\u1ea3n ph\u1ea9m n\u00e0y c\u1ee7a VietEco s\u1ebd l\u00e0 l\u1ef1a ch\u1ecdn ho\u00e0n h\u1ea3o cho nh\u1eefng ai \u0111ang t\u00ecm ki\u1ebfm s\u1ef1 ho\u00e0n h\u1ea3o cho c\u0103n nh\u00e0 c\u1ee7a m\u00ecnh.<\/p>\n<p><strong>\u01afu \u0111i\u1ec3m c\u1ee7a h\u1ec7 v\u00e1t c\u1ea1nh 55 c\u1eeda s\u1ed5:<\/strong><\/p>\n<p>\ud83d\udd36 C\u00e1c thanh profile nh\u00f4m \u0111\u1ea1t ti\u00eau chu\u1ea9n nh\u00f4m 6063-T5 ch\u1ea5t l\u01b0\u1ee3ng cao khi c\u00f3 kh\u1ea3 n\u0103ng ch\u1ed1ng ch\u1ecbu l\u1ef1c v\u00e0 ch\u1ed1ng r\u1ec9 s\u00e9t t\u1ed1t.<\/p>\n<p>\ud83d\udd36\u00a0C\u00f4ng ngh\u1ec7 gh\u00e9p g\u00f3c ti\u00ean ti\u1ebfn gi\u00fap t\u0103ng \u0111\u1ed9 b\u1ec1n, h\u1ea1n ch\u1ebf t\u1ed1i \u0111a ti\u1ebfng \u1ed3n t\u1eeb b\u00ean ngo\u00e0i mang l\u1ea1i kh\u00f4ng gian y\u00ean t\u0129nh v\u00e0 tho\u1ea3i m\u00e1i.<\/p>\n<p>\ud83d\udd36\u00a0H\u1ec7 v\u00e1t c\u1ea1nh 55 c\u00f3 \u0111\u1ed9 k\u00edn kh\u00edt tuy\u1ec7t, ch\u1ecbu n\u01b0\u1edbc t\u1ed1t, h\u1ea1n ch\u1ebf r\u00f2 r\u1ec9 n\u01b0\u1edbc v\u00e0o b\u00ean trong<\/p>\n<p>\ud83d\udd36\u00a0C\u1eeda c\u00f3 kh\u1ea3 n\u0103ng ch\u1ecbu l\u1ef1c t\u1ed1t, h\u1ea1n ch\u1ebf bi\u1ebfn d\u1ea1ng, xu\u1ed1ng c\u1ea5p<\/p>\n<p>\ud83d\udd36\u00a0H\u1ec7 th\u1ed1ng gio\u0103ng EPDM cao c\u1ea5p \u0111\u1ea3m b\u1ea3o \u0111\u1ed9 k\u00edn kh\u00edt tuy\u1ec7t \u0111\u1ed1i.<\/p>\n<p><strong>TH\u00d4NG S\u1ed0 K\u1ef8 THU\u1eacT<\/strong><\/p>\n<p>&nbsp;<\/p>\n<p><img loading=\"lazy\" decoding=\"async\" class=\"alignnone size-full wp-image-2559\" src=\"https:\/\/vieteco.com\/wp-content\/uploads\/2024\/06\/3-01.jpg\" alt=\"\" width=\"1094\" height=\"2516\" srcset=\"https:\/\/vieteco.com\/wp-content\/uploads\/2024\/06\/3-01.jpg 1094w, https:\/\/vieteco.com\/wp-content\/uploads\/2024\/06\/3-01-174x400.jpg 174w, https:\/\/vieteco.com\/wp-content\/uploads\/2024\/06\/3-01-445x1024.jpg 445w, https:\/\/vieteco.com\/wp-content\/uploads\/2024\/06\/3-01-196x450.jpg 196w, https:\/\/vieteco.com\/wp-content\/uploads\/2024\/06\/3-01-768x1766.jpg 768w, https:\/\/vieteco.com\/wp-content\/uploads\/2024\/06\/3-01-668x1536.jpg 668w, https:\/\/vieteco.com\/wp-content\/uploads\/2024\/06\/3-01-891x2048.jpg 891w, https:\/\/vieteco.com\/wp-content\/uploads\/2024\/06\/3-01-5x12.jpg 5w, https:\/\/vieteco.com\/wp-content\/uploads\/2024\/06\/3-01-510x1173.jpg 510w\" sizes=\"auto, (max-width: 1094px) 100vw, 1094px\" \/><\/p>","protected":false},"excerpt":{"rendered":"<p>Kh\u00f4ng ch\u1ec9 \u0111\u01b0\u1ee3c \u1ee9ng d\u1ee5ng trong c\u1eeda \u0111i, H\u1ec7 v\u00e1t c\u1ea1nh 55 c\u00f2n \u0111\u01b0\u1ee3c nhi\u1ec1u kh\u00e1ch h\u00e0ng l\u1ef1a ch\u1ecdn l\u1eafp \u0111\u1eb7t cho h\u1ec7 th\u1ed1ng c\u1eeda s\u1ed5. Thanh profile v\u1edbi c\u00e1c \u0111\u01b0\u1eddng v\u00e1t c\u1ea1nh t\u0103ng t\u00ednh th\u1ea9m m\u1ef9, h\u1ea1n ch\u1ebf t\u1ed1i \u0111a b\u1ee5i b\u1ea9n v\u00e0 n\u01b0\u1edbc b\u00e1m v\u00e0o c\u00e1c khe c\u1eeda gi\u00fap d\u1ec5 d\u00e0ng v\u1ec7 sinh. V\u1edbi m\u1ee9c gi\u00e1 th\u00e0nh h\u1ee3p l\u00fd, c\u1eeda \u0111\u01b0\u1ee3c s\u1eed d\u1ee5ng r\u1ed9ng kh\u1eafp cho c\u00e1c c\u00f4ng tr\u00ecnh nh\u00e0 d\u00e2n d\u1ee5ng, cao \u1ed1c v\u00e0 v\u0103n ph\u00f2ng.<\/p>\n<ul>\n<li>Th\u01b0\u01a1ng hi\u1ec7u: DIVIC<\/li>\n<li>M\u00e1c nh\u00f4m ti\u00eau chu\u1ea9n 6063:T5<\/li>\n<li>\u00c1p d\u1ee5ng ti\u00eau chu\u1ea9n xanh trong s\u1ea3n xu\u1ea5t \u0111\u1ea3m b\u1ea3o an to\u00e0n cho ng\u01b0\u1eddi s\u1ea3n xu\u1ea5t v\u00e0 ti\u00eau d\u00f9ng<\/li>\n<\/ul>","protected":false},"featured_media":2560,"comment_status":"open","ping_status":"closed","template":"","meta":[],"product_brand":[],"product_cat":[103,134],"product_tag":[157,176],"class_list":{"0":"post-1806","1":"product","2":"type-product","3":"status-publish","4":"has-post-thumbnail","6":"product_cat-nhan-divic","7":"product_cat-he-vat-canh-nhan-divic","8":"product_tag-cua-so","9":"product_tag-he-vat-canh-55","11":"first","12":"instock","13":"shipping-taxable","14":"product-type-simple"},"yoast_head":"<!-- This site is optimized with the Yoast SEO plugin v24.9 - https:\/\/yoast.com\/wordpress\/plugins\/seo\/ -->\n<title>H\u1ec7 v\u00e1t c\u1ea1nh 55 c\u1eeda s\u1ed5 - C\u00d4NG TY TNHH ALUMINUM VI\u1ec6T ECO<\/title>\n<meta name=\"description\" content=\"H\u1ec7 v\u00e1t c\u1ea1nh 55 c\u1eeda s\u1ed5 l\u00e0 m\u1ed9t trong nh\u1eefng gi\u1ea3i ph\u00e1p ti\u00ean ti\u1ebfn nh\u1ea5t hi\u1ec7n nay cho kh\u00f4ng gian s\u1ed1ng hi\u1ec7n \u0111\u1ea1i. V\u1edbi m\u1ee9c gi\u00e1 th\u00e0nh h\u1ee3p l\u00fd, c\u1ee7a \u0111\u01b0\u1ee3c s\u1eed d\u1ee5ng r\u1ed9ng kh\u1eafp cho c\u00e1c c\u00f4ng tr\u00ecnh nh\u00e0 d\u00e2n d\u1ee5ng, cao \u1ed1c v\u00e0 v\u0103n ph\u00f2ng.\" \/>\n<meta name=\"robots\" content=\"index, follow, max-snippet:-1, max-image-preview:large, max-video-preview:-1\" \/>\n<link rel=\"canonical\" href=\"https:\/\/vieteco.com\/en\/product\/he-vat-canh-55-cua-so-chien-thang-trading\/\" \/>\n<meta property=\"og:locale\" content=\"en_US\" \/>\n<meta property=\"og:type\" content=\"article\" \/>\n<meta property=\"og:title\" content=\"H\u1ec7 v\u00e1t c\u1ea1nh 55 c\u1eeda s\u1ed5 - C\u00d4NG TY TNHH ALUMINUM VI\u1ec6T ECO\" \/>\n<meta property=\"og:description\" content=\"H\u1ec7 v\u00e1t c\u1ea1nh 55 c\u1eeda s\u1ed5 l\u00e0 m\u1ed9t trong nh\u1eefng gi\u1ea3i ph\u00e1p ti\u00ean ti\u1ebfn nh\u1ea5t hi\u1ec7n nay cho kh\u00f4ng gian s\u1ed1ng hi\u1ec7n \u0111\u1ea1i. V\u1edbi m\u1ee9c gi\u00e1 th\u00e0nh h\u1ee3p l\u00fd, c\u1ee7a \u0111\u01b0\u1ee3c s\u1eed d\u1ee5ng r\u1ed9ng kh\u1eafp cho c\u00e1c c\u00f4ng tr\u00ecnh nh\u00e0 d\u00e2n d\u1ee5ng, cao \u1ed1c v\u00e0 v\u0103n ph\u00f2ng.\" \/>\n<meta property=\"og:url\" content=\"https:\/\/vieteco.com\/en\/product\/he-vat-canh-55-cua-so-chien-thang-trading\/\" \/>\n<meta property=\"og:site_name\" content=\"C\u00d4NG TY TNHH ALUMINUM VI\u1ec6T ECO\" \/>\n<meta property=\"article:modified_time\" content=\"2025-02-10T07:16:09+00:00\" \/>\n<meta property=\"og:image\" content=\"https:\/\/vieteco.com\/wp-content\/uploads\/2024\/06\/DSC00600-scaled-1.jpg\" \/>\n\t<meta property=\"og:image:width\" content=\"2560\" \/>\n\t<meta property=\"og:image:height\" content=\"1707\" \/>\n\t<meta property=\"og:image:type\" content=\"image\/jpeg\" \/>\n<meta name=\"twitter:card\" content=\"summary_large_image\" \/>\n<meta name=\"twitter:label1\" content=\"Est. reading time\" \/>\n\t<meta name=\"twitter:data1\" content=\"2 minutes\" \/>\n<script type=\"application\/ld+json\" class=\"yoast-schema-graph\">{\"@context\":\"https:\/\/schema.org\",\"@graph\":[{\"@type\":\"WebPage\",\"@id\":\"https:\/\/vieteco.com\/san-pham\/he-vat-canh-55-cua-so-chien-thang-trading\/\",\"url\":\"https:\/\/vieteco.com\/san-pham\/he-vat-canh-55-cua-so-chien-thang-trading\/\",\"name\":\"H\u1ec7 v\u00e1t c\u1ea1nh 55 c\u1eeda s\u1ed5 - C\u00d4NG TY TNHH ALUMINUM VI\u1ec6T ECO\",\"isPartOf\":{\"@id\":\"https:\/\/vieteco.com\/#website\"},\"primaryImageOfPage\":{\"@id\":\"https:\/\/vieteco.com\/san-pham\/he-vat-canh-55-cua-so-chien-thang-trading\/#primaryimage\"},\"image\":{\"@id\":\"https:\/\/vieteco.com\/san-pham\/he-vat-canh-55-cua-so-chien-thang-trading\/#primaryimage\"},\"thumbnailUrl\":\"https:\/\/vieteco.com\/wp-content\/uploads\/2024\/06\/DSC00600-scaled-1.jpg\",\"datePublished\":\"2024-06-29T07:31:30+00:00\",\"dateModified\":\"2025-02-10T07:16:09+00:00\",\"description\":\"H\u1ec7 v\u00e1t c\u1ea1nh 55 c\u1eeda s\u1ed5 l\u00e0 m\u1ed9t trong nh\u1eefng gi\u1ea3i ph\u00e1p ti\u00ean ti\u1ebfn nh\u1ea5t hi\u1ec7n nay cho kh\u00f4ng gian s\u1ed1ng hi\u1ec7n \u0111\u1ea1i. V\u1edbi m\u1ee9c gi\u00e1 th\u00e0nh h\u1ee3p l\u00fd, c\u1ee7a \u0111\u01b0\u1ee3c s\u1eed d\u1ee5ng r\u1ed9ng kh\u1eafp cho c\u00e1c c\u00f4ng tr\u00ecnh nh\u00e0 d\u00e2n d\u1ee5ng, cao \u1ed1c v\u00e0 v\u0103n ph\u00f2ng.\",\"breadcrumb\":{\"@id\":\"https:\/\/vieteco.com\/san-pham\/he-vat-canh-55-cua-so-chien-thang-trading\/#breadcrumb\"},\"inLanguage\":\"en-US\",\"potentialAction\":[{\"@type\":\"ReadAction\",\"target\":[\"https:\/\/vieteco.com\/san-pham\/he-vat-canh-55-cua-so-chien-thang-trading\/\"]}]},{\"@type\":\"ImageObject\",\"inLanguage\":\"en-US\",\"@id\":\"https:\/\/vieteco.com\/san-pham\/he-vat-canh-55-cua-so-chien-thang-trading\/#primaryimage\",\"url\":\"https:\/\/vieteco.com\/wp-content\/uploads\/2024\/06\/DSC00600-scaled-1.jpg\",\"contentUrl\":\"https:\/\/vieteco.com\/wp-content\/uploads\/2024\/06\/DSC00600-scaled-1.jpg\",\"width\":2560,\"height\":1707},{\"@type\":\"BreadcrumbList\",\"@id\":\"https:\/\/vieteco.com\/san-pham\/he-vat-canh-55-cua-so-chien-thang-trading\/#breadcrumb\",\"itemListElement\":[{\"@type\":\"ListItem\",\"position\":1,\"name\":\"Home\",\"item\":\"https:\/\/vieteco.com\/\"},{\"@type\":\"ListItem\",\"position\":2,\"name\":\"Shop\",\"item\":\"https:\/\/vieteco.com\/shop\/\"},{\"@type\":\"ListItem\",\"position\":3,\"name\":\"H\u1ec7 v\u00e1t c\u1ea1nh 55 c\u1eeda s\u1ed5\"}]},{\"@type\":\"WebSite\",\"@id\":\"https:\/\/vieteco.com\/#website\",\"url\":\"https:\/\/vieteco.com\/\",\"name\":\"C\u00d4NG TY TNHH ALUMINUM VI\u1ec6T ECO\",\"description\":\"\",\"publisher\":{\"@id\":\"https:\/\/vieteco.com\/#organization\"},\"potentialAction\":[{\"@type\":\"SearchAction\",\"target\":{\"@type\":\"EntryPoint\",\"urlTemplate\":\"https:\/\/vieteco.com\/?s={search_term_string}\"},\"query-input\":{\"@type\":\"PropertyValueSpecification\",\"valueRequired\":true,\"valueName\":\"search_term_string\"}}],\"inLanguage\":\"en-US\"},{\"@type\":\"Organization\",\"@id\":\"https:\/\/vieteco.com\/#organization\",\"name\":\"C\u00d4NG TY TNHH ALUMINUM VI\u1ec6T ECO\",\"url\":\"https:\/\/vieteco.com\/\",\"logo\":{\"@type\":\"ImageObject\",\"inLanguage\":\"en-US\",\"@id\":\"https:\/\/vieteco.com\/#\/schema\/logo\/image\/\",\"url\":\"https:\/\/vieteco.com\/wp-content\/uploads\/2025\/05\/cropped-Logo-VEC-doc-scaled-1.png\",\"contentUrl\":\"https:\/\/vieteco.com\/wp-content\/uploads\/2025\/05\/cropped-Logo-VEC-doc-scaled-1.png\",\"width\":512,\"height\":512,\"caption\":\"C\u00d4NG TY TNHH ALUMINUM VI\u1ec6T ECO\"},\"image\":{\"@id\":\"https:\/\/vieteco.com\/#\/schema\/logo\/image\/\"}}]}<\/script>\n<!-- \/ Yoast SEO plugin. -->","yoast_head_json":{"title":"H\u1ec7 v\u00e1t c\u1ea1nh 55 c\u1eeda s\u1ed5 - C\u00d4NG TY TNHH ALUMINUM VI\u1ec6T ECO","description":"H\u1ec7 v\u00e1t c\u1ea1nh 55 c\u1eeda s\u1ed5 l\u00e0 m\u1ed9t trong nh\u1eefng gi\u1ea3i ph\u00e1p ti\u00ean ti\u1ebfn nh\u1ea5t hi\u1ec7n nay cho kh\u00f4ng gian s\u1ed1ng hi\u1ec7n \u0111\u1ea1i. V\u1edbi m\u1ee9c gi\u00e1 th\u00e0nh h\u1ee3p l\u00fd, c\u1ee7a \u0111\u01b0\u1ee3c s\u1eed d\u1ee5ng r\u1ed9ng kh\u1eafp cho c\u00e1c c\u00f4ng tr\u00ecnh nh\u00e0 d\u00e2n d\u1ee5ng, cao \u1ed1c v\u00e0 v\u0103n ph\u00f2ng.","robots":{"index":"index","follow":"follow","max-snippet":"max-snippet:-1","max-image-preview":"max-image-preview:large","max-video-preview":"max-video-preview:-1"},"canonical":"https:\/\/vieteco.com\/en\/product\/he-vat-canh-55-cua-so-chien-thang-trading\/","og_locale":"en_US","og_type":"article","og_title":"H\u1ec7 v\u00e1t c\u1ea1nh 55 c\u1eeda s\u1ed5 - C\u00d4NG TY TNHH ALUMINUM VI\u1ec6T ECO","og_description":"H\u1ec7 v\u00e1t c\u1ea1nh 55 c\u1eeda s\u1ed5 l\u00e0 m\u1ed9t trong nh\u1eefng gi\u1ea3i ph\u00e1p ti\u00ean ti\u1ebfn nh\u1ea5t hi\u1ec7n nay cho kh\u00f4ng gian s\u1ed1ng hi\u1ec7n \u0111\u1ea1i. V\u1edbi m\u1ee9c gi\u00e1 th\u00e0nh h\u1ee3p l\u00fd, c\u1ee7a \u0111\u01b0\u1ee3c s\u1eed d\u1ee5ng r\u1ed9ng kh\u1eafp cho c\u00e1c c\u00f4ng tr\u00ecnh nh\u00e0 d\u00e2n d\u1ee5ng, cao \u1ed1c v\u00e0 v\u0103n ph\u00f2ng.","og_url":"https:\/\/vieteco.com\/en\/product\/he-vat-canh-55-cua-so-chien-thang-trading\/","og_site_name":"C\u00d4NG TY TNHH ALUMINUM VI\u1ec6T ECO","article_modified_time":"2025-02-10T07:16:09+00:00","og_image":[{"width":2560,"height":1707,"url":"https:\/\/vieteco.com\/wp-content\/uploads\/2024\/06\/DSC00600-scaled-1.jpg","type":"image\/jpeg"}],"twitter_card":"summary_large_image","twitter_misc":{"Est. reading time":"2 minutes"},"schema":{"@context":"https:\/\/schema.org","@graph":[{"@type":"WebPage","@id":"https:\/\/vieteco.com\/san-pham\/he-vat-canh-55-cua-so-chien-thang-trading\/","url":"https:\/\/vieteco.com\/san-pham\/he-vat-canh-55-cua-so-chien-thang-trading\/","name":"H\u1ec7 v\u00e1t c\u1ea1nh 55 c\u1eeda s\u1ed5 - C\u00d4NG TY TNHH ALUMINUM VI\u1ec6T ECO","isPartOf":{"@id":"https:\/\/vieteco.com\/#website"},"primaryImageOfPage":{"@id":"https:\/\/vieteco.com\/san-pham\/he-vat-canh-55-cua-so-chien-thang-trading\/#primaryimage"},"image":{"@id":"https:\/\/vieteco.com\/san-pham\/he-vat-canh-55-cua-so-chien-thang-trading\/#primaryimage"},"thumbnailUrl":"https:\/\/vieteco.com\/wp-content\/uploads\/2024\/06\/DSC00600-scaled-1.jpg","datePublished":"2024-06-29T07:31:30+00:00","dateModified":"2025-02-10T07:16:09+00:00","description":"H\u1ec7 v\u00e1t c\u1ea1nh 55 c\u1eeda s\u1ed5 l\u00e0 m\u1ed9t trong nh\u1eefng gi\u1ea3i ph\u00e1p ti\u00ean ti\u1ebfn nh\u1ea5t hi\u1ec7n nay cho kh\u00f4ng gian s\u1ed1ng hi\u1ec7n \u0111\u1ea1i. V\u1edbi m\u1ee9c gi\u00e1 th\u00e0nh h\u1ee3p l\u00fd, c\u1ee7a \u0111\u01b0\u1ee3c s\u1eed d\u1ee5ng r\u1ed9ng kh\u1eafp cho c\u00e1c c\u00f4ng tr\u00ecnh nh\u00e0 d\u00e2n d\u1ee5ng, cao \u1ed1c v\u00e0 v\u0103n ph\u00f2ng.","breadcrumb":{"@id":"https:\/\/vieteco.com\/san-pham\/he-vat-canh-55-cua-so-chien-thang-trading\/#breadcrumb"},"inLanguage":"en-US","potentialAction":[{"@type":"ReadAction","target":["https:\/\/vieteco.com\/san-pham\/he-vat-canh-55-cua-so-chien-thang-trading\/"]}]},{"@type":"ImageObject","inLanguage":"en-US","@id":"https:\/\/vieteco.com\/san-pham\/he-vat-canh-55-cua-so-chien-thang-trading\/#primaryimage","url":"https:\/\/vieteco.com\/wp-content\/uploads\/2024\/06\/DSC00600-scaled-1.jpg","contentUrl":"https:\/\/vieteco.com\/wp-content\/uploads\/2024\/06\/DSC00600-scaled-1.jpg","width":2560,"height":1707},{"@type":"BreadcrumbList","@id":"https:\/\/vieteco.com\/san-pham\/he-vat-canh-55-cua-so-chien-thang-trading\/#breadcrumb","itemListElement":[{"@type":"ListItem","position":1,"name":"Home","item":"https:\/\/vieteco.com\/"},{"@type":"ListItem","position":2,"name":"Shop","item":"https:\/\/vieteco.com\/shop\/"},{"@type":"ListItem","position":3,"name":"H\u1ec7 v\u00e1t c\u1ea1nh 55 c\u1eeda s\u1ed5"}]},{"@type":"WebSite","@id":"https:\/\/vieteco.com\/#website","url":"https:\/\/vieteco.com\/","name":"C\u00d4NG TY TNHH ALUMINUM VI\u1ec6T ECO","description":"","publisher":{"@id":"https:\/\/vieteco.com\/#organization"},"potentialAction":[{"@type":"SearchAction","target":{"@type":"EntryPoint","urlTemplate":"https:\/\/vieteco.com\/?s={search_term_string}"},"query-input":{"@type":"PropertyValueSpecification","valueRequired":true,"valueName":"search_term_string"}}],"inLanguage":"en-US"},{"@type":"Organization","@id":"https:\/\/vieteco.com\/#organization","name":"C\u00d4NG TY TNHH ALUMINUM VI\u1ec6T ECO","url":"https:\/\/vieteco.com\/","logo":{"@type":"ImageObject","inLanguage":"en-US","@id":"https:\/\/vieteco.com\/#\/schema\/logo\/image\/","url":"https:\/\/vieteco.com\/wp-content\/uploads\/2025\/05\/cropped-Logo-VEC-doc-scaled-1.png","contentUrl":"https:\/\/vieteco.com\/wp-content\/uploads\/2025\/05\/cropped-Logo-VEC-doc-scaled-1.png","width":512,"height":512,"caption":"C\u00d4NG TY TNHH ALUMINUM VI\u1ec6T ECO"},"image":{"@id":"https:\/\/vieteco.com\/#\/schema\/logo\/image\/"}}]}},"_links":{"self":[{"href":"https:\/\/vieteco.com\/en\/wp-json\/wp\/v2\/product\/1806","targetHints":{"allow":["GET"]}}],"collection":[{"href":"https:\/\/vieteco.com\/en\/wp-json\/wp\/v2\/product"}],"about":[{"href":"https:\/\/vieteco.com\/en\/wp-json\/wp\/v2\/types\/product"}],"replies":[{"embeddable":true,"href":"https:\/\/vieteco.com\/en\/wp-json\/wp\/v2\/comments?post=1806"}],"wp:featuredmedia":[{"embeddable":true,"href":"https:\/\/vieteco.com\/en\/wp-json\/wp\/v2\/media\/2560"}],"wp:attachment":[{"href":"https:\/\/vieteco.com\/en\/wp-json\/wp\/v2\/media?parent=1806"}],"wp:term":[{"taxonomy":"product_brand","embeddable":true,"href":"https:\/\/vieteco.com\/en\/wp-json\/wp\/v2\/product_brand?post=1806"},{"taxonomy":"product_cat","embeddable":true,"href":"https:\/\/vieteco.com\/en\/wp-json\/wp\/v2\/product_cat?post=1806"},{"taxonomy":"product_tag","embeddable":true,"href":"https:\/\/vieteco.com\/en\/wp-json\/wp\/v2\/product_tag?post=1806"}],"curies":[{"name":"wp","href":"https:\/\/api.w.org\/{rel}","templated":true}]}}