{"id":1805,"date":"2024-06-29T06:47:55","date_gmt":"2024-06-29T06:47:55","guid":{"rendered":"https:\/\/vieteco.com\/?post_type=product&#038;p=1805"},"modified":"2025-02-10T07:30:58","modified_gmt":"2025-02-10T07:30:58","slug":"he-vat-canh-55-cua-lua-chien-thang-trading","status":"publish","type":"product","link":"https:\/\/vieteco.com\/en\/product\/he-vat-canh-55-cua-lua-chien-thang-trading\/","title":{"rendered":"Bevel edge 55 System - Sliding door"},"content":{"rendered":"<p>H\u1ec7 v\u00e1t c\u1ea1nh 55 c\u1eeda l\u00f9a c\u00f3 nh\u1eefng <strong>\u01b0u \u0111i\u1ec3m n\u1ed5i b\u1eadt<\/strong> nh\u01b0:<\/p>\n<p>\ud83d\udd36 Thanh nh\u00f4m profile c\u00f3 \u0111\u1ed9 d\u00e0y linh ho\u1ea1t t\u1eeb 0.9mm \u0111\u1ebfn 1.4mm, \u0111\u00e1p \u1ee9ng \u0111a d\u1ea1ng cho nhi\u1ec1u lo\u1ea1i d\u1ef1 \u00e1n, c\u00f4ng tr\u00ecnh kh\u00e1c nhau.<\/p>\n<p>\ud83d\udd36\u00a0C\u00f4ng ngh\u1ec7 gh\u00e9p g\u00f3c ti\u00ean ti\u1ebfn gi\u00fap t\u0103ng \u0111\u1ed9 b\u1ec1n, h\u1ea1n ch\u1ebf t\u1ed1i \u0111a ti\u1ebfng \u1ed3n t\u1eeb b\u00ean ngo\u00e0i mang l\u1ea1i kh\u00f4ng gian y\u00ean t\u0129nh v\u00e0 tho\u1ea3i m\u00e1i.<\/p>\n<p>\ud83d\udd36\u00a0H\u1ec7 v\u00e1t c\u1ea1nh 55 c\u00f3 \u0111\u1ed9 k\u00edn kh\u00edt tuy\u1ec7t, ch\u1ecbu n\u01b0\u1edbc t\u1ed1t, h\u1ea1n ch\u1ebf r\u00f2 r\u1ec9 n\u01b0\u1edbc v\u00e0o b\u00ean trong<\/p>\n<p>\ud83d\udd36\u00a0C\u1eeda c\u00f3 kh\u1ea3 n\u0103ng ch\u1ecbu l\u1ef1c t\u1ed1t, h\u1ea1n ch\u1ebf bi\u1ebfn d\u1ea1ng, xu\u1ed1ng c\u1ea5p<\/p>\n<p>\ud83d\udd36 Gi\u1ea3m t\u1ea3i tr\u1ecdng c\u00f4ng tr\u00ecnh, gia c\u1ed1 \u0111\u1ed9 b\u1ec1n cho ki\u1ebfn tr\u00fac hi\u1ec7u qu\u1ea3<\/p>\n<p>\ud83d\udd36\u00a0C\u00f3 kh\u1ea3 n\u0103ng ch\u1ed1ng \u1ed3n v\u00e0 ch\u1ecbu nhi\u1ec7t t\u1ed1t<\/p>\n<p><strong>TH\u00d4NG S\u1ed0 K\u1ef8 THU\u1eacT<\/strong><\/p>\n<p>&nbsp;<\/p>\n<p>&nbsp;<\/p>\n<p><img loading=\"lazy\" decoding=\"async\" class=\"alignnone size-full wp-image-2565\" src=\"https:\/\/vieteco.com\/wp-content\/uploads\/2024\/06\/VC-55-cua-lua-2-scaled-1.jpg\" alt=\"\" width=\"1810\" height=\"2560\" srcset=\"https:\/\/vieteco.com\/wp-content\/uploads\/2024\/06\/VC-55-cua-lua-2-scaled-1.jpg 1810w, https:\/\/vieteco.com\/wp-content\/uploads\/2024\/06\/VC-55-cua-lua-2-scaled-1-283x400.jpg 283w, https:\/\/vieteco.com\/wp-content\/uploads\/2024\/06\/VC-55-cua-lua-2-scaled-1-724x1024.jpg 724w, https:\/\/vieteco.com\/wp-content\/uploads\/2024\/06\/VC-55-cua-lua-2-scaled-1-318x450.jpg 318w, https:\/\/vieteco.com\/wp-content\/uploads\/2024\/06\/VC-55-cua-lua-2-scaled-1-768x1086.jpg 768w, https:\/\/vieteco.com\/wp-content\/uploads\/2024\/06\/VC-55-cua-lua-2-scaled-1-1086x1536.jpg 1086w, https:\/\/vieteco.com\/wp-content\/uploads\/2024\/06\/VC-55-cua-lua-2-scaled-1-1448x2048.jpg 1448w, https:\/\/vieteco.com\/wp-content\/uploads\/2024\/06\/VC-55-cua-lua-2-scaled-1-8x12.jpg 8w, https:\/\/vieteco.com\/wp-content\/uploads\/2024\/06\/VC-55-cua-lua-2-scaled-1-510x721.jpg 510w\" sizes=\"auto, (max-width: 1810px) 100vw, 1810px\" \/> <img loading=\"lazy\" decoding=\"async\" class=\"alignnone size-full wp-image-2564\" src=\"https:\/\/vieteco.com\/wp-content\/uploads\/2024\/06\/1-7-scaled-1.jpg\" alt=\"\" width=\"1806\" height=\"2560\" srcset=\"https:\/\/vieteco.com\/wp-content\/uploads\/2024\/06\/1-7-scaled-1.jpg 1806w, https:\/\/vieteco.com\/wp-content\/uploads\/2024\/06\/1-7-scaled-1-282x400.jpg 282w, https:\/\/vieteco.com\/wp-content\/uploads\/2024\/06\/1-7-scaled-1-722x1024.jpg 722w, https:\/\/vieteco.com\/wp-content\/uploads\/2024\/06\/1-7-scaled-1-317x450.jpg 317w, https:\/\/vieteco.com\/wp-content\/uploads\/2024\/06\/1-7-scaled-1-768x1089.jpg 768w, https:\/\/vieteco.com\/wp-content\/uploads\/2024\/06\/1-7-scaled-1-1084x1536.jpg 1084w, https:\/\/vieteco.com\/wp-content\/uploads\/2024\/06\/1-7-scaled-1-1445x2048.jpg 1445w, https:\/\/vieteco.com\/wp-content\/uploads\/2024\/06\/1-7-scaled-1-8x12.jpg 8w, https:\/\/vieteco.com\/wp-content\/uploads\/2024\/06\/1-7-scaled-1-510x723.jpg 510w\" sizes=\"auto, (max-width: 1806px) 100vw, 1806px\" \/> <img loading=\"lazy\" decoding=\"async\" class=\"alignnone size-full wp-image-2563\" src=\"https:\/\/vieteco.com\/wp-content\/uploads\/2024\/06\/4-5-scaled-1.jpg\" alt=\"\" width=\"1808\" height=\"2560\" srcset=\"https:\/\/vieteco.com\/wp-content\/uploads\/2024\/06\/4-5-scaled-1.jpg 1808w, https:\/\/vieteco.com\/wp-content\/uploads\/2024\/06\/4-5-scaled-1-283x400.jpg 283w, https:\/\/vieteco.com\/wp-content\/uploads\/2024\/06\/4-5-scaled-1-723x1024.jpg 723w, https:\/\/vieteco.com\/wp-content\/uploads\/2024\/06\/4-5-scaled-1-318x450.jpg 318w, https:\/\/vieteco.com\/wp-content\/uploads\/2024\/06\/4-5-scaled-1-768x1087.jpg 768w, https:\/\/vieteco.com\/wp-content\/uploads\/2024\/06\/4-5-scaled-1-1085x1536.jpg 1085w, https:\/\/vieteco.com\/wp-content\/uploads\/2024\/06\/4-5-scaled-1-1446x2048.jpg 1446w, https:\/\/vieteco.com\/wp-content\/uploads\/2024\/06\/4-5-scaled-1-8x12.jpg 8w, https:\/\/vieteco.com\/wp-content\/uploads\/2024\/06\/4-5-scaled-1-510x722.jpg 510w\" sizes=\"auto, (max-width: 1808px) 100vw, 1808px\" \/> <img loading=\"lazy\" decoding=\"async\" class=\"alignnone size-full wp-image-2562\" src=\"https:\/\/vieteco.com\/wp-content\/uploads\/2024\/06\/5-4-scaled-1.jpg\" alt=\"\" width=\"1816\" height=\"2560\" srcset=\"https:\/\/vieteco.com\/wp-content\/uploads\/2024\/06\/5-4-scaled-1.jpg 1816w, https:\/\/vieteco.com\/wp-content\/uploads\/2024\/06\/5-4-scaled-1-284x400.jpg 284w, https:\/\/vieteco.com\/wp-content\/uploads\/2024\/06\/5-4-scaled-1-726x1024.jpg 726w, https:\/\/vieteco.com\/wp-content\/uploads\/2024\/06\/5-4-scaled-1-319x450.jpg 319w, https:\/\/vieteco.com\/wp-content\/uploads\/2024\/06\/5-4-scaled-1-768x1083.jpg 768w, https:\/\/vieteco.com\/wp-content\/uploads\/2024\/06\/5-4-scaled-1-1090x1536.jpg 1090w, https:\/\/vieteco.com\/wp-content\/uploads\/2024\/06\/5-4-scaled-1-1453x2048.jpg 1453w, https:\/\/vieteco.com\/wp-content\/uploads\/2024\/06\/5-4-scaled-1-9x12.jpg 9w, https:\/\/vieteco.com\/wp-content\/uploads\/2024\/06\/5-4-scaled-1-510x719.jpg 510w\" sizes=\"auto, (max-width: 1816px) 100vw, 1816px\" \/><\/p>","protected":false},"excerpt":{"rendered":"<p>The 55-sided beveled sliding door system is always in the top of the most favored products of Viet Eco Aluminum Factory. The door system is made up of 3 Profile trees with a diverse color palette. The door is not only harmonious between the details but also ensures performance and aesthetics. The outside of the aluminum bar is coated with electrostatic paint to protect the product from weather effects, corrosion and rust. In addition, the door can be combined with accessories such as: electric glass, smart lock...<\/p>\n<ul>\n<li>Th\u01b0\u01a1ng hi\u1ec7u: DIVIC<\/li>\n<li>m\u00e1c nh\u00f4m ti\u00eau chu\u1ea9n 6063:T5<\/li>\n<li>\u00c1p d\u1ee5ng ti\u00eau chu\u1ea9n xanh trong s\u1ea3n xu\u1ea5t \u0111\u1ea3m b\u1ea3o an to\u00e0n cho ng\u01b0\u1eddi s\u1ea3n xu\u1ea5t v\u00e0 ti\u00eau d\u00f9ng<\/li>\n<\/ul>","protected":false},"featured_media":2566,"comment_status":"open","ping_status":"closed","template":"","meta":[],"product_brand":[],"product_cat":[103,134],"product_tag":[155,154,176],"class_list":{"0":"post-1805","1":"product","2":"type-product","3":"status-publish","4":"has-post-thumbnail","6":"product_cat-nhan-divic","7":"product_cat-he-vat-canh-nhan-divic","8":"product_tag-chien-thang-trading","9":"product_tag-cua-lua","10":"product_tag-he-vat-canh-55","12":"first","13":"instock","14":"shipping-taxable","15":"product-type-simple"},"yoast_head":"<!-- This site is optimized with the Yoast SEO plugin v24.9 - https:\/\/yoast.com\/wordpress\/plugins\/seo\/ -->\n<title>H\u1ec7 v\u00e1t c\u1ea1nh 55 c\u1eeda l\u00f9a - C\u00d4NG TY TNHH ALUMINUM VI\u1ec6T ECO<\/title>\n<meta name=\"description\" content=\"H\u1ec7 v\u00e1t c\u1ea1nh 55 c\u1eeda l\u00f9a lu\u00f4n n\u1eb1m trong top c\u00e1c s\u1ea3n ph\u1ea9m \u0111\u01b0\u1ee3c \u01b0a chu\u1ed9ng nh\u1ea5t c\u1ee7a Chi\u1ebfn Th\u1eafng. C\u1eeda kh\u00f4ng ch\u1ec9 l\u00e0 h\u00e0i h\u00f2a gi\u1eefa c\u00e1c chi ti\u1ebft m\u00e0 c\u00f2n \u0111\u1ea3m b\u1ea3o v\u1ec7 hi\u1ec7u su\u1ea5t v\u00e0 t\u00ednh th\u1ea9m m\u1ef9. B\u00ean ngo\u00e0i thanh nh\u00f4m \u0111\u01b0\u1ee3c ph\u1ee7 l\u1edbp s\u01a1n t\u0129nh \u0111i\u1ec7n b\u1ea3o v\u1ec7 s\u1ea3n ph\u1ea9m tr\u01b0\u1edbc nh\u1eefng t\u00e1c \u0111\u1ed9ng th\u1eddi ti\u1ebft, ch\u1ed1ng \u0103n m\u00f2n v\u00e0 hoen g\u1ec9.\" \/>\n<meta name=\"robots\" content=\"index, follow, max-snippet:-1, max-image-preview:large, max-video-preview:-1\" \/>\n<link rel=\"canonical\" href=\"https:\/\/vieteco.com\/en\/product\/he-vat-canh-55-cua-lua-chien-thang-trading\/\" \/>\n<meta property=\"og:locale\" content=\"en_US\" \/>\n<meta property=\"og:type\" content=\"article\" \/>\n<meta property=\"og:title\" content=\"H\u1ec7 v\u00e1t c\u1ea1nh 55 c\u1eeda l\u00f9a - C\u00d4NG TY TNHH ALUMINUM VI\u1ec6T ECO\" \/>\n<meta property=\"og:description\" content=\"H\u1ec7 v\u00e1t c\u1ea1nh 55 c\u1eeda l\u00f9a lu\u00f4n n\u1eb1m trong top c\u00e1c s\u1ea3n ph\u1ea9m \u0111\u01b0\u1ee3c \u01b0a chu\u1ed9ng nh\u1ea5t c\u1ee7a Chi\u1ebfn Th\u1eafng. C\u1eeda kh\u00f4ng ch\u1ec9 l\u00e0 h\u00e0i h\u00f2a gi\u1eefa c\u00e1c chi ti\u1ebft m\u00e0 c\u00f2n \u0111\u1ea3m b\u1ea3o v\u1ec7 hi\u1ec7u su\u1ea5t v\u00e0 t\u00ednh th\u1ea9m m\u1ef9. B\u00ean ngo\u00e0i thanh nh\u00f4m \u0111\u01b0\u1ee3c ph\u1ee7 l\u1edbp s\u01a1n t\u0129nh \u0111i\u1ec7n b\u1ea3o v\u1ec7 s\u1ea3n ph\u1ea9m tr\u01b0\u1edbc nh\u1eefng t\u00e1c \u0111\u1ed9ng th\u1eddi ti\u1ebft, ch\u1ed1ng \u0103n m\u00f2n v\u00e0 hoen g\u1ec9.\" \/>\n<meta property=\"og:url\" content=\"https:\/\/vieteco.com\/en\/product\/he-vat-canh-55-cua-lua-chien-thang-trading\/\" \/>\n<meta property=\"og:site_name\" content=\"C\u00d4NG TY TNHH ALUMINUM VI\u1ec6T ECO\" \/>\n<meta property=\"article:modified_time\" content=\"2025-02-10T07:30:58+00:00\" \/>\n<meta property=\"og:image\" content=\"https:\/\/vieteco.com\/wp-content\/uploads\/2024\/06\/VC-55-cua-lua.jpg\" \/>\n\t<meta property=\"og:image:width\" content=\"2051\" \/>\n\t<meta property=\"og:image:height\" content=\"2051\" \/>\n\t<meta property=\"og:image:type\" content=\"image\/jpeg\" \/>\n<meta name=\"twitter:card\" content=\"summary_large_image\" \/>\n<meta name=\"twitter:label1\" content=\"Est. reading time\" \/>\n\t<meta name=\"twitter:data1\" content=\"2 minutes\" \/>\n<script type=\"application\/ld+json\" class=\"yoast-schema-graph\">{\"@context\":\"https:\/\/schema.org\",\"@graph\":[{\"@type\":\"WebPage\",\"@id\":\"https:\/\/vieteco.com\/san-pham\/he-vat-canh-55-cua-lua-chien-thang-trading\/\",\"url\":\"https:\/\/vieteco.com\/san-pham\/he-vat-canh-55-cua-lua-chien-thang-trading\/\",\"name\":\"H\u1ec7 v\u00e1t c\u1ea1nh 55 c\u1eeda l\u00f9a - C\u00d4NG TY TNHH ALUMINUM VI\u1ec6T ECO\",\"isPartOf\":{\"@id\":\"https:\/\/vieteco.com\/#website\"},\"primaryImageOfPage\":{\"@id\":\"https:\/\/vieteco.com\/san-pham\/he-vat-canh-55-cua-lua-chien-thang-trading\/#primaryimage\"},\"image\":{\"@id\":\"https:\/\/vieteco.com\/san-pham\/he-vat-canh-55-cua-lua-chien-thang-trading\/#primaryimage\"},\"thumbnailUrl\":\"https:\/\/vieteco.com\/wp-content\/uploads\/2024\/06\/VC-55-cua-lua.jpg\",\"datePublished\":\"2024-06-29T06:47:55+00:00\",\"dateModified\":\"2025-02-10T07:30:58+00:00\",\"description\":\"H\u1ec7 v\u00e1t c\u1ea1nh 55 c\u1eeda l\u00f9a lu\u00f4n n\u1eb1m trong top c\u00e1c s\u1ea3n ph\u1ea9m \u0111\u01b0\u1ee3c \u01b0a chu\u1ed9ng nh\u1ea5t c\u1ee7a Chi\u1ebfn Th\u1eafng. C\u1eeda kh\u00f4ng ch\u1ec9 l\u00e0 h\u00e0i h\u00f2a gi\u1eefa c\u00e1c chi ti\u1ebft m\u00e0 c\u00f2n \u0111\u1ea3m b\u1ea3o v\u1ec7 hi\u1ec7u su\u1ea5t v\u00e0 t\u00ednh th\u1ea9m m\u1ef9. B\u00ean ngo\u00e0i thanh nh\u00f4m \u0111\u01b0\u1ee3c ph\u1ee7 l\u1edbp s\u01a1n t\u0129nh \u0111i\u1ec7n b\u1ea3o v\u1ec7 s\u1ea3n ph\u1ea9m tr\u01b0\u1edbc nh\u1eefng t\u00e1c \u0111\u1ed9ng th\u1eddi ti\u1ebft, ch\u1ed1ng \u0103n m\u00f2n v\u00e0 hoen g\u1ec9.\",\"breadcrumb\":{\"@id\":\"https:\/\/vieteco.com\/san-pham\/he-vat-canh-55-cua-lua-chien-thang-trading\/#breadcrumb\"},\"inLanguage\":\"en-US\",\"potentialAction\":[{\"@type\":\"ReadAction\",\"target\":[\"https:\/\/vieteco.com\/san-pham\/he-vat-canh-55-cua-lua-chien-thang-trading\/\"]}]},{\"@type\":\"ImageObject\",\"inLanguage\":\"en-US\",\"@id\":\"https:\/\/vieteco.com\/san-pham\/he-vat-canh-55-cua-lua-chien-thang-trading\/#primaryimage\",\"url\":\"https:\/\/vieteco.com\/wp-content\/uploads\/2024\/06\/VC-55-cua-lua.jpg\",\"contentUrl\":\"https:\/\/vieteco.com\/wp-content\/uploads\/2024\/06\/VC-55-cua-lua.jpg\",\"width\":2051,\"height\":2051},{\"@type\":\"BreadcrumbList\",\"@id\":\"https:\/\/vieteco.com\/san-pham\/he-vat-canh-55-cua-lua-chien-thang-trading\/#breadcrumb\",\"itemListElement\":[{\"@type\":\"ListItem\",\"position\":1,\"name\":\"Home\",\"item\":\"https:\/\/vieteco.com\/\"},{\"@type\":\"ListItem\",\"position\":2,\"name\":\"Shop\",\"item\":\"https:\/\/vieteco.com\/shop\/\"},{\"@type\":\"ListItem\",\"position\":3,\"name\":\"H\u1ec7 v\u00e1t c\u1ea1nh 55 c\u1eeda l\u00f9a\"}]},{\"@type\":\"WebSite\",\"@id\":\"https:\/\/vieteco.com\/#website\",\"url\":\"https:\/\/vieteco.com\/\",\"name\":\"C\u00d4NG TY TNHH ALUMINUM VI\u1ec6T ECO\",\"description\":\"\",\"publisher\":{\"@id\":\"https:\/\/vieteco.com\/#organization\"},\"potentialAction\":[{\"@type\":\"SearchAction\",\"target\":{\"@type\":\"EntryPoint\",\"urlTemplate\":\"https:\/\/vieteco.com\/?s={search_term_string}\"},\"query-input\":{\"@type\":\"PropertyValueSpecification\",\"valueRequired\":true,\"valueName\":\"search_term_string\"}}],\"inLanguage\":\"en-US\"},{\"@type\":\"Organization\",\"@id\":\"https:\/\/vieteco.com\/#organization\",\"name\":\"C\u00d4NG TY TNHH ALUMINUM VI\u1ec6T ECO\",\"url\":\"https:\/\/vieteco.com\/\",\"logo\":{\"@type\":\"ImageObject\",\"inLanguage\":\"en-US\",\"@id\":\"https:\/\/vieteco.com\/#\/schema\/logo\/image\/\",\"url\":\"https:\/\/vieteco.com\/wp-content\/uploads\/2025\/05\/cropped-Logo-VEC-doc-scaled-1.png\",\"contentUrl\":\"https:\/\/vieteco.com\/wp-content\/uploads\/2025\/05\/cropped-Logo-VEC-doc-scaled-1.png\",\"width\":512,\"height\":512,\"caption\":\"C\u00d4NG TY TNHH ALUMINUM VI\u1ec6T ECO\"},\"image\":{\"@id\":\"https:\/\/vieteco.com\/#\/schema\/logo\/image\/\"}}]}<\/script>\n<!-- \/ Yoast SEO plugin. -->","yoast_head_json":{"title":"H\u1ec7 v\u00e1t c\u1ea1nh 55 c\u1eeda l\u00f9a - C\u00d4NG TY TNHH ALUMINUM VI\u1ec6T ECO","description":"H\u1ec7 v\u00e1t c\u1ea1nh 55 c\u1eeda l\u00f9a lu\u00f4n n\u1eb1m trong top c\u00e1c s\u1ea3n ph\u1ea9m \u0111\u01b0\u1ee3c \u01b0a chu\u1ed9ng nh\u1ea5t c\u1ee7a Chi\u1ebfn Th\u1eafng. C\u1eeda kh\u00f4ng ch\u1ec9 l\u00e0 h\u00e0i h\u00f2a gi\u1eefa c\u00e1c chi ti\u1ebft m\u00e0 c\u00f2n \u0111\u1ea3m b\u1ea3o v\u1ec7 hi\u1ec7u su\u1ea5t v\u00e0 t\u00ednh th\u1ea9m m\u1ef9. B\u00ean ngo\u00e0i thanh nh\u00f4m \u0111\u01b0\u1ee3c ph\u1ee7 l\u1edbp s\u01a1n t\u0129nh \u0111i\u1ec7n b\u1ea3o v\u1ec7 s\u1ea3n ph\u1ea9m tr\u01b0\u1edbc nh\u1eefng t\u00e1c \u0111\u1ed9ng th\u1eddi ti\u1ebft, ch\u1ed1ng \u0103n m\u00f2n v\u00e0 hoen g\u1ec9.","robots":{"index":"index","follow":"follow","max-snippet":"max-snippet:-1","max-image-preview":"max-image-preview:large","max-video-preview":"max-video-preview:-1"},"canonical":"https:\/\/vieteco.com\/en\/product\/he-vat-canh-55-cua-lua-chien-thang-trading\/","og_locale":"en_US","og_type":"article","og_title":"H\u1ec7 v\u00e1t c\u1ea1nh 55 c\u1eeda l\u00f9a - C\u00d4NG TY TNHH ALUMINUM VI\u1ec6T ECO","og_description":"H\u1ec7 v\u00e1t c\u1ea1nh 55 c\u1eeda l\u00f9a lu\u00f4n n\u1eb1m trong top c\u00e1c s\u1ea3n ph\u1ea9m \u0111\u01b0\u1ee3c \u01b0a chu\u1ed9ng nh\u1ea5t c\u1ee7a Chi\u1ebfn Th\u1eafng. C\u1eeda kh\u00f4ng ch\u1ec9 l\u00e0 h\u00e0i h\u00f2a gi\u1eefa c\u00e1c chi ti\u1ebft m\u00e0 c\u00f2n \u0111\u1ea3m b\u1ea3o v\u1ec7 hi\u1ec7u su\u1ea5t v\u00e0 t\u00ednh th\u1ea9m m\u1ef9. B\u00ean ngo\u00e0i thanh nh\u00f4m \u0111\u01b0\u1ee3c ph\u1ee7 l\u1edbp s\u01a1n t\u0129nh \u0111i\u1ec7n b\u1ea3o v\u1ec7 s\u1ea3n ph\u1ea9m tr\u01b0\u1edbc nh\u1eefng t\u00e1c \u0111\u1ed9ng th\u1eddi ti\u1ebft, ch\u1ed1ng \u0103n m\u00f2n v\u00e0 hoen g\u1ec9.","og_url":"https:\/\/vieteco.com\/en\/product\/he-vat-canh-55-cua-lua-chien-thang-trading\/","og_site_name":"C\u00d4NG TY TNHH ALUMINUM VI\u1ec6T ECO","article_modified_time":"2025-02-10T07:30:58+00:00","og_image":[{"width":2051,"height":2051,"url":"https:\/\/vieteco.com\/wp-content\/uploads\/2024\/06\/VC-55-cua-lua.jpg","type":"image\/jpeg"}],"twitter_card":"summary_large_image","twitter_misc":{"Est. reading time":"2 minutes"},"schema":{"@context":"https:\/\/schema.org","@graph":[{"@type":"WebPage","@id":"https:\/\/vieteco.com\/san-pham\/he-vat-canh-55-cua-lua-chien-thang-trading\/","url":"https:\/\/vieteco.com\/san-pham\/he-vat-canh-55-cua-lua-chien-thang-trading\/","name":"H\u1ec7 v\u00e1t c\u1ea1nh 55 c\u1eeda l\u00f9a - C\u00d4NG TY TNHH ALUMINUM VI\u1ec6T ECO","isPartOf":{"@id":"https:\/\/vieteco.com\/#website"},"primaryImageOfPage":{"@id":"https:\/\/vieteco.com\/san-pham\/he-vat-canh-55-cua-lua-chien-thang-trading\/#primaryimage"},"image":{"@id":"https:\/\/vieteco.com\/san-pham\/he-vat-canh-55-cua-lua-chien-thang-trading\/#primaryimage"},"thumbnailUrl":"https:\/\/vieteco.com\/wp-content\/uploads\/2024\/06\/VC-55-cua-lua.jpg","datePublished":"2024-06-29T06:47:55+00:00","dateModified":"2025-02-10T07:30:58+00:00","description":"H\u1ec7 v\u00e1t c\u1ea1nh 55 c\u1eeda l\u00f9a lu\u00f4n n\u1eb1m trong top c\u00e1c s\u1ea3n ph\u1ea9m \u0111\u01b0\u1ee3c \u01b0a chu\u1ed9ng nh\u1ea5t c\u1ee7a Chi\u1ebfn Th\u1eafng. C\u1eeda kh\u00f4ng ch\u1ec9 l\u00e0 h\u00e0i h\u00f2a gi\u1eefa c\u00e1c chi ti\u1ebft m\u00e0 c\u00f2n \u0111\u1ea3m b\u1ea3o v\u1ec7 hi\u1ec7u su\u1ea5t v\u00e0 t\u00ednh th\u1ea9m m\u1ef9. B\u00ean ngo\u00e0i thanh nh\u00f4m \u0111\u01b0\u1ee3c ph\u1ee7 l\u1edbp s\u01a1n t\u0129nh \u0111i\u1ec7n b\u1ea3o v\u1ec7 s\u1ea3n ph\u1ea9m tr\u01b0\u1edbc nh\u1eefng t\u00e1c \u0111\u1ed9ng th\u1eddi ti\u1ebft, ch\u1ed1ng \u0103n m\u00f2n v\u00e0 hoen g\u1ec9.","breadcrumb":{"@id":"https:\/\/vieteco.com\/san-pham\/he-vat-canh-55-cua-lua-chien-thang-trading\/#breadcrumb"},"inLanguage":"en-US","potentialAction":[{"@type":"ReadAction","target":["https:\/\/vieteco.com\/san-pham\/he-vat-canh-55-cua-lua-chien-thang-trading\/"]}]},{"@type":"ImageObject","inLanguage":"en-US","@id":"https:\/\/vieteco.com\/san-pham\/he-vat-canh-55-cua-lua-chien-thang-trading\/#primaryimage","url":"https:\/\/vieteco.com\/wp-content\/uploads\/2024\/06\/VC-55-cua-lua.jpg","contentUrl":"https:\/\/vieteco.com\/wp-content\/uploads\/2024\/06\/VC-55-cua-lua.jpg","width":2051,"height":2051},{"@type":"BreadcrumbList","@id":"https:\/\/vieteco.com\/san-pham\/he-vat-canh-55-cua-lua-chien-thang-trading\/#breadcrumb","itemListElement":[{"@type":"ListItem","position":1,"name":"Home","item":"https:\/\/vieteco.com\/"},{"@type":"ListItem","position":2,"name":"Shop","item":"https:\/\/vieteco.com\/shop\/"},{"@type":"ListItem","position":3,"name":"H\u1ec7 v\u00e1t c\u1ea1nh 55 c\u1eeda l\u00f9a"}]},{"@type":"WebSite","@id":"https:\/\/vieteco.com\/#website","url":"https:\/\/vieteco.com\/","name":"C\u00d4NG TY TNHH ALUMINUM VI\u1ec6T ECO","description":"","publisher":{"@id":"https:\/\/vieteco.com\/#organization"},"potentialAction":[{"@type":"SearchAction","target":{"@type":"EntryPoint","urlTemplate":"https:\/\/vieteco.com\/?s={search_term_string}"},"query-input":{"@type":"PropertyValueSpecification","valueRequired":true,"valueName":"search_term_string"}}],"inLanguage":"en-US"},{"@type":"Organization","@id":"https:\/\/vieteco.com\/#organization","name":"C\u00d4NG TY TNHH ALUMINUM VI\u1ec6T ECO","url":"https:\/\/vieteco.com\/","logo":{"@type":"ImageObject","inLanguage":"en-US","@id":"https:\/\/vieteco.com\/#\/schema\/logo\/image\/","url":"https:\/\/vieteco.com\/wp-content\/uploads\/2025\/05\/cropped-Logo-VEC-doc-scaled-1.png","contentUrl":"https:\/\/vieteco.com\/wp-content\/uploads\/2025\/05\/cropped-Logo-VEC-doc-scaled-1.png","width":512,"height":512,"caption":"C\u00d4NG TY TNHH ALUMINUM VI\u1ec6T ECO"},"image":{"@id":"https:\/\/vieteco.com\/#\/schema\/logo\/image\/"}}]}},"_links":{"self":[{"href":"https:\/\/vieteco.com\/en\/wp-json\/wp\/v2\/product\/1805","targetHints":{"allow":["GET"]}}],"collection":[{"href":"https:\/\/vieteco.com\/en\/wp-json\/wp\/v2\/product"}],"about":[{"href":"https:\/\/vieteco.com\/en\/wp-json\/wp\/v2\/types\/product"}],"replies":[{"embeddable":true,"href":"https:\/\/vieteco.com\/en\/wp-json\/wp\/v2\/comments?post=1805"}],"wp:featuredmedia":[{"embeddable":true,"href":"https:\/\/vieteco.com\/en\/wp-json\/wp\/v2\/media\/2566"}],"wp:attachment":[{"href":"https:\/\/vieteco.com\/en\/wp-json\/wp\/v2\/media?parent=1805"}],"wp:term":[{"taxonomy":"product_brand","embeddable":true,"href":"https:\/\/vieteco.com\/en\/wp-json\/wp\/v2\/product_brand?post=1805"},{"taxonomy":"product_cat","embeddable":true,"href":"https:\/\/vieteco.com\/en\/wp-json\/wp\/v2\/product_cat?post=1805"},{"taxonomy":"product_tag","embeddable":true,"href":"https:\/\/vieteco.com\/en\/wp-json\/wp\/v2\/product_tag?post=1805"}],"curies":[{"name":"wp","href":"https:\/\/api.w.org\/{rel}","templated":true}]}}