{"id":1804,"date":"2024-06-29T04:46:11","date_gmt":"2024-06-29T04:46:11","guid":{"rendered":"https:\/\/vieteco.com\/?post_type=product&#038;p=1804"},"modified":"2025-02-10T07:35:09","modified_gmt":"2025-02-10T07:35:09","slug":"1804","status":"publish","type":"product","link":"https:\/\/vieteco.com\/en\/product\/1804\/","title":{"rendered":"Xingfa Sliding 87 System"},"content":{"rendered":"<p>Xingfa 87 sliding door system is the perfect choice to optimize living space with a slim, light design, smooth and quiet operation while still ensuring sturdiness.<\/p>\n<p><img loading=\"lazy\" decoding=\"async\" class=\"alignnone size-full wp-image-2567\" src=\"https:\/\/vieteco.com\/wp-content\/uploads\/2024\/06\/3-4-scaled-1.jpg\" alt=\"\" width=\"1810\" height=\"2560\" srcset=\"https:\/\/vieteco.com\/wp-content\/uploads\/2024\/06\/3-4-scaled-1.jpg 1810w, https:\/\/vieteco.com\/wp-content\/uploads\/2024\/06\/3-4-scaled-1-283x400.jpg 283w, https:\/\/vieteco.com\/wp-content\/uploads\/2024\/06\/3-4-scaled-1-724x1024.jpg 724w, https:\/\/vieteco.com\/wp-content\/uploads\/2024\/06\/3-4-scaled-1-318x450.jpg 318w, https:\/\/vieteco.com\/wp-content\/uploads\/2024\/06\/3-4-scaled-1-768x1086.jpg 768w, https:\/\/vieteco.com\/wp-content\/uploads\/2024\/06\/3-4-scaled-1-1086x1536.jpg 1086w, https:\/\/vieteco.com\/wp-content\/uploads\/2024\/06\/3-4-scaled-1-1448x2048.jpg 1448w, https:\/\/vieteco.com\/wp-content\/uploads\/2024\/06\/3-4-scaled-1-8x12.jpg 8w, https:\/\/vieteco.com\/wp-content\/uploads\/2024\/06\/3-4-scaled-1-510x721.jpg 510w\" sizes=\"auto, (max-width: 1810px) 100vw, 1810px\" \/><img loading=\"lazy\" decoding=\"async\" class=\"alignnone size-full wp-image-2568\" src=\"https:\/\/vieteco.com\/wp-content\/uploads\/2024\/06\/1-5-scaled-1.jpg\" alt=\"\" width=\"1813\" height=\"2560\" srcset=\"https:\/\/vieteco.com\/wp-content\/uploads\/2024\/06\/1-5-scaled-1.jpg 1813w, https:\/\/vieteco.com\/wp-content\/uploads\/2024\/06\/1-5-scaled-1-283x400.jpg 283w, https:\/\/vieteco.com\/wp-content\/uploads\/2024\/06\/1-5-scaled-1-725x1024.jpg 725w, https:\/\/vieteco.com\/wp-content\/uploads\/2024\/06\/1-5-scaled-1-319x450.jpg 319w, https:\/\/vieteco.com\/wp-content\/uploads\/2024\/06\/1-5-scaled-1-768x1084.jpg 768w, https:\/\/vieteco.com\/wp-content\/uploads\/2024\/06\/1-5-scaled-1-1088x1536.jpg 1088w, https:\/\/vieteco.com\/wp-content\/uploads\/2024\/06\/1-5-scaled-1-1450x2048.jpg 1450w, https:\/\/vieteco.com\/wp-content\/uploads\/2024\/06\/1-5-scaled-1-8x12.jpg 8w, https:\/\/vieteco.com\/wp-content\/uploads\/2024\/06\/1-5-scaled-1-510x720.jpg 510w\" sizes=\"auto, (max-width: 1813px) 100vw, 1813px\" \/><\/p>\n<p>&nbsp;<\/p>","protected":false},"excerpt":{"rendered":"<p>Xingfa 87 sliding door system is the perfect choice to optimize living space with a slim, light design, smooth and quiet operation while still ensuring sturdiness.<\/p>","protected":false},"featured_media":2569,"comment_status":"open","ping_status":"closed","template":"","meta":[],"product_brand":[],"product_cat":[77],"product_tag":[167],"class_list":{"0":"post-1804","1":"product","2":"type-product","3":"status-publish","4":"has-post-thumbnail","6":"product_cat-he-xingfa-cua-lua-87","7":"product_tag-xingfa-lua","9":"first","10":"instock","11":"shipping-taxable","12":"product-type-simple"},"yoast_head":"<!-- This site is optimized with the Yoast SEO plugin v24.9 - https:\/\/yoast.com\/wordpress\/plugins\/seo\/ -->\n<title>H\u1ec7 Xingfa l\u00f9a 87 - Chi\u1ebfn Th\u1eafng Trading Vietnam<\/title>\n<meta name=\"description\" content=\"H\u1ec7 c\u1eeda Xingfa l\u00f9a 87 l\u00e0 s\u1ef1 l\u1ef1a ch\u1ecdn ho\u00e0n h\u1ea3o \u0111\u1ec3 t\u1ed1i \u01b0u kh\u00f4ng gian nh\u00e0 \u1edf v\u1edbi thi\u1ebft k\u1ebf m\u1ecfng nh\u1eb9, v\u1eadn h\u00e0nh \u00eam \u00e1i, tr\u01a1n tru m\u00e0 v\u1eabn \u0111\u1ea3m b\u1ea3o t\u00ednh ch\u1eafn ch\u1eafn.\" \/>\n<meta name=\"robots\" content=\"index, follow, max-snippet:-1, max-image-preview:large, max-video-preview:-1\" \/>\n<link rel=\"canonical\" href=\"https:\/\/vieteco.com\/en\/product\/1804\/\" \/>\n<meta property=\"og:locale\" content=\"en_US\" \/>\n<meta property=\"og:type\" content=\"article\" \/>\n<meta property=\"og:title\" content=\"H\u1ec7 Xingfa l\u00f9a 87 - Chi\u1ebfn Th\u1eafng Trading Vietnam\" \/>\n<meta property=\"og:description\" content=\"H\u1ec7 c\u1eeda Xingfa l\u00f9a 87 l\u00e0 s\u1ef1 l\u1ef1a ch\u1ecdn ho\u00e0n h\u1ea3o \u0111\u1ec3 t\u1ed1i \u01b0u kh\u00f4ng gian nh\u00e0 \u1edf v\u1edbi thi\u1ebft k\u1ebf m\u1ecfng nh\u1eb9, v\u1eadn h\u00e0nh \u00eam \u00e1i, tr\u01a1n tru m\u00e0 v\u1eabn \u0111\u1ea3m b\u1ea3o t\u00ednh ch\u1eafn ch\u1eafn.\" \/>\n<meta property=\"og:url\" content=\"https:\/\/vieteco.com\/en\/product\/1804\/\" \/>\n<meta property=\"og:site_name\" content=\"C\u00d4NG TY TNHH ALUMINUM VI\u1ec6T ECO\" \/>\n<meta property=\"article:modified_time\" content=\"2025-02-10T07:35:09+00:00\" \/>\n<meta property=\"og:image\" content=\"https:\/\/vieteco.com\/wp-content\/uploads\/2024\/06\/2-5.jpg\" \/>\n\t<meta property=\"og:image:width\" content=\"1732\" \/>\n\t<meta property=\"og:image:height\" content=\"1732\" \/>\n\t<meta property=\"og:image:type\" content=\"image\/jpeg\" \/>\n<meta name=\"twitter:card\" content=\"summary_large_image\" \/>\n<meta name=\"twitter:label1\" content=\"Est. reading time\" \/>\n\t<meta name=\"twitter:data1\" content=\"1 minute\" \/>\n<script type=\"application\/ld+json\" class=\"yoast-schema-graph\">{\"@context\":\"https:\/\/schema.org\",\"@graph\":[{\"@type\":\"WebPage\",\"@id\":\"https:\/\/vieteco.com\/san-pham\/1804\/\",\"url\":\"https:\/\/vieteco.com\/san-pham\/1804\/\",\"name\":\"H\u1ec7 Xingfa l\u00f9a 87 - Chi\u1ebfn Th\u1eafng Trading Vietnam\",\"isPartOf\":{\"@id\":\"https:\/\/vieteco.com\/#website\"},\"primaryImageOfPage\":{\"@id\":\"https:\/\/vieteco.com\/san-pham\/1804\/#primaryimage\"},\"image\":{\"@id\":\"https:\/\/vieteco.com\/san-pham\/1804\/#primaryimage\"},\"thumbnailUrl\":\"https:\/\/vieteco.com\/wp-content\/uploads\/2024\/06\/2-5.jpg\",\"datePublished\":\"2024-06-29T04:46:11+00:00\",\"dateModified\":\"2025-02-10T07:35:09+00:00\",\"description\":\"H\u1ec7 c\u1eeda Xingfa l\u00f9a 87 l\u00e0 s\u1ef1 l\u1ef1a ch\u1ecdn ho\u00e0n h\u1ea3o \u0111\u1ec3 t\u1ed1i \u01b0u kh\u00f4ng gian nh\u00e0 \u1edf v\u1edbi thi\u1ebft k\u1ebf m\u1ecfng nh\u1eb9, v\u1eadn h\u00e0nh \u00eam \u00e1i, tr\u01a1n tru m\u00e0 v\u1eabn \u0111\u1ea3m b\u1ea3o t\u00ednh ch\u1eafn ch\u1eafn.\",\"breadcrumb\":{\"@id\":\"https:\/\/vieteco.com\/san-pham\/1804\/#breadcrumb\"},\"inLanguage\":\"en-US\",\"potentialAction\":[{\"@type\":\"ReadAction\",\"target\":[\"https:\/\/vieteco.com\/san-pham\/1804\/\"]}]},{\"@type\":\"ImageObject\",\"inLanguage\":\"en-US\",\"@id\":\"https:\/\/vieteco.com\/san-pham\/1804\/#primaryimage\",\"url\":\"https:\/\/vieteco.com\/wp-content\/uploads\/2024\/06\/2-5.jpg\",\"contentUrl\":\"https:\/\/vieteco.com\/wp-content\/uploads\/2024\/06\/2-5.jpg\",\"width\":1732,\"height\":1732},{\"@type\":\"BreadcrumbList\",\"@id\":\"https:\/\/vieteco.com\/san-pham\/1804\/#breadcrumb\",\"itemListElement\":[{\"@type\":\"ListItem\",\"position\":1,\"name\":\"Home\",\"item\":\"https:\/\/vieteco.com\/\"},{\"@type\":\"ListItem\",\"position\":2,\"name\":\"Shop\",\"item\":\"https:\/\/vieteco.com\/shop\/\"},{\"@type\":\"ListItem\",\"position\":3,\"name\":\"H\u1ec7 Xingfa l\u00f9a 87\"}]},{\"@type\":\"WebSite\",\"@id\":\"https:\/\/vieteco.com\/#website\",\"url\":\"https:\/\/vieteco.com\/\",\"name\":\"C\u00d4NG TY TNHH ALUMINUM VI\u1ec6T ECO\",\"description\":\"\",\"publisher\":{\"@id\":\"https:\/\/vieteco.com\/#organization\"},\"potentialAction\":[{\"@type\":\"SearchAction\",\"target\":{\"@type\":\"EntryPoint\",\"urlTemplate\":\"https:\/\/vieteco.com\/?s={search_term_string}\"},\"query-input\":{\"@type\":\"PropertyValueSpecification\",\"valueRequired\":true,\"valueName\":\"search_term_string\"}}],\"inLanguage\":\"en-US\"},{\"@type\":\"Organization\",\"@id\":\"https:\/\/vieteco.com\/#organization\",\"name\":\"C\u00d4NG TY TNHH ALUMINUM VI\u1ec6T ECO\",\"url\":\"https:\/\/vieteco.com\/\",\"logo\":{\"@type\":\"ImageObject\",\"inLanguage\":\"en-US\",\"@id\":\"https:\/\/vieteco.com\/#\/schema\/logo\/image\/\",\"url\":\"https:\/\/vieteco.com\/wp-content\/uploads\/2025\/05\/cropped-Logo-VEC-doc-scaled-1.png\",\"contentUrl\":\"https:\/\/vieteco.com\/wp-content\/uploads\/2025\/05\/cropped-Logo-VEC-doc-scaled-1.png\",\"width\":512,\"height\":512,\"caption\":\"C\u00d4NG TY TNHH ALUMINUM VI\u1ec6T ECO\"},\"image\":{\"@id\":\"https:\/\/vieteco.com\/#\/schema\/logo\/image\/\"}}]}<\/script>\n<!-- \/ Yoast SEO plugin. -->","yoast_head_json":{"title":"H\u1ec7 Xingfa l\u00f9a 87 - Chi\u1ebfn Th\u1eafng Trading Vietnam","description":"H\u1ec7 c\u1eeda Xingfa l\u00f9a 87 l\u00e0 s\u1ef1 l\u1ef1a ch\u1ecdn ho\u00e0n h\u1ea3o \u0111\u1ec3 t\u1ed1i \u01b0u kh\u00f4ng gian nh\u00e0 \u1edf v\u1edbi thi\u1ebft k\u1ebf m\u1ecfng nh\u1eb9, v\u1eadn h\u00e0nh \u00eam \u00e1i, tr\u01a1n tru m\u00e0 v\u1eabn \u0111\u1ea3m b\u1ea3o t\u00ednh ch\u1eafn ch\u1eafn.","robots":{"index":"index","follow":"follow","max-snippet":"max-snippet:-1","max-image-preview":"max-image-preview:large","max-video-preview":"max-video-preview:-1"},"canonical":"https:\/\/vieteco.com\/en\/product\/1804\/","og_locale":"en_US","og_type":"article","og_title":"H\u1ec7 Xingfa l\u00f9a 87 - Chi\u1ebfn Th\u1eafng Trading Vietnam","og_description":"H\u1ec7 c\u1eeda Xingfa l\u00f9a 87 l\u00e0 s\u1ef1 l\u1ef1a ch\u1ecdn ho\u00e0n h\u1ea3o \u0111\u1ec3 t\u1ed1i \u01b0u kh\u00f4ng gian nh\u00e0 \u1edf v\u1edbi thi\u1ebft k\u1ebf m\u1ecfng nh\u1eb9, v\u1eadn h\u00e0nh \u00eam \u00e1i, tr\u01a1n tru m\u00e0 v\u1eabn \u0111\u1ea3m b\u1ea3o t\u00ednh ch\u1eafn ch\u1eafn.","og_url":"https:\/\/vieteco.com\/en\/product\/1804\/","og_site_name":"C\u00d4NG TY TNHH ALUMINUM VI\u1ec6T ECO","article_modified_time":"2025-02-10T07:35:09+00:00","og_image":[{"width":1732,"height":1732,"url":"https:\/\/vieteco.com\/wp-content\/uploads\/2024\/06\/2-5.jpg","type":"image\/jpeg"}],"twitter_card":"summary_large_image","twitter_misc":{"Est. reading time":"1 minute"},"schema":{"@context":"https:\/\/schema.org","@graph":[{"@type":"WebPage","@id":"https:\/\/vieteco.com\/san-pham\/1804\/","url":"https:\/\/vieteco.com\/san-pham\/1804\/","name":"H\u1ec7 Xingfa l\u00f9a 87 - Chi\u1ebfn Th\u1eafng Trading Vietnam","isPartOf":{"@id":"https:\/\/vieteco.com\/#website"},"primaryImageOfPage":{"@id":"https:\/\/vieteco.com\/san-pham\/1804\/#primaryimage"},"image":{"@id":"https:\/\/vieteco.com\/san-pham\/1804\/#primaryimage"},"thumbnailUrl":"https:\/\/vieteco.com\/wp-content\/uploads\/2024\/06\/2-5.jpg","datePublished":"2024-06-29T04:46:11+00:00","dateModified":"2025-02-10T07:35:09+00:00","description":"H\u1ec7 c\u1eeda Xingfa l\u00f9a 87 l\u00e0 s\u1ef1 l\u1ef1a ch\u1ecdn ho\u00e0n h\u1ea3o \u0111\u1ec3 t\u1ed1i \u01b0u kh\u00f4ng gian nh\u00e0 \u1edf v\u1edbi thi\u1ebft k\u1ebf m\u1ecfng nh\u1eb9, v\u1eadn h\u00e0nh \u00eam \u00e1i, tr\u01a1n tru m\u00e0 v\u1eabn \u0111\u1ea3m b\u1ea3o t\u00ednh ch\u1eafn ch\u1eafn.","breadcrumb":{"@id":"https:\/\/vieteco.com\/san-pham\/1804\/#breadcrumb"},"inLanguage":"en-US","potentialAction":[{"@type":"ReadAction","target":["https:\/\/vieteco.com\/san-pham\/1804\/"]}]},{"@type":"ImageObject","inLanguage":"en-US","@id":"https:\/\/vieteco.com\/san-pham\/1804\/#primaryimage","url":"https:\/\/vieteco.com\/wp-content\/uploads\/2024\/06\/2-5.jpg","contentUrl":"https:\/\/vieteco.com\/wp-content\/uploads\/2024\/06\/2-5.jpg","width":1732,"height":1732},{"@type":"BreadcrumbList","@id":"https:\/\/vieteco.com\/san-pham\/1804\/#breadcrumb","itemListElement":[{"@type":"ListItem","position":1,"name":"Home","item":"https:\/\/vieteco.com\/"},{"@type":"ListItem","position":2,"name":"Shop","item":"https:\/\/vieteco.com\/shop\/"},{"@type":"ListItem","position":3,"name":"H\u1ec7 Xingfa l\u00f9a 87"}]},{"@type":"WebSite","@id":"https:\/\/vieteco.com\/#website","url":"https:\/\/vieteco.com\/","name":"C\u00d4NG TY TNHH ALUMINUM VI\u1ec6T ECO","description":"","publisher":{"@id":"https:\/\/vieteco.com\/#organization"},"potentialAction":[{"@type":"SearchAction","target":{"@type":"EntryPoint","urlTemplate":"https:\/\/vieteco.com\/?s={search_term_string}"},"query-input":{"@type":"PropertyValueSpecification","valueRequired":true,"valueName":"search_term_string"}}],"inLanguage":"en-US"},{"@type":"Organization","@id":"https:\/\/vieteco.com\/#organization","name":"C\u00d4NG TY TNHH ALUMINUM VI\u1ec6T ECO","url":"https:\/\/vieteco.com\/","logo":{"@type":"ImageObject","inLanguage":"en-US","@id":"https:\/\/vieteco.com\/#\/schema\/logo\/image\/","url":"https:\/\/vieteco.com\/wp-content\/uploads\/2025\/05\/cropped-Logo-VEC-doc-scaled-1.png","contentUrl":"https:\/\/vieteco.com\/wp-content\/uploads\/2025\/05\/cropped-Logo-VEC-doc-scaled-1.png","width":512,"height":512,"caption":"C\u00d4NG TY TNHH ALUMINUM VI\u1ec6T ECO"},"image":{"@id":"https:\/\/vieteco.com\/#\/schema\/logo\/image\/"}}]}},"_links":{"self":[{"href":"https:\/\/vieteco.com\/en\/wp-json\/wp\/v2\/product\/1804","targetHints":{"allow":["GET"]}}],"collection":[{"href":"https:\/\/vieteco.com\/en\/wp-json\/wp\/v2\/product"}],"about":[{"href":"https:\/\/vieteco.com\/en\/wp-json\/wp\/v2\/types\/product"}],"replies":[{"embeddable":true,"href":"https:\/\/vieteco.com\/en\/wp-json\/wp\/v2\/comments?post=1804"}],"wp:featuredmedia":[{"embeddable":true,"href":"https:\/\/vieteco.com\/en\/wp-json\/wp\/v2\/media\/2569"}],"wp:attachment":[{"href":"https:\/\/vieteco.com\/en\/wp-json\/wp\/v2\/media?parent=1804"}],"wp:term":[{"taxonomy":"product_brand","embeddable":true,"href":"https:\/\/vieteco.com\/en\/wp-json\/wp\/v2\/product_brand?post=1804"},{"taxonomy":"product_cat","embeddable":true,"href":"https:\/\/vieteco.com\/en\/wp-json\/wp\/v2\/product_cat?post=1804"},{"taxonomy":"product_tag","embeddable":true,"href":"https:\/\/vieteco.com\/en\/wp-json\/wp\/v2\/product_tag?post=1804"}],"curies":[{"name":"wp","href":"https:\/\/api.w.org\/{rel}","templated":true}]}}