{"id":1803,"date":"2024-06-29T04:35:33","date_gmt":"2024-06-29T04:35:33","guid":{"rendered":"https:\/\/vieteco.com\/?post_type=product&#038;p=1803"},"modified":"2025-02-11T09:12:27","modified_gmt":"2025-02-11T09:12:27","slug":"he-divic-plus-lua-ray-inox","status":"publish","type":"product","link":"https:\/\/vieteco.com\/en\/product\/he-divic-plus-lua-ray-inox\/","title":{"rendered":"DIVIC PLUS system for Inox rail sliding door"},"content":{"rendered":"<p>\u2013 L\u00e0 h\u1ec7 c\u1eeda l\u00f9a 55 s\u1eed d\u1ee5ng r\u00e3nh C<\/p>\n<p>\u2013 V\u1eadn h\u00e0nh \u00eam \u00e1i v\u00e0 tr\u01a1n tru.<\/p>\n<p>\u2013 L\u1eafp \u0111\u01b0\u1ee3c cho nh\u1eefng kh\u00f4ng gian l\u1edbn v\u00e0 cao.<\/p>\n<p>\u2013 Ph\u1ee5 ki\u1ec7n c\u00f3 th\u1ec3 l\u1eafp \u0111a d\u1ea1ng c\u00e1c h\u00e3ng c\u00f3 tr\u00ean th\u1ecb tr\u01b0\u1eddng.<\/p>\n<p>\u2013 S\u1ed1 l\u01b0\u1ee3ng m\u00e3 c\u00e2y \u0111\u01b0\u1ee3c t\u1ed1i \u01b0u \u0111\u1ec3 gi\u1ea3m chi ph\u00ed.<\/p>\n<p><img loading=\"lazy\" decoding=\"async\" class=\"alignnone size-full wp-image-2669\" src=\"https:\/\/vieteco.com\/wp-content\/uploads\/2024\/06\/Divic-Plus-cua-lua-2-scaled-1.jpg\" alt=\"\" width=\"1810\" height=\"2560\" srcset=\"https:\/\/vieteco.com\/wp-content\/uploads\/2024\/06\/Divic-Plus-cua-lua-2-scaled-1.jpg 1810w, https:\/\/vieteco.com\/wp-content\/uploads\/2024\/06\/Divic-Plus-cua-lua-2-scaled-1-283x400.jpg 283w, https:\/\/vieteco.com\/wp-content\/uploads\/2024\/06\/Divic-Plus-cua-lua-2-scaled-1-724x1024.jpg 724w, https:\/\/vieteco.com\/wp-content\/uploads\/2024\/06\/Divic-Plus-cua-lua-2-scaled-1-318x450.jpg 318w, https:\/\/vieteco.com\/wp-content\/uploads\/2024\/06\/Divic-Plus-cua-lua-2-scaled-1-768x1086.jpg 768w, https:\/\/vieteco.com\/wp-content\/uploads\/2024\/06\/Divic-Plus-cua-lua-2-scaled-1-1086x1536.jpg 1086w, https:\/\/vieteco.com\/wp-content\/uploads\/2024\/06\/Divic-Plus-cua-lua-2-scaled-1-1448x2048.jpg 1448w, https:\/\/vieteco.com\/wp-content\/uploads\/2024\/06\/Divic-Plus-cua-lua-2-scaled-1-8x12.jpg 8w, https:\/\/vieteco.com\/wp-content\/uploads\/2024\/06\/Divic-Plus-cua-lua-2-scaled-1-510x721.jpg 510w\" sizes=\"auto, (max-width: 1810px) 100vw, 1810px\" \/> <img loading=\"lazy\" decoding=\"async\" class=\"alignnone size-full wp-image-2668\" src=\"https:\/\/vieteco.com\/wp-content\/uploads\/2024\/06\/1-scaled-1-1.jpg\" alt=\"\" width=\"1810\" height=\"2560\" srcset=\"https:\/\/vieteco.com\/wp-content\/uploads\/2024\/06\/1-scaled-1-1.jpg 1810w, https:\/\/vieteco.com\/wp-content\/uploads\/2024\/06\/1-scaled-1-1-283x400.jpg 283w, https:\/\/vieteco.com\/wp-content\/uploads\/2024\/06\/1-scaled-1-1-724x1024.jpg 724w, https:\/\/vieteco.com\/wp-content\/uploads\/2024\/06\/1-scaled-1-1-318x450.jpg 318w, https:\/\/vieteco.com\/wp-content\/uploads\/2024\/06\/1-scaled-1-1-768x1086.jpg 768w, https:\/\/vieteco.com\/wp-content\/uploads\/2024\/06\/1-scaled-1-1-1086x1536.jpg 1086w, https:\/\/vieteco.com\/wp-content\/uploads\/2024\/06\/1-scaled-1-1-1448x2048.jpg 1448w, https:\/\/vieteco.com\/wp-content\/uploads\/2024\/06\/1-scaled-1-1-8x12.jpg 8w, https:\/\/vieteco.com\/wp-content\/uploads\/2024\/06\/1-scaled-1-1-510x721.jpg 510w\" sizes=\"auto, (max-width: 1810px) 100vw, 1810px\" \/> <img loading=\"lazy\" decoding=\"async\" class=\"alignnone size-full wp-image-2667\" src=\"https:\/\/vieteco.com\/wp-content\/uploads\/2024\/06\/2-scaled-1-1.jpg\" alt=\"\" width=\"1810\" height=\"2560\" srcset=\"https:\/\/vieteco.com\/wp-content\/uploads\/2024\/06\/2-scaled-1-1.jpg 1810w, https:\/\/vieteco.com\/wp-content\/uploads\/2024\/06\/2-scaled-1-1-283x400.jpg 283w, https:\/\/vieteco.com\/wp-content\/uploads\/2024\/06\/2-scaled-1-1-724x1024.jpg 724w, https:\/\/vieteco.com\/wp-content\/uploads\/2024\/06\/2-scaled-1-1-318x450.jpg 318w, https:\/\/vieteco.com\/wp-content\/uploads\/2024\/06\/2-scaled-1-1-768x1086.jpg 768w, https:\/\/vieteco.com\/wp-content\/uploads\/2024\/06\/2-scaled-1-1-1086x1536.jpg 1086w, https:\/\/vieteco.com\/wp-content\/uploads\/2024\/06\/2-scaled-1-1-1448x2048.jpg 1448w, https:\/\/vieteco.com\/wp-content\/uploads\/2024\/06\/2-scaled-1-1-8x12.jpg 8w, https:\/\/vieteco.com\/wp-content\/uploads\/2024\/06\/2-scaled-1-1-510x721.jpg 510w\" sizes=\"auto, (max-width: 1810px) 100vw, 1810px\" \/><\/p>","protected":false},"excerpt":{"rendered":"<p>H\u1ec7 DIVIC plus \u2013 C\u1eeda l\u00f9a ray inox mang t\u00ednh \u0111\u1ed9t ph\u00e1 trong thi\u1ebft k\u1ebf v\u00e0 \u1ee9ng d\u1ee5ng, s\u1eed d\u1ee5ng r\u00e3nh C \u0111em l\u1ea1i s\u1ef1 t\u01b0\u01a1i m\u1edbi v\u00e0 d\u1ec5 l\u1eafp \u0111\u1eb7t cho m\u1ecdi kh\u00f4ng gian v\u00e0 ph\u00f9 h\u1ee3p v\u1edbi kinh t\u1ebf v\u1edbi m\u1ecdi \u0111\u1ed1i t\u01b0\u1ee3ng kh\u00e1ch h\u00e0ng. Kh\u00f4ng nh\u1eefng th\u1ebf h\u1ec7 c\u1eeda n\u00e0y c\u00f2n \u0111\u00e1p \u1ee9ng \u0111\u01b0\u1ee3c c\u00e1c y\u00eau c\u1ea7u kh\u1eaft khe m\u00e0 c\u00e1c ki\u1ebfn tr\u00fac s\u01b0 \u0111\u1eb7t ra nh\u01b0:\u00a0 V\u1eadn h\u00e0nh \u00eam \u00e1i tr\u01a1n tru, kh\u00f4.g g\u00e2y ra nh\u1eefng ti\u1ebfng lo\u1ea1t xo\u1ea1t nh\u01b0 h\u1ec7 55 tr\u01b0\u1edbc \u0111\u00e2y,\u00a0 L\u1eafp \u0111\u01b0\u1ee3c cho nh\u1eefng kh\u00f4ng gian l\u1edbn v\u00e0 cao, s\u1ed1 l\u01b0\u1ee3ng m\u00e3 c\u00e2y \u0111\u01b0\u1ee3c t\u1ed1i \u01b0u gi\u00fap gi\u1ea3m l\u01b0\u1ee3ng \u0111\u1ec1 x\u00ea t\u1eeb \u0111\u00f3 ng\u01b0\u1eddi th\u1ee3 c\u00f3 th\u1ec3 ti\u1ebft ki\u1ec7m 1 kho\u1ea3n ti\u1ec1n kh\u00f4ng nh\u1ecf<\/p>","protected":false},"featured_media":2670,"comment_status":"open","ping_status":"closed","template":"","meta":[],"product_brand":[],"product_cat":[47,151],"product_tag":[],"class_list":{"0":"post-1803","1":"product","2":"type-product","3":"status-publish","4":"has-post-thumbnail","6":"product_cat-nhan-pae","7":"product_cat-he-divic-plus","9":"first","10":"instock","11":"shipping-taxable","12":"product-type-simple"},"yoast_head":"<!-- This site is optimized with the Yoast SEO plugin v24.9 - https:\/\/yoast.com\/wordpress\/plugins\/seo\/ -->\n<title>H\u1ec7 DIVIC PLUS l\u00f9a ray inox - C\u00d4NG TY TNHH ALUMINUM VI\u1ec6T ECO<\/title>\n<meta name=\"description\" content=\"H\u1ec7 c\u1eeda Divic Plus l\u00f9a ray inox l\u00e0 h\u1ec7 c\u1eeda l\u00f9a ray cao c\u1ea5p c\u1ee7a Chi\u1ebfn Th\u1eafng v\u1edbi nh\u1eefng t\u00ednh n\u0103ng v\u00e0 \u01b0u \u0111i\u1ec3m v\u01b0\u1ee3t tr\u1ed9i.\" \/>\n<meta name=\"robots\" content=\"index, follow, max-snippet:-1, max-image-preview:large, max-video-preview:-1\" \/>\n<link rel=\"canonical\" href=\"https:\/\/vieteco.com\/en\/product\/he-divic-plus-lua-ray-inox\/\" \/>\n<meta property=\"og:locale\" content=\"en_US\" \/>\n<meta property=\"og:type\" content=\"article\" \/>\n<meta property=\"og:title\" content=\"H\u1ec7 DIVIC PLUS l\u00f9a ray inox - C\u00d4NG TY TNHH ALUMINUM VI\u1ec6T ECO\" \/>\n<meta property=\"og:description\" content=\"H\u1ec7 c\u1eeda Divic Plus l\u00f9a ray inox l\u00e0 h\u1ec7 c\u1eeda l\u00f9a ray cao c\u1ea5p c\u1ee7a Chi\u1ebfn Th\u1eafng v\u1edbi nh\u1eefng t\u00ednh n\u0103ng v\u00e0 \u01b0u \u0111i\u1ec3m v\u01b0\u1ee3t tr\u1ed9i.\" \/>\n<meta property=\"og:url\" content=\"https:\/\/vieteco.com\/en\/product\/he-divic-plus-lua-ray-inox\/\" \/>\n<meta property=\"og:site_name\" content=\"C\u00d4NG TY TNHH ALUMINUM VI\u1ec6T ECO\" \/>\n<meta property=\"article:modified_time\" content=\"2025-02-11T09:12:27+00:00\" \/>\n<meta property=\"og:image\" content=\"https:\/\/vieteco.com\/wp-content\/uploads\/2024\/06\/Divic-Plus-cua-lua.jpg\" \/>\n\t<meta property=\"og:image:width\" content=\"2192\" \/>\n\t<meta property=\"og:image:height\" content=\"2099\" \/>\n\t<meta property=\"og:image:type\" content=\"image\/jpeg\" \/>\n<meta name=\"twitter:card\" content=\"summary_large_image\" \/>\n<meta name=\"twitter:label1\" content=\"Est. reading time\" \/>\n\t<meta name=\"twitter:data1\" content=\"1 minute\" \/>\n<script type=\"application\/ld+json\" class=\"yoast-schema-graph\">{\"@context\":\"https:\/\/schema.org\",\"@graph\":[{\"@type\":\"WebPage\",\"@id\":\"https:\/\/vieteco.com\/san-pham\/he-divic-plus-lua-ray-inox\/\",\"url\":\"https:\/\/vieteco.com\/san-pham\/he-divic-plus-lua-ray-inox\/\",\"name\":\"H\u1ec7 DIVIC PLUS l\u00f9a ray inox - C\u00d4NG TY TNHH ALUMINUM VI\u1ec6T ECO\",\"isPartOf\":{\"@id\":\"https:\/\/vieteco.com\/#website\"},\"primaryImageOfPage\":{\"@id\":\"https:\/\/vieteco.com\/san-pham\/he-divic-plus-lua-ray-inox\/#primaryimage\"},\"image\":{\"@id\":\"https:\/\/vieteco.com\/san-pham\/he-divic-plus-lua-ray-inox\/#primaryimage\"},\"thumbnailUrl\":\"https:\/\/vieteco.com\/wp-content\/uploads\/2024\/06\/Divic-Plus-cua-lua.jpg\",\"datePublished\":\"2024-06-29T04:35:33+00:00\",\"dateModified\":\"2025-02-11T09:12:27+00:00\",\"description\":\"H\u1ec7 c\u1eeda Divic Plus l\u00f9a ray inox l\u00e0 h\u1ec7 c\u1eeda l\u00f9a ray cao c\u1ea5p c\u1ee7a Chi\u1ebfn Th\u1eafng v\u1edbi nh\u1eefng t\u00ednh n\u0103ng v\u00e0 \u01b0u \u0111i\u1ec3m v\u01b0\u1ee3t tr\u1ed9i.\",\"breadcrumb\":{\"@id\":\"https:\/\/vieteco.com\/san-pham\/he-divic-plus-lua-ray-inox\/#breadcrumb\"},\"inLanguage\":\"en-US\",\"potentialAction\":[{\"@type\":\"ReadAction\",\"target\":[\"https:\/\/vieteco.com\/san-pham\/he-divic-plus-lua-ray-inox\/\"]}]},{\"@type\":\"ImageObject\",\"inLanguage\":\"en-US\",\"@id\":\"https:\/\/vieteco.com\/san-pham\/he-divic-plus-lua-ray-inox\/#primaryimage\",\"url\":\"https:\/\/vieteco.com\/wp-content\/uploads\/2024\/06\/Divic-Plus-cua-lua.jpg\",\"contentUrl\":\"https:\/\/vieteco.com\/wp-content\/uploads\/2024\/06\/Divic-Plus-cua-lua.jpg\",\"width\":2192,\"height\":2099},{\"@type\":\"BreadcrumbList\",\"@id\":\"https:\/\/vieteco.com\/san-pham\/he-divic-plus-lua-ray-inox\/#breadcrumb\",\"itemListElement\":[{\"@type\":\"ListItem\",\"position\":1,\"name\":\"Home\",\"item\":\"https:\/\/vieteco.com\/\"},{\"@type\":\"ListItem\",\"position\":2,\"name\":\"Shop\",\"item\":\"https:\/\/vieteco.com\/shop\/\"},{\"@type\":\"ListItem\",\"position\":3,\"name\":\"H\u1ec7 DIVIC PLUS l\u00f9a ray inox\"}]},{\"@type\":\"WebSite\",\"@id\":\"https:\/\/vieteco.com\/#website\",\"url\":\"https:\/\/vieteco.com\/\",\"name\":\"C\u00d4NG TY TNHH ALUMINUM VI\u1ec6T ECO\",\"description\":\"\",\"publisher\":{\"@id\":\"https:\/\/vieteco.com\/#organization\"},\"potentialAction\":[{\"@type\":\"SearchAction\",\"target\":{\"@type\":\"EntryPoint\",\"urlTemplate\":\"https:\/\/vieteco.com\/?s={search_term_string}\"},\"query-input\":{\"@type\":\"PropertyValueSpecification\",\"valueRequired\":true,\"valueName\":\"search_term_string\"}}],\"inLanguage\":\"en-US\"},{\"@type\":\"Organization\",\"@id\":\"https:\/\/vieteco.com\/#organization\",\"name\":\"C\u00d4NG TY TNHH ALUMINUM VI\u1ec6T ECO\",\"url\":\"https:\/\/vieteco.com\/\",\"logo\":{\"@type\":\"ImageObject\",\"inLanguage\":\"en-US\",\"@id\":\"https:\/\/vieteco.com\/#\/schema\/logo\/image\/\",\"url\":\"https:\/\/vieteco.com\/wp-content\/uploads\/2025\/05\/cropped-Logo-VEC-doc-scaled-1.png\",\"contentUrl\":\"https:\/\/vieteco.com\/wp-content\/uploads\/2025\/05\/cropped-Logo-VEC-doc-scaled-1.png\",\"width\":512,\"height\":512,\"caption\":\"C\u00d4NG TY TNHH ALUMINUM VI\u1ec6T ECO\"},\"image\":{\"@id\":\"https:\/\/vieteco.com\/#\/schema\/logo\/image\/\"}}]}<\/script>\n<!-- \/ Yoast SEO plugin. -->","yoast_head_json":{"title":"H\u1ec7 DIVIC PLUS l\u00f9a ray inox - C\u00d4NG TY TNHH ALUMINUM VI\u1ec6T ECO","description":"H\u1ec7 c\u1eeda Divic Plus l\u00f9a ray inox l\u00e0 h\u1ec7 c\u1eeda l\u00f9a ray cao c\u1ea5p c\u1ee7a Chi\u1ebfn Th\u1eafng v\u1edbi nh\u1eefng t\u00ednh n\u0103ng v\u00e0 \u01b0u \u0111i\u1ec3m v\u01b0\u1ee3t tr\u1ed9i.","robots":{"index":"index","follow":"follow","max-snippet":"max-snippet:-1","max-image-preview":"max-image-preview:large","max-video-preview":"max-video-preview:-1"},"canonical":"https:\/\/vieteco.com\/en\/product\/he-divic-plus-lua-ray-inox\/","og_locale":"en_US","og_type":"article","og_title":"H\u1ec7 DIVIC PLUS l\u00f9a ray inox - C\u00d4NG TY TNHH ALUMINUM VI\u1ec6T ECO","og_description":"H\u1ec7 c\u1eeda Divic Plus l\u00f9a ray inox l\u00e0 h\u1ec7 c\u1eeda l\u00f9a ray cao c\u1ea5p c\u1ee7a Chi\u1ebfn Th\u1eafng v\u1edbi nh\u1eefng t\u00ednh n\u0103ng v\u00e0 \u01b0u \u0111i\u1ec3m v\u01b0\u1ee3t tr\u1ed9i.","og_url":"https:\/\/vieteco.com\/en\/product\/he-divic-plus-lua-ray-inox\/","og_site_name":"C\u00d4NG TY TNHH ALUMINUM VI\u1ec6T ECO","article_modified_time":"2025-02-11T09:12:27+00:00","og_image":[{"width":2192,"height":2099,"url":"https:\/\/vieteco.com\/wp-content\/uploads\/2024\/06\/Divic-Plus-cua-lua.jpg","type":"image\/jpeg"}],"twitter_card":"summary_large_image","twitter_misc":{"Est. reading time":"1 minute"},"schema":{"@context":"https:\/\/schema.org","@graph":[{"@type":"WebPage","@id":"https:\/\/vieteco.com\/san-pham\/he-divic-plus-lua-ray-inox\/","url":"https:\/\/vieteco.com\/san-pham\/he-divic-plus-lua-ray-inox\/","name":"H\u1ec7 DIVIC PLUS l\u00f9a ray inox - C\u00d4NG TY TNHH ALUMINUM VI\u1ec6T ECO","isPartOf":{"@id":"https:\/\/vieteco.com\/#website"},"primaryImageOfPage":{"@id":"https:\/\/vieteco.com\/san-pham\/he-divic-plus-lua-ray-inox\/#primaryimage"},"image":{"@id":"https:\/\/vieteco.com\/san-pham\/he-divic-plus-lua-ray-inox\/#primaryimage"},"thumbnailUrl":"https:\/\/vieteco.com\/wp-content\/uploads\/2024\/06\/Divic-Plus-cua-lua.jpg","datePublished":"2024-06-29T04:35:33+00:00","dateModified":"2025-02-11T09:12:27+00:00","description":"H\u1ec7 c\u1eeda Divic Plus l\u00f9a ray inox l\u00e0 h\u1ec7 c\u1eeda l\u00f9a ray cao c\u1ea5p c\u1ee7a Chi\u1ebfn Th\u1eafng v\u1edbi nh\u1eefng t\u00ednh n\u0103ng v\u00e0 \u01b0u \u0111i\u1ec3m v\u01b0\u1ee3t tr\u1ed9i.","breadcrumb":{"@id":"https:\/\/vieteco.com\/san-pham\/he-divic-plus-lua-ray-inox\/#breadcrumb"},"inLanguage":"en-US","potentialAction":[{"@type":"ReadAction","target":["https:\/\/vieteco.com\/san-pham\/he-divic-plus-lua-ray-inox\/"]}]},{"@type":"ImageObject","inLanguage":"en-US","@id":"https:\/\/vieteco.com\/san-pham\/he-divic-plus-lua-ray-inox\/#primaryimage","url":"https:\/\/vieteco.com\/wp-content\/uploads\/2024\/06\/Divic-Plus-cua-lua.jpg","contentUrl":"https:\/\/vieteco.com\/wp-content\/uploads\/2024\/06\/Divic-Plus-cua-lua.jpg","width":2192,"height":2099},{"@type":"BreadcrumbList","@id":"https:\/\/vieteco.com\/san-pham\/he-divic-plus-lua-ray-inox\/#breadcrumb","itemListElement":[{"@type":"ListItem","position":1,"name":"Home","item":"https:\/\/vieteco.com\/"},{"@type":"ListItem","position":2,"name":"Shop","item":"https:\/\/vieteco.com\/shop\/"},{"@type":"ListItem","position":3,"name":"H\u1ec7 DIVIC PLUS l\u00f9a ray inox"}]},{"@type":"WebSite","@id":"https:\/\/vieteco.com\/#website","url":"https:\/\/vieteco.com\/","name":"C\u00d4NG TY TNHH ALUMINUM VI\u1ec6T ECO","description":"","publisher":{"@id":"https:\/\/vieteco.com\/#organization"},"potentialAction":[{"@type":"SearchAction","target":{"@type":"EntryPoint","urlTemplate":"https:\/\/vieteco.com\/?s={search_term_string}"},"query-input":{"@type":"PropertyValueSpecification","valueRequired":true,"valueName":"search_term_string"}}],"inLanguage":"en-US"},{"@type":"Organization","@id":"https:\/\/vieteco.com\/#organization","name":"C\u00d4NG TY TNHH ALUMINUM VI\u1ec6T ECO","url":"https:\/\/vieteco.com\/","logo":{"@type":"ImageObject","inLanguage":"en-US","@id":"https:\/\/vieteco.com\/#\/schema\/logo\/image\/","url":"https:\/\/vieteco.com\/wp-content\/uploads\/2025\/05\/cropped-Logo-VEC-doc-scaled-1.png","contentUrl":"https:\/\/vieteco.com\/wp-content\/uploads\/2025\/05\/cropped-Logo-VEC-doc-scaled-1.png","width":512,"height":512,"caption":"C\u00d4NG TY TNHH ALUMINUM VI\u1ec6T ECO"},"image":{"@id":"https:\/\/vieteco.com\/#\/schema\/logo\/image\/"}}]}},"_links":{"self":[{"href":"https:\/\/vieteco.com\/en\/wp-json\/wp\/v2\/product\/1803","targetHints":{"allow":["GET"]}}],"collection":[{"href":"https:\/\/vieteco.com\/en\/wp-json\/wp\/v2\/product"}],"about":[{"href":"https:\/\/vieteco.com\/en\/wp-json\/wp\/v2\/types\/product"}],"replies":[{"embeddable":true,"href":"https:\/\/vieteco.com\/en\/wp-json\/wp\/v2\/comments?post=1803"}],"wp:featuredmedia":[{"embeddable":true,"href":"https:\/\/vieteco.com\/en\/wp-json\/wp\/v2\/media\/2670"}],"wp:attachment":[{"href":"https:\/\/vieteco.com\/en\/wp-json\/wp\/v2\/media?parent=1803"}],"wp:term":[{"taxonomy":"product_brand","embeddable":true,"href":"https:\/\/vieteco.com\/en\/wp-json\/wp\/v2\/product_brand?post=1803"},{"taxonomy":"product_cat","embeddable":true,"href":"https:\/\/vieteco.com\/en\/wp-json\/wp\/v2\/product_cat?post=1803"},{"taxonomy":"product_tag","embeddable":true,"href":"https:\/\/vieteco.com\/en\/wp-json\/wp\/v2\/product_tag?post=1803"}],"curies":[{"name":"wp","href":"https:\/\/api.w.org\/{rel}","templated":true}]}}