{"id":1801,"date":"2024-06-28T10:25:55","date_gmt":"2024-06-28T10:25:55","guid":{"rendered":"https:\/\/vieteco.com\/?post_type=product&#038;p=1801"},"modified":"2025-02-10T07:39:45","modified_gmt":"2025-02-10T07:39:45","slug":"he-divic-plus-cua-di-mo-quay-2","status":"publish","type":"product","link":"https:\/\/vieteco.com\/en\/product\/he-divic-plus-cua-di-mo-quay-2\/","title":{"rendered":"DIVIC PLUS system for Rotary door"},"content":{"rendered":"<p>&#8211; V\u1eadn h\u00e0nh \u00eam \u00e1i v\u00e0 tr\u01a1n tru.<\/p>\n<p>&#8211; L\u1eafp \u0111\u01b0\u1ee3c cho nh\u1eefng kh\u00f4ng gian l\u1edbn v\u00e0 cao.<\/p>\n<p>&#8211; Ph\u1ee5 ki\u1ec7n c\u00f3 th\u1ec3 l\u1eafp \u0111a d\u1ea1ng c\u00e1c h\u00e3ng c\u00f3 tr\u00ean th\u1ecb tr\u01b0\u1eddng.<\/p>\n<p>&#8211; S\u1ed1 l\u01b0\u1ee3ng m\u00e3 c\u00e2y \u0111\u01b0\u1ee3c t\u1ed1i \u01b0u \u0111\u1ec3 gi\u1ea3m chi ph\u00ed.<\/p>\n<p><img loading=\"lazy\" decoding=\"async\" class=\"alignnone size-full wp-image-2572\" src=\"https:\/\/vieteco.com\/wp-content\/uploads\/2024\/06\/Divic-Plus-cua-di-2-scaled-1.jpg\" alt=\"\" width=\"1810\" height=\"2560\" srcset=\"https:\/\/vieteco.com\/wp-content\/uploads\/2024\/06\/Divic-Plus-cua-di-2-scaled-1.jpg 1810w, https:\/\/vieteco.com\/wp-content\/uploads\/2024\/06\/Divic-Plus-cua-di-2-scaled-1-283x400.jpg 283w, https:\/\/vieteco.com\/wp-content\/uploads\/2024\/06\/Divic-Plus-cua-di-2-scaled-1-724x1024.jpg 724w, https:\/\/vieteco.com\/wp-content\/uploads\/2024\/06\/Divic-Plus-cua-di-2-scaled-1-318x450.jpg 318w, https:\/\/vieteco.com\/wp-content\/uploads\/2024\/06\/Divic-Plus-cua-di-2-scaled-1-768x1086.jpg 768w, https:\/\/vieteco.com\/wp-content\/uploads\/2024\/06\/Divic-Plus-cua-di-2-scaled-1-1086x1536.jpg 1086w, https:\/\/vieteco.com\/wp-content\/uploads\/2024\/06\/Divic-Plus-cua-di-2-scaled-1-1448x2048.jpg 1448w, https:\/\/vieteco.com\/wp-content\/uploads\/2024\/06\/Divic-Plus-cua-di-2-scaled-1-8x12.jpg 8w, https:\/\/vieteco.com\/wp-content\/uploads\/2024\/06\/Divic-Plus-cua-di-2-scaled-1-510x721.jpg 510w\" sizes=\"auto, (max-width: 1810px) 100vw, 1810px\" \/><img loading=\"lazy\" decoding=\"async\" class=\"alignnone size-full wp-image-2571\" src=\"https:\/\/vieteco.com\/wp-content\/uploads\/2024\/06\/1-scaled-1.jpg\" alt=\"\" width=\"1810\" height=\"2560\" srcset=\"https:\/\/vieteco.com\/wp-content\/uploads\/2024\/06\/1-scaled-1.jpg 1810w, https:\/\/vieteco.com\/wp-content\/uploads\/2024\/06\/1-scaled-1-283x400.jpg 283w, https:\/\/vieteco.com\/wp-content\/uploads\/2024\/06\/1-scaled-1-724x1024.jpg 724w, https:\/\/vieteco.com\/wp-content\/uploads\/2024\/06\/1-scaled-1-318x450.jpg 318w, https:\/\/vieteco.com\/wp-content\/uploads\/2024\/06\/1-scaled-1-768x1086.jpg 768w, https:\/\/vieteco.com\/wp-content\/uploads\/2024\/06\/1-scaled-1-1086x1536.jpg 1086w, https:\/\/vieteco.com\/wp-content\/uploads\/2024\/06\/1-scaled-1-1448x2048.jpg 1448w, https:\/\/vieteco.com\/wp-content\/uploads\/2024\/06\/1-scaled-1-8x12.jpg 8w, https:\/\/vieteco.com\/wp-content\/uploads\/2024\/06\/1-scaled-1-510x721.jpg 510w\" sizes=\"auto, (max-width: 1810px) 100vw, 1810px\" \/><img loading=\"lazy\" decoding=\"async\" class=\"alignnone size-full wp-image-2570\" src=\"https:\/\/vieteco.com\/wp-content\/uploads\/2024\/06\/2-scaled-1.jpg\" alt=\"\" width=\"1810\" height=\"2560\" srcset=\"https:\/\/vieteco.com\/wp-content\/uploads\/2024\/06\/2-scaled-1.jpg 1810w, https:\/\/vieteco.com\/wp-content\/uploads\/2024\/06\/2-scaled-1-283x400.jpg 283w, https:\/\/vieteco.com\/wp-content\/uploads\/2024\/06\/2-scaled-1-724x1024.jpg 724w, https:\/\/vieteco.com\/wp-content\/uploads\/2024\/06\/2-scaled-1-318x450.jpg 318w, https:\/\/vieteco.com\/wp-content\/uploads\/2024\/06\/2-scaled-1-768x1086.jpg 768w, https:\/\/vieteco.com\/wp-content\/uploads\/2024\/06\/2-scaled-1-1086x1536.jpg 1086w, https:\/\/vieteco.com\/wp-content\/uploads\/2024\/06\/2-scaled-1-1448x2048.jpg 1448w, https:\/\/vieteco.com\/wp-content\/uploads\/2024\/06\/2-scaled-1-8x12.jpg 8w, https:\/\/vieteco.com\/wp-content\/uploads\/2024\/06\/2-scaled-1-510x721.jpg 510w\" sizes=\"auto, (max-width: 1810px) 100vw, 1810px\" \/><\/p>","protected":false},"excerpt":{"rendered":"<p>H\u1ec7 DIVIC plus &#8211; c\u1eeda \u0111i m\u1edf quay c\u00f3 th\u1ec3 m\u1edf g\u00f3c g\u1ea7n 180 \u0111\u1ed9, s\u1eed d\u1ee5ng h\u1ec7 th\u1ed1ng ch\u1ed1t \u0111a \u0111i\u1ec3m v\u00e0 h\u1ec7 gio\u0103ng k\u00e9p. Khi \u0111\u00f3ng c\u1eeda h\u1ec7 th\u1ed1ng ch\u1ed1t \u0111a \u0111i\u1ec3m s\u1ebd \u00e9p ch\u1eb7t khu\u00f4n c\u1eeda v\u00e0 khung c\u00e1nh v\u1edbi nhau t\u1ea1o \u0111\u1ed9 k\u00edn kh\u00edt v\u00e0 kh\u1ea3 n\u0103ng c\u00e1ch \u00e2m, c\u00e1ch nhi\u1ec7t cao.<\/p>","protected":false},"featured_media":2573,"comment_status":"open","ping_status":"closed","template":"","meta":[],"product_brand":[],"product_cat":[151],"product_tag":[],"class_list":{"0":"post-1801","1":"product","2":"type-product","3":"status-publish","4":"has-post-thumbnail","6":"product_cat-he-divic-plus","8":"first","9":"instock","10":"shipping-taxable","11":"product-type-simple"},"yoast_head":"<!-- This site is optimized with the Yoast SEO plugin v24.9 - https:\/\/yoast.com\/wordpress\/plugins\/seo\/ -->\n<title>H\u1ec7 DIVIC PLUS c\u1eeda \u0111i m\u1edf quay - C\u00d4NG TY TNHH ALUMINUM VI\u1ec6T ECO<\/title>\n<meta name=\"description\" content=\"H\u1ec7 DIVIC plus - c\u1eeda \u0111i m\u1edf quay c\u00f3 th\u1ec3 m\u1edf g\u00f3c g\u1ea7n 180 \u0111\u1ed9, s\u1eed d\u1ee5ng h\u1ec7 th\u1ed1ng ch\u1ed1t \u0111a \u0111i\u1ec3m v\u00e0 h\u1ec7 gio\u0103ng k\u00e9p.\" \/>\n<meta name=\"robots\" content=\"index, follow, max-snippet:-1, max-image-preview:large, max-video-preview:-1\" \/>\n<link rel=\"canonical\" href=\"https:\/\/vieteco.com\/en\/product\/he-divic-plus-cua-di-mo-quay-2\/\" \/>\n<meta property=\"og:locale\" content=\"en_US\" \/>\n<meta property=\"og:type\" content=\"article\" \/>\n<meta property=\"og:title\" content=\"H\u1ec7 DIVIC PLUS c\u1eeda \u0111i m\u1edf quay - C\u00d4NG TY TNHH ALUMINUM VI\u1ec6T ECO\" \/>\n<meta property=\"og:description\" content=\"H\u1ec7 DIVIC plus - c\u1eeda \u0111i m\u1edf quay c\u00f3 th\u1ec3 m\u1edf g\u00f3c g\u1ea7n 180 \u0111\u1ed9, s\u1eed d\u1ee5ng h\u1ec7 th\u1ed1ng ch\u1ed1t \u0111a \u0111i\u1ec3m v\u00e0 h\u1ec7 gio\u0103ng k\u00e9p.\" \/>\n<meta property=\"og:url\" content=\"https:\/\/vieteco.com\/en\/product\/he-divic-plus-cua-di-mo-quay-2\/\" \/>\n<meta property=\"og:site_name\" content=\"C\u00d4NG TY TNHH ALUMINUM VI\u1ec6T ECO\" \/>\n<meta property=\"article:modified_time\" content=\"2025-02-10T07:39:45+00:00\" \/>\n<meta property=\"og:image\" content=\"https:\/\/vieteco.com\/wp-content\/uploads\/2024\/06\/Divic-Plus-cua-di.jpg\" \/>\n\t<meta property=\"og:image:width\" content=\"2151\" \/>\n\t<meta property=\"og:image:height\" content=\"2227\" \/>\n\t<meta property=\"og:image:type\" content=\"image\/jpeg\" \/>\n<meta name=\"twitter:card\" content=\"summary_large_image\" \/>\n<meta name=\"twitter:label1\" content=\"Est. reading time\" \/>\n\t<meta name=\"twitter:data1\" content=\"1 minute\" \/>\n<script type=\"application\/ld+json\" class=\"yoast-schema-graph\">{\"@context\":\"https:\/\/schema.org\",\"@graph\":[{\"@type\":\"WebPage\",\"@id\":\"https:\/\/vieteco.com\/san-pham\/he-divic-plus-cua-di-mo-quay-2\/\",\"url\":\"https:\/\/vieteco.com\/san-pham\/he-divic-plus-cua-di-mo-quay-2\/\",\"name\":\"H\u1ec7 DIVIC PLUS c\u1eeda \u0111i m\u1edf quay - C\u00d4NG TY TNHH ALUMINUM VI\u1ec6T ECO\",\"isPartOf\":{\"@id\":\"https:\/\/vieteco.com\/#website\"},\"primaryImageOfPage\":{\"@id\":\"https:\/\/vieteco.com\/san-pham\/he-divic-plus-cua-di-mo-quay-2\/#primaryimage\"},\"image\":{\"@id\":\"https:\/\/vieteco.com\/san-pham\/he-divic-plus-cua-di-mo-quay-2\/#primaryimage\"},\"thumbnailUrl\":\"https:\/\/vieteco.com\/wp-content\/uploads\/2024\/06\/Divic-Plus-cua-di.jpg\",\"datePublished\":\"2024-06-28T10:25:55+00:00\",\"dateModified\":\"2025-02-10T07:39:45+00:00\",\"description\":\"H\u1ec7 DIVIC plus - c\u1eeda \u0111i m\u1edf quay c\u00f3 th\u1ec3 m\u1edf g\u00f3c g\u1ea7n 180 \u0111\u1ed9, s\u1eed d\u1ee5ng h\u1ec7 th\u1ed1ng ch\u1ed1t \u0111a \u0111i\u1ec3m v\u00e0 h\u1ec7 gio\u0103ng k\u00e9p.\",\"breadcrumb\":{\"@id\":\"https:\/\/vieteco.com\/san-pham\/he-divic-plus-cua-di-mo-quay-2\/#breadcrumb\"},\"inLanguage\":\"en-US\",\"potentialAction\":[{\"@type\":\"ReadAction\",\"target\":[\"https:\/\/vieteco.com\/san-pham\/he-divic-plus-cua-di-mo-quay-2\/\"]}]},{\"@type\":\"ImageObject\",\"inLanguage\":\"en-US\",\"@id\":\"https:\/\/vieteco.com\/san-pham\/he-divic-plus-cua-di-mo-quay-2\/#primaryimage\",\"url\":\"https:\/\/vieteco.com\/wp-content\/uploads\/2024\/06\/Divic-Plus-cua-di.jpg\",\"contentUrl\":\"https:\/\/vieteco.com\/wp-content\/uploads\/2024\/06\/Divic-Plus-cua-di.jpg\",\"width\":2151,\"height\":2227},{\"@type\":\"BreadcrumbList\",\"@id\":\"https:\/\/vieteco.com\/san-pham\/he-divic-plus-cua-di-mo-quay-2\/#breadcrumb\",\"itemListElement\":[{\"@type\":\"ListItem\",\"position\":1,\"name\":\"Home\",\"item\":\"https:\/\/vieteco.com\/\"},{\"@type\":\"ListItem\",\"position\":2,\"name\":\"Shop\",\"item\":\"https:\/\/vieteco.com\/shop\/\"},{\"@type\":\"ListItem\",\"position\":3,\"name\":\"H\u1ec7 DIVIC PLUS c\u1eeda \u0111i m\u1edf quay\"}]},{\"@type\":\"WebSite\",\"@id\":\"https:\/\/vieteco.com\/#website\",\"url\":\"https:\/\/vieteco.com\/\",\"name\":\"C\u00d4NG TY TNHH ALUMINUM VI\u1ec6T ECO\",\"description\":\"\",\"publisher\":{\"@id\":\"https:\/\/vieteco.com\/#organization\"},\"potentialAction\":[{\"@type\":\"SearchAction\",\"target\":{\"@type\":\"EntryPoint\",\"urlTemplate\":\"https:\/\/vieteco.com\/?s={search_term_string}\"},\"query-input\":{\"@type\":\"PropertyValueSpecification\",\"valueRequired\":true,\"valueName\":\"search_term_string\"}}],\"inLanguage\":\"en-US\"},{\"@type\":\"Organization\",\"@id\":\"https:\/\/vieteco.com\/#organization\",\"name\":\"C\u00d4NG TY TNHH ALUMINUM VI\u1ec6T ECO\",\"url\":\"https:\/\/vieteco.com\/\",\"logo\":{\"@type\":\"ImageObject\",\"inLanguage\":\"en-US\",\"@id\":\"https:\/\/vieteco.com\/#\/schema\/logo\/image\/\",\"url\":\"https:\/\/vieteco.com\/wp-content\/uploads\/2025\/05\/cropped-Logo-VEC-doc-scaled-1.png\",\"contentUrl\":\"https:\/\/vieteco.com\/wp-content\/uploads\/2025\/05\/cropped-Logo-VEC-doc-scaled-1.png\",\"width\":512,\"height\":512,\"caption\":\"C\u00d4NG TY TNHH ALUMINUM VI\u1ec6T ECO\"},\"image\":{\"@id\":\"https:\/\/vieteco.com\/#\/schema\/logo\/image\/\"}}]}<\/script>\n<!-- \/ Yoast SEO plugin. -->","yoast_head_json":{"title":"H\u1ec7 DIVIC PLUS c\u1eeda \u0111i m\u1edf quay - C\u00d4NG TY TNHH ALUMINUM VI\u1ec6T ECO","description":"H\u1ec7 DIVIC plus - c\u1eeda \u0111i m\u1edf quay c\u00f3 th\u1ec3 m\u1edf g\u00f3c g\u1ea7n 180 \u0111\u1ed9, s\u1eed d\u1ee5ng h\u1ec7 th\u1ed1ng ch\u1ed1t \u0111a \u0111i\u1ec3m v\u00e0 h\u1ec7 gio\u0103ng k\u00e9p.","robots":{"index":"index","follow":"follow","max-snippet":"max-snippet:-1","max-image-preview":"max-image-preview:large","max-video-preview":"max-video-preview:-1"},"canonical":"https:\/\/vieteco.com\/en\/product\/he-divic-plus-cua-di-mo-quay-2\/","og_locale":"en_US","og_type":"article","og_title":"H\u1ec7 DIVIC PLUS c\u1eeda \u0111i m\u1edf quay - C\u00d4NG TY TNHH ALUMINUM VI\u1ec6T ECO","og_description":"H\u1ec7 DIVIC plus - c\u1eeda \u0111i m\u1edf quay c\u00f3 th\u1ec3 m\u1edf g\u00f3c g\u1ea7n 180 \u0111\u1ed9, s\u1eed d\u1ee5ng h\u1ec7 th\u1ed1ng ch\u1ed1t \u0111a \u0111i\u1ec3m v\u00e0 h\u1ec7 gio\u0103ng k\u00e9p.","og_url":"https:\/\/vieteco.com\/en\/product\/he-divic-plus-cua-di-mo-quay-2\/","og_site_name":"C\u00d4NG TY TNHH ALUMINUM VI\u1ec6T ECO","article_modified_time":"2025-02-10T07:39:45+00:00","og_image":[{"width":2151,"height":2227,"url":"https:\/\/vieteco.com\/wp-content\/uploads\/2024\/06\/Divic-Plus-cua-di.jpg","type":"image\/jpeg"}],"twitter_card":"summary_large_image","twitter_misc":{"Est. reading time":"1 minute"},"schema":{"@context":"https:\/\/schema.org","@graph":[{"@type":"WebPage","@id":"https:\/\/vieteco.com\/san-pham\/he-divic-plus-cua-di-mo-quay-2\/","url":"https:\/\/vieteco.com\/san-pham\/he-divic-plus-cua-di-mo-quay-2\/","name":"H\u1ec7 DIVIC PLUS c\u1eeda \u0111i m\u1edf quay - C\u00d4NG TY TNHH ALUMINUM VI\u1ec6T ECO","isPartOf":{"@id":"https:\/\/vieteco.com\/#website"},"primaryImageOfPage":{"@id":"https:\/\/vieteco.com\/san-pham\/he-divic-plus-cua-di-mo-quay-2\/#primaryimage"},"image":{"@id":"https:\/\/vieteco.com\/san-pham\/he-divic-plus-cua-di-mo-quay-2\/#primaryimage"},"thumbnailUrl":"https:\/\/vieteco.com\/wp-content\/uploads\/2024\/06\/Divic-Plus-cua-di.jpg","datePublished":"2024-06-28T10:25:55+00:00","dateModified":"2025-02-10T07:39:45+00:00","description":"H\u1ec7 DIVIC plus - c\u1eeda \u0111i m\u1edf quay c\u00f3 th\u1ec3 m\u1edf g\u00f3c g\u1ea7n 180 \u0111\u1ed9, s\u1eed d\u1ee5ng h\u1ec7 th\u1ed1ng ch\u1ed1t \u0111a \u0111i\u1ec3m v\u00e0 h\u1ec7 gio\u0103ng k\u00e9p.","breadcrumb":{"@id":"https:\/\/vieteco.com\/san-pham\/he-divic-plus-cua-di-mo-quay-2\/#breadcrumb"},"inLanguage":"en-US","potentialAction":[{"@type":"ReadAction","target":["https:\/\/vieteco.com\/san-pham\/he-divic-plus-cua-di-mo-quay-2\/"]}]},{"@type":"ImageObject","inLanguage":"en-US","@id":"https:\/\/vieteco.com\/san-pham\/he-divic-plus-cua-di-mo-quay-2\/#primaryimage","url":"https:\/\/vieteco.com\/wp-content\/uploads\/2024\/06\/Divic-Plus-cua-di.jpg","contentUrl":"https:\/\/vieteco.com\/wp-content\/uploads\/2024\/06\/Divic-Plus-cua-di.jpg","width":2151,"height":2227},{"@type":"BreadcrumbList","@id":"https:\/\/vieteco.com\/san-pham\/he-divic-plus-cua-di-mo-quay-2\/#breadcrumb","itemListElement":[{"@type":"ListItem","position":1,"name":"Home","item":"https:\/\/vieteco.com\/"},{"@type":"ListItem","position":2,"name":"Shop","item":"https:\/\/vieteco.com\/shop\/"},{"@type":"ListItem","position":3,"name":"H\u1ec7 DIVIC PLUS c\u1eeda \u0111i m\u1edf quay"}]},{"@type":"WebSite","@id":"https:\/\/vieteco.com\/#website","url":"https:\/\/vieteco.com\/","name":"C\u00d4NG TY TNHH ALUMINUM VI\u1ec6T ECO","description":"","publisher":{"@id":"https:\/\/vieteco.com\/#organization"},"potentialAction":[{"@type":"SearchAction","target":{"@type":"EntryPoint","urlTemplate":"https:\/\/vieteco.com\/?s={search_term_string}"},"query-input":{"@type":"PropertyValueSpecification","valueRequired":true,"valueName":"search_term_string"}}],"inLanguage":"en-US"},{"@type":"Organization","@id":"https:\/\/vieteco.com\/#organization","name":"C\u00d4NG TY TNHH ALUMINUM VI\u1ec6T ECO","url":"https:\/\/vieteco.com\/","logo":{"@type":"ImageObject","inLanguage":"en-US","@id":"https:\/\/vieteco.com\/#\/schema\/logo\/image\/","url":"https:\/\/vieteco.com\/wp-content\/uploads\/2025\/05\/cropped-Logo-VEC-doc-scaled-1.png","contentUrl":"https:\/\/vieteco.com\/wp-content\/uploads\/2025\/05\/cropped-Logo-VEC-doc-scaled-1.png","width":512,"height":512,"caption":"C\u00d4NG TY TNHH ALUMINUM VI\u1ec6T ECO"},"image":{"@id":"https:\/\/vieteco.com\/#\/schema\/logo\/image\/"}}]}},"_links":{"self":[{"href":"https:\/\/vieteco.com\/en\/wp-json\/wp\/v2\/product\/1801","targetHints":{"allow":["GET"]}}],"collection":[{"href":"https:\/\/vieteco.com\/en\/wp-json\/wp\/v2\/product"}],"about":[{"href":"https:\/\/vieteco.com\/en\/wp-json\/wp\/v2\/types\/product"}],"replies":[{"embeddable":true,"href":"https:\/\/vieteco.com\/en\/wp-json\/wp\/v2\/comments?post=1801"}],"wp:featuredmedia":[{"embeddable":true,"href":"https:\/\/vieteco.com\/en\/wp-json\/wp\/v2\/media\/2573"}],"wp:attachment":[{"href":"https:\/\/vieteco.com\/en\/wp-json\/wp\/v2\/media?parent=1801"}],"wp:term":[{"taxonomy":"product_brand","embeddable":true,"href":"https:\/\/vieteco.com\/en\/wp-json\/wp\/v2\/product_brand?post=1801"},{"taxonomy":"product_cat","embeddable":true,"href":"https:\/\/vieteco.com\/en\/wp-json\/wp\/v2\/product_cat?post=1801"},{"taxonomy":"product_tag","embeddable":true,"href":"https:\/\/vieteco.com\/en\/wp-json\/wp\/v2\/product_tag?post=1801"}],"curies":[{"name":"wp","href":"https:\/\/api.w.org\/{rel}","templated":true}]}}