{"id":1796,"date":"2024-06-28T09:51:23","date_gmt":"2024-06-28T09:51:23","guid":{"rendered":"https:\/\/vieteco.com\/?post_type=product&#038;p=1796"},"modified":"2025-02-10T08:09:42","modified_gmt":"2025-02-10T08:09:42","slug":"he-cua-slim","status":"publish","type":"product","link":"https:\/\/vieteco.com\/en\/product\/he-cua-slim\/","title":{"rendered":"Slim System"},"content":{"rendered":"<p><strong>\u0110\u1eb6C \u0110I\u1ec2M N\u1ed4I B\u1eacT C\u1ee6A S\u1ea2N PH\u1ea8M<\/strong><\/p>\n<p>\ud83d\udd36Thi\u1ebft k\u1ebf c\u1ee7a c\u1eeda s\u1eed d\u1ee5ng h\u1ec7 thanh nh\u00f4m b\u1ea3n nh\u1ecf \u2013 h\u1ec7 khung si\u00eau m\u1ecfng cho n\u1ed9i th\u1ea5t v\u00ec v\u1eady t\u00ednh th\u1ea9m m\u1ef9 c\u1ef1c cao l\u00e0 gi\u1ea3i ph\u00e1p c\u1eeda n\u1ed9i th\u1ea5t trong c\u00f4ng tr\u00ecnh hi\u1ec7n \u0111\u1ea1i.<\/p>\n<p>\ud83d\udd36H\u1ec7 ph\u1ee5 ki\u1ec7n c\u1ee7a c\u1eeda \u0111\u01b0\u1ee3c thi\u1ebft k\u1ebf th\u00f4ng minh, gi\u00fap t\u1ed1i \u01b0u \u0111\u01b0\u1ee3c c\u00f4ng n\u0103ng v\u1eadn h\u00e0nh v\u00e0 gi\u00fap t\u0103ng tu\u1ed5i th\u1ecd cho c\u1eeda. H\u1ec7 ph\u1ee5 ki\u1ec7n \u0111\u1ed3ng b\u1ed9 cao c\u1ea5p gi\u00fap v\u1eadn h\u00e0nh b\u1ec1n b\u1ec9, \u00eam \u00e1i, nh\u1eb9 nh\u00e0ng cho b\u1ed9 c\u1eeda nh\u00f4m Slim.<\/p>\n<p>\ud83d\udd36Thi\u1ebft k\u1ebf c\u1eeda nh\u00f4m Slim linh ho\u1ea1t, \u0111a d\u1ea1ng c\u00f3 th\u1ec3 d\u1ec5 d\u00e0ng k\u1ebft h\u1ee3p c\u00f9ng v\u1edbi nhi\u1ec1u gi\u1ea3i ph\u00e1p c\u1eeda v\u00e1ch ng\u0103n t\u00f9y thu\u1ed9c v\u00e0o v\u1ecb tr\u00ed c\u0169ng nh\u01b0 y\u00eau c\u1ea7u c\u1ee7a ng\u01b0\u1eddi s\u1eed d\u1ee5ng, ti\u1ec7n d\u1ee5ng cho m\u1ecdi lo\u1ea1i \u0111\u1ecba h\u00ecnh hay ki\u1ec3u b\u1ed1 tr\u00ed c\u1ee7a c\u00f4ng tr\u00ecnh.<\/p>\n<p>\ud83d\udd36 C\u1eeda nh\u00f4m Slim ph\u00f9 h\u1ee3p v\u1edbi nhi\u1ec1u gi\u1ea3i ph\u00e1p, \u0111em \u0111\u1ebfn nhi\u1ec1u c\u00f4ng n\u0103ng t\u1ed1i \u01b0u cho kh\u00f4ng gian s\u1eed d\u1ee5ng.<\/p>\n<p>\ud83d\udd36 S\u1ea3n ph\u1ea9m \u0111\u1ea3m b\u1ea3o tuy\u1ec7t \u0111\u1ed1i v\u1ec1 \u0111\u1ed9 b\u1ec1n v\u1eefng c\u0169ng nh\u01b0 ch\u1ea5t l\u01b0\u1ee3ng, k\u1ef9 thu\u1eadt, th\u1ea9m m\u1ef9 theo ti\u00eau chu\u1ea9n Ch\u00e2u \u00c2u v\u1edbi gi\u00e1 th\u00e0nh c\u1ea1nh tranh tr\u00ean th\u1ecb tr\u01b0\u1eddng<\/p>\n<p><strong>TH\u00d4NG S\u1ed0 K\u1ef8 THU\u1eacT<\/strong><\/p>\n<p>&nbsp;<\/p>\n<p>&nbsp;<\/p>\n<p><img loading=\"lazy\" decoding=\"async\" class=\"alignnone size-full wp-image-2579\" src=\"https:\/\/vieteco.com\/wp-content\/uploads\/2024\/06\/2-6-scaled-1.jpg\" alt=\"\" width=\"1810\" height=\"2560\" srcset=\"https:\/\/vieteco.com\/wp-content\/uploads\/2024\/06\/2-6-scaled-1.jpg 1810w, https:\/\/vieteco.com\/wp-content\/uploads\/2024\/06\/2-6-scaled-1-283x400.jpg 283w, https:\/\/vieteco.com\/wp-content\/uploads\/2024\/06\/2-6-scaled-1-724x1024.jpg 724w, https:\/\/vieteco.com\/wp-content\/uploads\/2024\/06\/2-6-scaled-1-318x450.jpg 318w, https:\/\/vieteco.com\/wp-content\/uploads\/2024\/06\/2-6-scaled-1-768x1086.jpg 768w, https:\/\/vieteco.com\/wp-content\/uploads\/2024\/06\/2-6-scaled-1-1086x1536.jpg 1086w, https:\/\/vieteco.com\/wp-content\/uploads\/2024\/06\/2-6-scaled-1-1448x2048.jpg 1448w, https:\/\/vieteco.com\/wp-content\/uploads\/2024\/06\/2-6-scaled-1-8x12.jpg 8w, https:\/\/vieteco.com\/wp-content\/uploads\/2024\/06\/2-6-scaled-1-510x721.jpg 510w\" sizes=\"auto, (max-width: 1810px) 100vw, 1810px\" \/> <img loading=\"lazy\" decoding=\"async\" class=\"alignnone size-full wp-image-2580\" src=\"https:\/\/vieteco.com\/wp-content\/uploads\/2024\/06\/4-4-scaled-1.jpg\" alt=\"\" width=\"1810\" height=\"2560\" srcset=\"https:\/\/vieteco.com\/wp-content\/uploads\/2024\/06\/4-4-scaled-1.jpg 1810w, https:\/\/vieteco.com\/wp-content\/uploads\/2024\/06\/4-4-scaled-1-283x400.jpg 283w, https:\/\/vieteco.com\/wp-content\/uploads\/2024\/06\/4-4-scaled-1-724x1024.jpg 724w, https:\/\/vieteco.com\/wp-content\/uploads\/2024\/06\/4-4-scaled-1-318x450.jpg 318w, https:\/\/vieteco.com\/wp-content\/uploads\/2024\/06\/4-4-scaled-1-768x1086.jpg 768w, https:\/\/vieteco.com\/wp-content\/uploads\/2024\/06\/4-4-scaled-1-1086x1536.jpg 1086w, https:\/\/vieteco.com\/wp-content\/uploads\/2024\/06\/4-4-scaled-1-1448x2048.jpg 1448w, https:\/\/vieteco.com\/wp-content\/uploads\/2024\/06\/4-4-scaled-1-8x12.jpg 8w, https:\/\/vieteco.com\/wp-content\/uploads\/2024\/06\/4-4-scaled-1-510x721.jpg 510w\" sizes=\"auto, (max-width: 1810px) 100vw, 1810px\" \/> <img loading=\"lazy\" decoding=\"async\" class=\"alignnone size-full wp-image-2581\" src=\"https:\/\/vieteco.com\/wp-content\/uploads\/2024\/06\/5-3-scaled-1.jpg\" alt=\"\" width=\"1810\" height=\"2560\" srcset=\"https:\/\/vieteco.com\/wp-content\/uploads\/2024\/06\/5-3-scaled-1.jpg 1810w, https:\/\/vieteco.com\/wp-content\/uploads\/2024\/06\/5-3-scaled-1-283x400.jpg 283w, https:\/\/vieteco.com\/wp-content\/uploads\/2024\/06\/5-3-scaled-1-724x1024.jpg 724w, https:\/\/vieteco.com\/wp-content\/uploads\/2024\/06\/5-3-scaled-1-318x450.jpg 318w, https:\/\/vieteco.com\/wp-content\/uploads\/2024\/06\/5-3-scaled-1-768x1086.jpg 768w, https:\/\/vieteco.com\/wp-content\/uploads\/2024\/06\/5-3-scaled-1-1086x1536.jpg 1086w, https:\/\/vieteco.com\/wp-content\/uploads\/2024\/06\/5-3-scaled-1-1448x2048.jpg 1448w, https:\/\/vieteco.com\/wp-content\/uploads\/2024\/06\/5-3-scaled-1-8x12.jpg 8w, https:\/\/vieteco.com\/wp-content\/uploads\/2024\/06\/5-3-scaled-1-510x721.jpg 510w\" sizes=\"auto, (max-width: 1810px) 100vw, 1810px\" \/><\/p>","protected":false},"excerpt":{"rendered":"<p>H\u1ec7 Slim thu\u1ed9c d\u00f2ng c\u1eeda li\u00ean k\u1ebft, c\u00f3 kh\u1ea3 n\u0103ng v\u1eadn h\u00e0nh \u00eam \u00e1i, nh\u1eb9 nh\u00e0ng nh\u1edd ph\u1ee5 ki\u1ec7n c\u1eeda nh\u00f4m k\u00ednh \u0111\u1ed3ng b\u1ed9 100%, ch\u1ea5t l\u01b0\u1ee3ng cao v\u00e0 c\u1ea5u tr\u00fac nh\u00f4m c\u1ee9ng c\u00e1p. C\u1eeda tr\u01b0\u1ee3t si\u00eau \u00eam l\u00e0 s\u1ef1 l\u1ef1a ch\u1ecdn ho\u00e0n h\u1ea3o, mang l\u1ea1i gi\u00e1 tr\u1ecb t\u1ed1i \u0111a v\u00e0 c\u00f4ng n\u0103ng s\u1eed d\u1ee5ng h\u1ee3p l\u00fd cho h\u00e0ng tri\u1ec7u gia \u0111\u00ecnh Vi\u1ec7t.<\/p>\n<ul>\n<li>Th\u01b0\u01a1ng hi\u1ec7u: DIVIC<\/li>\n<li>M\u00e1c nh\u00f4m ti\u00eau chu\u1ea9n 6063:T5<\/li>\n<li>\u00c1p d\u1ee5ng ti\u00eau chu\u1ea9n xanh trong s\u1ea3n xu\u1ea5t \u0111\u1ea3m b\u1ea3o an to\u00e0n cho ng\u01b0\u1eddi s\u1ea3n xu\u1ea5t v\u00e0 ti\u00eau d\u00f9ng<\/li>\n<\/ul>","protected":false},"featured_media":2582,"comment_status":"open","ping_status":"closed","template":"","meta":[],"product_brand":[],"product_cat":[103,137],"product_tag":[175,173],"class_list":{"0":"post-1796","1":"product","2":"type-product","3":"status-publish","4":"has-post-thumbnail","6":"product_cat-nhan-divic","7":"product_cat-he-slim-nhan-divic","8":"product_tag-he-slim","9":"product_tag-nhan-divic","11":"first","12":"instock","13":"shipping-taxable","14":"product-type-simple"},"yoast_head":"<!-- This site is optimized with the Yoast SEO plugin v24.9 - https:\/\/yoast.com\/wordpress\/plugins\/seo\/ -->\n<title>H\u1ec7 c\u1eeda Slim - C\u00d4NG TY TNHH ALUMINUM VI\u1ec6T ECO<\/title>\n<meta name=\"description\" content=\"H\u1ec7 c\u1eeda Slim thu\u1ed9c d\u00f2ng c\u1eeda li\u00ean k\u1ebft, c\u00f3 kh\u1ea3 n\u0103ng v\u1eadn h\u00e0nh \u00eam \u00e1i, nh\u1eb9 nh\u00e0ng nh\u1edd ph\u1ee5 ki\u1ec7n c\u1eeda nh\u00f4m k\u00ednh \u0111\u1ed3ng b\u1ed9 100%, ch\u1ea5t l\u01b0\u1ee3ng cao v\u00e0 c\u1ea5u tr\u00fac nh\u00f4m c\u1ee9ng c\u00e1p. C\u1eeda tr\u01b0\u1ee3t si\u00eau \u00eam l\u00e0 s\u1ef1 l\u1ef1a ch\u1ecdn ho\u00e0n h\u1ea3o, mang l\u1ea1i gi\u00e1 tr\u1ecb t\u1ed1i \u0111a v\u00e0 c\u00f4ng n\u0103ng s\u1eed d\u1ee5ng h\u1ee3p l\u00fd cho h\u00e0ng tri\u1ec7u gia \u0111\u00ecnh Vi\u1ec7t.\" \/>\n<meta name=\"robots\" content=\"index, follow, max-snippet:-1, max-image-preview:large, max-video-preview:-1\" \/>\n<link rel=\"canonical\" href=\"https:\/\/vieteco.com\/en\/product\/he-cua-slim\/\" \/>\n<meta property=\"og:locale\" content=\"en_US\" \/>\n<meta property=\"og:type\" content=\"article\" \/>\n<meta property=\"og:title\" content=\"H\u1ec7 c\u1eeda Slim - C\u00d4NG TY TNHH ALUMINUM VI\u1ec6T ECO\" \/>\n<meta property=\"og:description\" content=\"H\u1ec7 c\u1eeda Slim thu\u1ed9c d\u00f2ng c\u1eeda li\u00ean k\u1ebft, c\u00f3 kh\u1ea3 n\u0103ng v\u1eadn h\u00e0nh \u00eam \u00e1i, nh\u1eb9 nh\u00e0ng nh\u1edd ph\u1ee5 ki\u1ec7n c\u1eeda nh\u00f4m k\u00ednh \u0111\u1ed3ng b\u1ed9 100%, ch\u1ea5t l\u01b0\u1ee3ng cao v\u00e0 c\u1ea5u tr\u00fac nh\u00f4m c\u1ee9ng c\u00e1p. C\u1eeda tr\u01b0\u1ee3t si\u00eau \u00eam l\u00e0 s\u1ef1 l\u1ef1a ch\u1ecdn ho\u00e0n h\u1ea3o, mang l\u1ea1i gi\u00e1 tr\u1ecb t\u1ed1i \u0111a v\u00e0 c\u00f4ng n\u0103ng s\u1eed d\u1ee5ng h\u1ee3p l\u00fd cho h\u00e0ng tri\u1ec7u gia \u0111\u00ecnh Vi\u1ec7t.\" \/>\n<meta property=\"og:url\" content=\"https:\/\/vieteco.com\/en\/product\/he-cua-slim\/\" \/>\n<meta property=\"og:site_name\" content=\"C\u00d4NG TY TNHH ALUMINUM VI\u1ec6T ECO\" \/>\n<meta property=\"article:modified_time\" content=\"2025-02-10T08:09:42+00:00\" \/>\n<meta property=\"og:image\" content=\"https:\/\/vieteco.com\/wp-content\/uploads\/2024\/06\/1-6-1.jpg\" \/>\n\t<meta property=\"og:image:width\" content=\"1568\" \/>\n\t<meta property=\"og:image:height\" content=\"1568\" \/>\n\t<meta property=\"og:image:type\" content=\"image\/jpeg\" \/>\n<meta name=\"twitter:card\" content=\"summary_large_image\" \/>\n<meta name=\"twitter:label1\" content=\"Est. reading time\" \/>\n\t<meta name=\"twitter:data1\" content=\"2 minutes\" \/>\n<script type=\"application\/ld+json\" class=\"yoast-schema-graph\">{\"@context\":\"https:\/\/schema.org\",\"@graph\":[{\"@type\":\"WebPage\",\"@id\":\"https:\/\/vieteco.com\/san-pham\/he-cua-slim\/\",\"url\":\"https:\/\/vieteco.com\/san-pham\/he-cua-slim\/\",\"name\":\"H\u1ec7 c\u1eeda Slim - C\u00d4NG TY TNHH ALUMINUM VI\u1ec6T ECO\",\"isPartOf\":{\"@id\":\"https:\/\/vieteco.com\/#website\"},\"primaryImageOfPage\":{\"@id\":\"https:\/\/vieteco.com\/san-pham\/he-cua-slim\/#primaryimage\"},\"image\":{\"@id\":\"https:\/\/vieteco.com\/san-pham\/he-cua-slim\/#primaryimage\"},\"thumbnailUrl\":\"https:\/\/vieteco.com\/wp-content\/uploads\/2024\/06\/1-6-1.jpg\",\"datePublished\":\"2024-06-28T09:51:23+00:00\",\"dateModified\":\"2025-02-10T08:09:42+00:00\",\"description\":\"H\u1ec7 c\u1eeda Slim thu\u1ed9c d\u00f2ng c\u1eeda li\u00ean k\u1ebft, c\u00f3 kh\u1ea3 n\u0103ng v\u1eadn h\u00e0nh \u00eam \u00e1i, nh\u1eb9 nh\u00e0ng nh\u1edd ph\u1ee5 ki\u1ec7n c\u1eeda nh\u00f4m k\u00ednh \u0111\u1ed3ng b\u1ed9 100%, ch\u1ea5t l\u01b0\u1ee3ng cao v\u00e0 c\u1ea5u tr\u00fac nh\u00f4m c\u1ee9ng c\u00e1p. C\u1eeda tr\u01b0\u1ee3t si\u00eau \u00eam l\u00e0 s\u1ef1 l\u1ef1a ch\u1ecdn ho\u00e0n h\u1ea3o, mang l\u1ea1i gi\u00e1 tr\u1ecb t\u1ed1i \u0111a v\u00e0 c\u00f4ng n\u0103ng s\u1eed d\u1ee5ng h\u1ee3p l\u00fd cho h\u00e0ng tri\u1ec7u gia \u0111\u00ecnh Vi\u1ec7t.\",\"breadcrumb\":{\"@id\":\"https:\/\/vieteco.com\/san-pham\/he-cua-slim\/#breadcrumb\"},\"inLanguage\":\"en-US\",\"potentialAction\":[{\"@type\":\"ReadAction\",\"target\":[\"https:\/\/vieteco.com\/san-pham\/he-cua-slim\/\"]}]},{\"@type\":\"ImageObject\",\"inLanguage\":\"en-US\",\"@id\":\"https:\/\/vieteco.com\/san-pham\/he-cua-slim\/#primaryimage\",\"url\":\"https:\/\/vieteco.com\/wp-content\/uploads\/2024\/06\/1-6-1.jpg\",\"contentUrl\":\"https:\/\/vieteco.com\/wp-content\/uploads\/2024\/06\/1-6-1.jpg\",\"width\":1568,\"height\":1568},{\"@type\":\"BreadcrumbList\",\"@id\":\"https:\/\/vieteco.com\/san-pham\/he-cua-slim\/#breadcrumb\",\"itemListElement\":[{\"@type\":\"ListItem\",\"position\":1,\"name\":\"Home\",\"item\":\"https:\/\/vieteco.com\/\"},{\"@type\":\"ListItem\",\"position\":2,\"name\":\"Shop\",\"item\":\"https:\/\/vieteco.com\/shop\/\"},{\"@type\":\"ListItem\",\"position\":3,\"name\":\"H\u1ec7 c\u1eeda Slim\"}]},{\"@type\":\"WebSite\",\"@id\":\"https:\/\/vieteco.com\/#website\",\"url\":\"https:\/\/vieteco.com\/\",\"name\":\"C\u00d4NG TY TNHH ALUMINUM VI\u1ec6T ECO\",\"description\":\"\",\"publisher\":{\"@id\":\"https:\/\/vieteco.com\/#organization\"},\"potentialAction\":[{\"@type\":\"SearchAction\",\"target\":{\"@type\":\"EntryPoint\",\"urlTemplate\":\"https:\/\/vieteco.com\/?s={search_term_string}\"},\"query-input\":{\"@type\":\"PropertyValueSpecification\",\"valueRequired\":true,\"valueName\":\"search_term_string\"}}],\"inLanguage\":\"en-US\"},{\"@type\":\"Organization\",\"@id\":\"https:\/\/vieteco.com\/#organization\",\"name\":\"C\u00d4NG TY TNHH ALUMINUM VI\u1ec6T ECO\",\"url\":\"https:\/\/vieteco.com\/\",\"logo\":{\"@type\":\"ImageObject\",\"inLanguage\":\"en-US\",\"@id\":\"https:\/\/vieteco.com\/#\/schema\/logo\/image\/\",\"url\":\"https:\/\/vieteco.com\/wp-content\/uploads\/2025\/05\/cropped-Logo-VEC-doc-scaled-1.png\",\"contentUrl\":\"https:\/\/vieteco.com\/wp-content\/uploads\/2025\/05\/cropped-Logo-VEC-doc-scaled-1.png\",\"width\":512,\"height\":512,\"caption\":\"C\u00d4NG TY TNHH ALUMINUM VI\u1ec6T ECO\"},\"image\":{\"@id\":\"https:\/\/vieteco.com\/#\/schema\/logo\/image\/\"}}]}<\/script>\n<!-- \/ Yoast SEO plugin. -->","yoast_head_json":{"title":"H\u1ec7 c\u1eeda Slim - C\u00d4NG TY TNHH ALUMINUM VI\u1ec6T ECO","description":"H\u1ec7 c\u1eeda Slim thu\u1ed9c d\u00f2ng c\u1eeda li\u00ean k\u1ebft, c\u00f3 kh\u1ea3 n\u0103ng v\u1eadn h\u00e0nh \u00eam \u00e1i, nh\u1eb9 nh\u00e0ng nh\u1edd ph\u1ee5 ki\u1ec7n c\u1eeda nh\u00f4m k\u00ednh \u0111\u1ed3ng b\u1ed9 100%, ch\u1ea5t l\u01b0\u1ee3ng cao v\u00e0 c\u1ea5u tr\u00fac nh\u00f4m c\u1ee9ng c\u00e1p. C\u1eeda tr\u01b0\u1ee3t si\u00eau \u00eam l\u00e0 s\u1ef1 l\u1ef1a ch\u1ecdn ho\u00e0n h\u1ea3o, mang l\u1ea1i gi\u00e1 tr\u1ecb t\u1ed1i \u0111a v\u00e0 c\u00f4ng n\u0103ng s\u1eed d\u1ee5ng h\u1ee3p l\u00fd cho h\u00e0ng tri\u1ec7u gia \u0111\u00ecnh Vi\u1ec7t.","robots":{"index":"index","follow":"follow","max-snippet":"max-snippet:-1","max-image-preview":"max-image-preview:large","max-video-preview":"max-video-preview:-1"},"canonical":"https:\/\/vieteco.com\/en\/product\/he-cua-slim\/","og_locale":"en_US","og_type":"article","og_title":"H\u1ec7 c\u1eeda Slim - C\u00d4NG TY TNHH ALUMINUM VI\u1ec6T ECO","og_description":"H\u1ec7 c\u1eeda Slim thu\u1ed9c d\u00f2ng c\u1eeda li\u00ean k\u1ebft, c\u00f3 kh\u1ea3 n\u0103ng v\u1eadn h\u00e0nh \u00eam \u00e1i, nh\u1eb9 nh\u00e0ng nh\u1edd ph\u1ee5 ki\u1ec7n c\u1eeda nh\u00f4m k\u00ednh \u0111\u1ed3ng b\u1ed9 100%, ch\u1ea5t l\u01b0\u1ee3ng cao v\u00e0 c\u1ea5u tr\u00fac nh\u00f4m c\u1ee9ng c\u00e1p. C\u1eeda tr\u01b0\u1ee3t si\u00eau \u00eam l\u00e0 s\u1ef1 l\u1ef1a ch\u1ecdn ho\u00e0n h\u1ea3o, mang l\u1ea1i gi\u00e1 tr\u1ecb t\u1ed1i \u0111a v\u00e0 c\u00f4ng n\u0103ng s\u1eed d\u1ee5ng h\u1ee3p l\u00fd cho h\u00e0ng tri\u1ec7u gia \u0111\u00ecnh Vi\u1ec7t.","og_url":"https:\/\/vieteco.com\/en\/product\/he-cua-slim\/","og_site_name":"C\u00d4NG TY TNHH ALUMINUM VI\u1ec6T ECO","article_modified_time":"2025-02-10T08:09:42+00:00","og_image":[{"width":1568,"height":1568,"url":"https:\/\/vieteco.com\/wp-content\/uploads\/2024\/06\/1-6-1.jpg","type":"image\/jpeg"}],"twitter_card":"summary_large_image","twitter_misc":{"Est. reading time":"2 minutes"},"schema":{"@context":"https:\/\/schema.org","@graph":[{"@type":"WebPage","@id":"https:\/\/vieteco.com\/san-pham\/he-cua-slim\/","url":"https:\/\/vieteco.com\/san-pham\/he-cua-slim\/","name":"H\u1ec7 c\u1eeda Slim - C\u00d4NG TY TNHH ALUMINUM VI\u1ec6T ECO","isPartOf":{"@id":"https:\/\/vieteco.com\/#website"},"primaryImageOfPage":{"@id":"https:\/\/vieteco.com\/san-pham\/he-cua-slim\/#primaryimage"},"image":{"@id":"https:\/\/vieteco.com\/san-pham\/he-cua-slim\/#primaryimage"},"thumbnailUrl":"https:\/\/vieteco.com\/wp-content\/uploads\/2024\/06\/1-6-1.jpg","datePublished":"2024-06-28T09:51:23+00:00","dateModified":"2025-02-10T08:09:42+00:00","description":"H\u1ec7 c\u1eeda Slim thu\u1ed9c d\u00f2ng c\u1eeda li\u00ean k\u1ebft, c\u00f3 kh\u1ea3 n\u0103ng v\u1eadn h\u00e0nh \u00eam \u00e1i, nh\u1eb9 nh\u00e0ng nh\u1edd ph\u1ee5 ki\u1ec7n c\u1eeda nh\u00f4m k\u00ednh \u0111\u1ed3ng b\u1ed9 100%, ch\u1ea5t l\u01b0\u1ee3ng cao v\u00e0 c\u1ea5u tr\u00fac nh\u00f4m c\u1ee9ng c\u00e1p. C\u1eeda tr\u01b0\u1ee3t si\u00eau \u00eam l\u00e0 s\u1ef1 l\u1ef1a ch\u1ecdn ho\u00e0n h\u1ea3o, mang l\u1ea1i gi\u00e1 tr\u1ecb t\u1ed1i \u0111a v\u00e0 c\u00f4ng n\u0103ng s\u1eed d\u1ee5ng h\u1ee3p l\u00fd cho h\u00e0ng tri\u1ec7u gia \u0111\u00ecnh Vi\u1ec7t.","breadcrumb":{"@id":"https:\/\/vieteco.com\/san-pham\/he-cua-slim\/#breadcrumb"},"inLanguage":"en-US","potentialAction":[{"@type":"ReadAction","target":["https:\/\/vieteco.com\/san-pham\/he-cua-slim\/"]}]},{"@type":"ImageObject","inLanguage":"en-US","@id":"https:\/\/vieteco.com\/san-pham\/he-cua-slim\/#primaryimage","url":"https:\/\/vieteco.com\/wp-content\/uploads\/2024\/06\/1-6-1.jpg","contentUrl":"https:\/\/vieteco.com\/wp-content\/uploads\/2024\/06\/1-6-1.jpg","width":1568,"height":1568},{"@type":"BreadcrumbList","@id":"https:\/\/vieteco.com\/san-pham\/he-cua-slim\/#breadcrumb","itemListElement":[{"@type":"ListItem","position":1,"name":"Home","item":"https:\/\/vieteco.com\/"},{"@type":"ListItem","position":2,"name":"Shop","item":"https:\/\/vieteco.com\/shop\/"},{"@type":"ListItem","position":3,"name":"H\u1ec7 c\u1eeda Slim"}]},{"@type":"WebSite","@id":"https:\/\/vieteco.com\/#website","url":"https:\/\/vieteco.com\/","name":"C\u00d4NG TY TNHH ALUMINUM VI\u1ec6T ECO","description":"","publisher":{"@id":"https:\/\/vieteco.com\/#organization"},"potentialAction":[{"@type":"SearchAction","target":{"@type":"EntryPoint","urlTemplate":"https:\/\/vieteco.com\/?s={search_term_string}"},"query-input":{"@type":"PropertyValueSpecification","valueRequired":true,"valueName":"search_term_string"}}],"inLanguage":"en-US"},{"@type":"Organization","@id":"https:\/\/vieteco.com\/#organization","name":"C\u00d4NG TY TNHH ALUMINUM VI\u1ec6T ECO","url":"https:\/\/vieteco.com\/","logo":{"@type":"ImageObject","inLanguage":"en-US","@id":"https:\/\/vieteco.com\/#\/schema\/logo\/image\/","url":"https:\/\/vieteco.com\/wp-content\/uploads\/2025\/05\/cropped-Logo-VEC-doc-scaled-1.png","contentUrl":"https:\/\/vieteco.com\/wp-content\/uploads\/2025\/05\/cropped-Logo-VEC-doc-scaled-1.png","width":512,"height":512,"caption":"C\u00d4NG TY TNHH ALUMINUM VI\u1ec6T ECO"},"image":{"@id":"https:\/\/vieteco.com\/#\/schema\/logo\/image\/"}}]}},"_links":{"self":[{"href":"https:\/\/vieteco.com\/en\/wp-json\/wp\/v2\/product\/1796","targetHints":{"allow":["GET"]}}],"collection":[{"href":"https:\/\/vieteco.com\/en\/wp-json\/wp\/v2\/product"}],"about":[{"href":"https:\/\/vieteco.com\/en\/wp-json\/wp\/v2\/types\/product"}],"replies":[{"embeddable":true,"href":"https:\/\/vieteco.com\/en\/wp-json\/wp\/v2\/comments?post=1796"}],"wp:featuredmedia":[{"embeddable":true,"href":"https:\/\/vieteco.com\/en\/wp-json\/wp\/v2\/media\/2582"}],"wp:attachment":[{"href":"https:\/\/vieteco.com\/en\/wp-json\/wp\/v2\/media?parent=1796"}],"wp:term":[{"taxonomy":"product_brand","embeddable":true,"href":"https:\/\/vieteco.com\/en\/wp-json\/wp\/v2\/product_brand?post=1796"},{"taxonomy":"product_cat","embeddable":true,"href":"https:\/\/vieteco.com\/en\/wp-json\/wp\/v2\/product_cat?post=1796"},{"taxonomy":"product_tag","embeddable":true,"href":"https:\/\/vieteco.com\/en\/wp-json\/wp\/v2\/product_tag?post=1796"}],"curies":[{"name":"wp","href":"https:\/\/api.w.org\/{rel}","templated":true}]}}