{"id":1783,"date":"2024-06-28T06:15:33","date_gmt":"2024-06-28T06:15:33","guid":{"rendered":"https:\/\/vieteco.com\/?post_type=product&#038;p=1783"},"modified":"2025-02-10T08:31:20","modified_gmt":"2025-02-10T08:31:20","slug":"he-cua-lua-93","status":"publish","type":"product","link":"https:\/\/vieteco.com\/en\/product\/he-cua-lua-93\/","title":{"rendered":"Sliding 93 System"},"content":{"rendered":"<p><span style=\"font-weight: 400;\">&#8211; Nh\u00f4m h\u1ec7 93 \u0111\u01b0\u1ee3c \u1ee9ng d\u1ee5ng trong thi\u1ebft k\u1ebf c\u1eeda \u0111i v\u00e0 c\u1eeda s\u1ed5 m\u1edf tr\u01b0\u1ee3t (l\u00f9a) gi\u00fap ti\u1ebft ki\u1ec7m kh\u00f4ng gian, \u0111\u1eb7c bi\u1ec7t l\u00e0 \u1edf nh\u1eefng n\u01a1i c\u00f3 di\u1ec7n t\u00edch nh\u1ecf h\u1eb9p.\u00a0<\/span><\/p>\n<p><span style=\"font-weight: 400;\">&#8211; D\u00f2ng nh\u00f4m n\u00e0y ngo\u00e0i ch\u1ea5t l\u01b0\u1ee3ng t\u1ed1t v\u00e0 b\u1ec1n b\u1ec9 th\u00ec c\u00f2n c\u00f3 t\u00ednh th\u1ea9m m\u1ef9 cao n\u00ean r\u1ea5t ph\u00f9 h\u1ee3p v\u1edbi chung c\u01b0 cao c\u1ea5p, resort hay bi\u1ec7t th\u1ef1.<\/span><\/p>\n<p><span style=\"font-weight: 400;\">&#8211; C\u1eeda c\u00f3 t\u00ednh c\u00e1ch nhi\u1ec7t v\u00e0 c\u00e1ch \u00e2m c\u1ef1c k\u1ef3 t\u1ed1t n\u00ean \u0111\u1ea3m b\u1ea3o s\u1ef1 tho\u1ea3i m\u00e1i t\u1ed1i \u0111a cho gia ch\u1ee7 khi s\u1eed d\u1ee5ng.<\/span><\/p>\n<p><span style=\"font-weight: 400;\">&#8211; \u0110a d\u1ea1ng c\u00e1c m\u00e0u s\u01a1n t\u0129nh \u0111i\u1ec7n nh\u01b0 X\u00e1m \u0111\u00e1, N\u00e2u cafe, Tr\u1eafng s\u1ee9, c\u00f9ng c\u00e1c m\u00e0u v\u00e2n g\u1ed7 kh\u00e1c \u0111\u01b0\u1ee3c kh\u00e1ch h\u00e0ng s\u0103n \u0111\u00f3n, ph\u00f9 h\u1ee3p v\u1edbi nhi\u1ec1u phong c\u00e1ch c\u00f4ng tr\u00ecnh, ki\u1ebfn tr\u00fac x\u00e2y d\u1ef1ng<\/span><\/p>\n<p><span style=\"font-weight: 400;\">&#8211; S\u1ea3n ph\u1ea9m t\u1ed1i \u01b0u s\u1ed1 l\u01b0\u1ee3ng m\u00e3 c\u00e2y \u0111\u1ec3 c\u1ea5u th\u00e0nh b\u1ed9 c\u1eeda, gi\u1ea3m thi\u1ec3u l\u01b0\u1ee3ng \u0111\u1ec1 x\u00ea v\u00e0 t\u1ed1i \u01b0u h\u00f3a trong s\u1ea3n xu\u1ea5t.<\/span><\/p>\n<p>&nbsp;<\/p>\n<p><img loading=\"lazy\" decoding=\"async\" class=\"alignnone size-full wp-image-2590\" src=\"https:\/\/vieteco.com\/wp-content\/uploads\/2024\/06\/2-4-scaled-1.jpg\" alt=\"\" width=\"1810\" height=\"2560\" srcset=\"https:\/\/vieteco.com\/wp-content\/uploads\/2024\/06\/2-4-scaled-1.jpg 1810w, https:\/\/vieteco.com\/wp-content\/uploads\/2024\/06\/2-4-scaled-1-283x400.jpg 283w, https:\/\/vieteco.com\/wp-content\/uploads\/2024\/06\/2-4-scaled-1-724x1024.jpg 724w, https:\/\/vieteco.com\/wp-content\/uploads\/2024\/06\/2-4-scaled-1-318x450.jpg 318w, https:\/\/vieteco.com\/wp-content\/uploads\/2024\/06\/2-4-scaled-1-768x1086.jpg 768w, https:\/\/vieteco.com\/wp-content\/uploads\/2024\/06\/2-4-scaled-1-1086x1536.jpg 1086w, https:\/\/vieteco.com\/wp-content\/uploads\/2024\/06\/2-4-scaled-1-1448x2048.jpg 1448w, https:\/\/vieteco.com\/wp-content\/uploads\/2024\/06\/2-4-scaled-1-8x12.jpg 8w, https:\/\/vieteco.com\/wp-content\/uploads\/2024\/06\/2-4-scaled-1-510x721.jpg 510w\" sizes=\"auto, (max-width: 1810px) 100vw, 1810px\" \/><img loading=\"lazy\" decoding=\"async\" class=\"alignnone size-full wp-image-2589\" src=\"https:\/\/vieteco.com\/wp-content\/uploads\/2024\/06\/3-3-scaled-2.jpg\" alt=\"\" width=\"1810\" height=\"2560\" srcset=\"https:\/\/vieteco.com\/wp-content\/uploads\/2024\/06\/3-3-scaled-2.jpg 1810w, https:\/\/vieteco.com\/wp-content\/uploads\/2024\/06\/3-3-scaled-2-283x400.jpg 283w, https:\/\/vieteco.com\/wp-content\/uploads\/2024\/06\/3-3-scaled-2-724x1024.jpg 724w, https:\/\/vieteco.com\/wp-content\/uploads\/2024\/06\/3-3-scaled-2-318x450.jpg 318w, https:\/\/vieteco.com\/wp-content\/uploads\/2024\/06\/3-3-scaled-2-768x1086.jpg 768w, https:\/\/vieteco.com\/wp-content\/uploads\/2024\/06\/3-3-scaled-2-1086x1536.jpg 1086w, https:\/\/vieteco.com\/wp-content\/uploads\/2024\/06\/3-3-scaled-2-1448x2048.jpg 1448w, https:\/\/vieteco.com\/wp-content\/uploads\/2024\/06\/3-3-scaled-2-8x12.jpg 8w, https:\/\/vieteco.com\/wp-content\/uploads\/2024\/06\/3-3-scaled-2-510x721.jpg 510w\" sizes=\"auto, (max-width: 1810px) 100vw, 1810px\" \/><img loading=\"lazy\" decoding=\"async\" class=\"alignnone size-full wp-image-2588\" src=\"https:\/\/vieteco.com\/wp-content\/uploads\/2024\/06\/4-2-scaled-1.jpg\" alt=\"\" width=\"1810\" height=\"2560\" srcset=\"https:\/\/vieteco.com\/wp-content\/uploads\/2024\/06\/4-2-scaled-1.jpg 1810w, https:\/\/vieteco.com\/wp-content\/uploads\/2024\/06\/4-2-scaled-1-283x400.jpg 283w, https:\/\/vieteco.com\/wp-content\/uploads\/2024\/06\/4-2-scaled-1-724x1024.jpg 724w, https:\/\/vieteco.com\/wp-content\/uploads\/2024\/06\/4-2-scaled-1-318x450.jpg 318w, https:\/\/vieteco.com\/wp-content\/uploads\/2024\/06\/4-2-scaled-1-768x1086.jpg 768w, https:\/\/vieteco.com\/wp-content\/uploads\/2024\/06\/4-2-scaled-1-1086x1536.jpg 1086w, https:\/\/vieteco.com\/wp-content\/uploads\/2024\/06\/4-2-scaled-1-1448x2048.jpg 1448w, https:\/\/vieteco.com\/wp-content\/uploads\/2024\/06\/4-2-scaled-1-8x12.jpg 8w, https:\/\/vieteco.com\/wp-content\/uploads\/2024\/06\/4-2-scaled-1-510x721.jpg 510w\" sizes=\"auto, (max-width: 1810px) 100vw, 1810px\" \/><\/p>","protected":false},"excerpt":{"rendered":"<p><span style=\"font-weight: 400;\">The 93 sliding door system is the perfect combination of aesthetics and superior functionality. With modern design, soundproofing, heat insulation and high airtightness, this door system is a good choice for modern construction projects.<\/span><\/p>","protected":false},"featured_media":2592,"comment_status":"open","ping_status":"closed","template":"","meta":[],"product_brand":[],"product_cat":[101],"product_tag":[],"class_list":{"0":"post-1783","1":"product","2":"type-product","3":"status-publish","4":"has-post-thumbnail","6":"product_cat-he-xingfa-cua-lua-93","8":"first","9":"instock","10":"shipping-taxable","11":"product-type-simple"},"yoast_head":"<!-- This site is optimized with the Yoast SEO plugin v24.9 - https:\/\/yoast.com\/wordpress\/plugins\/seo\/ -->\n<title>H\u1ec7 c\u1eeda l\u00f9a 93 - C\u00f4ng ty TNHH Chi\u1ebfn Th\u1eafng Trading Vietnam<\/title>\n<meta name=\"description\" content=\"H\u1ec7 c\u1eeda \u0111i l\u00f9a 93 l\u00e0 s\u1ef1 k\u1ebft h\u1ee3p ho\u00e0n h\u1ea3o gi\u1eefa t\u00ednh th\u1ea9m m\u1ef9 v\u00e0 c\u00f4ng n\u0103ng v\u01b0\u1ee3t tr\u1ed9i. V\u1edbi thi\u1ebft k\u1ebf hi\u1ec7n \u0111\u1ea1i, kh\u1ea3 n\u0103ng c\u00e1ch \u00e2m, c\u00e1ch nhi\u1ec7t v\u00e0 \u0111\u1ed9 k\u00edn kh\u00edt cao, h\u1ec7 c\u1eeda n\u00e0y l\u00e0 l\u1ef1a ch\u1ecdn t\u1ed1t cho c\u00e1c c\u00f4ng tr\u00ecnh x\u00e2y d\u1ef1ng hi\u1ec7n \u0111\u1ea1i.\" \/>\n<meta name=\"robots\" content=\"index, follow, max-snippet:-1, max-image-preview:large, max-video-preview:-1\" \/>\n<link rel=\"canonical\" href=\"https:\/\/vieteco.com\/en\/product\/he-cua-lua-93\/\" \/>\n<meta property=\"og:locale\" content=\"en_US\" \/>\n<meta property=\"og:type\" content=\"article\" \/>\n<meta property=\"og:title\" content=\"H\u1ec7 c\u1eeda l\u00f9a 93 - C\u00f4ng ty TNHH Chi\u1ebfn Th\u1eafng Trading Vietnam\" \/>\n<meta property=\"og:description\" content=\"H\u1ec7 c\u1eeda \u0111i l\u00f9a 93 l\u00e0 s\u1ef1 k\u1ebft h\u1ee3p ho\u00e0n h\u1ea3o gi\u1eefa t\u00ednh th\u1ea9m m\u1ef9 v\u00e0 c\u00f4ng n\u0103ng v\u01b0\u1ee3t tr\u1ed9i. V\u1edbi thi\u1ebft k\u1ebf hi\u1ec7n \u0111\u1ea1i, kh\u1ea3 n\u0103ng c\u00e1ch \u00e2m, c\u00e1ch nhi\u1ec7t v\u00e0 \u0111\u1ed9 k\u00edn kh\u00edt cao, h\u1ec7 c\u1eeda n\u00e0y l\u00e0 l\u1ef1a ch\u1ecdn t\u1ed1t cho c\u00e1c c\u00f4ng tr\u00ecnh x\u00e2y d\u1ef1ng hi\u1ec7n \u0111\u1ea1i.\" \/>\n<meta property=\"og:url\" content=\"https:\/\/vieteco.com\/en\/product\/he-cua-lua-93\/\" \/>\n<meta property=\"og:site_name\" content=\"C\u00d4NG TY TNHH ALUMINUM VI\u1ec6T ECO\" \/>\n<meta property=\"article:modified_time\" content=\"2025-02-10T08:31:20+00:00\" \/>\n<meta property=\"og:image\" content=\"https:\/\/vieteco.com\/wp-content\/uploads\/2024\/06\/mau-goc.jpg\" \/>\n\t<meta property=\"og:image:width\" content=\"2500\" \/>\n\t<meta property=\"og:image:height\" content=\"2500\" \/>\n\t<meta property=\"og:image:type\" content=\"image\/jpeg\" \/>\n<meta name=\"twitter:card\" content=\"summary_large_image\" \/>\n<meta name=\"twitter:label1\" content=\"Est. reading time\" \/>\n\t<meta name=\"twitter:data1\" content=\"2 minutes\" \/>\n<script type=\"application\/ld+json\" class=\"yoast-schema-graph\">{\"@context\":\"https:\/\/schema.org\",\"@graph\":[{\"@type\":\"WebPage\",\"@id\":\"https:\/\/vieteco.com\/san-pham\/he-cua-lua-93\/\",\"url\":\"https:\/\/vieteco.com\/san-pham\/he-cua-lua-93\/\",\"name\":\"H\u1ec7 c\u1eeda l\u00f9a 93 - C\u00f4ng ty TNHH Chi\u1ebfn Th\u1eafng Trading Vietnam\",\"isPartOf\":{\"@id\":\"https:\/\/vieteco.com\/#website\"},\"primaryImageOfPage\":{\"@id\":\"https:\/\/vieteco.com\/san-pham\/he-cua-lua-93\/#primaryimage\"},\"image\":{\"@id\":\"https:\/\/vieteco.com\/san-pham\/he-cua-lua-93\/#primaryimage\"},\"thumbnailUrl\":\"https:\/\/vieteco.com\/wp-content\/uploads\/2024\/06\/mau-goc.jpg\",\"datePublished\":\"2024-06-28T06:15:33+00:00\",\"dateModified\":\"2025-02-10T08:31:20+00:00\",\"description\":\"H\u1ec7 c\u1eeda \u0111i l\u00f9a 93 l\u00e0 s\u1ef1 k\u1ebft h\u1ee3p ho\u00e0n h\u1ea3o gi\u1eefa t\u00ednh th\u1ea9m m\u1ef9 v\u00e0 c\u00f4ng n\u0103ng v\u01b0\u1ee3t tr\u1ed9i. V\u1edbi thi\u1ebft k\u1ebf hi\u1ec7n \u0111\u1ea1i, kh\u1ea3 n\u0103ng c\u00e1ch \u00e2m, c\u00e1ch nhi\u1ec7t v\u00e0 \u0111\u1ed9 k\u00edn kh\u00edt cao, h\u1ec7 c\u1eeda n\u00e0y l\u00e0 l\u1ef1a ch\u1ecdn t\u1ed1t cho c\u00e1c c\u00f4ng tr\u00ecnh x\u00e2y d\u1ef1ng hi\u1ec7n \u0111\u1ea1i.\",\"breadcrumb\":{\"@id\":\"https:\/\/vieteco.com\/san-pham\/he-cua-lua-93\/#breadcrumb\"},\"inLanguage\":\"en-US\",\"potentialAction\":[{\"@type\":\"ReadAction\",\"target\":[\"https:\/\/vieteco.com\/san-pham\/he-cua-lua-93\/\"]}]},{\"@type\":\"ImageObject\",\"inLanguage\":\"en-US\",\"@id\":\"https:\/\/vieteco.com\/san-pham\/he-cua-lua-93\/#primaryimage\",\"url\":\"https:\/\/vieteco.com\/wp-content\/uploads\/2024\/06\/mau-goc.jpg\",\"contentUrl\":\"https:\/\/vieteco.com\/wp-content\/uploads\/2024\/06\/mau-goc.jpg\",\"width\":2500,\"height\":2500},{\"@type\":\"BreadcrumbList\",\"@id\":\"https:\/\/vieteco.com\/san-pham\/he-cua-lua-93\/#breadcrumb\",\"itemListElement\":[{\"@type\":\"ListItem\",\"position\":1,\"name\":\"Home\",\"item\":\"https:\/\/vieteco.com\/\"},{\"@type\":\"ListItem\",\"position\":2,\"name\":\"Shop\",\"item\":\"https:\/\/vieteco.com\/shop\/\"},{\"@type\":\"ListItem\",\"position\":3,\"name\":\"H\u1ec7 c\u1eeda l\u00f9a 93\"}]},{\"@type\":\"WebSite\",\"@id\":\"https:\/\/vieteco.com\/#website\",\"url\":\"https:\/\/vieteco.com\/\",\"name\":\"C\u00d4NG TY TNHH ALUMINUM VI\u1ec6T ECO\",\"description\":\"\",\"publisher\":{\"@id\":\"https:\/\/vieteco.com\/#organization\"},\"potentialAction\":[{\"@type\":\"SearchAction\",\"target\":{\"@type\":\"EntryPoint\",\"urlTemplate\":\"https:\/\/vieteco.com\/?s={search_term_string}\"},\"query-input\":{\"@type\":\"PropertyValueSpecification\",\"valueRequired\":true,\"valueName\":\"search_term_string\"}}],\"inLanguage\":\"en-US\"},{\"@type\":\"Organization\",\"@id\":\"https:\/\/vieteco.com\/#organization\",\"name\":\"C\u00d4NG TY TNHH ALUMINUM VI\u1ec6T ECO\",\"url\":\"https:\/\/vieteco.com\/\",\"logo\":{\"@type\":\"ImageObject\",\"inLanguage\":\"en-US\",\"@id\":\"https:\/\/vieteco.com\/#\/schema\/logo\/image\/\",\"url\":\"https:\/\/vieteco.com\/wp-content\/uploads\/2025\/05\/cropped-Logo-VEC-doc-scaled-1.png\",\"contentUrl\":\"https:\/\/vieteco.com\/wp-content\/uploads\/2025\/05\/cropped-Logo-VEC-doc-scaled-1.png\",\"width\":512,\"height\":512,\"caption\":\"C\u00d4NG TY TNHH ALUMINUM VI\u1ec6T ECO\"},\"image\":{\"@id\":\"https:\/\/vieteco.com\/#\/schema\/logo\/image\/\"}}]}<\/script>\n<!-- \/ Yoast SEO plugin. -->","yoast_head_json":{"title":"H\u1ec7 c\u1eeda l\u00f9a 93 - C\u00f4ng ty TNHH Chi\u1ebfn Th\u1eafng Trading Vietnam","description":"H\u1ec7 c\u1eeda \u0111i l\u00f9a 93 l\u00e0 s\u1ef1 k\u1ebft h\u1ee3p ho\u00e0n h\u1ea3o gi\u1eefa t\u00ednh th\u1ea9m m\u1ef9 v\u00e0 c\u00f4ng n\u0103ng v\u01b0\u1ee3t tr\u1ed9i. V\u1edbi thi\u1ebft k\u1ebf hi\u1ec7n \u0111\u1ea1i, kh\u1ea3 n\u0103ng c\u00e1ch \u00e2m, c\u00e1ch nhi\u1ec7t v\u00e0 \u0111\u1ed9 k\u00edn kh\u00edt cao, h\u1ec7 c\u1eeda n\u00e0y l\u00e0 l\u1ef1a ch\u1ecdn t\u1ed1t cho c\u00e1c c\u00f4ng tr\u00ecnh x\u00e2y d\u1ef1ng hi\u1ec7n \u0111\u1ea1i.","robots":{"index":"index","follow":"follow","max-snippet":"max-snippet:-1","max-image-preview":"max-image-preview:large","max-video-preview":"max-video-preview:-1"},"canonical":"https:\/\/vieteco.com\/en\/product\/he-cua-lua-93\/","og_locale":"en_US","og_type":"article","og_title":"H\u1ec7 c\u1eeda l\u00f9a 93 - C\u00f4ng ty TNHH Chi\u1ebfn Th\u1eafng Trading Vietnam","og_description":"H\u1ec7 c\u1eeda \u0111i l\u00f9a 93 l\u00e0 s\u1ef1 k\u1ebft h\u1ee3p ho\u00e0n h\u1ea3o gi\u1eefa t\u00ednh th\u1ea9m m\u1ef9 v\u00e0 c\u00f4ng n\u0103ng v\u01b0\u1ee3t tr\u1ed9i. V\u1edbi thi\u1ebft k\u1ebf hi\u1ec7n \u0111\u1ea1i, kh\u1ea3 n\u0103ng c\u00e1ch \u00e2m, c\u00e1ch nhi\u1ec7t v\u00e0 \u0111\u1ed9 k\u00edn kh\u00edt cao, h\u1ec7 c\u1eeda n\u00e0y l\u00e0 l\u1ef1a ch\u1ecdn t\u1ed1t cho c\u00e1c c\u00f4ng tr\u00ecnh x\u00e2y d\u1ef1ng hi\u1ec7n \u0111\u1ea1i.","og_url":"https:\/\/vieteco.com\/en\/product\/he-cua-lua-93\/","og_site_name":"C\u00d4NG TY TNHH ALUMINUM VI\u1ec6T ECO","article_modified_time":"2025-02-10T08:31:20+00:00","og_image":[{"width":2500,"height":2500,"url":"https:\/\/vieteco.com\/wp-content\/uploads\/2024\/06\/mau-goc.jpg","type":"image\/jpeg"}],"twitter_card":"summary_large_image","twitter_misc":{"Est. reading time":"2 minutes"},"schema":{"@context":"https:\/\/schema.org","@graph":[{"@type":"WebPage","@id":"https:\/\/vieteco.com\/san-pham\/he-cua-lua-93\/","url":"https:\/\/vieteco.com\/san-pham\/he-cua-lua-93\/","name":"H\u1ec7 c\u1eeda l\u00f9a 93 - C\u00f4ng ty TNHH Chi\u1ebfn Th\u1eafng Trading Vietnam","isPartOf":{"@id":"https:\/\/vieteco.com\/#website"},"primaryImageOfPage":{"@id":"https:\/\/vieteco.com\/san-pham\/he-cua-lua-93\/#primaryimage"},"image":{"@id":"https:\/\/vieteco.com\/san-pham\/he-cua-lua-93\/#primaryimage"},"thumbnailUrl":"https:\/\/vieteco.com\/wp-content\/uploads\/2024\/06\/mau-goc.jpg","datePublished":"2024-06-28T06:15:33+00:00","dateModified":"2025-02-10T08:31:20+00:00","description":"H\u1ec7 c\u1eeda \u0111i l\u00f9a 93 l\u00e0 s\u1ef1 k\u1ebft h\u1ee3p ho\u00e0n h\u1ea3o gi\u1eefa t\u00ednh th\u1ea9m m\u1ef9 v\u00e0 c\u00f4ng n\u0103ng v\u01b0\u1ee3t tr\u1ed9i. V\u1edbi thi\u1ebft k\u1ebf hi\u1ec7n \u0111\u1ea1i, kh\u1ea3 n\u0103ng c\u00e1ch \u00e2m, c\u00e1ch nhi\u1ec7t v\u00e0 \u0111\u1ed9 k\u00edn kh\u00edt cao, h\u1ec7 c\u1eeda n\u00e0y l\u00e0 l\u1ef1a ch\u1ecdn t\u1ed1t cho c\u00e1c c\u00f4ng tr\u00ecnh x\u00e2y d\u1ef1ng hi\u1ec7n \u0111\u1ea1i.","breadcrumb":{"@id":"https:\/\/vieteco.com\/san-pham\/he-cua-lua-93\/#breadcrumb"},"inLanguage":"en-US","potentialAction":[{"@type":"ReadAction","target":["https:\/\/vieteco.com\/san-pham\/he-cua-lua-93\/"]}]},{"@type":"ImageObject","inLanguage":"en-US","@id":"https:\/\/vieteco.com\/san-pham\/he-cua-lua-93\/#primaryimage","url":"https:\/\/vieteco.com\/wp-content\/uploads\/2024\/06\/mau-goc.jpg","contentUrl":"https:\/\/vieteco.com\/wp-content\/uploads\/2024\/06\/mau-goc.jpg","width":2500,"height":2500},{"@type":"BreadcrumbList","@id":"https:\/\/vieteco.com\/san-pham\/he-cua-lua-93\/#breadcrumb","itemListElement":[{"@type":"ListItem","position":1,"name":"Home","item":"https:\/\/vieteco.com\/"},{"@type":"ListItem","position":2,"name":"Shop","item":"https:\/\/vieteco.com\/shop\/"},{"@type":"ListItem","position":3,"name":"H\u1ec7 c\u1eeda l\u00f9a 93"}]},{"@type":"WebSite","@id":"https:\/\/vieteco.com\/#website","url":"https:\/\/vieteco.com\/","name":"C\u00d4NG TY TNHH ALUMINUM VI\u1ec6T ECO","description":"","publisher":{"@id":"https:\/\/vieteco.com\/#organization"},"potentialAction":[{"@type":"SearchAction","target":{"@type":"EntryPoint","urlTemplate":"https:\/\/vieteco.com\/?s={search_term_string}"},"query-input":{"@type":"PropertyValueSpecification","valueRequired":true,"valueName":"search_term_string"}}],"inLanguage":"en-US"},{"@type":"Organization","@id":"https:\/\/vieteco.com\/#organization","name":"C\u00d4NG TY TNHH ALUMINUM VI\u1ec6T ECO","url":"https:\/\/vieteco.com\/","logo":{"@type":"ImageObject","inLanguage":"en-US","@id":"https:\/\/vieteco.com\/#\/schema\/logo\/image\/","url":"https:\/\/vieteco.com\/wp-content\/uploads\/2025\/05\/cropped-Logo-VEC-doc-scaled-1.png","contentUrl":"https:\/\/vieteco.com\/wp-content\/uploads\/2025\/05\/cropped-Logo-VEC-doc-scaled-1.png","width":512,"height":512,"caption":"C\u00d4NG TY TNHH ALUMINUM VI\u1ec6T ECO"},"image":{"@id":"https:\/\/vieteco.com\/#\/schema\/logo\/image\/"}}]}},"_links":{"self":[{"href":"https:\/\/vieteco.com\/en\/wp-json\/wp\/v2\/product\/1783","targetHints":{"allow":["GET"]}}],"collection":[{"href":"https:\/\/vieteco.com\/en\/wp-json\/wp\/v2\/product"}],"about":[{"href":"https:\/\/vieteco.com\/en\/wp-json\/wp\/v2\/types\/product"}],"replies":[{"embeddable":true,"href":"https:\/\/vieteco.com\/en\/wp-json\/wp\/v2\/comments?post=1783"}],"wp:featuredmedia":[{"embeddable":true,"href":"https:\/\/vieteco.com\/en\/wp-json\/wp\/v2\/media\/2592"}],"wp:attachment":[{"href":"https:\/\/vieteco.com\/en\/wp-json\/wp\/v2\/media?parent=1783"}],"wp:term":[{"taxonomy":"product_brand","embeddable":true,"href":"https:\/\/vieteco.com\/en\/wp-json\/wp\/v2\/product_brand?post=1783"},{"taxonomy":"product_cat","embeddable":true,"href":"https:\/\/vieteco.com\/en\/wp-json\/wp\/v2\/product_cat?post=1783"},{"taxonomy":"product_tag","embeddable":true,"href":"https:\/\/vieteco.com\/en\/wp-json\/wp\/v2\/product_tag?post=1783"}],"curies":[{"name":"wp","href":"https:\/\/api.w.org\/{rel}","templated":true}]}}