{"id":1782,"date":"2024-06-28T04:30:21","date_gmt":"2024-06-28T04:30:21","guid":{"rendered":"https:\/\/vieteco.com\/?post_type=product&#038;p=1782"},"modified":"2025-02-10T08:56:18","modified_gmt":"2025-02-10T08:56:18","slug":"he-thuy-luc-3","status":"publish","type":"product","link":"https:\/\/vieteco.com\/en\/product\/he-thuy-luc-3\/","title":{"rendered":"Hydraulic System"},"content":{"rendered":"<p>\u2013 \u01afu \u0111i\u1ec3m l\u1edbn nh\u1ea5t c\u1ee7a h\u1ec7 th\u1ee7y l\u1ef1c \u0111\u00f3 l\u00e0 kh\u1ea3 n\u0103ng truy\u1ec1n \u0111\u1ed9ng v\u1edbi \u00e1p l\u1ef1c l\u1edbn v\u00e0 c\u00f4ng su\u1ea5t cao n\u00ean h\u1ec7 th\u1ed1ng c\u00f3 th\u1ec3 l\u00e0m vi\u1ec7c v\u1edbi ch\u1ebf \u0111\u1ed9 n\u1eb7ng v\u00e0 li\u00ean t\u1ee5c.<\/p>\n<p>\u2013 C\u01a1 c\u1ea5u h\u1ec7 th\u1ed1ng \u0111\u01a1n gi\u1ea3n n\u00ean kh\u00f4ng c\u1ea7n t\u1ed1n qu\u00e1 nhi\u1ec1u th\u1eddi gian v\u00e0 c\u00f4ng s\u1ee9c cho vi\u1ec7c b\u1ea3o tr\u00ec, b\u1ea3o d\u01b0\u1ee1ng v\u00e0 ch\u0103m s\u00f3c.<\/p>\n<p>\u2013 C\u00e1c m\u00e3 s\u1eadp \u0111\u01b0\u1ee3c d\u00f9ng chung v\u1edbi h\u1ec7 xingfa, gi\u1ea3m \u0111\u1ec1 x\u00ea v\u00e0 t\u1ea3i l\u01b0\u1ee3ng h\u00e0ng t\u1ed3n cho \u0111\u1ea1i l\u00fd c\u0169ng nh\u01b0 nh\u00e0 s\u1ea3n xu\u1ea5t.<\/p>\n<p>\u2013 H\u1ec7 th\u1ee7y l\u1ef1c c\u00f2n n\u1ed5i b\u1eadt v\u1edbi kh\u1ea3 n\u0103ng c\u00e1ch \u00e2m, c\u00e1ch nhi\u1ec7t v\u00e0 gi\u1ea3m ti\u1ebfng \u1ed3n hi\u1ec7u qu\u1ea3 cho c\u00f4ng tr\u00ecnh khi s\u1eed d\u1ee5ng<\/p>\n<p>\u2013 \u0110\u1ed3ng th\u1eddi, t\u1eadn d\u1ee5ng t\u1ed1i \u0111a \u00e1nh s\u00e1ng t\u1ef1 nhi\u00ean mang \u0111\u1ebfn c\u1ea3m gi\u00e1c r\u1ed9ng r\u00e3i v\u00e0 tho\u00e1ng m\u00e1t cho ng\u00f4i nh\u00e0.<\/p>\n<p><img loading=\"lazy\" decoding=\"async\" class=\"alignnone size-full wp-image-2594\" src=\"https:\/\/vieteco.com\/wp-content\/uploads\/2024\/06\/3-2-scaled-1.jpg\" alt=\"\" width=\"1810\" height=\"2560\" srcset=\"https:\/\/vieteco.com\/wp-content\/uploads\/2024\/06\/3-2-scaled-1.jpg 1810w, https:\/\/vieteco.com\/wp-content\/uploads\/2024\/06\/3-2-scaled-1-283x400.jpg 283w, https:\/\/vieteco.com\/wp-content\/uploads\/2024\/06\/3-2-scaled-1-724x1024.jpg 724w, https:\/\/vieteco.com\/wp-content\/uploads\/2024\/06\/3-2-scaled-1-318x450.jpg 318w, https:\/\/vieteco.com\/wp-content\/uploads\/2024\/06\/3-2-scaled-1-768x1086.jpg 768w, https:\/\/vieteco.com\/wp-content\/uploads\/2024\/06\/3-2-scaled-1-1086x1536.jpg 1086w, https:\/\/vieteco.com\/wp-content\/uploads\/2024\/06\/3-2-scaled-1-1448x2048.jpg 1448w, https:\/\/vieteco.com\/wp-content\/uploads\/2024\/06\/3-2-scaled-1-8x12.jpg 8w, https:\/\/vieteco.com\/wp-content\/uploads\/2024\/06\/3-2-scaled-1-510x721.jpg 510w\" sizes=\"auto, (max-width: 1810px) 100vw, 1810px\" \/><img loading=\"lazy\" decoding=\"async\" class=\"alignnone size-full wp-image-2593\" src=\"https:\/\/vieteco.com\/wp-content\/uploads\/2024\/06\/1-3-scaled-2.jpg\" alt=\"\" width=\"1809\" height=\"2560\" srcset=\"https:\/\/vieteco.com\/wp-content\/uploads\/2024\/06\/1-3-scaled-2.jpg 1809w, https:\/\/vieteco.com\/wp-content\/uploads\/2024\/06\/1-3-scaled-2-283x400.jpg 283w, https:\/\/vieteco.com\/wp-content\/uploads\/2024\/06\/1-3-scaled-2-724x1024.jpg 724w, https:\/\/vieteco.com\/wp-content\/uploads\/2024\/06\/1-3-scaled-2-318x450.jpg 318w, https:\/\/vieteco.com\/wp-content\/uploads\/2024\/06\/1-3-scaled-2-768x1087.jpg 768w, https:\/\/vieteco.com\/wp-content\/uploads\/2024\/06\/1-3-scaled-2-1085x1536.jpg 1085w, https:\/\/vieteco.com\/wp-content\/uploads\/2024\/06\/1-3-scaled-2-1447x2048.jpg 1447w, https:\/\/vieteco.com\/wp-content\/uploads\/2024\/06\/1-3-scaled-2-8x12.jpg 8w, https:\/\/vieteco.com\/wp-content\/uploads\/2024\/06\/1-3-scaled-2-510x722.jpg 510w\" sizes=\"auto, (max-width: 1809px) 100vw, 1809px\" \/><\/p>","protected":false},"excerpt":{"rendered":"<p>An aluminum door system that can open both inward and outward. The hydraulic system is suitable for main doors and entrances to large buildings and shopping centers as a luxurious and impressive highlight.<\/p>","protected":false},"featured_media":2595,"comment_status":"open","ping_status":"closed","template":"","meta":[],"product_brand":[],"product_cat":[69],"product_tag":[],"class_list":{"0":"post-1782","1":"product","2":"type-product","3":"status-publish","4":"has-post-thumbnail","6":"product_cat-he-cua-thuy-luc","8":"first","9":"instock","10":"shipping-taxable","11":"product-type-simple"},"yoast_head":"<!-- This site is optimized with the Yoast SEO plugin v24.9 - https:\/\/yoast.com\/wordpress\/plugins\/seo\/ -->\n<title>H\u1ec7 th\u1ee7y l\u1ef1c - Chi\u1ebfn Th\u1eafng Trading Vietnam<\/title>\n<meta name=\"description\" content=\"L\u00e0 h\u1ec7 c\u1eeda nh\u00f4m c\u00f3 th\u1ec3 m\u1edf c\u1ea3 v\u00e0o trong l\u1eabn ra ngo\u00e0i, h\u1ec7 th\u1ee7y l\u1ef1c th\u00edch h\u1ee3p cho c\u1eeda ch\u00ednh, c\u1eeda ra v\u00e0o c\u00e1c t\u00f2a nh\u00e0, trung t\u00e2m th\u01b0\u01a1ng m\u1ea1i c\u00f3 di\u1ec7n t\u00edch l\u1edbn nh\u1eb1m t\u1ea1o \u0111i\u1ec3m nh\u1ea5n sang tr\u1ecdng v\u00e0 \u1ea5n t\u01b0\u1ee3ng.\" \/>\n<meta name=\"robots\" content=\"index, follow, max-snippet:-1, max-image-preview:large, max-video-preview:-1\" \/>\n<link rel=\"canonical\" href=\"https:\/\/vieteco.com\/en\/product\/he-thuy-luc-3\/\" \/>\n<meta property=\"og:locale\" content=\"en_US\" \/>\n<meta property=\"og:type\" content=\"article\" \/>\n<meta property=\"og:title\" content=\"H\u1ec7 th\u1ee7y l\u1ef1c - Chi\u1ebfn Th\u1eafng Trading Vietnam\" \/>\n<meta property=\"og:description\" content=\"L\u00e0 h\u1ec7 c\u1eeda nh\u00f4m c\u00f3 th\u1ec3 m\u1edf c\u1ea3 v\u00e0o trong l\u1eabn ra ngo\u00e0i, h\u1ec7 th\u1ee7y l\u1ef1c th\u00edch h\u1ee3p cho c\u1eeda ch\u00ednh, c\u1eeda ra v\u00e0o c\u00e1c t\u00f2a nh\u00e0, trung t\u00e2m th\u01b0\u01a1ng m\u1ea1i c\u00f3 di\u1ec7n t\u00edch l\u1edbn nh\u1eb1m t\u1ea1o \u0111i\u1ec3m nh\u1ea5n sang tr\u1ecdng v\u00e0 \u1ea5n t\u01b0\u1ee3ng.\" \/>\n<meta property=\"og:url\" content=\"https:\/\/vieteco.com\/en\/product\/he-thuy-luc-3\/\" \/>\n<meta property=\"og:site_name\" content=\"C\u00d4NG TY TNHH ALUMINUM VI\u1ec6T ECO\" \/>\n<meta property=\"article:modified_time\" content=\"2025-02-10T08:56:18+00:00\" \/>\n<meta property=\"og:image\" content=\"https:\/\/vieteco.com\/wp-content\/uploads\/2024\/06\/2-3.jpg\" \/>\n\t<meta property=\"og:image:width\" content=\"1403\" \/>\n\t<meta property=\"og:image:height\" content=\"1403\" \/>\n\t<meta property=\"og:image:type\" content=\"image\/jpeg\" \/>\n<meta name=\"twitter:card\" content=\"summary_large_image\" \/>\n<meta name=\"twitter:label1\" content=\"Est. reading time\" \/>\n\t<meta name=\"twitter:data1\" content=\"2 minutes\" \/>\n<script type=\"application\/ld+json\" class=\"yoast-schema-graph\">{\"@context\":\"https:\/\/schema.org\",\"@graph\":[{\"@type\":\"WebPage\",\"@id\":\"https:\/\/vieteco.com\/san-pham\/he-thuy-luc-3\/\",\"url\":\"https:\/\/vieteco.com\/san-pham\/he-thuy-luc-3\/\",\"name\":\"H\u1ec7 th\u1ee7y l\u1ef1c - Chi\u1ebfn Th\u1eafng Trading Vietnam\",\"isPartOf\":{\"@id\":\"https:\/\/vieteco.com\/#website\"},\"primaryImageOfPage\":{\"@id\":\"https:\/\/vieteco.com\/san-pham\/he-thuy-luc-3\/#primaryimage\"},\"image\":{\"@id\":\"https:\/\/vieteco.com\/san-pham\/he-thuy-luc-3\/#primaryimage\"},\"thumbnailUrl\":\"https:\/\/vieteco.com\/wp-content\/uploads\/2024\/06\/2-3.jpg\",\"datePublished\":\"2024-06-28T04:30:21+00:00\",\"dateModified\":\"2025-02-10T08:56:18+00:00\",\"description\":\"L\u00e0 h\u1ec7 c\u1eeda nh\u00f4m c\u00f3 th\u1ec3 m\u1edf c\u1ea3 v\u00e0o trong l\u1eabn ra ngo\u00e0i, h\u1ec7 th\u1ee7y l\u1ef1c th\u00edch h\u1ee3p cho c\u1eeda ch\u00ednh, c\u1eeda ra v\u00e0o c\u00e1c t\u00f2a nh\u00e0, trung t\u00e2m th\u01b0\u01a1ng m\u1ea1i c\u00f3 di\u1ec7n t\u00edch l\u1edbn nh\u1eb1m t\u1ea1o \u0111i\u1ec3m nh\u1ea5n sang tr\u1ecdng v\u00e0 \u1ea5n t\u01b0\u1ee3ng.\",\"breadcrumb\":{\"@id\":\"https:\/\/vieteco.com\/san-pham\/he-thuy-luc-3\/#breadcrumb\"},\"inLanguage\":\"en-US\",\"potentialAction\":[{\"@type\":\"ReadAction\",\"target\":[\"https:\/\/vieteco.com\/san-pham\/he-thuy-luc-3\/\"]}]},{\"@type\":\"ImageObject\",\"inLanguage\":\"en-US\",\"@id\":\"https:\/\/vieteco.com\/san-pham\/he-thuy-luc-3\/#primaryimage\",\"url\":\"https:\/\/vieteco.com\/wp-content\/uploads\/2024\/06\/2-3.jpg\",\"contentUrl\":\"https:\/\/vieteco.com\/wp-content\/uploads\/2024\/06\/2-3.jpg\",\"width\":1403,\"height\":1403},{\"@type\":\"BreadcrumbList\",\"@id\":\"https:\/\/vieteco.com\/san-pham\/he-thuy-luc-3\/#breadcrumb\",\"itemListElement\":[{\"@type\":\"ListItem\",\"position\":1,\"name\":\"Home\",\"item\":\"https:\/\/vieteco.com\/\"},{\"@type\":\"ListItem\",\"position\":2,\"name\":\"Shop\",\"item\":\"https:\/\/vieteco.com\/shop\/\"},{\"@type\":\"ListItem\",\"position\":3,\"name\":\"H\u1ec7 th\u1ee7y l\u1ef1c\"}]},{\"@type\":\"WebSite\",\"@id\":\"https:\/\/vieteco.com\/#website\",\"url\":\"https:\/\/vieteco.com\/\",\"name\":\"C\u00d4NG TY TNHH ALUMINUM VI\u1ec6T ECO\",\"description\":\"\",\"publisher\":{\"@id\":\"https:\/\/vieteco.com\/#organization\"},\"potentialAction\":[{\"@type\":\"SearchAction\",\"target\":{\"@type\":\"EntryPoint\",\"urlTemplate\":\"https:\/\/vieteco.com\/?s={search_term_string}\"},\"query-input\":{\"@type\":\"PropertyValueSpecification\",\"valueRequired\":true,\"valueName\":\"search_term_string\"}}],\"inLanguage\":\"en-US\"},{\"@type\":\"Organization\",\"@id\":\"https:\/\/vieteco.com\/#organization\",\"name\":\"C\u00d4NG TY TNHH ALUMINUM VI\u1ec6T ECO\",\"url\":\"https:\/\/vieteco.com\/\",\"logo\":{\"@type\":\"ImageObject\",\"inLanguage\":\"en-US\",\"@id\":\"https:\/\/vieteco.com\/#\/schema\/logo\/image\/\",\"url\":\"https:\/\/vieteco.com\/wp-content\/uploads\/2025\/05\/cropped-Logo-VEC-doc-scaled-1.png\",\"contentUrl\":\"https:\/\/vieteco.com\/wp-content\/uploads\/2025\/05\/cropped-Logo-VEC-doc-scaled-1.png\",\"width\":512,\"height\":512,\"caption\":\"C\u00d4NG TY TNHH ALUMINUM VI\u1ec6T ECO\"},\"image\":{\"@id\":\"https:\/\/vieteco.com\/#\/schema\/logo\/image\/\"}}]}<\/script>\n<!-- \/ Yoast SEO plugin. -->","yoast_head_json":{"title":"H\u1ec7 th\u1ee7y l\u1ef1c - Chi\u1ebfn Th\u1eafng Trading Vietnam","description":"L\u00e0 h\u1ec7 c\u1eeda nh\u00f4m c\u00f3 th\u1ec3 m\u1edf c\u1ea3 v\u00e0o trong l\u1eabn ra ngo\u00e0i, h\u1ec7 th\u1ee7y l\u1ef1c th\u00edch h\u1ee3p cho c\u1eeda ch\u00ednh, c\u1eeda ra v\u00e0o c\u00e1c t\u00f2a nh\u00e0, trung t\u00e2m th\u01b0\u01a1ng m\u1ea1i c\u00f3 di\u1ec7n t\u00edch l\u1edbn nh\u1eb1m t\u1ea1o \u0111i\u1ec3m nh\u1ea5n sang tr\u1ecdng v\u00e0 \u1ea5n t\u01b0\u1ee3ng.","robots":{"index":"index","follow":"follow","max-snippet":"max-snippet:-1","max-image-preview":"max-image-preview:large","max-video-preview":"max-video-preview:-1"},"canonical":"https:\/\/vieteco.com\/en\/product\/he-thuy-luc-3\/","og_locale":"en_US","og_type":"article","og_title":"H\u1ec7 th\u1ee7y l\u1ef1c - Chi\u1ebfn Th\u1eafng Trading Vietnam","og_description":"L\u00e0 h\u1ec7 c\u1eeda nh\u00f4m c\u00f3 th\u1ec3 m\u1edf c\u1ea3 v\u00e0o trong l\u1eabn ra ngo\u00e0i, h\u1ec7 th\u1ee7y l\u1ef1c th\u00edch h\u1ee3p cho c\u1eeda ch\u00ednh, c\u1eeda ra v\u00e0o c\u00e1c t\u00f2a nh\u00e0, trung t\u00e2m th\u01b0\u01a1ng m\u1ea1i c\u00f3 di\u1ec7n t\u00edch l\u1edbn nh\u1eb1m t\u1ea1o \u0111i\u1ec3m nh\u1ea5n sang tr\u1ecdng v\u00e0 \u1ea5n t\u01b0\u1ee3ng.","og_url":"https:\/\/vieteco.com\/en\/product\/he-thuy-luc-3\/","og_site_name":"C\u00d4NG TY TNHH ALUMINUM VI\u1ec6T ECO","article_modified_time":"2025-02-10T08:56:18+00:00","og_image":[{"width":1403,"height":1403,"url":"https:\/\/vieteco.com\/wp-content\/uploads\/2024\/06\/2-3.jpg","type":"image\/jpeg"}],"twitter_card":"summary_large_image","twitter_misc":{"Est. reading time":"2 minutes"},"schema":{"@context":"https:\/\/schema.org","@graph":[{"@type":"WebPage","@id":"https:\/\/vieteco.com\/san-pham\/he-thuy-luc-3\/","url":"https:\/\/vieteco.com\/san-pham\/he-thuy-luc-3\/","name":"H\u1ec7 th\u1ee7y l\u1ef1c - Chi\u1ebfn Th\u1eafng Trading Vietnam","isPartOf":{"@id":"https:\/\/vieteco.com\/#website"},"primaryImageOfPage":{"@id":"https:\/\/vieteco.com\/san-pham\/he-thuy-luc-3\/#primaryimage"},"image":{"@id":"https:\/\/vieteco.com\/san-pham\/he-thuy-luc-3\/#primaryimage"},"thumbnailUrl":"https:\/\/vieteco.com\/wp-content\/uploads\/2024\/06\/2-3.jpg","datePublished":"2024-06-28T04:30:21+00:00","dateModified":"2025-02-10T08:56:18+00:00","description":"L\u00e0 h\u1ec7 c\u1eeda nh\u00f4m c\u00f3 th\u1ec3 m\u1edf c\u1ea3 v\u00e0o trong l\u1eabn ra ngo\u00e0i, h\u1ec7 th\u1ee7y l\u1ef1c th\u00edch h\u1ee3p cho c\u1eeda ch\u00ednh, c\u1eeda ra v\u00e0o c\u00e1c t\u00f2a nh\u00e0, trung t\u00e2m th\u01b0\u01a1ng m\u1ea1i c\u00f3 di\u1ec7n t\u00edch l\u1edbn nh\u1eb1m t\u1ea1o \u0111i\u1ec3m nh\u1ea5n sang tr\u1ecdng v\u00e0 \u1ea5n t\u01b0\u1ee3ng.","breadcrumb":{"@id":"https:\/\/vieteco.com\/san-pham\/he-thuy-luc-3\/#breadcrumb"},"inLanguage":"en-US","potentialAction":[{"@type":"ReadAction","target":["https:\/\/vieteco.com\/san-pham\/he-thuy-luc-3\/"]}]},{"@type":"ImageObject","inLanguage":"en-US","@id":"https:\/\/vieteco.com\/san-pham\/he-thuy-luc-3\/#primaryimage","url":"https:\/\/vieteco.com\/wp-content\/uploads\/2024\/06\/2-3.jpg","contentUrl":"https:\/\/vieteco.com\/wp-content\/uploads\/2024\/06\/2-3.jpg","width":1403,"height":1403},{"@type":"BreadcrumbList","@id":"https:\/\/vieteco.com\/san-pham\/he-thuy-luc-3\/#breadcrumb","itemListElement":[{"@type":"ListItem","position":1,"name":"Home","item":"https:\/\/vieteco.com\/"},{"@type":"ListItem","position":2,"name":"Shop","item":"https:\/\/vieteco.com\/shop\/"},{"@type":"ListItem","position":3,"name":"H\u1ec7 th\u1ee7y l\u1ef1c"}]},{"@type":"WebSite","@id":"https:\/\/vieteco.com\/#website","url":"https:\/\/vieteco.com\/","name":"C\u00d4NG TY TNHH ALUMINUM VI\u1ec6T ECO","description":"","publisher":{"@id":"https:\/\/vieteco.com\/#organization"},"potentialAction":[{"@type":"SearchAction","target":{"@type":"EntryPoint","urlTemplate":"https:\/\/vieteco.com\/?s={search_term_string}"},"query-input":{"@type":"PropertyValueSpecification","valueRequired":true,"valueName":"search_term_string"}}],"inLanguage":"en-US"},{"@type":"Organization","@id":"https:\/\/vieteco.com\/#organization","name":"C\u00d4NG TY TNHH ALUMINUM VI\u1ec6T ECO","url":"https:\/\/vieteco.com\/","logo":{"@type":"ImageObject","inLanguage":"en-US","@id":"https:\/\/vieteco.com\/#\/schema\/logo\/image\/","url":"https:\/\/vieteco.com\/wp-content\/uploads\/2025\/05\/cropped-Logo-VEC-doc-scaled-1.png","contentUrl":"https:\/\/vieteco.com\/wp-content\/uploads\/2025\/05\/cropped-Logo-VEC-doc-scaled-1.png","width":512,"height":512,"caption":"C\u00d4NG TY TNHH ALUMINUM VI\u1ec6T ECO"},"image":{"@id":"https:\/\/vieteco.com\/#\/schema\/logo\/image\/"}}]}},"_links":{"self":[{"href":"https:\/\/vieteco.com\/en\/wp-json\/wp\/v2\/product\/1782","targetHints":{"allow":["GET"]}}],"collection":[{"href":"https:\/\/vieteco.com\/en\/wp-json\/wp\/v2\/product"}],"about":[{"href":"https:\/\/vieteco.com\/en\/wp-json\/wp\/v2\/types\/product"}],"replies":[{"embeddable":true,"href":"https:\/\/vieteco.com\/en\/wp-json\/wp\/v2\/comments?post=1782"}],"wp:featuredmedia":[{"embeddable":true,"href":"https:\/\/vieteco.com\/en\/wp-json\/wp\/v2\/media\/2595"}],"wp:attachment":[{"href":"https:\/\/vieteco.com\/en\/wp-json\/wp\/v2\/media?parent=1782"}],"wp:term":[{"taxonomy":"product_brand","embeddable":true,"href":"https:\/\/vieteco.com\/en\/wp-json\/wp\/v2\/product_brand?post=1782"},{"taxonomy":"product_cat","embeddable":true,"href":"https:\/\/vieteco.com\/en\/wp-json\/wp\/v2\/product_cat?post=1782"},{"taxonomy":"product_tag","embeddable":true,"href":"https:\/\/vieteco.com\/en\/wp-json\/wp\/v2\/product_tag?post=1782"}],"curies":[{"name":"wp","href":"https:\/\/api.w.org\/{rel}","templated":true}]}}