{"id":1561,"date":"2024-01-19T08:48:20","date_gmt":"2024-01-19T08:48:20","guid":{"rendered":"https:\/\/vieteco.com\/?post_type=product&#038;p=1561"},"modified":"2025-02-11T06:47:46","modified_gmt":"2025-02-11T06:47:46","slug":"he-xingfa-xep-truot-63-4","status":"publish","type":"product","link":"https:\/\/vieteco.com\/en\/product\/he-xingfa-xep-truot-63-4\/","title":{"rendered":"H\u1ec6 XINGFA X\u1ebeP TR\u01af\u1ee2T 63"},"content":{"rendered":"<p><strong>\u01afU \u0110I\u1ec2M N\u1ed4I B\u1eacT S\u1ea2N PH\u1ea8M<\/strong><\/p>\n<p><img decoding=\"async\" class=\"emoji\" role=\"img\" draggable=\"false\" src=\"https:\/\/s.w.org\/images\/core\/emoji\/14.0.0\/svg\/1f536.svg\" alt=\"\ud83d\udd36\" \/>\u00a0H\u1ec7 c\u1eeda nh\u00f4m r\u00e3nh C ti\u00eau chu\u1ea9n Ch\u00e2u \u00c2u, \u0111\u01b0\u1ee3c s\u1eed d\u1ee5ng s\u01a1n b\u1ea3o h\u00e0nh 20 n\u0103m<\/p>\n<p><img decoding=\"async\" class=\"emoji\" role=\"img\" draggable=\"false\" src=\"https:\/\/s.w.org\/images\/core\/emoji\/14.0.0\/svg\/1f536.svg\" alt=\"\ud83d\udd36\" \/>Thi\u1ebft k\u1ebf c\u1eeda d\u1ed3n c\u00e1nh x\u1ebfp v\u1ec1 m\u1ed9t b\u00ean v\u1eeba k\u1ebft n\u1ed1i kh\u00f4ng gian trong v\u00e0 ngoaid c\u1eeda t\u1ea1o \u0111\u1ed9 r\u1ed9ng tho\u00e1ng cho kh\u00f4ng gian v\u00e0 ti\u1ebft ki\u1ec7m di\u1ec7n t\u00edch m\u1edf c\u1eeda<\/p>\n<p><img decoding=\"async\" class=\"emoji\" role=\"img\" draggable=\"false\" src=\"https:\/\/s.w.org\/images\/core\/emoji\/14.0.0\/svg\/1f536.svg\" alt=\"\ud83d\udd36\" \/>Gi\u1ea3i ph\u00e1p c\u00e1nh \u0111a d\u1ea1ng: c\u1eeda c\u00e1nh ch\u1eafn, l\u1ebb linh ho\u1ea1t \u2026 kh\u00f4ng gi\u1edbi h\u1ea1n s\u1ed1 l\u01b0\u1ee3ng c\u00e1nh<\/p>\n<p><img decoding=\"async\" class=\"emoji\" role=\"img\" draggable=\"false\" src=\"https:\/\/s.w.org\/images\/core\/emoji\/14.0.0\/svg\/1f536.svg\" alt=\"\ud83d\udd36\" \/>H\u1ec7 c\u1eeda \u0111\u01b0\u1ee3c t\u1ed1i \u01b0u khung m\u00e3 1 c\u00e2y, c\u00e1nh 1 m\u00e3 c\u00e2y gi\u00fap gia c\u00f4ng, l\u1eafp \u0111\u1eb7t d\u1ec5 d\u00e0ng. Ngo\u00e0i ra c\u00f2n gi\u1ea3m l\u01b0\u1ee3ng \u0111\u1ec1 x\u00ea gi\u00fap ng\u01b0\u1eddi th\u1ee3 ti\u1ebft ki\u1ec7m 1 kho\u1ea3n ti\u1ec1n kh\u00f4ng nh\u1ecf<\/p>\n<p><img decoding=\"async\" class=\"emoji\" role=\"img\" draggable=\"false\" src=\"https:\/\/s.w.org\/images\/core\/emoji\/14.0.0\/svg\/1f536.svg\" alt=\"\ud83d\udd36\" \/>C\u1eeda s\u1eed d\u1ee5ng h\u1ec7 gio\u0103ng EPDM cao c\u1ea5p gi\u00fap t\u0103ng \u0111\u1ed9 k\u00edn kh\u00edt, c\u00e1ch \u00e2m, c\u00e1ch nhi\u1ec7t, ch\u1eafn n\u01b0\u1edbc<\/p>\n<p><img decoding=\"async\" class=\"emoji\" role=\"img\" draggable=\"false\" src=\"https:\/\/s.w.org\/images\/core\/emoji\/14.0.0\/svg\/1f536.svg\" alt=\"\ud83d\udd36\" \/>C\u1eeda s\u1eed d\u1ee5ng ph\u1ee5 ki\u1ec7n \u0111\u1ed3ng b\u1ed9 cao c\u1ea5p t\u1eeb Ch\u00e2u \u00c2u<\/p>\n<p><strong>TH\u00d4NG S\u1ed0 K\u1ef8 THU\u1eacT<\/strong><\/p>\n<p><img loading=\"lazy\" decoding=\"async\" class=\"alignnone size-full wp-image-2656\" src=\"https:\/\/vieteco.com\/wp-content\/uploads\/2024\/01\/1-7-scaled-3.jpg\" alt=\"\" width=\"1811\" height=\"2560\" srcset=\"https:\/\/vieteco.com\/wp-content\/uploads\/2024\/01\/1-7-scaled-3.jpg 1811w, https:\/\/vieteco.com\/wp-content\/uploads\/2024\/01\/1-7-scaled-3-283x400.jpg 283w, https:\/\/vieteco.com\/wp-content\/uploads\/2024\/01\/1-7-scaled-3-724x1024.jpg 724w, https:\/\/vieteco.com\/wp-content\/uploads\/2024\/01\/1-7-scaled-3-318x450.jpg 318w, https:\/\/vieteco.com\/wp-content\/uploads\/2024\/01\/1-7-scaled-3-768x1086.jpg 768w, https:\/\/vieteco.com\/wp-content\/uploads\/2024\/01\/1-7-scaled-3-1087x1536.jpg 1087w, https:\/\/vieteco.com\/wp-content\/uploads\/2024\/01\/1-7-scaled-3-1449x2048.jpg 1449w, https:\/\/vieteco.com\/wp-content\/uploads\/2024\/01\/1-7-scaled-3-8x12.jpg 8w, https:\/\/vieteco.com\/wp-content\/uploads\/2024\/01\/1-7-scaled-3-510x721.jpg 510w\" sizes=\"auto, (max-width: 1811px) 100vw, 1811px\" \/> <img loading=\"lazy\" decoding=\"async\" class=\"alignnone size-full wp-image-2657\" src=\"https:\/\/vieteco.com\/wp-content\/uploads\/2024\/01\/3-3-scaled-4.jpg\" alt=\"\" width=\"1810\" height=\"2560\" srcset=\"https:\/\/vieteco.com\/wp-content\/uploads\/2024\/01\/3-3-scaled-4.jpg 1810w, https:\/\/vieteco.com\/wp-content\/uploads\/2024\/01\/3-3-scaled-4-283x400.jpg 283w, https:\/\/vieteco.com\/wp-content\/uploads\/2024\/01\/3-3-scaled-4-724x1024.jpg 724w, https:\/\/vieteco.com\/wp-content\/uploads\/2024\/01\/3-3-scaled-4-318x450.jpg 318w, https:\/\/vieteco.com\/wp-content\/uploads\/2024\/01\/3-3-scaled-4-768x1086.jpg 768w, https:\/\/vieteco.com\/wp-content\/uploads\/2024\/01\/3-3-scaled-4-1086x1536.jpg 1086w, https:\/\/vieteco.com\/wp-content\/uploads\/2024\/01\/3-3-scaled-4-1448x2048.jpg 1448w, https:\/\/vieteco.com\/wp-content\/uploads\/2024\/01\/3-3-scaled-4-8x12.jpg 8w, https:\/\/vieteco.com\/wp-content\/uploads\/2024\/01\/3-3-scaled-4-510x721.jpg 510w\" sizes=\"auto, (max-width: 1810px) 100vw, 1810px\" \/><\/p>","protected":false},"excerpt":{"rendered":"<p>Xingfa x\u1ebfp tr\u01b0\u1ee3t 63 \u0111\u01b0\u1ee3c \u01b0a chu\u1ed9ng s\u1eed d\u1ee5ng \u0111a d\u1ea1ng trong c\u00e1c lo\u1ea1i h\u00ecnh ki\u1ebfn tr\u00fac: kh\u00e1ch s\u1ea1n, bi\u1ec7t th\u1ef1, nh\u00e0 \u1edf,\u2026. V\u1edbi thi\u1ebft k\u1ebf linh ho\u1ea1t v\u1ec1 s\u1ed1 c\u00e1nh nh\u01b0 3 c\u00e1nh, 4 c\u00e1nh, 5 c\u00e1nh\u2026, c\u1eeda c\u00f3 th\u1ec3 g\u1ea5p, x\u1ebfp g\u1ecdn l\u1ea1i v\u1ec1 m\u1ed9t b\u00ean gi\u00fap ti\u1ebft ki\u1ec7m kh\u00f4ng gian t\u1ed1i \u01b0u. C\u1eeda s\u1ebd \u0111\u01b0\u1ee3c thi\u1ebft k\u1ebf theo quy c\u00e1ch m\u1edf c\u1eeda t\u01b0\u01a1ng th\u00edch. Ngo\u00e0i ra, ch\u00fang c\u00f2n \u0111i k\u00e8m v\u1edbi ph\u1ee5 ki\u1ec7n \u0111\u1ed3ng b\u1ed9 v\u00e0 cao c\u1ea5p.<\/p>\n<ul>\n<li>Th\u01b0\u01a1ng hi\u1ec7u: DIVIC<\/li>\n<li>M\u00e1c nh\u00f4m ti\u00eau chu\u1ea9n 6063:T5<\/li>\n<li>\u00c1p d\u1ee5ng ti\u00eau chu\u1ea9n xanh trong s\u1ea3n xu\u1ea5t \u0111\u1ea3m b\u1ea3o an to\u00e0n cho ng\u01b0\u1eddi s\u1ea3n xu\u1ea5t v\u00e0 ti\u00eau d\u00f9ng<\/li>\n<\/ul>","protected":false},"featured_media":2654,"comment_status":"open","ping_status":"closed","template":"","meta":[],"product_brand":[],"product_cat":[103,135],"product_tag":[],"class_list":{"0":"post-1561","1":"product","2":"type-product","3":"status-publish","4":"has-post-thumbnail","6":"product_cat-nhan-divic","7":"product_cat-he-truot-quay-nhan-divic","9":"first","10":"instock","11":"shipping-taxable","12":"product-type-simple"},"yoast_head":"<!-- This site is optimized with the Yoast SEO plugin v24.9 - https:\/\/yoast.com\/wordpress\/plugins\/seo\/ -->\n<title>H\u1ec6 XINGFA X\u1ebeP TR\u01af\u1ee2T 63 - C\u00d4NG TY TNHH ALUMINUM VI\u1ec6T ECO<\/title>\n<meta name=\"robots\" content=\"index, follow, max-snippet:-1, max-image-preview:large, max-video-preview:-1\" \/>\n<link rel=\"canonical\" href=\"https:\/\/vieteco.com\/en\/product\/he-xingfa-xep-truot-63-4\/\" \/>\n<meta property=\"og:locale\" content=\"en_US\" \/>\n<meta property=\"og:type\" content=\"article\" \/>\n<meta property=\"og:title\" content=\"H\u1ec6 XINGFA X\u1ebeP TR\u01af\u1ee2T 63 - C\u00d4NG TY TNHH ALUMINUM VI\u1ec6T ECO\" \/>\n<meta property=\"og:description\" content=\"Xingfa x\u1ebfp tr\u01b0\u1ee3t 63 \u0111\u01b0\u1ee3c \u01b0a chu\u1ed9ng s\u1eed d\u1ee5ng \u0111a d\u1ea1ng trong c\u00e1c lo\u1ea1i h\u00ecnh ki\u1ebfn tr\u00fac: kh\u00e1ch s\u1ea1n, bi\u1ec7t th\u1ef1, nh\u00e0 \u1edf,\u2026. V\u1edbi thi\u1ebft k\u1ebf linh ho\u1ea1t v\u1ec1 s\u1ed1 c\u00e1nh nh\u01b0 3 c\u00e1nh, 4 c\u00e1nh, 5 c\u00e1nh\u2026, c\u1eeda c\u00f3 th\u1ec3 g\u1ea5p, x\u1ebfp g\u1ecdn l\u1ea1i v\u1ec1 m\u1ed9t b\u00ean gi\u00fap ti\u1ebft ki\u1ec7m kh\u00f4ng gian t\u1ed1i \u01b0u. C\u1eeda s\u1ebd \u0111\u01b0\u1ee3c thi\u1ebft k\u1ebf theo quy c\u00e1ch m\u1edf c\u1eeda t\u01b0\u01a1ng th\u00edch. Ngo\u00e0i ra, ch\u00fang c\u00f2n \u0111i k\u00e8m v\u1edbi ph\u1ee5 ki\u1ec7n \u0111\u1ed3ng b\u1ed9 v\u00e0 cao c\u1ea5p.   Th\u01b0\u01a1ng hi\u1ec7u: DIVIC  M\u00e1c nh\u00f4m ti\u00eau chu\u1ea9n 6063:T5  \u00c1p d\u1ee5ng ti\u00eau chu\u1ea9n xanh trong s\u1ea3n xu\u1ea5t \u0111\u1ea3m b\u1ea3o an to\u00e0n cho ng\u01b0\u1eddi s\u1ea3n xu\u1ea5t v\u00e0 ti\u00eau d\u00f9ng\" \/>\n<meta property=\"og:url\" content=\"https:\/\/vieteco.com\/en\/product\/he-xingfa-xep-truot-63-4\/\" \/>\n<meta property=\"og:site_name\" content=\"C\u00d4NG TY TNHH ALUMINUM VI\u1ec6T ECO\" \/>\n<meta property=\"article:modified_time\" content=\"2025-02-11T06:47:46+00:00\" \/>\n<meta property=\"og:image\" content=\"https:\/\/vieteco.com\/wp-content\/uploads\/2024\/01\/Ba\u0309n-sao-cu\u0309a-HE\u0323\u0302-XINGFA-LU\u0300A-933-RAY-1024x1024.png\" \/>\n\t<meta property=\"og:image:width\" content=\"1024\" \/>\n\t<meta property=\"og:image:height\" content=\"1024\" \/>\n\t<meta property=\"og:image:type\" content=\"image\/png\" \/>\n<meta name=\"twitter:card\" content=\"summary_large_image\" \/>\n<meta name=\"twitter:label1\" content=\"Est. reading time\" \/>\n\t<meta name=\"twitter:data1\" content=\"3 minutes\" \/>\n<script type=\"application\/ld+json\" class=\"yoast-schema-graph\">{\"@context\":\"https:\/\/schema.org\",\"@graph\":[{\"@type\":\"WebPage\",\"@id\":\"https:\/\/vieteco.com\/san-pham\/he-xingfa-xep-truot-63-4\/\",\"url\":\"https:\/\/vieteco.com\/san-pham\/he-xingfa-xep-truot-63-4\/\",\"name\":\"H\u1ec6 XINGFA X\u1ebeP TR\u01af\u1ee2T 63 - C\u00d4NG TY TNHH ALUMINUM VI\u1ec6T ECO\",\"isPartOf\":{\"@id\":\"https:\/\/vieteco.com\/#website\"},\"primaryImageOfPage\":{\"@id\":\"https:\/\/vieteco.com\/san-pham\/he-xingfa-xep-truot-63-4\/#primaryimage\"},\"image\":{\"@id\":\"https:\/\/vieteco.com\/san-pham\/he-xingfa-xep-truot-63-4\/#primaryimage\"},\"thumbnailUrl\":\"https:\/\/vieteco.com\/wp-content\/uploads\/2024\/01\/Ba\u0309n-sao-cu\u0309a-HE\u0323\u0302-XINGFA-LU\u0300A-933-RAY.png\",\"datePublished\":\"2024-01-19T08:48:20+00:00\",\"dateModified\":\"2025-02-11T06:47:46+00:00\",\"breadcrumb\":{\"@id\":\"https:\/\/vieteco.com\/san-pham\/he-xingfa-xep-truot-63-4\/#breadcrumb\"},\"inLanguage\":\"en-US\",\"potentialAction\":[{\"@type\":\"ReadAction\",\"target\":[\"https:\/\/vieteco.com\/san-pham\/he-xingfa-xep-truot-63-4\/\"]}]},{\"@type\":\"ImageObject\",\"inLanguage\":\"en-US\",\"@id\":\"https:\/\/vieteco.com\/san-pham\/he-xingfa-xep-truot-63-4\/#primaryimage\",\"url\":\"https:\/\/vieteco.com\/wp-content\/uploads\/2024\/01\/Ba\u0309n-sao-cu\u0309a-HE\u0323\u0302-XINGFA-LU\u0300A-933-RAY.png\",\"contentUrl\":\"https:\/\/vieteco.com\/wp-content\/uploads\/2024\/01\/Ba\u0309n-sao-cu\u0309a-HE\u0323\u0302-XINGFA-LU\u0300A-933-RAY.png\",\"width\":2500,\"height\":2500},{\"@type\":\"BreadcrumbList\",\"@id\":\"https:\/\/vieteco.com\/san-pham\/he-xingfa-xep-truot-63-4\/#breadcrumb\",\"itemListElement\":[{\"@type\":\"ListItem\",\"position\":1,\"name\":\"Home\",\"item\":\"https:\/\/vieteco.com\/\"},{\"@type\":\"ListItem\",\"position\":2,\"name\":\"Shop\",\"item\":\"https:\/\/vieteco.com\/shop\/\"},{\"@type\":\"ListItem\",\"position\":3,\"name\":\"H\u1ec6 XINGFA X\u1ebeP TR\u01af\u1ee2T 63\"}]},{\"@type\":\"WebSite\",\"@id\":\"https:\/\/vieteco.com\/#website\",\"url\":\"https:\/\/vieteco.com\/\",\"name\":\"C\u00d4NG TY TNHH ALUMINUM VI\u1ec6T ECO\",\"description\":\"\",\"publisher\":{\"@id\":\"https:\/\/vieteco.com\/#organization\"},\"potentialAction\":[{\"@type\":\"SearchAction\",\"target\":{\"@type\":\"EntryPoint\",\"urlTemplate\":\"https:\/\/vieteco.com\/?s={search_term_string}\"},\"query-input\":{\"@type\":\"PropertyValueSpecification\",\"valueRequired\":true,\"valueName\":\"search_term_string\"}}],\"inLanguage\":\"en-US\"},{\"@type\":\"Organization\",\"@id\":\"https:\/\/vieteco.com\/#organization\",\"name\":\"C\u00d4NG TY TNHH ALUMINUM VI\u1ec6T ECO\",\"url\":\"https:\/\/vieteco.com\/\",\"logo\":{\"@type\":\"ImageObject\",\"inLanguage\":\"en-US\",\"@id\":\"https:\/\/vieteco.com\/#\/schema\/logo\/image\/\",\"url\":\"https:\/\/vieteco.com\/wp-content\/uploads\/2025\/05\/cropped-Logo-VEC-doc-scaled-1.png\",\"contentUrl\":\"https:\/\/vieteco.com\/wp-content\/uploads\/2025\/05\/cropped-Logo-VEC-doc-scaled-1.png\",\"width\":512,\"height\":512,\"caption\":\"C\u00d4NG TY TNHH ALUMINUM VI\u1ec6T ECO\"},\"image\":{\"@id\":\"https:\/\/vieteco.com\/#\/schema\/logo\/image\/\"}}]}<\/script>\n<!-- \/ Yoast SEO plugin. -->","yoast_head_json":{"title":"H\u1ec6 XINGFA X\u1ebeP TR\u01af\u1ee2T 63 - C\u00d4NG TY TNHH ALUMINUM VI\u1ec6T ECO","robots":{"index":"index","follow":"follow","max-snippet":"max-snippet:-1","max-image-preview":"max-image-preview:large","max-video-preview":"max-video-preview:-1"},"canonical":"https:\/\/vieteco.com\/en\/product\/he-xingfa-xep-truot-63-4\/","og_locale":"en_US","og_type":"article","og_title":"H\u1ec6 XINGFA X\u1ebeP TR\u01af\u1ee2T 63 - C\u00d4NG TY TNHH ALUMINUM VI\u1ec6T ECO","og_description":"Xingfa x\u1ebfp tr\u01b0\u1ee3t 63 \u0111\u01b0\u1ee3c \u01b0a chu\u1ed9ng s\u1eed d\u1ee5ng \u0111a d\u1ea1ng trong c\u00e1c lo\u1ea1i h\u00ecnh ki\u1ebfn tr\u00fac: kh\u00e1ch s\u1ea1n, bi\u1ec7t th\u1ef1, nh\u00e0 \u1edf,\u2026. V\u1edbi thi\u1ebft k\u1ebf linh ho\u1ea1t v\u1ec1 s\u1ed1 c\u00e1nh nh\u01b0 3 c\u00e1nh, 4 c\u00e1nh, 5 c\u00e1nh\u2026, c\u1eeda c\u00f3 th\u1ec3 g\u1ea5p, x\u1ebfp g\u1ecdn l\u1ea1i v\u1ec1 m\u1ed9t b\u00ean gi\u00fap ti\u1ebft ki\u1ec7m kh\u00f4ng gian t\u1ed1i \u01b0u. C\u1eeda s\u1ebd \u0111\u01b0\u1ee3c thi\u1ebft k\u1ebf theo quy c\u00e1ch m\u1edf c\u1eeda t\u01b0\u01a1ng th\u00edch. Ngo\u00e0i ra, ch\u00fang c\u00f2n \u0111i k\u00e8m v\u1edbi ph\u1ee5 ki\u1ec7n \u0111\u1ed3ng b\u1ed9 v\u00e0 cao c\u1ea5p.   Th\u01b0\u01a1ng hi\u1ec7u: DIVIC  M\u00e1c nh\u00f4m ti\u00eau chu\u1ea9n 6063:T5  \u00c1p d\u1ee5ng ti\u00eau chu\u1ea9n xanh trong s\u1ea3n xu\u1ea5t \u0111\u1ea3m b\u1ea3o an to\u00e0n cho ng\u01b0\u1eddi s\u1ea3n xu\u1ea5t v\u00e0 ti\u00eau d\u00f9ng","og_url":"https:\/\/vieteco.com\/en\/product\/he-xingfa-xep-truot-63-4\/","og_site_name":"C\u00d4NG TY TNHH ALUMINUM VI\u1ec6T ECO","article_modified_time":"2025-02-11T06:47:46+00:00","og_image":[{"width":1024,"height":1024,"url":"https:\/\/vieteco.com\/wp-content\/uploads\/2024\/01\/Ba\u0309n-sao-cu\u0309a-HE\u0323\u0302-XINGFA-LU\u0300A-933-RAY-1024x1024.png","type":"image\/png"}],"twitter_card":"summary_large_image","twitter_misc":{"Est. reading time":"3 minutes"},"schema":{"@context":"https:\/\/schema.org","@graph":[{"@type":"WebPage","@id":"https:\/\/vieteco.com\/san-pham\/he-xingfa-xep-truot-63-4\/","url":"https:\/\/vieteco.com\/san-pham\/he-xingfa-xep-truot-63-4\/","name":"H\u1ec6 XINGFA X\u1ebeP TR\u01af\u1ee2T 63 - C\u00d4NG TY TNHH ALUMINUM VI\u1ec6T ECO","isPartOf":{"@id":"https:\/\/vieteco.com\/#website"},"primaryImageOfPage":{"@id":"https:\/\/vieteco.com\/san-pham\/he-xingfa-xep-truot-63-4\/#primaryimage"},"image":{"@id":"https:\/\/vieteco.com\/san-pham\/he-xingfa-xep-truot-63-4\/#primaryimage"},"thumbnailUrl":"https:\/\/vieteco.com\/wp-content\/uploads\/2024\/01\/Ba\u0309n-sao-cu\u0309a-HE\u0323\u0302-XINGFA-LU\u0300A-933-RAY.png","datePublished":"2024-01-19T08:48:20+00:00","dateModified":"2025-02-11T06:47:46+00:00","breadcrumb":{"@id":"https:\/\/vieteco.com\/san-pham\/he-xingfa-xep-truot-63-4\/#breadcrumb"},"inLanguage":"en-US","potentialAction":[{"@type":"ReadAction","target":["https:\/\/vieteco.com\/san-pham\/he-xingfa-xep-truot-63-4\/"]}]},{"@type":"ImageObject","inLanguage":"en-US","@id":"https:\/\/vieteco.com\/san-pham\/he-xingfa-xep-truot-63-4\/#primaryimage","url":"https:\/\/vieteco.com\/wp-content\/uploads\/2024\/01\/Ba\u0309n-sao-cu\u0309a-HE\u0323\u0302-XINGFA-LU\u0300A-933-RAY.png","contentUrl":"https:\/\/vieteco.com\/wp-content\/uploads\/2024\/01\/Ba\u0309n-sao-cu\u0309a-HE\u0323\u0302-XINGFA-LU\u0300A-933-RAY.png","width":2500,"height":2500},{"@type":"BreadcrumbList","@id":"https:\/\/vieteco.com\/san-pham\/he-xingfa-xep-truot-63-4\/#breadcrumb","itemListElement":[{"@type":"ListItem","position":1,"name":"Home","item":"https:\/\/vieteco.com\/"},{"@type":"ListItem","position":2,"name":"Shop","item":"https:\/\/vieteco.com\/shop\/"},{"@type":"ListItem","position":3,"name":"H\u1ec6 XINGFA X\u1ebeP TR\u01af\u1ee2T 63"}]},{"@type":"WebSite","@id":"https:\/\/vieteco.com\/#website","url":"https:\/\/vieteco.com\/","name":"C\u00d4NG TY TNHH ALUMINUM VI\u1ec6T ECO","description":"","publisher":{"@id":"https:\/\/vieteco.com\/#organization"},"potentialAction":[{"@type":"SearchAction","target":{"@type":"EntryPoint","urlTemplate":"https:\/\/vieteco.com\/?s={search_term_string}"},"query-input":{"@type":"PropertyValueSpecification","valueRequired":true,"valueName":"search_term_string"}}],"inLanguage":"en-US"},{"@type":"Organization","@id":"https:\/\/vieteco.com\/#organization","name":"C\u00d4NG TY TNHH ALUMINUM VI\u1ec6T ECO","url":"https:\/\/vieteco.com\/","logo":{"@type":"ImageObject","inLanguage":"en-US","@id":"https:\/\/vieteco.com\/#\/schema\/logo\/image\/","url":"https:\/\/vieteco.com\/wp-content\/uploads\/2025\/05\/cropped-Logo-VEC-doc-scaled-1.png","contentUrl":"https:\/\/vieteco.com\/wp-content\/uploads\/2025\/05\/cropped-Logo-VEC-doc-scaled-1.png","width":512,"height":512,"caption":"C\u00d4NG TY TNHH ALUMINUM VI\u1ec6T ECO"},"image":{"@id":"https:\/\/vieteco.com\/#\/schema\/logo\/image\/"}}]}},"_links":{"self":[{"href":"https:\/\/vieteco.com\/en\/wp-json\/wp\/v2\/product\/1561","targetHints":{"allow":["GET"]}}],"collection":[{"href":"https:\/\/vieteco.com\/en\/wp-json\/wp\/v2\/product"}],"about":[{"href":"https:\/\/vieteco.com\/en\/wp-json\/wp\/v2\/types\/product"}],"replies":[{"embeddable":true,"href":"https:\/\/vieteco.com\/en\/wp-json\/wp\/v2\/comments?post=1561"}],"wp:featuredmedia":[{"embeddable":true,"href":"https:\/\/vieteco.com\/en\/wp-json\/wp\/v2\/media\/2654"}],"wp:attachment":[{"href":"https:\/\/vieteco.com\/en\/wp-json\/wp\/v2\/media?parent=1561"}],"wp:term":[{"taxonomy":"product_brand","embeddable":true,"href":"https:\/\/vieteco.com\/en\/wp-json\/wp\/v2\/product_brand?post=1561"},{"taxonomy":"product_cat","embeddable":true,"href":"https:\/\/vieteco.com\/en\/wp-json\/wp\/v2\/product_cat?post=1561"},{"taxonomy":"product_tag","embeddable":true,"href":"https:\/\/vieteco.com\/en\/wp-json\/wp\/v2\/product_tag?post=1561"}],"curies":[{"name":"wp","href":"https:\/\/api.w.org\/{rel}","templated":true}]}}