{"id":1560,"date":"2024-01-19T08:46:49","date_gmt":"2024-01-19T08:46:49","guid":{"rendered":"https:\/\/vieteco.com\/?post_type=product&#038;p=1560"},"modified":"2025-02-11T06:44:16","modified_gmt":"2025-02-11T06:44:16","slug":"he-xingfa-lua-93","status":"publish","type":"product","link":"https:\/\/vieteco.com\/en\/product\/he-xingfa-lua-93\/","title":{"rendered":"H\u1ec7 Xingfa l\u00f9a 93"},"content":{"rendered":"<p><strong>T\u00cdNH N\u0102NG S\u1ea2N PH\u1ea8M<\/strong><\/p>\n<p>\ud83d\udd36\u00a0Khung c\u1eeda m\u1ecfng nh\u1eb9: T\u1ea1o c\u1ea3m gi\u00e1c th\u00f4ng tho\u00e1ng, m\u1edf r\u1ed9ng kh\u00f4ng gian.<\/p>\n<p>\ud83d\udd36\u00a0H\u1ec7 th\u1ed1ng b\u00e1nh xe \u00eam \u00e1i, nh\u1eb9 nh\u00e0ng, gi\u00fap c\u1eeda v\u1eadn h\u00e0nh tr\u01a1n tru, \u00eam \u00e1i<\/p>\n<p>\ud83d\udd36\u00a0Gio\u0103ng cao su k\u00edn kh\u00edt, ch\u1ed1ng \u1ed3n, ch\u1ed1ng n\u01b0\u1edbc hi\u1ec7u qu\u1ea3 (th\u00e1ch th\u1ee9c th\u1eddi ti\u1ebft k\u1ec3 c\u1ea3 v\u00f9ng bi\u1ec3n v\u00e0 n\u01a1i gi\u00f3 m\u1ea1nh)<\/p>\n<p>\ud83d\udd36\u00a0\u0110a d\u1ea1ng v\u1ec1 gi\u1ea3i ph\u00e1p k\u00ednh (t\u1ed1i \u0111a l\u00ean t\u1edbi 23mm).<\/p>\n<p>\ud83d\udd36\u00a0C\u00f3 ph\u01b0\u01a1ng \u00e1n l\u00f9a quay g\u00f3c vu\u00f4ng gi\u00fap t\u1ed1i \u01b0u kh\u00f4ng gian<\/p>\n<p>\ud83d\udd36 \u1ee8ng d\u1ee5ng \u0111a d\u1ea1ng: H\u1ec7 c\u1eeda l\u00f9a 93 c\u00f3 th\u1ec3 \u0111\u01b0\u1ee3c s\u1eed d\u1ee5ng cho nhi\u1ec1u h\u1ea1ng m\u1ee5c kh\u00e1c nhau nh\u01b0 c\u1eeda \u0111i, c\u1eeda s\u1ed5, ph\u00f9 h\u1ee3p v\u1edbi nhi\u1ec1u phong c\u00e1ch ki\u1ebfn tr\u00fac.<\/p>\n<p><strong>TH\u00d4NG S\u1ed0 K\u1ef8 THU\u1eacT<\/strong><\/p>\n<p>&nbsp;<\/p>\n<p><img loading=\"lazy\" decoding=\"async\" class=\"alignnone size-full wp-image-2648\" src=\"https:\/\/vieteco.com\/wp-content\/uploads\/2024\/01\/4-1086x1536-1.jpg\" alt=\"\" width=\"1086\" height=\"1536\" srcset=\"https:\/\/vieteco.com\/wp-content\/uploads\/2024\/01\/4-1086x1536-1.jpg 1086w, https:\/\/vieteco.com\/wp-content\/uploads\/2024\/01\/4-1086x1536-1-283x400.jpg 283w, https:\/\/vieteco.com\/wp-content\/uploads\/2024\/01\/4-1086x1536-1-724x1024.jpg 724w, https:\/\/vieteco.com\/wp-content\/uploads\/2024\/01\/4-1086x1536-1-318x450.jpg 318w, https:\/\/vieteco.com\/wp-content\/uploads\/2024\/01\/4-1086x1536-1-768x1086.jpg 768w, https:\/\/vieteco.com\/wp-content\/uploads\/2024\/01\/4-1086x1536-1-8x12.jpg 8w, https:\/\/vieteco.com\/wp-content\/uploads\/2024\/01\/4-1086x1536-1-510x721.jpg 510w\" sizes=\"auto, (max-width: 1086px) 100vw, 1086px\" \/> <img loading=\"lazy\" decoding=\"async\" class=\"alignnone size-full wp-image-2649\" src=\"https:\/\/vieteco.com\/wp-content\/uploads\/2024\/01\/5-1086x1536-1.jpg\" alt=\"\" width=\"1086\" height=\"1536\" srcset=\"https:\/\/vieteco.com\/wp-content\/uploads\/2024\/01\/5-1086x1536-1.jpg 1086w, https:\/\/vieteco.com\/wp-content\/uploads\/2024\/01\/5-1086x1536-1-283x400.jpg 283w, https:\/\/vieteco.com\/wp-content\/uploads\/2024\/01\/5-1086x1536-1-724x1024.jpg 724w, https:\/\/vieteco.com\/wp-content\/uploads\/2024\/01\/5-1086x1536-1-318x450.jpg 318w, https:\/\/vieteco.com\/wp-content\/uploads\/2024\/01\/5-1086x1536-1-768x1086.jpg 768w, https:\/\/vieteco.com\/wp-content\/uploads\/2024\/01\/5-1086x1536-1-8x12.jpg 8w, https:\/\/vieteco.com\/wp-content\/uploads\/2024\/01\/5-1086x1536-1-510x721.jpg 510w\" sizes=\"auto, (max-width: 1086px) 100vw, 1086px\" \/> <img loading=\"lazy\" decoding=\"async\" class=\"alignnone size-full wp-image-2650\" src=\"https:\/\/vieteco.com\/wp-content\/uploads\/2024\/01\/3-1086x1536-1.jpg\" alt=\"\" width=\"1086\" height=\"1536\" srcset=\"https:\/\/vieteco.com\/wp-content\/uploads\/2024\/01\/3-1086x1536-1.jpg 1086w, https:\/\/vieteco.com\/wp-content\/uploads\/2024\/01\/3-1086x1536-1-283x400.jpg 283w, https:\/\/vieteco.com\/wp-content\/uploads\/2024\/01\/3-1086x1536-1-724x1024.jpg 724w, https:\/\/vieteco.com\/wp-content\/uploads\/2024\/01\/3-1086x1536-1-318x450.jpg 318w, https:\/\/vieteco.com\/wp-content\/uploads\/2024\/01\/3-1086x1536-1-768x1086.jpg 768w, https:\/\/vieteco.com\/wp-content\/uploads\/2024\/01\/3-1086x1536-1-8x12.jpg 8w, https:\/\/vieteco.com\/wp-content\/uploads\/2024\/01\/3-1086x1536-1-510x721.jpg 510w\" sizes=\"auto, (max-width: 1086px) 100vw, 1086px\" \/> <img loading=\"lazy\" decoding=\"async\" class=\"alignnone size-full wp-image-2651\" src=\"https:\/\/vieteco.com\/wp-content\/uploads\/2024\/01\/1-1084x1536-1.jpg\" alt=\"\" width=\"1084\" height=\"1536\" srcset=\"https:\/\/vieteco.com\/wp-content\/uploads\/2024\/01\/1-1084x1536-1.jpg 1084w, https:\/\/vieteco.com\/wp-content\/uploads\/2024\/01\/1-1084x1536-1-282x400.jpg 282w, https:\/\/vieteco.com\/wp-content\/uploads\/2024\/01\/1-1084x1536-1-723x1024.jpg 723w, https:\/\/vieteco.com\/wp-content\/uploads\/2024\/01\/1-1084x1536-1-318x450.jpg 318w, https:\/\/vieteco.com\/wp-content\/uploads\/2024\/01\/1-1084x1536-1-768x1088.jpg 768w, https:\/\/vieteco.com\/wp-content\/uploads\/2024\/01\/1-1084x1536-1-8x12.jpg 8w, https:\/\/vieteco.com\/wp-content\/uploads\/2024\/01\/1-1084x1536-1-510x723.jpg 510w\" sizes=\"auto, (max-width: 1084px) 100vw, 1084px\" \/><\/p>","protected":false},"excerpt":{"rendered":"<p>H\u1ec7 c\u1eeda l\u00f9a 93 \u0111\u01b0\u1ee3c \u1ee9ng d\u1ee5ng trong thi\u1ebft k\u1ebf c\u1eeda \u0111i v\u00e0 c\u1eeda s\u1ed5 m\u1edf tr\u01b0\u1ee3t (l\u00f9a) gi\u00fap ti\u1ebft ki\u1ec7m kh\u00f4ng gian, \u0111\u1eb7c bi\u1ec7t l\u00e0 \u1edf nh\u1eefng n\u01a1i c\u00f3 di\u1ec7n t\u00edch nh\u1ecf h\u1eb9p. D\u00f2ng nh\u00f4m n\u00e0y ngo\u00e0i ch\u1ea5t l\u01b0\u1ee3ng t\u1ed1t v\u00e0 b\u1ec1n b\u1ec9 th\u00ec c\u00f2n c\u00f3 t\u00ednh th\u1ea9m m\u1ef9 cao n\u00ean r\u1ea5t ph\u00f9 h\u1ee3p v\u1edbi chung c\u01b0 cao c\u1ea5p, resort hay bi\u1ec7t th\u1ef1.<\/p>\n<ul>\n<li>Th\u01b0\u01a1ng hi\u1ec7u: DIVIC<\/li>\n<li>M\u00e1c nh\u00f4m ti\u00eau chu\u1ea9n 6063:T5<\/li>\n<li>\u00c1p d\u1ee5ng ti\u00eau chu\u1ea9n xanh trong s\u1ea3n xu\u1ea5t \u0111\u1ea3m b\u1ea3o an to\u00e0n cho ng\u01b0\u1eddi s\u1ea3n xu\u1ea5t v\u00e0 ti\u00eau d\u00f9ng<\/li>\n<\/ul>","protected":false},"featured_media":2654,"comment_status":"open","ping_status":"closed","template":"","meta":[],"product_brand":[],"product_cat":[103,143],"product_tag":[],"class_list":{"0":"post-1560","1":"product","2":"type-product","3":"status-publish","4":"has-post-thumbnail","6":"product_cat-nhan-divic","7":"product_cat-he-xingfa-lua-93-nhan-divic","9":"first","10":"instock","11":"shipping-taxable","12":"product-type-simple"},"yoast_head":"<!-- This site is optimized with the Yoast SEO plugin v24.9 - https:\/\/yoast.com\/wordpress\/plugins\/seo\/ -->\n<title>H\u1ec7 Xingfa l\u00f9a 93 - C\u00d4NG TY TNHH ALUMINUM VI\u1ec6T ECO<\/title>\n<meta name=\"robots\" content=\"index, follow, max-snippet:-1, max-image-preview:large, max-video-preview:-1\" \/>\n<link rel=\"canonical\" href=\"https:\/\/vieteco.com\/en\/product\/he-xingfa-lua-93\/\" \/>\n<meta property=\"og:locale\" content=\"en_US\" \/>\n<meta property=\"og:type\" content=\"article\" \/>\n<meta property=\"og:title\" content=\"H\u1ec7 Xingfa l\u00f9a 93 - C\u00d4NG TY TNHH ALUMINUM VI\u1ec6T ECO\" \/>\n<meta property=\"og:description\" content=\"H\u1ec7 c\u1eeda l\u00f9a 93 \u0111\u01b0\u1ee3c \u1ee9ng d\u1ee5ng trong thi\u1ebft k\u1ebf c\u1eeda \u0111i v\u00e0 c\u1eeda s\u1ed5 m\u1edf tr\u01b0\u1ee3t (l\u00f9a) gi\u00fap ti\u1ebft ki\u1ec7m kh\u00f4ng gian, \u0111\u1eb7c bi\u1ec7t l\u00e0 \u1edf nh\u1eefng n\u01a1i c\u00f3 di\u1ec7n t\u00edch nh\u1ecf h\u1eb9p. D\u00f2ng nh\u00f4m n\u00e0y ngo\u00e0i ch\u1ea5t l\u01b0\u1ee3ng t\u1ed1t v\u00e0 b\u1ec1n b\u1ec9 th\u00ec c\u00f2n c\u00f3 t\u00ednh th\u1ea9m m\u1ef9 cao n\u00ean r\u1ea5t ph\u00f9 h\u1ee3p v\u1edbi chung c\u01b0 cao c\u1ea5p, resort hay bi\u1ec7t th\u1ef1.   Th\u01b0\u01a1ng hi\u1ec7u: DIVIC  M\u00e1c nh\u00f4m ti\u00eau chu\u1ea9n 6063:T5  \u00c1p d\u1ee5ng ti\u00eau chu\u1ea9n xanh trong s\u1ea3n xu\u1ea5t \u0111\u1ea3m b\u1ea3o an to\u00e0n cho ng\u01b0\u1eddi s\u1ea3n xu\u1ea5t v\u00e0 ti\u00eau d\u00f9ng\" \/>\n<meta property=\"og:url\" content=\"https:\/\/vieteco.com\/en\/product\/he-xingfa-lua-93\/\" \/>\n<meta property=\"og:site_name\" content=\"C\u00d4NG TY TNHH ALUMINUM VI\u1ec6T ECO\" \/>\n<meta property=\"article:modified_time\" content=\"2025-02-11T06:44:16+00:00\" \/>\n<meta property=\"og:image\" content=\"https:\/\/vieteco.com\/wp-content\/uploads\/2024\/01\/Ba\u0309n-sao-cu\u0309a-HE\u0323\u0302-XINGFA-LU\u0300A-933-RAY-1024x1024.png\" \/>\n\t<meta property=\"og:image:width\" content=\"1024\" \/>\n\t<meta property=\"og:image:height\" content=\"1024\" \/>\n\t<meta property=\"og:image:type\" content=\"image\/png\" \/>\n<meta name=\"twitter:card\" content=\"summary_large_image\" \/>\n<meta name=\"twitter:label1\" content=\"Est. reading time\" \/>\n\t<meta name=\"twitter:data1\" content=\"2 minutes\" \/>\n<script type=\"application\/ld+json\" class=\"yoast-schema-graph\">{\"@context\":\"https:\/\/schema.org\",\"@graph\":[{\"@type\":\"WebPage\",\"@id\":\"https:\/\/vieteco.com\/san-pham\/he-xingfa-lua-93\/\",\"url\":\"https:\/\/vieteco.com\/san-pham\/he-xingfa-lua-93\/\",\"name\":\"H\u1ec7 Xingfa l\u00f9a 93 - C\u00d4NG TY TNHH ALUMINUM VI\u1ec6T ECO\",\"isPartOf\":{\"@id\":\"https:\/\/vieteco.com\/#website\"},\"primaryImageOfPage\":{\"@id\":\"https:\/\/vieteco.com\/san-pham\/he-xingfa-lua-93\/#primaryimage\"},\"image\":{\"@id\":\"https:\/\/vieteco.com\/san-pham\/he-xingfa-lua-93\/#primaryimage\"},\"thumbnailUrl\":\"https:\/\/vieteco.com\/wp-content\/uploads\/2024\/01\/Ba\u0309n-sao-cu\u0309a-HE\u0323\u0302-XINGFA-LU\u0300A-933-RAY.png\",\"datePublished\":\"2024-01-19T08:46:49+00:00\",\"dateModified\":\"2025-02-11T06:44:16+00:00\",\"breadcrumb\":{\"@id\":\"https:\/\/vieteco.com\/san-pham\/he-xingfa-lua-93\/#breadcrumb\"},\"inLanguage\":\"en-US\",\"potentialAction\":[{\"@type\":\"ReadAction\",\"target\":[\"https:\/\/vieteco.com\/san-pham\/he-xingfa-lua-93\/\"]}]},{\"@type\":\"ImageObject\",\"inLanguage\":\"en-US\",\"@id\":\"https:\/\/vieteco.com\/san-pham\/he-xingfa-lua-93\/#primaryimage\",\"url\":\"https:\/\/vieteco.com\/wp-content\/uploads\/2024\/01\/Ba\u0309n-sao-cu\u0309a-HE\u0323\u0302-XINGFA-LU\u0300A-933-RAY.png\",\"contentUrl\":\"https:\/\/vieteco.com\/wp-content\/uploads\/2024\/01\/Ba\u0309n-sao-cu\u0309a-HE\u0323\u0302-XINGFA-LU\u0300A-933-RAY.png\",\"width\":2500,\"height\":2500},{\"@type\":\"BreadcrumbList\",\"@id\":\"https:\/\/vieteco.com\/san-pham\/he-xingfa-lua-93\/#breadcrumb\",\"itemListElement\":[{\"@type\":\"ListItem\",\"position\":1,\"name\":\"Home\",\"item\":\"https:\/\/vieteco.com\/\"},{\"@type\":\"ListItem\",\"position\":2,\"name\":\"Shop\",\"item\":\"https:\/\/vieteco.com\/shop\/\"},{\"@type\":\"ListItem\",\"position\":3,\"name\":\"H\u1ec7 Xingfa l\u00f9a 93\"}]},{\"@type\":\"WebSite\",\"@id\":\"https:\/\/vieteco.com\/#website\",\"url\":\"https:\/\/vieteco.com\/\",\"name\":\"C\u00d4NG TY TNHH ALUMINUM VI\u1ec6T ECO\",\"description\":\"\",\"publisher\":{\"@id\":\"https:\/\/vieteco.com\/#organization\"},\"potentialAction\":[{\"@type\":\"SearchAction\",\"target\":{\"@type\":\"EntryPoint\",\"urlTemplate\":\"https:\/\/vieteco.com\/?s={search_term_string}\"},\"query-input\":{\"@type\":\"PropertyValueSpecification\",\"valueRequired\":true,\"valueName\":\"search_term_string\"}}],\"inLanguage\":\"en-US\"},{\"@type\":\"Organization\",\"@id\":\"https:\/\/vieteco.com\/#organization\",\"name\":\"C\u00d4NG TY TNHH ALUMINUM VI\u1ec6T ECO\",\"url\":\"https:\/\/vieteco.com\/\",\"logo\":{\"@type\":\"ImageObject\",\"inLanguage\":\"en-US\",\"@id\":\"https:\/\/vieteco.com\/#\/schema\/logo\/image\/\",\"url\":\"https:\/\/vieteco.com\/wp-content\/uploads\/2025\/05\/cropped-Logo-VEC-doc-scaled-1.png\",\"contentUrl\":\"https:\/\/vieteco.com\/wp-content\/uploads\/2025\/05\/cropped-Logo-VEC-doc-scaled-1.png\",\"width\":512,\"height\":512,\"caption\":\"C\u00d4NG TY TNHH ALUMINUM VI\u1ec6T ECO\"},\"image\":{\"@id\":\"https:\/\/vieteco.com\/#\/schema\/logo\/image\/\"}}]}<\/script>\n<!-- \/ Yoast SEO plugin. -->","yoast_head_json":{"title":"H\u1ec7 Xingfa l\u00f9a 93 - C\u00d4NG TY TNHH ALUMINUM VI\u1ec6T ECO","robots":{"index":"index","follow":"follow","max-snippet":"max-snippet:-1","max-image-preview":"max-image-preview:large","max-video-preview":"max-video-preview:-1"},"canonical":"https:\/\/vieteco.com\/en\/product\/he-xingfa-lua-93\/","og_locale":"en_US","og_type":"article","og_title":"H\u1ec7 Xingfa l\u00f9a 93 - C\u00d4NG TY TNHH ALUMINUM VI\u1ec6T ECO","og_description":"H\u1ec7 c\u1eeda l\u00f9a 93 \u0111\u01b0\u1ee3c \u1ee9ng d\u1ee5ng trong thi\u1ebft k\u1ebf c\u1eeda \u0111i v\u00e0 c\u1eeda s\u1ed5 m\u1edf tr\u01b0\u1ee3t (l\u00f9a) gi\u00fap ti\u1ebft ki\u1ec7m kh\u00f4ng gian, \u0111\u1eb7c bi\u1ec7t l\u00e0 \u1edf nh\u1eefng n\u01a1i c\u00f3 di\u1ec7n t\u00edch nh\u1ecf h\u1eb9p. D\u00f2ng nh\u00f4m n\u00e0y ngo\u00e0i ch\u1ea5t l\u01b0\u1ee3ng t\u1ed1t v\u00e0 b\u1ec1n b\u1ec9 th\u00ec c\u00f2n c\u00f3 t\u00ednh th\u1ea9m m\u1ef9 cao n\u00ean r\u1ea5t ph\u00f9 h\u1ee3p v\u1edbi chung c\u01b0 cao c\u1ea5p, resort hay bi\u1ec7t th\u1ef1.   Th\u01b0\u01a1ng hi\u1ec7u: DIVIC  M\u00e1c nh\u00f4m ti\u00eau chu\u1ea9n 6063:T5  \u00c1p d\u1ee5ng ti\u00eau chu\u1ea9n xanh trong s\u1ea3n xu\u1ea5t \u0111\u1ea3m b\u1ea3o an to\u00e0n cho ng\u01b0\u1eddi s\u1ea3n xu\u1ea5t v\u00e0 ti\u00eau d\u00f9ng","og_url":"https:\/\/vieteco.com\/en\/product\/he-xingfa-lua-93\/","og_site_name":"C\u00d4NG TY TNHH ALUMINUM VI\u1ec6T ECO","article_modified_time":"2025-02-11T06:44:16+00:00","og_image":[{"width":1024,"height":1024,"url":"https:\/\/vieteco.com\/wp-content\/uploads\/2024\/01\/Ba\u0309n-sao-cu\u0309a-HE\u0323\u0302-XINGFA-LU\u0300A-933-RAY-1024x1024.png","type":"image\/png"}],"twitter_card":"summary_large_image","twitter_misc":{"Est. reading time":"2 minutes"},"schema":{"@context":"https:\/\/schema.org","@graph":[{"@type":"WebPage","@id":"https:\/\/vieteco.com\/san-pham\/he-xingfa-lua-93\/","url":"https:\/\/vieteco.com\/san-pham\/he-xingfa-lua-93\/","name":"H\u1ec7 Xingfa l\u00f9a 93 - C\u00d4NG TY TNHH ALUMINUM VI\u1ec6T ECO","isPartOf":{"@id":"https:\/\/vieteco.com\/#website"},"primaryImageOfPage":{"@id":"https:\/\/vieteco.com\/san-pham\/he-xingfa-lua-93\/#primaryimage"},"image":{"@id":"https:\/\/vieteco.com\/san-pham\/he-xingfa-lua-93\/#primaryimage"},"thumbnailUrl":"https:\/\/vieteco.com\/wp-content\/uploads\/2024\/01\/Ba\u0309n-sao-cu\u0309a-HE\u0323\u0302-XINGFA-LU\u0300A-933-RAY.png","datePublished":"2024-01-19T08:46:49+00:00","dateModified":"2025-02-11T06:44:16+00:00","breadcrumb":{"@id":"https:\/\/vieteco.com\/san-pham\/he-xingfa-lua-93\/#breadcrumb"},"inLanguage":"en-US","potentialAction":[{"@type":"ReadAction","target":["https:\/\/vieteco.com\/san-pham\/he-xingfa-lua-93\/"]}]},{"@type":"ImageObject","inLanguage":"en-US","@id":"https:\/\/vieteco.com\/san-pham\/he-xingfa-lua-93\/#primaryimage","url":"https:\/\/vieteco.com\/wp-content\/uploads\/2024\/01\/Ba\u0309n-sao-cu\u0309a-HE\u0323\u0302-XINGFA-LU\u0300A-933-RAY.png","contentUrl":"https:\/\/vieteco.com\/wp-content\/uploads\/2024\/01\/Ba\u0309n-sao-cu\u0309a-HE\u0323\u0302-XINGFA-LU\u0300A-933-RAY.png","width":2500,"height":2500},{"@type":"BreadcrumbList","@id":"https:\/\/vieteco.com\/san-pham\/he-xingfa-lua-93\/#breadcrumb","itemListElement":[{"@type":"ListItem","position":1,"name":"Home","item":"https:\/\/vieteco.com\/"},{"@type":"ListItem","position":2,"name":"Shop","item":"https:\/\/vieteco.com\/shop\/"},{"@type":"ListItem","position":3,"name":"H\u1ec7 Xingfa l\u00f9a 93"}]},{"@type":"WebSite","@id":"https:\/\/vieteco.com\/#website","url":"https:\/\/vieteco.com\/","name":"C\u00d4NG TY TNHH ALUMINUM VI\u1ec6T ECO","description":"","publisher":{"@id":"https:\/\/vieteco.com\/#organization"},"potentialAction":[{"@type":"SearchAction","target":{"@type":"EntryPoint","urlTemplate":"https:\/\/vieteco.com\/?s={search_term_string}"},"query-input":{"@type":"PropertyValueSpecification","valueRequired":true,"valueName":"search_term_string"}}],"inLanguage":"en-US"},{"@type":"Organization","@id":"https:\/\/vieteco.com\/#organization","name":"C\u00d4NG TY TNHH ALUMINUM VI\u1ec6T ECO","url":"https:\/\/vieteco.com\/","logo":{"@type":"ImageObject","inLanguage":"en-US","@id":"https:\/\/vieteco.com\/#\/schema\/logo\/image\/","url":"https:\/\/vieteco.com\/wp-content\/uploads\/2025\/05\/cropped-Logo-VEC-doc-scaled-1.png","contentUrl":"https:\/\/vieteco.com\/wp-content\/uploads\/2025\/05\/cropped-Logo-VEC-doc-scaled-1.png","width":512,"height":512,"caption":"C\u00d4NG TY TNHH ALUMINUM VI\u1ec6T ECO"},"image":{"@id":"https:\/\/vieteco.com\/#\/schema\/logo\/image\/"}}]}},"_links":{"self":[{"href":"https:\/\/vieteco.com\/en\/wp-json\/wp\/v2\/product\/1560","targetHints":{"allow":["GET"]}}],"collection":[{"href":"https:\/\/vieteco.com\/en\/wp-json\/wp\/v2\/product"}],"about":[{"href":"https:\/\/vieteco.com\/en\/wp-json\/wp\/v2\/types\/product"}],"replies":[{"embeddable":true,"href":"https:\/\/vieteco.com\/en\/wp-json\/wp\/v2\/comments?post=1560"}],"wp:featuredmedia":[{"embeddable":true,"href":"https:\/\/vieteco.com\/en\/wp-json\/wp\/v2\/media\/2654"}],"wp:attachment":[{"href":"https:\/\/vieteco.com\/en\/wp-json\/wp\/v2\/media?parent=1560"}],"wp:term":[{"taxonomy":"product_brand","embeddable":true,"href":"https:\/\/vieteco.com\/en\/wp-json\/wp\/v2\/product_brand?post=1560"},{"taxonomy":"product_cat","embeddable":true,"href":"https:\/\/vieteco.com\/en\/wp-json\/wp\/v2\/product_cat?post=1560"},{"taxonomy":"product_tag","embeddable":true,"href":"https:\/\/vieteco.com\/en\/wp-json\/wp\/v2\/product_tag?post=1560"}],"curies":[{"name":"wp","href":"https:\/\/api.w.org\/{rel}","templated":true}]}}