{"id":1558,"date":"2024-01-19T08:43:45","date_gmt":"2024-01-19T08:43:45","guid":{"rendered":"https:\/\/vieteco.com\/?post_type=product&#038;p=1558"},"modified":"2025-02-11T04:40:25","modified_gmt":"2025-02-11T04:40:25","slug":"he-xingfa-gan-ban-thong-thuong","status":"publish","type":"product","link":"https:\/\/vieteco.com\/en\/product\/he-xingfa-gan-ban-thong-thuong\/","title":{"rendered":"Xingfa g\u00e2n &#8211; B\u1ea3n th\u00f4ng th\u01b0\u1eddng"},"content":{"rendered":"<p>H\u1ec7 c\u1eeda Xingfa b\u1ea3n c\u00e1nh th\u00f4ng th\u01b0\u1eddng l\u00e0 l\u1ef1a ch\u1ecdn h\u00e0ng \u0111\u1ea7u cho c\u00e1c c\u00f4ng tr\u00ecnh ki\u1ebfn tr\u00fac hi\u1ec7n \u0111\u1ea1i b\u1edfi nh\u1eefng \u01b0u \u0111i\u1ec3m v\u01b0\u1ee3t tr\u1ed9i v\u1ec1 t\u00ednh n\u0103ng v\u00e0 th\u1ea9m m\u1ef9.<\/p>\n<p>\ud83d\udd36D\u1ec5 d\u00e0ng ti\u1ebfp nh\u1eadn \u00e1nh s\u00e1ng t\u1ef1 nhi\u00ean t\u1eeb b\u00ean ngo\u00e0i v\u00e0o, gi\u00fap ti\u1ebft ki\u1ec7m \u0111i\u1ec7n n\u0103ng.<\/p>\n<p>\ud83d\udd36 C\u1ea5u tr\u00fac khoang tr\u1ed1ng k\u1ebft h\u1ee3p gio\u0103ng cao su EPDM k\u00edn kh\u00edt gi\u00fap c\u1eeda c\u00f3 kh\u1ea3 n\u0103ng c\u00e1ch \u00e2m, c\u00e1ch nhi\u1ec7t hi\u1ec7u qu\u1ea3, ng\u0103n ch\u1eb7n ti\u1ebfng \u1ed3n t\u1eeb b\u00ean ngo\u00e0i, t\u1ea1o kh\u00f4ng gian y\u00ean t\u0129nh v\u00e0 tho\u1ea3i m\u00e1i cho ng\u00f4i nh\u00e0.<\/p>\n<p>\ud83d\udd36Kh\u1ea3 n\u0103ng ch\u1ecbu l\u1ef1c v\u00e0 ch\u1ed1ng cong v\u00eanh hi\u1ec7u qu\u1ea3, \u0111\u1ea3m b\u1ea3o an to\u00e0n cho ng\u00f4i nh\u00e0 tr\u01b0\u1edbc m\u1ecdi t\u00e1c \u0111\u1ed9ng ngo\u1ea1i l\u1ef1c.<\/p>\n<p>\ud83d\udd36T\u00ednh th\u1ea9m m\u1ef9 cao, m\u00e0u s\u1eafc phong ph\u00fa t\u1ea1o n\u00ean m\u1ed9t kh\u00f4ng gian mang t\u00ednh hi\u1ec7n \u0111\u1ea1i, r\u1ed9ng r\u00e3i.<\/p>\n<p><strong>TH\u00d4NG S\u1ed0 K\u1ef8 THU\u1eacT<\/strong><\/p>\n<p>&nbsp;<\/p>\n<p><img loading=\"lazy\" decoding=\"async\" class=\"alignnone size-full wp-image-2641\" src=\"https:\/\/vieteco.com\/wp-content\/uploads\/2024\/01\/HSNL-Divic6-1-scaled-1.jpg\" alt=\"\" width=\"1810\" height=\"2560\" srcset=\"https:\/\/vieteco.com\/wp-content\/uploads\/2024\/01\/HSNL-Divic6-1-scaled-1.jpg 1810w, https:\/\/vieteco.com\/wp-content\/uploads\/2024\/01\/HSNL-Divic6-1-scaled-1-283x400.jpg 283w, https:\/\/vieteco.com\/wp-content\/uploads\/2024\/01\/HSNL-Divic6-1-scaled-1-724x1024.jpg 724w, https:\/\/vieteco.com\/wp-content\/uploads\/2024\/01\/HSNL-Divic6-1-scaled-1-318x450.jpg 318w, https:\/\/vieteco.com\/wp-content\/uploads\/2024\/01\/HSNL-Divic6-1-scaled-1-768x1086.jpg 768w, https:\/\/vieteco.com\/wp-content\/uploads\/2024\/01\/HSNL-Divic6-1-scaled-1-1086x1536.jpg 1086w, https:\/\/vieteco.com\/wp-content\/uploads\/2024\/01\/HSNL-Divic6-1-scaled-1-1448x2048.jpg 1448w, https:\/\/vieteco.com\/wp-content\/uploads\/2024\/01\/HSNL-Divic6-1-scaled-1-8x12.jpg 8w, https:\/\/vieteco.com\/wp-content\/uploads\/2024\/01\/HSNL-Divic6-1-scaled-1-510x721.jpg 510w\" sizes=\"auto, (max-width: 1810px) 100vw, 1810px\" \/><\/p>","protected":false},"excerpt":{"rendered":"<p>Xingfa g\u00e2n &#8211; B\u1ea3n c\u00e1nh ti\u00eau chu\u1ea9n l\u00e0 h\u1ec7 c\u1eeda \u0111\u1eb7c bi\u1ec7t \u0111\u01b0\u1ee3c nghi\u00ean c\u1ee9u v\u00e0 s\u1ea3n xu\u1ea5t b\u1edfi Chi\u1ebfn Th\u1eafng Tradi \u0111\u01b0\u1ee3c c\u1ea5u t\u1ea1o khoang r\u1ed7ng c\u00f3 c\u00e1c \u0111\u01b0\u1eddng g\u00e2n tr\u1ee3 l\u1ef1c n\u00ean t\u1ea1o th\u00e0nh h\u00ecnh kh\u1ed1i c\u1eeda v\u1eefng ch\u1eafc, an to\u00e0n.<\/p>","protected":false},"featured_media":2643,"comment_status":"open","ping_status":"closed","template":"","meta":[],"product_brand":[],"product_cat":[103,142],"product_tag":[],"class_list":{"0":"post-1558","1":"product","2":"type-product","3":"status-publish","4":"has-post-thumbnail","6":"product_cat-nhan-divic","7":"product_cat-he-xingfa-55-nhan-divic","9":"first","10":"instock","11":"shipping-taxable","12":"product-type-simple"},"yoast_head":"<!-- This site is optimized with the Yoast SEO plugin v24.9 - https:\/\/yoast.com\/wordpress\/plugins\/seo\/ -->\n<title>Xingfa g\u00e2n - B\u1ea3n th\u00f4ng th\u01b0\u1eddng - C\u00d4NG TY TNHH ALUMINUM VI\u1ec6T ECO<\/title>\n<meta name=\"robots\" content=\"index, follow, max-snippet:-1, max-image-preview:large, max-video-preview:-1\" \/>\n<link rel=\"canonical\" href=\"https:\/\/vieteco.com\/en\/product\/he-xingfa-gan-ban-thong-thuong\/\" \/>\n<meta property=\"og:locale\" content=\"en_US\" \/>\n<meta property=\"og:type\" content=\"article\" \/>\n<meta property=\"og:title\" content=\"Xingfa g\u00e2n - B\u1ea3n th\u00f4ng th\u01b0\u1eddng - C\u00d4NG TY TNHH ALUMINUM VI\u1ec6T ECO\" \/>\n<meta property=\"og:description\" content=\"Xingfa g\u00e2n - B\u1ea3n c\u00e1nh ti\u00eau chu\u1ea9n l\u00e0 h\u1ec7 c\u1eeda \u0111\u1eb7c bi\u1ec7t \u0111\u01b0\u1ee3c nghi\u00ean c\u1ee9u v\u00e0 s\u1ea3n xu\u1ea5t b\u1edfi Chi\u1ebfn Th\u1eafng Tradi \u0111\u01b0\u1ee3c c\u1ea5u t\u1ea1o khoang r\u1ed7ng c\u00f3 c\u00e1c \u0111\u01b0\u1eddng g\u00e2n tr\u1ee3 l\u1ef1c n\u00ean t\u1ea1o th\u00e0nh h\u00ecnh kh\u1ed1i c\u1eeda v\u1eefng ch\u1eafc, an to\u00e0n.\" \/>\n<meta property=\"og:url\" content=\"https:\/\/vieteco.com\/en\/product\/he-xingfa-gan-ban-thong-thuong\/\" \/>\n<meta property=\"og:site_name\" content=\"C\u00d4NG TY TNHH ALUMINUM VI\u1ec6T ECO\" \/>\n<meta property=\"article:modified_time\" content=\"2025-02-11T04:40:25+00:00\" \/>\n<meta property=\"og:image\" content=\"https:\/\/vieteco.com\/wp-content\/uploads\/2024\/01\/Ba\u0309n-sao-cu\u0309a-HE\u0323\u0302-XINGFA.png\" \/>\n\t<meta property=\"og:image:width\" content=\"2500\" \/>\n\t<meta property=\"og:image:height\" content=\"2500\" \/>\n\t<meta property=\"og:image:type\" content=\"image\/png\" \/>\n<meta name=\"twitter:card\" content=\"summary_large_image\" \/>\n<meta name=\"twitter:label1\" content=\"Est. reading time\" \/>\n\t<meta name=\"twitter:data1\" content=\"1 minute\" \/>\n<script type=\"application\/ld+json\" class=\"yoast-schema-graph\">{\"@context\":\"https:\/\/schema.org\",\"@graph\":[{\"@type\":\"WebPage\",\"@id\":\"https:\/\/vieteco.com\/san-pham\/he-xingfa-gan-ban-thong-thuong\/\",\"url\":\"https:\/\/vieteco.com\/san-pham\/he-xingfa-gan-ban-thong-thuong\/\",\"name\":\"Xingfa g\u00e2n - B\u1ea3n th\u00f4ng th\u01b0\u1eddng - C\u00d4NG TY TNHH ALUMINUM VI\u1ec6T ECO\",\"isPartOf\":{\"@id\":\"https:\/\/vieteco.com\/#website\"},\"primaryImageOfPage\":{\"@id\":\"https:\/\/vieteco.com\/san-pham\/he-xingfa-gan-ban-thong-thuong\/#primaryimage\"},\"image\":{\"@id\":\"https:\/\/vieteco.com\/san-pham\/he-xingfa-gan-ban-thong-thuong\/#primaryimage\"},\"thumbnailUrl\":\"https:\/\/vieteco.com\/wp-content\/uploads\/2024\/01\/Ba\u0309n-sao-cu\u0309a-HE\u0323\u0302-XINGFA.png\",\"datePublished\":\"2024-01-19T08:43:45+00:00\",\"dateModified\":\"2025-02-11T04:40:25+00:00\",\"breadcrumb\":{\"@id\":\"https:\/\/vieteco.com\/san-pham\/he-xingfa-gan-ban-thong-thuong\/#breadcrumb\"},\"inLanguage\":\"en-US\",\"potentialAction\":[{\"@type\":\"ReadAction\",\"target\":[\"https:\/\/vieteco.com\/san-pham\/he-xingfa-gan-ban-thong-thuong\/\"]}]},{\"@type\":\"ImageObject\",\"inLanguage\":\"en-US\",\"@id\":\"https:\/\/vieteco.com\/san-pham\/he-xingfa-gan-ban-thong-thuong\/#primaryimage\",\"url\":\"https:\/\/vieteco.com\/wp-content\/uploads\/2024\/01\/Ba\u0309n-sao-cu\u0309a-HE\u0323\u0302-XINGFA.png\",\"contentUrl\":\"https:\/\/vieteco.com\/wp-content\/uploads\/2024\/01\/Ba\u0309n-sao-cu\u0309a-HE\u0323\u0302-XINGFA.png\",\"width\":2500,\"height\":2500},{\"@type\":\"BreadcrumbList\",\"@id\":\"https:\/\/vieteco.com\/san-pham\/he-xingfa-gan-ban-thong-thuong\/#breadcrumb\",\"itemListElement\":[{\"@type\":\"ListItem\",\"position\":1,\"name\":\"Home\",\"item\":\"https:\/\/vieteco.com\/\"},{\"@type\":\"ListItem\",\"position\":2,\"name\":\"Shop\",\"item\":\"https:\/\/vieteco.com\/shop\/\"},{\"@type\":\"ListItem\",\"position\":3,\"name\":\"Xingfa g\u00e2n &#8211; B\u1ea3n th\u00f4ng th\u01b0\u1eddng\"}]},{\"@type\":\"WebSite\",\"@id\":\"https:\/\/vieteco.com\/#website\",\"url\":\"https:\/\/vieteco.com\/\",\"name\":\"C\u00d4NG TY TNHH ALUMINUM VI\u1ec6T ECO\",\"description\":\"\",\"publisher\":{\"@id\":\"https:\/\/vieteco.com\/#organization\"},\"potentialAction\":[{\"@type\":\"SearchAction\",\"target\":{\"@type\":\"EntryPoint\",\"urlTemplate\":\"https:\/\/vieteco.com\/?s={search_term_string}\"},\"query-input\":{\"@type\":\"PropertyValueSpecification\",\"valueRequired\":true,\"valueName\":\"search_term_string\"}}],\"inLanguage\":\"en-US\"},{\"@type\":\"Organization\",\"@id\":\"https:\/\/vieteco.com\/#organization\",\"name\":\"C\u00d4NG TY TNHH ALUMINUM VI\u1ec6T ECO\",\"url\":\"https:\/\/vieteco.com\/\",\"logo\":{\"@type\":\"ImageObject\",\"inLanguage\":\"en-US\",\"@id\":\"https:\/\/vieteco.com\/#\/schema\/logo\/image\/\",\"url\":\"https:\/\/vieteco.com\/wp-content\/uploads\/2025\/05\/cropped-Logo-VEC-doc-scaled-1.png\",\"contentUrl\":\"https:\/\/vieteco.com\/wp-content\/uploads\/2025\/05\/cropped-Logo-VEC-doc-scaled-1.png\",\"width\":512,\"height\":512,\"caption\":\"C\u00d4NG TY TNHH ALUMINUM VI\u1ec6T ECO\"},\"image\":{\"@id\":\"https:\/\/vieteco.com\/#\/schema\/logo\/image\/\"}}]}<\/script>\n<!-- \/ Yoast SEO plugin. -->","yoast_head_json":{"title":"Xingfa g\u00e2n - B\u1ea3n th\u00f4ng th\u01b0\u1eddng - C\u00d4NG TY TNHH ALUMINUM VI\u1ec6T ECO","robots":{"index":"index","follow":"follow","max-snippet":"max-snippet:-1","max-image-preview":"max-image-preview:large","max-video-preview":"max-video-preview:-1"},"canonical":"https:\/\/vieteco.com\/en\/product\/he-xingfa-gan-ban-thong-thuong\/","og_locale":"en_US","og_type":"article","og_title":"Xingfa g\u00e2n - B\u1ea3n th\u00f4ng th\u01b0\u1eddng - C\u00d4NG TY TNHH ALUMINUM VI\u1ec6T ECO","og_description":"Xingfa g\u00e2n - B\u1ea3n c\u00e1nh ti\u00eau chu\u1ea9n l\u00e0 h\u1ec7 c\u1eeda \u0111\u1eb7c bi\u1ec7t \u0111\u01b0\u1ee3c nghi\u00ean c\u1ee9u v\u00e0 s\u1ea3n xu\u1ea5t b\u1edfi Chi\u1ebfn Th\u1eafng Tradi \u0111\u01b0\u1ee3c c\u1ea5u t\u1ea1o khoang r\u1ed7ng c\u00f3 c\u00e1c \u0111\u01b0\u1eddng g\u00e2n tr\u1ee3 l\u1ef1c n\u00ean t\u1ea1o th\u00e0nh h\u00ecnh kh\u1ed1i c\u1eeda v\u1eefng ch\u1eafc, an to\u00e0n.","og_url":"https:\/\/vieteco.com\/en\/product\/he-xingfa-gan-ban-thong-thuong\/","og_site_name":"C\u00d4NG TY TNHH ALUMINUM VI\u1ec6T ECO","article_modified_time":"2025-02-11T04:40:25+00:00","og_image":[{"width":2500,"height":2500,"url":"https:\/\/vieteco.com\/wp-content\/uploads\/2024\/01\/Ba\u0309n-sao-cu\u0309a-HE\u0323\u0302-XINGFA.png","type":"image\/png"}],"twitter_card":"summary_large_image","twitter_misc":{"Est. reading time":"1 minute"},"schema":{"@context":"https:\/\/schema.org","@graph":[{"@type":"WebPage","@id":"https:\/\/vieteco.com\/san-pham\/he-xingfa-gan-ban-thong-thuong\/","url":"https:\/\/vieteco.com\/san-pham\/he-xingfa-gan-ban-thong-thuong\/","name":"Xingfa g\u00e2n - B\u1ea3n th\u00f4ng th\u01b0\u1eddng - C\u00d4NG TY TNHH ALUMINUM VI\u1ec6T ECO","isPartOf":{"@id":"https:\/\/vieteco.com\/#website"},"primaryImageOfPage":{"@id":"https:\/\/vieteco.com\/san-pham\/he-xingfa-gan-ban-thong-thuong\/#primaryimage"},"image":{"@id":"https:\/\/vieteco.com\/san-pham\/he-xingfa-gan-ban-thong-thuong\/#primaryimage"},"thumbnailUrl":"https:\/\/vieteco.com\/wp-content\/uploads\/2024\/01\/Ba\u0309n-sao-cu\u0309a-HE\u0323\u0302-XINGFA.png","datePublished":"2024-01-19T08:43:45+00:00","dateModified":"2025-02-11T04:40:25+00:00","breadcrumb":{"@id":"https:\/\/vieteco.com\/san-pham\/he-xingfa-gan-ban-thong-thuong\/#breadcrumb"},"inLanguage":"en-US","potentialAction":[{"@type":"ReadAction","target":["https:\/\/vieteco.com\/san-pham\/he-xingfa-gan-ban-thong-thuong\/"]}]},{"@type":"ImageObject","inLanguage":"en-US","@id":"https:\/\/vieteco.com\/san-pham\/he-xingfa-gan-ban-thong-thuong\/#primaryimage","url":"https:\/\/vieteco.com\/wp-content\/uploads\/2024\/01\/Ba\u0309n-sao-cu\u0309a-HE\u0323\u0302-XINGFA.png","contentUrl":"https:\/\/vieteco.com\/wp-content\/uploads\/2024\/01\/Ba\u0309n-sao-cu\u0309a-HE\u0323\u0302-XINGFA.png","width":2500,"height":2500},{"@type":"BreadcrumbList","@id":"https:\/\/vieteco.com\/san-pham\/he-xingfa-gan-ban-thong-thuong\/#breadcrumb","itemListElement":[{"@type":"ListItem","position":1,"name":"Home","item":"https:\/\/vieteco.com\/"},{"@type":"ListItem","position":2,"name":"Shop","item":"https:\/\/vieteco.com\/shop\/"},{"@type":"ListItem","position":3,"name":"Xingfa g\u00e2n &#8211; B\u1ea3n th\u00f4ng th\u01b0\u1eddng"}]},{"@type":"WebSite","@id":"https:\/\/vieteco.com\/#website","url":"https:\/\/vieteco.com\/","name":"C\u00d4NG TY TNHH ALUMINUM VI\u1ec6T ECO","description":"","publisher":{"@id":"https:\/\/vieteco.com\/#organization"},"potentialAction":[{"@type":"SearchAction","target":{"@type":"EntryPoint","urlTemplate":"https:\/\/vieteco.com\/?s={search_term_string}"},"query-input":{"@type":"PropertyValueSpecification","valueRequired":true,"valueName":"search_term_string"}}],"inLanguage":"en-US"},{"@type":"Organization","@id":"https:\/\/vieteco.com\/#organization","name":"C\u00d4NG TY TNHH ALUMINUM VI\u1ec6T ECO","url":"https:\/\/vieteco.com\/","logo":{"@type":"ImageObject","inLanguage":"en-US","@id":"https:\/\/vieteco.com\/#\/schema\/logo\/image\/","url":"https:\/\/vieteco.com\/wp-content\/uploads\/2025\/05\/cropped-Logo-VEC-doc-scaled-1.png","contentUrl":"https:\/\/vieteco.com\/wp-content\/uploads\/2025\/05\/cropped-Logo-VEC-doc-scaled-1.png","width":512,"height":512,"caption":"C\u00d4NG TY TNHH ALUMINUM VI\u1ec6T ECO"},"image":{"@id":"https:\/\/vieteco.com\/#\/schema\/logo\/image\/"}}]}},"_links":{"self":[{"href":"https:\/\/vieteco.com\/en\/wp-json\/wp\/v2\/product\/1558","targetHints":{"allow":["GET"]}}],"collection":[{"href":"https:\/\/vieteco.com\/en\/wp-json\/wp\/v2\/product"}],"about":[{"href":"https:\/\/vieteco.com\/en\/wp-json\/wp\/v2\/types\/product"}],"replies":[{"embeddable":true,"href":"https:\/\/vieteco.com\/en\/wp-json\/wp\/v2\/comments?post=1558"}],"wp:featuredmedia":[{"embeddable":true,"href":"https:\/\/vieteco.com\/en\/wp-json\/wp\/v2\/media\/2643"}],"wp:attachment":[{"href":"https:\/\/vieteco.com\/en\/wp-json\/wp\/v2\/media?parent=1558"}],"wp:term":[{"taxonomy":"product_brand","embeddable":true,"href":"https:\/\/vieteco.com\/en\/wp-json\/wp\/v2\/product_brand?post=1558"},{"taxonomy":"product_cat","embeddable":true,"href":"https:\/\/vieteco.com\/en\/wp-json\/wp\/v2\/product_cat?post=1558"},{"taxonomy":"product_tag","embeddable":true,"href":"https:\/\/vieteco.com\/en\/wp-json\/wp\/v2\/product_tag?post=1558"}],"curies":[{"name":"wp","href":"https:\/\/api.w.org\/{rel}","templated":true}]}}