{"id":1555,"date":"2024-01-19T08:33:14","date_gmt":"2024-01-19T08:33:14","guid":{"rendered":"https:\/\/vieteco.com\/?post_type=product&#038;p=1555"},"modified":"2025-02-11T04:14:58","modified_gmt":"2025-02-11T04:14:58","slug":"he-vat-canh","status":"publish","type":"product","link":"https:\/\/vieteco.com\/en\/product\/he-vat-canh\/","title":{"rendered":"H\u1ec7 V\u00e1t c\u1ea1nh 55 c\u1eeda \u0111i"},"content":{"rendered":"<p>H\u1ec7 nh\u00f4m v\u00e1t c\u1ea1nh 55 c\u1eeda di l\u00e0 d\u00f2ng s\u1ea3n ph\u1ea9m m\u1edbi \u0111\u01b0\u1ee3c c\u1ea3i ti\u1ebfn t\u1eeb h\u1ec7 nh\u00f4m truy\u1ec1n th\u1ed1ng, mang l\u1ea1i hi\u1ec7u qu\u1ea3 s\u1eed d\u1ee5ng t\u1ed1t, \u0111\u1ea3m b\u1ea3o t\u00ednh th\u1ea9m m\u1ef9 cho c\u1ea3 c\u00f4ng tr\u00ecnh.<\/p>\n<p>\ud83d\udd36 Thanh nh\u00f4m profile c\u00f3 \u0111\u1ed9 d\u00e0y linh ho\u1ea1t t\u1eeb 0.9mm \u0111\u1ebfn 1.4mm, \u0111\u00e1p \u1ee9ng \u0111a d\u1ea1ng cho nhi\u1ec1u lo\u1ea1i d\u1ef1 \u00e1n, c\u00f4ng tr\u00ecnh kh\u00e1c nhau.<\/p>\n<p>\ud83d\udd36 C\u00f4ng ngh\u1ec7 gh\u00e9p g\u00f3c ti\u00ean ti\u1ebfn gi\u00fap t\u0103ng \u0111\u1ed9 b\u1ec1n, h\u1ea1n ch\u1ebf t\u1ed1i \u0111a ti\u1ebfng \u1ed3n t\u1eeb b\u00ean ngo\u00e0i mang l\u1ea1i kh\u00f4ng gian y\u00ean t\u0129nh v\u00e0 tho\u1ea3i m\u00e1i.<\/p>\n<p>\ud83d\udd36 H\u1ec7 v\u00e1t c\u1ea1nh 55 c\u00f3 \u0111\u1ed9 k\u00edn kh\u00edt tuy\u1ec7t, ch\u1ecbu n\u01b0\u1edbc t\u1ed1t, h\u1ea1n ch\u1ebf r\u00f2 r\u1ec9 n\u01b0\u1edbc v\u00e0o b\u00ean trong, \u0111\u1ea3m b\u1ea3o \u0111\u1ed9 b\u1ec1n b\u1ec9 k\u1ec3 c\u1ea3 trong m\u00f4i tr\u01b0\u1eddng th\u1eddi ti\u1ebft kh\u1eafc nghi\u1ec7t m\u01b0a b\u00e3o.<\/p>\n<p>\ud83d\udd36 C\u1eeda c\u00f3 th\u1ec3 m\u1edf trong v\u00e0 m\u1edf ngo\u00e0i gi\u00fap t\u1ed1i \u01b0u kh\u00f4ng gian.<\/p>\n<p>\ud83d\udd36 Kh\u00f4ng hoen g\u1ec9, co ng\u00f3t, \u0103n m\u00f2n nh\u1edd l\u1edbp ph\u1ee7 s\u01a1n t\u0129nh \u0111i\u1ec7n theo ti\u00eau chu\u1ea9n EU. VietEco b\u1ea3o h\u00e0nh v\u00e0 cam k\u1ebft gi\u1ea3i quy\u1ebft t\u1ea5t c\u1ea3 c\u00e1c v\u1ea5n \u0111\u1ec1 bong, s\u00f9i, r\u1ea1n m\u1eb7t s\u01a1n ho\u1eb7c xu\u1ed1ng m\u00e0u s\u01a1n \u0111\u1ec3 kh\u00e1ch h\u00e0ng y\u00ean t\u00e2m s\u1eed d\u1ee5ng.<\/p>\n<p>\ud83d\udd36 Gi\u00e1 th\u00e0nh h\u1ee3p l\u00fd h\u01a1n so v\u1edbi c\u00e1c d\u00f2ng nh\u00f4m ti\u00eau chu\u1ea9n kh\u00e1c<\/p>\n<p><strong>TH\u00d4NG S\u1ed0 K\u1ef8 THU\u1eacT<\/strong><\/p>\n<p>&nbsp;<\/p>\n<p><img loading=\"lazy\" decoding=\"async\" class=\"alignnone size-full wp-image-2629\" src=\"https:\/\/vieteco.com\/wp-content\/uploads\/2024\/01\/3-1-scaled-1.jpg\" alt=\"\" width=\"1810\" height=\"2560\" srcset=\"https:\/\/vieteco.com\/wp-content\/uploads\/2024\/01\/3-1-scaled-1.jpg 1810w, https:\/\/vieteco.com\/wp-content\/uploads\/2024\/01\/3-1-scaled-1-283x400.jpg 283w, https:\/\/vieteco.com\/wp-content\/uploads\/2024\/01\/3-1-scaled-1-724x1024.jpg 724w, https:\/\/vieteco.com\/wp-content\/uploads\/2024\/01\/3-1-scaled-1-318x450.jpg 318w, https:\/\/vieteco.com\/wp-content\/uploads\/2024\/01\/3-1-scaled-1-768x1086.jpg 768w, https:\/\/vieteco.com\/wp-content\/uploads\/2024\/01\/3-1-scaled-1-1086x1536.jpg 1086w, https:\/\/vieteco.com\/wp-content\/uploads\/2024\/01\/3-1-scaled-1-1448x2048.jpg 1448w, https:\/\/vieteco.com\/wp-content\/uploads\/2024\/01\/3-1-scaled-1-8x12.jpg 8w, https:\/\/vieteco.com\/wp-content\/uploads\/2024\/01\/3-1-scaled-1-510x721.jpg 510w\" sizes=\"auto, (max-width: 1810px) 100vw, 1810px\" \/><img loading=\"lazy\" decoding=\"async\" class=\"alignnone size-full wp-image-2628\" src=\"https:\/\/vieteco.com\/wp-content\/uploads\/2024\/01\/5-1-scaled-1.jpg\" alt=\"\" width=\"1816\" height=\"2560\" srcset=\"https:\/\/vieteco.com\/wp-content\/uploads\/2024\/01\/5-1-scaled-1.jpg 1816w, https:\/\/vieteco.com\/wp-content\/uploads\/2024\/01\/5-1-scaled-1-284x400.jpg 284w, https:\/\/vieteco.com\/wp-content\/uploads\/2024\/01\/5-1-scaled-1-726x1024.jpg 726w, https:\/\/vieteco.com\/wp-content\/uploads\/2024\/01\/5-1-scaled-1-319x450.jpg 319w, https:\/\/vieteco.com\/wp-content\/uploads\/2024\/01\/5-1-scaled-1-768x1083.jpg 768w, https:\/\/vieteco.com\/wp-content\/uploads\/2024\/01\/5-1-scaled-1-1090x1536.jpg 1090w, https:\/\/vieteco.com\/wp-content\/uploads\/2024\/01\/5-1-scaled-1-1453x2048.jpg 1453w, https:\/\/vieteco.com\/wp-content\/uploads\/2024\/01\/5-1-scaled-1-9x12.jpg 9w, https:\/\/vieteco.com\/wp-content\/uploads\/2024\/01\/5-1-scaled-1-510x719.jpg 510w\" sizes=\"auto, (max-width: 1816px) 100vw, 1816px\" \/><img loading=\"lazy\" decoding=\"async\" class=\"alignnone size-full wp-image-2631\" src=\"https:\/\/vieteco.com\/wp-content\/uploads\/2024\/01\/1-3-scaled-3.jpg\" alt=\"\" width=\"1806\" height=\"2560\" srcset=\"https:\/\/vieteco.com\/wp-content\/uploads\/2024\/01\/1-3-scaled-3.jpg 1806w, https:\/\/vieteco.com\/wp-content\/uploads\/2024\/01\/1-3-scaled-3-282x400.jpg 282w, https:\/\/vieteco.com\/wp-content\/uploads\/2024\/01\/1-3-scaled-3-722x1024.jpg 722w, https:\/\/vieteco.com\/wp-content\/uploads\/2024\/01\/1-3-scaled-3-317x450.jpg 317w, https:\/\/vieteco.com\/wp-content\/uploads\/2024\/01\/1-3-scaled-3-768x1089.jpg 768w, https:\/\/vieteco.com\/wp-content\/uploads\/2024\/01\/1-3-scaled-3-1084x1536.jpg 1084w, https:\/\/vieteco.com\/wp-content\/uploads\/2024\/01\/1-3-scaled-3-1445x2048.jpg 1445w, https:\/\/vieteco.com\/wp-content\/uploads\/2024\/01\/1-3-scaled-3-8x12.jpg 8w, https:\/\/vieteco.com\/wp-content\/uploads\/2024\/01\/1-3-scaled-3-510x723.jpg 510w\" sizes=\"auto, (max-width: 1806px) 100vw, 1806px\" \/><img loading=\"lazy\" decoding=\"async\" class=\"alignnone size-full wp-image-2630\" src=\"https:\/\/vieteco.com\/wp-content\/uploads\/2024\/01\/4-1-scaled-1.jpg\" alt=\"\" width=\"1808\" height=\"2560\" srcset=\"https:\/\/vieteco.com\/wp-content\/uploads\/2024\/01\/4-1-scaled-1.jpg 1808w, https:\/\/vieteco.com\/wp-content\/uploads\/2024\/01\/4-1-scaled-1-283x400.jpg 283w, https:\/\/vieteco.com\/wp-content\/uploads\/2024\/01\/4-1-scaled-1-723x1024.jpg 723w, https:\/\/vieteco.com\/wp-content\/uploads\/2024\/01\/4-1-scaled-1-318x450.jpg 318w, https:\/\/vieteco.com\/wp-content\/uploads\/2024\/01\/4-1-scaled-1-768x1087.jpg 768w, https:\/\/vieteco.com\/wp-content\/uploads\/2024\/01\/4-1-scaled-1-1085x1536.jpg 1085w, https:\/\/vieteco.com\/wp-content\/uploads\/2024\/01\/4-1-scaled-1-1446x2048.jpg 1446w, https:\/\/vieteco.com\/wp-content\/uploads\/2024\/01\/4-1-scaled-1-8x12.jpg 8w, https:\/\/vieteco.com\/wp-content\/uploads\/2024\/01\/4-1-scaled-1-510x722.jpg 510w\" sizes=\"auto, (max-width: 1808px) 100vw, 1808px\" \/><\/p>","protected":false},"excerpt":{"rendered":"<p>H\u1ec7 V\u00e1t C\u1ea1nh 55 &#8211; C\u1eeda \u0111i l\u00e0 m\u1ed9t s\u1ea3n ph\u1ea9m \u01b0u vi\u1ec7t tr\u00ean th\u1ecb tr\u01b0\u1eddng v\u00e0 lu\u00f4n n\u1eb1m top c\u00e1c s\u1ea3n ph\u1ea9m b\u00e1n ch\u1ea1y nh\u1ea5t c\u1ee7a Nh\u00e0 m\u00e1y s\u1ea3n xu\u1ea5t nh\u00f4m Vi\u1ec7t Eco. H\u1ec7 c\u1eeda \u0111\u01b0\u1ee3c c\u1ea5u th\u00e0nh t\u1eeb 3 c\u00e2y Profile, l\u00e0 s\u1ef1 k\u1ebft h\u1ee3p h\u00e0i h\u00f2a c\u1ee7a r\u1ea5t nhi\u1ec1u chi ti\u1ebft mang \u0111\u1ebfn nhi\u1ec1u \u01b0u \u0111i\u1ec3m v\u01b0\u1ee3t tr\u1ed9i, \u0111\u00e1p \u1ee9ng nhu c\u1ea7u th\u1ea9m m\u1ef9 v\u00e0 ch\u1ea5t l\u01b0\u1ee3ng cao cho c\u00e1c c\u00f4ng tr\u00ecnh x\u00e2y d\u1ef1ng hi\u1ec7n \u0111\u1ea1i.<\/p>\n<ul>\n<li>Th\u01b0\u01a1ng hi\u1ec7u: DIVIC<\/li>\n<li>M\u00e1c nh\u00f4m ti\u00eau chu\u1ea9n 6063:T5<\/li>\n<li>\u00c1p d\u1ee5ng ti\u00eau chu\u1ea9n xanh trong s\u1ea3n xu\u1ea5t \u0111\u1ea3m b\u1ea3o an to\u00e0n cho ng\u01b0\u1eddi s\u1ea3n xu\u1ea5t v\u00e0 ti\u00eau d\u00f9ng<\/li>\n<\/ul>\n<p>&nbsp;<\/p>","protected":false},"featured_media":2634,"comment_status":"open","ping_status":"closed","template":"","meta":[],"product_brand":[],"product_cat":[103,134],"product_tag":[177,176],"class_list":{"0":"post-1555","1":"product","2":"type-product","3":"status-publish","4":"has-post-thumbnail","6":"product_cat-nhan-divic","7":"product_cat-he-vat-canh-nhan-divic","8":"product_tag-cua-di","9":"product_tag-he-vat-canh-55","11":"first","12":"instock","13":"shipping-taxable","14":"product-type-simple"},"yoast_head":"<!-- This site is optimized with the Yoast SEO plugin v24.9 - https:\/\/yoast.com\/wordpress\/plugins\/seo\/ -->\n<title>H\u1ec7 V\u00e1t c\u1ea1nh 55 c\u1eeda \u0111i - C\u00d4NG TY TNHH ALUMINUM VI\u1ec6T ECO<\/title>\n<meta name=\"robots\" content=\"index, follow, max-snippet:-1, max-image-preview:large, max-video-preview:-1\" \/>\n<link rel=\"canonical\" href=\"https:\/\/vieteco.com\/en\/product\/he-vat-canh\/\" \/>\n<meta property=\"og:locale\" content=\"en_US\" \/>\n<meta property=\"og:type\" content=\"article\" \/>\n<meta property=\"og:title\" content=\"H\u1ec7 V\u00e1t c\u1ea1nh 55 c\u1eeda \u0111i - C\u00d4NG TY TNHH ALUMINUM VI\u1ec6T ECO\" \/>\n<meta property=\"og:description\" content=\"H\u1ec7 V\u00e1t C\u1ea1nh 55 - C\u1eeda \u0111i l\u00e0 m\u1ed9t s\u1ea3n ph\u1ea9m \u01b0u vi\u1ec7t tr\u00ean th\u1ecb tr\u01b0\u1eddng v\u00e0 lu\u00f4n n\u1eb1m top c\u00e1c s\u1ea3n ph\u1ea9m b\u00e1n ch\u1ea1y nh\u1ea5t c\u1ee7a Nh\u00e0 m\u00e1y s\u1ea3n xu\u1ea5t nh\u00f4m Vi\u1ec7t Eco. H\u1ec7 c\u1eeda \u0111\u01b0\u1ee3c c\u1ea5u th\u00e0nh t\u1eeb 3 c\u00e2y Profile, l\u00e0 s\u1ef1 k\u1ebft h\u1ee3p h\u00e0i h\u00f2a c\u1ee7a r\u1ea5t nhi\u1ec1u chi ti\u1ebft mang \u0111\u1ebfn nhi\u1ec1u \u01b0u \u0111i\u1ec3m v\u01b0\u1ee3t tr\u1ed9i, \u0111\u00e1p \u1ee9ng nhu c\u1ea7u th\u1ea9m m\u1ef9 v\u00e0 ch\u1ea5t l\u01b0\u1ee3ng cao cho c\u00e1c c\u00f4ng tr\u00ecnh x\u00e2y d\u1ef1ng hi\u1ec7n \u0111\u1ea1i.   Th\u01b0\u01a1ng hi\u1ec7u: DIVIC  M\u00e1c nh\u00f4m ti\u00eau chu\u1ea9n 6063:T5  \u00c1p d\u1ee5ng ti\u00eau chu\u1ea9n xanh trong s\u1ea3n xu\u1ea5t \u0111\u1ea3m b\u1ea3o an to\u00e0n cho ng\u01b0\u1eddi s\u1ea3n xu\u1ea5t v\u00e0 ti\u00eau d\u00f9ng  &nbsp;\" \/>\n<meta property=\"og:url\" content=\"https:\/\/vieteco.com\/en\/product\/he-vat-canh\/\" \/>\n<meta property=\"og:site_name\" content=\"C\u00d4NG TY TNHH ALUMINUM VI\u1ec6T ECO\" \/>\n<meta property=\"article:modified_time\" content=\"2025-02-11T04:14:58+00:00\" \/>\n<meta property=\"og:image\" content=\"https:\/\/vieteco.com\/wp-content\/uploads\/2024\/01\/2-4.jpg\" \/>\n\t<meta property=\"og:image:width\" content=\"1572\" \/>\n\t<meta property=\"og:image:height\" content=\"1572\" \/>\n\t<meta property=\"og:image:type\" content=\"image\/jpeg\" \/>\n<meta name=\"twitter:card\" content=\"summary_large_image\" \/>\n<meta name=\"twitter:label1\" content=\"Est. reading time\" \/>\n\t<meta name=\"twitter:data1\" content=\"2 minutes\" \/>\n<script type=\"application\/ld+json\" class=\"yoast-schema-graph\">{\"@context\":\"https:\/\/schema.org\",\"@graph\":[{\"@type\":\"WebPage\",\"@id\":\"https:\/\/vieteco.com\/san-pham\/he-vat-canh\/\",\"url\":\"https:\/\/vieteco.com\/san-pham\/he-vat-canh\/\",\"name\":\"H\u1ec7 V\u00e1t c\u1ea1nh 55 c\u1eeda \u0111i - C\u00d4NG TY TNHH ALUMINUM VI\u1ec6T ECO\",\"isPartOf\":{\"@id\":\"https:\/\/vieteco.com\/#website\"},\"primaryImageOfPage\":{\"@id\":\"https:\/\/vieteco.com\/san-pham\/he-vat-canh\/#primaryimage\"},\"image\":{\"@id\":\"https:\/\/vieteco.com\/san-pham\/he-vat-canh\/#primaryimage\"},\"thumbnailUrl\":\"https:\/\/vieteco.com\/wp-content\/uploads\/2024\/01\/2-4.jpg\",\"datePublished\":\"2024-01-19T08:33:14+00:00\",\"dateModified\":\"2025-02-11T04:14:58+00:00\",\"breadcrumb\":{\"@id\":\"https:\/\/vieteco.com\/san-pham\/he-vat-canh\/#breadcrumb\"},\"inLanguage\":\"en-US\",\"potentialAction\":[{\"@type\":\"ReadAction\",\"target\":[\"https:\/\/vieteco.com\/san-pham\/he-vat-canh\/\"]}]},{\"@type\":\"ImageObject\",\"inLanguage\":\"en-US\",\"@id\":\"https:\/\/vieteco.com\/san-pham\/he-vat-canh\/#primaryimage\",\"url\":\"https:\/\/vieteco.com\/wp-content\/uploads\/2024\/01\/2-4.jpg\",\"contentUrl\":\"https:\/\/vieteco.com\/wp-content\/uploads\/2024\/01\/2-4.jpg\",\"width\":1572,\"height\":1572},{\"@type\":\"BreadcrumbList\",\"@id\":\"https:\/\/vieteco.com\/san-pham\/he-vat-canh\/#breadcrumb\",\"itemListElement\":[{\"@type\":\"ListItem\",\"position\":1,\"name\":\"Home\",\"item\":\"https:\/\/vieteco.com\/\"},{\"@type\":\"ListItem\",\"position\":2,\"name\":\"Shop\",\"item\":\"https:\/\/vieteco.com\/shop\/\"},{\"@type\":\"ListItem\",\"position\":3,\"name\":\"H\u1ec7 V\u00e1t c\u1ea1nh 55 c\u1eeda \u0111i\"}]},{\"@type\":\"WebSite\",\"@id\":\"https:\/\/vieteco.com\/#website\",\"url\":\"https:\/\/vieteco.com\/\",\"name\":\"C\u00d4NG TY TNHH ALUMINUM VI\u1ec6T ECO\",\"description\":\"\",\"publisher\":{\"@id\":\"https:\/\/vieteco.com\/#organization\"},\"potentialAction\":[{\"@type\":\"SearchAction\",\"target\":{\"@type\":\"EntryPoint\",\"urlTemplate\":\"https:\/\/vieteco.com\/?s={search_term_string}\"},\"query-input\":{\"@type\":\"PropertyValueSpecification\",\"valueRequired\":true,\"valueName\":\"search_term_string\"}}],\"inLanguage\":\"en-US\"},{\"@type\":\"Organization\",\"@id\":\"https:\/\/vieteco.com\/#organization\",\"name\":\"C\u00d4NG TY TNHH ALUMINUM VI\u1ec6T ECO\",\"url\":\"https:\/\/vieteco.com\/\",\"logo\":{\"@type\":\"ImageObject\",\"inLanguage\":\"en-US\",\"@id\":\"https:\/\/vieteco.com\/#\/schema\/logo\/image\/\",\"url\":\"https:\/\/vieteco.com\/wp-content\/uploads\/2025\/05\/cropped-Logo-VEC-doc-scaled-1.png\",\"contentUrl\":\"https:\/\/vieteco.com\/wp-content\/uploads\/2025\/05\/cropped-Logo-VEC-doc-scaled-1.png\",\"width\":512,\"height\":512,\"caption\":\"C\u00d4NG TY TNHH ALUMINUM VI\u1ec6T ECO\"},\"image\":{\"@id\":\"https:\/\/vieteco.com\/#\/schema\/logo\/image\/\"}}]}<\/script>\n<!-- \/ Yoast SEO plugin. -->","yoast_head_json":{"title":"H\u1ec7 V\u00e1t c\u1ea1nh 55 c\u1eeda \u0111i - C\u00d4NG TY TNHH ALUMINUM VI\u1ec6T ECO","robots":{"index":"index","follow":"follow","max-snippet":"max-snippet:-1","max-image-preview":"max-image-preview:large","max-video-preview":"max-video-preview:-1"},"canonical":"https:\/\/vieteco.com\/en\/product\/he-vat-canh\/","og_locale":"en_US","og_type":"article","og_title":"H\u1ec7 V\u00e1t c\u1ea1nh 55 c\u1eeda \u0111i - C\u00d4NG TY TNHH ALUMINUM VI\u1ec6T ECO","og_description":"H\u1ec7 V\u00e1t C\u1ea1nh 55 - C\u1eeda \u0111i l\u00e0 m\u1ed9t s\u1ea3n ph\u1ea9m \u01b0u vi\u1ec7t tr\u00ean th\u1ecb tr\u01b0\u1eddng v\u00e0 lu\u00f4n n\u1eb1m top c\u00e1c s\u1ea3n ph\u1ea9m b\u00e1n ch\u1ea1y nh\u1ea5t c\u1ee7a Nh\u00e0 m\u00e1y s\u1ea3n xu\u1ea5t nh\u00f4m Vi\u1ec7t Eco. H\u1ec7 c\u1eeda \u0111\u01b0\u1ee3c c\u1ea5u th\u00e0nh t\u1eeb 3 c\u00e2y Profile, l\u00e0 s\u1ef1 k\u1ebft h\u1ee3p h\u00e0i h\u00f2a c\u1ee7a r\u1ea5t nhi\u1ec1u chi ti\u1ebft mang \u0111\u1ebfn nhi\u1ec1u \u01b0u \u0111i\u1ec3m v\u01b0\u1ee3t tr\u1ed9i, \u0111\u00e1p \u1ee9ng nhu c\u1ea7u th\u1ea9m m\u1ef9 v\u00e0 ch\u1ea5t l\u01b0\u1ee3ng cao cho c\u00e1c c\u00f4ng tr\u00ecnh x\u00e2y d\u1ef1ng hi\u1ec7n \u0111\u1ea1i.   Th\u01b0\u01a1ng hi\u1ec7u: DIVIC  M\u00e1c nh\u00f4m ti\u00eau chu\u1ea9n 6063:T5  \u00c1p d\u1ee5ng ti\u00eau chu\u1ea9n xanh trong s\u1ea3n xu\u1ea5t \u0111\u1ea3m b\u1ea3o an to\u00e0n cho ng\u01b0\u1eddi s\u1ea3n xu\u1ea5t v\u00e0 ti\u00eau d\u00f9ng  &nbsp;","og_url":"https:\/\/vieteco.com\/en\/product\/he-vat-canh\/","og_site_name":"C\u00d4NG TY TNHH ALUMINUM VI\u1ec6T ECO","article_modified_time":"2025-02-11T04:14:58+00:00","og_image":[{"width":1572,"height":1572,"url":"https:\/\/vieteco.com\/wp-content\/uploads\/2024\/01\/2-4.jpg","type":"image\/jpeg"}],"twitter_card":"summary_large_image","twitter_misc":{"Est. reading time":"2 minutes"},"schema":{"@context":"https:\/\/schema.org","@graph":[{"@type":"WebPage","@id":"https:\/\/vieteco.com\/san-pham\/he-vat-canh\/","url":"https:\/\/vieteco.com\/san-pham\/he-vat-canh\/","name":"H\u1ec7 V\u00e1t c\u1ea1nh 55 c\u1eeda \u0111i - C\u00d4NG TY TNHH ALUMINUM VI\u1ec6T ECO","isPartOf":{"@id":"https:\/\/vieteco.com\/#website"},"primaryImageOfPage":{"@id":"https:\/\/vieteco.com\/san-pham\/he-vat-canh\/#primaryimage"},"image":{"@id":"https:\/\/vieteco.com\/san-pham\/he-vat-canh\/#primaryimage"},"thumbnailUrl":"https:\/\/vieteco.com\/wp-content\/uploads\/2024\/01\/2-4.jpg","datePublished":"2024-01-19T08:33:14+00:00","dateModified":"2025-02-11T04:14:58+00:00","breadcrumb":{"@id":"https:\/\/vieteco.com\/san-pham\/he-vat-canh\/#breadcrumb"},"inLanguage":"en-US","potentialAction":[{"@type":"ReadAction","target":["https:\/\/vieteco.com\/san-pham\/he-vat-canh\/"]}]},{"@type":"ImageObject","inLanguage":"en-US","@id":"https:\/\/vieteco.com\/san-pham\/he-vat-canh\/#primaryimage","url":"https:\/\/vieteco.com\/wp-content\/uploads\/2024\/01\/2-4.jpg","contentUrl":"https:\/\/vieteco.com\/wp-content\/uploads\/2024\/01\/2-4.jpg","width":1572,"height":1572},{"@type":"BreadcrumbList","@id":"https:\/\/vieteco.com\/san-pham\/he-vat-canh\/#breadcrumb","itemListElement":[{"@type":"ListItem","position":1,"name":"Home","item":"https:\/\/vieteco.com\/"},{"@type":"ListItem","position":2,"name":"Shop","item":"https:\/\/vieteco.com\/shop\/"},{"@type":"ListItem","position":3,"name":"H\u1ec7 V\u00e1t c\u1ea1nh 55 c\u1eeda \u0111i"}]},{"@type":"WebSite","@id":"https:\/\/vieteco.com\/#website","url":"https:\/\/vieteco.com\/","name":"C\u00d4NG TY TNHH ALUMINUM VI\u1ec6T ECO","description":"","publisher":{"@id":"https:\/\/vieteco.com\/#organization"},"potentialAction":[{"@type":"SearchAction","target":{"@type":"EntryPoint","urlTemplate":"https:\/\/vieteco.com\/?s={search_term_string}"},"query-input":{"@type":"PropertyValueSpecification","valueRequired":true,"valueName":"search_term_string"}}],"inLanguage":"en-US"},{"@type":"Organization","@id":"https:\/\/vieteco.com\/#organization","name":"C\u00d4NG TY TNHH ALUMINUM VI\u1ec6T ECO","url":"https:\/\/vieteco.com\/","logo":{"@type":"ImageObject","inLanguage":"en-US","@id":"https:\/\/vieteco.com\/#\/schema\/logo\/image\/","url":"https:\/\/vieteco.com\/wp-content\/uploads\/2025\/05\/cropped-Logo-VEC-doc-scaled-1.png","contentUrl":"https:\/\/vieteco.com\/wp-content\/uploads\/2025\/05\/cropped-Logo-VEC-doc-scaled-1.png","width":512,"height":512,"caption":"C\u00d4NG TY TNHH ALUMINUM VI\u1ec6T ECO"},"image":{"@id":"https:\/\/vieteco.com\/#\/schema\/logo\/image\/"}}]}},"_links":{"self":[{"href":"https:\/\/vieteco.com\/en\/wp-json\/wp\/v2\/product\/1555","targetHints":{"allow":["GET"]}}],"collection":[{"href":"https:\/\/vieteco.com\/en\/wp-json\/wp\/v2\/product"}],"about":[{"href":"https:\/\/vieteco.com\/en\/wp-json\/wp\/v2\/types\/product"}],"replies":[{"embeddable":true,"href":"https:\/\/vieteco.com\/en\/wp-json\/wp\/v2\/comments?post=1555"}],"wp:featuredmedia":[{"embeddable":true,"href":"https:\/\/vieteco.com\/en\/wp-json\/wp\/v2\/media\/2634"}],"wp:attachment":[{"href":"https:\/\/vieteco.com\/en\/wp-json\/wp\/v2\/media?parent=1555"}],"wp:term":[{"taxonomy":"product_brand","embeddable":true,"href":"https:\/\/vieteco.com\/en\/wp-json\/wp\/v2\/product_brand?post=1555"},{"taxonomy":"product_cat","embeddable":true,"href":"https:\/\/vieteco.com\/en\/wp-json\/wp\/v2\/product_cat?post=1555"},{"taxonomy":"product_tag","embeddable":true,"href":"https:\/\/vieteco.com\/en\/wp-json\/wp\/v2\/product_tag?post=1555"}],"curies":[{"name":"wp","href":"https:\/\/api.w.org\/{rel}","templated":true}]}}