{"id":1550,"date":"2024-01-19T08:25:57","date_gmt":"2024-01-19T08:25:57","guid":{"rendered":"https:\/\/vieteco.com\/?post_type=product&#038;p=1550"},"modified":"2025-02-11T03:23:26","modified_gmt":"2025-02-11T03:23:26","slug":"he-slim-2","status":"publish","type":"product","link":"https:\/\/vieteco.com\/en\/product\/he-slim-2\/","title":{"rendered":"VIETECO &#8211; Nh\u00f4m C\u00f4ng Nghi\u1ec7p"},"content":{"rendered":"<div class=\"x11i5rnm xat24cr x1mh8g0r x1vvkbs xtlvy1s x126k92a\">\n<h3 dir=\"auto\">T\u1ea6M QUAN TR\u1eccNG C\u1ee6A NH\u00d4M C\u00d4NG NGHI\u1ec6P<\/h3>\n<div dir=\"auto\">Nh\u00f4m c\u00f4ng nghi\u1ec7p l\u00e0 m\u1ed9t trong nh\u1eefng v\u1eadt li\u1ec7u quan tr\u1ecdng v\u00e0 \u0111a d\u1ee5ng nh\u1ea5t trong nhi\u1ec1u l\u0129nh v\u1ef1c s\u1ea3n xu\u1ea5t hi\u1ec7n \u0111\u1ea1i. T\u1eeb c\u00f4ng nghi\u1ec7p v\u1eadn t\u1ea3i, h\u00e0ng kh\u00f4ng v\u0169 tr\u1ee5 \u0111\u1ebfn c\u00e1c thi\u1ebft b\u1ecb \u0111i\u1ec7n t\u1eed, nh\u00f4m c\u00f4ng nghi\u1ec7p lu\u00f4n \u0111\u00f3ng vai tr\u00f2 thi\u1ebft y\u1ebfu.<\/div>\n<\/div>\n<div class=\"x11i5rnm xat24cr x1mh8g0r x1vvkbs xtlvy1s x126k92a\">\n<div dir=\"auto\"><\/div>\n<div dir=\"auto\">L\u00e0 doanh nghi\u1ec7p ti\u00ean phong trong nghi\u00ean c\u1ee9u, ph\u00e1t tri\u1ec3n v\u00e0 s\u1ea3n xu\u1ea5t nh\u00f4m t\u1ea1i Vi\u1ec7t Nam, Nh\u00f4m Chi\u1ebfn Th\u1eafng t\u1ef1 tin cung c\u1ea5p cho kh\u00e1ch h\u00e0ng nh\u1eefng s\u1ea3n ph\u1ea9m nh\u00f4m c\u00f4ng nghi\u1ec7p h\u00e0ng \u0111\u1ea7u v\u1edbi cam k\u1ebft v\u1ec1 ch\u1ea5t l\u01b0\u1ee3ng, \u0111\u1ed9 b\u1ec1n c\u00f9ng nh\u1eefng t\u00ednh n\u0103ng v\u01b0\u1ee3t tr\u1ed9i.<\/div>\n<\/div>\n<div class=\"x11i5rnm xat24cr x1mh8g0r x1vvkbs xtlvy1s x126k92a\">\n<h3 dir=\"auto\">\u01afU \u0110I\u1ec2M V\u01af\u1ee2T TR\u1ed8I C\u1ee6A NH\u00d4M C\u00d4NG NGHI\u1ec6P CHI\u1ebeN TH\u1eaeNG<\/h3>\n<div dir=\"auto\"><span class=\"html-span xexx8yu x4uap5 x18d9i69 xkhd6sd x1hl2dhg x16tdsg8 x1vvkbs x3nfvp2 x1j61x8r x1fcty0u xdj266r xat24cr xgzva0m xhhsvwb xxymvpz xlup9mm x1kky2od\">&#8211; <\/span>\u1ee8ng d\u1ee5ng trong c\u00f4ng nghi\u1ec7p phong ph\u00fa: v\u00e0nh xe, \u1ed1ng gi\u00f3, \u0111\u00e8n led, ph\u1ee5 ki\u1ec7n condor, m\u00e1ng r\u00e8m trang tr\u00ed, \u0111\u00e1y r\u00e8m trang tr\u00ed, h\u1ed9p \u0111\u1ed9ng c\u01a1, \u1ed1ng c\u1ea7n, t\u1ea3n nhi\u1ec7t, v\u00e0nh xe, b\u1ea3n l\u1ec1\u2026<\/div>\n<div dir=\"auto\"><span class=\"html-span xexx8yu x4uap5 x18d9i69 xkhd6sd x1hl2dhg x16tdsg8 x1vvkbs x3nfvp2 x1j61x8r x1fcty0u xdj266r xat24cr xgzva0m xhhsvwb xxymvpz xlup9mm x1kky2od\">&#8211; <\/span>Cam k\u1ebft v\u1edbi m\u00f4i tr\u01b0\u1eddng: Ch\u00fang t\u00f4i cam k\u1ebft s\u1eed d\u1ee5ng nh\u00f4m t\u00e1i ch\u1ebf \u201ct\u1eeb c\u0169 th\u00e0nh m\u1edbi\u201d c\u00f9ng d\u00e2y chuy\u1ec1n s\u1ea3n xu\u1ea5t h\u1ea1n ch\u1ebf ch\u1ea5t th\u1ea3i \u0111\u1ed9c h\u1ea1i ra m\u00f4i tr\u01b0\u1eddng.<\/div>\n<\/div>","protected":false},"excerpt":{"rendered":"<p>Nh\u00f4m c\u00f4ng nghi\u1ec7p l\u00e0 m\u1ed9t trong nh\u1eefng v\u1eadt li\u1ec7u quan tr\u1ecdng v\u00e0 \u0111a d\u1ee5ng nh\u1ea5t trong nhi\u1ec1u l\u0129nh v\u1ef1c s\u1ea3n xu\u1ea5t hi\u1ec7n \u0111\u1ea1i. T\u1eeb c\u00f4ng nghi\u1ec7p v\u1eadn t\u1ea3i, h\u00e0ng kh\u00f4ng v\u0169 tr\u1ee5 \u0111\u1ebfn c\u00e1c thi\u1ebft b\u1ecb \u0111i\u1ec7n t\u1eed, nh\u00f4m c\u00f4ng nghi\u1ec7p lu\u00f4n \u0111\u00f3ng vai tr\u00f2 thi\u1ebft y\u1ebfu.<\/p>","protected":false},"featured_media":2619,"comment_status":"open","ping_status":"closed","template":"","meta":[],"product_brand":[],"product_cat":[15],"product_tag":[],"class_list":{"0":"post-1550","1":"product","2":"type-product","3":"status-publish","4":"has-post-thumbnail","6":"product_cat-hang-cong-nghiep","8":"first","9":"instock","10":"shipping-taxable","11":"product-type-simple"},"yoast_head":"<!-- This site is optimized with the Yoast SEO plugin v24.9 - https:\/\/yoast.com\/wordpress\/plugins\/seo\/ -->\n<title>NH\u00d4M C\u00d4NG NGHI\u1ec6P H\u00c0NG \u0110\u1ea6U VI\u1ec6T NAM<\/title>\n<meta name=\"description\" content=\"Nh\u00f4m c\u00f4ng nghi\u1ec7p l\u00e0 m\u1ed9t trong nh\u1eefng v\u1eadt li\u1ec7u quan tr\u1ecdng v\u00e0 \u0111a d\u1ee5ng nh\u1ea5t trong nhi\u1ec1u l\u0129nh v\u1ef1c s\u1ea3n xu\u1ea5t hi\u1ec7n \u0111\u1ea1i. T\u1eeb c\u00f4ng nghi\u1ec7p v\u1eadn t\u1ea3i, h\u00e0ng kh\u00f4ng v\u0169 tr\u1ee5 \u0111\u1ebfn c\u00e1c thi\u1ebft b\u1ecb \u0111i\u1ec7n t\u1eed, nh\u00f4m c\u00f4ng nghi\u1ec7p lu\u00f4n \u0111\u00f3ng vai tr\u00f2 thi\u1ebft y\u1ebfu.\" \/>\n<meta name=\"robots\" content=\"index, follow, max-snippet:-1, max-image-preview:large, max-video-preview:-1\" \/>\n<link rel=\"canonical\" href=\"https:\/\/vieteco.com\/en\/product\/he-slim-2\/\" \/>\n<meta property=\"og:locale\" content=\"en_US\" \/>\n<meta property=\"og:type\" content=\"article\" \/>\n<meta property=\"og:title\" content=\"NH\u00d4M C\u00d4NG NGHI\u1ec6P H\u00c0NG \u0110\u1ea6U VI\u1ec6T NAM\" \/>\n<meta property=\"og:description\" content=\"Nh\u00f4m c\u00f4ng nghi\u1ec7p l\u00e0 m\u1ed9t trong nh\u1eefng v\u1eadt li\u1ec7u quan tr\u1ecdng v\u00e0 \u0111a d\u1ee5ng nh\u1ea5t trong nhi\u1ec1u l\u0129nh v\u1ef1c s\u1ea3n xu\u1ea5t hi\u1ec7n \u0111\u1ea1i. T\u1eeb c\u00f4ng nghi\u1ec7p v\u1eadn t\u1ea3i, h\u00e0ng kh\u00f4ng v\u0169 tr\u1ee5 \u0111\u1ebfn c\u00e1c thi\u1ebft b\u1ecb \u0111i\u1ec7n t\u1eed, nh\u00f4m c\u00f4ng nghi\u1ec7p lu\u00f4n \u0111\u00f3ng vai tr\u00f2 thi\u1ebft y\u1ebfu.\" \/>\n<meta property=\"og:url\" content=\"https:\/\/vieteco.com\/en\/product\/he-slim-2\/\" \/>\n<meta property=\"og:site_name\" content=\"C\u00d4NG TY TNHH ALUMINUM VI\u1ec6T ECO\" \/>\n<meta property=\"article:modified_time\" content=\"2025-02-11T03:23:26+00:00\" \/>\n<meta property=\"og:image\" content=\"https:\/\/vieteco.com\/wp-content\/uploads\/2024\/01\/z5579080432771_5f1a053e9fb79ef914ba213a7eca1f8a.jpg\" \/>\n\t<meta property=\"og:image:width\" content=\"2455\" \/>\n\t<meta property=\"og:image:height\" content=\"1785\" \/>\n\t<meta property=\"og:image:type\" content=\"image\/jpeg\" \/>\n<meta name=\"twitter:card\" content=\"summary_large_image\" \/>\n<meta name=\"twitter:label1\" content=\"Est. reading time\" \/>\n\t<meta name=\"twitter:data1\" content=\"1 minute\" \/>\n<script type=\"application\/ld+json\" class=\"yoast-schema-graph\">{\"@context\":\"https:\/\/schema.org\",\"@graph\":[{\"@type\":\"WebPage\",\"@id\":\"https:\/\/vieteco.com\/san-pham\/he-slim-2\/\",\"url\":\"https:\/\/vieteco.com\/san-pham\/he-slim-2\/\",\"name\":\"NH\u00d4M C\u00d4NG NGHI\u1ec6P H\u00c0NG \u0110\u1ea6U VI\u1ec6T NAM\",\"isPartOf\":{\"@id\":\"https:\/\/vieteco.com\/#website\"},\"primaryImageOfPage\":{\"@id\":\"https:\/\/vieteco.com\/san-pham\/he-slim-2\/#primaryimage\"},\"image\":{\"@id\":\"https:\/\/vieteco.com\/san-pham\/he-slim-2\/#primaryimage\"},\"thumbnailUrl\":\"https:\/\/vieteco.com\/wp-content\/uploads\/2024\/01\/z5579080432771_5f1a053e9fb79ef914ba213a7eca1f8a.jpg\",\"datePublished\":\"2024-01-19T08:25:57+00:00\",\"dateModified\":\"2025-02-11T03:23:26+00:00\",\"description\":\"Nh\u00f4m c\u00f4ng nghi\u1ec7p l\u00e0 m\u1ed9t trong nh\u1eefng v\u1eadt li\u1ec7u quan tr\u1ecdng v\u00e0 \u0111a d\u1ee5ng nh\u1ea5t trong nhi\u1ec1u l\u0129nh v\u1ef1c s\u1ea3n xu\u1ea5t hi\u1ec7n \u0111\u1ea1i. T\u1eeb c\u00f4ng nghi\u1ec7p v\u1eadn t\u1ea3i, h\u00e0ng kh\u00f4ng v\u0169 tr\u1ee5 \u0111\u1ebfn c\u00e1c thi\u1ebft b\u1ecb \u0111i\u1ec7n t\u1eed, nh\u00f4m c\u00f4ng nghi\u1ec7p lu\u00f4n \u0111\u00f3ng vai tr\u00f2 thi\u1ebft y\u1ebfu.\",\"breadcrumb\":{\"@id\":\"https:\/\/vieteco.com\/san-pham\/he-slim-2\/#breadcrumb\"},\"inLanguage\":\"en-US\",\"potentialAction\":[{\"@type\":\"ReadAction\",\"target\":[\"https:\/\/vieteco.com\/san-pham\/he-slim-2\/\"]}]},{\"@type\":\"ImageObject\",\"inLanguage\":\"en-US\",\"@id\":\"https:\/\/vieteco.com\/san-pham\/he-slim-2\/#primaryimage\",\"url\":\"https:\/\/vieteco.com\/wp-content\/uploads\/2024\/01\/z5579080432771_5f1a053e9fb79ef914ba213a7eca1f8a.jpg\",\"contentUrl\":\"https:\/\/vieteco.com\/wp-content\/uploads\/2024\/01\/z5579080432771_5f1a053e9fb79ef914ba213a7eca1f8a.jpg\",\"width\":2455,\"height\":1785},{\"@type\":\"BreadcrumbList\",\"@id\":\"https:\/\/vieteco.com\/san-pham\/he-slim-2\/#breadcrumb\",\"itemListElement\":[{\"@type\":\"ListItem\",\"position\":1,\"name\":\"Home\",\"item\":\"https:\/\/vieteco.com\/\"},{\"@type\":\"ListItem\",\"position\":2,\"name\":\"Shop\",\"item\":\"https:\/\/vieteco.com\/shop\/\"},{\"@type\":\"ListItem\",\"position\":3,\"name\":\"VIETECO &#8211; Nh\u00f4m C\u00f4ng Nghi\u1ec7p\"}]},{\"@type\":\"WebSite\",\"@id\":\"https:\/\/vieteco.com\/#website\",\"url\":\"https:\/\/vieteco.com\/\",\"name\":\"C\u00d4NG TY TNHH ALUMINUM VI\u1ec6T ECO\",\"description\":\"\",\"publisher\":{\"@id\":\"https:\/\/vieteco.com\/#organization\"},\"potentialAction\":[{\"@type\":\"SearchAction\",\"target\":{\"@type\":\"EntryPoint\",\"urlTemplate\":\"https:\/\/vieteco.com\/?s={search_term_string}\"},\"query-input\":{\"@type\":\"PropertyValueSpecification\",\"valueRequired\":true,\"valueName\":\"search_term_string\"}}],\"inLanguage\":\"en-US\"},{\"@type\":\"Organization\",\"@id\":\"https:\/\/vieteco.com\/#organization\",\"name\":\"C\u00d4NG TY TNHH ALUMINUM VI\u1ec6T ECO\",\"url\":\"https:\/\/vieteco.com\/\",\"logo\":{\"@type\":\"ImageObject\",\"inLanguage\":\"en-US\",\"@id\":\"https:\/\/vieteco.com\/#\/schema\/logo\/image\/\",\"url\":\"https:\/\/vieteco.com\/wp-content\/uploads\/2025\/05\/cropped-Logo-VEC-doc-scaled-1.png\",\"contentUrl\":\"https:\/\/vieteco.com\/wp-content\/uploads\/2025\/05\/cropped-Logo-VEC-doc-scaled-1.png\",\"width\":512,\"height\":512,\"caption\":\"C\u00d4NG TY TNHH ALUMINUM VI\u1ec6T ECO\"},\"image\":{\"@id\":\"https:\/\/vieteco.com\/#\/schema\/logo\/image\/\"}}]}<\/script>\n<!-- \/ Yoast SEO plugin. -->","yoast_head_json":{"title":"NH\u00d4M C\u00d4NG NGHI\u1ec6P H\u00c0NG \u0110\u1ea6U VI\u1ec6T NAM","description":"Nh\u00f4m c\u00f4ng nghi\u1ec7p l\u00e0 m\u1ed9t trong nh\u1eefng v\u1eadt li\u1ec7u quan tr\u1ecdng v\u00e0 \u0111a d\u1ee5ng nh\u1ea5t trong nhi\u1ec1u l\u0129nh v\u1ef1c s\u1ea3n xu\u1ea5t hi\u1ec7n \u0111\u1ea1i. T\u1eeb c\u00f4ng nghi\u1ec7p v\u1eadn t\u1ea3i, h\u00e0ng kh\u00f4ng v\u0169 tr\u1ee5 \u0111\u1ebfn c\u00e1c thi\u1ebft b\u1ecb \u0111i\u1ec7n t\u1eed, nh\u00f4m c\u00f4ng nghi\u1ec7p lu\u00f4n \u0111\u00f3ng vai tr\u00f2 thi\u1ebft y\u1ebfu.","robots":{"index":"index","follow":"follow","max-snippet":"max-snippet:-1","max-image-preview":"max-image-preview:large","max-video-preview":"max-video-preview:-1"},"canonical":"https:\/\/vieteco.com\/en\/product\/he-slim-2\/","og_locale":"en_US","og_type":"article","og_title":"NH\u00d4M C\u00d4NG NGHI\u1ec6P H\u00c0NG \u0110\u1ea6U VI\u1ec6T NAM","og_description":"Nh\u00f4m c\u00f4ng nghi\u1ec7p l\u00e0 m\u1ed9t trong nh\u1eefng v\u1eadt li\u1ec7u quan tr\u1ecdng v\u00e0 \u0111a d\u1ee5ng nh\u1ea5t trong nhi\u1ec1u l\u0129nh v\u1ef1c s\u1ea3n xu\u1ea5t hi\u1ec7n \u0111\u1ea1i. T\u1eeb c\u00f4ng nghi\u1ec7p v\u1eadn t\u1ea3i, h\u00e0ng kh\u00f4ng v\u0169 tr\u1ee5 \u0111\u1ebfn c\u00e1c thi\u1ebft b\u1ecb \u0111i\u1ec7n t\u1eed, nh\u00f4m c\u00f4ng nghi\u1ec7p lu\u00f4n \u0111\u00f3ng vai tr\u00f2 thi\u1ebft y\u1ebfu.","og_url":"https:\/\/vieteco.com\/en\/product\/he-slim-2\/","og_site_name":"C\u00d4NG TY TNHH ALUMINUM VI\u1ec6T ECO","article_modified_time":"2025-02-11T03:23:26+00:00","og_image":[{"width":2455,"height":1785,"url":"https:\/\/vieteco.com\/wp-content\/uploads\/2024\/01\/z5579080432771_5f1a053e9fb79ef914ba213a7eca1f8a.jpg","type":"image\/jpeg"}],"twitter_card":"summary_large_image","twitter_misc":{"Est. reading time":"1 minute"},"schema":{"@context":"https:\/\/schema.org","@graph":[{"@type":"WebPage","@id":"https:\/\/vieteco.com\/san-pham\/he-slim-2\/","url":"https:\/\/vieteco.com\/san-pham\/he-slim-2\/","name":"NH\u00d4M C\u00d4NG NGHI\u1ec6P H\u00c0NG \u0110\u1ea6U VI\u1ec6T NAM","isPartOf":{"@id":"https:\/\/vieteco.com\/#website"},"primaryImageOfPage":{"@id":"https:\/\/vieteco.com\/san-pham\/he-slim-2\/#primaryimage"},"image":{"@id":"https:\/\/vieteco.com\/san-pham\/he-slim-2\/#primaryimage"},"thumbnailUrl":"https:\/\/vieteco.com\/wp-content\/uploads\/2024\/01\/z5579080432771_5f1a053e9fb79ef914ba213a7eca1f8a.jpg","datePublished":"2024-01-19T08:25:57+00:00","dateModified":"2025-02-11T03:23:26+00:00","description":"Nh\u00f4m c\u00f4ng nghi\u1ec7p l\u00e0 m\u1ed9t trong nh\u1eefng v\u1eadt li\u1ec7u quan tr\u1ecdng v\u00e0 \u0111a d\u1ee5ng nh\u1ea5t trong nhi\u1ec1u l\u0129nh v\u1ef1c s\u1ea3n xu\u1ea5t hi\u1ec7n \u0111\u1ea1i. T\u1eeb c\u00f4ng nghi\u1ec7p v\u1eadn t\u1ea3i, h\u00e0ng kh\u00f4ng v\u0169 tr\u1ee5 \u0111\u1ebfn c\u00e1c thi\u1ebft b\u1ecb \u0111i\u1ec7n t\u1eed, nh\u00f4m c\u00f4ng nghi\u1ec7p lu\u00f4n \u0111\u00f3ng vai tr\u00f2 thi\u1ebft y\u1ebfu.","breadcrumb":{"@id":"https:\/\/vieteco.com\/san-pham\/he-slim-2\/#breadcrumb"},"inLanguage":"en-US","potentialAction":[{"@type":"ReadAction","target":["https:\/\/vieteco.com\/san-pham\/he-slim-2\/"]}]},{"@type":"ImageObject","inLanguage":"en-US","@id":"https:\/\/vieteco.com\/san-pham\/he-slim-2\/#primaryimage","url":"https:\/\/vieteco.com\/wp-content\/uploads\/2024\/01\/z5579080432771_5f1a053e9fb79ef914ba213a7eca1f8a.jpg","contentUrl":"https:\/\/vieteco.com\/wp-content\/uploads\/2024\/01\/z5579080432771_5f1a053e9fb79ef914ba213a7eca1f8a.jpg","width":2455,"height":1785},{"@type":"BreadcrumbList","@id":"https:\/\/vieteco.com\/san-pham\/he-slim-2\/#breadcrumb","itemListElement":[{"@type":"ListItem","position":1,"name":"Home","item":"https:\/\/vieteco.com\/"},{"@type":"ListItem","position":2,"name":"Shop","item":"https:\/\/vieteco.com\/shop\/"},{"@type":"ListItem","position":3,"name":"VIETECO &#8211; Nh\u00f4m C\u00f4ng Nghi\u1ec7p"}]},{"@type":"WebSite","@id":"https:\/\/vieteco.com\/#website","url":"https:\/\/vieteco.com\/","name":"C\u00d4NG TY TNHH ALUMINUM VI\u1ec6T ECO","description":"","publisher":{"@id":"https:\/\/vieteco.com\/#organization"},"potentialAction":[{"@type":"SearchAction","target":{"@type":"EntryPoint","urlTemplate":"https:\/\/vieteco.com\/?s={search_term_string}"},"query-input":{"@type":"PropertyValueSpecification","valueRequired":true,"valueName":"search_term_string"}}],"inLanguage":"en-US"},{"@type":"Organization","@id":"https:\/\/vieteco.com\/#organization","name":"C\u00d4NG TY TNHH ALUMINUM VI\u1ec6T ECO","url":"https:\/\/vieteco.com\/","logo":{"@type":"ImageObject","inLanguage":"en-US","@id":"https:\/\/vieteco.com\/#\/schema\/logo\/image\/","url":"https:\/\/vieteco.com\/wp-content\/uploads\/2025\/05\/cropped-Logo-VEC-doc-scaled-1.png","contentUrl":"https:\/\/vieteco.com\/wp-content\/uploads\/2025\/05\/cropped-Logo-VEC-doc-scaled-1.png","width":512,"height":512,"caption":"C\u00d4NG TY TNHH ALUMINUM VI\u1ec6T ECO"},"image":{"@id":"https:\/\/vieteco.com\/#\/schema\/logo\/image\/"}}]}},"_links":{"self":[{"href":"https:\/\/vieteco.com\/en\/wp-json\/wp\/v2\/product\/1550","targetHints":{"allow":["GET"]}}],"collection":[{"href":"https:\/\/vieteco.com\/en\/wp-json\/wp\/v2\/product"}],"about":[{"href":"https:\/\/vieteco.com\/en\/wp-json\/wp\/v2\/types\/product"}],"replies":[{"embeddable":true,"href":"https:\/\/vieteco.com\/en\/wp-json\/wp\/v2\/comments?post=1550"}],"wp:featuredmedia":[{"embeddable":true,"href":"https:\/\/vieteco.com\/en\/wp-json\/wp\/v2\/media\/2619"}],"wp:attachment":[{"href":"https:\/\/vieteco.com\/en\/wp-json\/wp\/v2\/media?parent=1550"}],"wp:term":[{"taxonomy":"product_brand","embeddable":true,"href":"https:\/\/vieteco.com\/en\/wp-json\/wp\/v2\/product_brand?post=1550"},{"taxonomy":"product_cat","embeddable":true,"href":"https:\/\/vieteco.com\/en\/wp-json\/wp\/v2\/product_cat?post=1550"},{"taxonomy":"product_tag","embeddable":true,"href":"https:\/\/vieteco.com\/en\/wp-json\/wp\/v2\/product_tag?post=1550"}],"curies":[{"name":"wp","href":"https:\/\/api.w.org\/{rel}","templated":true}]}}