{"id":1549,"date":"2024-01-19T08:18:42","date_gmt":"2024-01-19T08:18:42","guid":{"rendered":"https:\/\/vieteco.com\/?post_type=product&#038;p=1549"},"modified":"2025-02-11T02:38:36","modified_gmt":"2025-02-11T02:38:36","slug":"he-phu-tro","status":"publish","type":"product","link":"https:\/\/vieteco.com\/en\/product\/he-phu-tro\/","title":{"rendered":"Support System"},"content":{"rendered":"<p>&#8211; Nh\u00f4m Chi\u1ebfn Th\u1eafng \u0111\u1ea1t chu\u1ea9n JIS, ASTM, chu\u1ea9n m\u00e1c nh\u00f4m 6063:T5<br \/>\n&#8211; T\u1ea5t c\u1ea3 c\u00e1c s\u1ea3n ph\u1ea9m c\u1ee7a nh\u00f4m Chi\u1ebfn Th\u1eafng \u0111\u1ec1u \u0111\u01b0\u1ee3c s\u1ea3n xu\u1ea5t theo ti\u00eau chu\u1ea9n &#8220;nh\u00f4m s\u1ea1ch&#8221; \u0111\u1ea3m b\u1ea3o an to\u00e0n cho ng\u01b0\u1eddi s\u1ea3n xu\u1ea5t v\u00e0 ng\u01b0\u1eddi s\u1eed d\u1ee5ng.<br \/>\n&#8211; \u0110a d\u1ea1ng m\u1eabu m\u00e3, m\u00e0u s\u1eafc ph\u00f9 h\u1ee3p nhi\u1ec1u nhu c\u1ea7u s\u1eed d\u1ee5ng<br \/>\n&#8211; C\u00e1ch \u00e2m &#8211; c\u00e1ch nhi\u1ec7t &#8211; ch\u1ed1ng th\u1ea5m n\u01b0\u1edbc &#8211; k\u00edn kh\u00edt tuy\u1ec7t \u0111\u1ed1i<\/p>","protected":false},"excerpt":{"rendered":"<p>&#8211; Nh\u00f4m Chi\u1ebfn Th\u1eafng \u0111\u1ea1t chu\u1ea9n JIS, ASTM, chu\u1ea9n m\u00e1c nh\u00f4m 6063:T5 &#8211; T\u1ea5t c\u1ea3 c\u00e1c s\u1ea3n ph\u1ea9m c\u1ee7a nh\u00f4m Chi\u1ebfn Th\u1eafng \u0111\u1ec1u \u0111\u01b0\u1ee3c s\u1ea3n xu\u1ea5t theo ti\u00eau chu\u1ea9n &#8220;nh\u00f4m s\u1ea1ch&#8221; \u0111\u1ea3m b\u1ea3o an to\u00e0n cho ng\u01b0\u1eddi s\u1ea3n xu\u1ea5t v\u00e0 ng\u01b0\u1eddi s\u1eed d\u1ee5ng. &#8211; \u0110a d\u1ea1ng m\u1eabu m\u00e3, m\u00e0u s\u1eafc ph\u00f9 h\u1ee3p nhi\u1ec1u nhu c\u1ea7u [&#8230;]","protected":false},"featured_media":2615,"comment_status":"open","ping_status":"closed","template":"","meta":[],"product_brand":[],"product_cat":[103,140],"product_tag":[],"class_list":{"0":"post-1549","1":"product","2":"type-product","3":"status-publish","4":"has-post-thumbnail","6":"product_cat-nhan-divic","7":"product_cat-he-phu-tro-chien-thang","9":"first","10":"instock","11":"shipping-taxable","12":"product-type-simple"},"yoast_head":"<!-- This site is optimized with the Yoast SEO plugin v24.9 - https:\/\/yoast.com\/wordpress\/plugins\/seo\/ -->\n<title>H\u1ec7 ph\u1ee5 tr\u1ee3 - C\u00d4NG TY TNHH ALUMINUM VI\u1ec6T ECO<\/title>\n<meta name=\"robots\" content=\"index, follow, max-snippet:-1, max-image-preview:large, max-video-preview:-1\" \/>\n<link rel=\"canonical\" href=\"https:\/\/vieteco.com\/en\/product\/he-phu-tro\/\" \/>\n<meta property=\"og:locale\" content=\"en_US\" \/>\n<meta property=\"og:type\" content=\"article\" \/>\n<meta property=\"og:title\" content=\"H\u1ec7 ph\u1ee5 tr\u1ee3 - C\u00d4NG TY TNHH ALUMINUM VI\u1ec6T ECO\" \/>\n<meta property=\"og:description\" content=\"&#8211; Nh\u00f4m Chi\u1ebfn Th\u1eafng \u0111\u1ea1t chu\u1ea9n JIS, ASTM, chu\u1ea9n m\u00e1c nh\u00f4m 6063:T5 &#8211; T\u1ea5t c\u1ea3 c\u00e1c s\u1ea3n ph\u1ea9m c\u1ee7a nh\u00f4m Chi\u1ebfn Th\u1eafng \u0111\u1ec1u \u0111\u01b0\u1ee3c s\u1ea3n xu\u1ea5t theo ti\u00eau chu\u1ea9n &#8220;nh\u00f4m s\u1ea1ch&#8221; \u0111\u1ea3m b\u1ea3o an to\u00e0n cho ng\u01b0\u1eddi s\u1ea3n xu\u1ea5t v\u00e0 ng\u01b0\u1eddi s\u1eed d\u1ee5ng. &#8211; \u0110a d\u1ea1ng m\u1eabu m\u00e3, m\u00e0u s\u1eafc ph\u00f9 h\u1ee3p nhi\u1ec1u nhu c\u1ea7u [...]\" \/>\n<meta property=\"og:url\" content=\"https:\/\/vieteco.com\/en\/product\/he-phu-tro\/\" \/>\n<meta property=\"og:site_name\" content=\"C\u00d4NG TY TNHH ALUMINUM VI\u1ec6T ECO\" \/>\n<meta property=\"article:modified_time\" content=\"2025-02-11T02:38:36+00:00\" \/>\n<meta property=\"og:image\" content=\"https:\/\/vieteco.com\/wp-content\/uploads\/2024\/01\/1-13-scaled-1.jpg\" \/>\n\t<meta property=\"og:image:width\" content=\"1799\" \/>\n\t<meta property=\"og:image:height\" content=\"2560\" \/>\n\t<meta property=\"og:image:type\" content=\"image\/jpeg\" \/>\n<meta name=\"twitter:card\" content=\"summary_large_image\" \/>\n<meta name=\"twitter:label1\" content=\"Est. reading time\" \/>\n\t<meta name=\"twitter:data1\" content=\"1 minute\" \/>\n<script type=\"application\/ld+json\" class=\"yoast-schema-graph\">{\"@context\":\"https:\/\/schema.org\",\"@graph\":[{\"@type\":\"WebPage\",\"@id\":\"https:\/\/vieteco.com\/san-pham\/he-phu-tro\/\",\"url\":\"https:\/\/vieteco.com\/san-pham\/he-phu-tro\/\",\"name\":\"H\u1ec7 ph\u1ee5 tr\u1ee3 - C\u00d4NG TY TNHH ALUMINUM VI\u1ec6T ECO\",\"isPartOf\":{\"@id\":\"https:\/\/vieteco.com\/#website\"},\"primaryImageOfPage\":{\"@id\":\"https:\/\/vieteco.com\/san-pham\/he-phu-tro\/#primaryimage\"},\"image\":{\"@id\":\"https:\/\/vieteco.com\/san-pham\/he-phu-tro\/#primaryimage\"},\"thumbnailUrl\":\"https:\/\/vieteco.com\/wp-content\/uploads\/2024\/01\/1-13-scaled-1.jpg\",\"datePublished\":\"2024-01-19T08:18:42+00:00\",\"dateModified\":\"2025-02-11T02:38:36+00:00\",\"breadcrumb\":{\"@id\":\"https:\/\/vieteco.com\/san-pham\/he-phu-tro\/#breadcrumb\"},\"inLanguage\":\"en-US\",\"potentialAction\":[{\"@type\":\"ReadAction\",\"target\":[\"https:\/\/vieteco.com\/san-pham\/he-phu-tro\/\"]}]},{\"@type\":\"ImageObject\",\"inLanguage\":\"en-US\",\"@id\":\"https:\/\/vieteco.com\/san-pham\/he-phu-tro\/#primaryimage\",\"url\":\"https:\/\/vieteco.com\/wp-content\/uploads\/2024\/01\/1-13-scaled-1.jpg\",\"contentUrl\":\"https:\/\/vieteco.com\/wp-content\/uploads\/2024\/01\/1-13-scaled-1.jpg\",\"width\":1799,\"height\":2560},{\"@type\":\"BreadcrumbList\",\"@id\":\"https:\/\/vieteco.com\/san-pham\/he-phu-tro\/#breadcrumb\",\"itemListElement\":[{\"@type\":\"ListItem\",\"position\":1,\"name\":\"Home\",\"item\":\"https:\/\/vieteco.com\/\"},{\"@type\":\"ListItem\",\"position\":2,\"name\":\"Shop\",\"item\":\"https:\/\/vieteco.com\/shop\/\"},{\"@type\":\"ListItem\",\"position\":3,\"name\":\"H\u1ec7 ph\u1ee5 tr\u1ee3\"}]},{\"@type\":\"WebSite\",\"@id\":\"https:\/\/vieteco.com\/#website\",\"url\":\"https:\/\/vieteco.com\/\",\"name\":\"C\u00d4NG TY TNHH ALUMINUM VI\u1ec6T ECO\",\"description\":\"\",\"publisher\":{\"@id\":\"https:\/\/vieteco.com\/#organization\"},\"potentialAction\":[{\"@type\":\"SearchAction\",\"target\":{\"@type\":\"EntryPoint\",\"urlTemplate\":\"https:\/\/vieteco.com\/?s={search_term_string}\"},\"query-input\":{\"@type\":\"PropertyValueSpecification\",\"valueRequired\":true,\"valueName\":\"search_term_string\"}}],\"inLanguage\":\"en-US\"},{\"@type\":\"Organization\",\"@id\":\"https:\/\/vieteco.com\/#organization\",\"name\":\"C\u00d4NG TY TNHH ALUMINUM VI\u1ec6T ECO\",\"url\":\"https:\/\/vieteco.com\/\",\"logo\":{\"@type\":\"ImageObject\",\"inLanguage\":\"en-US\",\"@id\":\"https:\/\/vieteco.com\/#\/schema\/logo\/image\/\",\"url\":\"https:\/\/vieteco.com\/wp-content\/uploads\/2025\/05\/cropped-Logo-VEC-doc-scaled-1.png\",\"contentUrl\":\"https:\/\/vieteco.com\/wp-content\/uploads\/2025\/05\/cropped-Logo-VEC-doc-scaled-1.png\",\"width\":512,\"height\":512,\"caption\":\"C\u00d4NG TY TNHH ALUMINUM VI\u1ec6T ECO\"},\"image\":{\"@id\":\"https:\/\/vieteco.com\/#\/schema\/logo\/image\/\"}}]}<\/script>\n<!-- \/ Yoast SEO plugin. -->","yoast_head_json":{"title":"H\u1ec7 ph\u1ee5 tr\u1ee3 - C\u00d4NG TY TNHH ALUMINUM VI\u1ec6T ECO","robots":{"index":"index","follow":"follow","max-snippet":"max-snippet:-1","max-image-preview":"max-image-preview:large","max-video-preview":"max-video-preview:-1"},"canonical":"https:\/\/vieteco.com\/en\/product\/he-phu-tro\/","og_locale":"en_US","og_type":"article","og_title":"H\u1ec7 ph\u1ee5 tr\u1ee3 - C\u00d4NG TY TNHH ALUMINUM VI\u1ec6T ECO","og_description":"&#8211; Nh\u00f4m Chi\u1ebfn Th\u1eafng \u0111\u1ea1t chu\u1ea9n JIS, ASTM, chu\u1ea9n m\u00e1c nh\u00f4m 6063:T5 &#8211; T\u1ea5t c\u1ea3 c\u00e1c s\u1ea3n ph\u1ea9m c\u1ee7a nh\u00f4m Chi\u1ebfn Th\u1eafng \u0111\u1ec1u \u0111\u01b0\u1ee3c s\u1ea3n xu\u1ea5t theo ti\u00eau chu\u1ea9n &#8220;nh\u00f4m s\u1ea1ch&#8221; \u0111\u1ea3m b\u1ea3o an to\u00e0n cho ng\u01b0\u1eddi s\u1ea3n xu\u1ea5t v\u00e0 ng\u01b0\u1eddi s\u1eed d\u1ee5ng. &#8211; \u0110a d\u1ea1ng m\u1eabu m\u00e3, m\u00e0u s\u1eafc ph\u00f9 h\u1ee3p nhi\u1ec1u nhu c\u1ea7u [...]","og_url":"https:\/\/vieteco.com\/en\/product\/he-phu-tro\/","og_site_name":"C\u00d4NG TY TNHH ALUMINUM VI\u1ec6T ECO","article_modified_time":"2025-02-11T02:38:36+00:00","og_image":[{"width":1799,"height":2560,"url":"https:\/\/vieteco.com\/wp-content\/uploads\/2024\/01\/1-13-scaled-1.jpg","type":"image\/jpeg"}],"twitter_card":"summary_large_image","twitter_misc":{"Est. reading time":"1 minute"},"schema":{"@context":"https:\/\/schema.org","@graph":[{"@type":"WebPage","@id":"https:\/\/vieteco.com\/san-pham\/he-phu-tro\/","url":"https:\/\/vieteco.com\/san-pham\/he-phu-tro\/","name":"H\u1ec7 ph\u1ee5 tr\u1ee3 - C\u00d4NG TY TNHH ALUMINUM VI\u1ec6T ECO","isPartOf":{"@id":"https:\/\/vieteco.com\/#website"},"primaryImageOfPage":{"@id":"https:\/\/vieteco.com\/san-pham\/he-phu-tro\/#primaryimage"},"image":{"@id":"https:\/\/vieteco.com\/san-pham\/he-phu-tro\/#primaryimage"},"thumbnailUrl":"https:\/\/vieteco.com\/wp-content\/uploads\/2024\/01\/1-13-scaled-1.jpg","datePublished":"2024-01-19T08:18:42+00:00","dateModified":"2025-02-11T02:38:36+00:00","breadcrumb":{"@id":"https:\/\/vieteco.com\/san-pham\/he-phu-tro\/#breadcrumb"},"inLanguage":"en-US","potentialAction":[{"@type":"ReadAction","target":["https:\/\/vieteco.com\/san-pham\/he-phu-tro\/"]}]},{"@type":"ImageObject","inLanguage":"en-US","@id":"https:\/\/vieteco.com\/san-pham\/he-phu-tro\/#primaryimage","url":"https:\/\/vieteco.com\/wp-content\/uploads\/2024\/01\/1-13-scaled-1.jpg","contentUrl":"https:\/\/vieteco.com\/wp-content\/uploads\/2024\/01\/1-13-scaled-1.jpg","width":1799,"height":2560},{"@type":"BreadcrumbList","@id":"https:\/\/vieteco.com\/san-pham\/he-phu-tro\/#breadcrumb","itemListElement":[{"@type":"ListItem","position":1,"name":"Home","item":"https:\/\/vieteco.com\/"},{"@type":"ListItem","position":2,"name":"Shop","item":"https:\/\/vieteco.com\/shop\/"},{"@type":"ListItem","position":3,"name":"H\u1ec7 ph\u1ee5 tr\u1ee3"}]},{"@type":"WebSite","@id":"https:\/\/vieteco.com\/#website","url":"https:\/\/vieteco.com\/","name":"C\u00d4NG TY TNHH ALUMINUM VI\u1ec6T ECO","description":"","publisher":{"@id":"https:\/\/vieteco.com\/#organization"},"potentialAction":[{"@type":"SearchAction","target":{"@type":"EntryPoint","urlTemplate":"https:\/\/vieteco.com\/?s={search_term_string}"},"query-input":{"@type":"PropertyValueSpecification","valueRequired":true,"valueName":"search_term_string"}}],"inLanguage":"en-US"},{"@type":"Organization","@id":"https:\/\/vieteco.com\/#organization","name":"C\u00d4NG TY TNHH ALUMINUM VI\u1ec6T ECO","url":"https:\/\/vieteco.com\/","logo":{"@type":"ImageObject","inLanguage":"en-US","@id":"https:\/\/vieteco.com\/#\/schema\/logo\/image\/","url":"https:\/\/vieteco.com\/wp-content\/uploads\/2025\/05\/cropped-Logo-VEC-doc-scaled-1.png","contentUrl":"https:\/\/vieteco.com\/wp-content\/uploads\/2025\/05\/cropped-Logo-VEC-doc-scaled-1.png","width":512,"height":512,"caption":"C\u00d4NG TY TNHH ALUMINUM VI\u1ec6T ECO"},"image":{"@id":"https:\/\/vieteco.com\/#\/schema\/logo\/image\/"}}]}},"_links":{"self":[{"href":"https:\/\/vieteco.com\/en\/wp-json\/wp\/v2\/product\/1549","targetHints":{"allow":["GET"]}}],"collection":[{"href":"https:\/\/vieteco.com\/en\/wp-json\/wp\/v2\/product"}],"about":[{"href":"https:\/\/vieteco.com\/en\/wp-json\/wp\/v2\/types\/product"}],"replies":[{"embeddable":true,"href":"https:\/\/vieteco.com\/en\/wp-json\/wp\/v2\/comments?post=1549"}],"wp:featuredmedia":[{"embeddable":true,"href":"https:\/\/vieteco.com\/en\/wp-json\/wp\/v2\/media\/2615"}],"wp:attachment":[{"href":"https:\/\/vieteco.com\/en\/wp-json\/wp\/v2\/media?parent=1549"}],"wp:term":[{"taxonomy":"product_brand","embeddable":true,"href":"https:\/\/vieteco.com\/en\/wp-json\/wp\/v2\/product_brand?post=1549"},{"taxonomy":"product_cat","embeddable":true,"href":"https:\/\/vieteco.com\/en\/wp-json\/wp\/v2\/product_cat?post=1549"},{"taxonomy":"product_tag","embeddable":true,"href":"https:\/\/vieteco.com\/en\/wp-json\/wp\/v2\/product_tag?post=1549"}],"curies":[{"name":"wp","href":"https:\/\/api.w.org\/{rel}","templated":true}]}}