{"id":1548,"date":"2024-01-19T08:17:10","date_gmt":"2024-01-19T08:17:10","guid":{"rendered":"https:\/\/vieteco.com\/?post_type=product&#038;p=1548"},"modified":"2025-02-10T09:37:57","modified_gmt":"2025-02-10T09:37:57","slug":"he-mat-dung","status":"publish","type":"product","link":"https:\/\/vieteco.com\/en\/product\/he-mat-dung\/","title":{"rendered":"Hidden Rail Facade 52 System"},"content":{"rendered":"<p><strong>\u0110\u1eb7c \u0111i\u1ec3m n\u1ed5i b\u1eadt c\u1ee7a h\u1ec7 m\u1eb7t d\u1ef1ng 52 gi\u1ea5u \u0111\u1ed1<\/strong><\/p>\n<p>\ud83d\udd36 S\u1ea3n ph\u1ea9m c\u00f3 \u0111\u1ed9 b\u1ec1n cao, kh\u1ea3 n\u0103ng ch\u1ecbu l\u1ef1c t\u1ed1t, ch\u1ed1ng gi\u00f3 \u0111\u1eadp m\u1ea1nh t\u1ed1t<\/p>\n<p>\ud83d\udd36 Kh\u00f4ng co ng\u00f3t, kh\u00f4ng cong v\u00eanh, h\u1ec7 m\u1eb7t d\u1ef1ng 52 mang l\u1ea1i s\u1ef1 an to\u00e0n v\u00e0 \u0111\u1ed9 \u1ed5n \u0111\u1ecbnh cho m\u1ecdi c\u00f4ng tr\u00ecnh.<\/p>\n<p>\ud83d\udd36 Thanh profile nh\u00f4m h\u1ec7 52 c\u00f3 d\u00e3y Polyamit c\u00e1ch nhi\u1ec7t, h\u1ec7 gio\u0103ng EPDM, ph\u1ee5 ki\u1ec7n kim kh\u00ed \u0111\u1ed3ng b\u1ed9 ch\u00ednh nh\u1eefng \u0111\u1eb7c \u0111i\u1ec3m k\u1ef9 thu\u1eadt n\u00e0y s\u1ebd gi\u00fap h\u1ec7 c\u1eeda c\u00f3 t\u00ednh c\u00e1ch \u00e2m v\u00e0 c\u00e1ch nhi\u1ec7t ho\u00e0n h\u1ea3o.<\/p>\n<p>\ud83d\udd36 Ph\u00f9 h\u1ee3p v\u1edbi c\u00e1c c\u00f4ng tr\u00ecnh v\u1eeba v\u00e0 nh\u1ecf nh\u01b0 v\u0103n ph\u00f2ng, showroom, m\u1eb7t ti\u1ec1n u\u1ed1n cong, g\u1ea5p kh\u00fac, l\u01b0\u1ee3n s\u00f3ng\u2026 do \u0111\u1ea1t \u0111\u01b0\u1ee3c c\u00e1c ti\u00eau chu\u1ea9n k\u1ef9 thu\u1eadt kh\u1eaft khe v\u1ec1 \u0111\u1ed9 d\u00e0y v\u00e0 \u0111\u1ed9 k\u00edn kh\u00ed, ngo\u00e0i ra c\u00f2n ph\u00f9 h\u1ee3p \u0111\u1ec3 \u0111\u1eb7t m\u00e0n h\u00ecnh qu\u1ea3ng c\u00e1o \u0111i\u1ec7n t\u1eed.<\/p>\n<p><strong>TH\u00d4NG S\u1ed0 K\u1ef8 THU\u1eacT<\/strong><\/p>\n<p><img loading=\"lazy\" decoding=\"async\" class=\"alignnone size-full wp-image-2597\" src=\"https:\/\/vieteco.com\/wp-content\/uploads\/2024\/01\/1-5-scaled-2.jpg\" alt=\"\" width=\"1810\" height=\"2560\" srcset=\"https:\/\/vieteco.com\/wp-content\/uploads\/2024\/01\/1-5-scaled-2.jpg 1810w, https:\/\/vieteco.com\/wp-content\/uploads\/2024\/01\/1-5-scaled-2-283x400.jpg 283w, https:\/\/vieteco.com\/wp-content\/uploads\/2024\/01\/1-5-scaled-2-724x1024.jpg 724w, https:\/\/vieteco.com\/wp-content\/uploads\/2024\/01\/1-5-scaled-2-318x450.jpg 318w, https:\/\/vieteco.com\/wp-content\/uploads\/2024\/01\/1-5-scaled-2-768x1086.jpg 768w, https:\/\/vieteco.com\/wp-content\/uploads\/2024\/01\/1-5-scaled-2-1086x1536.jpg 1086w, https:\/\/vieteco.com\/wp-content\/uploads\/2024\/01\/1-5-scaled-2-1448x2048.jpg 1448w, https:\/\/vieteco.com\/wp-content\/uploads\/2024\/01\/1-5-scaled-2-8x12.jpg 8w, https:\/\/vieteco.com\/wp-content\/uploads\/2024\/01\/1-5-scaled-2-510x721.jpg 510w\" sizes=\"auto, (max-width: 1810px) 100vw, 1810px\" \/><img loading=\"lazy\" decoding=\"async\" class=\"alignnone size-full wp-image-2596\" src=\"https:\/\/vieteco.com\/wp-content\/uploads\/2024\/01\/52-giau-do-2-scaled-1.jpg\" alt=\"\" width=\"1810\" height=\"2560\" srcset=\"https:\/\/vieteco.com\/wp-content\/uploads\/2024\/01\/52-giau-do-2-scaled-1.jpg 1810w, https:\/\/vieteco.com\/wp-content\/uploads\/2024\/01\/52-giau-do-2-scaled-1-283x400.jpg 283w, https:\/\/vieteco.com\/wp-content\/uploads\/2024\/01\/52-giau-do-2-scaled-1-724x1024.jpg 724w, https:\/\/vieteco.com\/wp-content\/uploads\/2024\/01\/52-giau-do-2-scaled-1-318x450.jpg 318w, https:\/\/vieteco.com\/wp-content\/uploads\/2024\/01\/52-giau-do-2-scaled-1-768x1086.jpg 768w, https:\/\/vieteco.com\/wp-content\/uploads\/2024\/01\/52-giau-do-2-scaled-1-1086x1536.jpg 1086w, https:\/\/vieteco.com\/wp-content\/uploads\/2024\/01\/52-giau-do-2-scaled-1-1448x2048.jpg 1448w, https:\/\/vieteco.com\/wp-content\/uploads\/2024\/01\/52-giau-do-2-scaled-1-8x12.jpg 8w, https:\/\/vieteco.com\/wp-content\/uploads\/2024\/01\/52-giau-do-2-scaled-1-510x721.jpg 510w\" sizes=\"auto, (max-width: 1810px) 100vw, 1810px\" \/><\/p>\n<p>&nbsp;<\/p>","protected":false},"excerpt":{"rendered":"<p>H\u1ec7 m\u1eb7t d\u1ef1ng 52 gi\u1ea5u \u0111\u1ed1 c\u00e1c thanh nh\u00f4m s\u1ebd \u0111\u01b0\u1ee3c l\u1eafp \u0111\u1eb7t xung quanh vi\u1ec1n k\u00ednh \u0111\u1ec3 \u0111\u1ee1 l\u1ea5y k\u00ednh t\u1ea1o v\u1ebb \u0111\u1eb9p \u0111\u01a1n gi\u1ea3n, tinh g\u1ecdn m\u00e0 \u0111\u1eb9p m\u1eaft. Ph\u00f9 h\u1ee3p v\u1edbi c\u00e1c c\u00f4ng tr\u00ecnh v\u1eeba v\u00e0 nh\u1ecf nh\u01b0 v\u0103n ph\u00f2ng, showroom, m\u1eb7t ti\u1ec1n u\u1ed1n cong, g\u1ea5p kh\u00fac, l\u01b0\u1ee3n s\u00f3ng\u2026 do \u0111\u1ea1t \u0111\u01b0\u1ee3c c\u00e1c ti\u00eau chu\u1ea9n k\u1ef9 thu\u1eadt kh\u1eaft khe v\u1ec1 \u0111\u1ed9 d\u00e0y v\u00e0 \u0111\u1ed9 k\u00edn kh\u00ed, ngo\u00e0i ra c\u00f2n ph\u00f9 h\u1ee3p \u0111\u1ec3 \u0111\u1eb7t m\u00e0n h\u00ecnh qu\u1ea3ng c\u00e1o \u0111i\u1ec7n t\u1eed.<\/p>","protected":false},"featured_media":2598,"comment_status":"open","ping_status":"closed","template":"","meta":[],"product_brand":[],"product_cat":[103,133],"product_tag":[166],"class_list":{"0":"post-1548","1":"product","2":"type-product","3":"status-publish","4":"has-post-thumbnail","6":"product_cat-nhan-divic","7":"product_cat-he-mat-dung-nhan-divic","8":"product_tag-he-mat-dung","10":"first","11":"instock","12":"shipping-taxable","13":"product-type-simple"},"yoast_head":"<!-- This site is optimized with the Yoast SEO plugin v24.9 - https:\/\/yoast.com\/wordpress\/plugins\/seo\/ -->\n<title>H\u1ec7 m\u1eb7t d\u1ef1ng 52 gi\u1ea5u \u0111\u1ed1 - C\u00d4NG TY TNHH ALUMINUM VI\u1ec6T ECO<\/title>\n<meta name=\"robots\" content=\"index, follow, max-snippet:-1, max-image-preview:large, max-video-preview:-1\" \/>\n<link rel=\"canonical\" href=\"https:\/\/vieteco.com\/en\/product\/he-mat-dung\/\" \/>\n<meta property=\"og:locale\" content=\"en_US\" \/>\n<meta property=\"og:type\" content=\"article\" \/>\n<meta property=\"og:title\" content=\"H\u1ec7 m\u1eb7t d\u1ef1ng 52 gi\u1ea5u \u0111\u1ed1 - C\u00d4NG TY TNHH ALUMINUM VI\u1ec6T ECO\" \/>\n<meta property=\"og:description\" content=\"H\u1ec7 m\u1eb7t d\u1ef1ng 52 gi\u1ea5u \u0111\u1ed1 c\u00e1c thanh nh\u00f4m s\u1ebd \u0111\u01b0\u1ee3c l\u1eafp \u0111\u1eb7t xung quanh vi\u1ec1n k\u00ednh \u0111\u1ec3 \u0111\u1ee1 l\u1ea5y k\u00ednh t\u1ea1o v\u1ebb \u0111\u1eb9p \u0111\u01a1n gi\u1ea3n, tinh g\u1ecdn m\u00e0 \u0111\u1eb9p m\u1eaft. Ph\u00f9 h\u1ee3p v\u1edbi c\u00e1c c\u00f4ng tr\u00ecnh v\u1eeba v\u00e0 nh\u1ecf nh\u01b0 v\u0103n ph\u00f2ng, showroom, m\u1eb7t ti\u1ec1n u\u1ed1n cong, g\u1ea5p kh\u00fac, l\u01b0\u1ee3n s\u00f3ng\u2026 do \u0111\u1ea1t \u0111\u01b0\u1ee3c c\u00e1c ti\u00eau chu\u1ea9n k\u1ef9 thu\u1eadt kh\u1eaft khe v\u1ec1 \u0111\u1ed9 d\u00e0y v\u00e0 \u0111\u1ed9 k\u00edn kh\u00ed, ngo\u00e0i ra c\u00f2n ph\u00f9 h\u1ee3p \u0111\u1ec3 \u0111\u1eb7t m\u00e0n h\u00ecnh qu\u1ea3ng c\u00e1o \u0111i\u1ec7n t\u1eed.\" \/>\n<meta property=\"og:url\" content=\"https:\/\/vieteco.com\/en\/product\/he-mat-dung\/\" \/>\n<meta property=\"og:site_name\" content=\"C\u00d4NG TY TNHH ALUMINUM VI\u1ec6T ECO\" \/>\n<meta property=\"article:modified_time\" content=\"2025-02-10T09:37:57+00:00\" \/>\n<meta property=\"og:image\" content=\"https:\/\/vieteco.com\/wp-content\/uploads\/2024\/01\/52-giau-do.jpg\" \/>\n\t<meta property=\"og:image:width\" content=\"1982\" \/>\n\t<meta property=\"og:image:height\" content=\"2371\" \/>\n\t<meta property=\"og:image:type\" content=\"image\/jpeg\" \/>\n<meta name=\"twitter:card\" content=\"summary_large_image\" \/>\n<meta name=\"twitter:label1\" content=\"Est. reading time\" \/>\n\t<meta name=\"twitter:data1\" content=\"2 minutes\" \/>\n<script type=\"application\/ld+json\" class=\"yoast-schema-graph\">{\"@context\":\"https:\/\/schema.org\",\"@graph\":[{\"@type\":\"WebPage\",\"@id\":\"https:\/\/vieteco.com\/san-pham\/he-mat-dung\/\",\"url\":\"https:\/\/vieteco.com\/san-pham\/he-mat-dung\/\",\"name\":\"H\u1ec7 m\u1eb7t d\u1ef1ng 52 gi\u1ea5u \u0111\u1ed1 - C\u00d4NG TY TNHH ALUMINUM VI\u1ec6T ECO\",\"isPartOf\":{\"@id\":\"https:\/\/vieteco.com\/#website\"},\"primaryImageOfPage\":{\"@id\":\"https:\/\/vieteco.com\/san-pham\/he-mat-dung\/#primaryimage\"},\"image\":{\"@id\":\"https:\/\/vieteco.com\/san-pham\/he-mat-dung\/#primaryimage\"},\"thumbnailUrl\":\"https:\/\/vieteco.com\/wp-content\/uploads\/2024\/01\/52-giau-do.jpg\",\"datePublished\":\"2024-01-19T08:17:10+00:00\",\"dateModified\":\"2025-02-10T09:37:57+00:00\",\"breadcrumb\":{\"@id\":\"https:\/\/vieteco.com\/san-pham\/he-mat-dung\/#breadcrumb\"},\"inLanguage\":\"en-US\",\"potentialAction\":[{\"@type\":\"ReadAction\",\"target\":[\"https:\/\/vieteco.com\/san-pham\/he-mat-dung\/\"]}]},{\"@type\":\"ImageObject\",\"inLanguage\":\"en-US\",\"@id\":\"https:\/\/vieteco.com\/san-pham\/he-mat-dung\/#primaryimage\",\"url\":\"https:\/\/vieteco.com\/wp-content\/uploads\/2024\/01\/52-giau-do.jpg\",\"contentUrl\":\"https:\/\/vieteco.com\/wp-content\/uploads\/2024\/01\/52-giau-do.jpg\",\"width\":1982,\"height\":2371},{\"@type\":\"BreadcrumbList\",\"@id\":\"https:\/\/vieteco.com\/san-pham\/he-mat-dung\/#breadcrumb\",\"itemListElement\":[{\"@type\":\"ListItem\",\"position\":1,\"name\":\"Home\",\"item\":\"https:\/\/vieteco.com\/\"},{\"@type\":\"ListItem\",\"position\":2,\"name\":\"Shop\",\"item\":\"https:\/\/vieteco.com\/shop\/\"},{\"@type\":\"ListItem\",\"position\":3,\"name\":\"H\u1ec7 m\u1eb7t d\u1ef1ng 52 gi\u1ea5u \u0111\u1ed1\"}]},{\"@type\":\"WebSite\",\"@id\":\"https:\/\/vieteco.com\/#website\",\"url\":\"https:\/\/vieteco.com\/\",\"name\":\"C\u00d4NG TY TNHH ALUMINUM VI\u1ec6T ECO\",\"description\":\"\",\"publisher\":{\"@id\":\"https:\/\/vieteco.com\/#organization\"},\"potentialAction\":[{\"@type\":\"SearchAction\",\"target\":{\"@type\":\"EntryPoint\",\"urlTemplate\":\"https:\/\/vieteco.com\/?s={search_term_string}\"},\"query-input\":{\"@type\":\"PropertyValueSpecification\",\"valueRequired\":true,\"valueName\":\"search_term_string\"}}],\"inLanguage\":\"en-US\"},{\"@type\":\"Organization\",\"@id\":\"https:\/\/vieteco.com\/#organization\",\"name\":\"C\u00d4NG TY TNHH ALUMINUM VI\u1ec6T ECO\",\"url\":\"https:\/\/vieteco.com\/\",\"logo\":{\"@type\":\"ImageObject\",\"inLanguage\":\"en-US\",\"@id\":\"https:\/\/vieteco.com\/#\/schema\/logo\/image\/\",\"url\":\"https:\/\/vieteco.com\/wp-content\/uploads\/2025\/05\/cropped-Logo-VEC-doc-scaled-1.png\",\"contentUrl\":\"https:\/\/vieteco.com\/wp-content\/uploads\/2025\/05\/cropped-Logo-VEC-doc-scaled-1.png\",\"width\":512,\"height\":512,\"caption\":\"C\u00d4NG TY TNHH ALUMINUM VI\u1ec6T ECO\"},\"image\":{\"@id\":\"https:\/\/vieteco.com\/#\/schema\/logo\/image\/\"}}]}<\/script>\n<!-- \/ Yoast SEO plugin. -->","yoast_head_json":{"title":"H\u1ec7 m\u1eb7t d\u1ef1ng 52 gi\u1ea5u \u0111\u1ed1 - C\u00d4NG TY TNHH ALUMINUM VI\u1ec6T ECO","robots":{"index":"index","follow":"follow","max-snippet":"max-snippet:-1","max-image-preview":"max-image-preview:large","max-video-preview":"max-video-preview:-1"},"canonical":"https:\/\/vieteco.com\/en\/product\/he-mat-dung\/","og_locale":"en_US","og_type":"article","og_title":"H\u1ec7 m\u1eb7t d\u1ef1ng 52 gi\u1ea5u \u0111\u1ed1 - C\u00d4NG TY TNHH ALUMINUM VI\u1ec6T ECO","og_description":"H\u1ec7 m\u1eb7t d\u1ef1ng 52 gi\u1ea5u \u0111\u1ed1 c\u00e1c thanh nh\u00f4m s\u1ebd \u0111\u01b0\u1ee3c l\u1eafp \u0111\u1eb7t xung quanh vi\u1ec1n k\u00ednh \u0111\u1ec3 \u0111\u1ee1 l\u1ea5y k\u00ednh t\u1ea1o v\u1ebb \u0111\u1eb9p \u0111\u01a1n gi\u1ea3n, tinh g\u1ecdn m\u00e0 \u0111\u1eb9p m\u1eaft. Ph\u00f9 h\u1ee3p v\u1edbi c\u00e1c c\u00f4ng tr\u00ecnh v\u1eeba v\u00e0 nh\u1ecf nh\u01b0 v\u0103n ph\u00f2ng, showroom, m\u1eb7t ti\u1ec1n u\u1ed1n cong, g\u1ea5p kh\u00fac, l\u01b0\u1ee3n s\u00f3ng\u2026 do \u0111\u1ea1t \u0111\u01b0\u1ee3c c\u00e1c ti\u00eau chu\u1ea9n k\u1ef9 thu\u1eadt kh\u1eaft khe v\u1ec1 \u0111\u1ed9 d\u00e0y v\u00e0 \u0111\u1ed9 k\u00edn kh\u00ed, ngo\u00e0i ra c\u00f2n ph\u00f9 h\u1ee3p \u0111\u1ec3 \u0111\u1eb7t m\u00e0n h\u00ecnh qu\u1ea3ng c\u00e1o \u0111i\u1ec7n t\u1eed.","og_url":"https:\/\/vieteco.com\/en\/product\/he-mat-dung\/","og_site_name":"C\u00d4NG TY TNHH ALUMINUM VI\u1ec6T ECO","article_modified_time":"2025-02-10T09:37:57+00:00","og_image":[{"width":1982,"height":2371,"url":"https:\/\/vieteco.com\/wp-content\/uploads\/2024\/01\/52-giau-do.jpg","type":"image\/jpeg"}],"twitter_card":"summary_large_image","twitter_misc":{"Est. reading time":"2 minutes"},"schema":{"@context":"https:\/\/schema.org","@graph":[{"@type":"WebPage","@id":"https:\/\/vieteco.com\/san-pham\/he-mat-dung\/","url":"https:\/\/vieteco.com\/san-pham\/he-mat-dung\/","name":"H\u1ec7 m\u1eb7t d\u1ef1ng 52 gi\u1ea5u \u0111\u1ed1 - C\u00d4NG TY TNHH ALUMINUM VI\u1ec6T ECO","isPartOf":{"@id":"https:\/\/vieteco.com\/#website"},"primaryImageOfPage":{"@id":"https:\/\/vieteco.com\/san-pham\/he-mat-dung\/#primaryimage"},"image":{"@id":"https:\/\/vieteco.com\/san-pham\/he-mat-dung\/#primaryimage"},"thumbnailUrl":"https:\/\/vieteco.com\/wp-content\/uploads\/2024\/01\/52-giau-do.jpg","datePublished":"2024-01-19T08:17:10+00:00","dateModified":"2025-02-10T09:37:57+00:00","breadcrumb":{"@id":"https:\/\/vieteco.com\/san-pham\/he-mat-dung\/#breadcrumb"},"inLanguage":"en-US","potentialAction":[{"@type":"ReadAction","target":["https:\/\/vieteco.com\/san-pham\/he-mat-dung\/"]}]},{"@type":"ImageObject","inLanguage":"en-US","@id":"https:\/\/vieteco.com\/san-pham\/he-mat-dung\/#primaryimage","url":"https:\/\/vieteco.com\/wp-content\/uploads\/2024\/01\/52-giau-do.jpg","contentUrl":"https:\/\/vieteco.com\/wp-content\/uploads\/2024\/01\/52-giau-do.jpg","width":1982,"height":2371},{"@type":"BreadcrumbList","@id":"https:\/\/vieteco.com\/san-pham\/he-mat-dung\/#breadcrumb","itemListElement":[{"@type":"ListItem","position":1,"name":"Home","item":"https:\/\/vieteco.com\/"},{"@type":"ListItem","position":2,"name":"Shop","item":"https:\/\/vieteco.com\/shop\/"},{"@type":"ListItem","position":3,"name":"H\u1ec7 m\u1eb7t d\u1ef1ng 52 gi\u1ea5u \u0111\u1ed1"}]},{"@type":"WebSite","@id":"https:\/\/vieteco.com\/#website","url":"https:\/\/vieteco.com\/","name":"C\u00d4NG TY TNHH ALUMINUM VI\u1ec6T ECO","description":"","publisher":{"@id":"https:\/\/vieteco.com\/#organization"},"potentialAction":[{"@type":"SearchAction","target":{"@type":"EntryPoint","urlTemplate":"https:\/\/vieteco.com\/?s={search_term_string}"},"query-input":{"@type":"PropertyValueSpecification","valueRequired":true,"valueName":"search_term_string"}}],"inLanguage":"en-US"},{"@type":"Organization","@id":"https:\/\/vieteco.com\/#organization","name":"C\u00d4NG TY TNHH ALUMINUM VI\u1ec6T ECO","url":"https:\/\/vieteco.com\/","logo":{"@type":"ImageObject","inLanguage":"en-US","@id":"https:\/\/vieteco.com\/#\/schema\/logo\/image\/","url":"https:\/\/vieteco.com\/wp-content\/uploads\/2025\/05\/cropped-Logo-VEC-doc-scaled-1.png","contentUrl":"https:\/\/vieteco.com\/wp-content\/uploads\/2025\/05\/cropped-Logo-VEC-doc-scaled-1.png","width":512,"height":512,"caption":"C\u00d4NG TY TNHH ALUMINUM VI\u1ec6T ECO"},"image":{"@id":"https:\/\/vieteco.com\/#\/schema\/logo\/image\/"}}]}},"_links":{"self":[{"href":"https:\/\/vieteco.com\/en\/wp-json\/wp\/v2\/product\/1548","targetHints":{"allow":["GET"]}}],"collection":[{"href":"https:\/\/vieteco.com\/en\/wp-json\/wp\/v2\/product"}],"about":[{"href":"https:\/\/vieteco.com\/en\/wp-json\/wp\/v2\/types\/product"}],"replies":[{"embeddable":true,"href":"https:\/\/vieteco.com\/en\/wp-json\/wp\/v2\/comments?post=1548"}],"wp:featuredmedia":[{"embeddable":true,"href":"https:\/\/vieteco.com\/en\/wp-json\/wp\/v2\/media\/2598"}],"wp:attachment":[{"href":"https:\/\/vieteco.com\/en\/wp-json\/wp\/v2\/media?parent=1548"}],"wp:term":[{"taxonomy":"product_brand","embeddable":true,"href":"https:\/\/vieteco.com\/en\/wp-json\/wp\/v2\/product_brand?post=1548"},{"taxonomy":"product_cat","embeddable":true,"href":"https:\/\/vieteco.com\/en\/wp-json\/wp\/v2\/product_cat?post=1548"},{"taxonomy":"product_tag","embeddable":true,"href":"https:\/\/vieteco.com\/en\/wp-json\/wp\/v2\/product_tag?post=1548"}],"curies":[{"name":"wp","href":"https:\/\/api.w.org\/{rel}","templated":true}]}}