{"id":1228,"date":"2023-08-25T05:17:35","date_gmt":"2023-08-25T05:17:35","guid":{"rendered":"https:\/\/vieteco.com\/?post_type=product&#038;p=1228"},"modified":"2025-02-08T04:32:07","modified_gmt":"2025-02-08T04:32:07","slug":"cua-so-he-chan-song-tron-2","status":"publish","type":"product","link":"https:\/\/vieteco.com\/en\/product\/cua-so-he-chan-song-tron-2\/","title":{"rendered":"Round Bar System"},"content":{"rendered":"<p>H\u1ec7 c\u1eeda nh\u00f4m n\u00e0y t\u00edch h\u1ee3p ch\u1ea5n song, \u0111\u1ea3m b\u1ea3o an to\u00e0n cho gia ch\u1ee7 v\u00e0 thay th\u1ebf cho ch\u1ea5n song g\u1ed7 truy\u1ec1n th\u1ed1ng c\u0169ng nh\u01b0 sen hoa b\u1eb1ng s\u1eaft v\u00e0 inox th\u01b0\u1eddng th\u1ea5y tr\u00ean th\u1ecb tr\u01b0\u1eddng. Thi\u1ebft k\u1ebf n\u00e0y mang t\u00ednh \u0111\u1ed9t ph\u00e1 v\u1edbi m\u1eabu m\u00e3 v\u00e0 m\u00e0u s\u1eafc \u0111a d\u1ea1ng, t\u1eeb nh\u1eefng m\u00e0u c\u01a1 b\u1ea3n nh\u01b0 x\u00e1m \u0111\u00e1, ghi l\u1ea1nh, \u0111\u1ebfn m\u00e0u v\u00e2n g\u1ed7 g\u1ea7n gi\u1ed1ng g\u1ed7 th\u1eadt nh\u1ea5t.<\/p>\n<p><strong>\u01afU \u0110I\u1ec2M N\u1ed4I B\u1eacT:<\/strong><\/p>\n<p>\ud83d\udd36Thi\u1ebft k\u1ebf t\u1ed1i \u01b0u: L\u1eafp \u0111\u1eb7t d\u1ec5 d\u00e0ng v\u1edbi khung nh\u00f4m bao c\u00f3 th\u1ec3 l\u1eafp cho t\u01b0\u1eddng dao \u0111\u1ed9ng t\u1eeb 100-200mm.<\/p>\n<p>\ud83d\udd36T\u00ednh linh ho\u1ea1t: K\u1ebft h\u1ee3p \u0111a d\u1ea1ng ph\u1ee5 ki\u1ec7n, thay th\u1ebf nan hoa s\u1eaft\/inox truy\u1ec1n th\u1ed1ng m\u00e0 v\u1eabn \u0111\u1ea3m b\u1ea3o v\u1eefng ch\u1eafc v\u00e0 an to\u00e0n cho m\u1ecdi gia \u0111\u00ecnh v\u00e0 c\u00f4ng tr\u00ecnh<\/p>\n<p>\ud83d\udd36Th\u1ea9m m\u1ef9 cao: M\u00e0u v\u00e2n g\u1ed7 mang \u0111\u1ebfn v\u1ebb \u0111\u1eb9p sang tr\u1ecdng, \u1ea5m c\u00fang cho ng\u00f4i nh\u00e0<\/p>\n<p>\ud83d\udd36\u0110\u1ed9 b\u1ec1n cao: B\u1ec1 m\u1eb7t \u0111\u01b0\u1ee3c ph\u1ee7 l\u1edbp s\u01a1n t\u0129nh h\u1ea1n ch\u1ebf tr\u1ea7y x\u01b0\u1edbc, hoen g\u1ec9 do c\u00e1c t\u00e1c \u0111\u1ed9ng t\u1eeb m\u00f4i tr\u01b0\u1eddng<\/p>\n<p><strong>TH\u00d4NG S\u1ed0 K\u1ef8 THU\u1eacT:<\/strong><\/p>\n<p><img loading=\"lazy\" decoding=\"async\" class=\"alignnone size-full wp-image-2503\" src=\"https:\/\/vieteco.com\/wp-content\/uploads\/2023\/08\/3-1086x1536-1.jpg\" alt=\"\" width=\"1086\" height=\"1536\" srcset=\"https:\/\/vieteco.com\/wp-content\/uploads\/2023\/08\/3-1086x1536-1.jpg 1086w, https:\/\/vieteco.com\/wp-content\/uploads\/2023\/08\/3-1086x1536-1-283x400.jpg 283w, https:\/\/vieteco.com\/wp-content\/uploads\/2023\/08\/3-1086x1536-1-724x1024.jpg 724w, https:\/\/vieteco.com\/wp-content\/uploads\/2023\/08\/3-1086x1536-1-318x450.jpg 318w, https:\/\/vieteco.com\/wp-content\/uploads\/2023\/08\/3-1086x1536-1-768x1086.jpg 768w, https:\/\/vieteco.com\/wp-content\/uploads\/2023\/08\/3-1086x1536-1-8x12.jpg 8w, https:\/\/vieteco.com\/wp-content\/uploads\/2023\/08\/3-1086x1536-1-510x721.jpg 510w\" sizes=\"auto, (max-width: 1086px) 100vw, 1086px\" \/><\/p>\n<p>&nbsp;<\/p>\n<p><img loading=\"lazy\" decoding=\"async\" class=\"alignnone size-full wp-image-2502\" src=\"https:\/\/vieteco.com\/wp-content\/uploads\/2023\/08\/1-1085x1536-1.jpg\" alt=\"\" width=\"1085\" height=\"1536\" srcset=\"https:\/\/vieteco.com\/wp-content\/uploads\/2023\/08\/1-1085x1536-1.jpg 1085w, https:\/\/vieteco.com\/wp-content\/uploads\/2023\/08\/1-1085x1536-1-283x400.jpg 283w, https:\/\/vieteco.com\/wp-content\/uploads\/2023\/08\/1-1085x1536-1-723x1024.jpg 723w, https:\/\/vieteco.com\/wp-content\/uploads\/2023\/08\/1-1085x1536-1-318x450.jpg 318w, https:\/\/vieteco.com\/wp-content\/uploads\/2023\/08\/1-1085x1536-1-768x1087.jpg 768w, https:\/\/vieteco.com\/wp-content\/uploads\/2023\/08\/1-1085x1536-1-8x12.jpg 8w, https:\/\/vieteco.com\/wp-content\/uploads\/2023\/08\/1-1085x1536-1-510x722.jpg 510w\" sizes=\"auto, (max-width: 1085px) 100vw, 1085px\" \/><\/p>","protected":false},"excerpt":{"rendered":"<p>H\u1ec7 c\u1eeda s\u1ed5 t\u00edch h\u1ee3p l\u1edbp ch\u1ea5n song tr\u00ean khung ngay t\u1eeb ban \u0111\u1ea7u, \u0111\u1ea3m b\u1ea3o an to\u00e0n cho gia ch\u1ee7 v\u00e0 gi\u00fap qu\u00e1 tr\u00ecnh l\u1eafp \u0111\u1eb7t d\u1ec5 d\u00e0ng h\u01a1n v\u00e0 thu\u1eadn ti\u1ec7n h\u01a1n cho c\u00e1c nh\u00e0 th\u1ea7u ho\u1eb7c ch\u1ee7 nh\u00e0.<\/p>\n<ul>\n<li>Th\u01b0\u01a1ng hi\u1ec7u: DIVIC<\/li>\n<li>M\u00e1c nh\u00f4m ti\u00eau chu\u1ea9n 6063:T5<\/li>\n<li>\u00c1p d\u1ee5ng ti\u00eau chu\u1ea9n xanh trong s\u1ea3n xu\u1ea5t \u0111\u1ea3m b\u1ea3o an to\u00e0n cho ng\u01b0\u1eddi s\u1ea3n xu\u1ea5t v\u00e0 ti\u00eau d\u00f9ng<\/li>\n<\/ul>","protected":false},"featured_media":2508,"comment_status":"open","ping_status":"closed","template":"","meta":[],"product_brand":[],"product_cat":[103,104],"product_tag":[100],"class_list":{"0":"post-1228","1":"product","2":"type-product","3":"status-publish","4":"has-post-thumbnail","6":"product_cat-nhan-divic","7":"product_cat-he-chan-song-nhan-divic","8":"product_tag-he-chan-song","10":"first","11":"instock","12":"shipping-taxable","13":"product-type-simple"},"yoast_head":"<!-- This site is optimized with the Yoast SEO plugin v24.9 - https:\/\/yoast.com\/wordpress\/plugins\/seo\/ -->\n<title>C\u1eeda s\u1ed5 h\u1ec7 ch\u1ea5n song tr\u00f2n - C\u00d4NG TY TNHH ALUMINUM VI\u1ec6T ECO<\/title>\n<meta name=\"robots\" content=\"index, follow, max-snippet:-1, max-image-preview:large, max-video-preview:-1\" \/>\n<link rel=\"canonical\" href=\"https:\/\/vieteco.com\/en\/product\/cua-so-he-chan-song-tron-2\/\" \/>\n<meta property=\"og:locale\" content=\"en_US\" \/>\n<meta property=\"og:type\" content=\"article\" \/>\n<meta property=\"og:title\" content=\"C\u1eeda s\u1ed5 h\u1ec7 ch\u1ea5n song tr\u00f2n - C\u00d4NG TY TNHH ALUMINUM VI\u1ec6T ECO\" \/>\n<meta property=\"og:description\" content=\"H\u1ec7 c\u1eeda s\u1ed5 t\u00edch h\u1ee3p l\u1edbp ch\u1ea5n song tr\u00ean khung ngay t\u1eeb ban \u0111\u1ea7u, \u0111\u1ea3m b\u1ea3o an to\u00e0n cho gia ch\u1ee7 v\u00e0 gi\u00fap qu\u00e1 tr\u00ecnh l\u1eafp \u0111\u1eb7t d\u1ec5 d\u00e0ng h\u01a1n v\u00e0 thu\u1eadn ti\u1ec7n h\u01a1n cho c\u00e1c nh\u00e0 th\u1ea7u ho\u1eb7c ch\u1ee7 nh\u00e0.   Th\u01b0\u01a1ng hi\u1ec7u: DIVIC  M\u00e1c nh\u00f4m ti\u00eau chu\u1ea9n 6063:T5  \u00c1p d\u1ee5ng ti\u00eau chu\u1ea9n xanh trong s\u1ea3n xu\u1ea5t \u0111\u1ea3m b\u1ea3o an to\u00e0n cho ng\u01b0\u1eddi s\u1ea3n xu\u1ea5t v\u00e0 ti\u00eau d\u00f9ng\" \/>\n<meta property=\"og:url\" content=\"https:\/\/vieteco.com\/en\/product\/cua-so-he-chan-song-tron-2\/\" \/>\n<meta property=\"og:site_name\" content=\"C\u00d4NG TY TNHH ALUMINUM VI\u1ec6T ECO\" \/>\n<meta property=\"article:modified_time\" content=\"2025-02-08T04:32:07+00:00\" \/>\n<meta property=\"og:image\" content=\"https:\/\/vieteco.com\/wp-content\/uploads\/2023\/08\/Ba\u0309n-sao-cu\u0309a-HE\u0323\u0302-CHA\u0302\u0301N-SONG-1024x1024.png\" \/>\n\t<meta property=\"og:image:width\" content=\"1024\" \/>\n\t<meta property=\"og:image:height\" content=\"1024\" \/>\n\t<meta property=\"og:image:type\" content=\"image\/png\" \/>\n<meta name=\"twitter:card\" content=\"summary_large_image\" \/>\n<meta name=\"twitter:label1\" content=\"Est. reading time\" \/>\n\t<meta name=\"twitter:data1\" content=\"2 minutes\" \/>\n<script type=\"application\/ld+json\" class=\"yoast-schema-graph\">{\"@context\":\"https:\/\/schema.org\",\"@graph\":[{\"@type\":\"WebPage\",\"@id\":\"https:\/\/vieteco.com\/san-pham\/cua-so-he-chan-song-tron-2\/\",\"url\":\"https:\/\/vieteco.com\/san-pham\/cua-so-he-chan-song-tron-2\/\",\"name\":\"C\u1eeda s\u1ed5 h\u1ec7 ch\u1ea5n song tr\u00f2n - C\u00d4NG TY TNHH ALUMINUM VI\u1ec6T ECO\",\"isPartOf\":{\"@id\":\"https:\/\/vieteco.com\/#website\"},\"primaryImageOfPage\":{\"@id\":\"https:\/\/vieteco.com\/san-pham\/cua-so-he-chan-song-tron-2\/#primaryimage\"},\"image\":{\"@id\":\"https:\/\/vieteco.com\/san-pham\/cua-so-he-chan-song-tron-2\/#primaryimage\"},\"thumbnailUrl\":\"https:\/\/vieteco.com\/wp-content\/uploads\/2023\/08\/Ba\u0309n-sao-cu\u0309a-HE\u0323\u0302-CHA\u0302\u0301N-SONG.png\",\"datePublished\":\"2023-08-25T05:17:35+00:00\",\"dateModified\":\"2025-02-08T04:32:07+00:00\",\"breadcrumb\":{\"@id\":\"https:\/\/vieteco.com\/san-pham\/cua-so-he-chan-song-tron-2\/#breadcrumb\"},\"inLanguage\":\"en-US\",\"potentialAction\":[{\"@type\":\"ReadAction\",\"target\":[\"https:\/\/vieteco.com\/san-pham\/cua-so-he-chan-song-tron-2\/\"]}]},{\"@type\":\"ImageObject\",\"inLanguage\":\"en-US\",\"@id\":\"https:\/\/vieteco.com\/san-pham\/cua-so-he-chan-song-tron-2\/#primaryimage\",\"url\":\"https:\/\/vieteco.com\/wp-content\/uploads\/2023\/08\/Ba\u0309n-sao-cu\u0309a-HE\u0323\u0302-CHA\u0302\u0301N-SONG.png\",\"contentUrl\":\"https:\/\/vieteco.com\/wp-content\/uploads\/2023\/08\/Ba\u0309n-sao-cu\u0309a-HE\u0323\u0302-CHA\u0302\u0301N-SONG.png\",\"width\":3500,\"height\":3500},{\"@type\":\"BreadcrumbList\",\"@id\":\"https:\/\/vieteco.com\/san-pham\/cua-so-he-chan-song-tron-2\/#breadcrumb\",\"itemListElement\":[{\"@type\":\"ListItem\",\"position\":1,\"name\":\"Home\",\"item\":\"https:\/\/vieteco.com\/\"},{\"@type\":\"ListItem\",\"position\":2,\"name\":\"Shop\",\"item\":\"https:\/\/vieteco.com\/shop\/\"},{\"@type\":\"ListItem\",\"position\":3,\"name\":\"C\u1eeda s\u1ed5 h\u1ec7 ch\u1ea5n song tr\u00f2n\"}]},{\"@type\":\"WebSite\",\"@id\":\"https:\/\/vieteco.com\/#website\",\"url\":\"https:\/\/vieteco.com\/\",\"name\":\"C\u00d4NG TY TNHH ALUMINUM VI\u1ec6T ECO\",\"description\":\"\",\"publisher\":{\"@id\":\"https:\/\/vieteco.com\/#organization\"},\"potentialAction\":[{\"@type\":\"SearchAction\",\"target\":{\"@type\":\"EntryPoint\",\"urlTemplate\":\"https:\/\/vieteco.com\/?s={search_term_string}\"},\"query-input\":{\"@type\":\"PropertyValueSpecification\",\"valueRequired\":true,\"valueName\":\"search_term_string\"}}],\"inLanguage\":\"en-US\"},{\"@type\":\"Organization\",\"@id\":\"https:\/\/vieteco.com\/#organization\",\"name\":\"C\u00d4NG TY TNHH ALUMINUM VI\u1ec6T ECO\",\"url\":\"https:\/\/vieteco.com\/\",\"logo\":{\"@type\":\"ImageObject\",\"inLanguage\":\"en-US\",\"@id\":\"https:\/\/vieteco.com\/#\/schema\/logo\/image\/\",\"url\":\"https:\/\/vieteco.com\/wp-content\/uploads\/2025\/05\/cropped-Logo-VEC-doc-scaled-1.png\",\"contentUrl\":\"https:\/\/vieteco.com\/wp-content\/uploads\/2025\/05\/cropped-Logo-VEC-doc-scaled-1.png\",\"width\":512,\"height\":512,\"caption\":\"C\u00d4NG TY TNHH ALUMINUM VI\u1ec6T ECO\"},\"image\":{\"@id\":\"https:\/\/vieteco.com\/#\/schema\/logo\/image\/\"}}]}<\/script>\n<!-- \/ Yoast SEO plugin. -->","yoast_head_json":{"title":"C\u1eeda s\u1ed5 h\u1ec7 ch\u1ea5n song tr\u00f2n - C\u00d4NG TY TNHH ALUMINUM VI\u1ec6T ECO","robots":{"index":"index","follow":"follow","max-snippet":"max-snippet:-1","max-image-preview":"max-image-preview:large","max-video-preview":"max-video-preview:-1"},"canonical":"https:\/\/vieteco.com\/en\/product\/cua-so-he-chan-song-tron-2\/","og_locale":"en_US","og_type":"article","og_title":"C\u1eeda s\u1ed5 h\u1ec7 ch\u1ea5n song tr\u00f2n - C\u00d4NG TY TNHH ALUMINUM VI\u1ec6T ECO","og_description":"H\u1ec7 c\u1eeda s\u1ed5 t\u00edch h\u1ee3p l\u1edbp ch\u1ea5n song tr\u00ean khung ngay t\u1eeb ban \u0111\u1ea7u, \u0111\u1ea3m b\u1ea3o an to\u00e0n cho gia ch\u1ee7 v\u00e0 gi\u00fap qu\u00e1 tr\u00ecnh l\u1eafp \u0111\u1eb7t d\u1ec5 d\u00e0ng h\u01a1n v\u00e0 thu\u1eadn ti\u1ec7n h\u01a1n cho c\u00e1c nh\u00e0 th\u1ea7u ho\u1eb7c ch\u1ee7 nh\u00e0.   Th\u01b0\u01a1ng hi\u1ec7u: DIVIC  M\u00e1c nh\u00f4m ti\u00eau chu\u1ea9n 6063:T5  \u00c1p d\u1ee5ng ti\u00eau chu\u1ea9n xanh trong s\u1ea3n xu\u1ea5t \u0111\u1ea3m b\u1ea3o an to\u00e0n cho ng\u01b0\u1eddi s\u1ea3n xu\u1ea5t v\u00e0 ti\u00eau d\u00f9ng","og_url":"https:\/\/vieteco.com\/en\/product\/cua-so-he-chan-song-tron-2\/","og_site_name":"C\u00d4NG TY TNHH ALUMINUM VI\u1ec6T ECO","article_modified_time":"2025-02-08T04:32:07+00:00","og_image":[{"width":1024,"height":1024,"url":"https:\/\/vieteco.com\/wp-content\/uploads\/2023\/08\/Ba\u0309n-sao-cu\u0309a-HE\u0323\u0302-CHA\u0302\u0301N-SONG-1024x1024.png","type":"image\/png"}],"twitter_card":"summary_large_image","twitter_misc":{"Est. reading time":"2 minutes"},"schema":{"@context":"https:\/\/schema.org","@graph":[{"@type":"WebPage","@id":"https:\/\/vieteco.com\/san-pham\/cua-so-he-chan-song-tron-2\/","url":"https:\/\/vieteco.com\/san-pham\/cua-so-he-chan-song-tron-2\/","name":"C\u1eeda s\u1ed5 h\u1ec7 ch\u1ea5n song tr\u00f2n - C\u00d4NG TY TNHH ALUMINUM VI\u1ec6T ECO","isPartOf":{"@id":"https:\/\/vieteco.com\/#website"},"primaryImageOfPage":{"@id":"https:\/\/vieteco.com\/san-pham\/cua-so-he-chan-song-tron-2\/#primaryimage"},"image":{"@id":"https:\/\/vieteco.com\/san-pham\/cua-so-he-chan-song-tron-2\/#primaryimage"},"thumbnailUrl":"https:\/\/vieteco.com\/wp-content\/uploads\/2023\/08\/Ba\u0309n-sao-cu\u0309a-HE\u0323\u0302-CHA\u0302\u0301N-SONG.png","datePublished":"2023-08-25T05:17:35+00:00","dateModified":"2025-02-08T04:32:07+00:00","breadcrumb":{"@id":"https:\/\/vieteco.com\/san-pham\/cua-so-he-chan-song-tron-2\/#breadcrumb"},"inLanguage":"en-US","potentialAction":[{"@type":"ReadAction","target":["https:\/\/vieteco.com\/san-pham\/cua-so-he-chan-song-tron-2\/"]}]},{"@type":"ImageObject","inLanguage":"en-US","@id":"https:\/\/vieteco.com\/san-pham\/cua-so-he-chan-song-tron-2\/#primaryimage","url":"https:\/\/vieteco.com\/wp-content\/uploads\/2023\/08\/Ba\u0309n-sao-cu\u0309a-HE\u0323\u0302-CHA\u0302\u0301N-SONG.png","contentUrl":"https:\/\/vieteco.com\/wp-content\/uploads\/2023\/08\/Ba\u0309n-sao-cu\u0309a-HE\u0323\u0302-CHA\u0302\u0301N-SONG.png","width":3500,"height":3500},{"@type":"BreadcrumbList","@id":"https:\/\/vieteco.com\/san-pham\/cua-so-he-chan-song-tron-2\/#breadcrumb","itemListElement":[{"@type":"ListItem","position":1,"name":"Home","item":"https:\/\/vieteco.com\/"},{"@type":"ListItem","position":2,"name":"Shop","item":"https:\/\/vieteco.com\/shop\/"},{"@type":"ListItem","position":3,"name":"C\u1eeda s\u1ed5 h\u1ec7 ch\u1ea5n song tr\u00f2n"}]},{"@type":"WebSite","@id":"https:\/\/vieteco.com\/#website","url":"https:\/\/vieteco.com\/","name":"C\u00d4NG TY TNHH ALUMINUM VI\u1ec6T ECO","description":"","publisher":{"@id":"https:\/\/vieteco.com\/#organization"},"potentialAction":[{"@type":"SearchAction","target":{"@type":"EntryPoint","urlTemplate":"https:\/\/vieteco.com\/?s={search_term_string}"},"query-input":{"@type":"PropertyValueSpecification","valueRequired":true,"valueName":"search_term_string"}}],"inLanguage":"en-US"},{"@type":"Organization","@id":"https:\/\/vieteco.com\/#organization","name":"C\u00d4NG TY TNHH ALUMINUM VI\u1ec6T ECO","url":"https:\/\/vieteco.com\/","logo":{"@type":"ImageObject","inLanguage":"en-US","@id":"https:\/\/vieteco.com\/#\/schema\/logo\/image\/","url":"https:\/\/vieteco.com\/wp-content\/uploads\/2025\/05\/cropped-Logo-VEC-doc-scaled-1.png","contentUrl":"https:\/\/vieteco.com\/wp-content\/uploads\/2025\/05\/cropped-Logo-VEC-doc-scaled-1.png","width":512,"height":512,"caption":"C\u00d4NG TY TNHH ALUMINUM VI\u1ec6T ECO"},"image":{"@id":"https:\/\/vieteco.com\/#\/schema\/logo\/image\/"}}]}},"_links":{"self":[{"href":"https:\/\/vieteco.com\/en\/wp-json\/wp\/v2\/product\/1228","targetHints":{"allow":["GET"]}}],"collection":[{"href":"https:\/\/vieteco.com\/en\/wp-json\/wp\/v2\/product"}],"about":[{"href":"https:\/\/vieteco.com\/en\/wp-json\/wp\/v2\/types\/product"}],"replies":[{"embeddable":true,"href":"https:\/\/vieteco.com\/en\/wp-json\/wp\/v2\/comments?post=1228"}],"wp:featuredmedia":[{"embeddable":true,"href":"https:\/\/vieteco.com\/en\/wp-json\/wp\/v2\/media\/2508"}],"wp:attachment":[{"href":"https:\/\/vieteco.com\/en\/wp-json\/wp\/v2\/media?parent=1228"}],"wp:term":[{"taxonomy":"product_brand","embeddable":true,"href":"https:\/\/vieteco.com\/en\/wp-json\/wp\/v2\/product_brand?post=1228"},{"taxonomy":"product_cat","embeddable":true,"href":"https:\/\/vieteco.com\/en\/wp-json\/wp\/v2\/product_cat?post=1228"},{"taxonomy":"product_tag","embeddable":true,"href":"https:\/\/vieteco.com\/en\/wp-json\/wp\/v2\/product_tag?post=1228"}],"curies":[{"name":"wp","href":"https:\/\/api.w.org\/{rel}","templated":true}]}}