{"id":1134,"date":"2023-07-15T04:05:25","date_gmt":"2023-07-15T04:05:25","guid":{"rendered":"https:\/\/vieteco.com\/?post_type=product&#038;p=1134"},"modified":"2024-07-03T04:36:40","modified_gmt":"2024-07-03T04:36:40","slug":"he-mat-dung-52-giau-do","status":"publish","type":"product","link":"https:\/\/vieteco.com\/en\/product\/he-mat-dung-52-giau-do\/","title":{"rendered":"Hidden Rail Facade 52 System"},"content":{"rendered":"<p>&#8211; D\u1ec5 d\u00e0ng ti\u1ebfp nh\u1eadn \u00e1nh s\u00e1ng t\u1ef1 nhi\u00ean t\u1eeb b\u00ean ngo\u00e0i v\u00e0o, gi\u00fap ti\u1ebft ki\u1ec7m \u0111i\u1ec7n n\u0103ng.<\/p>\n<p>&#8211; Kh\u1ea3 n\u0103ng ch\u1ecbu l\u1ef1c, ch\u1ecbu nhi\u1ec7t v\u00e0 c\u00e1ch \u00e2m t\u1ed1t; \u0111\u1ed3ng th\u1eddi, ng\u0103n c\u1ea3n nh\u1eefng t\u00e1c \u0111\u1ed9ng x\u1ea5u t\u1eeb l\u1ef1c b\u00ean ngo\u00e0i.<\/p>\n<p>-T\u1ea1o n\u00ean m\u1ed9t kh\u00f4ng gian mang t\u00ednh hi\u1ec7n \u0111\u1ea1i, r\u1ed9ng r\u00e3i. T\u00ednh th\u1ea9m m\u1ef9 cao.<\/p>\n<p><img loading=\"lazy\" decoding=\"async\" class=\"alignnone size-full wp-image-1885\" src=\"https:\/\/vieteco.com\/wp-content\/uploads\/2023\/07\/1-5-scaled.jpg\" alt=\"\" width=\"1810\" height=\"2560\" srcset=\"https:\/\/vieteco.com\/wp-content\/uploads\/2023\/07\/1-5-scaled.jpg 1810w, https:\/\/vieteco.com\/wp-content\/uploads\/2023\/07\/1-5-283x400.jpg 283w, https:\/\/vieteco.com\/wp-content\/uploads\/2023\/07\/1-5-724x1024.jpg 724w, https:\/\/vieteco.com\/wp-content\/uploads\/2023\/07\/1-5-318x450.jpg 318w, https:\/\/vieteco.com\/wp-content\/uploads\/2023\/07\/1-5-768x1086.jpg 768w, https:\/\/vieteco.com\/wp-content\/uploads\/2023\/07\/1-5-1086x1536.jpg 1086w, https:\/\/vieteco.com\/wp-content\/uploads\/2023\/07\/1-5-1448x2048.jpg 1448w, https:\/\/vieteco.com\/wp-content\/uploads\/2023\/07\/1-5-510x721.jpg 510w\" sizes=\"auto, (max-width: 1810px) 100vw, 1810px\" \/> <img loading=\"lazy\" decoding=\"async\" class=\"alignnone size-full wp-image-1886\" src=\"https:\/\/vieteco.com\/wp-content\/uploads\/2023\/07\/52-giau-do-2-scaled.jpg\" alt=\"\" width=\"1810\" height=\"2560\" srcset=\"https:\/\/vieteco.com\/wp-content\/uploads\/2023\/07\/52-giau-do-2-scaled.jpg 1810w, https:\/\/vieteco.com\/wp-content\/uploads\/2023\/07\/52-giau-do-2-283x400.jpg 283w, https:\/\/vieteco.com\/wp-content\/uploads\/2023\/07\/52-giau-do-2-724x1024.jpg 724w, https:\/\/vieteco.com\/wp-content\/uploads\/2023\/07\/52-giau-do-2-318x450.jpg 318w, https:\/\/vieteco.com\/wp-content\/uploads\/2023\/07\/52-giau-do-2-768x1086.jpg 768w, https:\/\/vieteco.com\/wp-content\/uploads\/2023\/07\/52-giau-do-2-1086x1536.jpg 1086w, https:\/\/vieteco.com\/wp-content\/uploads\/2023\/07\/52-giau-do-2-1448x2048.jpg 1448w, https:\/\/vieteco.com\/wp-content\/uploads\/2023\/07\/52-giau-do-2-510x721.jpg 510w\" sizes=\"auto, (max-width: 1810px) 100vw, 1810px\" \/> <img loading=\"lazy\" decoding=\"async\" class=\"alignnone size-full wp-image-1887\" src=\"https:\/\/vieteco.com\/wp-content\/uploads\/2023\/07\/52-giau-do.jpg\" alt=\"\" width=\"2006\" height=\"2401\" srcset=\"https:\/\/vieteco.com\/wp-content\/uploads\/2023\/07\/52-giau-do.jpg 2006w, https:\/\/vieteco.com\/wp-content\/uploads\/2023\/07\/52-giau-do-334x400.jpg 334w, https:\/\/vieteco.com\/wp-content\/uploads\/2023\/07\/52-giau-do-856x1024.jpg 856w, https:\/\/vieteco.com\/wp-content\/uploads\/2023\/07\/52-giau-do-376x450.jpg 376w, https:\/\/vieteco.com\/wp-content\/uploads\/2023\/07\/52-giau-do-768x919.jpg 768w, https:\/\/vieteco.com\/wp-content\/uploads\/2023\/07\/52-giau-do-1283x1536.jpg 1283w, https:\/\/vieteco.com\/wp-content\/uploads\/2023\/07\/52-giau-do-1711x2048.jpg 1711w, https:\/\/vieteco.com\/wp-content\/uploads\/2023\/07\/52-giau-do-450x540.jpg 450w, https:\/\/vieteco.com\/wp-content\/uploads\/2023\/07\/52-giau-do-510x610.jpg 510w\" sizes=\"auto, (max-width: 2006px) 100vw, 2006px\" \/> <img loading=\"lazy\" decoding=\"async\" class=\"alignnone size-full wp-image-1888\" src=\"https:\/\/vieteco.com\/wp-content\/uploads\/2023\/07\/thong-so-ki-thuat-2.jpg\" alt=\"\" width=\"1147\" height=\"2176\" srcset=\"https:\/\/vieteco.com\/wp-content\/uploads\/2023\/07\/thong-so-ki-thuat-2.jpg 1147w, https:\/\/vieteco.com\/wp-content\/uploads\/2023\/07\/thong-so-ki-thuat-2-211x400.jpg 211w, https:\/\/vieteco.com\/wp-content\/uploads\/2023\/07\/thong-so-ki-thuat-2-540x1024.jpg 540w, https:\/\/vieteco.com\/wp-content\/uploads\/2023\/07\/thong-so-ki-thuat-2-237x450.jpg 237w, https:\/\/vieteco.com\/wp-content\/uploads\/2023\/07\/thong-so-ki-thuat-2-768x1457.jpg 768w, https:\/\/vieteco.com\/wp-content\/uploads\/2023\/07\/thong-so-ki-thuat-2-810x1536.jpg 810w, https:\/\/vieteco.com\/wp-content\/uploads\/2023\/07\/thong-so-ki-thuat-2-1080x2048.jpg 1080w, https:\/\/vieteco.com\/wp-content\/uploads\/2023\/07\/thong-so-ki-thuat-2-510x968.jpg 510w\" sizes=\"auto, (max-width: 1147px) 100vw, 1147px\" \/><\/p>","protected":false},"excerpt":{"rendered":"<p>H\u1ec7 m\u1eb7t d\u1ef1ng 52 gi\u1ea5u \u0111\u1ed1 l\u00e0 l\u1ef1a ch\u1ecdn tinh t\u1ebf cho c\u00e1c c\u00f4ng tr\u00ecnh x\u00e2y d\u1ef1ng hi\u1ec7n \u0111\u1ea1i. V\u1edbi thi\u1ebft k\u1ebf kh\u00f4ng th\u1ea5y c\u00e1c thanh nh\u00f4m t\u1eeb b\u00ean ngo\u00e0i, h\u1ec7 n\u00e0y t\u1ea1o n\u00ean v\u1ebb \u0111\u1eb9p hi\u1ec7n \u0111\u1ea1i v\u00e0 sang tr\u1ecdng. S\u1ef1 ph\u1ed5 bi\u1ebfn c\u1ee7a h\u1ec7 m\u1eb7t d\u1ef1ng 52 gi\u1ea5u \u0111\u1ed1 \u0111\u01b0\u1ee3c th\u1ec3 hi\u1ec7n qua vi\u1ec7c \u1ee9ng d\u1ee5ng trong nhi\u1ec1u c\u00f4ng tr\u00ecnh kh\u00e1c nhau, \u0111\u00e1p \u1ee9ng t\u1ed1t y\u00eau c\u1ea7u v\u1ec1 t\u00ednh ch\u1eafc ch\u1eafn, th\u1ea9m m\u1ef9 v\u00e0 hi\u1ec7n \u0111\u1ea1i.<\/p>","protected":false},"featured_media":1887,"comment_status":"open","ping_status":"closed","template":"","meta":[],"product_brand":[],"product_cat":[47,70],"product_tag":[166],"class_list":{"0":"post-1134","1":"product","2":"type-product","3":"status-publish","4":"has-post-thumbnail","6":"product_cat-nhan-pae","7":"product_cat-he-mat-dung-thong-dung","8":"product_tag-he-mat-dung","10":"first","11":"instock","12":"shipping-taxable","13":"product-type-simple"},"yoast_head":"<!-- This site is optimized with the Yoast SEO plugin v24.9 - https:\/\/yoast.com\/wordpress\/plugins\/seo\/ -->\n<title>H\u1ec7 m\u1eb7t d\u1ef1ng 52 gi\u1ea5u \u0111\u1ed1 - C\u00d4NG TY TNHH ALUMINUM VI\u1ec6T ECO<\/title>\n<meta name=\"robots\" content=\"index, follow, max-snippet:-1, max-image-preview:large, max-video-preview:-1\" \/>\n<link rel=\"canonical\" href=\"https:\/\/vieteco.com\/en\/product\/he-mat-dung-52-giau-do\/\" \/>\n<meta property=\"og:locale\" content=\"en_US\" \/>\n<meta property=\"og:type\" content=\"article\" \/>\n<meta property=\"og:title\" content=\"H\u1ec7 m\u1eb7t d\u1ef1ng 52 gi\u1ea5u \u0111\u1ed1 - C\u00d4NG TY TNHH ALUMINUM VI\u1ec6T ECO\" \/>\n<meta property=\"og:description\" content=\"H\u1ec7 m\u1eb7t d\u1ef1ng 52 gi\u1ea5u \u0111\u1ed1 l\u00e0 l\u1ef1a ch\u1ecdn tinh t\u1ebf cho c\u00e1c c\u00f4ng tr\u00ecnh x\u00e2y d\u1ef1ng hi\u1ec7n \u0111\u1ea1i. V\u1edbi thi\u1ebft k\u1ebf kh\u00f4ng th\u1ea5y c\u00e1c thanh nh\u00f4m t\u1eeb b\u00ean ngo\u00e0i, h\u1ec7 n\u00e0y t\u1ea1o n\u00ean v\u1ebb \u0111\u1eb9p hi\u1ec7n \u0111\u1ea1i v\u00e0 sang tr\u1ecdng. S\u1ef1 ph\u1ed5 bi\u1ebfn c\u1ee7a h\u1ec7 m\u1eb7t d\u1ef1ng 52 gi\u1ea5u \u0111\u1ed1 \u0111\u01b0\u1ee3c th\u1ec3 hi\u1ec7n qua vi\u1ec7c \u1ee9ng d\u1ee5ng trong nhi\u1ec1u c\u00f4ng tr\u00ecnh kh\u00e1c nhau, \u0111\u00e1p \u1ee9ng t\u1ed1t y\u00eau c\u1ea7u v\u1ec1 t\u00ednh ch\u1eafc ch\u1eafn, th\u1ea9m m\u1ef9 v\u00e0 hi\u1ec7n \u0111\u1ea1i.\" \/>\n<meta property=\"og:url\" content=\"https:\/\/vieteco.com\/en\/product\/he-mat-dung-52-giau-do\/\" \/>\n<meta property=\"og:site_name\" content=\"C\u00d4NG TY TNHH ALUMINUM VI\u1ec6T ECO\" \/>\n<meta property=\"article:modified_time\" content=\"2024-07-03T04:36:40+00:00\" \/>\n<meta property=\"og:image\" content=\"https:\/\/vieteco.com\/wp-content\/uploads\/2023\/07\/52-giau-do.jpg\" \/>\n\t<meta property=\"og:image:width\" content=\"2006\" \/>\n\t<meta property=\"og:image:height\" content=\"2401\" \/>\n\t<meta property=\"og:image:type\" content=\"image\/jpeg\" \/>\n<meta name=\"twitter:card\" content=\"summary_large_image\" \/>\n<meta name=\"twitter:label1\" content=\"Est. reading time\" \/>\n\t<meta name=\"twitter:data1\" content=\"2 minutes\" \/>\n<script type=\"application\/ld+json\" class=\"yoast-schema-graph\">{\"@context\":\"https:\/\/schema.org\",\"@graph\":[{\"@type\":\"WebPage\",\"@id\":\"https:\/\/vieteco.com\/san-pham\/he-mat-dung-52-giau-do\/\",\"url\":\"https:\/\/vieteco.com\/san-pham\/he-mat-dung-52-giau-do\/\",\"name\":\"H\u1ec7 m\u1eb7t d\u1ef1ng 52 gi\u1ea5u \u0111\u1ed1 - C\u00d4NG TY TNHH ALUMINUM VI\u1ec6T ECO\",\"isPartOf\":{\"@id\":\"https:\/\/vieteco.com\/#website\"},\"primaryImageOfPage\":{\"@id\":\"https:\/\/vieteco.com\/san-pham\/he-mat-dung-52-giau-do\/#primaryimage\"},\"image\":{\"@id\":\"https:\/\/vieteco.com\/san-pham\/he-mat-dung-52-giau-do\/#primaryimage\"},\"thumbnailUrl\":\"https:\/\/vieteco.com\/wp-content\/uploads\/2023\/07\/52-giau-do.jpg\",\"datePublished\":\"2023-07-15T04:05:25+00:00\",\"dateModified\":\"2024-07-03T04:36:40+00:00\",\"breadcrumb\":{\"@id\":\"https:\/\/vieteco.com\/san-pham\/he-mat-dung-52-giau-do\/#breadcrumb\"},\"inLanguage\":\"en-US\",\"potentialAction\":[{\"@type\":\"ReadAction\",\"target\":[\"https:\/\/vieteco.com\/san-pham\/he-mat-dung-52-giau-do\/\"]}]},{\"@type\":\"ImageObject\",\"inLanguage\":\"en-US\",\"@id\":\"https:\/\/vieteco.com\/san-pham\/he-mat-dung-52-giau-do\/#primaryimage\",\"url\":\"https:\/\/vieteco.com\/wp-content\/uploads\/2023\/07\/52-giau-do.jpg\",\"contentUrl\":\"https:\/\/vieteco.com\/wp-content\/uploads\/2023\/07\/52-giau-do.jpg\",\"width\":2006,\"height\":2401},{\"@type\":\"BreadcrumbList\",\"@id\":\"https:\/\/vieteco.com\/san-pham\/he-mat-dung-52-giau-do\/#breadcrumb\",\"itemListElement\":[{\"@type\":\"ListItem\",\"position\":1,\"name\":\"Home\",\"item\":\"https:\/\/vieteco.com\/\"},{\"@type\":\"ListItem\",\"position\":2,\"name\":\"Shop\",\"item\":\"https:\/\/vieteco.com\/shop\/\"},{\"@type\":\"ListItem\",\"position\":3,\"name\":\"H\u1ec7 m\u1eb7t d\u1ef1ng 52 gi\u1ea5u \u0111\u1ed1\"}]},{\"@type\":\"WebSite\",\"@id\":\"https:\/\/vieteco.com\/#website\",\"url\":\"https:\/\/vieteco.com\/\",\"name\":\"C\u00d4NG TY TNHH ALUMINUM VI\u1ec6T ECO\",\"description\":\"\",\"publisher\":{\"@id\":\"https:\/\/vieteco.com\/#organization\"},\"potentialAction\":[{\"@type\":\"SearchAction\",\"target\":{\"@type\":\"EntryPoint\",\"urlTemplate\":\"https:\/\/vieteco.com\/?s={search_term_string}\"},\"query-input\":{\"@type\":\"PropertyValueSpecification\",\"valueRequired\":true,\"valueName\":\"search_term_string\"}}],\"inLanguage\":\"en-US\"},{\"@type\":\"Organization\",\"@id\":\"https:\/\/vieteco.com\/#organization\",\"name\":\"C\u00d4NG TY TNHH ALUMINUM VI\u1ec6T ECO\",\"url\":\"https:\/\/vieteco.com\/\",\"logo\":{\"@type\":\"ImageObject\",\"inLanguage\":\"en-US\",\"@id\":\"https:\/\/vieteco.com\/#\/schema\/logo\/image\/\",\"url\":\"https:\/\/vieteco.com\/wp-content\/uploads\/2025\/05\/cropped-Logo-VEC-doc-scaled-1.png\",\"contentUrl\":\"https:\/\/vieteco.com\/wp-content\/uploads\/2025\/05\/cropped-Logo-VEC-doc-scaled-1.png\",\"width\":512,\"height\":512,\"caption\":\"C\u00d4NG TY TNHH ALUMINUM VI\u1ec6T ECO\"},\"image\":{\"@id\":\"https:\/\/vieteco.com\/#\/schema\/logo\/image\/\"}}]}<\/script>\n<!-- \/ Yoast SEO plugin. -->","yoast_head_json":{"title":"H\u1ec7 m\u1eb7t d\u1ef1ng 52 gi\u1ea5u \u0111\u1ed1 - C\u00d4NG TY TNHH ALUMINUM VI\u1ec6T ECO","robots":{"index":"index","follow":"follow","max-snippet":"max-snippet:-1","max-image-preview":"max-image-preview:large","max-video-preview":"max-video-preview:-1"},"canonical":"https:\/\/vieteco.com\/en\/product\/he-mat-dung-52-giau-do\/","og_locale":"en_US","og_type":"article","og_title":"H\u1ec7 m\u1eb7t d\u1ef1ng 52 gi\u1ea5u \u0111\u1ed1 - C\u00d4NG TY TNHH ALUMINUM VI\u1ec6T ECO","og_description":"H\u1ec7 m\u1eb7t d\u1ef1ng 52 gi\u1ea5u \u0111\u1ed1 l\u00e0 l\u1ef1a ch\u1ecdn tinh t\u1ebf cho c\u00e1c c\u00f4ng tr\u00ecnh x\u00e2y d\u1ef1ng hi\u1ec7n \u0111\u1ea1i. V\u1edbi thi\u1ebft k\u1ebf kh\u00f4ng th\u1ea5y c\u00e1c thanh nh\u00f4m t\u1eeb b\u00ean ngo\u00e0i, h\u1ec7 n\u00e0y t\u1ea1o n\u00ean v\u1ebb \u0111\u1eb9p hi\u1ec7n \u0111\u1ea1i v\u00e0 sang tr\u1ecdng. S\u1ef1 ph\u1ed5 bi\u1ebfn c\u1ee7a h\u1ec7 m\u1eb7t d\u1ef1ng 52 gi\u1ea5u \u0111\u1ed1 \u0111\u01b0\u1ee3c th\u1ec3 hi\u1ec7n qua vi\u1ec7c \u1ee9ng d\u1ee5ng trong nhi\u1ec1u c\u00f4ng tr\u00ecnh kh\u00e1c nhau, \u0111\u00e1p \u1ee9ng t\u1ed1t y\u00eau c\u1ea7u v\u1ec1 t\u00ednh ch\u1eafc ch\u1eafn, th\u1ea9m m\u1ef9 v\u00e0 hi\u1ec7n \u0111\u1ea1i.","og_url":"https:\/\/vieteco.com\/en\/product\/he-mat-dung-52-giau-do\/","og_site_name":"C\u00d4NG TY TNHH ALUMINUM VI\u1ec6T ECO","article_modified_time":"2024-07-03T04:36:40+00:00","og_image":[{"width":2006,"height":2401,"url":"https:\/\/vieteco.com\/wp-content\/uploads\/2023\/07\/52-giau-do.jpg","type":"image\/jpeg"}],"twitter_card":"summary_large_image","twitter_misc":{"Est. reading time":"2 minutes"},"schema":{"@context":"https:\/\/schema.org","@graph":[{"@type":"WebPage","@id":"https:\/\/vieteco.com\/san-pham\/he-mat-dung-52-giau-do\/","url":"https:\/\/vieteco.com\/san-pham\/he-mat-dung-52-giau-do\/","name":"H\u1ec7 m\u1eb7t d\u1ef1ng 52 gi\u1ea5u \u0111\u1ed1 - C\u00d4NG TY TNHH ALUMINUM VI\u1ec6T ECO","isPartOf":{"@id":"https:\/\/vieteco.com\/#website"},"primaryImageOfPage":{"@id":"https:\/\/vieteco.com\/san-pham\/he-mat-dung-52-giau-do\/#primaryimage"},"image":{"@id":"https:\/\/vieteco.com\/san-pham\/he-mat-dung-52-giau-do\/#primaryimage"},"thumbnailUrl":"https:\/\/vieteco.com\/wp-content\/uploads\/2023\/07\/52-giau-do.jpg","datePublished":"2023-07-15T04:05:25+00:00","dateModified":"2024-07-03T04:36:40+00:00","breadcrumb":{"@id":"https:\/\/vieteco.com\/san-pham\/he-mat-dung-52-giau-do\/#breadcrumb"},"inLanguage":"en-US","potentialAction":[{"@type":"ReadAction","target":["https:\/\/vieteco.com\/san-pham\/he-mat-dung-52-giau-do\/"]}]},{"@type":"ImageObject","inLanguage":"en-US","@id":"https:\/\/vieteco.com\/san-pham\/he-mat-dung-52-giau-do\/#primaryimage","url":"https:\/\/vieteco.com\/wp-content\/uploads\/2023\/07\/52-giau-do.jpg","contentUrl":"https:\/\/vieteco.com\/wp-content\/uploads\/2023\/07\/52-giau-do.jpg","width":2006,"height":2401},{"@type":"BreadcrumbList","@id":"https:\/\/vieteco.com\/san-pham\/he-mat-dung-52-giau-do\/#breadcrumb","itemListElement":[{"@type":"ListItem","position":1,"name":"Home","item":"https:\/\/vieteco.com\/"},{"@type":"ListItem","position":2,"name":"Shop","item":"https:\/\/vieteco.com\/shop\/"},{"@type":"ListItem","position":3,"name":"H\u1ec7 m\u1eb7t d\u1ef1ng 52 gi\u1ea5u \u0111\u1ed1"}]},{"@type":"WebSite","@id":"https:\/\/vieteco.com\/#website","url":"https:\/\/vieteco.com\/","name":"C\u00d4NG TY TNHH ALUMINUM VI\u1ec6T ECO","description":"","publisher":{"@id":"https:\/\/vieteco.com\/#organization"},"potentialAction":[{"@type":"SearchAction","target":{"@type":"EntryPoint","urlTemplate":"https:\/\/vieteco.com\/?s={search_term_string}"},"query-input":{"@type":"PropertyValueSpecification","valueRequired":true,"valueName":"search_term_string"}}],"inLanguage":"en-US"},{"@type":"Organization","@id":"https:\/\/vieteco.com\/#organization","name":"C\u00d4NG TY TNHH ALUMINUM VI\u1ec6T ECO","url":"https:\/\/vieteco.com\/","logo":{"@type":"ImageObject","inLanguage":"en-US","@id":"https:\/\/vieteco.com\/#\/schema\/logo\/image\/","url":"https:\/\/vieteco.com\/wp-content\/uploads\/2025\/05\/cropped-Logo-VEC-doc-scaled-1.png","contentUrl":"https:\/\/vieteco.com\/wp-content\/uploads\/2025\/05\/cropped-Logo-VEC-doc-scaled-1.png","width":512,"height":512,"caption":"C\u00d4NG TY TNHH ALUMINUM VI\u1ec6T ECO"},"image":{"@id":"https:\/\/vieteco.com\/#\/schema\/logo\/image\/"}}]}},"_links":{"self":[{"href":"https:\/\/vieteco.com\/en\/wp-json\/wp\/v2\/product\/1134","targetHints":{"allow":["GET"]}}],"collection":[{"href":"https:\/\/vieteco.com\/en\/wp-json\/wp\/v2\/product"}],"about":[{"href":"https:\/\/vieteco.com\/en\/wp-json\/wp\/v2\/types\/product"}],"replies":[{"embeddable":true,"href":"https:\/\/vieteco.com\/en\/wp-json\/wp\/v2\/comments?post=1134"}],"wp:featuredmedia":[{"embeddable":true,"href":"https:\/\/vieteco.com\/en\/wp-json\/wp\/v2\/media\/1887"}],"wp:attachment":[{"href":"https:\/\/vieteco.com\/en\/wp-json\/wp\/v2\/media?parent=1134"}],"wp:term":[{"taxonomy":"product_brand","embeddable":true,"href":"https:\/\/vieteco.com\/en\/wp-json\/wp\/v2\/product_brand?post=1134"},{"taxonomy":"product_cat","embeddable":true,"href":"https:\/\/vieteco.com\/en\/wp-json\/wp\/v2\/product_cat?post=1134"},{"taxonomy":"product_tag","embeddable":true,"href":"https:\/\/vieteco.com\/en\/wp-json\/wp\/v2\/product_tag?post=1134"}],"curies":[{"name":"wp","href":"https:\/\/api.w.org\/{rel}","templated":true}]}}