{"id":1132,"date":"2023-07-15T03:58:02","date_gmt":"2023-07-15T03:58:02","guid":{"rendered":"https:\/\/vieteco.com\/?post_type=product&#038;p=1132"},"modified":"2024-07-03T04:37:09","modified_gmt":"2024-07-03T04:37:09","slug":"he-mat-dung-65-lo-do","status":"publish","type":"product","link":"https:\/\/vieteco.com\/en\/product\/he-mat-dung-65-lo-do\/","title":{"rendered":"Revealing Rail Facade 65 System"},"content":{"rendered":"<p>&#8211; D\u1ec5 d\u00e0ng ti\u1ebfp nh\u1eadn \u00e1nh s\u00e1ng t\u1ef1 nhi\u00ean t\u1eeb b\u00ean ngo\u00e0i v\u00e0o, gi\u00fap ti\u1ebft ki\u1ec7m \u0111i\u1ec7n n\u0103ng.<\/p>\n<p>&#8211; Kh\u1ea3 n\u0103ng ch\u1ecbu l\u1ef1c, ch\u1ecbu nhi\u1ec7t v\u00e0 c\u00e1ch \u00e2m t\u1ed1t; \u0111\u1ed3ng th\u1eddi, ng\u0103n c\u1ea3n nh\u1eefng t\u00e1c \u0111\u1ed9ng x\u1ea5u t\u1eeb l\u1ef1c b\u00ean ngo\u00e0i.<\/p>\n<p>-T\u1ea1o n\u00ean m\u1ed9t kh\u00f4ng gian mang t\u00ednh hi\u1ec7n \u0111\u1ea1i, r\u1ed9ng r\u00e3i. T\u00ednh th\u1ea9m m\u1ef9 cao.<\/p>\n<p><img loading=\"lazy\" decoding=\"async\" class=\"alignnone size-full wp-image-1890\" src=\"https:\/\/vieteco.com\/wp-content\/uploads\/2023\/07\/1-6-scaled.jpg\" alt=\"\" width=\"1810\" height=\"2560\" srcset=\"https:\/\/vieteco.com\/wp-content\/uploads\/2023\/07\/1-6-scaled.jpg 1810w, https:\/\/vieteco.com\/wp-content\/uploads\/2023\/07\/1-6-283x400.jpg 283w, https:\/\/vieteco.com\/wp-content\/uploads\/2023\/07\/1-6-724x1024.jpg 724w, https:\/\/vieteco.com\/wp-content\/uploads\/2023\/07\/1-6-318x450.jpg 318w, https:\/\/vieteco.com\/wp-content\/uploads\/2023\/07\/1-6-768x1086.jpg 768w, https:\/\/vieteco.com\/wp-content\/uploads\/2023\/07\/1-6-1086x1536.jpg 1086w, https:\/\/vieteco.com\/wp-content\/uploads\/2023\/07\/1-6-1448x2048.jpg 1448w, https:\/\/vieteco.com\/wp-content\/uploads\/2023\/07\/1-6-510x721.jpg 510w\" sizes=\"auto, (max-width: 1810px) 100vw, 1810px\" \/> <img loading=\"lazy\" decoding=\"async\" class=\"alignnone size-full wp-image-1891\" src=\"https:\/\/vieteco.com\/wp-content\/uploads\/2023\/07\/65-lo-do-2-scaled.jpg\" alt=\"\" width=\"1810\" height=\"2560\" srcset=\"https:\/\/vieteco.com\/wp-content\/uploads\/2023\/07\/65-lo-do-2-scaled.jpg 1810w, https:\/\/vieteco.com\/wp-content\/uploads\/2023\/07\/65-lo-do-2-283x400.jpg 283w, https:\/\/vieteco.com\/wp-content\/uploads\/2023\/07\/65-lo-do-2-724x1024.jpg 724w, https:\/\/vieteco.com\/wp-content\/uploads\/2023\/07\/65-lo-do-2-318x450.jpg 318w, https:\/\/vieteco.com\/wp-content\/uploads\/2023\/07\/65-lo-do-2-768x1086.jpg 768w, https:\/\/vieteco.com\/wp-content\/uploads\/2023\/07\/65-lo-do-2-1086x1536.jpg 1086w, https:\/\/vieteco.com\/wp-content\/uploads\/2023\/07\/65-lo-do-2-1448x2048.jpg 1448w, https:\/\/vieteco.com\/wp-content\/uploads\/2023\/07\/65-lo-do-2-510x721.jpg 510w\" sizes=\"auto, (max-width: 1810px) 100vw, 1810px\" \/> \u00a0<img loading=\"lazy\" decoding=\"async\" class=\"alignnone size-full wp-image-1893\" src=\"https:\/\/vieteco.com\/wp-content\/uploads\/2023\/07\/thong-so-ki-thuat-3.jpg\" alt=\"\" width=\"1147\" height=\"2176\" srcset=\"https:\/\/vieteco.com\/wp-content\/uploads\/2023\/07\/thong-so-ki-thuat-3.jpg 1147w, https:\/\/vieteco.com\/wp-content\/uploads\/2023\/07\/thong-so-ki-thuat-3-211x400.jpg 211w, https:\/\/vieteco.com\/wp-content\/uploads\/2023\/07\/thong-so-ki-thuat-3-540x1024.jpg 540w, https:\/\/vieteco.com\/wp-content\/uploads\/2023\/07\/thong-so-ki-thuat-3-237x450.jpg 237w, https:\/\/vieteco.com\/wp-content\/uploads\/2023\/07\/thong-so-ki-thuat-3-768x1457.jpg 768w, https:\/\/vieteco.com\/wp-content\/uploads\/2023\/07\/thong-so-ki-thuat-3-810x1536.jpg 810w, https:\/\/vieteco.com\/wp-content\/uploads\/2023\/07\/thong-so-ki-thuat-3-1080x2048.jpg 1080w, https:\/\/vieteco.com\/wp-content\/uploads\/2023\/07\/thong-so-ki-thuat-3-510x968.jpg 510w\" sizes=\"auto, (max-width: 1147px) 100vw, 1147px\" \/><\/p>","protected":false},"excerpt":{"rendered":"<p>Currently, the facade system is installed at the facade of many constructions such as shopping centers, buildings, offices, showrooms, etc. Not only does it bring good aesthetic effects, this door system also possesses many outstanding advantages compared to conventional concrete walls.<\/p>","protected":false},"featured_media":1900,"comment_status":"open","ping_status":"closed","template":"","meta":[],"product_brand":[],"product_cat":[47,70],"product_tag":[],"class_list":{"0":"post-1132","1":"product","2":"type-product","3":"status-publish","4":"has-post-thumbnail","6":"product_cat-nhan-pae","7":"product_cat-he-mat-dung-thong-dung","9":"first","10":"instock","11":"shipping-taxable","12":"product-type-simple"},"yoast_head":"<!-- This site is optimized with the Yoast SEO plugin v24.9 - https:\/\/yoast.com\/wordpress\/plugins\/seo\/ -->\n<title>H\u1ec7 m\u1eb7t d\u1ef1ng 65 l\u1ed9 \u0111\u1ed1 - C\u00d4NG TY TNHH ALUMINUM VI\u1ec6T ECO<\/title>\n<meta name=\"robots\" content=\"index, follow, max-snippet:-1, max-image-preview:large, max-video-preview:-1\" \/>\n<link rel=\"canonical\" href=\"https:\/\/vieteco.com\/en\/product\/he-mat-dung-65-lo-do\/\" \/>\n<meta property=\"og:locale\" content=\"en_US\" \/>\n<meta property=\"og:type\" content=\"article\" \/>\n<meta property=\"og:title\" content=\"H\u1ec7 m\u1eb7t d\u1ef1ng 65 l\u1ed9 \u0111\u1ed1 - C\u00d4NG TY TNHH ALUMINUM VI\u1ec6T ECO\" \/>\n<meta property=\"og:description\" content=\"Hi\u1ec7n nay, h\u1ec7 m\u1eb7t d\u1ef1ng \u0111\u01b0\u1ee3c l\u1ef1a ch\u1ecdn l\u1eafp \u0111\u1eb7t t\u1ea1i m\u1eb7t ti\u1ec1n c\u1ee7a r\u1ea5t nhi\u1ec1u c\u00f4ng tr\u00ecnh nh\u01b0 trung t\u00e2m th\u01b0\u01a1ng m\u1ea1i, t\u00f2a nh\u00e0, v\u0103n ph\u00f2ng, showroom,... Kh\u00f4ng ch\u1ec9 mang l\u1ea1i hi\u1ec7u \u1ee9ng th\u1ea9m m\u1ef9 t\u1ed1t, h\u1ec7 c\u1eeda n\u00e0y c\u00f2n s\u1edf h\u1eefu nhi\u1ec1u \u01b0u \u0111i\u1ec3m v\u01b0\u1ee3t tr\u1ed9i h\u01a1n h\u1eb3n t\u01b0\u1eddng bao b\u00ea t\u00f4ng th\u00f4ng th\u01b0\u1eddng\" \/>\n<meta property=\"og:url\" content=\"https:\/\/vieteco.com\/en\/product\/he-mat-dung-65-lo-do\/\" \/>\n<meta property=\"og:site_name\" content=\"C\u00d4NG TY TNHH ALUMINUM VI\u1ec6T ECO\" \/>\n<meta property=\"article:modified_time\" content=\"2024-07-03T04:37:09+00:00\" \/>\n<meta property=\"og:image\" content=\"https:\/\/vieteco.com\/wp-content\/uploads\/2023\/07\/65-lo-do-3.jpg\" \/>\n\t<meta property=\"og:image:width\" content=\"2150\" \/>\n\t<meta property=\"og:image:height\" content=\"2415\" \/>\n\t<meta property=\"og:image:type\" content=\"image\/jpeg\" \/>\n<meta name=\"twitter:card\" content=\"summary_large_image\" \/>\n<meta name=\"twitter:label1\" content=\"Est. reading time\" \/>\n\t<meta name=\"twitter:data1\" content=\"1 minute\" \/>\n<script type=\"application\/ld+json\" class=\"yoast-schema-graph\">{\"@context\":\"https:\/\/schema.org\",\"@graph\":[{\"@type\":\"WebPage\",\"@id\":\"https:\/\/vieteco.com\/san-pham\/he-mat-dung-65-lo-do\/\",\"url\":\"https:\/\/vieteco.com\/san-pham\/he-mat-dung-65-lo-do\/\",\"name\":\"H\u1ec7 m\u1eb7t d\u1ef1ng 65 l\u1ed9 \u0111\u1ed1 - C\u00d4NG TY TNHH ALUMINUM VI\u1ec6T ECO\",\"isPartOf\":{\"@id\":\"https:\/\/vieteco.com\/#website\"},\"primaryImageOfPage\":{\"@id\":\"https:\/\/vieteco.com\/san-pham\/he-mat-dung-65-lo-do\/#primaryimage\"},\"image\":{\"@id\":\"https:\/\/vieteco.com\/san-pham\/he-mat-dung-65-lo-do\/#primaryimage\"},\"thumbnailUrl\":\"https:\/\/vieteco.com\/wp-content\/uploads\/2023\/07\/65-lo-do-3.jpg\",\"datePublished\":\"2023-07-15T03:58:02+00:00\",\"dateModified\":\"2024-07-03T04:37:09+00:00\",\"breadcrumb\":{\"@id\":\"https:\/\/vieteco.com\/san-pham\/he-mat-dung-65-lo-do\/#breadcrumb\"},\"inLanguage\":\"en-US\",\"potentialAction\":[{\"@type\":\"ReadAction\",\"target\":[\"https:\/\/vieteco.com\/san-pham\/he-mat-dung-65-lo-do\/\"]}]},{\"@type\":\"ImageObject\",\"inLanguage\":\"en-US\",\"@id\":\"https:\/\/vieteco.com\/san-pham\/he-mat-dung-65-lo-do\/#primaryimage\",\"url\":\"https:\/\/vieteco.com\/wp-content\/uploads\/2023\/07\/65-lo-do-3.jpg\",\"contentUrl\":\"https:\/\/vieteco.com\/wp-content\/uploads\/2023\/07\/65-lo-do-3.jpg\",\"width\":2150,\"height\":2415},{\"@type\":\"BreadcrumbList\",\"@id\":\"https:\/\/vieteco.com\/san-pham\/he-mat-dung-65-lo-do\/#breadcrumb\",\"itemListElement\":[{\"@type\":\"ListItem\",\"position\":1,\"name\":\"Home\",\"item\":\"https:\/\/vieteco.com\/\"},{\"@type\":\"ListItem\",\"position\":2,\"name\":\"Shop\",\"item\":\"https:\/\/vieteco.com\/shop\/\"},{\"@type\":\"ListItem\",\"position\":3,\"name\":\"H\u1ec7 m\u1eb7t d\u1ef1ng 65 l\u1ed9 \u0111\u1ed1\"}]},{\"@type\":\"WebSite\",\"@id\":\"https:\/\/vieteco.com\/#website\",\"url\":\"https:\/\/vieteco.com\/\",\"name\":\"C\u00d4NG TY TNHH ALUMINUM VI\u1ec6T ECO\",\"description\":\"\",\"publisher\":{\"@id\":\"https:\/\/vieteco.com\/#organization\"},\"potentialAction\":[{\"@type\":\"SearchAction\",\"target\":{\"@type\":\"EntryPoint\",\"urlTemplate\":\"https:\/\/vieteco.com\/?s={search_term_string}\"},\"query-input\":{\"@type\":\"PropertyValueSpecification\",\"valueRequired\":true,\"valueName\":\"search_term_string\"}}],\"inLanguage\":\"en-US\"},{\"@type\":\"Organization\",\"@id\":\"https:\/\/vieteco.com\/#organization\",\"name\":\"C\u00d4NG TY TNHH ALUMINUM VI\u1ec6T ECO\",\"url\":\"https:\/\/vieteco.com\/\",\"logo\":{\"@type\":\"ImageObject\",\"inLanguage\":\"en-US\",\"@id\":\"https:\/\/vieteco.com\/#\/schema\/logo\/image\/\",\"url\":\"https:\/\/vieteco.com\/wp-content\/uploads\/2025\/05\/cropped-Logo-VEC-doc-scaled-1.png\",\"contentUrl\":\"https:\/\/vieteco.com\/wp-content\/uploads\/2025\/05\/cropped-Logo-VEC-doc-scaled-1.png\",\"width\":512,\"height\":512,\"caption\":\"C\u00d4NG TY TNHH ALUMINUM VI\u1ec6T ECO\"},\"image\":{\"@id\":\"https:\/\/vieteco.com\/#\/schema\/logo\/image\/\"}}]}<\/script>\n<!-- \/ Yoast SEO plugin. -->","yoast_head_json":{"title":"H\u1ec7 m\u1eb7t d\u1ef1ng 65 l\u1ed9 \u0111\u1ed1 - C\u00d4NG TY TNHH ALUMINUM VI\u1ec6T ECO","robots":{"index":"index","follow":"follow","max-snippet":"max-snippet:-1","max-image-preview":"max-image-preview:large","max-video-preview":"max-video-preview:-1"},"canonical":"https:\/\/vieteco.com\/en\/product\/he-mat-dung-65-lo-do\/","og_locale":"en_US","og_type":"article","og_title":"H\u1ec7 m\u1eb7t d\u1ef1ng 65 l\u1ed9 \u0111\u1ed1 - C\u00d4NG TY TNHH ALUMINUM VI\u1ec6T ECO","og_description":"Hi\u1ec7n nay, h\u1ec7 m\u1eb7t d\u1ef1ng \u0111\u01b0\u1ee3c l\u1ef1a ch\u1ecdn l\u1eafp \u0111\u1eb7t t\u1ea1i m\u1eb7t ti\u1ec1n c\u1ee7a r\u1ea5t nhi\u1ec1u c\u00f4ng tr\u00ecnh nh\u01b0 trung t\u00e2m th\u01b0\u01a1ng m\u1ea1i, t\u00f2a nh\u00e0, v\u0103n ph\u00f2ng, showroom,... Kh\u00f4ng ch\u1ec9 mang l\u1ea1i hi\u1ec7u \u1ee9ng th\u1ea9m m\u1ef9 t\u1ed1t, h\u1ec7 c\u1eeda n\u00e0y c\u00f2n s\u1edf h\u1eefu nhi\u1ec1u \u01b0u \u0111i\u1ec3m v\u01b0\u1ee3t tr\u1ed9i h\u01a1n h\u1eb3n t\u01b0\u1eddng bao b\u00ea t\u00f4ng th\u00f4ng th\u01b0\u1eddng","og_url":"https:\/\/vieteco.com\/en\/product\/he-mat-dung-65-lo-do\/","og_site_name":"C\u00d4NG TY TNHH ALUMINUM VI\u1ec6T ECO","article_modified_time":"2024-07-03T04:37:09+00:00","og_image":[{"width":2150,"height":2415,"url":"https:\/\/vieteco.com\/wp-content\/uploads\/2023\/07\/65-lo-do-3.jpg","type":"image\/jpeg"}],"twitter_card":"summary_large_image","twitter_misc":{"Est. reading time":"1 minute"},"schema":{"@context":"https:\/\/schema.org","@graph":[{"@type":"WebPage","@id":"https:\/\/vieteco.com\/san-pham\/he-mat-dung-65-lo-do\/","url":"https:\/\/vieteco.com\/san-pham\/he-mat-dung-65-lo-do\/","name":"H\u1ec7 m\u1eb7t d\u1ef1ng 65 l\u1ed9 \u0111\u1ed1 - C\u00d4NG TY TNHH ALUMINUM VI\u1ec6T ECO","isPartOf":{"@id":"https:\/\/vieteco.com\/#website"},"primaryImageOfPage":{"@id":"https:\/\/vieteco.com\/san-pham\/he-mat-dung-65-lo-do\/#primaryimage"},"image":{"@id":"https:\/\/vieteco.com\/san-pham\/he-mat-dung-65-lo-do\/#primaryimage"},"thumbnailUrl":"https:\/\/vieteco.com\/wp-content\/uploads\/2023\/07\/65-lo-do-3.jpg","datePublished":"2023-07-15T03:58:02+00:00","dateModified":"2024-07-03T04:37:09+00:00","breadcrumb":{"@id":"https:\/\/vieteco.com\/san-pham\/he-mat-dung-65-lo-do\/#breadcrumb"},"inLanguage":"en-US","potentialAction":[{"@type":"ReadAction","target":["https:\/\/vieteco.com\/san-pham\/he-mat-dung-65-lo-do\/"]}]},{"@type":"ImageObject","inLanguage":"en-US","@id":"https:\/\/vieteco.com\/san-pham\/he-mat-dung-65-lo-do\/#primaryimage","url":"https:\/\/vieteco.com\/wp-content\/uploads\/2023\/07\/65-lo-do-3.jpg","contentUrl":"https:\/\/vieteco.com\/wp-content\/uploads\/2023\/07\/65-lo-do-3.jpg","width":2150,"height":2415},{"@type":"BreadcrumbList","@id":"https:\/\/vieteco.com\/san-pham\/he-mat-dung-65-lo-do\/#breadcrumb","itemListElement":[{"@type":"ListItem","position":1,"name":"Home","item":"https:\/\/vieteco.com\/"},{"@type":"ListItem","position":2,"name":"Shop","item":"https:\/\/vieteco.com\/shop\/"},{"@type":"ListItem","position":3,"name":"H\u1ec7 m\u1eb7t d\u1ef1ng 65 l\u1ed9 \u0111\u1ed1"}]},{"@type":"WebSite","@id":"https:\/\/vieteco.com\/#website","url":"https:\/\/vieteco.com\/","name":"C\u00d4NG TY TNHH ALUMINUM VI\u1ec6T ECO","description":"","publisher":{"@id":"https:\/\/vieteco.com\/#organization"},"potentialAction":[{"@type":"SearchAction","target":{"@type":"EntryPoint","urlTemplate":"https:\/\/vieteco.com\/?s={search_term_string}"},"query-input":{"@type":"PropertyValueSpecification","valueRequired":true,"valueName":"search_term_string"}}],"inLanguage":"en-US"},{"@type":"Organization","@id":"https:\/\/vieteco.com\/#organization","name":"C\u00d4NG TY TNHH ALUMINUM VI\u1ec6T ECO","url":"https:\/\/vieteco.com\/","logo":{"@type":"ImageObject","inLanguage":"en-US","@id":"https:\/\/vieteco.com\/#\/schema\/logo\/image\/","url":"https:\/\/vieteco.com\/wp-content\/uploads\/2025\/05\/cropped-Logo-VEC-doc-scaled-1.png","contentUrl":"https:\/\/vieteco.com\/wp-content\/uploads\/2025\/05\/cropped-Logo-VEC-doc-scaled-1.png","width":512,"height":512,"caption":"C\u00d4NG TY TNHH ALUMINUM VI\u1ec6T ECO"},"image":{"@id":"https:\/\/vieteco.com\/#\/schema\/logo\/image\/"}}]}},"_links":{"self":[{"href":"https:\/\/vieteco.com\/en\/wp-json\/wp\/v2\/product\/1132","targetHints":{"allow":["GET"]}}],"collection":[{"href":"https:\/\/vieteco.com\/en\/wp-json\/wp\/v2\/product"}],"about":[{"href":"https:\/\/vieteco.com\/en\/wp-json\/wp\/v2\/types\/product"}],"replies":[{"embeddable":true,"href":"https:\/\/vieteco.com\/en\/wp-json\/wp\/v2\/comments?post=1132"}],"wp:featuredmedia":[{"embeddable":true,"href":"https:\/\/vieteco.com\/en\/wp-json\/wp\/v2\/media\/1900"}],"wp:attachment":[{"href":"https:\/\/vieteco.com\/en\/wp-json\/wp\/v2\/media?parent=1132"}],"wp:term":[{"taxonomy":"product_brand","embeddable":true,"href":"https:\/\/vieteco.com\/en\/wp-json\/wp\/v2\/product_brand?post=1132"},{"taxonomy":"product_cat","embeddable":true,"href":"https:\/\/vieteco.com\/en\/wp-json\/wp\/v2\/product_cat?post=1132"},{"taxonomy":"product_tag","embeddable":true,"href":"https:\/\/vieteco.com\/en\/wp-json\/wp\/v2\/product_tag?post=1132"}],"curies":[{"name":"wp","href":"https:\/\/api.w.org\/{rel}","templated":true}]}}