{"id":1051,"date":"2023-07-10T02:56:48","date_gmt":"2023-07-10T02:56:48","guid":{"rendered":"https:\/\/vieteco.com\/?post_type=product&#038;p=1051"},"modified":"2024-11-01T08:16:38","modified_gmt":"2024-11-01T08:16:38","slug":"he-vat-canh-55-cua-di-2","status":"publish","type":"product","link":"https:\/\/vieteco.com\/en\/product\/he-vat-canh-55-cua-di-2\/","title":{"rendered":"Bevel edge 55 System - Door"},"content":{"rendered":"<p><span style=\"font-size: 100%;\">&#8211; H\u1ec7 c\u1eeda v\u00e1t c\u1ea1nh \u0111\u01b0\u1ee3c c\u1ea5u th\u00e0nh t\u1eeb 3 c\u00e2y Profile c\u00f3 \u0111\u1ed9 d\u00e0y linh ho\u1ea1t t\u1eeb 0.9mm \u0111\u1ebfn 1.4mm, \u0111\u00e1p \u1ee9ng \u0111a d\u1ea1ng nhu c\u1ea7u s\u1eed d\u1ee5ng t\u1eeb nh\u00e0 \u1edf \u0111\u1ebfn c\u00e1c c\u00f4ng tr\u00ecnh th\u01b0\u01a1ng m\u1ea1i. C\u00e1nh c\u1eeda c\u00f3 th\u1ec3 m\u1edf trong v\u00e0 m\u1edf ngo\u00e0i gi\u00fap t\u1ed1i \u01b0u kh\u00f4ng gian.<\/span><\/p>\n<p><span style=\"font-size: 100%;\">&#8211; \u0110\u1ed9 k\u00edn kh\u00edt tuy\u1ec7t v\u1eddi \u0111\u1ea3m b\u1ea3o c\u00e1ch \u00e2m, c\u00e1ch nhi\u1ec7t, ch\u1ecbu n\u01b0\u1edbc t\u1ed1t, h\u1ea1n ch\u1ebf r\u00f2 r\u1ec9 n\u01b0\u1edbc v\u00e0o b\u00ean trong.<\/span><\/p>\n<p><span style=\"font-size: 100%;\">&#8211; Gi\u1ea3m t\u1ea3i tr\u1ecdng c\u00f4ng tr\u00ecnh, gia c\u1ed1 \u0111\u1ed9 b\u1ec1n cho ki\u1ebfn tr\u00fac hi\u1ec7u qu\u1ea3.<\/span><\/p>\n<p><span style=\"font-size: 100%;\">&#8211; C\u00f3 kh\u1ea3 n\u0103ng ch\u1ecbu l\u1ef1c t\u1ed1t, h\u1ea1n ch\u1ebf b\u1ecb bi\u1ebfn d\u1ea1ng, xu\u1ed1ng c\u1ea5p.<\/span><\/p>\n<p><span style=\"font-size: 100%;\">&#8211; C\u00f4ng ngh\u1ec7 gh\u00e9p g\u00f3c ti\u00ean ti\u1ebfn c\u00f3 kh\u1ea3 n\u0103ng ch\u1ed1ng \u1ed3n v\u00e0 ch\u1ecbu nhi\u1ec7t c\u1ef1c t\u1ed1t.<\/span><\/p>\n<p><img loading=\"lazy\" decoding=\"async\" class=\"alignnone size-full wp-image-1817\" src=\"https:\/\/vieteco.com\/wp-content\/uploads\/2023\/07\/VC-55-cua-di-2-scaled.jpg\" alt=\"h\u1ec7 v\u00e1t c\u1ea1nh\" width=\"1810\" height=\"2560\" srcset=\"https:\/\/vieteco.com\/wp-content\/uploads\/2023\/07\/VC-55-cua-di-2-scaled.jpg 1810w, https:\/\/vieteco.com\/wp-content\/uploads\/2023\/07\/VC-55-cua-di-2-283x400.jpg 283w, https:\/\/vieteco.com\/wp-content\/uploads\/2023\/07\/VC-55-cua-di-2-724x1024.jpg 724w, https:\/\/vieteco.com\/wp-content\/uploads\/2023\/07\/VC-55-cua-di-2-318x450.jpg 318w, https:\/\/vieteco.com\/wp-content\/uploads\/2023\/07\/VC-55-cua-di-2-768x1086.jpg 768w, https:\/\/vieteco.com\/wp-content\/uploads\/2023\/07\/VC-55-cua-di-2-1086x1536.jpg 1086w, https:\/\/vieteco.com\/wp-content\/uploads\/2023\/07\/VC-55-cua-di-2-1448x2048.jpg 1448w, https:\/\/vieteco.com\/wp-content\/uploads\/2023\/07\/VC-55-cua-di-2-510x721.jpg 510w\" sizes=\"auto, (max-width: 1810px) 100vw, 1810px\" \/> <img loading=\"lazy\" decoding=\"async\" class=\"alignnone size-full wp-image-1816\" src=\"https:\/\/vieteco.com\/wp-content\/uploads\/2023\/07\/4-scaled.jpg\" alt=\"h\u1ec7 v\u00e1t c\u1ea1nh\" width=\"1810\" height=\"2560\" srcset=\"https:\/\/vieteco.com\/wp-content\/uploads\/2023\/07\/4-scaled.jpg 1810w, https:\/\/vieteco.com\/wp-content\/uploads\/2023\/07\/4-283x400.jpg 283w, https:\/\/vieteco.com\/wp-content\/uploads\/2023\/07\/4-724x1024.jpg 724w, https:\/\/vieteco.com\/wp-content\/uploads\/2023\/07\/4-318x450.jpg 318w, https:\/\/vieteco.com\/wp-content\/uploads\/2023\/07\/4-768x1086.jpg 768w, https:\/\/vieteco.com\/wp-content\/uploads\/2023\/07\/4-1086x1536.jpg 1086w, https:\/\/vieteco.com\/wp-content\/uploads\/2023\/07\/4-1448x2048.jpg 1448w, https:\/\/vieteco.com\/wp-content\/uploads\/2023\/07\/4-510x721.jpg 510w\" sizes=\"auto, (max-width: 1810px) 100vw, 1810px\" \/> <img loading=\"lazy\" decoding=\"async\" class=\"alignnone size-full wp-image-1814\" src=\"https:\/\/vieteco.com\/wp-content\/uploads\/2023\/07\/2-2-scaled.jpg\" alt=\"h\u1ec7 v\u00e1t c\u1ea1nh\" width=\"1810\" height=\"2560\" srcset=\"https:\/\/vieteco.com\/wp-content\/uploads\/2023\/07\/2-2-scaled.jpg 1810w, https:\/\/vieteco.com\/wp-content\/uploads\/2023\/07\/2-2-283x400.jpg 283w, https:\/\/vieteco.com\/wp-content\/uploads\/2023\/07\/2-2-724x1024.jpg 724w, https:\/\/vieteco.com\/wp-content\/uploads\/2023\/07\/2-2-318x450.jpg 318w, https:\/\/vieteco.com\/wp-content\/uploads\/2023\/07\/2-2-768x1086.jpg 768w, https:\/\/vieteco.com\/wp-content\/uploads\/2023\/07\/2-2-1086x1536.jpg 1086w, https:\/\/vieteco.com\/wp-content\/uploads\/2023\/07\/2-2-1448x2048.jpg 1448w, https:\/\/vieteco.com\/wp-content\/uploads\/2023\/07\/2-2-510x721.jpg 510w\" sizes=\"auto, (max-width: 1810px) 100vw, 1810px\" \/> <img loading=\"lazy\" decoding=\"async\" class=\"alignnone size-full wp-image-1813\" src=\"https:\/\/vieteco.com\/wp-content\/uploads\/2023\/07\/1-1-scaled.jpg\" alt=\"h\u1ec7 v\u00e1t c\u1ea1nh\" width=\"1811\" height=\"2560\" srcset=\"https:\/\/vieteco.com\/wp-content\/uploads\/2023\/07\/1-1-scaled.jpg 1811w, https:\/\/vieteco.com\/wp-content\/uploads\/2023\/07\/1-1-283x400.jpg 283w, https:\/\/vieteco.com\/wp-content\/uploads\/2023\/07\/1-1-725x1024.jpg 725w, https:\/\/vieteco.com\/wp-content\/uploads\/2023\/07\/1-1-318x450.jpg 318w, https:\/\/vieteco.com\/wp-content\/uploads\/2023\/07\/1-1-768x1085.jpg 768w, https:\/\/vieteco.com\/wp-content\/uploads\/2023\/07\/1-1-1087x1536.jpg 1087w, https:\/\/vieteco.com\/wp-content\/uploads\/2023\/07\/1-1-1449x2048.jpg 1449w, https:\/\/vieteco.com\/wp-content\/uploads\/2023\/07\/1-1-510x721.jpg 510w\" sizes=\"auto, (max-width: 1811px) 100vw, 1811px\" \/><\/p>","protected":false},"excerpt":{"rendered":"<p>C\u1eeda nh\u00f4m h\u1ec7 v\u00e1t c\u1ea1nh 55 l\u00e0 m\u1ed9t trong nh\u1eefng s\u1ea3n ph\u1ea9m ch\u1ee7 l\u1ef1c c\u1ee7a Nh\u00e0 m\u00e1y s\u1ea3n xu\u1ea5t Nh\u00f4m Vi\u1ec7t Eco, \u0111\u01b0\u1ee3c s\u1ea3n xu\u1ea5t tr\u00ean d\u00e2y chuy\u1ec1n hi\u1ec7n \u0111\u1ea1i, \u00e1p d\u1ee5ng ti\u00eau chu\u1ea9n xanh b\u1ea3o v\u1ec7 s\u1ee9c kh\u1ecfe ng\u01b0\u1eddi d\u00f9ng v\u00e0 \u0111\u1eb7c bi\u1ec7t c\u1ea3i ti\u1ebfn th\u00eam nhi\u1ec1u t\u00ednh n\u0103ng m\u1edbi nh\u01b0 t\u0103ng kh\u1ea3 \u0111\u1ed9 b\u1ec1n, kh\u1ea3 n\u0103ng ch\u1ed1ng co ng\u00f3t, cong v\u00eanh, hoen g\u1ec9.<\/p>","protected":false},"featured_media":1337,"comment_status":"open","ping_status":"closed","template":"","meta":[],"product_brand":[],"product_cat":[47,66],"product_tag":[],"class_list":{"0":"post-1051","1":"product","2":"type-product","3":"status-publish","4":"has-post-thumbnail","6":"product_cat-nhan-pae","7":"product_cat-he-vat-canh","9":"first","10":"instock","11":"shipping-taxable","12":"product-type-simple"},"yoast_head":"<!-- This site is optimized with the Yoast SEO plugin v24.9 - https:\/\/yoast.com\/wordpress\/plugins\/seo\/ -->\n<title>H\u1ec7 v\u00e1t c\u1ea1nh 55 c\u1eeda \u0111i - Chi\u1ebfn Th\u1eafng Trading Vietnam<\/title>\n<meta name=\"description\" content=\"C\u1eeda nh\u00f4m h\u1ec7 v\u00e1t c\u1ea1nh 55 l\u00e0 m\u1ed9t trong nh\u1eefng s\u1ea3n ph\u1ea9m ch\u1ee7 l\u1ef1c c\u1ee7a Chi\u1ebfn Th\u1eafng, \u0111\u01b0\u1ee3c s\u1ea3n xu\u1ea5t tr\u00ean d\u00e2y chuy\u1ec1n hi\u1ec7n \u0111\u1ea1i, \u00e1p d\u1ee5ng ti\u00eau chu\u1ea9n xanh b\u1ea3o v\u1ec7 s\u1ee9c kh\u1ecfe ng\u01b0\u1eddi d\u00f9ng.\" \/>\n<meta name=\"robots\" content=\"index, follow, max-snippet:-1, max-image-preview:large, max-video-preview:-1\" \/>\n<link rel=\"canonical\" href=\"https:\/\/vieteco.com\/en\/product\/he-vat-canh-55-cua-di-2\/\" \/>\n<meta property=\"og:locale\" content=\"en_US\" \/>\n<meta property=\"og:type\" content=\"article\" \/>\n<meta property=\"og:title\" content=\"H\u1ec7 v\u00e1t c\u1ea1nh 55 c\u1eeda \u0111i - Chi\u1ebfn Th\u1eafng Trading Vietnam\" \/>\n<meta property=\"og:description\" content=\"C\u1eeda nh\u00f4m h\u1ec7 v\u00e1t c\u1ea1nh 55 l\u00e0 m\u1ed9t trong nh\u1eefng s\u1ea3n ph\u1ea9m ch\u1ee7 l\u1ef1c c\u1ee7a Chi\u1ebfn Th\u1eafng, \u0111\u01b0\u1ee3c s\u1ea3n xu\u1ea5t tr\u00ean d\u00e2y chuy\u1ec1n hi\u1ec7n \u0111\u1ea1i, \u00e1p d\u1ee5ng ti\u00eau chu\u1ea9n xanh b\u1ea3o v\u1ec7 s\u1ee9c kh\u1ecfe ng\u01b0\u1eddi d\u00f9ng.\" \/>\n<meta property=\"og:url\" content=\"https:\/\/vieteco.com\/en\/product\/he-vat-canh-55-cua-di-2\/\" \/>\n<meta property=\"og:site_name\" content=\"C\u00d4NG TY TNHH ALUMINUM VI\u1ec6T ECO\" \/>\n<meta property=\"article:modified_time\" content=\"2024-11-01T08:16:38+00:00\" \/>\n<meta property=\"og:image\" content=\"https:\/\/vieteco.com\/wp-content\/uploads\/2023\/07\/vat-canh-55-1.jpg\" \/>\n\t<meta property=\"og:image:width\" content=\"783\" \/>\n\t<meta property=\"og:image:height\" content=\"815\" \/>\n\t<meta property=\"og:image:type\" content=\"image\/jpeg\" \/>\n<meta name=\"twitter:card\" content=\"summary_large_image\" \/>\n<meta name=\"twitter:label1\" content=\"Est. reading time\" \/>\n\t<meta name=\"twitter:data1\" content=\"2 minutes\" \/>\n<script type=\"application\/ld+json\" class=\"yoast-schema-graph\">{\"@context\":\"https:\/\/schema.org\",\"@graph\":[{\"@type\":\"WebPage\",\"@id\":\"https:\/\/vieteco.com\/san-pham\/he-vat-canh-55-cua-di-2\/\",\"url\":\"https:\/\/vieteco.com\/san-pham\/he-vat-canh-55-cua-di-2\/\",\"name\":\"H\u1ec7 v\u00e1t c\u1ea1nh 55 c\u1eeda \u0111i - Chi\u1ebfn Th\u1eafng Trading Vietnam\",\"isPartOf\":{\"@id\":\"https:\/\/vieteco.com\/#website\"},\"primaryImageOfPage\":{\"@id\":\"https:\/\/vieteco.com\/san-pham\/he-vat-canh-55-cua-di-2\/#primaryimage\"},\"image\":{\"@id\":\"https:\/\/vieteco.com\/san-pham\/he-vat-canh-55-cua-di-2\/#primaryimage\"},\"thumbnailUrl\":\"https:\/\/vieteco.com\/wp-content\/uploads\/2023\/07\/vat-canh-55-1.jpg\",\"datePublished\":\"2023-07-10T02:56:48+00:00\",\"dateModified\":\"2024-11-01T08:16:38+00:00\",\"description\":\"C\u1eeda nh\u00f4m h\u1ec7 v\u00e1t c\u1ea1nh 55 l\u00e0 m\u1ed9t trong nh\u1eefng s\u1ea3n ph\u1ea9m ch\u1ee7 l\u1ef1c c\u1ee7a Chi\u1ebfn Th\u1eafng, \u0111\u01b0\u1ee3c s\u1ea3n xu\u1ea5t tr\u00ean d\u00e2y chuy\u1ec1n hi\u1ec7n \u0111\u1ea1i, \u00e1p d\u1ee5ng ti\u00eau chu\u1ea9n xanh b\u1ea3o v\u1ec7 s\u1ee9c kh\u1ecfe ng\u01b0\u1eddi d\u00f9ng.\",\"breadcrumb\":{\"@id\":\"https:\/\/vieteco.com\/san-pham\/he-vat-canh-55-cua-di-2\/#breadcrumb\"},\"inLanguage\":\"en-US\",\"potentialAction\":[{\"@type\":\"ReadAction\",\"target\":[\"https:\/\/vieteco.com\/san-pham\/he-vat-canh-55-cua-di-2\/\"]}]},{\"@type\":\"ImageObject\",\"inLanguage\":\"en-US\",\"@id\":\"https:\/\/vieteco.com\/san-pham\/he-vat-canh-55-cua-di-2\/#primaryimage\",\"url\":\"https:\/\/vieteco.com\/wp-content\/uploads\/2023\/07\/vat-canh-55-1.jpg\",\"contentUrl\":\"https:\/\/vieteco.com\/wp-content\/uploads\/2023\/07\/vat-canh-55-1.jpg\",\"width\":783,\"height\":815},{\"@type\":\"BreadcrumbList\",\"@id\":\"https:\/\/vieteco.com\/san-pham\/he-vat-canh-55-cua-di-2\/#breadcrumb\",\"itemListElement\":[{\"@type\":\"ListItem\",\"position\":1,\"name\":\"Home\",\"item\":\"https:\/\/vieteco.com\/\"},{\"@type\":\"ListItem\",\"position\":2,\"name\":\"Shop\",\"item\":\"https:\/\/vieteco.com\/shop\/\"},{\"@type\":\"ListItem\",\"position\":3,\"name\":\"H\u1ec7 v\u00e1t c\u1ea1nh 55 c\u1eeda \u0111i\"}]},{\"@type\":\"WebSite\",\"@id\":\"https:\/\/vieteco.com\/#website\",\"url\":\"https:\/\/vieteco.com\/\",\"name\":\"C\u00d4NG TY TNHH ALUMINUM VI\u1ec6T ECO\",\"description\":\"\",\"publisher\":{\"@id\":\"https:\/\/vieteco.com\/#organization\"},\"potentialAction\":[{\"@type\":\"SearchAction\",\"target\":{\"@type\":\"EntryPoint\",\"urlTemplate\":\"https:\/\/vieteco.com\/?s={search_term_string}\"},\"query-input\":{\"@type\":\"PropertyValueSpecification\",\"valueRequired\":true,\"valueName\":\"search_term_string\"}}],\"inLanguage\":\"en-US\"},{\"@type\":\"Organization\",\"@id\":\"https:\/\/vieteco.com\/#organization\",\"name\":\"C\u00d4NG TY TNHH ALUMINUM VI\u1ec6T ECO\",\"url\":\"https:\/\/vieteco.com\/\",\"logo\":{\"@type\":\"ImageObject\",\"inLanguage\":\"en-US\",\"@id\":\"https:\/\/vieteco.com\/#\/schema\/logo\/image\/\",\"url\":\"https:\/\/vieteco.com\/wp-content\/uploads\/2025\/05\/cropped-Logo-VEC-doc-scaled-1.png\",\"contentUrl\":\"https:\/\/vieteco.com\/wp-content\/uploads\/2025\/05\/cropped-Logo-VEC-doc-scaled-1.png\",\"width\":512,\"height\":512,\"caption\":\"C\u00d4NG TY TNHH ALUMINUM VI\u1ec6T ECO\"},\"image\":{\"@id\":\"https:\/\/vieteco.com\/#\/schema\/logo\/image\/\"}}]}<\/script>\n<!-- \/ Yoast SEO plugin. -->","yoast_head_json":{"title":"H\u1ec7 v\u00e1t c\u1ea1nh 55 c\u1eeda \u0111i - Chi\u1ebfn Th\u1eafng Trading Vietnam","description":"C\u1eeda nh\u00f4m h\u1ec7 v\u00e1t c\u1ea1nh 55 l\u00e0 m\u1ed9t trong nh\u1eefng s\u1ea3n ph\u1ea9m ch\u1ee7 l\u1ef1c c\u1ee7a Chi\u1ebfn Th\u1eafng, \u0111\u01b0\u1ee3c s\u1ea3n xu\u1ea5t tr\u00ean d\u00e2y chuy\u1ec1n hi\u1ec7n \u0111\u1ea1i, \u00e1p d\u1ee5ng ti\u00eau chu\u1ea9n xanh b\u1ea3o v\u1ec7 s\u1ee9c kh\u1ecfe ng\u01b0\u1eddi d\u00f9ng.","robots":{"index":"index","follow":"follow","max-snippet":"max-snippet:-1","max-image-preview":"max-image-preview:large","max-video-preview":"max-video-preview:-1"},"canonical":"https:\/\/vieteco.com\/en\/product\/he-vat-canh-55-cua-di-2\/","og_locale":"en_US","og_type":"article","og_title":"H\u1ec7 v\u00e1t c\u1ea1nh 55 c\u1eeda \u0111i - Chi\u1ebfn Th\u1eafng Trading Vietnam","og_description":"C\u1eeda nh\u00f4m h\u1ec7 v\u00e1t c\u1ea1nh 55 l\u00e0 m\u1ed9t trong nh\u1eefng s\u1ea3n ph\u1ea9m ch\u1ee7 l\u1ef1c c\u1ee7a Chi\u1ebfn Th\u1eafng, \u0111\u01b0\u1ee3c s\u1ea3n xu\u1ea5t tr\u00ean d\u00e2y chuy\u1ec1n hi\u1ec7n \u0111\u1ea1i, \u00e1p d\u1ee5ng ti\u00eau chu\u1ea9n xanh b\u1ea3o v\u1ec7 s\u1ee9c kh\u1ecfe ng\u01b0\u1eddi d\u00f9ng.","og_url":"https:\/\/vieteco.com\/en\/product\/he-vat-canh-55-cua-di-2\/","og_site_name":"C\u00d4NG TY TNHH ALUMINUM VI\u1ec6T ECO","article_modified_time":"2024-11-01T08:16:38+00:00","og_image":[{"width":783,"height":815,"url":"https:\/\/vieteco.com\/wp-content\/uploads\/2023\/07\/vat-canh-55-1.jpg","type":"image\/jpeg"}],"twitter_card":"summary_large_image","twitter_misc":{"Est. reading time":"2 minutes"},"schema":{"@context":"https:\/\/schema.org","@graph":[{"@type":"WebPage","@id":"https:\/\/vieteco.com\/san-pham\/he-vat-canh-55-cua-di-2\/","url":"https:\/\/vieteco.com\/san-pham\/he-vat-canh-55-cua-di-2\/","name":"H\u1ec7 v\u00e1t c\u1ea1nh 55 c\u1eeda \u0111i - Chi\u1ebfn Th\u1eafng Trading Vietnam","isPartOf":{"@id":"https:\/\/vieteco.com\/#website"},"primaryImageOfPage":{"@id":"https:\/\/vieteco.com\/san-pham\/he-vat-canh-55-cua-di-2\/#primaryimage"},"image":{"@id":"https:\/\/vieteco.com\/san-pham\/he-vat-canh-55-cua-di-2\/#primaryimage"},"thumbnailUrl":"https:\/\/vieteco.com\/wp-content\/uploads\/2023\/07\/vat-canh-55-1.jpg","datePublished":"2023-07-10T02:56:48+00:00","dateModified":"2024-11-01T08:16:38+00:00","description":"C\u1eeda nh\u00f4m h\u1ec7 v\u00e1t c\u1ea1nh 55 l\u00e0 m\u1ed9t trong nh\u1eefng s\u1ea3n ph\u1ea9m ch\u1ee7 l\u1ef1c c\u1ee7a Chi\u1ebfn Th\u1eafng, \u0111\u01b0\u1ee3c s\u1ea3n xu\u1ea5t tr\u00ean d\u00e2y chuy\u1ec1n hi\u1ec7n \u0111\u1ea1i, \u00e1p d\u1ee5ng ti\u00eau chu\u1ea9n xanh b\u1ea3o v\u1ec7 s\u1ee9c kh\u1ecfe ng\u01b0\u1eddi d\u00f9ng.","breadcrumb":{"@id":"https:\/\/vieteco.com\/san-pham\/he-vat-canh-55-cua-di-2\/#breadcrumb"},"inLanguage":"en-US","potentialAction":[{"@type":"ReadAction","target":["https:\/\/vieteco.com\/san-pham\/he-vat-canh-55-cua-di-2\/"]}]},{"@type":"ImageObject","inLanguage":"en-US","@id":"https:\/\/vieteco.com\/san-pham\/he-vat-canh-55-cua-di-2\/#primaryimage","url":"https:\/\/vieteco.com\/wp-content\/uploads\/2023\/07\/vat-canh-55-1.jpg","contentUrl":"https:\/\/vieteco.com\/wp-content\/uploads\/2023\/07\/vat-canh-55-1.jpg","width":783,"height":815},{"@type":"BreadcrumbList","@id":"https:\/\/vieteco.com\/san-pham\/he-vat-canh-55-cua-di-2\/#breadcrumb","itemListElement":[{"@type":"ListItem","position":1,"name":"Home","item":"https:\/\/vieteco.com\/"},{"@type":"ListItem","position":2,"name":"Shop","item":"https:\/\/vieteco.com\/shop\/"},{"@type":"ListItem","position":3,"name":"H\u1ec7 v\u00e1t c\u1ea1nh 55 c\u1eeda \u0111i"}]},{"@type":"WebSite","@id":"https:\/\/vieteco.com\/#website","url":"https:\/\/vieteco.com\/","name":"C\u00d4NG TY TNHH ALUMINUM VI\u1ec6T ECO","description":"","publisher":{"@id":"https:\/\/vieteco.com\/#organization"},"potentialAction":[{"@type":"SearchAction","target":{"@type":"EntryPoint","urlTemplate":"https:\/\/vieteco.com\/?s={search_term_string}"},"query-input":{"@type":"PropertyValueSpecification","valueRequired":true,"valueName":"search_term_string"}}],"inLanguage":"en-US"},{"@type":"Organization","@id":"https:\/\/vieteco.com\/#organization","name":"C\u00d4NG TY TNHH ALUMINUM VI\u1ec6T ECO","url":"https:\/\/vieteco.com\/","logo":{"@type":"ImageObject","inLanguage":"en-US","@id":"https:\/\/vieteco.com\/#\/schema\/logo\/image\/","url":"https:\/\/vieteco.com\/wp-content\/uploads\/2025\/05\/cropped-Logo-VEC-doc-scaled-1.png","contentUrl":"https:\/\/vieteco.com\/wp-content\/uploads\/2025\/05\/cropped-Logo-VEC-doc-scaled-1.png","width":512,"height":512,"caption":"C\u00d4NG TY TNHH ALUMINUM VI\u1ec6T ECO"},"image":{"@id":"https:\/\/vieteco.com\/#\/schema\/logo\/image\/"}}]}},"_links":{"self":[{"href":"https:\/\/vieteco.com\/en\/wp-json\/wp\/v2\/product\/1051","targetHints":{"allow":["GET"]}}],"collection":[{"href":"https:\/\/vieteco.com\/en\/wp-json\/wp\/v2\/product"}],"about":[{"href":"https:\/\/vieteco.com\/en\/wp-json\/wp\/v2\/types\/product"}],"replies":[{"embeddable":true,"href":"https:\/\/vieteco.com\/en\/wp-json\/wp\/v2\/comments?post=1051"}],"wp:featuredmedia":[{"embeddable":true,"href":"https:\/\/vieteco.com\/en\/wp-json\/wp\/v2\/media\/1337"}],"wp:attachment":[{"href":"https:\/\/vieteco.com\/en\/wp-json\/wp\/v2\/media?parent=1051"}],"wp:term":[{"taxonomy":"product_brand","embeddable":true,"href":"https:\/\/vieteco.com\/en\/wp-json\/wp\/v2\/product_brand?post=1051"},{"taxonomy":"product_cat","embeddable":true,"href":"https:\/\/vieteco.com\/en\/wp-json\/wp\/v2\/product_cat?post=1051"},{"taxonomy":"product_tag","embeddable":true,"href":"https:\/\/vieteco.com\/en\/wp-json\/wp\/v2\/product_tag?post=1051"}],"curies":[{"name":"wp","href":"https:\/\/api.w.org\/{rel}","templated":true}]}}