{"id":1050,"date":"2023-07-10T02:55:11","date_gmt":"2023-07-10T02:55:11","guid":{"rendered":"https:\/\/vieteco.com\/?post_type=product&#038;p=1050"},"modified":"2024-07-03T04:38:39","modified_gmt":"2024-07-03T04:38:39","slug":"cua-so-he-xingfa-55-gan","status":"publish","type":"product","link":"https:\/\/vieteco.com\/en\/product\/cua-so-he-xingfa-55-gan\/","title":{"rendered":"Xingfa 55 standard System"},"content":{"rendered":"<p>&#8211; D\u1ec5 d\u00e0ng ti\u1ebfp nh\u1eadn \u00e1nh s\u00e1ng t\u1ef1 nhi\u00ean t\u1eeb b\u00ean ngo\u00e0i v\u00e0o, gi\u00fap ti\u1ebft ki\u1ec7m \u0111i\u1ec7n n\u0103ng.<\/p>\n<p>&#8211; Kh\u1ea3 n\u0103ng ch\u1ecbu l\u1ef1c, ch\u1ecbu nhi\u1ec7t v\u00e0 c\u00e1ch \u00e2m t\u1ed1t; \u0111\u1ed3ng th\u1eddi, ng\u0103n c\u1ea3n nh\u1eefng t\u00e1c \u0111\u1ed9ng x\u1ea5u t\u1eeb l\u1ef1c b\u00ean ngo\u00e0i.<\/p>\n<p>-T\u1ea1o n\u00ean m\u1ed9t kh\u00f4ng gian mang t\u00ednh hi\u1ec7n \u0111\u1ea1i, r\u1ed9ng r\u00e3i. T\u00ednh th\u1ea9m m\u1ef9 cao.<\/p>\n<p><img loading=\"lazy\" decoding=\"async\" class=\"alignnone size-full wp-image-1826\" src=\"https:\/\/vieteco.com\/wp-content\/uploads\/2023\/07\/1-2-scaled.jpg\" alt=\"\" width=\"1811\" height=\"2560\" srcset=\"https:\/\/vieteco.com\/wp-content\/uploads\/2023\/07\/1-2-scaled.jpg 1811w, https:\/\/vieteco.com\/wp-content\/uploads\/2023\/07\/1-2-283x400.jpg 283w, https:\/\/vieteco.com\/wp-content\/uploads\/2023\/07\/1-2-724x1024.jpg 724w, https:\/\/vieteco.com\/wp-content\/uploads\/2023\/07\/1-2-318x450.jpg 318w, https:\/\/vieteco.com\/wp-content\/uploads\/2023\/07\/1-2-768x1086.jpg 768w, https:\/\/vieteco.com\/wp-content\/uploads\/2023\/07\/1-2-1086x1536.jpg 1086w, https:\/\/vieteco.com\/wp-content\/uploads\/2023\/07\/1-2-1448x2048.jpg 1448w, https:\/\/vieteco.com\/wp-content\/uploads\/2023\/07\/1-2-510x721.jpg 510w\" sizes=\"auto, (max-width: 1811px) 100vw, 1811px\" \/> <img loading=\"lazy\" decoding=\"async\" class=\"alignnone size-full wp-image-1827\" src=\"https:\/\/vieteco.com\/wp-content\/uploads\/2023\/07\/1b-scaled.jpg\" alt=\"\" width=\"1811\" height=\"2560\" srcset=\"https:\/\/vieteco.com\/wp-content\/uploads\/2023\/07\/1b-scaled.jpg 1811w, https:\/\/vieteco.com\/wp-content\/uploads\/2023\/07\/1b-283x400.jpg 283w, https:\/\/vieteco.com\/wp-content\/uploads\/2023\/07\/1b-724x1024.jpg 724w, https:\/\/vieteco.com\/wp-content\/uploads\/2023\/07\/1b-318x450.jpg 318w, https:\/\/vieteco.com\/wp-content\/uploads\/2023\/07\/1b-768x1086.jpg 768w, https:\/\/vieteco.com\/wp-content\/uploads\/2023\/07\/1b-1086x1536.jpg 1086w, https:\/\/vieteco.com\/wp-content\/uploads\/2023\/07\/1b-1448x2048.jpg 1448w, https:\/\/vieteco.com\/wp-content\/uploads\/2023\/07\/1b-510x721.jpg 510w\" sizes=\"auto, (max-width: 1811px) 100vw, 1811px\" \/> <img loading=\"lazy\" decoding=\"async\" class=\"alignnone size-full wp-image-1828\" src=\"https:\/\/vieteco.com\/wp-content\/uploads\/2023\/07\/1c-scaled.jpg\" alt=\"\" width=\"1839\" height=\"2560\" srcset=\"https:\/\/vieteco.com\/wp-content\/uploads\/2023\/07\/1c-scaled.jpg 1839w, https:\/\/vieteco.com\/wp-content\/uploads\/2023\/07\/1c-287x400.jpg 287w, https:\/\/vieteco.com\/wp-content\/uploads\/2023\/07\/1c-736x1024.jpg 736w, https:\/\/vieteco.com\/wp-content\/uploads\/2023\/07\/1c-323x450.jpg 323w, https:\/\/vieteco.com\/wp-content\/uploads\/2023\/07\/1c-768x1069.jpg 768w, https:\/\/vieteco.com\/wp-content\/uploads\/2023\/07\/1c-1103x1536.jpg 1103w, https:\/\/vieteco.com\/wp-content\/uploads\/2023\/07\/1c-1471x2048.jpg 1471w, https:\/\/vieteco.com\/wp-content\/uploads\/2023\/07\/1c-510x710.jpg 510w\" sizes=\"auto, (max-width: 1839px) 100vw, 1839px\" \/> <img loading=\"lazy\" decoding=\"async\" class=\"alignnone size-full wp-image-1829\" src=\"https:\/\/vieteco.com\/wp-content\/uploads\/2023\/07\/xf-55-ban-canh-tieu-chuan-3-scaled.jpg\" alt=\"\" width=\"1781\" height=\"2560\" srcset=\"https:\/\/vieteco.com\/wp-content\/uploads\/2023\/07\/xf-55-ban-canh-tieu-chuan-3-scaled.jpg 1781w, https:\/\/vieteco.com\/wp-content\/uploads\/2023\/07\/xf-55-ban-canh-tieu-chuan-3-278x400.jpg 278w, https:\/\/vieteco.com\/wp-content\/uploads\/2023\/07\/xf-55-ban-canh-tieu-chuan-3-713x1024.jpg 713w, https:\/\/vieteco.com\/wp-content\/uploads\/2023\/07\/xf-55-ban-canh-tieu-chuan-3-313x450.jpg 313w, https:\/\/vieteco.com\/wp-content\/uploads\/2023\/07\/xf-55-ban-canh-tieu-chuan-3-768x1104.jpg 768w, https:\/\/vieteco.com\/wp-content\/uploads\/2023\/07\/xf-55-ban-canh-tieu-chuan-3-1069x1536.jpg 1069w, https:\/\/vieteco.com\/wp-content\/uploads\/2023\/07\/xf-55-ban-canh-tieu-chuan-3-1425x2048.jpg 1425w, https:\/\/vieteco.com\/wp-content\/uploads\/2023\/07\/xf-55-ban-canh-tieu-chuan-3-510x733.jpg 510w\" sizes=\"auto, (max-width: 1781px) 100vw, 1781px\" \/> <img loading=\"lazy\" decoding=\"async\" class=\"alignnone size-full wp-image-1830\" src=\"https:\/\/vieteco.com\/wp-content\/uploads\/2023\/07\/xf-55-ban-canh-tieu-chuan.jpg\" alt=\"\" width=\"2480\" height=\"2273\" srcset=\"https:\/\/vieteco.com\/wp-content\/uploads\/2023\/07\/xf-55-ban-canh-tieu-chuan.jpg 2480w, https:\/\/vieteco.com\/wp-content\/uploads\/2023\/07\/xf-55-ban-canh-tieu-chuan-400x367.jpg 400w, https:\/\/vieteco.com\/wp-content\/uploads\/2023\/07\/xf-55-ban-canh-tieu-chuan-1024x939.jpg 1024w, https:\/\/vieteco.com\/wp-content\/uploads\/2023\/07\/xf-55-ban-canh-tieu-chuan-450x412.jpg 450w, https:\/\/vieteco.com\/wp-content\/uploads\/2023\/07\/xf-55-ban-canh-tieu-chuan-768x704.jpg 768w, https:\/\/vieteco.com\/wp-content\/uploads\/2023\/07\/xf-55-ban-canh-tieu-chuan-1536x1408.jpg 1536w, https:\/\/vieteco.com\/wp-content\/uploads\/2023\/07\/xf-55-ban-canh-tieu-chuan-2048x1877.jpg 2048w, https:\/\/vieteco.com\/wp-content\/uploads\/2023\/07\/xf-55-ban-canh-tieu-chuan-510x467.jpg 510w\" sizes=\"auto, (max-width: 2480px) 100vw, 2480px\" \/><\/p>","protected":false},"excerpt":{"rendered":"<p>C\u1eeda nh\u00f4m xingfa v\u1eabn lu\u00f4n l\u00e0 s\u1ef1 l\u1ef1a ch\u1ecdn ho\u00e0n h\u1ea3o cho m\u1ecdi c\u00f4ng tr\u00ecnh t\u1ea1i Vi\u1ec7t Nam. D\u00f9 l\u00e0 c\u00f4ng tr\u00ecnh l\u1edbn hay nh\u1ecf, d\u00e2n d\u1ee5ng hay c\u00f4ng nghi\u1ec7p th\u00ec c\u1eeda nh\u00f4m xingfa v\u1eabn mang l\u1ea1i gi\u00e1 tr\u1ecb to l\u1edbn v\u1ec1 kinh t\u1ebf t\u1ebf v\u00e0 gi\u00e1 tr\u1ecb s\u1eed d\u1ee5ng l\u00e2u d\u00e0i.<\/p>","protected":false},"featured_media":1066,"comment_status":"open","ping_status":"closed","template":"","meta":[],"product_brand":[],"product_cat":[65],"product_tag":[],"class_list":{"0":"post-1050","1":"product","2":"type-product","3":"status-publish","4":"has-post-thumbnail","6":"product_cat-he-xingfa","8":"first","9":"instock","10":"shipping-taxable","11":"product-type-simple"},"yoast_head":"<!-- This site is optimized with the Yoast SEO plugin v24.9 - https:\/\/yoast.com\/wordpress\/plugins\/seo\/ -->\n<title>H\u1ec7 Xingfa 55 g\u00e2n b\u1ea3n c\u00e1nh ti\u00eau chu\u1ea9n - Chi\u1ebfn Th\u1eafng Trading Vietnam<\/title>\n<meta name=\"description\" content=\"C\u1eeda nh\u00f4m xingfa v\u1eabn lu\u00f4n l\u00e0 s\u1ef1 l\u1ef1a ch\u1ecdn ho\u00e0n h\u1ea3o cho m\u1ecdi c\u00f4ng tr\u00ecnh t\u1ea1i Vi\u1ec7t Nam. D\u00f9 l\u00e0 c\u00f4ng tr\u00ecnh l\u1edbn hay nh\u1ecf, d\u00e2n d\u1ee5ng hay c\u00f4ng nghi\u1ec7p th\u00ec c\u1eeda nh\u00f4m xingfa v\u1eabn mang l\u1ea1i gi\u00e1 tr\u1ecb to l\u1edbn v\u1ec1 kinh t\u1ebf t\u1ebf v\u00e0 gi\u00e1 tr\u1ecb s\u1eed d\u1ee5ng l\u00e2u d\u00e0i.\" \/>\n<meta name=\"robots\" content=\"index, follow, max-snippet:-1, max-image-preview:large, max-video-preview:-1\" \/>\n<link rel=\"canonical\" href=\"https:\/\/vieteco.com\/en\/product\/cua-so-he-xingfa-55-gan\/\" \/>\n<meta property=\"og:locale\" content=\"en_US\" \/>\n<meta property=\"og:type\" content=\"article\" \/>\n<meta property=\"og:title\" content=\"H\u1ec7 Xingfa 55 g\u00e2n b\u1ea3n c\u00e1nh ti\u00eau chu\u1ea9n - Chi\u1ebfn Th\u1eafng Trading Vietnam\" \/>\n<meta property=\"og:description\" content=\"C\u1eeda nh\u00f4m xingfa v\u1eabn lu\u00f4n l\u00e0 s\u1ef1 l\u1ef1a ch\u1ecdn ho\u00e0n h\u1ea3o cho m\u1ecdi c\u00f4ng tr\u00ecnh t\u1ea1i Vi\u1ec7t Nam. D\u00f9 l\u00e0 c\u00f4ng tr\u00ecnh l\u1edbn hay nh\u1ecf, d\u00e2n d\u1ee5ng hay c\u00f4ng nghi\u1ec7p th\u00ec c\u1eeda nh\u00f4m xingfa v\u1eabn mang l\u1ea1i gi\u00e1 tr\u1ecb to l\u1edbn v\u1ec1 kinh t\u1ebf t\u1ebf v\u00e0 gi\u00e1 tr\u1ecb s\u1eed d\u1ee5ng l\u00e2u d\u00e0i.\" \/>\n<meta property=\"og:url\" content=\"https:\/\/vieteco.com\/en\/product\/cua-so-he-xingfa-55-gan\/\" \/>\n<meta property=\"og:site_name\" content=\"C\u00d4NG TY TNHH ALUMINUM VI\u1ec6T ECO\" \/>\n<meta property=\"article:modified_time\" content=\"2024-07-03T04:38:39+00:00\" \/>\n<meta property=\"og:image\" content=\"https:\/\/vieteco.com\/wp-content\/uploads\/2023\/07\/xingfa-gan-55-1024x1024.jpg\" \/>\n\t<meta property=\"og:image:width\" content=\"1024\" \/>\n\t<meta property=\"og:image:height\" content=\"1024\" \/>\n\t<meta property=\"og:image:type\" content=\"image\/jpeg\" \/>\n<meta name=\"twitter:card\" content=\"summary_large_image\" \/>\n<meta name=\"twitter:label1\" content=\"Est. reading time\" \/>\n\t<meta name=\"twitter:data1\" content=\"2 minutes\" \/>\n<script type=\"application\/ld+json\" class=\"yoast-schema-graph\">{\"@context\":\"https:\/\/schema.org\",\"@graph\":[{\"@type\":\"WebPage\",\"@id\":\"https:\/\/vieteco.com\/san-pham\/cua-so-he-xingfa-55-gan\/\",\"url\":\"https:\/\/vieteco.com\/san-pham\/cua-so-he-xingfa-55-gan\/\",\"name\":\"H\u1ec7 Xingfa 55 g\u00e2n b\u1ea3n c\u00e1nh ti\u00eau chu\u1ea9n - Chi\u1ebfn Th\u1eafng Trading Vietnam\",\"isPartOf\":{\"@id\":\"https:\/\/vieteco.com\/#website\"},\"primaryImageOfPage\":{\"@id\":\"https:\/\/vieteco.com\/san-pham\/cua-so-he-xingfa-55-gan\/#primaryimage\"},\"image\":{\"@id\":\"https:\/\/vieteco.com\/san-pham\/cua-so-he-xingfa-55-gan\/#primaryimage\"},\"thumbnailUrl\":\"https:\/\/vieteco.com\/wp-content\/uploads\/2023\/07\/xingfa-gan-55-e1689148765470.jpg\",\"datePublished\":\"2023-07-10T02:55:11+00:00\",\"dateModified\":\"2024-07-03T04:38:39+00:00\",\"description\":\"C\u1eeda nh\u00f4m xingfa v\u1eabn lu\u00f4n l\u00e0 s\u1ef1 l\u1ef1a ch\u1ecdn ho\u00e0n h\u1ea3o cho m\u1ecdi c\u00f4ng tr\u00ecnh t\u1ea1i Vi\u1ec7t Nam. D\u00f9 l\u00e0 c\u00f4ng tr\u00ecnh l\u1edbn hay nh\u1ecf, d\u00e2n d\u1ee5ng hay c\u00f4ng nghi\u1ec7p th\u00ec c\u1eeda nh\u00f4m xingfa v\u1eabn mang l\u1ea1i gi\u00e1 tr\u1ecb to l\u1edbn v\u1ec1 kinh t\u1ebf t\u1ebf v\u00e0 gi\u00e1 tr\u1ecb s\u1eed d\u1ee5ng l\u00e2u d\u00e0i.\",\"breadcrumb\":{\"@id\":\"https:\/\/vieteco.com\/san-pham\/cua-so-he-xingfa-55-gan\/#breadcrumb\"},\"inLanguage\":\"en-US\",\"potentialAction\":[{\"@type\":\"ReadAction\",\"target\":[\"https:\/\/vieteco.com\/san-pham\/cua-so-he-xingfa-55-gan\/\"]}]},{\"@type\":\"ImageObject\",\"inLanguage\":\"en-US\",\"@id\":\"https:\/\/vieteco.com\/san-pham\/cua-so-he-xingfa-55-gan\/#primaryimage\",\"url\":\"https:\/\/vieteco.com\/wp-content\/uploads\/2023\/07\/xingfa-gan-55-e1689148765470.jpg\",\"contentUrl\":\"https:\/\/vieteco.com\/wp-content\/uploads\/2023\/07\/xingfa-gan-55-e1689148765470.jpg\",\"width\":510,\"height\":510},{\"@type\":\"BreadcrumbList\",\"@id\":\"https:\/\/vieteco.com\/san-pham\/cua-so-he-xingfa-55-gan\/#breadcrumb\",\"itemListElement\":[{\"@type\":\"ListItem\",\"position\":1,\"name\":\"Home\",\"item\":\"https:\/\/vieteco.com\/\"},{\"@type\":\"ListItem\",\"position\":2,\"name\":\"Shop\",\"item\":\"https:\/\/vieteco.com\/shop\/\"},{\"@type\":\"ListItem\",\"position\":3,\"name\":\"H\u1ec7 Xingfa 55 g\u00e2n b\u1ea3n c\u00e1nh ti\u00eau chu\u1ea9n\"}]},{\"@type\":\"WebSite\",\"@id\":\"https:\/\/vieteco.com\/#website\",\"url\":\"https:\/\/vieteco.com\/\",\"name\":\"C\u00d4NG TY TNHH ALUMINUM VI\u1ec6T ECO\",\"description\":\"\",\"publisher\":{\"@id\":\"https:\/\/vieteco.com\/#organization\"},\"potentialAction\":[{\"@type\":\"SearchAction\",\"target\":{\"@type\":\"EntryPoint\",\"urlTemplate\":\"https:\/\/vieteco.com\/?s={search_term_string}\"},\"query-input\":{\"@type\":\"PropertyValueSpecification\",\"valueRequired\":true,\"valueName\":\"search_term_string\"}}],\"inLanguage\":\"en-US\"},{\"@type\":\"Organization\",\"@id\":\"https:\/\/vieteco.com\/#organization\",\"name\":\"C\u00d4NG TY TNHH ALUMINUM VI\u1ec6T ECO\",\"url\":\"https:\/\/vieteco.com\/\",\"logo\":{\"@type\":\"ImageObject\",\"inLanguage\":\"en-US\",\"@id\":\"https:\/\/vieteco.com\/#\/schema\/logo\/image\/\",\"url\":\"https:\/\/vieteco.com\/wp-content\/uploads\/2025\/05\/cropped-Logo-VEC-doc-scaled-1.png\",\"contentUrl\":\"https:\/\/vieteco.com\/wp-content\/uploads\/2025\/05\/cropped-Logo-VEC-doc-scaled-1.png\",\"width\":512,\"height\":512,\"caption\":\"C\u00d4NG TY TNHH ALUMINUM VI\u1ec6T ECO\"},\"image\":{\"@id\":\"https:\/\/vieteco.com\/#\/schema\/logo\/image\/\"}}]}<\/script>\n<!-- \/ Yoast SEO plugin. -->","yoast_head_json":{"title":"H\u1ec7 Xingfa 55 g\u00e2n b\u1ea3n c\u00e1nh ti\u00eau chu\u1ea9n - Chi\u1ebfn Th\u1eafng Trading Vietnam","description":"C\u1eeda nh\u00f4m xingfa v\u1eabn lu\u00f4n l\u00e0 s\u1ef1 l\u1ef1a ch\u1ecdn ho\u00e0n h\u1ea3o cho m\u1ecdi c\u00f4ng tr\u00ecnh t\u1ea1i Vi\u1ec7t Nam. D\u00f9 l\u00e0 c\u00f4ng tr\u00ecnh l\u1edbn hay nh\u1ecf, d\u00e2n d\u1ee5ng hay c\u00f4ng nghi\u1ec7p th\u00ec c\u1eeda nh\u00f4m xingfa v\u1eabn mang l\u1ea1i gi\u00e1 tr\u1ecb to l\u1edbn v\u1ec1 kinh t\u1ebf t\u1ebf v\u00e0 gi\u00e1 tr\u1ecb s\u1eed d\u1ee5ng l\u00e2u d\u00e0i.","robots":{"index":"index","follow":"follow","max-snippet":"max-snippet:-1","max-image-preview":"max-image-preview:large","max-video-preview":"max-video-preview:-1"},"canonical":"https:\/\/vieteco.com\/en\/product\/cua-so-he-xingfa-55-gan\/","og_locale":"en_US","og_type":"article","og_title":"H\u1ec7 Xingfa 55 g\u00e2n b\u1ea3n c\u00e1nh ti\u00eau chu\u1ea9n - Chi\u1ebfn Th\u1eafng Trading Vietnam","og_description":"C\u1eeda nh\u00f4m xingfa v\u1eabn lu\u00f4n l\u00e0 s\u1ef1 l\u1ef1a ch\u1ecdn ho\u00e0n h\u1ea3o cho m\u1ecdi c\u00f4ng tr\u00ecnh t\u1ea1i Vi\u1ec7t Nam. D\u00f9 l\u00e0 c\u00f4ng tr\u00ecnh l\u1edbn hay nh\u1ecf, d\u00e2n d\u1ee5ng hay c\u00f4ng nghi\u1ec7p th\u00ec c\u1eeda nh\u00f4m xingfa v\u1eabn mang l\u1ea1i gi\u00e1 tr\u1ecb to l\u1edbn v\u1ec1 kinh t\u1ebf t\u1ebf v\u00e0 gi\u00e1 tr\u1ecb s\u1eed d\u1ee5ng l\u00e2u d\u00e0i.","og_url":"https:\/\/vieteco.com\/en\/product\/cua-so-he-xingfa-55-gan\/","og_site_name":"C\u00d4NG TY TNHH ALUMINUM VI\u1ec6T ECO","article_modified_time":"2024-07-03T04:38:39+00:00","og_image":[{"width":1024,"height":1024,"url":"https:\/\/vieteco.com\/wp-content\/uploads\/2023\/07\/xingfa-gan-55-1024x1024.jpg","type":"image\/jpeg"}],"twitter_card":"summary_large_image","twitter_misc":{"Est. reading time":"2 minutes"},"schema":{"@context":"https:\/\/schema.org","@graph":[{"@type":"WebPage","@id":"https:\/\/vieteco.com\/san-pham\/cua-so-he-xingfa-55-gan\/","url":"https:\/\/vieteco.com\/san-pham\/cua-so-he-xingfa-55-gan\/","name":"H\u1ec7 Xingfa 55 g\u00e2n b\u1ea3n c\u00e1nh ti\u00eau chu\u1ea9n - Chi\u1ebfn Th\u1eafng Trading Vietnam","isPartOf":{"@id":"https:\/\/vieteco.com\/#website"},"primaryImageOfPage":{"@id":"https:\/\/vieteco.com\/san-pham\/cua-so-he-xingfa-55-gan\/#primaryimage"},"image":{"@id":"https:\/\/vieteco.com\/san-pham\/cua-so-he-xingfa-55-gan\/#primaryimage"},"thumbnailUrl":"https:\/\/vieteco.com\/wp-content\/uploads\/2023\/07\/xingfa-gan-55-e1689148765470.jpg","datePublished":"2023-07-10T02:55:11+00:00","dateModified":"2024-07-03T04:38:39+00:00","description":"C\u1eeda nh\u00f4m xingfa v\u1eabn lu\u00f4n l\u00e0 s\u1ef1 l\u1ef1a ch\u1ecdn ho\u00e0n h\u1ea3o cho m\u1ecdi c\u00f4ng tr\u00ecnh t\u1ea1i Vi\u1ec7t Nam. D\u00f9 l\u00e0 c\u00f4ng tr\u00ecnh l\u1edbn hay nh\u1ecf, d\u00e2n d\u1ee5ng hay c\u00f4ng nghi\u1ec7p th\u00ec c\u1eeda nh\u00f4m xingfa v\u1eabn mang l\u1ea1i gi\u00e1 tr\u1ecb to l\u1edbn v\u1ec1 kinh t\u1ebf t\u1ebf v\u00e0 gi\u00e1 tr\u1ecb s\u1eed d\u1ee5ng l\u00e2u d\u00e0i.","breadcrumb":{"@id":"https:\/\/vieteco.com\/san-pham\/cua-so-he-xingfa-55-gan\/#breadcrumb"},"inLanguage":"en-US","potentialAction":[{"@type":"ReadAction","target":["https:\/\/vieteco.com\/san-pham\/cua-so-he-xingfa-55-gan\/"]}]},{"@type":"ImageObject","inLanguage":"en-US","@id":"https:\/\/vieteco.com\/san-pham\/cua-so-he-xingfa-55-gan\/#primaryimage","url":"https:\/\/vieteco.com\/wp-content\/uploads\/2023\/07\/xingfa-gan-55-e1689148765470.jpg","contentUrl":"https:\/\/vieteco.com\/wp-content\/uploads\/2023\/07\/xingfa-gan-55-e1689148765470.jpg","width":510,"height":510},{"@type":"BreadcrumbList","@id":"https:\/\/vieteco.com\/san-pham\/cua-so-he-xingfa-55-gan\/#breadcrumb","itemListElement":[{"@type":"ListItem","position":1,"name":"Home","item":"https:\/\/vieteco.com\/"},{"@type":"ListItem","position":2,"name":"Shop","item":"https:\/\/vieteco.com\/shop\/"},{"@type":"ListItem","position":3,"name":"H\u1ec7 Xingfa 55 g\u00e2n b\u1ea3n c\u00e1nh ti\u00eau chu\u1ea9n"}]},{"@type":"WebSite","@id":"https:\/\/vieteco.com\/#website","url":"https:\/\/vieteco.com\/","name":"C\u00d4NG TY TNHH ALUMINUM VI\u1ec6T ECO","description":"","publisher":{"@id":"https:\/\/vieteco.com\/#organization"},"potentialAction":[{"@type":"SearchAction","target":{"@type":"EntryPoint","urlTemplate":"https:\/\/vieteco.com\/?s={search_term_string}"},"query-input":{"@type":"PropertyValueSpecification","valueRequired":true,"valueName":"search_term_string"}}],"inLanguage":"en-US"},{"@type":"Organization","@id":"https:\/\/vieteco.com\/#organization","name":"C\u00d4NG TY TNHH ALUMINUM VI\u1ec6T ECO","url":"https:\/\/vieteco.com\/","logo":{"@type":"ImageObject","inLanguage":"en-US","@id":"https:\/\/vieteco.com\/#\/schema\/logo\/image\/","url":"https:\/\/vieteco.com\/wp-content\/uploads\/2025\/05\/cropped-Logo-VEC-doc-scaled-1.png","contentUrl":"https:\/\/vieteco.com\/wp-content\/uploads\/2025\/05\/cropped-Logo-VEC-doc-scaled-1.png","width":512,"height":512,"caption":"C\u00d4NG TY TNHH ALUMINUM VI\u1ec6T ECO"},"image":{"@id":"https:\/\/vieteco.com\/#\/schema\/logo\/image\/"}}]}},"_links":{"self":[{"href":"https:\/\/vieteco.com\/en\/wp-json\/wp\/v2\/product\/1050","targetHints":{"allow":["GET"]}}],"collection":[{"href":"https:\/\/vieteco.com\/en\/wp-json\/wp\/v2\/product"}],"about":[{"href":"https:\/\/vieteco.com\/en\/wp-json\/wp\/v2\/types\/product"}],"replies":[{"embeddable":true,"href":"https:\/\/vieteco.com\/en\/wp-json\/wp\/v2\/comments?post=1050"}],"wp:featuredmedia":[{"embeddable":true,"href":"https:\/\/vieteco.com\/en\/wp-json\/wp\/v2\/media\/1066"}],"wp:attachment":[{"href":"https:\/\/vieteco.com\/en\/wp-json\/wp\/v2\/media?parent=1050"}],"wp:term":[{"taxonomy":"product_brand","embeddable":true,"href":"https:\/\/vieteco.com\/en\/wp-json\/wp\/v2\/product_brand?post=1050"},{"taxonomy":"product_cat","embeddable":true,"href":"https:\/\/vieteco.com\/en\/wp-json\/wp\/v2\/product_cat?post=1050"},{"taxonomy":"product_tag","embeddable":true,"href":"https:\/\/vieteco.com\/en\/wp-json\/wp\/v2\/product_tag?post=1050"}],"curies":[{"name":"wp","href":"https:\/\/api.w.org\/{rel}","templated":true}]}}