{"id":105,"date":"2022-12-28T03:28:48","date_gmt":"2022-12-28T03:28:48","guid":{"rendered":"https:\/\/vieteco.com\/?post_type=product&#038;p=105"},"modified":"2025-02-11T04:45:06","modified_gmt":"2025-02-11T04:45:06","slug":"schuco-aws-90-si-maximum-thermal-insulation-3","status":"publish","type":"product","link":"https:\/\/vieteco.com\/en\/product\/schuco-aws-90-si-maximum-thermal-insulation-3\/","title":{"rendered":"BEVEL EDGE 55 SYSTEM"},"content":{"rendered":"<p>Nh\u00e3n hi\u1ec7u: Seaaluk-I &#8211; Nh\u00f4m ti\u00eau chu\u1ea9n ch\u00e2u \u00c2u<\/p>\n<p><strong>Th\u00f4ng s\u1ed1 k\u0129 thu\u1eadt:<\/strong><\/p>\n<p><img loading=\"lazy\" decoding=\"async\" class=\"alignnone size-full wp-image-2641\" src=\"https:\/\/vieteco.com\/wp-content\/uploads\/2024\/01\/HSNL-Divic6-1-scaled-1.jpg\" alt=\"\" width=\"1810\" height=\"2560\" srcset=\"https:\/\/vieteco.com\/wp-content\/uploads\/2024\/01\/HSNL-Divic6-1-scaled-1.jpg 1810w, https:\/\/vieteco.com\/wp-content\/uploads\/2024\/01\/HSNL-Divic6-1-scaled-1-283x400.jpg 283w, https:\/\/vieteco.com\/wp-content\/uploads\/2024\/01\/HSNL-Divic6-1-scaled-1-724x1024.jpg 724w, https:\/\/vieteco.com\/wp-content\/uploads\/2024\/01\/HSNL-Divic6-1-scaled-1-318x450.jpg 318w, https:\/\/vieteco.com\/wp-content\/uploads\/2024\/01\/HSNL-Divic6-1-scaled-1-768x1086.jpg 768w, https:\/\/vieteco.com\/wp-content\/uploads\/2024\/01\/HSNL-Divic6-1-scaled-1-1086x1536.jpg 1086w, https:\/\/vieteco.com\/wp-content\/uploads\/2024\/01\/HSNL-Divic6-1-scaled-1-1448x2048.jpg 1448w, https:\/\/vieteco.com\/wp-content\/uploads\/2024\/01\/HSNL-Divic6-1-scaled-1-8x12.jpg 8w, https:\/\/vieteco.com\/wp-content\/uploads\/2024\/01\/HSNL-Divic6-1-scaled-1-510x721.jpg 510w\" sizes=\"auto, (max-width: 1810px) 100vw, 1810px\" \/><\/p>\n<p><img loading=\"lazy\" decoding=\"async\" class=\"alignnone size-full wp-image-2644\" src=\"https:\/\/vieteco.com\/wp-content\/uploads\/2022\/12\/ban-canh-tieu-chuan-1024x934-1.jpg\" alt=\"\" width=\"1024\" height=\"934\" srcset=\"https:\/\/vieteco.com\/wp-content\/uploads\/2022\/12\/ban-canh-tieu-chuan-1024x934-1.jpg 1024w, https:\/\/vieteco.com\/wp-content\/uploads\/2022\/12\/ban-canh-tieu-chuan-1024x934-1-400x365.jpg 400w, https:\/\/vieteco.com\/wp-content\/uploads\/2022\/12\/ban-canh-tieu-chuan-1024x934-1-450x410.jpg 450w, https:\/\/vieteco.com\/wp-content\/uploads\/2022\/12\/ban-canh-tieu-chuan-1024x934-1-768x701.jpg 768w, https:\/\/vieteco.com\/wp-content\/uploads\/2022\/12\/ban-canh-tieu-chuan-1024x934-1-13x12.jpg 13w, https:\/\/vieteco.com\/wp-content\/uploads\/2022\/12\/ban-canh-tieu-chuan-1024x934-1-510x465.jpg 510w\" sizes=\"auto, (max-width: 1024px) 100vw, 1024px\" \/><\/p>\n<p>&nbsp;<\/p>\n<p><strong>Li\u00ean h\u1ec7:<\/strong><\/p>\n<p><em>\u00a0Nh\u00e0 m\u00e1y 1:<\/em>\u00a0\u0110\u01b0\u1eddng N1-1, KCN \u0110\u1ea1i \u0110\u1ed3ng \u2013 Ho\u00e0n S\u01a1n, X\u00e3 Ho\u00e0n S\u01a1n, Huy\u1ec7n Ti\u00ean Du, T\u1ec9nh B\u1eafc Ninh, Vi\u1ec7t Nam<\/p>\n<p><em>Nh\u00e0 m\u00e1y 2:<\/em>\u00a0L\u00f4 II-2.5, \u0110\u01b0\u1eddng N2, KCN Qu\u1ebf V\u00f5 II, X\u00e3 Ng\u1ecdc X\u00e1, Huy\u1ec7n Qu\u1ebf V\u00f5, T\u1ec9nh B\u1eafc Ninh, Vi\u1ec7t Nam<\/p>\n<p><em>Hotline:<\/em>\u00a0(+84) 915.665.693<\/p>\n<p><em>Email:<\/em>\u00a0info@chienthangtrading.com<\/p>","protected":false},"excerpt":{"rendered":"<p>H\u1ec7 nh\u00f4m c\u1ea3i ti\u1ebfn \u01b0u vi\u1ec7t h\u01a1n cho c\u00e1c c\u00f4ng tr\u00ecnh<\/p>\n<p>Nh\u00e3n hi\u1ec7u Seaaluk-I \u0111\u01b0\u1ee3c s\u1ea3n xu\u1ea5t theo ti\u00eau chu\u1ea9n Ch\u00e2u \u00c2u, \u0111\u00e1p \u1ee9ng \u0111\u1ea7y \u0111\u1ee7 nhu c\u1ea7u v\u1ec1 th\u1ea9m m\u1ef9 v\u00e0 \u0111\u1ed9 b\u1ec1n b\u1ec9 cho ng\u01b0\u1eddi s\u1eed d\u1ee5ng.<\/p>\n<p><strong>M\u00f4 t\u1ea3:<\/strong><\/p>\n<ul>\n<li>H\u1ec7 v\u00e1t c\u1ea1nh t\u00edch h\u1ee3p \u0111\u01b0\u1ee3c v\u1edbi nhi\u1ec1u kh\u00f4ng gian thi\u1ebft k\u1ebf<\/li>\n<li>C\u00f4ng ngh\u1ec7 m\u1edbi gi\u00fap t\u0103ng \u0111\u1ed9 b\u00ean &#8211; ch\u1ed1ng cong v\u00eanh<\/li>\n<li>\u0110\u01b0\u1ee3c s\u1ea3n xu\u1ea5t t\u1ea1i nh\u00e0 m\u00e1y Chi\u1ebfn Th\u1eafng \u2013 \u0110\u01a1n v\u1ecb uy t\u00edn, \u0111\u00e3 c\u00f3 kinh nghi\u1ec7m 25 n\u0103m trong ng\u00e0nh Nh\u00f4m<\/li>\n<\/ul>","protected":false},"featured_media":2643,"comment_status":"open","ping_status":"closed","template":"","meta":[],"product_brand":[],"product_cat":[46],"product_tag":[],"class_list":{"0":"post-105","1":"product","2":"type-product","3":"status-publish","4":"has-post-thumbnail","6":"product_cat-seaaluk","8":"first","9":"instock","10":"shipping-taxable","11":"product-type-simple"},"yoast_head":"<!-- This site is optimized with the Yoast SEO plugin v24.9 - https:\/\/yoast.com\/wordpress\/plugins\/seo\/ -->\n<title>H\u1ec6 V\u00c1T C\u1ea0NH 55 - C\u00d4NG TY TNHH ALUMINUM VI\u1ec6T ECO<\/title>\n<meta name=\"robots\" content=\"index, follow, max-snippet:-1, max-image-preview:large, max-video-preview:-1\" \/>\n<link rel=\"canonical\" href=\"https:\/\/vieteco.com\/en\/product\/schuco-aws-90-si-maximum-thermal-insulation-3\/\" \/>\n<meta property=\"og:locale\" content=\"en_US\" \/>\n<meta property=\"og:type\" content=\"article\" \/>\n<meta property=\"og:title\" content=\"H\u1ec6 V\u00c1T C\u1ea0NH 55 - C\u00d4NG TY TNHH ALUMINUM VI\u1ec6T ECO\" \/>\n<meta property=\"og:description\" content=\"H\u1ec7 nh\u00f4m c\u1ea3i ti\u1ebfn \u01b0u vi\u1ec7t h\u01a1n cho c\u00e1c c\u00f4ng tr\u00ecnh  Nh\u00e3n hi\u1ec7u Seaaluk-I \u0111\u01b0\u1ee3c s\u1ea3n xu\u1ea5t theo ti\u00eau chu\u1ea9n Ch\u00e2u \u00c2u, \u0111\u00e1p \u1ee9ng \u0111\u1ea7y \u0111\u1ee7 nhu c\u1ea7u v\u1ec1 th\u1ea9m m\u1ef9 v\u00e0 \u0111\u1ed9 b\u1ec1n b\u1ec9 cho ng\u01b0\u1eddi s\u1eed d\u1ee5ng.  M\u00f4 t\u1ea3:   H\u1ec7 v\u00e1t c\u1ea1nh t\u00edch h\u1ee3p \u0111\u01b0\u1ee3c v\u1edbi nhi\u1ec1u kh\u00f4ng gian thi\u1ebft k\u1ebf  C\u00f4ng ngh\u1ec7 m\u1edbi gi\u00fap t\u0103ng \u0111\u1ed9 b\u00ean - ch\u1ed1ng cong v\u00eanh  \u0110\u01b0\u1ee3c s\u1ea3n xu\u1ea5t t\u1ea1i nh\u00e0 m\u00e1y Chi\u1ebfn Th\u1eafng \u2013 \u0110\u01a1n v\u1ecb uy t\u00edn, \u0111\u00e3 c\u00f3 kinh nghi\u1ec7m 25 n\u0103m trong ng\u00e0nh Nh\u00f4m\" \/>\n<meta property=\"og:url\" content=\"https:\/\/vieteco.com\/en\/product\/schuco-aws-90-si-maximum-thermal-insulation-3\/\" \/>\n<meta property=\"og:site_name\" content=\"C\u00d4NG TY TNHH ALUMINUM VI\u1ec6T ECO\" \/>\n<meta property=\"article:modified_time\" content=\"2025-02-11T04:45:06+00:00\" \/>\n<meta property=\"og:image\" content=\"https:\/\/vieteco.com\/wp-content\/uploads\/2024\/01\/Ba\u0309n-sao-cu\u0309a-HE\u0323\u0302-XINGFA.png\" \/>\n\t<meta property=\"og:image:width\" content=\"2500\" \/>\n\t<meta property=\"og:image:height\" content=\"2500\" \/>\n\t<meta property=\"og:image:type\" content=\"image\/png\" \/>\n<meta name=\"twitter:card\" content=\"summary_large_image\" \/>\n<meta name=\"twitter:label1\" content=\"Est. reading time\" \/>\n\t<meta name=\"twitter:data1\" content=\"1 minute\" \/>\n<script type=\"application\/ld+json\" class=\"yoast-schema-graph\">{\"@context\":\"https:\/\/schema.org\",\"@graph\":[{\"@type\":\"WebPage\",\"@id\":\"https:\/\/vieteco.com\/san-pham\/schuco-aws-90-si-maximum-thermal-insulation-3\/\",\"url\":\"https:\/\/vieteco.com\/san-pham\/schuco-aws-90-si-maximum-thermal-insulation-3\/\",\"name\":\"H\u1ec6 V\u00c1T C\u1ea0NH 55 - C\u00d4NG TY TNHH ALUMINUM VI\u1ec6T ECO\",\"isPartOf\":{\"@id\":\"https:\/\/vieteco.com\/#website\"},\"primaryImageOfPage\":{\"@id\":\"https:\/\/vieteco.com\/san-pham\/schuco-aws-90-si-maximum-thermal-insulation-3\/#primaryimage\"},\"image\":{\"@id\":\"https:\/\/vieteco.com\/san-pham\/schuco-aws-90-si-maximum-thermal-insulation-3\/#primaryimage\"},\"thumbnailUrl\":\"https:\/\/vieteco.com\/wp-content\/uploads\/2024\/01\/Ba\u0309n-sao-cu\u0309a-HE\u0323\u0302-XINGFA.png\",\"datePublished\":\"2022-12-28T03:28:48+00:00\",\"dateModified\":\"2025-02-11T04:45:06+00:00\",\"breadcrumb\":{\"@id\":\"https:\/\/vieteco.com\/san-pham\/schuco-aws-90-si-maximum-thermal-insulation-3\/#breadcrumb\"},\"inLanguage\":\"en-US\",\"potentialAction\":[{\"@type\":\"ReadAction\",\"target\":[\"https:\/\/vieteco.com\/san-pham\/schuco-aws-90-si-maximum-thermal-insulation-3\/\"]}]},{\"@type\":\"ImageObject\",\"inLanguage\":\"en-US\",\"@id\":\"https:\/\/vieteco.com\/san-pham\/schuco-aws-90-si-maximum-thermal-insulation-3\/#primaryimage\",\"url\":\"https:\/\/vieteco.com\/wp-content\/uploads\/2024\/01\/Ba\u0309n-sao-cu\u0309a-HE\u0323\u0302-XINGFA.png\",\"contentUrl\":\"https:\/\/vieteco.com\/wp-content\/uploads\/2024\/01\/Ba\u0309n-sao-cu\u0309a-HE\u0323\u0302-XINGFA.png\",\"width\":2500,\"height\":2500},{\"@type\":\"BreadcrumbList\",\"@id\":\"https:\/\/vieteco.com\/san-pham\/schuco-aws-90-si-maximum-thermal-insulation-3\/#breadcrumb\",\"itemListElement\":[{\"@type\":\"ListItem\",\"position\":1,\"name\":\"Home\",\"item\":\"https:\/\/vieteco.com\/\"},{\"@type\":\"ListItem\",\"position\":2,\"name\":\"Shop\",\"item\":\"https:\/\/vieteco.com\/shop\/\"},{\"@type\":\"ListItem\",\"position\":3,\"name\":\"H\u1ec6 V\u00c1T C\u1ea0NH 55\"}]},{\"@type\":\"WebSite\",\"@id\":\"https:\/\/vieteco.com\/#website\",\"url\":\"https:\/\/vieteco.com\/\",\"name\":\"C\u00d4NG TY TNHH ALUMINUM VI\u1ec6T ECO\",\"description\":\"\",\"publisher\":{\"@id\":\"https:\/\/vieteco.com\/#organization\"},\"potentialAction\":[{\"@type\":\"SearchAction\",\"target\":{\"@type\":\"EntryPoint\",\"urlTemplate\":\"https:\/\/vieteco.com\/?s={search_term_string}\"},\"query-input\":{\"@type\":\"PropertyValueSpecification\",\"valueRequired\":true,\"valueName\":\"search_term_string\"}}],\"inLanguage\":\"en-US\"},{\"@type\":\"Organization\",\"@id\":\"https:\/\/vieteco.com\/#organization\",\"name\":\"C\u00d4NG TY TNHH ALUMINUM VI\u1ec6T ECO\",\"url\":\"https:\/\/vieteco.com\/\",\"logo\":{\"@type\":\"ImageObject\",\"inLanguage\":\"en-US\",\"@id\":\"https:\/\/vieteco.com\/#\/schema\/logo\/image\/\",\"url\":\"https:\/\/vieteco.com\/wp-content\/uploads\/2025\/05\/cropped-Logo-VEC-doc-scaled-1.png\",\"contentUrl\":\"https:\/\/vieteco.com\/wp-content\/uploads\/2025\/05\/cropped-Logo-VEC-doc-scaled-1.png\",\"width\":512,\"height\":512,\"caption\":\"C\u00d4NG TY TNHH ALUMINUM VI\u1ec6T ECO\"},\"image\":{\"@id\":\"https:\/\/vieteco.com\/#\/schema\/logo\/image\/\"}}]}<\/script>\n<!-- \/ Yoast SEO plugin. -->","yoast_head_json":{"title":"H\u1ec6 V\u00c1T C\u1ea0NH 55 - C\u00d4NG TY TNHH ALUMINUM VI\u1ec6T ECO","robots":{"index":"index","follow":"follow","max-snippet":"max-snippet:-1","max-image-preview":"max-image-preview:large","max-video-preview":"max-video-preview:-1"},"canonical":"https:\/\/vieteco.com\/en\/product\/schuco-aws-90-si-maximum-thermal-insulation-3\/","og_locale":"en_US","og_type":"article","og_title":"H\u1ec6 V\u00c1T C\u1ea0NH 55 - C\u00d4NG TY TNHH ALUMINUM VI\u1ec6T ECO","og_description":"H\u1ec7 nh\u00f4m c\u1ea3i ti\u1ebfn \u01b0u vi\u1ec7t h\u01a1n cho c\u00e1c c\u00f4ng tr\u00ecnh  Nh\u00e3n hi\u1ec7u Seaaluk-I \u0111\u01b0\u1ee3c s\u1ea3n xu\u1ea5t theo ti\u00eau chu\u1ea9n Ch\u00e2u \u00c2u, \u0111\u00e1p \u1ee9ng \u0111\u1ea7y \u0111\u1ee7 nhu c\u1ea7u v\u1ec1 th\u1ea9m m\u1ef9 v\u00e0 \u0111\u1ed9 b\u1ec1n b\u1ec9 cho ng\u01b0\u1eddi s\u1eed d\u1ee5ng.  M\u00f4 t\u1ea3:   H\u1ec7 v\u00e1t c\u1ea1nh t\u00edch h\u1ee3p \u0111\u01b0\u1ee3c v\u1edbi nhi\u1ec1u kh\u00f4ng gian thi\u1ebft k\u1ebf  C\u00f4ng ngh\u1ec7 m\u1edbi gi\u00fap t\u0103ng \u0111\u1ed9 b\u00ean - ch\u1ed1ng cong v\u00eanh  \u0110\u01b0\u1ee3c s\u1ea3n xu\u1ea5t t\u1ea1i nh\u00e0 m\u00e1y Chi\u1ebfn Th\u1eafng \u2013 \u0110\u01a1n v\u1ecb uy t\u00edn, \u0111\u00e3 c\u00f3 kinh nghi\u1ec7m 25 n\u0103m trong ng\u00e0nh Nh\u00f4m","og_url":"https:\/\/vieteco.com\/en\/product\/schuco-aws-90-si-maximum-thermal-insulation-3\/","og_site_name":"C\u00d4NG TY TNHH ALUMINUM VI\u1ec6T ECO","article_modified_time":"2025-02-11T04:45:06+00:00","og_image":[{"width":2500,"height":2500,"url":"https:\/\/vieteco.com\/wp-content\/uploads\/2024\/01\/Ba\u0309n-sao-cu\u0309a-HE\u0323\u0302-XINGFA.png","type":"image\/png"}],"twitter_card":"summary_large_image","twitter_misc":{"Est. reading time":"1 minute"},"schema":{"@context":"https:\/\/schema.org","@graph":[{"@type":"WebPage","@id":"https:\/\/vieteco.com\/san-pham\/schuco-aws-90-si-maximum-thermal-insulation-3\/","url":"https:\/\/vieteco.com\/san-pham\/schuco-aws-90-si-maximum-thermal-insulation-3\/","name":"H\u1ec6 V\u00c1T C\u1ea0NH 55 - C\u00d4NG TY TNHH ALUMINUM VI\u1ec6T ECO","isPartOf":{"@id":"https:\/\/vieteco.com\/#website"},"primaryImageOfPage":{"@id":"https:\/\/vieteco.com\/san-pham\/schuco-aws-90-si-maximum-thermal-insulation-3\/#primaryimage"},"image":{"@id":"https:\/\/vieteco.com\/san-pham\/schuco-aws-90-si-maximum-thermal-insulation-3\/#primaryimage"},"thumbnailUrl":"https:\/\/vieteco.com\/wp-content\/uploads\/2024\/01\/Ba\u0309n-sao-cu\u0309a-HE\u0323\u0302-XINGFA.png","datePublished":"2022-12-28T03:28:48+00:00","dateModified":"2025-02-11T04:45:06+00:00","breadcrumb":{"@id":"https:\/\/vieteco.com\/san-pham\/schuco-aws-90-si-maximum-thermal-insulation-3\/#breadcrumb"},"inLanguage":"en-US","potentialAction":[{"@type":"ReadAction","target":["https:\/\/vieteco.com\/san-pham\/schuco-aws-90-si-maximum-thermal-insulation-3\/"]}]},{"@type":"ImageObject","inLanguage":"en-US","@id":"https:\/\/vieteco.com\/san-pham\/schuco-aws-90-si-maximum-thermal-insulation-3\/#primaryimage","url":"https:\/\/vieteco.com\/wp-content\/uploads\/2024\/01\/Ba\u0309n-sao-cu\u0309a-HE\u0323\u0302-XINGFA.png","contentUrl":"https:\/\/vieteco.com\/wp-content\/uploads\/2024\/01\/Ba\u0309n-sao-cu\u0309a-HE\u0323\u0302-XINGFA.png","width":2500,"height":2500},{"@type":"BreadcrumbList","@id":"https:\/\/vieteco.com\/san-pham\/schuco-aws-90-si-maximum-thermal-insulation-3\/#breadcrumb","itemListElement":[{"@type":"ListItem","position":1,"name":"Home","item":"https:\/\/vieteco.com\/"},{"@type":"ListItem","position":2,"name":"Shop","item":"https:\/\/vieteco.com\/shop\/"},{"@type":"ListItem","position":3,"name":"H\u1ec6 V\u00c1T C\u1ea0NH 55"}]},{"@type":"WebSite","@id":"https:\/\/vieteco.com\/#website","url":"https:\/\/vieteco.com\/","name":"C\u00d4NG TY TNHH ALUMINUM VI\u1ec6T ECO","description":"","publisher":{"@id":"https:\/\/vieteco.com\/#organization"},"potentialAction":[{"@type":"SearchAction","target":{"@type":"EntryPoint","urlTemplate":"https:\/\/vieteco.com\/?s={search_term_string}"},"query-input":{"@type":"PropertyValueSpecification","valueRequired":true,"valueName":"search_term_string"}}],"inLanguage":"en-US"},{"@type":"Organization","@id":"https:\/\/vieteco.com\/#organization","name":"C\u00d4NG TY TNHH ALUMINUM VI\u1ec6T ECO","url":"https:\/\/vieteco.com\/","logo":{"@type":"ImageObject","inLanguage":"en-US","@id":"https:\/\/vieteco.com\/#\/schema\/logo\/image\/","url":"https:\/\/vieteco.com\/wp-content\/uploads\/2025\/05\/cropped-Logo-VEC-doc-scaled-1.png","contentUrl":"https:\/\/vieteco.com\/wp-content\/uploads\/2025\/05\/cropped-Logo-VEC-doc-scaled-1.png","width":512,"height":512,"caption":"C\u00d4NG TY TNHH ALUMINUM VI\u1ec6T ECO"},"image":{"@id":"https:\/\/vieteco.com\/#\/schema\/logo\/image\/"}}]}},"_links":{"self":[{"href":"https:\/\/vieteco.com\/en\/wp-json\/wp\/v2\/product\/105","targetHints":{"allow":["GET"]}}],"collection":[{"href":"https:\/\/vieteco.com\/en\/wp-json\/wp\/v2\/product"}],"about":[{"href":"https:\/\/vieteco.com\/en\/wp-json\/wp\/v2\/types\/product"}],"replies":[{"embeddable":true,"href":"https:\/\/vieteco.com\/en\/wp-json\/wp\/v2\/comments?post=105"}],"wp:featuredmedia":[{"embeddable":true,"href":"https:\/\/vieteco.com\/en\/wp-json\/wp\/v2\/media\/2643"}],"wp:attachment":[{"href":"https:\/\/vieteco.com\/en\/wp-json\/wp\/v2\/media?parent=105"}],"wp:term":[{"taxonomy":"product_brand","embeddable":true,"href":"https:\/\/vieteco.com\/en\/wp-json\/wp\/v2\/product_brand?post=105"},{"taxonomy":"product_cat","embeddable":true,"href":"https:\/\/vieteco.com\/en\/wp-json\/wp\/v2\/product_cat?post=105"},{"taxonomy":"product_tag","embeddable":true,"href":"https:\/\/vieteco.com\/en\/wp-json\/wp\/v2\/product_tag?post=105"}],"curies":[{"name":"wp","href":"https:\/\/api.w.org\/{rel}","templated":true}]}}