{"id":1048,"date":"2023-07-10T02:53:24","date_gmt":"2023-07-10T02:53:24","guid":{"rendered":"https:\/\/vieteco.com\/?post_type=product&#038;p=1048"},"modified":"2024-07-20T09:36:11","modified_gmt":"2024-07-20T09:36:11","slug":"cua-so-he-chan-song-chu-nhat","status":"publish","type":"product","link":"https:\/\/vieteco.com\/en\/product\/cua-so-he-chan-song-chu-nhat\/","title":{"rendered":"Rectangular Bar System"},"content":{"rendered":"<p>\u2013 Thi\u1ebft k\u1ebf t\u1ed1i \u01b0u gi\u00fap cho vi\u1ec7c l\u1eafp gh\u00e9p h\u1ebft s\u1ee9c d\u1ec5 d\u00e0ng. Khung nh\u00f4m bao c\u00f3 th\u1ec3 l\u1eafp cho t\u01b0\u1eddng dao \u0111\u1ed9ng t\u1eeb 100-200mm.<\/p>\n<p>\u2013 C\u00f3 th\u1ec3 k\u1ebft h\u1ee3p v\u1edbi nhi\u1ec1u h\u1ec7 ph\u1ee5 ki\u1ec7n kh\u00e1c nhau.<\/p>\n<p>&#8211; Thay th\u1ebf nan hoa b\u1eb1ng s\u1eaft v\u00e0 inox truy\u1ec1n th\u1ed1ng m\u00e0 v\u1eabn \u0111\u1ea3m b\u1ea3o v\u1eefng ch\u1eafc v\u00e0 an to\u00e0n cho m\u1ecdi gia \u0111\u00ecnh c\u0169ng nh\u01b0 c\u00f4ng tr\u00ecnh.<\/p>\n<p>\u2013 H\u1ec7 ch\u1ea5n song \u0111\u1ea3m b\u1ea3o an to\u00e0n tuy\u1ec7t \u0111\u1ed1i cho gia ch\u1ee7, \u0111\u1eb7c bi\u1ec7t \u0111\u1ed1i v\u1edbi c\u00e1c gia \u0111\u00ecnh c\u00f3 tr\u1ebb nh\u1ecf.<\/p>\n<p>\u2013 C\u00f3 t\u00ednh th\u1ea9m m\u1ef9 cao, t\u1ea1o v\u1ebb sang tr\u1ecdng cho m\u1ecdi c\u00f4ng tr\u00ecnh.<\/p>\n<p>\u2013 S\u1eed d\u1ee5ng linh ho\u1ea1t, khi \u0111\u00f3ng m\u1edf th\u00ec r\u1ea5t nh\u1eb9 nh\u00e0ng, kh\u00f4ng t\u1ea1o ti\u1ebfng \u1ed3n l\u1edbn v\u00e0 \u0111\u1ed9 b\u1ec1n c\u1ef1c cao n\u00ean b\u1ea1n ho\u00e0n to\u00e0n kh\u00f4ng ph\u1ea3i lo l\u1eafng c\u1eeda b\u1ecb h\u01b0 h\u1ecfng hay b\u1ea3o tr\u00ec th\u01b0\u1eddng xuy\u00ean khi s\u1eed d\u1ee5ng.<\/p>\n<p>\u2013 C\u1eeda c\u00f3 t\u00ednh c\u00e1ch nhi\u1ec7t v\u00e0 c\u00e1ch \u00e2m c\u1ef1c k\u1ef3 t\u1ed1t n\u00ean \u0111\u1ea3m b\u1ea3o s\u1ef1 tho\u1ea3i m\u00e1i t\u1ed1i \u0111a cho gia ch\u1ee7 khi s\u1eed d\u1ee5ng.<\/p>\n<p>\u2013 \u0110a d\u1ea1ng c\u00e1c m\u00e0u s\u01a1n t\u0129nh \u0111i\u1ec7n nh\u01b0 X\u00e1m \u0111\u00e1, N\u00e2u cafe, Tr\u1eafng s\u1ee9, c\u00f9ng c\u00e1c m\u00e0u v\u00e2n g\u1ed7 kh\u00e1c \u0111\u01b0\u1ee3c kh\u00e1ch h\u00e0ng s\u0103n \u0111\u00f3n, ph\u00f9 h\u1ee3p v\u1edbi nhi\u1ec1u phong c\u00e1ch c\u00f4ng tr\u00ecnh, ki\u1ebfn tr\u00fac x\u00e2y d\u1ef1ng<\/p>\n<p>\u2013 S\u1ea3n ph\u1ea9m t\u1ed1i \u01b0u s\u1ed1 l\u01b0\u1ee3ng m\u00e3 c\u00e2y \u0111\u1ec3 c\u1ea5u th\u00e0nh b\u1ed9 c\u1eeda, gi\u1ea3m thi\u1ec3u l\u01b0\u1ee3ng \u0111\u1ec1 x\u00ea v\u00e0 t\u1ed1i \u01b0u h\u00f3a trong s\u1ea3n xu\u1ea5t.<\/p>\n<p><img loading=\"lazy\" decoding=\"async\" class=\"alignnone size-full wp-image-1861\" src=\"https:\/\/vieteco.com\/wp-content\/uploads\/2023\/07\/1-4-scaled.jpg\" alt=\"\" width=\"1809\" height=\"2560\" srcset=\"https:\/\/vieteco.com\/wp-content\/uploads\/2023\/07\/1-4-scaled.jpg 1809w, https:\/\/vieteco.com\/wp-content\/uploads\/2023\/07\/1-4-283x400.jpg 283w, https:\/\/vieteco.com\/wp-content\/uploads\/2023\/07\/1-4-724x1024.jpg 724w, https:\/\/vieteco.com\/wp-content\/uploads\/2023\/07\/1-4-318x450.jpg 318w, https:\/\/vieteco.com\/wp-content\/uploads\/2023\/07\/1-4-768x1087.jpg 768w, https:\/\/vieteco.com\/wp-content\/uploads\/2023\/07\/1-4-1085x1536.jpg 1085w, https:\/\/vieteco.com\/wp-content\/uploads\/2023\/07\/1-4-1447x2048.jpg 1447w, https:\/\/vieteco.com\/wp-content\/uploads\/2023\/07\/1-4-510x722.jpg 510w\" sizes=\"auto, (max-width: 1809px) 100vw, 1809px\" \/> <img loading=\"lazy\" decoding=\"async\" class=\"alignnone size-full wp-image-1862\" src=\"https:\/\/vieteco.com\/wp-content\/uploads\/2023\/07\/3-2-scaled.jpg\" alt=\"\" width=\"1810\" height=\"2560\" srcset=\"https:\/\/vieteco.com\/wp-content\/uploads\/2023\/07\/3-2-scaled.jpg 1810w, https:\/\/vieteco.com\/wp-content\/uploads\/2023\/07\/3-2-283x400.jpg 283w, https:\/\/vieteco.com\/wp-content\/uploads\/2023\/07\/3-2-724x1024.jpg 724w, https:\/\/vieteco.com\/wp-content\/uploads\/2023\/07\/3-2-318x450.jpg 318w, https:\/\/vieteco.com\/wp-content\/uploads\/2023\/07\/3-2-768x1086.jpg 768w, https:\/\/vieteco.com\/wp-content\/uploads\/2023\/07\/3-2-1086x1536.jpg 1086w, https:\/\/vieteco.com\/wp-content\/uploads\/2023\/07\/3-2-1448x2048.jpg 1448w, https:\/\/vieteco.com\/wp-content\/uploads\/2023\/07\/3-2-510x721.jpg 510w\" sizes=\"auto, (max-width: 1810px) 100vw, 1810px\" \/><img loading=\"lazy\" decoding=\"async\" class=\"alignnone size-full wp-image-1864\" src=\"https:\/\/vieteco.com\/wp-content\/uploads\/2023\/07\/Thong-so-ki-thuat.jpg\" alt=\"\" width=\"1147\" height=\"2344\" srcset=\"https:\/\/vieteco.com\/wp-content\/uploads\/2023\/07\/Thong-so-ki-thuat.jpg 1147w, https:\/\/vieteco.com\/wp-content\/uploads\/2023\/07\/Thong-so-ki-thuat-196x400.jpg 196w, https:\/\/vieteco.com\/wp-content\/uploads\/2023\/07\/Thong-so-ki-thuat-501x1024.jpg 501w, https:\/\/vieteco.com\/wp-content\/uploads\/2023\/07\/Thong-so-ki-thuat-220x450.jpg 220w, https:\/\/vieteco.com\/wp-content\/uploads\/2023\/07\/Thong-so-ki-thuat-768x1569.jpg 768w, https:\/\/vieteco.com\/wp-content\/uploads\/2023\/07\/Thong-so-ki-thuat-752x1536.jpg 752w, https:\/\/vieteco.com\/wp-content\/uploads\/2023\/07\/Thong-so-ki-thuat-1002x2048.jpg 1002w, https:\/\/vieteco.com\/wp-content\/uploads\/2023\/07\/Thong-so-ki-thuat-510x1042.jpg 510w\" sizes=\"auto, (max-width: 1147px) 100vw, 1147px\" \/><\/p>","protected":false},"excerpt":{"rendered":"<p>H\u1ec7 Ch\u1ea5n song l\u00e0 m\u1ed9t h\u1ec7 th\u1ed1ng c\u1eeda \u0111\u00e3 t\u00edch h\u1ee3p s\u1eb5n l\u1edbp ch\u1ea5n song tr\u00ean khung. \u0110i\u1ec1u n\u00e0y c\u00f3 ngh\u0129a l\u00e0 l\u1edbp ch\u1ea5n song \u0111\u01b0\u1ee3c t\u1ea1o ngay t\u1eeb khi s\u1ea3n xu\u1ea5t c\u00e1c th\u00e0nh ph\u1ea7n c\u1ee7a c\u1eeda s\u1ed5 v\u00e0 \u0111\u01b0\u1ee3c thi\u1ebft k\u1ebf sao cho ph\u00f9 h\u1ee3p v\u1edbi ch\u1ea5t li\u1ec7u v\u00e0 m\u00e0u s\u1eafc c\u1ee7a c\u1eeda.<\/p>\n<p>\u0110i\u1ec3m m\u1ea1nh c\u1ee7a h\u1ec7 Ch\u1ea5n song l\u00e0 n\u00f3 mang l\u1ea1i kh\u00f4ng ch\u1ec9 t\u00ednh th\u1ea9m m\u1ef9 cao m\u00e0 c\u00f2n \u0111\u1ea3m b\u1ea3o an ninh cho ng\u00f4i nh\u00e0 ho\u1eb7c c\u00f4ng tr\u00ecnh. B\u1edfi v\u00ec l\u1edbp ch\u1ea5n song \u0111\u01b0\u1ee3c t\u00edch h\u1ee3p ngay t\u1eeb ban \u0111\u1ea7u, kh\u00f4ng c\u00f3 kho\u1ea3ng tr\u1ed1ng hay \u0111i\u1ec3m y\u1ebfu n\u00e0o trong vi\u1ec7c l\u1eafp \u0111\u1eb7t. \u0110i\u1ec1u n\u00e0y l\u00e0m cho qu\u00e1 tr\u00ecnh l\u1eafp \u0111\u1eb7t d\u1ec5 d\u00e0ng h\u01a1n v\u00e0 thu\u1eadn ti\u1ec7n h\u01a1n cho c\u00e1c nh\u00e0 th\u1ea7u ho\u1eb7c ch\u1ee7 nh\u00e0.<\/p>","protected":false},"featured_media":2133,"comment_status":"open","ping_status":"closed","template":"","meta":[],"product_brand":[],"product_cat":[47,99],"product_tag":[100],"class_list":{"0":"post-1048","1":"product","2":"type-product","3":"status-publish","4":"has-post-thumbnail","6":"product_cat-nhan-pae","7":"product_cat-he-chan-song","8":"product_tag-he-chan-song","10":"first","11":"instock","12":"shipping-taxable","13":"product-type-simple"},"yoast_head":"<!-- This site is optimized with the Yoast SEO plugin v24.9 - https:\/\/yoast.com\/wordpress\/plugins\/seo\/ -->\n<title>H\u1ec7 c\u1eeda ch\u1ea5n song - Chi\u1ebfn Th\u1eafng Trading<\/title>\n<meta name=\"description\" content=\"H\u1ec7 Ch\u1ea5n song l\u00e0 m\u1ed9t h\u1ec7 th\u1ed1ng c\u1eeda \u0111\u00e3 t\u00edch h\u1ee3p s\u1eb5n l\u1edbp ch\u1ea5n song tr\u00ean khung. \u0110i\u1ec1u n\u00e0y c\u00f3 ngh\u0129a l\u00e0 l\u1edbp ch\u1ea5n song \u0111\u01b0\u1ee3c t\u1ea1o ngay t\u1eeb khi s\u1ea3n xu\u1ea5t c\u00e1c th\u00e0nh ph\u1ea7n c\u1ee7a c\u1eeda s\u1ed5 v\u00e0 \u0111\u01b0\u1ee3c thi\u1ebft k\u1ebf sao cho ph\u00f9 h\u1ee3p v\u1edbi ch\u1ea5t li\u1ec7u v\u00e0 m\u00e0u s\u1eafc c\u1ee7a c\u1eeda.\" \/>\n<meta name=\"robots\" content=\"index, follow, max-snippet:-1, max-image-preview:large, max-video-preview:-1\" \/>\n<link rel=\"canonical\" href=\"https:\/\/vieteco.com\/en\/product\/cua-so-he-chan-song-chu-nhat\/\" \/>\n<meta property=\"og:locale\" content=\"en_US\" \/>\n<meta property=\"og:type\" content=\"article\" \/>\n<meta property=\"og:title\" content=\"H\u1ec7 c\u1eeda ch\u1ea5n song - Chi\u1ebfn Th\u1eafng Trading\" \/>\n<meta property=\"og:description\" content=\"H\u1ec7 Ch\u1ea5n song l\u00e0 m\u1ed9t h\u1ec7 th\u1ed1ng c\u1eeda \u0111\u00e3 t\u00edch h\u1ee3p s\u1eb5n l\u1edbp ch\u1ea5n song tr\u00ean khung. \u0110i\u1ec1u n\u00e0y c\u00f3 ngh\u0129a l\u00e0 l\u1edbp ch\u1ea5n song \u0111\u01b0\u1ee3c t\u1ea1o ngay t\u1eeb khi s\u1ea3n xu\u1ea5t c\u00e1c th\u00e0nh ph\u1ea7n c\u1ee7a c\u1eeda s\u1ed5 v\u00e0 \u0111\u01b0\u1ee3c thi\u1ebft k\u1ebf sao cho ph\u00f9 h\u1ee3p v\u1edbi ch\u1ea5t li\u1ec7u v\u00e0 m\u00e0u s\u1eafc c\u1ee7a c\u1eeda.\" \/>\n<meta property=\"og:url\" content=\"https:\/\/vieteco.com\/en\/product\/cua-so-he-chan-song-chu-nhat\/\" \/>\n<meta property=\"og:site_name\" content=\"C\u00d4NG TY TNHH ALUMINUM VI\u1ec6T ECO\" \/>\n<meta property=\"article:modified_time\" content=\"2024-07-20T09:36:11+00:00\" \/>\n<meta property=\"og:image\" content=\"https:\/\/vieteco.com\/wp-content\/uploads\/2023\/07\/cha\u0302\u0301n-song-vuong-scaled.jpg\" \/>\n\t<meta property=\"og:image:width\" content=\"2436\" \/>\n\t<meta property=\"og:image:height\" content=\"2560\" \/>\n\t<meta property=\"og:image:type\" content=\"image\/jpeg\" \/>\n<meta name=\"twitter:card\" content=\"summary_large_image\" \/>\n<meta name=\"twitter:label1\" content=\"Est. reading time\" \/>\n\t<meta name=\"twitter:data1\" content=\"2 minutes\" \/>\n<script type=\"application\/ld+json\" class=\"yoast-schema-graph\">{\"@context\":\"https:\/\/schema.org\",\"@graph\":[{\"@type\":\"WebPage\",\"@id\":\"https:\/\/vieteco.com\/san-pham\/cua-so-he-chan-song-chu-nhat\/\",\"url\":\"https:\/\/vieteco.com\/san-pham\/cua-so-he-chan-song-chu-nhat\/\",\"name\":\"H\u1ec7 c\u1eeda ch\u1ea5n song - Chi\u1ebfn Th\u1eafng Trading\",\"isPartOf\":{\"@id\":\"https:\/\/vieteco.com\/#website\"},\"primaryImageOfPage\":{\"@id\":\"https:\/\/vieteco.com\/san-pham\/cua-so-he-chan-song-chu-nhat\/#primaryimage\"},\"image\":{\"@id\":\"https:\/\/vieteco.com\/san-pham\/cua-so-he-chan-song-chu-nhat\/#primaryimage\"},\"thumbnailUrl\":\"https:\/\/vieteco.com\/wp-content\/uploads\/2023\/07\/cha\u0302\u0301n-song-vuong-scaled.jpg\",\"datePublished\":\"2023-07-10T02:53:24+00:00\",\"dateModified\":\"2024-07-20T09:36:11+00:00\",\"description\":\"H\u1ec7 Ch\u1ea5n song l\u00e0 m\u1ed9t h\u1ec7 th\u1ed1ng c\u1eeda \u0111\u00e3 t\u00edch h\u1ee3p s\u1eb5n l\u1edbp ch\u1ea5n song tr\u00ean khung. \u0110i\u1ec1u n\u00e0y c\u00f3 ngh\u0129a l\u00e0 l\u1edbp ch\u1ea5n song \u0111\u01b0\u1ee3c t\u1ea1o ngay t\u1eeb khi s\u1ea3n xu\u1ea5t c\u00e1c th\u00e0nh ph\u1ea7n c\u1ee7a c\u1eeda s\u1ed5 v\u00e0 \u0111\u01b0\u1ee3c thi\u1ebft k\u1ebf sao cho ph\u00f9 h\u1ee3p v\u1edbi ch\u1ea5t li\u1ec7u v\u00e0 m\u00e0u s\u1eafc c\u1ee7a c\u1eeda.\",\"breadcrumb\":{\"@id\":\"https:\/\/vieteco.com\/san-pham\/cua-so-he-chan-song-chu-nhat\/#breadcrumb\"},\"inLanguage\":\"en-US\",\"potentialAction\":[{\"@type\":\"ReadAction\",\"target\":[\"https:\/\/vieteco.com\/san-pham\/cua-so-he-chan-song-chu-nhat\/\"]}]},{\"@type\":\"ImageObject\",\"inLanguage\":\"en-US\",\"@id\":\"https:\/\/vieteco.com\/san-pham\/cua-so-he-chan-song-chu-nhat\/#primaryimage\",\"url\":\"https:\/\/vieteco.com\/wp-content\/uploads\/2023\/07\/cha\u0302\u0301n-song-vuong-scaled.jpg\",\"contentUrl\":\"https:\/\/vieteco.com\/wp-content\/uploads\/2023\/07\/cha\u0302\u0301n-song-vuong-scaled.jpg\",\"width\":2436,\"height\":2560},{\"@type\":\"BreadcrumbList\",\"@id\":\"https:\/\/vieteco.com\/san-pham\/cua-so-he-chan-song-chu-nhat\/#breadcrumb\",\"itemListElement\":[{\"@type\":\"ListItem\",\"position\":1,\"name\":\"Home\",\"item\":\"https:\/\/vieteco.com\/\"},{\"@type\":\"ListItem\",\"position\":2,\"name\":\"Shop\",\"item\":\"https:\/\/vieteco.com\/shop\/\"},{\"@type\":\"ListItem\",\"position\":3,\"name\":\"H\u1ec7 ch\u1ea5n song ch\u1eef nh\u1eadt\"}]},{\"@type\":\"WebSite\",\"@id\":\"https:\/\/vieteco.com\/#website\",\"url\":\"https:\/\/vieteco.com\/\",\"name\":\"C\u00d4NG TY TNHH ALUMINUM VI\u1ec6T ECO\",\"description\":\"\",\"publisher\":{\"@id\":\"https:\/\/vieteco.com\/#organization\"},\"potentialAction\":[{\"@type\":\"SearchAction\",\"target\":{\"@type\":\"EntryPoint\",\"urlTemplate\":\"https:\/\/vieteco.com\/?s={search_term_string}\"},\"query-input\":{\"@type\":\"PropertyValueSpecification\",\"valueRequired\":true,\"valueName\":\"search_term_string\"}}],\"inLanguage\":\"en-US\"},{\"@type\":\"Organization\",\"@id\":\"https:\/\/vieteco.com\/#organization\",\"name\":\"C\u00d4NG TY TNHH ALUMINUM VI\u1ec6T ECO\",\"url\":\"https:\/\/vieteco.com\/\",\"logo\":{\"@type\":\"ImageObject\",\"inLanguage\":\"en-US\",\"@id\":\"https:\/\/vieteco.com\/#\/schema\/logo\/image\/\",\"url\":\"https:\/\/vieteco.com\/wp-content\/uploads\/2025\/05\/cropped-Logo-VEC-doc-scaled-1.png\",\"contentUrl\":\"https:\/\/vieteco.com\/wp-content\/uploads\/2025\/05\/cropped-Logo-VEC-doc-scaled-1.png\",\"width\":512,\"height\":512,\"caption\":\"C\u00d4NG TY TNHH ALUMINUM VI\u1ec6T ECO\"},\"image\":{\"@id\":\"https:\/\/vieteco.com\/#\/schema\/logo\/image\/\"}}]}<\/script>\n<!-- \/ Yoast SEO plugin. -->","yoast_head_json":{"title":"H\u1ec7 c\u1eeda ch\u1ea5n song - Chi\u1ebfn Th\u1eafng Trading","description":"H\u1ec7 Ch\u1ea5n song l\u00e0 m\u1ed9t h\u1ec7 th\u1ed1ng c\u1eeda \u0111\u00e3 t\u00edch h\u1ee3p s\u1eb5n l\u1edbp ch\u1ea5n song tr\u00ean khung. \u0110i\u1ec1u n\u00e0y c\u00f3 ngh\u0129a l\u00e0 l\u1edbp ch\u1ea5n song \u0111\u01b0\u1ee3c t\u1ea1o ngay t\u1eeb khi s\u1ea3n xu\u1ea5t c\u00e1c th\u00e0nh ph\u1ea7n c\u1ee7a c\u1eeda s\u1ed5 v\u00e0 \u0111\u01b0\u1ee3c thi\u1ebft k\u1ebf sao cho ph\u00f9 h\u1ee3p v\u1edbi ch\u1ea5t li\u1ec7u v\u00e0 m\u00e0u s\u1eafc c\u1ee7a c\u1eeda.","robots":{"index":"index","follow":"follow","max-snippet":"max-snippet:-1","max-image-preview":"max-image-preview:large","max-video-preview":"max-video-preview:-1"},"canonical":"https:\/\/vieteco.com\/en\/product\/cua-so-he-chan-song-chu-nhat\/","og_locale":"en_US","og_type":"article","og_title":"H\u1ec7 c\u1eeda ch\u1ea5n song - Chi\u1ebfn Th\u1eafng Trading","og_description":"H\u1ec7 Ch\u1ea5n song l\u00e0 m\u1ed9t h\u1ec7 th\u1ed1ng c\u1eeda \u0111\u00e3 t\u00edch h\u1ee3p s\u1eb5n l\u1edbp ch\u1ea5n song tr\u00ean khung. \u0110i\u1ec1u n\u00e0y c\u00f3 ngh\u0129a l\u00e0 l\u1edbp ch\u1ea5n song \u0111\u01b0\u1ee3c t\u1ea1o ngay t\u1eeb khi s\u1ea3n xu\u1ea5t c\u00e1c th\u00e0nh ph\u1ea7n c\u1ee7a c\u1eeda s\u1ed5 v\u00e0 \u0111\u01b0\u1ee3c thi\u1ebft k\u1ebf sao cho ph\u00f9 h\u1ee3p v\u1edbi ch\u1ea5t li\u1ec7u v\u00e0 m\u00e0u s\u1eafc c\u1ee7a c\u1eeda.","og_url":"https:\/\/vieteco.com\/en\/product\/cua-so-he-chan-song-chu-nhat\/","og_site_name":"C\u00d4NG TY TNHH ALUMINUM VI\u1ec6T ECO","article_modified_time":"2024-07-20T09:36:11+00:00","og_image":[{"width":2436,"height":2560,"url":"https:\/\/vieteco.com\/wp-content\/uploads\/2023\/07\/cha\u0302\u0301n-song-vuong-scaled.jpg","type":"image\/jpeg"}],"twitter_card":"summary_large_image","twitter_misc":{"Est. reading time":"2 minutes"},"schema":{"@context":"https:\/\/schema.org","@graph":[{"@type":"WebPage","@id":"https:\/\/vieteco.com\/san-pham\/cua-so-he-chan-song-chu-nhat\/","url":"https:\/\/vieteco.com\/san-pham\/cua-so-he-chan-song-chu-nhat\/","name":"H\u1ec7 c\u1eeda ch\u1ea5n song - Chi\u1ebfn Th\u1eafng Trading","isPartOf":{"@id":"https:\/\/vieteco.com\/#website"},"primaryImageOfPage":{"@id":"https:\/\/vieteco.com\/san-pham\/cua-so-he-chan-song-chu-nhat\/#primaryimage"},"image":{"@id":"https:\/\/vieteco.com\/san-pham\/cua-so-he-chan-song-chu-nhat\/#primaryimage"},"thumbnailUrl":"https:\/\/vieteco.com\/wp-content\/uploads\/2023\/07\/cha\u0302\u0301n-song-vuong-scaled.jpg","datePublished":"2023-07-10T02:53:24+00:00","dateModified":"2024-07-20T09:36:11+00:00","description":"H\u1ec7 Ch\u1ea5n song l\u00e0 m\u1ed9t h\u1ec7 th\u1ed1ng c\u1eeda \u0111\u00e3 t\u00edch h\u1ee3p s\u1eb5n l\u1edbp ch\u1ea5n song tr\u00ean khung. \u0110i\u1ec1u n\u00e0y c\u00f3 ngh\u0129a l\u00e0 l\u1edbp ch\u1ea5n song \u0111\u01b0\u1ee3c t\u1ea1o ngay t\u1eeb khi s\u1ea3n xu\u1ea5t c\u00e1c th\u00e0nh ph\u1ea7n c\u1ee7a c\u1eeda s\u1ed5 v\u00e0 \u0111\u01b0\u1ee3c thi\u1ebft k\u1ebf sao cho ph\u00f9 h\u1ee3p v\u1edbi ch\u1ea5t li\u1ec7u v\u00e0 m\u00e0u s\u1eafc c\u1ee7a c\u1eeda.","breadcrumb":{"@id":"https:\/\/vieteco.com\/san-pham\/cua-so-he-chan-song-chu-nhat\/#breadcrumb"},"inLanguage":"en-US","potentialAction":[{"@type":"ReadAction","target":["https:\/\/vieteco.com\/san-pham\/cua-so-he-chan-song-chu-nhat\/"]}]},{"@type":"ImageObject","inLanguage":"en-US","@id":"https:\/\/vieteco.com\/san-pham\/cua-so-he-chan-song-chu-nhat\/#primaryimage","url":"https:\/\/vieteco.com\/wp-content\/uploads\/2023\/07\/cha\u0302\u0301n-song-vuong-scaled.jpg","contentUrl":"https:\/\/vieteco.com\/wp-content\/uploads\/2023\/07\/cha\u0302\u0301n-song-vuong-scaled.jpg","width":2436,"height":2560},{"@type":"BreadcrumbList","@id":"https:\/\/vieteco.com\/san-pham\/cua-so-he-chan-song-chu-nhat\/#breadcrumb","itemListElement":[{"@type":"ListItem","position":1,"name":"Home","item":"https:\/\/vieteco.com\/"},{"@type":"ListItem","position":2,"name":"Shop","item":"https:\/\/vieteco.com\/shop\/"},{"@type":"ListItem","position":3,"name":"H\u1ec7 ch\u1ea5n song ch\u1eef nh\u1eadt"}]},{"@type":"WebSite","@id":"https:\/\/vieteco.com\/#website","url":"https:\/\/vieteco.com\/","name":"C\u00d4NG TY TNHH ALUMINUM VI\u1ec6T ECO","description":"","publisher":{"@id":"https:\/\/vieteco.com\/#organization"},"potentialAction":[{"@type":"SearchAction","target":{"@type":"EntryPoint","urlTemplate":"https:\/\/vieteco.com\/?s={search_term_string}"},"query-input":{"@type":"PropertyValueSpecification","valueRequired":true,"valueName":"search_term_string"}}],"inLanguage":"en-US"},{"@type":"Organization","@id":"https:\/\/vieteco.com\/#organization","name":"C\u00d4NG TY TNHH ALUMINUM VI\u1ec6T ECO","url":"https:\/\/vieteco.com\/","logo":{"@type":"ImageObject","inLanguage":"en-US","@id":"https:\/\/vieteco.com\/#\/schema\/logo\/image\/","url":"https:\/\/vieteco.com\/wp-content\/uploads\/2025\/05\/cropped-Logo-VEC-doc-scaled-1.png","contentUrl":"https:\/\/vieteco.com\/wp-content\/uploads\/2025\/05\/cropped-Logo-VEC-doc-scaled-1.png","width":512,"height":512,"caption":"C\u00d4NG TY TNHH ALUMINUM VI\u1ec6T ECO"},"image":{"@id":"https:\/\/vieteco.com\/#\/schema\/logo\/image\/"}}]}},"_links":{"self":[{"href":"https:\/\/vieteco.com\/en\/wp-json\/wp\/v2\/product\/1048","targetHints":{"allow":["GET"]}}],"collection":[{"href":"https:\/\/vieteco.com\/en\/wp-json\/wp\/v2\/product"}],"about":[{"href":"https:\/\/vieteco.com\/en\/wp-json\/wp\/v2\/types\/product"}],"replies":[{"embeddable":true,"href":"https:\/\/vieteco.com\/en\/wp-json\/wp\/v2\/comments?post=1048"}],"wp:featuredmedia":[{"embeddable":true,"href":"https:\/\/vieteco.com\/en\/wp-json\/wp\/v2\/media\/2133"}],"wp:attachment":[{"href":"https:\/\/vieteco.com\/en\/wp-json\/wp\/v2\/media?parent=1048"}],"wp:term":[{"taxonomy":"product_brand","embeddable":true,"href":"https:\/\/vieteco.com\/en\/wp-json\/wp\/v2\/product_brand?post=1048"},{"taxonomy":"product_cat","embeddable":true,"href":"https:\/\/vieteco.com\/en\/wp-json\/wp\/v2\/product_cat?post=1048"},{"taxonomy":"product_tag","embeddable":true,"href":"https:\/\/vieteco.com\/en\/wp-json\/wp\/v2\/product_tag?post=1048"}],"curies":[{"name":"wp","href":"https:\/\/api.w.org\/{rel}","templated":true}]}}