{"id":31,"date":"2022-12-26T09:55:39","date_gmt":"2022-12-26T09:55:39","guid":{"rendered":"https:\/\/vieteco.com\/?page_id=31"},"modified":"2024-10-29T04:08:36","modified_gmt":"2024-10-29T04:08:36","slug":"kien-truc-su","status":"publish","type":"page","link":"https:\/\/vieteco.com\/en\/kien-truc-su\/","title":{"rendered":"Ki\u1ebfn tr\u00fac s\u01b0"},"content":{"rendered":"<div class=\"slider-wrapper relative\" id=\"slider-1520575654\" >\n    <div class=\"slider slider-nav-circle slider-nav-large slider-nav-light slider-style-normal\"\n        data-flickity-options='{            \"cellAlign\": \"center\",            \"imagesLoaded\": true,            \"lazyLoad\": 1,            \"freeScroll\": false,            \"wrapAround\": true,            \"autoPlay\": 6000,            \"pauseAutoPlayOnHover\" : true,            \"prevNextButtons\": true,            \"contain\" : true,            \"adaptiveHeight\" : true,            \"dragThreshold\" : 10,            \"percentPosition\": true,            \"pageDots\": true,            \"rightToLeft\": false,            \"draggable\": true,            \"selectedAttraction\": 0.1,            \"parallax\" : 0,            \"friction\": 0.6        }'\n        >\n        \n\t<div class=\"img has-hover x md-x lg-x y md-y lg-y\" id=\"image_735107618\">\n\t\t\t\t\t\t\t\t<div class=\"img-inner dark\" >\n\t\t\t<img loading=\"lazy\" decoding=\"async\" width=\"1600\" height=\"594\" src=\"https:\/\/vieteco.com\/wp-content\/uploads\/2022\/12\/ezgif-4-73964d95a7.jpeg\" class=\"attachment-original size-original\" alt=\"\" srcset=\"https:\/\/vieteco.com\/wp-content\/uploads\/2022\/12\/ezgif-4-73964d95a7.jpeg 1600w, https:\/\/vieteco.com\/wp-content\/uploads\/2022\/12\/ezgif-4-73964d95a7-510x189.jpeg 510w, https:\/\/vieteco.com\/wp-content\/uploads\/2022\/12\/ezgif-4-73964d95a7-300x111.jpeg 300w, https:\/\/vieteco.com\/wp-content\/uploads\/2022\/12\/ezgif-4-73964d95a7-1024x380.jpeg 1024w, https:\/\/vieteco.com\/wp-content\/uploads\/2022\/12\/ezgif-4-73964d95a7-768x285.jpeg 768w, https:\/\/vieteco.com\/wp-content\/uploads\/2022\/12\/ezgif-4-73964d95a7-1536x570.jpeg 1536w\" sizes=\"auto, (max-width: 1600px) 100vw, 1600px\" \/>\t\t\t\t\t\t\n\t\t\t\t\t<\/div>\n\t\t\t\t\t\t\t\t\n<style>\n#image_735107618 {\n  width: 100%;\n}\n<\/style>\n\t<\/div>\n\t\n\t<div class=\"img has-hover x md-x lg-x y md-y lg-y\" id=\"image_1272345208\">\n\t\t\t\t\t\t\t\t<div class=\"img-inner dark\" >\n\t\t\t<img loading=\"lazy\" decoding=\"async\" width=\"1020\" height=\"511\" src=\"https:\/\/vieteco.com\/wp-content\/uploads\/2022\/12\/image-1-1024x513.jpg\" class=\"attachment-large size-large\" alt=\"\" srcset=\"https:\/\/vieteco.com\/wp-content\/uploads\/2022\/12\/image-1-1024x513.jpg 1024w, https:\/\/vieteco.com\/wp-content\/uploads\/2022\/12\/image-1-510x256.jpg 510w, https:\/\/vieteco.com\/wp-content\/uploads\/2022\/12\/image-1-300x150.jpg 300w, https:\/\/vieteco.com\/wp-content\/uploads\/2022\/12\/image-1-768x385.jpg 768w, https:\/\/vieteco.com\/wp-content\/uploads\/2022\/12\/image-1-1536x770.jpg 1536w, https:\/\/vieteco.com\/wp-content\/uploads\/2022\/12\/image-1-2048x1027.jpg 2048w\" sizes=\"auto, (max-width: 1020px) 100vw, 1020px\" \/>\t\t\t\t\t\t\n\t\t\t\t\t<\/div>\n\t\t\t\t\t\t\t\t\n<style>\n#image_1272345208 {\n  width: 100%;\n}\n<\/style>\n\t<\/div>\n\t\n     <\/div>\n\n     <div class=\"loading-spin dark large centered\"><\/div>\n\n     \t<\/div>\n\n\n<div class=\"row align-center\"  id=\"row-1046919490\">\n\n\t<div id=\"col-1335380573\" class=\"col small-12 large-12\"  >\n\t\t\t\t<div class=\"col-inner\"  >\n\t\t\t\n\t\t\t\n<div class=\"row row-small row-divided\"  id=\"row-553347619\">\n\n\t<div id=\"col-818861112\" class=\"col medium-4 small-12 large-4\"  >\n\t\t\t\t<div class=\"col-inner\"  >\n\t\t\t\n\t\t\t\n<blockquote>\n<h4 class=\"thin-font\"><span style=\"font-size: 120%;\">T\u1ef1 do s\u00e1ng t\u1ea1o v\u1edbi s\u1ef1 \u0111\u1ea3m b\u1ea3o c\u1ee7a <span data-sheets-value=\"{&quot;1&quot;:2,&quot;2&quot;:&quot;T\u1ef1 do s\u00e1ng t\u1ea1o v\u1edbi s\u1ef1 \u0111\u1ea3m b\u1ea3o c\u1ee7a Nh\u00e0 m\u00e1y Nh\u00f4m VietEco l\u00e0 ng\u01b0\u1eddi l\u00ean \u00fd t\u01b0\u1edfng, thi\u1ebft k\u1ebf nh\u1eefng c\u00f4ng tr\u00ecnh b\u1ea1n lu\u00f4n mong mu\u1ed1n nh\u1eefng s\u00e1ng t\u1ea1o c\u1ee7a b\u1ea1n th\u00e0nh hi\u1ec7n th\u1ef1c. B\u1ea1n g\u00e2y \u1ea5n t\u01b0\u1ee3ng b\u1edfi nh\u1eefng thi\u1ebft k\u1ebf ho\u00e0n h\u1ea3o, nh\u1eefng thi\u1ebft k\u1ebf v\u00f4 c\u00f9ng h\u1eefu \u00edch nh\u01b0ng \u0111\u00f4i khi b\u1ea1n ph\u1ea3i t\u1eeb b\u1ecf v\u00ec ch\u01b0a t\u00ecm \u0111\u01b0\u1ee3c m\u1ed9t \u0111\u1ed1i t\u00e1c \u0111\u1ec3 g\u1eedi g\u1eafm. \u0110\u00e2y ch\u00ednh l\u00e0 l\u00fd do b\u1ea1n c\u1ea7n m\u1ed9t \u0111\u1ed1i t\u00e1c tin c\u1eady nh\u01b0 ch\u00fang t\u00f4i. Nh\u00e0 m\u00e1y Nh\u00f4m VietEco gi\u00fap c\u00e1c Ki\u1ebfn Tr\u00fac S\u01b0 hi\u1ec7n th\u1ef1c thi\u1ebft k\u1ebf v\u1edbi s\u1ea3n ph\u1ea9m thanh nh\u00f4m \u0111\u1ecbnh h\u00ecnh th\u1ea9m m\u1ef9 v\u00e0 ch\u1ea5t l\u01b0\u1ee3ng cao. &quot;}\" data-sheets-userformat=\"{&quot;2&quot;:957,&quot;3&quot;:{&quot;1&quot;:0},&quot;5&quot;:{&quot;1&quot;:&#091;{&quot;1&quot;:2,&quot;2&quot;:0,&quot;5&quot;:{&quot;1&quot;:2,&quot;2&quot;:0}},{&quot;1&quot;:0,&quot;2&quot;:0,&quot;3&quot;:3},{&quot;1&quot;:1,&quot;2&quot;:0,&quot;4&quot;:1}&#093;},&quot;6&quot;:{&quot;1&quot;:&#091;{&quot;1&quot;:2,&quot;2&quot;:0,&quot;5&quot;:{&quot;1&quot;:2,&quot;2&quot;:0}},{&quot;1&quot;:0,&quot;2&quot;:0,&quot;3&quot;:3},{&quot;1&quot;:1,&quot;2&quot;:0,&quot;4&quot;:1}&#093;},&quot;7&quot;:{&quot;1&quot;:&#091;{&quot;1&quot;:2,&quot;2&quot;:0,&quot;5&quot;:{&quot;1&quot;:2,&quot;2&quot;:0}},{&quot;1&quot;:0,&quot;2&quot;:0,&quot;3&quot;:3},{&quot;1&quot;:1,&quot;2&quot;:0,&quot;4&quot;:1}&#093;},&quot;8&quot;:{&quot;1&quot;:&#091;{&quot;1&quot;:2,&quot;2&quot;:0,&quot;5&quot;:{&quot;1&quot;:2,&quot;2&quot;:0}},{&quot;1&quot;:0,&quot;2&quot;:0,&quot;3&quot;:3},{&quot;1&quot;:1,&quot;2&quot;:0,&quot;4&quot;:1}&#093;},&quot;10&quot;:1,&quot;11&quot;:4,&quot;12&quot;:0}\" data-sheets-textstyleruns=\"{&quot;1&quot;:0,&quot;2&quot;:{&quot;5&quot;:1}}\uee10{&quot;1&quot;:55}\">Viet Eco Aluminum Factory<\/span><\/span><\/h4>\n<\/blockquote>\n\t\t<\/div>\n\t\t\t\t\t<\/div>\n\n\t\n\n\t<div id=\"col-1684461020\" class=\"col medium-8 small-12 large-8\"  >\n\t\t\t\t<div class=\"col-inner\"  >\n\t\t\t\n\t\t\t\n<p><span data-sheets-value=\"{&quot;1&quot;:2,&quot;2&quot;:&quot;T\u1ef1 do s\u00e1ng t\u1ea1o v\u1edbi s\u1ef1 \u0111\u1ea3m b\u1ea3o c\u1ee7a Nh\u00e0 m\u00e1y Nh\u00f4m VietEco l\u00e0 ng\u01b0\u1eddi l\u00ean \u00fd t\u01b0\u1edfng, thi\u1ebft k\u1ebf nh\u1eefng c\u00f4ng tr\u00ecnh b\u1ea1n lu\u00f4n mong mu\u1ed1n nh\u1eefng s\u00e1ng t\u1ea1o c\u1ee7a b\u1ea1n th\u00e0nh hi\u1ec7n th\u1ef1c. B\u1ea1n g\u00e2y \u1ea5n t\u01b0\u1ee3ng b\u1edfi nh\u1eefng thi\u1ebft k\u1ebf ho\u00e0n h\u1ea3o, nh\u1eefng thi\u1ebft k\u1ebf v\u00f4 c\u00f9ng h\u1eefu \u00edch nh\u01b0ng \u0111\u00f4i khi b\u1ea1n ph\u1ea3i t\u1eeb b\u1ecf v\u00ec ch\u01b0a t\u00ecm \u0111\u01b0\u1ee3c m\u1ed9t \u0111\u1ed1i t\u00e1c \u0111\u1ec3 g\u1eedi g\u1eafm. \u0110\u00e2y ch\u00ednh l\u00e0 l\u00fd do b\u1ea1n c\u1ea7n m\u1ed9t \u0111\u1ed1i t\u00e1c tin c\u1eady nh\u01b0 ch\u00fang t\u00f4i. Nh\u00e0 m\u00e1y Nh\u00f4m VietEco gi\u00fap c\u00e1c Ki\u1ebfn Tr\u00fac S\u01b0 hi\u1ec7n th\u1ef1c thi\u1ebft k\u1ebf v\u1edbi s\u1ea3n ph\u1ea9m thanh nh\u00f4m \u0111\u1ecbnh h\u00ecnh th\u1ea9m m\u1ef9 v\u00e0 ch\u1ea5t l\u01b0\u1ee3ng cao. &quot;}\" data-sheets-userformat=\"{&quot;2&quot;:957,&quot;3&quot;:{&quot;1&quot;:0},&quot;5&quot;:{&quot;1&quot;:&#091;{&quot;1&quot;:2,&quot;2&quot;:0,&quot;5&quot;:{&quot;1&quot;:2,&quot;2&quot;:0}},{&quot;1&quot;:0,&quot;2&quot;:0,&quot;3&quot;:3},{&quot;1&quot;:1,&quot;2&quot;:0,&quot;4&quot;:1}&#093;},&quot;6&quot;:{&quot;1&quot;:&#091;{&quot;1&quot;:2,&quot;2&quot;:0,&quot;5&quot;:{&quot;1&quot;:2,&quot;2&quot;:0}},{&quot;1&quot;:0,&quot;2&quot;:0,&quot;3&quot;:3},{&quot;1&quot;:1,&quot;2&quot;:0,&quot;4&quot;:1}&#093;},&quot;7&quot;:{&quot;1&quot;:&#091;{&quot;1&quot;:2,&quot;2&quot;:0,&quot;5&quot;:{&quot;1&quot;:2,&quot;2&quot;:0}},{&quot;1&quot;:0,&quot;2&quot;:0,&quot;3&quot;:3},{&quot;1&quot;:1,&quot;2&quot;:0,&quot;4&quot;:1}&#093;},&quot;8&quot;:{&quot;1&quot;:&#091;{&quot;1&quot;:2,&quot;2&quot;:0,&quot;5&quot;:{&quot;1&quot;:2,&quot;2&quot;:0}},{&quot;1&quot;:0,&quot;2&quot;:0,&quot;3&quot;:3},{&quot;1&quot;:1,&quot;2&quot;:0,&quot;4&quot;:1}&#093;},&quot;10&quot;:1,&quot;11&quot;:4,&quot;12&quot;:0}\" data-sheets-textstyleruns=\"{&quot;1&quot;:0,&quot;2&quot;:{&quot;5&quot;:1}}\uee10{&quot;1&quot;:55}\">L\u00e0 ng\u01b0\u1eddi l\u00ean \u00fd t\u01b0\u1edfng, thi\u1ebft k\u1ebf nh\u1eefng c\u00f4ng tr\u00ecnh b\u1ea1n lu\u00f4n mong mu\u1ed1n nh\u1eefng s\u00e1ng t\u1ea1o c\u1ee7a b\u1ea1n th\u00e0nh hi\u1ec7n th\u1ef1c. B\u1ea1n g\u00e2y \u1ea5n t\u01b0\u1ee3ng b\u1edfi nh\u1eefng thi\u1ebft k\u1ebf ho\u00e0n h\u1ea3o, nh\u1eefng thi\u1ebft k\u1ebf v\u00f4 c\u00f9ng h\u1eefu \u00edch nh\u01b0ng \u0111\u00f4i khi b\u1ea1n ph\u1ea3i t\u1eeb b\u1ecf v\u00ec ch\u01b0a t\u00ecm \u0111\u01b0\u1ee3c m\u1ed9t \u0111\u1ed1i t\u00e1c \u0111\u1ec3 g\u1eedi g\u1eafm. \u0110\u00e2y ch\u00ednh l\u00e0 l\u00fd do b\u1ea1n c\u1ea7n m\u1ed9t \u0111\u1ed1i t\u00e1c tin c\u1eady nh\u01b0 ch\u00fang t\u00f4i. Nh\u00e0 m\u00e1y s\u1ea3n xu\u1ea5t nh\u00f4m Vi\u1ec7t Eco gi\u00fap c\u00e1c Ki\u1ebfn Tr\u00fac S\u01b0 hi\u1ec7n th\u1ef1c thi\u1ebft k\u1ebf v\u1edbi s\u1ea3n ph\u1ea9m thanh nh\u00f4m \u0111\u1ecbnh h\u00ecnh th\u1ea9m m\u1ef9 v\u00e0 ch\u1ea5t l\u01b0\u1ee3ng cao.<\/span><\/p>\n\t\t<\/div>\n\t\t\t\t\t<\/div>\n\n\t\n<\/div>\n<div class=\"row\"  id=\"row-1339855036\">\n\n\t<div id=\"col-713209903\" class=\"col medium-4 small-12 large-4\"  >\n\t\t\t\t<div class=\"col-inner\"  >\n\t\t\t\n\t\t\t\n\t\t<\/div>\n\t\t\t\t\t<\/div>\n\n\t\n\n\t<div id=\"col-1073114505\" class=\"col medium-4 small-12 large-4\"  >\n\t\t\t\t<div class=\"col-inner\"  >\n\t\t\t\n\t\t\t\n\t\t<\/div>\n\t\t\t\t\t<\/div>\n\n\t\n\n\t<div id=\"col-16396642\" class=\"col medium-4 small-12 large-4\"  >\n\t\t\t\t<div class=\"col-inner\"  >\n\t\t\t\n\t\t\t\n\t\t<\/div>\n\t\t\t\t\t<\/div>\n\n\t\n<\/div>\n<div class=\"row\"  id=\"row-1842634701\">\n\n\t<div id=\"col-1875214709\" class=\"col medium-4 small-12 large-4\"  >\n\t\t\t\t<div class=\"col-inner\"  >\n\t\t\t\n\t\t\t\n\t\t<\/div>\n\t\t\t\t\n<style>\n#col-1875214709 > .col-inner {\n  padding: 0px 0px 0px 0px;\n  margin: 0px 0px 0px 0;\n}\n@media (min-width:550px) {\n  #col-1875214709 > .col-inner {\n    margin: 0px 0px 0px 155px;\n  }\n}\n<\/style>\n\t<\/div>\n\n\t\n\n\t<div id=\"col-1581466307\" class=\"col medium-4 small-12 large-4\"  >\n\t\t\t\t<div class=\"col-inner\"  >\n\t\t\t\n\t\t\t\n\t\t<\/div>\n\t\t\t\t\n<style>\n#col-1581466307 > .col-inner {\n  margin: 0px 0px 0px 0;\n}\n@media (min-width:550px) {\n  #col-1581466307 > .col-inner {\n    margin: 0px 0px 0px 155px;\n  }\n}\n<\/style>\n\t<\/div>\n\n\t\n<\/div>\n\t\t<\/div>\n\t\t\t\t\t<\/div>\n\n\t\n<\/div>\n<div class=\"row row-collapse row-full-width align-center\"  id=\"row-1396349429\">\n\n\t<div id=\"col-486920760\" class=\"col small-12 large-12\"  >\n\t\t\t\t<div class=\"col-inner\" style=\"background-color:#446084;\" >\n\t\t\t\n\t\t\t\n<div class=\"row row-collapse row-full-width align-middle\"  id=\"row-99220341\">\n\n\t<div id=\"col-287572088\" class=\"col medium-7 small-12 large-6\"  >\n\t\t\t\t<div class=\"col-inner dark\" style=\"background-color:rgb(68, 96, 132);\" >\n\t\t\t\n\t\t\t\n\t<div id=\"gap-1783284045\" class=\"gap-element clearfix hide-for-small\" style=\"display:block; height:auto;\">\n\t\t\n<style>\n#gap-1783284045 {\n  padding-top: 50px;\n}\n@media (min-width:550px) {\n  #gap-1783284045 {\n    padding-top: 50px;\n  }\n}\n<\/style>\n\t<\/div>\n\t\n\t<div id=\"text-2786177992\" class=\"text\">\n\t\t\n<h5>L\u00fd do n\u00ean l\u1ef1a ch\u1ecdn <span data-sheets-value=\"{&quot;1&quot;:2,&quot;2&quot;:&quot;T\u1ef1 do s\u00e1ng t\u1ea1o v\u1edbi s\u1ef1 \u0111\u1ea3m b\u1ea3o c\u1ee7a Nh\u00e0 m\u00e1y Nh\u00f4m VietEco l\u00e0 ng\u01b0\u1eddi l\u00ean \u00fd t\u01b0\u1edfng, thi\u1ebft k\u1ebf nh\u1eefng c\u00f4ng tr\u00ecnh b\u1ea1n lu\u00f4n mong mu\u1ed1n nh\u1eefng s\u00e1ng t\u1ea1o c\u1ee7a b\u1ea1n th\u00e0nh hi\u1ec7n th\u1ef1c. B\u1ea1n g\u00e2y \u1ea5n t\u01b0\u1ee3ng b\u1edfi nh\u1eefng thi\u1ebft k\u1ebf ho\u00e0n h\u1ea3o, nh\u1eefng thi\u1ebft k\u1ebf v\u00f4 c\u00f9ng h\u1eefu \u00edch nh\u01b0ng \u0111\u00f4i khi b\u1ea1n ph\u1ea3i t\u1eeb b\u1ecf v\u00ec ch\u01b0a t\u00ecm \u0111\u01b0\u1ee3c m\u1ed9t \u0111\u1ed1i t\u00e1c \u0111\u1ec3 g\u1eedi g\u1eafm. \u0110\u00e2y ch\u00ednh l\u00e0 l\u00fd do b\u1ea1n c\u1ea7n m\u1ed9t \u0111\u1ed1i t\u00e1c tin c\u1eady nh\u01b0 ch\u00fang t\u00f4i. Nh\u00e0 m\u00e1y Nh\u00f4m VietEco gi\u00fap c\u00e1c Ki\u1ebfn Tr\u00fac S\u01b0 hi\u1ec7n th\u1ef1c thi\u1ebft k\u1ebf v\u1edbi s\u1ea3n ph\u1ea9m thanh nh\u00f4m \u0111\u1ecbnh h\u00ecnh th\u1ea9m m\u1ef9 v\u00e0 ch\u1ea5t l\u01b0\u1ee3ng cao. &quot;}\" data-sheets-userformat=\"{&quot;2&quot;:957,&quot;3&quot;:{&quot;1&quot;:0},&quot;5&quot;:{&quot;1&quot;:&#091;{&quot;1&quot;:2,&quot;2&quot;:0,&quot;5&quot;:{&quot;1&quot;:2,&quot;2&quot;:0}},{&quot;1&quot;:0,&quot;2&quot;:0,&quot;3&quot;:3},{&quot;1&quot;:1,&quot;2&quot;:0,&quot;4&quot;:1}&#093;},&quot;6&quot;:{&quot;1&quot;:&#091;{&quot;1&quot;:2,&quot;2&quot;:0,&quot;5&quot;:{&quot;1&quot;:2,&quot;2&quot;:0}},{&quot;1&quot;:0,&quot;2&quot;:0,&quot;3&quot;:3},{&quot;1&quot;:1,&quot;2&quot;:0,&quot;4&quot;:1}&#093;},&quot;7&quot;:{&quot;1&quot;:&#091;{&quot;1&quot;:2,&quot;2&quot;:0,&quot;5&quot;:{&quot;1&quot;:2,&quot;2&quot;:0}},{&quot;1&quot;:0,&quot;2&quot;:0,&quot;3&quot;:3},{&quot;1&quot;:1,&quot;2&quot;:0,&quot;4&quot;:1}&#093;},&quot;8&quot;:{&quot;1&quot;:&#091;{&quot;1&quot;:2,&quot;2&quot;:0,&quot;5&quot;:{&quot;1&quot;:2,&quot;2&quot;:0}},{&quot;1&quot;:0,&quot;2&quot;:0,&quot;3&quot;:3},{&quot;1&quot;:1,&quot;2&quot;:0,&quot;4&quot;:1}&#093;},&quot;10&quot;:1,&quot;11&quot;:4,&quot;12&quot;:0}\" data-sheets-textstyleruns=\"{&quot;1&quot;:0,&quot;2&quot;:{&quot;5&quot;:1}}\uee10{&quot;1&quot;:55}\">Viet Eco Aluminum Factory<\/span>:<\/h5>\n<p><span style=\"font-size: 75%;\">&#8211; Lu\u00f4n lu\u00f4n s\u00e1ng t\u1ea1o, \u0111\u1ed5i m\u1edbi mang \u0111\u1ebfn cho b\u1ea1n nh\u1eefng s\u1ea3n ph\u1ea9m kh\u00f4ng ch\u1ec9 b\u1ec1n b\u1ec9, ch\u1eafc ch\u1eafn m\u00e0 c\u00f2n c\u00f3 gi\u00e1 tr\u1ecb th\u1ea9m m\u1ef9 cao.<\/span><br \/>\n<span style=\"font-size: 75%;\">&#8211; L\u1eafng nghe v\u00e0 hi\u1ec7n th\u1ef1c thi\u1ebft k\u1ebf c\u1ee7a b\u1ea1n, c\u00f9ng b\u1ea1n mang \u0111\u1ebfn s\u1ea3n ph\u1ea9m tuy\u1ec7t v\u1eddi nh\u1ea5t \u0111\u1ebfn kh\u00e1ch h\u00e0ng.<\/span><br \/>\n<span style=\"font-size: 75%;\">&#8211; \u0110\u1ed9i ng\u0169 chuy\u00ean gia nghi\u00ean c\u1ee9u v\u00e0 ph\u00e1t tri\u1ec3n s\u1ea3n ph\u1ea9m h\u00e0ng \u0111\u1ea7u t\u1ea1i Vi\u1ec7t Nam, t\u1eeb \u0111\u00f3 mang \u0111\u1ebfn s\u1ea3n ph\u1ea9m nh\u00f4m thanh \u0111\u1ecbnh h\u00ecnh ch\u1ea5t l\u01b0\u1ee3ng cao.<\/span><br \/>\n<span style=\"font-size: 75%;\">&#8211; Tr\u1ef1c quan s\u1ea3n ph\u1ea9m v\u1edbi \u0111\u1ea7y \u0111\u1ee7 th\u00f4ng tin t\u1ea1i Showroom Chi\u1ebfn Th\u1eafng. Lu\u00f4n mang \u0111\u1ebfn nh\u1eefng th\u00f4ng tin v\u00e0 t\u01b0 v\u1ea5n cho thi\u1ebft k\u1ebf c\u1ee7a b\u1ea1n. <\/span><\/p>\n\t\t\n<style>\n#text-2786177992 {\n  font-size: 1.05rem;\n}\n@media (min-width:550px) {\n  #text-2786177992 {\n    font-size: 1rem;\n  }\n}\n<\/style>\n\t<\/div>\n\t\n<a class=\"button secondary\"  style=\"border-radius:8px;padding:7px 30px 7px 30px;\">\n    <span>T\u00ccM HI\u1ec2U TH\u00caM<\/span>\n  <\/a>\n\n\t<div id=\"gap-1827413613\" class=\"gap-element clearfix hide-for-small\" style=\"display:block; height:auto;\">\n\t\t\n<style>\n#gap-1827413613 {\n  padding-top: 50px;\n}\n@media (min-width:550px) {\n  #gap-1827413613 {\n    padding-top: 50px;\n  }\n}\n<\/style>\n\t<\/div>\n\t\n\t\t<\/div>\n\t\t\t\t\n<style>\n#col-287572088 > .col-inner {\n  padding: 20% 0px 20% 3%;\n}\n@media (min-width:550px) {\n  #col-287572088 > .col-inner {\n    padding: 0px 0px 0px 3%;\n  }\n}\n@media (min-width:850px) {\n  #col-287572088 > .col-inner {\n    padding: 0px 10% 0px 15%;\n  }\n}\n<\/style>\n\t<\/div>\n\n\t\n\n\t<div id=\"col-632945018\" class=\"col medium-5 small-12 large-6\"  >\n\t\t\t\t<div class=\"col-inner\" style=\"background-color:#446084;\" >\n\t\t\t\n\t\t\t\n\n  <div class=\"banner has-hover\" id=\"banner-809618246\">\n          <div class=\"banner-inner fill\">\n        <div class=\"banner-bg fill\" >\n            <div class=\"bg fill bg-fill\"><\/div>\n                                    \n                    <\/div>\n\t\t\n        <div class=\"banner-layers container\">\n            <div class=\"fill banner-link\"><\/div>            \n   <div id=\"text-box-1431898621\" class=\"text-box banner-layer x50 md-x50 lg-x50 y50 md-y50 lg-y50 res-text\">\n                                <div class=\"text-box-content text dark\">\n              \n              <div class=\"text-inner text-center\">\n                  \n              <\/div>\n           <\/div>\n                            \n<style>\n#text-box-1431898621 {\n  width: 60%;\n}\n#text-box-1431898621 .text-box-content {\n  font-size: 100%;\n}\n@media (min-width:550px) {\n  #text-box-1431898621 {\n    width: 60%;\n  }\n}\n<\/style>\n    <\/div>\n \n        <\/div>\n      <\/div>\n\n            \n<style>\n#banner-809618246 {\n  padding-top: 350px;\n  background-color: rgba(255, 255, 255, 0);\n}\n#banner-809618246 .bg.bg-loaded {\n  background-image: url(https:\/\/vieteco.com\/wp-content\/uploads\/2023\/11\/DSC02171-scaled.jpg);\n}\n#banner-809618246 .bg {\n  background-position: 47% 47%;\n}\n#banner-809618246 .ux-shape-divider--top svg {\n  height: 150px;\n  --divider-top-width: 100%;\n}\n#banner-809618246 .ux-shape-divider--bottom svg {\n  height: 150px;\n  --divider-width: 100%;\n}\n@media (min-width:550px) {\n  #banner-809618246 {\n    padding-top: 650px;\n  }\n}\n@media (min-width:850px) {\n  #banner-809618246 {\n    padding-top: 500px;\n  }\n}\n<\/style>\n  <\/div>\n\n\n\t\t<\/div>\n\t\t\t\t\t<\/div>\n\n\t\n<\/div>\n\t\t<\/div>\n\t\t\t\t\t<\/div>\n\n\t\n<\/div>","protected":false},"excerpt":{"rendered":"","protected":false},"author":1,"featured_media":0,"parent":0,"menu_order":0,"comment_status":"closed","ping_status":"closed","template":"page-blank.php","meta":{"footnotes":""},"class_list":["post-31","page","type-page","status-publish","hentry"],"yoast_head":"<!-- This site is optimized with the Yoast SEO plugin v24.9 - https:\/\/yoast.com\/wordpress\/plugins\/seo\/ -->\n<title>Ki\u1ebfn tr\u00fac s\u01b0 - C\u00d4NG TY TNHH ALUMINUM VI\u1ec6T ECO<\/title>\n<meta name=\"robots\" content=\"index, follow, max-snippet:-1, max-image-preview:large, max-video-preview:-1\" \/>\n<link rel=\"canonical\" href=\"https:\/\/vieteco.com\/en\/kien-truc-su\/\" \/>\n<meta property=\"og:locale\" content=\"en_US\" \/>\n<meta property=\"og:type\" content=\"article\" \/>\n<meta property=\"og:title\" content=\"Ki\u1ebfn tr\u00fac s\u01b0 - C\u00d4NG TY TNHH ALUMINUM VI\u1ec6T ECO\" \/>\n<meta property=\"og:url\" content=\"https:\/\/vieteco.com\/en\/kien-truc-su\/\" \/>\n<meta property=\"og:site_name\" content=\"C\u00d4NG TY TNHH ALUMINUM VI\u1ec6T ECO\" \/>\n<meta property=\"article:modified_time\" content=\"2024-10-29T04:08:36+00:00\" \/>\n<meta name=\"twitter:card\" content=\"summary_large_image\" \/>\n<meta name=\"twitter:label1\" content=\"Est. reading time\" \/>\n\t<meta name=\"twitter:data1\" content=\"3 minutes\" \/>\n<script type=\"application\/ld+json\" class=\"yoast-schema-graph\">{\"@context\":\"https:\/\/schema.org\",\"@graph\":[{\"@type\":\"WebPage\",\"@id\":\"https:\/\/vieteco.com\/kien-truc-su\/\",\"url\":\"https:\/\/vieteco.com\/kien-truc-su\/\",\"name\":\"Ki\u1ebfn tr\u00fac s\u01b0 - C\u00d4NG TY TNHH ALUMINUM VI\u1ec6T ECO\",\"isPartOf\":{\"@id\":\"https:\/\/vieteco.com\/#website\"},\"datePublished\":\"2022-12-26T09:55:39+00:00\",\"dateModified\":\"2024-10-29T04:08:36+00:00\",\"breadcrumb\":{\"@id\":\"https:\/\/vieteco.com\/kien-truc-su\/#breadcrumb\"},\"inLanguage\":\"en-US\",\"potentialAction\":[{\"@type\":\"ReadAction\",\"target\":[\"https:\/\/vieteco.com\/kien-truc-su\/\"]}]},{\"@type\":\"BreadcrumbList\",\"@id\":\"https:\/\/vieteco.com\/kien-truc-su\/#breadcrumb\",\"itemListElement\":[{\"@type\":\"ListItem\",\"position\":1,\"name\":\"Home\",\"item\":\"https:\/\/vieteco.com\/\"},{\"@type\":\"ListItem\",\"position\":2,\"name\":\"Ki\u1ebfn tr\u00fac s\u01b0\"}]},{\"@type\":\"WebSite\",\"@id\":\"https:\/\/vieteco.com\/#website\",\"url\":\"https:\/\/vieteco.com\/\",\"name\":\"C\u00d4NG TY TNHH ALUMINUM VI\u1ec6T ECO\",\"description\":\"\",\"publisher\":{\"@id\":\"https:\/\/vieteco.com\/#organization\"},\"potentialAction\":[{\"@type\":\"SearchAction\",\"target\":{\"@type\":\"EntryPoint\",\"urlTemplate\":\"https:\/\/vieteco.com\/?s={search_term_string}\"},\"query-input\":{\"@type\":\"PropertyValueSpecification\",\"valueRequired\":true,\"valueName\":\"search_term_string\"}}],\"inLanguage\":\"en-US\"},{\"@type\":\"Organization\",\"@id\":\"https:\/\/vieteco.com\/#organization\",\"name\":\"C\u00d4NG TY TNHH ALUMINUM VI\u1ec6T ECO\",\"url\":\"https:\/\/vieteco.com\/\",\"logo\":{\"@type\":\"ImageObject\",\"inLanguage\":\"en-US\",\"@id\":\"https:\/\/vieteco.com\/#\/schema\/logo\/image\/\",\"url\":\"https:\/\/vieteco.com\/wp-content\/uploads\/2025\/05\/cropped-Logo-VEC-doc-scaled-1.png\",\"contentUrl\":\"https:\/\/vieteco.com\/wp-content\/uploads\/2025\/05\/cropped-Logo-VEC-doc-scaled-1.png\",\"width\":512,\"height\":512,\"caption\":\"C\u00d4NG TY TNHH ALUMINUM VI\u1ec6T ECO\"},\"image\":{\"@id\":\"https:\/\/vieteco.com\/#\/schema\/logo\/image\/\"}}]}<\/script>\n<!-- \/ Yoast SEO plugin. -->","yoast_head_json":{"title":"Ki\u1ebfn tr\u00fac s\u01b0 - C\u00d4NG TY TNHH ALUMINUM VI\u1ec6T ECO","robots":{"index":"index","follow":"follow","max-snippet":"max-snippet:-1","max-image-preview":"max-image-preview:large","max-video-preview":"max-video-preview:-1"},"canonical":"https:\/\/vieteco.com\/en\/kien-truc-su\/","og_locale":"en_US","og_type":"article","og_title":"Ki\u1ebfn tr\u00fac s\u01b0 - C\u00d4NG TY TNHH ALUMINUM VI\u1ec6T ECO","og_url":"https:\/\/vieteco.com\/en\/kien-truc-su\/","og_site_name":"C\u00d4NG TY TNHH ALUMINUM VI\u1ec6T ECO","article_modified_time":"2024-10-29T04:08:36+00:00","twitter_card":"summary_large_image","twitter_misc":{"Est. reading time":"3 minutes"},"schema":{"@context":"https:\/\/schema.org","@graph":[{"@type":"WebPage","@id":"https:\/\/vieteco.com\/kien-truc-su\/","url":"https:\/\/vieteco.com\/kien-truc-su\/","name":"Ki\u1ebfn tr\u00fac s\u01b0 - C\u00d4NG TY TNHH ALUMINUM VI\u1ec6T ECO","isPartOf":{"@id":"https:\/\/vieteco.com\/#website"},"datePublished":"2022-12-26T09:55:39+00:00","dateModified":"2024-10-29T04:08:36+00:00","breadcrumb":{"@id":"https:\/\/vieteco.com\/kien-truc-su\/#breadcrumb"},"inLanguage":"en-US","potentialAction":[{"@type":"ReadAction","target":["https:\/\/vieteco.com\/kien-truc-su\/"]}]},{"@type":"BreadcrumbList","@id":"https:\/\/vieteco.com\/kien-truc-su\/#breadcrumb","itemListElement":[{"@type":"ListItem","position":1,"name":"Home","item":"https:\/\/vieteco.com\/"},{"@type":"ListItem","position":2,"name":"Ki\u1ebfn tr\u00fac s\u01b0"}]},{"@type":"WebSite","@id":"https:\/\/vieteco.com\/#website","url":"https:\/\/vieteco.com\/","name":"C\u00d4NG TY TNHH ALUMINUM VI\u1ec6T ECO","description":"","publisher":{"@id":"https:\/\/vieteco.com\/#organization"},"potentialAction":[{"@type":"SearchAction","target":{"@type":"EntryPoint","urlTemplate":"https:\/\/vieteco.com\/?s={search_term_string}"},"query-input":{"@type":"PropertyValueSpecification","valueRequired":true,"valueName":"search_term_string"}}],"inLanguage":"en-US"},{"@type":"Organization","@id":"https:\/\/vieteco.com\/#organization","name":"C\u00d4NG TY TNHH ALUMINUM VI\u1ec6T ECO","url":"https:\/\/vieteco.com\/","logo":{"@type":"ImageObject","inLanguage":"en-US","@id":"https:\/\/vieteco.com\/#\/schema\/logo\/image\/","url":"https:\/\/vieteco.com\/wp-content\/uploads\/2025\/05\/cropped-Logo-VEC-doc-scaled-1.png","contentUrl":"https:\/\/vieteco.com\/wp-content\/uploads\/2025\/05\/cropped-Logo-VEC-doc-scaled-1.png","width":512,"height":512,"caption":"C\u00d4NG TY TNHH ALUMINUM VI\u1ec6T ECO"},"image":{"@id":"https:\/\/vieteco.com\/#\/schema\/logo\/image\/"}}]}},"_links":{"self":[{"href":"https:\/\/vieteco.com\/en\/wp-json\/wp\/v2\/pages\/31","targetHints":{"allow":["GET"]}}],"collection":[{"href":"https:\/\/vieteco.com\/en\/wp-json\/wp\/v2\/pages"}],"about":[{"href":"https:\/\/vieteco.com\/en\/wp-json\/wp\/v2\/types\/page"}],"author":[{"embeddable":true,"href":"https:\/\/vieteco.com\/en\/wp-json\/wp\/v2\/users\/1"}],"replies":[{"embeddable":true,"href":"https:\/\/vieteco.com\/en\/wp-json\/wp\/v2\/comments?post=31"}],"version-history":[{"count":41,"href":"https:\/\/vieteco.com\/en\/wp-json\/wp\/v2\/pages\/31\/revisions"}],"predecessor-version":[{"id":2317,"href":"https:\/\/vieteco.com\/en\/wp-json\/wp\/v2\/pages\/31\/revisions\/2317"}],"wp:attachment":[{"href":"https:\/\/vieteco.com\/en\/wp-json\/wp\/v2\/media?parent=31"}],"curies":[{"name":"wp","href":"https:\/\/api.w.org\/{rel}","templated":true}]}}